{"id":989,"date":"2023-05-01T21:38:41","date_gmt":"2023-05-01T21:38:41","guid":{"rendered":"https:\/\/gallery-puzic.com\/?page_id=989"},"modified":"2023-05-01T21:38:41","modified_gmt":"2023-05-01T21:38:41","slug":"matthias-brock-et-silke-broesskamp","status":"publish","type":"page","link":"https:\/\/gallery-puzic.com\/en\/matthias-brock-et-silke-broesskamp\/","title":{"rendered":"Matthias Brock et Silke Br\u00f6sskamp"},"content":{"rendered":"<p><\/p>\n\n\n\n<p>La galerie Puzi\u0107 vous invite cordialement au vernissage avec des objets et des dessins de Silke Br\u00f6sskamp et des images de Matthias Brock &#8211; le dimanche 30 avril 2023 \u00e0 17 heures dans la Johannis Strasse 3A, 66111 Sarrebruck.<\/p>\n\n\n\n<p>La nouvelle exposition, Sans titre, jette une ombre sur l&#8217;art contemporain et ses efforts souvent vains pour cr\u00e9er des points de vue moraux ou politiques sur le changement climatique culturel ou les tournants proclam\u00e9s. L&#8217;art \u00e9choue g\u00e9n\u00e9ralement. Et lorsqu&#8217;elle s&#8217;\u00e9vade dans des formes esth\u00e9tiques ou renoue avec des genres anciens, comme le dessin ou la nature morte (Nature Morte), elle est souvent jug\u00e9e p\u00e9jorative voire m\u00e9pris\u00e9e.<\/p>\n\n\n\n<p>Cependant, on pourrait \u00e9galement classer les dessins expos\u00e9s de la s\u00e9rie fragile et triste &#8222;Je ne vois pas&#8220; de Silke Br\u00f6sskamp et les images de fruits trop m\u00fbrs et m\u00e9lancoliques de Matthias Brock comme provocateurs et tr\u00e8s actuels \u00e0 la fois. Parce qu&#8217;ils tournent notre regard vers l&#8217;\u00e9ph\u00e9m\u00e8re et la dystopie, ils se moquent de nous comme de loin, depuis les falaises de marbre d&#8217;Ernst J\u00fcnger, ils botanisent l&#8217;ab\u00eeme et permettent \u00e0 la brutalit\u00e9 laide &#8211; belle ainsi qu&#8217;\u00e0 la d\u00e9composition et \u00e0 la d\u00e9composition biomorphiques d&#8217;appara\u00eetre sensuellement tangibles. Peut &#8211; \u00eatre font &#8211; ils simplement semblant d&#8217;\u00eatre nature morte et se d\u00e9lectent vivement des choses infertiles, en filigrane et pourries. Notre double exposition de deux artistes de Rh\u00e9nanie-du-Nord-Westphalie cache un plaidoyer pour des ph\u00e9nom\u00e8nes idiosyncratiques, une pens\u00e9e lat\u00e9rale dans le brouillard de la rais on, aussi un lapsus sensuel, pour ainsi dire, car les deux cycles de travail revendiquent aussi quelque chose d&#8217;effroyablement f\u00e9erique, empoisonn\u00e9 dans le terrain de nos for\u00eats mourantes, dans les ruines du capitalisme, nos tables jadisdress\u00e9es. Les bell<\/p>\n\n\n\n<p>es ann\u00e9es sont finies&#8230;<\/p>\n\n\n\n<div style=\"height:100px\" aria-hidden=\"true\" class=\"wp-block-spacer\"><\/div>\n\n\n\n<div class=\"wp-block-columns alignwide are-vertically-aligned-center is-layout-flex wp-container-core-columns-is-layout-28f84493 wp-block-columns-is-layout-flex\">\n<div class=\"wp-block-column is-vertically-aligned-center is-layout-flow wp-block-column-is-layout-flow\">\n<figure class=\"wp-block-image aligncenter size-full\"><img fetchpriority=\"high\" decoding=\"async\" width=\"314\" height=\"232\" src=\"https:\/\/gallery-puzic.com\/wp-content\/uploads\/2023\/04\/Matthias-Brock-Malerei-20.jpg\" alt=\"Matthias Brock\" class=\"wp-image-936\" srcset=\"https:\/\/gallery-puzic.com\/wp-content\/uploads\/2023\/04\/Matthias-Brock-Malerei-20.jpg 314w, https:\/\/gallery-puzic.com\/wp-content\/uploads\/2023\/04\/Matthias-Brock-Malerei-20-300x222.jpg 300w\" sizes=\"(max-width: 314px) 100vw, 314px\" \/><\/figure>\n<\/div>\n\n\n\n<div class=\"wp-block-column is-vertically-aligned-center is-layout-flow wp-block-column-is-layout-flow\">\n<h3 class=\"wp-block-heading\"><strong>Matthias Brock<\/strong><\/h3>\n\n\n\n<p>&#8222;Und Fr\u00fcchte will ich kaufen, Fr\u00fcchte, drin das Land noch einmal ist, bis an den Himmel. Denn Das verstandest du: die vollen Fr\u00fcchte. Die legtest du auf Schalen vor dich hin und wogst mit Farben ihre Schwere auf.\u201c<\/p>\n\n\n\n<p>Aus: R. M. Rilke \u201eRequiem (F\u00fcr eine Freundin)\u201c<\/p>\n\n\n\n<p>Diese auf Paula Modersohn-Becker gedichteten Verse sprechen aus, was ich in meine Frucht-Bilder zu legen suche: Die Quintessenz eines Landes, einer Landschaft, zusammengeballt, aber gleichzeitig gro\u00df bis an den Himmel; die F\u00fclle als Lobpreis des Lebens und des Sinnengenusses; die Schwere als Gewicht und Bedeutsamkeit der Substanz, die in ihrem Kern den Keim des Todes wie des Neuanfangs birgt.<\/p>\n\n\n\n<p class=\"has-contrast-color has-text-color has-link-color wp-elements-57bd5a0e00479a075c04750254829670\"><a href=\"http:\/\/www.brock.art\" data-type=\"URL\" data-id=\"www.brock.art\">www.brock.art<\/a><\/p>\n<\/div>\n<\/div>\n\n\n\n<div style=\"height:100px\" aria-hidden=\"true\" class=\"wp-block-spacer\"><\/div>\n\n\n\n<div class=\"wp-block-columns alignwide are-vertically-aligned-center is-layout-flex wp-container-core-columns-is-layout-28f84493 wp-block-columns-is-layout-flex\">\n<div class=\"wp-block-column is-vertically-aligned-center is-layout-flow wp-block-column-is-layout-flow\">\n<figure class=\"wp-block-image aligncenter size-full\"><img decoding=\"async\" width=\"315\" height=\"230\" src=\"https:\/\/gallery-puzic.com\/wp-content\/uploads\/2023\/04\/Silke-Broesskamp_1.jpg\" alt=\"Silke Br\u00f6sskamp\" class=\"wp-image-937\" srcset=\"https:\/\/gallery-puzic.com\/wp-content\/uploads\/2023\/04\/Silke-Broesskamp_1.jpg 315w, https:\/\/gallery-puzic.com\/wp-content\/uploads\/2023\/04\/Silke-Broesskamp_1-300x219.jpg 300w\" sizes=\"(max-width: 315px) 100vw, 315px\" \/><\/figure>\n<\/div>\n\n\n\n<div class=\"wp-block-column is-vertically-aligned-center is-layout-flow wp-block-column-is-layout-flow\">\n<h3 class=\"wp-block-heading\"><strong>Silke Br\u00f6sskamp<\/strong><\/h3>\n\n\n\n<p>Silke Br\u00f6sskamps ortsbezogene Raumskulpturen, Objekte und serielle Zeichnungen entstehen immer wieder im Zusammenspiel von Planung, Zufall und Offenheit &#8211; ausgel\u00f6st durch Alltagsbeobachtungen, Filme, Bilder, emotionalen Erlebnisse. Die Serie <em>I feel to see<\/em> spiegelt ihre Faszination von Sch\u00f6nheit und Brutalit\u00e4t der Zerst\u00f6rung einheimischer W\u00e4lder.<\/p>\n\n\n\n<p>Silke Br\u00f6sskamp studierte Visuelle Kommunikation, dann Freie Kunst an der Kunstakademie in M\u00fcnster bei Reiner Ruthenbeck und als Meistersch\u00fclerin von Kathrina Fritsch. Ihre Arbeiten waren bereits in zahlreichen Einzel- und Gruppenausstellungen zu sehen und wurden mehrfach ausgezeichnet.<\/p>\n\n\n\n<p class=\"has-contrast-color has-text-color has-link-color wp-elements-4e349a9f5c290bc018a7548ac8394759\"><a href=\"http:\/\/www.silkebroesskamp.de\" data-type=\"URL\" data-id=\"www.silkebroesskamp.de\">www.silkebroesskamp.de<\/a><\/p>\n<\/div>\n<\/div>\n\n\n\n<div style=\"height:100px\" aria-hidden=\"true\" class=\"wp-block-spacer\"><\/div>","protected":false},"excerpt":{"rendered":"<p>La galerie Puzi\u0107 vous invite cordialement au vernissage avec des objets et des dessins de Silke Br\u00f6sskamp et des images de Matthias Brock &#8211; le dimanche 30 avril 2023 \u00e0 17 heures dans la Johannis Strasse 3A, 66111 Sarrebruck. La nouvelle exposition, Sans titre, jette une ombre sur l&#8217;art contemporain et ses efforts souvent vains [&hellip;]<\/p>\n","protected":false},"author":1,"featured_media":0,"parent":0,"menu_order":0,"comment_status":"closed","ping_status":"closed","template":"","meta":{"footnotes":""},"class_list":["post-989","page","type-page","status-publish","hentry"],"_links":{"self":[{"href":"https:\/\/gallery-puzic.com\/en\/wp-json\/wp\/v2\/pages\/989","targetHints":{"allow":["GET"]}}],"collection":[{"href":"https:\/\/gallery-puzic.com\/en\/wp-json\/wp\/v2\/pages"}],"about":[{"href":"https:\/\/gallery-puzic.com\/en\/wp-json\/wp\/v2\/types\/page"}],"author":[{"embeddable":true,"href":"https:\/\/gallery-puzic.com\/en\/wp-json\/wp\/v2\/users\/1"}],"replies":[{"embeddable":true,"href":"https:\/\/gallery-puzic.com\/en\/wp-json\/wp\/v2\/comments?post=989"}],"version-history":[{"count":1,"href":"https:\/\/gallery-puzic.com\/en\/wp-json\/wp\/v2\/pages\/989\/revisions"}],"predecessor-version":[{"id":990,"href":"https:\/\/gallery-puzic.com\/en\/wp-json\/wp\/v2\/pages\/989\/revisions\/990"}],"wp:attachment":[{"href":"https:\/\/gallery-puzic.com\/en\/wp-json\/wp\/v2\/media?parent=989"}],"curies":[{"name":"wp","href":"https:\/\/api.w.org\/{rel}","templated":true}]}}