{"id":986,"date":"2023-05-01T18:11:58","date_gmt":"2023-05-01T18:11:58","guid":{"rendered":"https:\/\/gallery-puzic.com\/?page_id=986"},"modified":"2023-05-01T18:11:58","modified_gmt":"2023-05-01T18:11:58","slug":"matthias-brock-and-silke-broesskamp","status":"publish","type":"page","link":"https:\/\/gallery-puzic.com\/en\/matthias-brock-and-silke-broesskamp\/","title":{"rendered":"Matthias Brock and Silke Br\u00f6sskamp"},"content":{"rendered":"<p><strong>Gallery Puzi\u0107 cordially invites you to the opening of its new exhubition with objects and drawings by Silke Br\u00f6sskamp, and paintings by Matthias Brock, on Sunday, April 30, 2023 at 5 p.m. in Johannis Strasse 3A, 66111 Saarbr\u00fccken.<\/strong><\/p>\n\n\n\n<p>The new exhibition, Untitled, casts a shadow over contemporary art and its often futile efforts to create moral or political standpoints on cultural climate change or the proclaimed crisis turning points. Art usually fails. And when it escapes into aesthetic forms or revives old genres, such as drawings or still lives (Nature Morte), it is often judged in a derogatory manner, or even disregarded.<\/p>\n\n\n\n<p>However, one could also classify the exhibited drawings of Silke Br\u00f6sskamp&#8217;s fragile &#8211; sad series \u201eI fail to see\u201c and the overripe, melancholy fruit paintings by Matthias Brock as provocative and highly topical at the same time. Because they turn our gaze to transience and dystopia, they laugh at us as if from afar, from Ernst J\u00fcnger&#8217;s marble cliffs, they botanize close to the abyss and allow ugly &#8211; beautiful brutality as well as biomorphic decay and rottenness to appear sensually tangible. Perhaps they are just pretending to be nature morte, and are vividly reveling in the infertile, filigree, rotten things, drawn out as if forensic artefacts of a mysterious crime scene. Our double exhibition by two artists from North Rhine Westphalia conceals a plea for idiosyncratic phenomena, a lateral thinking in the fog of reason, also a sense lapse, so to speak, because both work cycles also claim something frighteningly fairytale \u2013 poisonous stuff in the terrain of our dying forests, in the ruins of capitalism, our formerly opulently decked tables. The fat years are over&#8230;<\/p>\n\n\n\n<div style=\"height:100px\" aria-hidden=\"true\" class=\"wp-block-spacer\"><\/div>\n\n\n\n<div class=\"wp-block-columns alignwide are-vertically-aligned-center is-layout-flex wp-container-core-columns-is-layout-28f84493 wp-block-columns-is-layout-flex\">\n<div class=\"wp-block-column is-vertically-aligned-center is-layout-flow wp-block-column-is-layout-flow\">\n<figure class=\"wp-block-image aligncenter size-full\"><img fetchpriority=\"high\" decoding=\"async\" width=\"314\" height=\"232\" src=\"https:\/\/gallery-puzic.com\/wp-content\/uploads\/2023\/04\/Matthias-Brock-Malerei-20.jpg\" alt=\"Matthias Brock\" class=\"wp-image-936\" srcset=\"https:\/\/gallery-puzic.com\/wp-content\/uploads\/2023\/04\/Matthias-Brock-Malerei-20.jpg 314w, https:\/\/gallery-puzic.com\/wp-content\/uploads\/2023\/04\/Matthias-Brock-Malerei-20-300x222.jpg 300w\" sizes=\"(max-width: 314px) 100vw, 314px\" \/><\/figure>\n<\/div>\n\n\n\n<div class=\"wp-block-column is-vertically-aligned-center is-layout-flow wp-block-column-is-layout-flow\">\n<h3 class=\"wp-block-heading\"><strong>Matthias Brock<\/strong><\/h3>\n\n\n\n<p>&#8222;Und Fr\u00fcchte will ich kaufen, Fr\u00fcchte, drin das Land noch einmal ist, bis an den Himmel. Denn Das verstandest du: die vollen Fr\u00fcchte. Die legtest du auf Schalen vor dich hin und wogst mit Farben ihre Schwere auf.\u201c<\/p>\n\n\n\n<p>Aus: R. M. Rilke \u201eRequiem (F\u00fcr eine Freundin)\u201c<\/p>\n\n\n\n<p>These verses poetically dedicated to Paula Modersohn-Becker express what I try to put into my fruit pictures: the quintessence of a country, of a landscape, concentrated, but at the same time large up to the sky; the abundance as a praise of life and the enjoyment of the senses; the heaviness as the weight and significance of the substance, which in its core contains the seed of death as well as of a new beginning.<\/p>\n\n\n\n<p class=\"has-contrast-color has-text-color has-link-color wp-elements-57bd5a0e00479a075c04750254829670\"><a href=\"http:\/\/www.brock.art\" data-type=\"URL\" data-id=\"www.brock.art\">www.brock.art<\/a><\/p>\n<\/div>\n<\/div>\n\n\n\n<div style=\"height:100px\" aria-hidden=\"true\" class=\"wp-block-spacer\"><\/div>\n\n\n\n<div class=\"wp-block-columns alignwide are-vertically-aligned-center is-layout-flex wp-container-core-columns-is-layout-28f84493 wp-block-columns-is-layout-flex\">\n<div class=\"wp-block-column is-vertically-aligned-center is-layout-flow wp-block-column-is-layout-flow\">\n<figure class=\"wp-block-image aligncenter size-full\"><img decoding=\"async\" width=\"315\" height=\"230\" src=\"https:\/\/gallery-puzic.com\/wp-content\/uploads\/2023\/04\/Silke-Broesskamp_1.jpg\" alt=\"Silke Br\u00f6sskamp\" class=\"wp-image-937\" srcset=\"https:\/\/gallery-puzic.com\/wp-content\/uploads\/2023\/04\/Silke-Broesskamp_1.jpg 315w, https:\/\/gallery-puzic.com\/wp-content\/uploads\/2023\/04\/Silke-Broesskamp_1-300x219.jpg 300w\" sizes=\"(max-width: 315px) 100vw, 315px\" \/><\/figure>\n<\/div>\n\n\n\n<div class=\"wp-block-column is-vertically-aligned-center is-layout-flow wp-block-column-is-layout-flow\">\n<h3 class=\"wp-block-heading\"><strong>Silke Br\u00f6sskamp<\/strong><\/h3>\n\n\n\n<p>Silke Br\u00f6sskamp&#8217;s site-specific spatial sculptures, objects and serial drawings are always created through the interplay of planning, chance and openness &#8211; triggered by everyday observations, films, images, emotional experiences. The series I feel to see reflects her fascination with the beauty and brutality of the destruction of native forests.<\/p>\n\n\n\n<p>Silke Br\u00f6sskamp studied visual communication, then free art at the art academy in M\u00fcnster with Reiner Ruthenbeck and as a master student of Kathrina Fritsch. Her works have already been shown in numerous solo and group exhibitions and have received several awards.<\/p>\n\n\n\n<p class=\"has-contrast-color has-text-color has-link-color wp-elements-4e349a9f5c290bc018a7548ac8394759\"><a href=\"http:\/\/www.silkebroesskamp.de\" data-type=\"URL\" data-id=\"www.silkebroesskamp.de\">www.silkebroesskamp.de<\/a><\/p>\n<\/div>\n<\/div>\n\n\n\n<div style=\"height:100px\" aria-hidden=\"true\" class=\"wp-block-spacer\"><\/div>","protected":false},"excerpt":{"rendered":"<p>Gallery Puzi\u0107 cordially invites you to the opening of its new exhubition with objects and drawings by Silke Br\u00f6sskamp, and paintings by Matthias Brock, on Sunday, April 30, 2023 at 5 p.m. in Johannis Strasse 3A, 66111 Saarbr\u00fccken. The new exhibition, Untitled, casts a shadow over contemporary art and its often futile efforts to create [&hellip;]<\/p>\n","protected":false},"author":1,"featured_media":0,"parent":0,"menu_order":0,"comment_status":"closed","ping_status":"closed","template":"","meta":{"footnotes":""},"class_list":["post-986","page","type-page","status-publish","hentry"],"_links":{"self":[{"href":"https:\/\/gallery-puzic.com\/en\/wp-json\/wp\/v2\/pages\/986","targetHints":{"allow":["GET"]}}],"collection":[{"href":"https:\/\/gallery-puzic.com\/en\/wp-json\/wp\/v2\/pages"}],"about":[{"href":"https:\/\/gallery-puzic.com\/en\/wp-json\/wp\/v2\/types\/page"}],"author":[{"embeddable":true,"href":"https:\/\/gallery-puzic.com\/en\/wp-json\/wp\/v2\/users\/1"}],"replies":[{"embeddable":true,"href":"https:\/\/gallery-puzic.com\/en\/wp-json\/wp\/v2\/comments?post=986"}],"version-history":[{"count":1,"href":"https:\/\/gallery-puzic.com\/en\/wp-json\/wp\/v2\/pages\/986\/revisions"}],"predecessor-version":[{"id":987,"href":"https:\/\/gallery-puzic.com\/en\/wp-json\/wp\/v2\/pages\/986\/revisions\/987"}],"wp:attachment":[{"href":"https:\/\/gallery-puzic.com\/en\/wp-json\/wp\/v2\/media?parent=986"}],"curies":[{"name":"wp","href":"https:\/\/api.w.org\/{rel}","templated":true}]}}