{"id":971,"date":"2023-04-28T15:24:03","date_gmt":"2023-04-28T15:24:03","guid":{"rendered":"https:\/\/gallery-puzic.com\/?page_id=971"},"modified":"2023-04-28T15:29:56","modified_gmt":"2023-04-28T15:29:56","slug":"digitaler-briefkasten","status":"publish","type":"page","link":"https:\/\/gallery-puzic.com\/en\/digitaler-briefkasten\/","title":{"rendered":"Digitaler Briefkasten"},"content":{"rendered":"\n<div style=\"height:50px\" aria-hidden=\"true\" class=\"wp-block-spacer\"><\/div>\n\n\n\n<p class=\"has-text-align-center\" style=\"font-size:20px\"><strong>Wohin d\u00fcrfen wir Ihre pers\u00f6nliche Einladung senden?<\/strong><\/p>\n\n\n\n<p class=\"has-text-align-center\">Wir m\u00f6chten Sie gerne pers\u00f6nlich zu bevorstehenden Veranstaltungen einladen und \u00fcber neue und interessante Ausstellungen Informieren.<\/p>\n\n\n\n<div class=\"wp-block-columns alignwide is-layout-flex wp-container-core-columns-is-layout-28f84493 wp-block-columns-is-layout-flex\">\n<div class=\"wp-block-column is-layout-flow wp-block-column-is-layout-flow\"><\/div>\n\n\n\n<div class=\"wp-block-column is-layout-flow wp-block-column-is-layout-flow\"><div class=\"wpforms-container wpforms-container-full wpforms-block wpforms-block-f71b5c62-95e3-4b2f-aee9-71bdb6be5eb1\" id=\"wpforms-487\"><form id=\"wpforms-form-487\" class=\"wpforms-validate wpforms-form wpforms-ajax-form\" data-formid=\"487\" method=\"post\" enctype=\"multipart\/form-data\" action=\"\/en\/wp-json\/wp\/v2\/pages\/971\" data-token=\"d21a2cdbff6f6fefb91ccac4aefb364f\" data-token-time=\"1777742442\"><noscript class=\"wpforms-error-noscript\">Please enable JavaScript in your browser to complete this form.<\/noscript><div class=\"wpforms-field-container\"><div id=\"wpforms-487-field_0-container\" class=\"wpforms-field wpforms-field-name\" data-field-id=\"0\"><label class=\"wpforms-field-label\">Name <span class=\"wpforms-required-label\">*<\/span><\/label><div class=\"wpforms-field-row wpforms-field-medium\"><div class=\"wpforms-field-row-block wpforms-first wpforms-one-half\"><input type=\"text\" id=\"wpforms-487-field_0\" class=\"wpforms-field-name-first wpforms-field-required\" name=\"wpforms[fields][0][first]\" required><label for=\"wpforms-487-field_0\" class=\"wpforms-field-sublabel after\">First<\/label><\/div><div class=\"wpforms-field-row-block wpforms-one-half\"><input type=\"text\" id=\"wpforms-487-field_0-last\" class=\"wpforms-field-name-last wpforms-field-required\" name=\"wpforms[fields][0][last]\" required><label for=\"wpforms-487-field_0-last\" class=\"wpforms-field-sublabel after\">Last<\/label><\/div><\/div><\/div><div id=\"wpforms-487-field_1-container\" class=\"wpforms-field wpforms-field-email\" data-field-id=\"1\"><label class=\"wpforms-field-label\" for=\"wpforms-487-field_1\">E-Mail <span class=\"wpforms-required-label\">*<\/span><\/label><input type=\"email\" id=\"wpforms-487-field_1\" class=\"wpforms-field-medium wpforms-field-required\" name=\"wpforms[fields][1]\" spellcheck=\"false\" required><\/div><\/div><!-- .wpforms-field-container --><div class=\"wpforms-submit-container\" ><input type=\"hidden\" name=\"wpforms[id]\" value=\"487\"><input type=\"hidden\" name=\"page_title\" value=\"\"><input type=\"hidden\" name=\"page_url\" value=\"https:\/\/gallery-puzic.com\/en\/wp-json\/wp\/v2\/pages\/971\"><input type=\"hidden\" name=\"url_referer\" value=\"\"><button type=\"submit\" name=\"wpforms[submit]\" id=\"wpforms-submit-487\" class=\"wpforms-submit\" data-alt-text=\"Senden\u2026\" data-submit-text=\"Absenden\" aria-live=\"assertive\" value=\"wpforms-submit\">Absenden<\/button><img decoding=\"async\" src=\"https:\/\/gallery-puzic.com\/wp-content\/plugins\/wpforms-lite\/assets\/images\/submit-spin.svg\" class=\"wpforms-submit-spinner\" style=\"display: none;\" width=\"26\" height=\"26\" alt=\"Loading\"><\/div><\/form><\/div>  <!-- .wpforms-container --><\/div>\n\n\n\n<div class=\"wp-block-column is-layout-flow wp-block-column-is-layout-flow\"><\/div>\n<\/div>\n\n\n\n<figure class=\"wp-block-image size-large\"><img fetchpriority=\"high\" decoding=\"async\" width=\"1024\" height=\"768\" src=\"https:\/\/gallery-puzic.com\/wp-content\/uploads\/2023\/03\/Landing-Page-1024x768.jpg\" alt=\"\" class=\"wp-image-760\" srcset=\"https:\/\/gallery-puzic.com\/wp-content\/uploads\/2023\/03\/Landing-Page-1024x768.jpg 1024w, https:\/\/gallery-puzic.com\/wp-content\/uploads\/2023\/03\/Landing-Page-300x225.jpg 300w, https:\/\/gallery-puzic.com\/wp-content\/uploads\/2023\/03\/Landing-Page-768x576.jpg 768w, https:\/\/gallery-puzic.com\/wp-content\/uploads\/2023\/03\/Landing-Page-1536x1152.jpg 1536w, https:\/\/gallery-puzic.com\/wp-content\/uploads\/2023\/03\/Landing-Page-2048x1536.jpg 2048w\" sizes=\"(max-width: 1024px) 100vw, 1024px\" \/><\/figure>\n\n\n\n<div style=\"height:100px\" aria-hidden=\"true\" class=\"wp-block-spacer\"><\/div>\n","protected":false},"excerpt":{"rendered":"<p>Wohin d\u00fcrfen wir Ihre pers\u00f6nliche Einladung senden? Wir m\u00f6chten Sie gerne pers\u00f6nlich zu bevorstehenden Veranstaltungen einladen und \u00fcber neue und interessante Ausstellungen Informieren.<\/p>","protected":false},"author":1,"featured_media":0,"parent":0,"menu_order":0,"comment_status":"closed","ping_status":"closed","template":"","meta":{"footnotes":""},"class_list":["post-971","page","type-page","status-publish","hentry"],"_links":{"self":[{"href":"https:\/\/gallery-puzic.com\/en\/wp-json\/wp\/v2\/pages\/971","targetHints":{"allow":["GET"]}}],"collection":[{"href":"https:\/\/gallery-puzic.com\/en\/wp-json\/wp\/v2\/pages"}],"about":[{"href":"https:\/\/gallery-puzic.com\/en\/wp-json\/wp\/v2\/types\/page"}],"author":[{"embeddable":true,"href":"https:\/\/gallery-puzic.com\/en\/wp-json\/wp\/v2\/users\/1"}],"replies":[{"embeddable":true,"href":"https:\/\/gallery-puzic.com\/en\/wp-json\/wp\/v2\/comments?post=971"}],"version-history":[{"count":8,"href":"https:\/\/gallery-puzic.com\/en\/wp-json\/wp\/v2\/pages\/971\/revisions"}],"predecessor-version":[{"id":984,"href":"https:\/\/gallery-puzic.com\/en\/wp-json\/wp\/v2\/pages\/971\/revisions\/984"}],"wp:attachment":[{"href":"https:\/\/gallery-puzic.com\/en\/wp-json\/wp\/v2\/media?parent=971"}],"curies":[{"name":"wp","href":"https:\/\/api.w.org\/{rel}","templated":true}]}}