{"id":925,"date":"2023-04-13T15:59:39","date_gmt":"2023-04-13T15:59:39","guid":{"rendered":"https:\/\/gallery-puzic.com\/?page_id=925"},"modified":"2023-09-28T10:50:03","modified_gmt":"2023-09-28T10:50:03","slug":"matthias-brock-silke-broesskamp","status":"publish","type":"page","link":"https:\/\/gallery-puzic.com\/en\/matthias-brock-silke-broesskamp\/","title":{"rendered":"Matthias Brock und Silke Br\u00f6sskamp"},"content":{"rendered":"<p class=\"has-contrast-color has-text-color has-link-color wp-elements-1849d1967a15ca05b32eeca45f25289b\"><a href=\"https:\/\/gallery-puzic.com\/en\/matthias-brock-and-silke-broesskamp\/\" data-type=\"URL\" data-id=\"https:\/\/gallery-puzic.com\/matthias-brock-and-silke-broesskamp\/\">englisch version<\/a>  <a href=\"https:\/\/gallery-puzic.com\/en\/matthias-brock-et-silke-broesskamp\/\" data-type=\"URL\" data-id=\"https:\/\/gallery-puzic.com\/matthias-brock-et-silke-broesskamp\/\">french version<\/a><\/p>\n\n\n\n<p><br>Die neue Ausstellung, \u201eOhne Titel\u201c, wirft Schatten auf die gegenw\u00e4rtige Kunst und ihre oft vergeblichen Anstrengungen, moralische oder politische Standpunkte zum kulturellen Klimawandel oder den verk\u00fcndeten Zeitenwenden zu schaffen. Die Kunst versagt meistens. Und wenn sie Fluchtbewegungen in \u00e4sthetische Formensprachen unternimmt, oder alte Genres wiederaufleben l\u00e4sst, so wie Zeichnung oder Stillleben (Nature Morte), dann wird sie oft abf\u00e4llig bewertet oder gar missachtet. <\/p>\n\n\n\n<p>Allerdings k\u00f6nnte man die ausgestellten Zeichnungen der fragil-traurigen Serie \u201eI fail to see\u201c von Silke Br\u00f6sskamp, und die \u00fcberreifen, schwerm\u00fctigen Frucht-Bilder von Matthias Brock, auch gleichsam provozierend und hochaktuell einstufen. Denn sie wenden unsere Blicke der Verg\u00e4nglichheit und der Dystopie zu, sie lachen uns an, wie von weitem, von Ernst J\u00fcngers Marmorklippen, sie botanisieren am Abgrund und lassen h\u00e4sslich-sch\u00f6ne Brutalit\u00e4t wie auch biomorphen Zerfall und F\u00e4ulnis sinnlich erlebbar erscheinen. Vielleicht t\u00e4uschen sie nature morte nur vor, und verzeichnen lebhaft schwelgend Unfruchtbares, filigran Verrottetes. Unsere Doppelausstellung zweier K\u00fcnstler:innen aus Nordrhein-Westfalen verbirgt ein Pl\u00e4doyer f\u00fcr eigensinnige Ph\u00e4nomene, ein Querdenken im Nebel der Vernunft, auch ein Sinnenverfallen sozusagen, denn beide Werkzyklen behaupten auch etwas m\u00e4rchenhaft Erschreckendes, giftiges Zeug im Terrain unserer sterbenden W\u00e4lder, in den Ruinen des Kapitalismus, unserer ehemals gedeckten Tafeln. Die fetten Jahre sind dann vorbei\u2026<\/p>\n\n\n\n<div style=\"height:100px\" aria-hidden=\"true\" class=\"wp-block-spacer\"><\/div>\n\n\n\n<div class=\"wp-block-columns alignwide are-vertically-aligned-center is-layout-flex wp-container-core-columns-is-layout-28f84493 wp-block-columns-is-layout-flex\">\n<div class=\"wp-block-column is-vertically-aligned-center is-layout-flow wp-block-column-is-layout-flow\">\n<figure class=\"wp-block-image aligncenter size-full\"><img fetchpriority=\"high\" decoding=\"async\" width=\"314\" height=\"232\" src=\"https:\/\/gallery-puzic.com\/wp-content\/uploads\/2023\/04\/Matthias-Brock-Malerei-20.jpg\" alt=\"Les Figues - M. Brock\" class=\"wp-image-936\" srcset=\"https:\/\/gallery-puzic.com\/wp-content\/uploads\/2023\/04\/Matthias-Brock-Malerei-20.jpg 314w, https:\/\/gallery-puzic.com\/wp-content\/uploads\/2023\/04\/Matthias-Brock-Malerei-20-300x222.jpg 300w\" sizes=\"(max-width: 314px) 100vw, 314px\" \/><figcaption class=\"wp-element-caption\"><em>Les Figues &#8211; M. Brock<\/em><br>2023 | 100 x 140cm<br><\/figcaption><\/figure>\n<\/div>\n\n\n\n<div class=\"wp-block-column is-vertically-aligned-center is-layout-flow wp-block-column-is-layout-flow\">\n<h3 class=\"wp-block-heading\"><strong>Matthias Brock<\/strong><\/h3>\n\n\n\n<p>&#8222;Und Fr\u00fcchte will ich kaufen, Fr\u00fcchte, drin das Land noch einmal ist, bis an den Himmel. Denn Das verstandest du: die vollen Fr\u00fcchte. Die legtest du auf Schalen vor dich hin und wogst mit Farben ihre Schwere auf.\u201c<\/p>\n\n\n\n<p>Aus: R. M. Rilke \u201eRequiem (F\u00fcr eine Freundin)\u201c<\/p>\n\n\n\n<p>Diese auf Paula Modersohn-Becker gedichteten Verse sprechen aus, was ich in meine Frucht-Bilder zu legen suche: Die Quintessenz eines Landes, einer Landschaft, zusammengeballt, aber gleichzeitig gro\u00df bis an den Himmel; die F\u00fclle als Lobpreis des Lebens und des Sinnengenusses; die Schwere als Gewicht und Bedeutsamkeit der Substanz, die in ihrem Kern den Keim des Todes wie des Neuanfangs birgt.<\/p>\n\n\n\n<p class=\"has-contrast-color has-text-color has-link-color wp-elements-57bd5a0e00479a075c04750254829670\"><a href=\"http:\/\/www.brock.art\" data-type=\"URL\" data-id=\"www.brock.art\">www.brock.art<\/a><\/p>\n<\/div>\n<\/div>\n\n\n\n<div class=\"wp-block-columns alignwide are-vertically-aligned-center is-layout-flex wp-container-core-columns-is-layout-28f84493 wp-block-columns-is-layout-flex\">\n<div class=\"wp-block-column is-vertically-aligned-center is-layout-flow wp-block-column-is-layout-flow\">\n<figure class=\"wp-block-image aligncenter size-full\"><img decoding=\"async\" width=\"783\" height=\"783\" src=\"https:\/\/gallery-puzic.com\/wp-content\/uploads\/2023\/05\/Solitude-M.-Brock-20.jpg\" alt=\"Solitude - M. Brock\" class=\"wp-image-1050\" srcset=\"https:\/\/gallery-puzic.com\/wp-content\/uploads\/2023\/05\/Solitude-M.-Brock-20.jpg 783w, https:\/\/gallery-puzic.com\/wp-content\/uploads\/2023\/05\/Solitude-M.-Brock-20-300x300.jpg 300w, https:\/\/gallery-puzic.com\/wp-content\/uploads\/2023\/05\/Solitude-M.-Brock-20-150x150.jpg 150w, https:\/\/gallery-puzic.com\/wp-content\/uploads\/2023\/05\/Solitude-M.-Brock-20-768x768.jpg 768w\" sizes=\"(max-width: 783px) 100vw, 783px\" \/><figcaption class=\"wp-element-caption\"><em>Solitude &#8211; M. Brock<\/em><br>2021 | 240 x 280cm<\/figcaption><\/figure>\n<\/div>\n\n\n\n<div class=\"wp-block-column is-vertically-aligned-center is-layout-flow wp-block-column-is-layout-flow\">\n<figure class=\"wp-block-image aligncenter size-full\"><img decoding=\"async\" width=\"783\" height=\"783\" src=\"https:\/\/gallery-puzic.com\/wp-content\/uploads\/2023\/05\/Landing-M.-Brock-20.jpg\" alt=\"Scream - M. Brock-20\" class=\"wp-image-1042\" srcset=\"https:\/\/gallery-puzic.com\/wp-content\/uploads\/2023\/05\/Landing-M.-Brock-20.jpg 783w, https:\/\/gallery-puzic.com\/wp-content\/uploads\/2023\/05\/Landing-M.-Brock-20-300x300.jpg 300w, https:\/\/gallery-puzic.com\/wp-content\/uploads\/2023\/05\/Landing-M.-Brock-20-150x150.jpg 150w, https:\/\/gallery-puzic.com\/wp-content\/uploads\/2023\/05\/Landing-M.-Brock-20-768x768.jpg 768w\" sizes=\"(max-width: 783px) 100vw, 783px\" \/><figcaption class=\"wp-element-caption\"><em>Landung &#8211; M. Brock<\/em><br>2022 | 210 x 230cm<\/figcaption><\/figure>\n<\/div>\n\n\n\n<div class=\"wp-block-column is-vertically-aligned-center is-layout-flow wp-block-column-is-layout-flow\">\n<figure class=\"wp-block-image aligncenter size-full\"><img loading=\"lazy\" decoding=\"async\" width=\"783\" height=\"783\" src=\"https:\/\/gallery-puzic.com\/wp-content\/uploads\/2023\/05\/Scream-M.-Brock-20.jpg\" alt=\"Scream - M. Brock-20\" class=\"wp-image-1043\" srcset=\"https:\/\/gallery-puzic.com\/wp-content\/uploads\/2023\/05\/Scream-M.-Brock-20.jpg 783w, https:\/\/gallery-puzic.com\/wp-content\/uploads\/2023\/05\/Scream-M.-Brock-20-300x300.jpg 300w, https:\/\/gallery-puzic.com\/wp-content\/uploads\/2023\/05\/Scream-M.-Brock-20-150x150.jpg 150w, https:\/\/gallery-puzic.com\/wp-content\/uploads\/2023\/05\/Scream-M.-Brock-20-768x768.jpg 768w\" sizes=\"(max-width: 783px) 100vw, 783px\" \/><figcaption class=\"wp-element-caption\"><em>Scream &#8211; M. Brock<\/em><br>2023 | 280 x 200cm<\/figcaption><\/figure>\n<\/div>\n<\/div>\n\n\n\n<div style=\"height:100px\" aria-hidden=\"true\" class=\"wp-block-spacer\"><\/div>\n\n\n\n<div class=\"wp-block-columns alignwide are-vertically-aligned-center is-layout-flex wp-container-core-columns-is-layout-28f84493 wp-block-columns-is-layout-flex\">\n<div class=\"wp-block-column is-vertically-aligned-center is-layout-flow wp-block-column-is-layout-flow\">\n<figure class=\"wp-block-image aligncenter size-full\"><img loading=\"lazy\" decoding=\"async\" width=\"315\" height=\"230\" src=\"https:\/\/gallery-puzic.com\/wp-content\/uploads\/2023\/04\/Silke-Broesskamp_1.jpg\" alt=\"Silke Br\u00f6sskamp\" class=\"wp-image-937\" srcset=\"https:\/\/gallery-puzic.com\/wp-content\/uploads\/2023\/04\/Silke-Broesskamp_1.jpg 315w, https:\/\/gallery-puzic.com\/wp-content\/uploads\/2023\/04\/Silke-Broesskamp_1-300x219.jpg 300w\" sizes=\"(max-width: 315px) 100vw, 315px\" \/><figcaption class=\"wp-element-caption\"><em>Serie &#8222;I fail to see&#8220; &#8211; S. Br\u00f6sskamp<\/em><br>29,7 x 21cm<\/figcaption><\/figure>\n<\/div>\n\n\n\n<div class=\"wp-block-column is-vertically-aligned-center is-layout-flow wp-block-column-is-layout-flow\">\n<h3 class=\"wp-block-heading\"><strong>Silke Br\u00f6sskamp<\/strong><\/h3>\n\n\n\n<p>Silke Br\u00f6sskamps ortsbezogene Raumskulpturen, Objekte und serielle Zeichnungen entstehen immer wieder im Zusammenspiel von Planung, Zufall und Offenheit &#8211; ausgel\u00f6st durch Alltagsbeobachtungen, Filme, Bilder, emotionalen Erlebnisse. Die Serie <em>I fail to see<\/em> spiegelt ihre Faszination von Sch\u00f6nheit und Brutalit\u00e4t der Zerst\u00f6rung einheimischer W\u00e4lder.<\/p>\n\n\n\n<p>Silke Br\u00f6sskamp studierte Visuelle Kommunikation, dann Freie Kunst an der Kunstakademie in M\u00fcnster bei Reiner Ruthenbeck und als Meistersch\u00fclerin von Kathrina Fritsch. Ihre Arbeiten waren bereits in zahlreichen Einzel- und Gruppenausstellungen zu sehen und wurden mehrfach ausgezeichnet.<\/p>\n\n\n\n<p class=\"has-contrast-color has-text-color has-link-color wp-elements-4e349a9f5c290bc018a7548ac8394759\"><a href=\"http:\/\/www.silkebroesskamp.de\" data-type=\"URL\" data-id=\"www.silkebroesskamp.de\">www.silkebroesskamp.de<\/a><\/p>\n<\/div>\n<\/div>\n\n\n\n<div class=\"wp-block-columns alignwide are-vertically-aligned-center is-layout-flex wp-container-core-columns-is-layout-28f84493 wp-block-columns-is-layout-flex\">\n<div class=\"wp-block-column is-vertically-aligned-center is-layout-flow wp-block-column-is-layout-flow\">\n<figure class=\"wp-block-image aligncenter size-full\"><img loading=\"lazy\" decoding=\"async\" width=\"782\" height=\"782\" src=\"https:\/\/gallery-puzic.com\/wp-content\/uploads\/2023\/05\/Broesskamp-fail-to-see_1.png\" alt=\"\" class=\"wp-image-1046\" srcset=\"https:\/\/gallery-puzic.com\/wp-content\/uploads\/2023\/05\/Broesskamp-fail-to-see_1.png 782w, https:\/\/gallery-puzic.com\/wp-content\/uploads\/2023\/05\/Broesskamp-fail-to-see_1-300x300.png 300w, https:\/\/gallery-puzic.com\/wp-content\/uploads\/2023\/05\/Broesskamp-fail-to-see_1-150x150.png 150w, https:\/\/gallery-puzic.com\/wp-content\/uploads\/2023\/05\/Broesskamp-fail-to-see_1-768x768.png 768w\" sizes=\"(max-width: 782px) 100vw, 782px\" \/><figcaption class=\"wp-element-caption\"><em>Serie &#8222;I fail to see&#8220; &#8211; S. Br\u00f6sskamp<\/em><br>29,7 x 21cm<\/figcaption><\/figure>\n<\/div>\n\n\n\n<div class=\"wp-block-column is-vertically-aligned-center is-layout-flow wp-block-column-is-layout-flow\">\n<figure class=\"wp-block-image aligncenter size-full\"><img loading=\"lazy\" decoding=\"async\" width=\"782\" height=\"782\" src=\"https:\/\/gallery-puzic.com\/wp-content\/uploads\/2023\/05\/Broesskamp-fail-to-see.png\" alt=\"\" class=\"wp-image-1047\" srcset=\"https:\/\/gallery-puzic.com\/wp-content\/uploads\/2023\/05\/Broesskamp-fail-to-see.png 782w, https:\/\/gallery-puzic.com\/wp-content\/uploads\/2023\/05\/Broesskamp-fail-to-see-300x300.png 300w, https:\/\/gallery-puzic.com\/wp-content\/uploads\/2023\/05\/Broesskamp-fail-to-see-150x150.png 150w, https:\/\/gallery-puzic.com\/wp-content\/uploads\/2023\/05\/Broesskamp-fail-to-see-768x768.png 768w\" sizes=\"(max-width: 782px) 100vw, 782px\" \/><figcaption class=\"wp-element-caption\"><em>Serie &#8222;I fail to see&#8220; &#8211; S. Br\u00f6sskamp<\/em><br>21 x 29,7cm<\/figcaption><\/figure>\n<\/div>\n\n\n\n<div class=\"wp-block-column is-vertically-aligned-center is-layout-flow wp-block-column-is-layout-flow\">\n<figure class=\"wp-block-image aligncenter size-full\"><img loading=\"lazy\" decoding=\"async\" width=\"783\" height=\"783\" src=\"https:\/\/gallery-puzic.com\/wp-content\/uploads\/2023\/05\/Serie-fail-to-see-S.-Broesskamp-20.jpg\" alt=\"\" class=\"wp-image-1048\" srcset=\"https:\/\/gallery-puzic.com\/wp-content\/uploads\/2023\/05\/Serie-fail-to-see-S.-Broesskamp-20.jpg 783w, https:\/\/gallery-puzic.com\/wp-content\/uploads\/2023\/05\/Serie-fail-to-see-S.-Broesskamp-20-300x300.jpg 300w, https:\/\/gallery-puzic.com\/wp-content\/uploads\/2023\/05\/Serie-fail-to-see-S.-Broesskamp-20-150x150.jpg 150w, https:\/\/gallery-puzic.com\/wp-content\/uploads\/2023\/05\/Serie-fail-to-see-S.-Broesskamp-20-768x768.jpg 768w\" sizes=\"(max-width: 783px) 100vw, 783px\" \/><figcaption class=\"wp-element-caption\"><em>Serie &#8222;I fail to see&#8220; &#8211; S. Br\u00f6sskamp<\/em><br>29,7 x 21cm<\/figcaption><\/figure>\n<\/div>\n<\/div>\n\n\n\n<div style=\"height:100px\" aria-hidden=\"true\" class=\"wp-block-spacer\"><\/div>\n\n\n\n<div class=\"wp-block-columns is-layout-flex wp-container-core-columns-is-layout-28f84493 wp-block-columns-is-layout-flex\">\n<div class=\"wp-block-column is-layout-flow wp-block-column-is-layout-flow\">\n<h4 class=\"wp-block-heading has-text-align-center\"><strong>Schirmherr &#8211; Uwe Conradt<\/strong><\/h4>\n\n\n\n<div class=\"wp-block-columns is-layout-flex wp-container-core-columns-is-layout-28f84493 wp-block-columns-is-layout-flex\">\n<div class=\"wp-block-column is-layout-flow wp-block-column-is-layout-flow\">\n<figure class=\"wp-block-image size-large\"><img loading=\"lazy\" decoding=\"async\" width=\"768\" height=\"1024\" src=\"https:\/\/gallery-puzic.com\/wp-content\/uploads\/2023\/05\/Esad-Puzic-und-OB-Uwe-Conradt-768x1024.jpg\" alt=\"OB Uwe Conradt Schirmherr und Galerist Esad Puzic\" class=\"wp-image-1055\" srcset=\"https:\/\/gallery-puzic.com\/wp-content\/uploads\/2023\/05\/Esad-Puzic-und-OB-Uwe-Conradt-768x1024.jpg 768w, https:\/\/gallery-puzic.com\/wp-content\/uploads\/2023\/05\/Esad-Puzic-und-OB-Uwe-Conradt-225x300.jpg 225w, https:\/\/gallery-puzic.com\/wp-content\/uploads\/2023\/05\/Esad-Puzic-und-OB-Uwe-Conradt-1152x1536.jpg 1152w, https:\/\/gallery-puzic.com\/wp-content\/uploads\/2023\/05\/Esad-Puzic-und-OB-Uwe-Conradt.jpg 1536w\" sizes=\"(max-width: 768px) 100vw, 768px\" \/><figcaption class=\"wp-element-caption\">Galerist Esad Puzic links, OB Uwe Conradt rechts <\/figcaption><\/figure>\n<\/div>\n\n\n\n<div class=\"wp-block-column is-layout-flow wp-block-column-is-layout-flow\">\n<p>&#8222;Heute war ich als Schirmherr der Vernissage zur Ausstellung \u201eOhne Titel\u201c. Ausgestellt werden gro\u00dfformatige Bilder von Matthias Brock und Zeichnungen von Silke Br\u00f6sskamp.<\/p>\n\n\n\n<p>Beide K\u00fcnstler haben schon in vielen Gro\u00dfst\u00e4dten und Metropolen ausgestellt.&#8220; ~ OB Uwe Conradt<\/p>\n\n\n\n<p class=\"has-contrast-color has-text-color has-link-color wp-elements-70b41ef9594daa8fb6ef8c14ec0167d5\">Source: <a href=\"https:\/\/www.facebook.com\/OBConradt\/posts\/pfbid0xpu9EuYWPqz1pCyBfup8Vk8pkwnoDrJWx6PVCjaKmZEdHhe1w26cXWQ6bgpHbVhGl\" data-type=\"URL\" data-id=\"https:\/\/www.facebook.com\/OBConradt\/posts\/pfbid0xpu9EuYWPqz1pCyBfup8Vk8pkwnoDrJWx6PVCjaKmZEdHhe1w26cXWQ6bgpHbVhGl\">facebook.com\/OBconradt<\/a><\/p>\n<\/div>\n<\/div>\n<\/div>\n<\/div>\n\n\n\n<div style=\"height:100px\" aria-hidden=\"true\" class=\"wp-block-spacer\"><\/div>","protected":false},"excerpt":{"rendered":"<p>englisch version french version Die neue Ausstellung, \u201eOhne Titel\u201c, wirft Schatten auf die gegenw\u00e4rtige Kunst und ihre oft vergeblichen Anstrengungen, moralische oder politische Standpunkte zum kulturellen Klimawandel oder den verk\u00fcndeten Zeitenwenden zu schaffen. Die Kunst versagt meistens. Und wenn sie Fluchtbewegungen in \u00e4sthetische Formensprachen unternimmt, oder alte Genres wiederaufleben l\u00e4sst, so wie Zeichnung oder Stillleben [&hellip;]<\/p>\n","protected":false},"author":1,"featured_media":0,"parent":0,"menu_order":0,"comment_status":"closed","ping_status":"closed","template":"","meta":{"footnotes":""},"class_list":["post-925","page","type-page","status-publish","hentry"],"_links":{"self":[{"href":"https:\/\/gallery-puzic.com\/en\/wp-json\/wp\/v2\/pages\/925","targetHints":{"allow":["GET"]}}],"collection":[{"href":"https:\/\/gallery-puzic.com\/en\/wp-json\/wp\/v2\/pages"}],"about":[{"href":"https:\/\/gallery-puzic.com\/en\/wp-json\/wp\/v2\/types\/page"}],"author":[{"embeddable":true,"href":"https:\/\/gallery-puzic.com\/en\/wp-json\/wp\/v2\/users\/1"}],"replies":[{"embeddable":true,"href":"https:\/\/gallery-puzic.com\/en\/wp-json\/wp\/v2\/comments?post=925"}],"version-history":[{"count":17,"href":"https:\/\/gallery-puzic.com\/en\/wp-json\/wp\/v2\/pages\/925\/revisions"}],"predecessor-version":[{"id":1111,"href":"https:\/\/gallery-puzic.com\/en\/wp-json\/wp\/v2\/pages\/925\/revisions\/1111"}],"wp:attachment":[{"href":"https:\/\/gallery-puzic.com\/en\/wp-json\/wp\/v2\/media?parent=925"}],"curies":[{"name":"wp","href":"https:\/\/api.w.org\/{rel}","templated":true}]}}