{"id":8803,"date":"2026-04-16T08:11:15","date_gmt":"2026-04-16T08:11:15","guid":{"rendered":"https:\/\/gallery-puzic.com\/?page_id=8803"},"modified":"2026-04-17T11:13:52","modified_gmt":"2026-04-17T11:13:52","slug":"bojan-sumonja-marko-jakse","status":"publish","type":"page","link":"https:\/\/gallery-puzic.com\/en\/bojan-sumonja-marko-jakse\/","title":{"rendered":"Bojan \u0160umonja &amp; Marko Jak\u0161e"},"content":{"rendered":"<div data-elementor-type=\"wp-page\" data-elementor-id=\"8803\" class=\"elementor elementor-8803\">\n\t\t\t\t\t\t<section class=\"elementor-section elementor-top-section elementor-element elementor-element-7835e585 elementor-section-boxed elementor-section-height-default elementor-section-height-default elementor-invisible\" data-id=\"7835e585\" data-element_type=\"section\" data-e-type=\"section\" data-settings=\"{&quot;animation&quot;:&quot;fadeIn&quot;,&quot;animation_delay&quot;:100}\">\n\t\t\t\t\t\t<div class=\"elementor-container elementor-column-gap-default\">\n\t\t\t\t\t<div class=\"elementor-column elementor-col-33 elementor-top-column elementor-element elementor-element-59fc4706\" data-id=\"59fc4706\" data-element_type=\"column\" data-e-type=\"column\">\n\t\t\t<div class=\"elementor-widget-wrap elementor-element-populated\">\n\t\t\t\t\t\t<div class=\"elementor-element elementor-element-143b613f elementor-widget elementor-widget-image\" data-id=\"143b613f\" data-element_type=\"widget\" data-e-type=\"widget\" data-widget_type=\"image.default\">\n\t\t\t\t<div class=\"elementor-widget-container\">\n\t\t\t\t\t\t\t\t\t\t\t\t\t\t\t\t<a href=\"https:\/\/gallery-puzic.com\/wp-content\/uploads\/2026\/04\/SELECTED-ARTWORKS-8.png\">\n\t\t\t\t\t\t\t<img fetchpriority=\"high\" decoding=\"async\" width=\"800\" height=\"800\" src=\"https:\/\/gallery-puzic.com\/wp-content\/uploads\/2026\/04\/SELECTED-ARTWORKS-8-1024x1024.png\" class=\"elementor-animation-grow attachment-large size-large wp-image-8815\" alt=\"\" srcset=\"https:\/\/gallery-puzic.com\/wp-content\/uploads\/2026\/04\/SELECTED-ARTWORKS-8-1024x1024.png 1024w, https:\/\/gallery-puzic.com\/wp-content\/uploads\/2026\/04\/SELECTED-ARTWORKS-8-300x300.png 300w, https:\/\/gallery-puzic.com\/wp-content\/uploads\/2026\/04\/SELECTED-ARTWORKS-8-150x150.png 150w, https:\/\/gallery-puzic.com\/wp-content\/uploads\/2026\/04\/SELECTED-ARTWORKS-8-768x768.png 768w, https:\/\/gallery-puzic.com\/wp-content\/uploads\/2026\/04\/SELECTED-ARTWORKS-8-1536x1536.png 1536w, https:\/\/gallery-puzic.com\/wp-content\/uploads\/2026\/04\/SELECTED-ARTWORKS-8-2048x2048.png 2048w, https:\/\/gallery-puzic.com\/wp-content\/uploads\/2026\/04\/SELECTED-ARTWORKS-8-12x12.png 12w\" sizes=\"(max-width: 800px) 100vw, 800px\" \/>\t\t\t\t\t\t\t\t<\/a>\n\t\t\t\t\t\t\t\t\t\t\t\t\t\t\t<\/div>\n\t\t\t\t<\/div>\n\t\t\t\t<div class=\"elementor-element elementor-element-ff076fc elementor-widget elementor-widget-text-editor\" data-id=\"ff076fc\" data-element_type=\"widget\" data-e-type=\"widget\" data-widget_type=\"text-editor.default\">\n\t\t\t\t<div class=\"elementor-widget-container\">\n\t\t\t\t\t\t\t\t\t<p>VERF\u00dcGBAR | AVAILABLE<\/p>\t\t\t\t\t\t\t\t<\/div>\n\t\t\t\t<\/div>\n\t\t\t\t\t<\/div>\n\t\t<\/div>\n\t\t\t\t<div class=\"elementor-column elementor-col-33 elementor-top-column elementor-element elementor-element-61dc85e4\" data-id=\"61dc85e4\" data-element_type=\"column\" data-e-type=\"column\">\n\t\t\t<div class=\"elementor-widget-wrap elementor-element-populated\">\n\t\t\t\t\t\t<div class=\"elementor-element elementor-element-ada78ee elementor-widget elementor-widget-image\" data-id=\"ada78ee\" data-element_type=\"widget\" data-e-type=\"widget\" data-widget_type=\"image.default\">\n\t\t\t\t<div class=\"elementor-widget-container\">\n\t\t\t\t\t\t\t\t\t\t\t\t\t\t\t\t<a href=\"https:\/\/gallery-puzic.com\/wp-content\/uploads\/2026\/04\/SELECTED-ARTWORKS-10.png\">\n\t\t\t\t\t\t\t<img decoding=\"async\" width=\"800\" height=\"800\" src=\"https:\/\/gallery-puzic.com\/wp-content\/uploads\/2026\/04\/SELECTED-ARTWORKS-10-1024x1024.png\" class=\"elementor-animation-grow attachment-large size-large wp-image-8817\" alt=\"\" srcset=\"https:\/\/gallery-puzic.com\/wp-content\/uploads\/2026\/04\/SELECTED-ARTWORKS-10-1024x1024.png 1024w, https:\/\/gallery-puzic.com\/wp-content\/uploads\/2026\/04\/SELECTED-ARTWORKS-10-300x300.png 300w, https:\/\/gallery-puzic.com\/wp-content\/uploads\/2026\/04\/SELECTED-ARTWORKS-10-150x150.png 150w, https:\/\/gallery-puzic.com\/wp-content\/uploads\/2026\/04\/SELECTED-ARTWORKS-10-768x768.png 768w, https:\/\/gallery-puzic.com\/wp-content\/uploads\/2026\/04\/SELECTED-ARTWORKS-10-1536x1536.png 1536w, https:\/\/gallery-puzic.com\/wp-content\/uploads\/2026\/04\/SELECTED-ARTWORKS-10-2048x2048.png 2048w, https:\/\/gallery-puzic.com\/wp-content\/uploads\/2026\/04\/SELECTED-ARTWORKS-10-12x12.png 12w\" sizes=\"(max-width: 800px) 100vw, 800px\" \/>\t\t\t\t\t\t\t\t<\/a>\n\t\t\t\t\t\t\t\t\t\t\t\t\t\t\t<\/div>\n\t\t\t\t<\/div>\n\t\t\t\t<div class=\"elementor-element elementor-element-fe2ce4a elementor-widget elementor-widget-text-editor\" data-id=\"fe2ce4a\" data-element_type=\"widget\" data-e-type=\"widget\" data-widget_type=\"text-editor.default\">\n\t\t\t\t<div class=\"elementor-widget-container\">\n\t\t\t\t\t\t\t\t\t<p>VERF\u00dcGBAR | AVAILABLE<\/p>\t\t\t\t\t\t\t\t<\/div>\n\t\t\t\t<\/div>\n\t\t\t\t\t<\/div>\n\t\t<\/div>\n\t\t\t\t<div class=\"elementor-column elementor-col-33 elementor-top-column elementor-element elementor-element-6106513e\" data-id=\"6106513e\" data-element_type=\"column\" data-e-type=\"column\">\n\t\t\t<div class=\"elementor-widget-wrap elementor-element-populated\">\n\t\t\t\t\t\t<div class=\"elementor-element elementor-element-750f9ad4 elementor-widget elementor-widget-image\" data-id=\"750f9ad4\" data-element_type=\"widget\" data-e-type=\"widget\" data-widget_type=\"image.default\">\n\t\t\t\t<div class=\"elementor-widget-container\">\n\t\t\t\t\t\t\t\t\t\t\t\t\t\t\t\t<a href=\"https:\/\/gallery-puzic.com\/wp-content\/uploads\/2026\/04\/SELECTED-ARTWORKS-11.png\">\n\t\t\t\t\t\t\t<img decoding=\"async\" width=\"800\" height=\"800\" src=\"https:\/\/gallery-puzic.com\/wp-content\/uploads\/2026\/04\/SELECTED-ARTWORKS-11-1024x1024.png\" class=\"elementor-animation-grow attachment-large size-large wp-image-8821\" alt=\"\" srcset=\"https:\/\/gallery-puzic.com\/wp-content\/uploads\/2026\/04\/SELECTED-ARTWORKS-11-1024x1024.png 1024w, https:\/\/gallery-puzic.com\/wp-content\/uploads\/2026\/04\/SELECTED-ARTWORKS-11-300x300.png 300w, https:\/\/gallery-puzic.com\/wp-content\/uploads\/2026\/04\/SELECTED-ARTWORKS-11-150x150.png 150w, https:\/\/gallery-puzic.com\/wp-content\/uploads\/2026\/04\/SELECTED-ARTWORKS-11-768x768.png 768w, https:\/\/gallery-puzic.com\/wp-content\/uploads\/2026\/04\/SELECTED-ARTWORKS-11-1536x1536.png 1536w, https:\/\/gallery-puzic.com\/wp-content\/uploads\/2026\/04\/SELECTED-ARTWORKS-11-2048x2048.png 2048w, https:\/\/gallery-puzic.com\/wp-content\/uploads\/2026\/04\/SELECTED-ARTWORKS-11-12x12.png 12w\" sizes=\"(max-width: 800px) 100vw, 800px\" \/>\t\t\t\t\t\t\t\t<\/a>\n\t\t\t\t\t\t\t\t\t\t\t\t\t\t\t<\/div>\n\t\t\t\t<\/div>\n\t\t\t\t<div class=\"elementor-element elementor-element-29112ae5 elementor-widget elementor-widget-text-editor\" data-id=\"29112ae5\" data-element_type=\"widget\" data-e-type=\"widget\" data-widget_type=\"text-editor.default\">\n\t\t\t\t<div class=\"elementor-widget-container\">\n\t\t\t\t\t\t\t\t\t<p>VERF\u00dcGBAR | AVAILABLE<\/p>\t\t\t\t\t\t\t\t<\/div>\n\t\t\t\t<\/div>\n\t\t\t\t\t<\/div>\n\t\t<\/div>\n\t\t\t\t\t<\/div>\n\t\t<\/section>\n\t\t\t\t<section class=\"elementor-section elementor-top-section elementor-element elementor-element-0618fd7 elementor-section-boxed elementor-section-height-default elementor-section-height-default elementor-invisible\" data-id=\"0618fd7\" data-element_type=\"section\" data-e-type=\"section\" data-settings=\"{&quot;animation&quot;:&quot;fadeIn&quot;,&quot;animation_delay&quot;:100}\">\n\t\t\t\t\t\t<div class=\"elementor-container elementor-column-gap-default\">\n\t\t\t\t\t<div class=\"elementor-column elementor-col-33 elementor-top-column elementor-element elementor-element-a014506\" data-id=\"a014506\" data-element_type=\"column\" data-e-type=\"column\">\n\t\t\t<div class=\"elementor-widget-wrap elementor-element-populated\">\n\t\t\t\t\t\t<div class=\"elementor-element elementor-element-d8d10c3 elementor-widget elementor-widget-image\" data-id=\"d8d10c3\" data-element_type=\"widget\" data-e-type=\"widget\" data-widget_type=\"image.default\">\n\t\t\t\t<div class=\"elementor-widget-container\">\n\t\t\t\t\t\t\t\t\t\t\t\t\t\t\t\t<a href=\"https:\/\/gallery-puzic.com\/wp-content\/uploads\/2026\/04\/SELECTED-ARTWORKS-9.png\">\n\t\t\t\t\t\t\t<img loading=\"lazy\" decoding=\"async\" width=\"800\" height=\"800\" src=\"https:\/\/gallery-puzic.com\/wp-content\/uploads\/2026\/04\/SELECTED-ARTWORKS-9-1024x1024.png\" class=\"elementor-animation-grow attachment-large size-large wp-image-8816\" alt=\"\" srcset=\"https:\/\/gallery-puzic.com\/wp-content\/uploads\/2026\/04\/SELECTED-ARTWORKS-9-1024x1024.png 1024w, https:\/\/gallery-puzic.com\/wp-content\/uploads\/2026\/04\/SELECTED-ARTWORKS-9-300x300.png 300w, https:\/\/gallery-puzic.com\/wp-content\/uploads\/2026\/04\/SELECTED-ARTWORKS-9-150x150.png 150w, https:\/\/gallery-puzic.com\/wp-content\/uploads\/2026\/04\/SELECTED-ARTWORKS-9-768x768.png 768w, https:\/\/gallery-puzic.com\/wp-content\/uploads\/2026\/04\/SELECTED-ARTWORKS-9-1536x1536.png 1536w, https:\/\/gallery-puzic.com\/wp-content\/uploads\/2026\/04\/SELECTED-ARTWORKS-9-2048x2048.png 2048w, https:\/\/gallery-puzic.com\/wp-content\/uploads\/2026\/04\/SELECTED-ARTWORKS-9-12x12.png 12w\" sizes=\"(max-width: 800px) 100vw, 800px\" \/>\t\t\t\t\t\t\t\t<\/a>\n\t\t\t\t\t\t\t\t\t\t\t\t\t\t\t<\/div>\n\t\t\t\t<\/div>\n\t\t\t\t<div class=\"elementor-element elementor-element-70dd32c elementor-widget elementor-widget-text-editor\" data-id=\"70dd32c\" data-element_type=\"widget\" data-e-type=\"widget\" data-widget_type=\"text-editor.default\">\n\t\t\t\t<div class=\"elementor-widget-container\">\n\t\t\t\t\t\t\t\t\t<p>VERF\u00dcGBAR | AVAILABLE<\/p>\t\t\t\t\t\t\t\t<\/div>\n\t\t\t\t<\/div>\n\t\t\t\t\t<\/div>\n\t\t<\/div>\n\t\t\t\t<div class=\"elementor-column elementor-col-33 elementor-top-column elementor-element elementor-element-76ab1da\" data-id=\"76ab1da\" data-element_type=\"column\" data-e-type=\"column\">\n\t\t\t<div class=\"elementor-widget-wrap elementor-element-populated\">\n\t\t\t\t\t\t<div class=\"elementor-element elementor-element-b1b79b4 elementor-widget elementor-widget-image\" data-id=\"b1b79b4\" data-element_type=\"widget\" data-e-type=\"widget\" data-widget_type=\"image.default\">\n\t\t\t\t<div class=\"elementor-widget-container\">\n\t\t\t\t\t\t\t\t\t\t\t\t\t\t\t\t<a href=\"https:\/\/gallery-puzic.com\/wp-content\/uploads\/2026\/04\/SELECTED-ARTWORKS-12-1.png\">\n\t\t\t\t\t\t\t<img loading=\"lazy\" decoding=\"async\" width=\"800\" height=\"800\" src=\"https:\/\/gallery-puzic.com\/wp-content\/uploads\/2026\/04\/SELECTED-ARTWORKS-12-1024x1024.png\" class=\"elementor-animation-grow attachment-large size-large wp-image-8822\" alt=\"\" srcset=\"https:\/\/gallery-puzic.com\/wp-content\/uploads\/2026\/04\/SELECTED-ARTWORKS-12-1024x1024.png 1024w, https:\/\/gallery-puzic.com\/wp-content\/uploads\/2026\/04\/SELECTED-ARTWORKS-12-300x300.png 300w, https:\/\/gallery-puzic.com\/wp-content\/uploads\/2026\/04\/SELECTED-ARTWORKS-12-150x150.png 150w, https:\/\/gallery-puzic.com\/wp-content\/uploads\/2026\/04\/SELECTED-ARTWORKS-12-768x768.png 768w, https:\/\/gallery-puzic.com\/wp-content\/uploads\/2026\/04\/SELECTED-ARTWORKS-12-1536x1536.png 1536w, https:\/\/gallery-puzic.com\/wp-content\/uploads\/2026\/04\/SELECTED-ARTWORKS-12-2048x2048.png 2048w, https:\/\/gallery-puzic.com\/wp-content\/uploads\/2026\/04\/SELECTED-ARTWORKS-12-12x12.png 12w\" sizes=\"(max-width: 800px) 100vw, 800px\" \/>\t\t\t\t\t\t\t\t<\/a>\n\t\t\t\t\t\t\t\t\t\t\t\t\t\t\t<\/div>\n\t\t\t\t<\/div>\n\t\t\t\t<div class=\"elementor-element elementor-element-39cbcfb elementor-widget elementor-widget-text-editor\" data-id=\"39cbcfb\" data-element_type=\"widget\" data-e-type=\"widget\" data-widget_type=\"text-editor.default\">\n\t\t\t\t<div class=\"elementor-widget-container\">\n\t\t\t\t\t\t\t\t\t<p>VERF\u00dcGBAR | AVAILABLE<\/p>\t\t\t\t\t\t\t\t<\/div>\n\t\t\t\t<\/div>\n\t\t\t\t\t<\/div>\n\t\t<\/div>\n\t\t\t\t<div class=\"elementor-column elementor-col-33 elementor-top-column elementor-element elementor-element-b502625\" data-id=\"b502625\" data-element_type=\"column\" data-e-type=\"column\">\n\t\t\t<div class=\"elementor-widget-wrap\">\n\t\t\t\t\t\t\t<\/div>\n\t\t<\/div>\n\t\t\t\t\t<\/div>\n\t\t<\/section>\n\t\t\t\t<section class=\"elementor-section elementor-top-section elementor-element elementor-element-5b75367 elementor-section-boxed elementor-section-height-default elementor-section-height-default\" data-id=\"5b75367\" data-element_type=\"section\" data-e-type=\"section\">\n\t\t\t\t\t\t<div class=\"elementor-container elementor-column-gap-default\">\n\t\t\t\t\t<div class=\"elementor-column elementor-col-100 elementor-top-column elementor-element elementor-element-b64c73e\" data-id=\"b64c73e\" data-element_type=\"column\" data-e-type=\"column\">\n\t\t\t<div class=\"elementor-widget-wrap elementor-element-populated\">\n\t\t\t\t\t\t<div class=\"elementor-element elementor-element-6d2fe40 elementor-widget elementor-widget-spacer\" data-id=\"6d2fe40\" data-element_type=\"widget\" data-e-type=\"widget\" data-widget_type=\"spacer.default\">\n\t\t\t\t<div class=\"elementor-widget-container\">\n\t\t\t\t\t\t\t<div class=\"elementor-spacer\">\n\t\t\t<div class=\"elementor-spacer-inner\"><\/div>\n\t\t<\/div>\n\t\t\t\t\t\t<\/div>\n\t\t\t\t<\/div>\n\t\t\t\t\t<\/div>\n\t\t<\/div>\n\t\t\t\t\t<\/div>\n\t\t<\/section>\n\t\t\t\t<\/div>","protected":false},"excerpt":{"rendered":"<p>VERF\u00dcGBAR | AVAILABLE VERF\u00dcGBAR | AVAILABLE VERF\u00dcGBAR | AVAILABLE VERF\u00dcGBAR | AVAILABLE VERF\u00dcGBAR | AVAILABLE<\/p>","protected":false},"author":1,"featured_media":0,"parent":0,"menu_order":0,"comment_status":"closed","ping_status":"closed","template":"","meta":{"footnotes":""},"class_list":["post-8803","page","type-page","status-publish","hentry"],"_links":{"self":[{"href":"https:\/\/gallery-puzic.com\/en\/wp-json\/wp\/v2\/pages\/8803","targetHints":{"allow":["GET"]}}],"collection":[{"href":"https:\/\/gallery-puzic.com\/en\/wp-json\/wp\/v2\/pages"}],"about":[{"href":"https:\/\/gallery-puzic.com\/en\/wp-json\/wp\/v2\/types\/page"}],"author":[{"embeddable":true,"href":"https:\/\/gallery-puzic.com\/en\/wp-json\/wp\/v2\/users\/1"}],"replies":[{"embeddable":true,"href":"https:\/\/gallery-puzic.com\/en\/wp-json\/wp\/v2\/comments?post=8803"}],"version-history":[{"count":28,"href":"https:\/\/gallery-puzic.com\/en\/wp-json\/wp\/v2\/pages\/8803\/revisions"}],"predecessor-version":[{"id":8856,"href":"https:\/\/gallery-puzic.com\/en\/wp-json\/wp\/v2\/pages\/8803\/revisions\/8856"}],"wp:attachment":[{"href":"https:\/\/gallery-puzic.com\/en\/wp-json\/wp\/v2\/media?parent=8803"}],"curies":[{"name":"wp","href":"https:\/\/api.w.org\/{rel}","templated":true}]}}