{"id":8764,"date":"2026-04-15T21:04:09","date_gmt":"2026-04-15T21:04:09","guid":{"rendered":"https:\/\/gallery-puzic.com\/?page_id=8764"},"modified":"2026-04-15T21:37:05","modified_gmt":"2026-04-15T21:37:05","slug":"selected-artworks-max-neumann","status":"publish","type":"page","link":"https:\/\/gallery-puzic.com\/en\/selected-artworks-max-neumann\/","title":{"rendered":"Selected Artworks Max Neumann"},"content":{"rendered":"<div data-elementor-type=\"wp-page\" data-elementor-id=\"8764\" class=\"elementor elementor-8764\">\n\t\t\t\t\t\t<section class=\"elementor-section elementor-top-section elementor-element elementor-element-beb7107 elementor-section-boxed elementor-section-height-default elementor-section-height-default\" data-id=\"beb7107\" data-element_type=\"section\" data-e-type=\"section\">\n\t\t\t\t\t\t<div class=\"elementor-container elementor-column-gap-default\">\n\t\t\t\t\t<div class=\"elementor-column elementor-col-33 elementor-top-column elementor-element elementor-element-a104e6d\" data-id=\"a104e6d\" data-element_type=\"column\" data-e-type=\"column\">\n\t\t\t<div class=\"elementor-widget-wrap elementor-element-populated\">\n\t\t\t\t\t\t<div class=\"elementor-element elementor-element-dbcd922 elementor-widget elementor-widget-image\" data-id=\"dbcd922\" data-element_type=\"widget\" data-e-type=\"widget\" data-widget_type=\"image.default\">\n\t\t\t\t<div class=\"elementor-widget-container\">\n\t\t\t\t\t\t\t\t\t\t\t\t\t\t\t<img fetchpriority=\"high\" decoding=\"async\" width=\"800\" height=\"800\" src=\"https:\/\/gallery-puzic.com\/wp-content\/uploads\/2026\/04\/Unbenannt-1-1024x1024.png\" class=\"elementor-animation-grow attachment-large size-large wp-image-8768\" alt=\"\" srcset=\"https:\/\/gallery-puzic.com\/wp-content\/uploads\/2026\/04\/Unbenannt-1-1024x1024.png 1024w, https:\/\/gallery-puzic.com\/wp-content\/uploads\/2026\/04\/Unbenannt-1-300x300.png 300w, https:\/\/gallery-puzic.com\/wp-content\/uploads\/2026\/04\/Unbenannt-1-150x150.png 150w, https:\/\/gallery-puzic.com\/wp-content\/uploads\/2026\/04\/Unbenannt-1-768x768.png 768w, https:\/\/gallery-puzic.com\/wp-content\/uploads\/2026\/04\/Unbenannt-1-1536x1536.png 1536w, https:\/\/gallery-puzic.com\/wp-content\/uploads\/2026\/04\/Unbenannt-1-2048x2048.png 2048w, https:\/\/gallery-puzic.com\/wp-content\/uploads\/2026\/04\/Unbenannt-1-12x12.png 12w\" sizes=\"(max-width: 800px) 100vw, 800px\" \/>\t\t\t\t\t\t\t\t\t\t\t\t\t\t\t<\/div>\n\t\t\t\t<\/div>\n\t\t\t\t<div class=\"elementor-element elementor-element-0535add elementor-widget elementor-widget-text-editor\" data-id=\"0535add\" data-element_type=\"widget\" data-e-type=\"widget\" data-widget_type=\"text-editor.default\">\n\t\t\t\t<div class=\"elementor-widget-container\">\n\t\t\t\t\t\t\t\t\t<p>VERF\u00dcGBAR | AVAILABLE<\/p>\t\t\t\t\t\t\t\t<\/div>\n\t\t\t\t<\/div>\n\t\t\t\t\t<\/div>\n\t\t<\/div>\n\t\t\t\t<div class=\"elementor-column elementor-col-33 elementor-top-column elementor-element elementor-element-1c9283c\" data-id=\"1c9283c\" data-element_type=\"column\" data-e-type=\"column\">\n\t\t\t<div class=\"elementor-widget-wrap elementor-element-populated\">\n\t\t\t\t\t\t<div class=\"elementor-element elementor-element-14c7460 elementor-widget elementor-widget-image\" data-id=\"14c7460\" data-element_type=\"widget\" data-e-type=\"widget\" data-widget_type=\"image.default\">\n\t\t\t\t<div class=\"elementor-widget-container\">\n\t\t\t\t\t\t\t\t\t\t\t\t\t\t\t<img decoding=\"async\" width=\"800\" height=\"800\" src=\"https:\/\/gallery-puzic.com\/wp-content\/uploads\/2026\/04\/Unbenannt-2-1024x1024.png\" class=\"elementor-animation-grow attachment-large size-large wp-image-8769\" alt=\"\" srcset=\"https:\/\/gallery-puzic.com\/wp-content\/uploads\/2026\/04\/Unbenannt-2-1024x1024.png 1024w, https:\/\/gallery-puzic.com\/wp-content\/uploads\/2026\/04\/Unbenannt-2-300x300.png 300w, https:\/\/gallery-puzic.com\/wp-content\/uploads\/2026\/04\/Unbenannt-2-150x150.png 150w, https:\/\/gallery-puzic.com\/wp-content\/uploads\/2026\/04\/Unbenannt-2-768x768.png 768w, https:\/\/gallery-puzic.com\/wp-content\/uploads\/2026\/04\/Unbenannt-2-1536x1536.png 1536w, https:\/\/gallery-puzic.com\/wp-content\/uploads\/2026\/04\/Unbenannt-2-2048x2048.png 2048w, https:\/\/gallery-puzic.com\/wp-content\/uploads\/2026\/04\/Unbenannt-2-12x12.png 12w\" sizes=\"(max-width: 800px) 100vw, 800px\" \/>\t\t\t\t\t\t\t\t\t\t\t\t\t\t\t<\/div>\n\t\t\t\t<\/div>\n\t\t\t\t<div class=\"elementor-element elementor-element-d5f0bdf elementor-widget elementor-widget-text-editor\" data-id=\"d5f0bdf\" data-element_type=\"widget\" data-e-type=\"widget\" data-widget_type=\"text-editor.default\">\n\t\t\t\t<div class=\"elementor-widget-container\">\n\t\t\t\t\t\t\t\t\t<p>VERGEBEN | TAKEN<\/p>\t\t\t\t\t\t\t\t<\/div>\n\t\t\t\t<\/div>\n\t\t\t\t\t<\/div>\n\t\t<\/div>\n\t\t\t\t<div class=\"elementor-column elementor-col-33 elementor-top-column elementor-element elementor-element-0a63626\" data-id=\"0a63626\" data-element_type=\"column\" data-e-type=\"column\">\n\t\t\t<div class=\"elementor-widget-wrap elementor-element-populated\">\n\t\t\t\t\t\t<div class=\"elementor-element elementor-element-ef2a1cd elementor-widget elementor-widget-image\" data-id=\"ef2a1cd\" data-element_type=\"widget\" data-e-type=\"widget\" data-widget_type=\"image.default\">\n\t\t\t\t<div class=\"elementor-widget-container\">\n\t\t\t\t\t\t\t\t\t\t\t\t\t\t\t<img decoding=\"async\" width=\"800\" height=\"800\" src=\"https:\/\/gallery-puzic.com\/wp-content\/uploads\/2026\/04\/Unbenannt-3-1024x1024.png\" class=\"elementor-animation-grow attachment-large size-large wp-image-8770\" alt=\"\" srcset=\"https:\/\/gallery-puzic.com\/wp-content\/uploads\/2026\/04\/Unbenannt-3-1024x1024.png 1024w, https:\/\/gallery-puzic.com\/wp-content\/uploads\/2026\/04\/Unbenannt-3-300x300.png 300w, https:\/\/gallery-puzic.com\/wp-content\/uploads\/2026\/04\/Unbenannt-3-150x150.png 150w, https:\/\/gallery-puzic.com\/wp-content\/uploads\/2026\/04\/Unbenannt-3-768x768.png 768w, https:\/\/gallery-puzic.com\/wp-content\/uploads\/2026\/04\/Unbenannt-3-1536x1536.png 1536w, https:\/\/gallery-puzic.com\/wp-content\/uploads\/2026\/04\/Unbenannt-3-2048x2048.png 2048w, https:\/\/gallery-puzic.com\/wp-content\/uploads\/2026\/04\/Unbenannt-3-12x12.png 12w\" sizes=\"(max-width: 800px) 100vw, 800px\" \/>\t\t\t\t\t\t\t\t\t\t\t\t\t\t\t<\/div>\n\t\t\t\t<\/div>\n\t\t\t\t<div class=\"elementor-element elementor-element-f354232 elementor-widget elementor-widget-text-editor\" data-id=\"f354232\" data-element_type=\"widget\" data-e-type=\"widget\" data-widget_type=\"text-editor.default\">\n\t\t\t\t<div class=\"elementor-widget-container\">\n\t\t\t\t\t\t\t\t\t<p>VERF\u00dcGBAR | AVAILABLE<\/p>\t\t\t\t\t\t\t\t<\/div>\n\t\t\t\t<\/div>\n\t\t\t\t\t<\/div>\n\t\t<\/div>\n\t\t\t\t\t<\/div>\n\t\t<\/section>\n\t\t\t\t<section class=\"elementor-section elementor-top-section elementor-element elementor-element-6d307c1 elementor-section-boxed elementor-section-height-default elementor-section-height-default\" data-id=\"6d307c1\" data-element_type=\"section\" data-e-type=\"section\">\n\t\t\t\t\t\t<div class=\"elementor-container elementor-column-gap-default\">\n\t\t\t\t\t<div class=\"elementor-column elementor-col-33 elementor-top-column elementor-element elementor-element-47ab979\" data-id=\"47ab979\" data-element_type=\"column\" data-e-type=\"column\">\n\t\t\t<div class=\"elementor-widget-wrap elementor-element-populated\">\n\t\t\t\t\t\t<div class=\"elementor-element elementor-element-ce5347c elementor-widget elementor-widget-image\" data-id=\"ce5347c\" data-element_type=\"widget\" data-e-type=\"widget\" data-widget_type=\"image.default\">\n\t\t\t\t<div class=\"elementor-widget-container\">\n\t\t\t\t\t\t\t\t\t\t\t\t\t\t\t<img loading=\"lazy\" decoding=\"async\" width=\"800\" height=\"800\" src=\"https:\/\/gallery-puzic.com\/wp-content\/uploads\/2026\/04\/Unbenannt-4-1024x1024.png\" class=\"elementor-animation-grow attachment-large size-large wp-image-8771\" alt=\"\" srcset=\"https:\/\/gallery-puzic.com\/wp-content\/uploads\/2026\/04\/Unbenannt-4-1024x1024.png 1024w, https:\/\/gallery-puzic.com\/wp-content\/uploads\/2026\/04\/Unbenannt-4-300x300.png 300w, https:\/\/gallery-puzic.com\/wp-content\/uploads\/2026\/04\/Unbenannt-4-150x150.png 150w, https:\/\/gallery-puzic.com\/wp-content\/uploads\/2026\/04\/Unbenannt-4-768x768.png 768w, https:\/\/gallery-puzic.com\/wp-content\/uploads\/2026\/04\/Unbenannt-4-1536x1536.png 1536w, https:\/\/gallery-puzic.com\/wp-content\/uploads\/2026\/04\/Unbenannt-4-2048x2048.png 2048w, https:\/\/gallery-puzic.com\/wp-content\/uploads\/2026\/04\/Unbenannt-4-12x12.png 12w\" sizes=\"(max-width: 800px) 100vw, 800px\" \/>\t\t\t\t\t\t\t\t\t\t\t\t\t\t\t<\/div>\n\t\t\t\t<\/div>\n\t\t\t\t<div class=\"elementor-element elementor-element-91c240f elementor-widget elementor-widget-text-editor\" data-id=\"91c240f\" data-element_type=\"widget\" data-e-type=\"widget\" data-widget_type=\"text-editor.default\">\n\t\t\t\t<div class=\"elementor-widget-container\">\n\t\t\t\t\t\t\t\t\t<p>VERGEBEN | TAKEN<\/p>\t\t\t\t\t\t\t\t<\/div>\n\t\t\t\t<\/div>\n\t\t\t\t\t<\/div>\n\t\t<\/div>\n\t\t\t\t<div class=\"elementor-column elementor-col-33 elementor-top-column elementor-element elementor-element-5aea462\" data-id=\"5aea462\" data-element_type=\"column\" data-e-type=\"column\">\n\t\t\t<div class=\"elementor-widget-wrap elementor-element-populated\">\n\t\t\t\t\t\t<div class=\"elementor-element elementor-element-7118faa elementor-widget elementor-widget-image\" data-id=\"7118faa\" data-element_type=\"widget\" data-e-type=\"widget\" data-widget_type=\"image.default\">\n\t\t\t\t<div class=\"elementor-widget-container\">\n\t\t\t\t\t\t\t\t\t\t\t\t\t\t\t<img loading=\"lazy\" decoding=\"async\" width=\"800\" height=\"800\" src=\"https:\/\/gallery-puzic.com\/wp-content\/uploads\/2026\/04\/Unbenannt-5-1024x1024.png\" class=\"elementor-animation-grow attachment-large size-large wp-image-8772\" alt=\"\" srcset=\"https:\/\/gallery-puzic.com\/wp-content\/uploads\/2026\/04\/Unbenannt-5-1024x1024.png 1024w, https:\/\/gallery-puzic.com\/wp-content\/uploads\/2026\/04\/Unbenannt-5-300x300.png 300w, https:\/\/gallery-puzic.com\/wp-content\/uploads\/2026\/04\/Unbenannt-5-150x150.png 150w, https:\/\/gallery-puzic.com\/wp-content\/uploads\/2026\/04\/Unbenannt-5-768x768.png 768w, https:\/\/gallery-puzic.com\/wp-content\/uploads\/2026\/04\/Unbenannt-5-1536x1536.png 1536w, https:\/\/gallery-puzic.com\/wp-content\/uploads\/2026\/04\/Unbenannt-5-2048x2048.png 2048w, https:\/\/gallery-puzic.com\/wp-content\/uploads\/2026\/04\/Unbenannt-5-12x12.png 12w\" sizes=\"(max-width: 800px) 100vw, 800px\" \/>\t\t\t\t\t\t\t\t\t\t\t\t\t\t\t<\/div>\n\t\t\t\t<\/div>\n\t\t\t\t<div class=\"elementor-element elementor-element-9da53f8 elementor-widget elementor-widget-text-editor\" data-id=\"9da53f8\" data-element_type=\"widget\" data-e-type=\"widget\" data-widget_type=\"text-editor.default\">\n\t\t\t\t<div class=\"elementor-widget-container\">\n\t\t\t\t\t\t\t\t\t<p>VERGEBEN | TAKEN<\/p>\t\t\t\t\t\t\t\t<\/div>\n\t\t\t\t<\/div>\n\t\t\t\t\t<\/div>\n\t\t<\/div>\n\t\t\t\t<div class=\"elementor-column elementor-col-33 elementor-top-column elementor-element elementor-element-22ec6a7\" data-id=\"22ec6a7\" data-element_type=\"column\" data-e-type=\"column\">\n\t\t\t<div class=\"elementor-widget-wrap elementor-element-populated\">\n\t\t\t\t\t\t<div class=\"elementor-element elementor-element-97c7ac1 elementor-widget elementor-widget-image\" data-id=\"97c7ac1\" data-element_type=\"widget\" data-e-type=\"widget\" data-widget_type=\"image.default\">\n\t\t\t\t<div class=\"elementor-widget-container\">\n\t\t\t\t\t\t\t\t\t\t\t\t\t\t\t<img loading=\"lazy\" decoding=\"async\" width=\"800\" height=\"800\" src=\"https:\/\/gallery-puzic.com\/wp-content\/uploads\/2026\/04\/Unbenannt-6-1024x1024.png\" class=\"elementor-animation-grow attachment-large size-large wp-image-8773\" alt=\"\" srcset=\"https:\/\/gallery-puzic.com\/wp-content\/uploads\/2026\/04\/Unbenannt-6-1024x1024.png 1024w, https:\/\/gallery-puzic.com\/wp-content\/uploads\/2026\/04\/Unbenannt-6-300x300.png 300w, https:\/\/gallery-puzic.com\/wp-content\/uploads\/2026\/04\/Unbenannt-6-150x150.png 150w, https:\/\/gallery-puzic.com\/wp-content\/uploads\/2026\/04\/Unbenannt-6-768x768.png 768w, https:\/\/gallery-puzic.com\/wp-content\/uploads\/2026\/04\/Unbenannt-6-1536x1536.png 1536w, https:\/\/gallery-puzic.com\/wp-content\/uploads\/2026\/04\/Unbenannt-6-2048x2048.png 2048w, https:\/\/gallery-puzic.com\/wp-content\/uploads\/2026\/04\/Unbenannt-6-12x12.png 12w\" sizes=\"(max-width: 800px) 100vw, 800px\" \/>\t\t\t\t\t\t\t\t\t\t\t\t\t\t\t<\/div>\n\t\t\t\t<\/div>\n\t\t\t\t<div class=\"elementor-element elementor-element-510b2b6 elementor-widget elementor-widget-text-editor\" data-id=\"510b2b6\" data-element_type=\"widget\" data-e-type=\"widget\" data-widget_type=\"text-editor.default\">\n\t\t\t\t<div class=\"elementor-widget-container\">\n\t\t\t\t\t\t\t\t\t<p>VERF\u00dcGBAR | AVAILABLE<\/p>\t\t\t\t\t\t\t\t<\/div>\n\t\t\t\t<\/div>\n\t\t\t\t\t<\/div>\n\t\t<\/div>\n\t\t\t\t\t<\/div>\n\t\t<\/section>\n\t\t\t\t<section class=\"elementor-section elementor-top-section elementor-element elementor-element-6835d77 elementor-section-boxed elementor-section-height-default elementor-section-height-default\" data-id=\"6835d77\" data-element_type=\"section\" data-e-type=\"section\">\n\t\t\t\t\t\t<div class=\"elementor-container elementor-column-gap-default\">\n\t\t\t\t\t<div class=\"elementor-column elementor-col-33 elementor-top-column elementor-element elementor-element-5b7044b\" data-id=\"5b7044b\" data-element_type=\"column\" data-e-type=\"column\">\n\t\t\t<div class=\"elementor-widget-wrap elementor-element-populated\">\n\t\t\t\t\t\t<div class=\"elementor-element elementor-element-abb3f13 elementor-widget elementor-widget-image\" data-id=\"abb3f13\" data-element_type=\"widget\" data-e-type=\"widget\" data-widget_type=\"image.default\">\n\t\t\t\t<div class=\"elementor-widget-container\">\n\t\t\t\t\t\t\t\t\t\t\t\t\t\t\t<img loading=\"lazy\" decoding=\"async\" width=\"800\" height=\"800\" src=\"https:\/\/gallery-puzic.com\/wp-content\/uploads\/2026\/04\/Unbenannt-7-1024x1024.png\" class=\"elementor-animation-grow attachment-large size-large wp-image-8774\" alt=\"\" srcset=\"https:\/\/gallery-puzic.com\/wp-content\/uploads\/2026\/04\/Unbenannt-7-1024x1024.png 1024w, https:\/\/gallery-puzic.com\/wp-content\/uploads\/2026\/04\/Unbenannt-7-300x300.png 300w, https:\/\/gallery-puzic.com\/wp-content\/uploads\/2026\/04\/Unbenannt-7-150x150.png 150w, https:\/\/gallery-puzic.com\/wp-content\/uploads\/2026\/04\/Unbenannt-7-768x768.png 768w, https:\/\/gallery-puzic.com\/wp-content\/uploads\/2026\/04\/Unbenannt-7-1536x1536.png 1536w, https:\/\/gallery-puzic.com\/wp-content\/uploads\/2026\/04\/Unbenannt-7-2048x2048.png 2048w, https:\/\/gallery-puzic.com\/wp-content\/uploads\/2026\/04\/Unbenannt-7-12x12.png 12w\" sizes=\"(max-width: 800px) 100vw, 800px\" \/>\t\t\t\t\t\t\t\t\t\t\t\t\t\t\t<\/div>\n\t\t\t\t<\/div>\n\t\t\t\t<div class=\"elementor-element elementor-element-853c3d0 elementor-widget elementor-widget-text-editor\" data-id=\"853c3d0\" data-element_type=\"widget\" data-e-type=\"widget\" data-widget_type=\"text-editor.default\">\n\t\t\t\t<div class=\"elementor-widget-container\">\n\t\t\t\t\t\t\t\t\t<p>VERGEBEN | TAKEN<\/p>\t\t\t\t\t\t\t\t<\/div>\n\t\t\t\t<\/div>\n\t\t\t\t\t<\/div>\n\t\t<\/div>\n\t\t\t\t<div class=\"elementor-column elementor-col-33 elementor-top-column elementor-element elementor-element-ce5bbc7\" data-id=\"ce5bbc7\" data-element_type=\"column\" data-e-type=\"column\">\n\t\t\t<div class=\"elementor-widget-wrap\">\n\t\t\t\t\t\t\t<\/div>\n\t\t<\/div>\n\t\t\t\t<div class=\"elementor-column elementor-col-33 elementor-top-column elementor-element elementor-element-0c6cfa8\" data-id=\"0c6cfa8\" data-element_type=\"column\" data-e-type=\"column\">\n\t\t\t<div class=\"elementor-widget-wrap\">\n\t\t\t\t\t\t\t<\/div>\n\t\t<\/div>\n\t\t\t\t\t<\/div>\n\t\t<\/section>\n\t\t\t\t<\/div>","protected":false},"excerpt":{"rendered":"<p>VERF\u00dcGBAR | AVAILABLE VERGEBEN | TAKEN VERF\u00dcGBAR | AVAILABLE VERGEBEN | TAKEN VERGEBEN | TAKEN VERF\u00dcGBAR | AVAILABLE VERGEBEN | TAKEN<\/p>","protected":false},"author":1,"featured_media":0,"parent":0,"menu_order":0,"comment_status":"closed","ping_status":"closed","template":"","meta":{"footnotes":""},"class_list":["post-8764","page","type-page","status-publish","hentry"],"_links":{"self":[{"href":"https:\/\/gallery-puzic.com\/en\/wp-json\/wp\/v2\/pages\/8764","targetHints":{"allow":["GET"]}}],"collection":[{"href":"https:\/\/gallery-puzic.com\/en\/wp-json\/wp\/v2\/pages"}],"about":[{"href":"https:\/\/gallery-puzic.com\/en\/wp-json\/wp\/v2\/types\/page"}],"author":[{"embeddable":true,"href":"https:\/\/gallery-puzic.com\/en\/wp-json\/wp\/v2\/users\/1"}],"replies":[{"embeddable":true,"href":"https:\/\/gallery-puzic.com\/en\/wp-json\/wp\/v2\/comments?post=8764"}],"version-history":[{"count":19,"href":"https:\/\/gallery-puzic.com\/en\/wp-json\/wp\/v2\/pages\/8764\/revisions"}],"predecessor-version":[{"id":8801,"href":"https:\/\/gallery-puzic.com\/en\/wp-json\/wp\/v2\/pages\/8764\/revisions\/8801"}],"wp:attachment":[{"href":"https:\/\/gallery-puzic.com\/en\/wp-json\/wp\/v2\/media?parent=8764"}],"curies":[{"name":"wp","href":"https:\/\/api.w.org\/{rel}","templated":true}]}}