{"id":8668,"date":"2026-04-08T09:37:00","date_gmt":"2026-04-08T09:37:00","guid":{"rendered":"https:\/\/gallery-puzic.com\/?page_id=8668"},"modified":"2026-04-09T09:38:41","modified_gmt":"2026-04-09T09:38:41","slug":"mattis-lehmann","status":"publish","type":"page","link":"https:\/\/gallery-puzic.com\/en\/mattis-lehmann\/","title":{"rendered":"Mattis Lehmann"},"content":{"rendered":"<div data-elementor-type=\"wp-page\" data-elementor-id=\"8668\" class=\"elementor elementor-8668\">\n\t\t\t\t\t\t<section class=\"elementor-section elementor-top-section elementor-element elementor-element-a6737e5 elementor-section-boxed elementor-section-height-default elementor-section-height-default\" data-id=\"a6737e5\" data-element_type=\"section\" data-e-type=\"section\">\n\t\t\t\t\t\t<div class=\"elementor-container elementor-column-gap-default\">\n\t\t\t\t\t<div class=\"elementor-column elementor-col-100 elementor-top-column elementor-element elementor-element-aa71508\" data-id=\"aa71508\" data-element_type=\"column\" data-e-type=\"column\">\n\t\t\t<div class=\"elementor-widget-wrap elementor-element-populated\">\n\t\t\t\t\t\t<div class=\"elementor-element elementor-element-dd25e48 elementor-widget-divider--view-line elementor-widget elementor-widget-divider\" data-id=\"dd25e48\" data-element_type=\"widget\" data-e-type=\"widget\" data-widget_type=\"divider.default\">\n\t\t\t\t<div class=\"elementor-widget-container\">\n\t\t\t\t\t\t\t<div class=\"elementor-divider\">\n\t\t\t<span class=\"elementor-divider-separator\">\n\t\t\t\t\t\t<\/span>\n\t\t<\/div>\n\t\t\t\t\t\t<\/div>\n\t\t\t\t<\/div>\n\t\t\t\t\t<\/div>\n\t\t<\/div>\n\t\t\t\t\t<\/div>\n\t\t<\/section>\n\t\t\t\t<section class=\"elementor-section elementor-top-section elementor-element elementor-element-9e4ddce elementor-section-boxed elementor-section-height-default elementor-section-height-default\" data-id=\"9e4ddce\" data-element_type=\"section\" data-e-type=\"section\">\n\t\t\t\t\t\t<div class=\"elementor-container elementor-column-gap-default\">\n\t\t\t\t\t<div class=\"elementor-column elementor-col-100 elementor-top-column elementor-element elementor-element-48f1d7c\" data-id=\"48f1d7c\" data-element_type=\"column\" data-e-type=\"column\">\n\t\t\t<div class=\"elementor-widget-wrap elementor-element-populated\">\n\t\t\t\t\t\t<div class=\"elementor-element elementor-element-9b8b43a elementor-widget elementor-widget-heading\" data-id=\"9b8b43a\" data-element_type=\"widget\" data-e-type=\"widget\" data-widget_type=\"heading.default\">\n\t\t\t\t<div class=\"elementor-widget-container\">\n\t\t\t\t\t<h2 class=\"elementor-heading-title elementor-size-default\">Mattis Lehmann<\/h2>\t\t\t\t<\/div>\n\t\t\t\t<\/div>\n\t\t\t\t\t<\/div>\n\t\t<\/div>\n\t\t\t\t\t<\/div>\n\t\t<\/section>\n\t\t\t\t<section class=\"elementor-section elementor-top-section elementor-element elementor-element-3da7d5c elementor-section-boxed elementor-section-height-default elementor-section-height-default\" data-id=\"3da7d5c\" data-element_type=\"section\" data-e-type=\"section\">\n\t\t\t\t\t\t<div class=\"elementor-container elementor-column-gap-default\">\n\t\t\t\t\t<div class=\"elementor-column elementor-col-25 elementor-top-column elementor-element elementor-element-8696022\" data-id=\"8696022\" data-element_type=\"column\" data-e-type=\"column\">\n\t\t\t<div class=\"elementor-widget-wrap\">\n\t\t\t\t\t\t\t<\/div>\n\t\t<\/div>\n\t\t\t\t<div class=\"elementor-column elementor-col-25 elementor-top-column elementor-element elementor-element-396c4da\" data-id=\"396c4da\" data-element_type=\"column\" data-e-type=\"column\">\n\t\t\t<div class=\"elementor-widget-wrap\">\n\t\t\t\t\t\t\t<\/div>\n\t\t<\/div>\n\t\t\t\t<div class=\"elementor-column elementor-col-25 elementor-top-column elementor-element elementor-element-6c2626d\" data-id=\"6c2626d\" data-element_type=\"column\" data-e-type=\"column\">\n\t\t\t<div class=\"elementor-widget-wrap elementor-element-populated\">\n\t\t\t\t\t\t<div class=\"elementor-element elementor-element-64b433f elementor-widget elementor-widget-text-editor\" data-id=\"64b433f\" data-element_type=\"widget\" data-e-type=\"widget\" data-widget_type=\"text-editor.default\">\n\t\t\t\t<div class=\"elementor-widget-container\">\n\t\t\t\t\t\t\t\t\t<p>artworks<\/p>\t\t\t\t\t\t\t\t<\/div>\n\t\t\t\t<\/div>\n\t\t\t\t\t<\/div>\n\t\t<\/div>\n\t\t\t\t<div class=\"elementor-column elementor-col-25 elementor-top-column elementor-element elementor-element-fbc47c6\" data-id=\"fbc47c6\" data-element_type=\"column\" data-e-type=\"column\">\n\t\t\t<div class=\"elementor-widget-wrap elementor-element-populated\">\n\t\t\t\t\t\t<div class=\"elementor-element elementor-element-b64b3b2 elementor-widget elementor-widget-text-editor\" data-id=\"b64b3b2\" data-element_type=\"widget\" data-e-type=\"widget\" data-widget_type=\"text-editor.default\">\n\t\t\t\t<div class=\"elementor-widget-container\">\n\t\t\t\t\t\t\t\t\t<p>biography<\/p>\t\t\t\t\t\t\t\t<\/div>\n\t\t\t\t<\/div>\n\t\t\t\t\t<\/div>\n\t\t<\/div>\n\t\t\t\t\t<\/div>\n\t\t<\/section>\n\t\t\t\t<section class=\"elementor-section elementor-top-section elementor-element elementor-element-9ad9bd2 elementor-section-boxed elementor-section-height-default elementor-section-height-default\" data-id=\"9ad9bd2\" data-element_type=\"section\" data-e-type=\"section\">\n\t\t\t\t\t\t<div class=\"elementor-container elementor-column-gap-default\">\n\t\t\t\t\t<div class=\"elementor-column elementor-col-50 elementor-top-column elementor-element elementor-element-170a26f\" data-id=\"170a26f\" data-element_type=\"column\" data-e-type=\"column\">\n\t\t\t<div class=\"elementor-widget-wrap elementor-element-populated\">\n\t\t\t\t\t\t<div class=\"elementor-element elementor-element-63c40fc elementor-widget elementor-widget-image\" data-id=\"63c40fc\" data-element_type=\"widget\" data-e-type=\"widget\" data-widget_type=\"image.default\">\n\t\t\t\t<div class=\"elementor-widget-container\">\n\t\t\t\t\t\t\t\t\t\t\t\t<figure class=\"wp-caption\">\n\t\t\t\t\t\t\t\t\t\t<img fetchpriority=\"high\" decoding=\"async\" width=\"199\" height=\"300\" src=\"https:\/\/gallery-puzic.com\/wp-content\/uploads\/2026\/04\/Lehmann-Suchen-Finden-Mixed-media-on-canvas-200x145cm-2026--199x300.jpg\" class=\"attachment-medium size-medium wp-image-8677\" alt=\"\" srcset=\"https:\/\/gallery-puzic.com\/wp-content\/uploads\/2026\/04\/Lehmann-Suchen-Finden-Mixed-media-on-canvas-200x145cm-2026--199x300.jpg 199w, https:\/\/gallery-puzic.com\/wp-content\/uploads\/2026\/04\/Lehmann-Suchen-Finden-Mixed-media-on-canvas-200x145cm-2026--680x1024.jpg 680w, https:\/\/gallery-puzic.com\/wp-content\/uploads\/2026\/04\/Lehmann-Suchen-Finden-Mixed-media-on-canvas-200x145cm-2026--768x1157.jpg 768w, https:\/\/gallery-puzic.com\/wp-content\/uploads\/2026\/04\/Lehmann-Suchen-Finden-Mixed-media-on-canvas-200x145cm-2026--1020x1536.jpg 1020w, https:\/\/gallery-puzic.com\/wp-content\/uploads\/2026\/04\/Lehmann-Suchen-Finden-Mixed-media-on-canvas-200x145cm-2026--1360x2048.jpg 1360w, https:\/\/gallery-puzic.com\/wp-content\/uploads\/2026\/04\/Lehmann-Suchen-Finden-Mixed-media-on-canvas-200x145cm-2026--8x12.jpg 8w, https:\/\/gallery-puzic.com\/wp-content\/uploads\/2026\/04\/Lehmann-Suchen-Finden-Mixed-media-on-canvas-200x145cm-2026-.jpg 1609w\" sizes=\"(max-width: 199px) 100vw, 199px\" \/>\t\t\t\t\t\t\t\t\t\t\t<figcaption class=\"widget-image-caption wp-caption-text\">Suchen Finden, Mixed media on canvas, 200x145cm, 2026 <\/figcaption>\n\t\t\t\t\t\t\t\t\t\t<\/figure>\n\t\t\t\t\t\t\t\t\t<\/div>\n\t\t\t\t<\/div>\n\t\t\t\t\t<\/div>\n\t\t<\/div>\n\t\t\t\t<div class=\"elementor-column elementor-col-50 elementor-top-column elementor-element elementor-element-056721b\" data-id=\"056721b\" data-element_type=\"column\" data-e-type=\"column\">\n\t\t\t<div class=\"elementor-widget-wrap elementor-element-populated\">\n\t\t\t\t\t\t<div class=\"elementor-element elementor-element-d79e559 elementor-widget elementor-widget-image\" data-id=\"d79e559\" data-element_type=\"widget\" data-e-type=\"widget\" data-widget_type=\"image.default\">\n\t\t\t\t<div class=\"elementor-widget-container\">\n\t\t\t\t\t\t\t\t\t\t\t\t<figure class=\"wp-caption\">\n\t\t\t\t\t\t\t\t\t\t<img decoding=\"async\" width=\"300\" height=\"225\" src=\"https:\/\/gallery-puzic.com\/wp-content\/uploads\/2026\/04\/Szenenwechsel-3-Lehmann-left-corridor-300x225.jpg\" class=\"attachment-medium size-medium wp-image-8678\" alt=\"\" srcset=\"https:\/\/gallery-puzic.com\/wp-content\/uploads\/2026\/04\/Szenenwechsel-3-Lehmann-left-corridor-300x225.jpg 300w, https:\/\/gallery-puzic.com\/wp-content\/uploads\/2026\/04\/Szenenwechsel-3-Lehmann-left-corridor-1024x768.jpg 1024w, https:\/\/gallery-puzic.com\/wp-content\/uploads\/2026\/04\/Szenenwechsel-3-Lehmann-left-corridor-768x576.jpg 768w, https:\/\/gallery-puzic.com\/wp-content\/uploads\/2026\/04\/Szenenwechsel-3-Lehmann-left-corridor-1536x1152.jpg 1536w, https:\/\/gallery-puzic.com\/wp-content\/uploads\/2026\/04\/Szenenwechsel-3-Lehmann-left-corridor-2048x1536.jpg 2048w, https:\/\/gallery-puzic.com\/wp-content\/uploads\/2026\/04\/Szenenwechsel-3-Lehmann-left-corridor-16x12.jpg 16w\" sizes=\"(max-width: 300px) 100vw, 300px\" \/>\t\t\t\t\t\t\t\t\t\t\t<figcaption class=\"widget-image-caption wp-caption-text\">installation view of workds by Mattis Lehmann<\/figcaption>\n\t\t\t\t\t\t\t\t\t\t<\/figure>\n\t\t\t\t\t\t\t\t\t<\/div>\n\t\t\t\t<\/div>\n\t\t\t\t\t<\/div>\n\t\t<\/div>\n\t\t\t\t\t<\/div>\n\t\t<\/section>\n\t\t\t\t<section class=\"elementor-section elementor-top-section elementor-element elementor-element-6c39122 elementor-section-boxed elementor-section-height-default elementor-section-height-default\" data-id=\"6c39122\" data-element_type=\"section\" data-e-type=\"section\">\n\t\t\t\t\t\t<div class=\"elementor-container elementor-column-gap-default\">\n\t\t\t\t\t<div class=\"elementor-column elementor-col-33 elementor-top-column elementor-element elementor-element-d93a659\" data-id=\"d93a659\" data-element_type=\"column\" data-e-type=\"column\">\n\t\t\t<div class=\"elementor-widget-wrap elementor-element-populated\">\n\t\t\t\t\t\t<div class=\"elementor-element elementor-element-8079994 elementor-widget elementor-widget-image\" data-id=\"8079994\" data-element_type=\"widget\" data-e-type=\"widget\" data-widget_type=\"image.default\">\n\t\t\t\t<div class=\"elementor-widget-container\">\n\t\t\t\t\t\t\t\t\t\t\t\t<figure class=\"wp-caption\">\n\t\t\t\t\t\t\t\t\t\t<img decoding=\"async\" width=\"253\" height=\"300\" src=\"https:\/\/gallery-puzic.com\/wp-content\/uploads\/2026\/04\/Lehmann-portrait-253x300.jpg\" class=\"attachment-medium size-medium wp-image-8680\" alt=\"\" srcset=\"https:\/\/gallery-puzic.com\/wp-content\/uploads\/2026\/04\/Lehmann-portrait-253x300.jpg 253w, https:\/\/gallery-puzic.com\/wp-content\/uploads\/2026\/04\/Lehmann-portrait-10x12.jpg 10w, https:\/\/gallery-puzic.com\/wp-content\/uploads\/2026\/04\/Lehmann-portrait.jpg 586w\" sizes=\"(max-width: 253px) 100vw, 253px\" \/>\t\t\t\t\t\t\t\t\t\t\t<figcaption class=\"widget-image-caption wp-caption-text\"><\/figcaption>\n\t\t\t\t\t\t\t\t\t\t<\/figure>\n\t\t\t\t\t\t\t\t\t<\/div>\n\t\t\t\t<\/div>\n\t\t\t\t\t<\/div>\n\t\t<\/div>\n\t\t\t\t<div class=\"elementor-column elementor-col-66 elementor-top-column elementor-element elementor-element-571c8e9\" data-id=\"571c8e9\" data-element_type=\"column\" data-e-type=\"column\">\n\t\t\t<div class=\"elementor-widget-wrap elementor-element-populated\">\n\t\t\t\t\t\t<div class=\"elementor-element elementor-element-de55b61 elementor-widget elementor-widget-text-editor\" data-id=\"de55b61\" data-element_type=\"widget\" data-e-type=\"widget\" data-widget_type=\"text-editor.default\">\n\t\t\t\t<div class=\"elementor-widget-container\">\n\t\t\t\t\t\t\t\t\t<p>Mattis Lehmann\u00a0 |\u00a0 biography<\/p><p class=\"p3\">\u00a0<\/p><p class=\"p5\">2002 Geboren in Karlsruhe<\/p><p>\u00a0<\/p><p class=\"p5\"><strong>Ausbildung<\/strong><\/p><p class=\"p5\">Studium Freie Kunst Hochschule der Bildenden K\u00fcnste Saarbr\u00fccken 2023-vrsl. 2028<\/p><p class=\"p5\"><strong>Ausstellungen (Auswahl<\/strong>)<\/p><p>2026 &#8222;Szenenwechsel&#8220; Gallery\u00a0 <span class=\"s1\">Puzi\u0107 \/ Johannis Str. <\/span>Saarbr\u00fccken\u00a0\u00a0<\/p><p class=\"p5\">2026 Lichthof Akademie der Bildenden K\u00fcnste Karlsruhe\u00a0<\/p><p class=\"p5\">2026 &#8222;Radikale Verunsicherung&#8220; Kunstpreis Sparkasse Karlsruhe\u00a0<\/p><p class=\"p5\">2025 &#8211; 2026 Landesbibliothek Saarland Kunstraum Bibliothek\u00a0<\/p><p>2025 &#8222;Mich Machen&#8220;\u00a0 Galerie Greulich Frankfurt\u00a0\u00a0<\/p><p>2025 Homburg Kulturallee\u00a0<\/p><p class=\"p5\">2024 &#8222;Obsession&#8220; Gallery\u00a0 <span class=\"s1\">Puzi\u0107 \/ <\/span>Mainzer Str. Saarbr\u00fccken\u00a0\u00a0<\/p><p class=\"p5\">2024 &#8222;Urban Gutter&#8220; Handwerkergasse V\u00f6lklinger H\u00fctte\u00a0<\/p><p class=\"p5\"><strong>Performances (Auswahl)<\/strong><\/p><p class=\"p5\">2023 Kultur-Adventskalender Saarbr\u00fccken R\u00f6chlingsr\u00f6cheln\u00a0<\/p><p class=\"p5\">2024 Museum Ludwig Budapest V\u00e1ratlan l\u00e1togatok\u2013unexpected visitors\u00a0<\/p><p class=\"p5\">2024 Parlaments Vorplatz Budapest Die Fuge\u00a0<\/p><p class=\"p5\">2025 Kunstmuseum Stuttgart Fisch und Wassergeist\u00a0<\/p><p class=\"p5\"><strong>Auszeichnungen<\/strong><\/p><p class=\"p5\">Deutschlandstipendium Vereinigung zur F\u00f6rderung der HBKsaar e. V. 2024 &#8211; 2025<\/p><p>\u00a0<\/p><p><strong>Artist Statement<\/strong><\/p><p class=\"p1\">Ich bin\u00a0Getrieben von der \u00dcberzeugung, dass Malerei und \u00e4sthetische Zusammenh\u00e4nge ein Handwerk darstellen. Ich glaube fest daran, dass Qualit\u00e4t durch Quantit\u00e4t entsteht &#8211; wer die Mauer am h\u00e4ufigsten baut, baut sie am besten.<\/p>\t\t\t\t\t\t\t\t<\/div>\n\t\t\t\t<\/div>\n\t\t\t\t\t<\/div>\n\t\t<\/div>\n\t\t\t\t\t<\/div>\n\t\t<\/section>\n\t\t\t\t<section class=\"elementor-section elementor-top-section elementor-element elementor-element-a645234 elementor-section-boxed elementor-section-height-default elementor-section-height-default\" data-id=\"a645234\" data-element_type=\"section\" data-e-type=\"section\">\n\t\t\t\t\t\t<div class=\"elementor-container elementor-column-gap-default\">\n\t\t\t\t\t<div class=\"elementor-column elementor-col-100 elementor-top-column elementor-element elementor-element-b7162be\" data-id=\"b7162be\" data-element_type=\"column\" data-e-type=\"column\">\n\t\t\t<div class=\"elementor-widget-wrap elementor-element-populated\">\n\t\t\t\t\t\t<div class=\"elementor-element elementor-element-33f620d elementor-widget-divider--view-line elementor-widget elementor-widget-divider\" data-id=\"33f620d\" data-element_type=\"widget\" data-e-type=\"widget\" data-widget_type=\"divider.default\">\n\t\t\t\t<div class=\"elementor-widget-container\">\n\t\t\t\t\t\t\t<div class=\"elementor-divider\">\n\t\t\t<span class=\"elementor-divider-separator\">\n\t\t\t\t\t\t<\/span>\n\t\t<\/div>\n\t\t\t\t\t\t<\/div>\n\t\t\t\t<\/div>\n\t\t\t\t\t<\/div>\n\t\t<\/div>\n\t\t\t\t\t<\/div>\n\t\t<\/section>\n\t\t\t\t<\/div>","protected":false},"excerpt":{"rendered":"<p>Mattis Lehmann artworks biography Suchen Finden, Mixed media on canvas, 200x145cm, 2026 installation view of workds by Mattis Lehmann Mattis Lehmann\u00a0 |\u00a0 biography \u00a0 2002 Geboren in Karlsruhe \u00a0 Ausbildung Studium Freie Kunst Hochschule der Bildenden K\u00fcnste Saarbr\u00fccken 2023-vrsl. 2028 Ausstellungen (Auswahl) 2026 &#8222;Szenenwechsel&#8220; Gallery\u00a0 Puzi\u0107 \/ Johannis Str. Saarbr\u00fccken\u00a0\u00a0 2026 Lichthof Akademie der Bildenden [&hellip;]<\/p>\n","protected":false},"author":2,"featured_media":0,"parent":0,"menu_order":0,"comment_status":"closed","ping_status":"closed","template":"","meta":{"footnotes":""},"class_list":["post-8668","page","type-page","status-publish","hentry"],"_links":{"self":[{"href":"https:\/\/gallery-puzic.com\/en\/wp-json\/wp\/v2\/pages\/8668","targetHints":{"allow":["GET"]}}],"collection":[{"href":"https:\/\/gallery-puzic.com\/en\/wp-json\/wp\/v2\/pages"}],"about":[{"href":"https:\/\/gallery-puzic.com\/en\/wp-json\/wp\/v2\/types\/page"}],"author":[{"embeddable":true,"href":"https:\/\/gallery-puzic.com\/en\/wp-json\/wp\/v2\/users\/2"}],"replies":[{"embeddable":true,"href":"https:\/\/gallery-puzic.com\/en\/wp-json\/wp\/v2\/comments?post=8668"}],"version-history":[{"count":16,"href":"https:\/\/gallery-puzic.com\/en\/wp-json\/wp\/v2\/pages\/8668\/revisions"}],"predecessor-version":[{"id":8745,"href":"https:\/\/gallery-puzic.com\/en\/wp-json\/wp\/v2\/pages\/8668\/revisions\/8745"}],"wp:attachment":[{"href":"https:\/\/gallery-puzic.com\/en\/wp-json\/wp\/v2\/media?parent=8668"}],"curies":[{"name":"wp","href":"https:\/\/api.w.org\/{rel}","templated":true}]}}