{"id":8417,"date":"2026-02-23T19:51:45","date_gmt":"2026-02-23T19:51:45","guid":{"rendered":"https:\/\/gallery-puzic.com\/?page_id=8417"},"modified":"2026-02-26T13:49:33","modified_gmt":"2026-02-26T13:49:33","slug":"szenenwechsel-2","status":"publish","type":"page","link":"https:\/\/gallery-puzic.com\/en\/szenenwechsel-2\/","title":{"rendered":"Szenenwechsel 2"},"content":{"rendered":"<div data-elementor-type=\"wp-page\" data-elementor-id=\"8417\" class=\"elementor elementor-8417\">\n\t\t\t\t\t\t<section class=\"elementor-section elementor-top-section elementor-element elementor-element-9210713 elementor-section-boxed elementor-section-height-default elementor-section-height-default\" data-id=\"9210713\" data-element_type=\"section\" data-e-type=\"section\">\n\t\t\t\t\t\t<div class=\"elementor-container elementor-column-gap-default\">\n\t\t\t\t\t<div class=\"elementor-column elementor-col-100 elementor-top-column elementor-element elementor-element-5970d48\" data-id=\"5970d48\" data-element_type=\"column\" data-e-type=\"column\">\n\t\t\t<div class=\"elementor-widget-wrap elementor-element-populated\">\n\t\t\t\t\t\t<div class=\"elementor-element elementor-element-dd2cb0d elementor-widget elementor-widget-spacer\" data-id=\"dd2cb0d\" data-element_type=\"widget\" data-e-type=\"widget\" data-widget_type=\"spacer.default\">\n\t\t\t\t<div class=\"elementor-widget-container\">\n\t\t\t\t\t\t\t<div class=\"elementor-spacer\">\n\t\t\t<div class=\"elementor-spacer-inner\"><\/div>\n\t\t<\/div>\n\t\t\t\t\t\t<\/div>\n\t\t\t\t<\/div>\n\t\t\t\t\t<\/div>\n\t\t<\/div>\n\t\t\t\t\t<\/div>\n\t\t<\/section>\n\t\t\t\t<section class=\"elementor-section elementor-top-section elementor-element elementor-element-c774e9e elementor-section-boxed elementor-section-height-default elementor-section-height-default\" data-id=\"c774e9e\" data-element_type=\"section\" data-e-type=\"section\">\n\t\t\t\t\t\t<div class=\"elementor-container elementor-column-gap-default\">\n\t\t\t\t\t<div class=\"elementor-column elementor-col-100 elementor-top-column elementor-element elementor-element-0c1dbe2\" data-id=\"0c1dbe2\" data-element_type=\"column\" data-e-type=\"column\">\n\t\t\t<div class=\"elementor-widget-wrap elementor-element-populated\">\n\t\t\t\t\t\t<div class=\"elementor-element elementor-element-4e263c9 elementor-widget elementor-widget-heading\" data-id=\"4e263c9\" data-element_type=\"widget\" data-e-type=\"widget\" data-widget_type=\"heading.default\">\n\t\t\t\t<div class=\"elementor-widget-container\">\n\t\t\t\t\t<h2 class=\"elementor-heading-title elementor-size-default\">SZENENWECHSEL 2<\/h2>\t\t\t\t<\/div>\n\t\t\t\t<\/div>\n\t\t\t\t\t<\/div>\n\t\t<\/div>\n\t\t\t\t\t<\/div>\n\t\t<\/section>\n\t\t\t\t<section class=\"elementor-section elementor-top-section elementor-element elementor-element-f5cb579 elementor-section-boxed elementor-section-height-default elementor-section-height-default\" data-id=\"f5cb579\" data-element_type=\"section\" data-e-type=\"section\">\n\t\t\t\t\t\t<div class=\"elementor-container elementor-column-gap-default\">\n\t\t\t\t\t<div class=\"elementor-column elementor-col-50 elementor-top-column elementor-element elementor-element-5f39e84\" data-id=\"5f39e84\" data-element_type=\"column\" data-e-type=\"column\">\n\t\t\t<div class=\"elementor-widget-wrap elementor-element-populated\">\n\t\t\t\t\t\t<div class=\"elementor-element elementor-element-de2fc6c elementor-widget elementor-widget-image\" data-id=\"de2fc6c\" data-element_type=\"widget\" data-e-type=\"widget\" data-widget_type=\"image.default\">\n\t\t\t\t<div class=\"elementor-widget-container\">\n\t\t\t\t\t\t\t\t\t\t\t\t\t\t\t<img fetchpriority=\"high\" decoding=\"async\" width=\"300\" height=\"264\" src=\"https:\/\/gallery-puzic.com\/wp-content\/uploads\/2026\/02\/Boogie-Woogie-Poney-300x264.jpg\" class=\"attachment-medium size-medium wp-image-8428\" alt=\"\" srcset=\"https:\/\/gallery-puzic.com\/wp-content\/uploads\/2026\/02\/Boogie-Woogie-Poney-300x264.jpg 300w, https:\/\/gallery-puzic.com\/wp-content\/uploads\/2026\/02\/Boogie-Woogie-Poney-768x677.jpg 768w, https:\/\/gallery-puzic.com\/wp-content\/uploads\/2026\/02\/Boogie-Woogie-Poney-14x12.jpg 14w, https:\/\/gallery-puzic.com\/wp-content\/uploads\/2026\/02\/Boogie-Woogie-Poney.jpg 979w\" sizes=\"(max-width: 300px) 100vw, 300px\" \/>\t\t\t\t\t\t\t\t\t\t\t\t\t\t\t<\/div>\n\t\t\t\t<\/div>\n\t\t\t\t\t<\/div>\n\t\t<\/div>\n\t\t\t\t<div class=\"elementor-column elementor-col-50 elementor-top-column elementor-element elementor-element-5270cb5\" data-id=\"5270cb5\" data-element_type=\"column\" data-e-type=\"column\">\n\t\t\t<div class=\"elementor-widget-wrap elementor-element-populated\">\n\t\t\t\t\t\t<div class=\"elementor-element elementor-element-3ab8993 elementor-widget elementor-widget-image\" data-id=\"3ab8993\" data-element_type=\"widget\" data-e-type=\"widget\" data-widget_type=\"image.default\">\n\t\t\t\t<div class=\"elementor-widget-container\">\n\t\t\t\t\t\t\t\t\t\t\t\t\t\t\t<img decoding=\"async\" width=\"261\" height=\"300\" src=\"https:\/\/gallery-puzic.com\/wp-content\/uploads\/2026\/02\/excentric-butterfly-sm-261x300.jpg\" class=\"attachment-medium size-medium wp-image-8429\" alt=\"\" srcset=\"https:\/\/gallery-puzic.com\/wp-content\/uploads\/2026\/02\/excentric-butterfly-sm-261x300.jpg 261w, https:\/\/gallery-puzic.com\/wp-content\/uploads\/2026\/02\/excentric-butterfly-sm-768x884.jpg 768w, https:\/\/gallery-puzic.com\/wp-content\/uploads\/2026\/02\/excentric-butterfly-sm-10x12.jpg 10w, https:\/\/gallery-puzic.com\/wp-content\/uploads\/2026\/02\/excentric-butterfly-sm.jpg 800w\" sizes=\"(max-width: 261px) 100vw, 261px\" \/>\t\t\t\t\t\t\t\t\t\t\t\t\t\t\t<\/div>\n\t\t\t\t<\/div>\n\t\t\t\t\t<\/div>\n\t\t<\/div>\n\t\t\t\t\t<\/div>\n\t\t<\/section>\n\t\t\t\t<section class=\"elementor-section elementor-top-section elementor-element elementor-element-5829ca7 elementor-section-boxed elementor-section-height-default elementor-section-height-default\" data-id=\"5829ca7\" data-element_type=\"section\" data-e-type=\"section\">\n\t\t\t\t\t\t<div class=\"elementor-container elementor-column-gap-default\">\n\t\t\t\t\t<div class=\"elementor-column elementor-col-100 elementor-top-column elementor-element elementor-element-9e86a8e\" data-id=\"9e86a8e\" data-element_type=\"column\" data-e-type=\"column\">\n\t\t\t<div class=\"elementor-widget-wrap elementor-element-populated\">\n\t\t\t\t\t\t<div class=\"elementor-element elementor-element-d10c4d1 elementor-widget elementor-widget-text-editor\" data-id=\"d10c4d1\" data-element_type=\"widget\" data-e-type=\"widget\" data-widget_type=\"text-editor.default\">\n\t\t\t\t<div class=\"elementor-widget-container\">\n\t\t\t\t\t\t\t\t\t<p style=\"text-align: center;\"><strong>Vernissage: Donnerstag, 26. Februar, 18:00 \u2013 21:00 Uhr<\/strong><\/p><p style=\"text-align: center;\">Johannisstrasse 3A, 66111 Saarbr\u00fccken \/\/ Dauer der Szenenwechsel-Ausstellung: 10.02. \u2013 28.03.2026<\/p><p style=\"text-align: center;\">Curator: Esad Puzic\u0301\u00a0\u00a0<\/p><p>In der zweiten Phase des \u201c<strong>Szenenwechsel\u201d &#8211; Projekts <\/strong>stellt Gallery Puzic\u0301 mit Anne-Marie St\u00f6hr eine weitgereiste K\u00fcnstlerin mit einer spannenden Karriere vor. Sie hat noch nicht in der Johannistrasse ausgestellt aber bereits in vielen L\u00e4ndern gearbeitet (u.a. fast 20 Jahre in Kalifornien), und bezeichnet ihre Malerei als f\u00fcnfte Sprache.<\/p><p>Bereits in ihrer Ausstellung im Saarl\u00e4ndischen K\u00fcnstlerhaus vor ein paar Jahren fielen ihre ausdrucksstarke abstrakte Gestik und die schwungvollen, fl\u00fcssigen, \u00fcberbordenden Farbbahnen auf, die den Betrachter in einen Sog ziehen und gleichsam auch eine phantasievoll-poetische Welt andeuten, in der Wachstum, und ein Schweben diverser<\/p><p>interferierender Farben (Tusche, Acryl, manchmal auch gef\u00e4hrlichere Medien wie Schwefel), eine intensive, erwartungvolle Unruhe hervorrufen. Die Malerin, nach Studienaufenthalten in Schweden, im Saarland und in Frankreich, hat auch mit Performances und Klangkunst experimentiert, und war kuratorisch t\u00e4tig (u.a. mit der Ausstellung \u201cNomadic Structure\u201d, an die sich das Saarbr\u00fccker Publikum erinnern wird). Wir freuen uns darauf, Anne-Marie St\u00f6hrs Arbeiten am 26. Februar auch in einem K\u00fcnstlergespr\u00e4ch inszenieren zu d\u00fcrfen.<\/p>\t\t\t\t\t\t\t\t<\/div>\n\t\t\t\t<\/div>\n\t\t\t\t\t<\/div>\n\t\t<\/div>\n\t\t\t\t\t<\/div>\n\t\t<\/section>\n\t\t\t\t<section class=\"elementor-section elementor-top-section elementor-element elementor-element-5ecab30 elementor-section-boxed elementor-section-height-default elementor-section-height-default\" data-id=\"5ecab30\" data-element_type=\"section\" data-e-type=\"section\">\n\t\t\t\t\t\t<div class=\"elementor-container elementor-column-gap-default\">\n\t\t\t\t\t<div class=\"elementor-column elementor-col-50 elementor-top-column elementor-element elementor-element-e0c67f8\" data-id=\"e0c67f8\" data-element_type=\"column\" data-e-type=\"column\">\n\t\t\t<div class=\"elementor-widget-wrap elementor-element-populated\">\n\t\t\t\t\t\t<div class=\"elementor-element elementor-element-407abe3 elementor-widget elementor-widget-image\" data-id=\"407abe3\" data-element_type=\"widget\" data-e-type=\"widget\" data-widget_type=\"image.default\">\n\t\t\t\t<div class=\"elementor-widget-container\">\n\t\t\t\t\t\t\t\t\t\t\t\t\t\t\t<img decoding=\"async\" width=\"300\" height=\"297\" src=\"https:\/\/gallery-puzic.com\/wp-content\/uploads\/2026\/02\/Textiles-Wandobjekt-28-2026-300x297.png\" class=\"attachment-medium size-medium wp-image-8431\" alt=\"\" srcset=\"https:\/\/gallery-puzic.com\/wp-content\/uploads\/2026\/02\/Textiles-Wandobjekt-28-2026-300x297.png 300w, https:\/\/gallery-puzic.com\/wp-content\/uploads\/2026\/02\/Textiles-Wandobjekt-28-2026-150x150.png 150w, https:\/\/gallery-puzic.com\/wp-content\/uploads\/2026\/02\/Textiles-Wandobjekt-28-2026-12x12.png 12w, https:\/\/gallery-puzic.com\/wp-content\/uploads\/2026\/02\/Textiles-Wandobjekt-28-2026.png 567w\" sizes=\"(max-width: 300px) 100vw, 300px\" \/>\t\t\t\t\t\t\t\t\t\t\t\t\t\t\t<\/div>\n\t\t\t\t<\/div>\n\t\t\t\t\t<\/div>\n\t\t<\/div>\n\t\t\t\t<div class=\"elementor-column elementor-col-50 elementor-top-column elementor-element elementor-element-322c137\" data-id=\"322c137\" data-element_type=\"column\" data-e-type=\"column\">\n\t\t\t<div class=\"elementor-widget-wrap elementor-element-populated\">\n\t\t\t\t\t\t<div class=\"elementor-element elementor-element-1bf1973 elementor-widget elementor-widget-image\" data-id=\"1bf1973\" data-element_type=\"widget\" data-e-type=\"widget\" data-widget_type=\"image.default\">\n\t\t\t\t<div class=\"elementor-widget-container\">\n\t\t\t\t\t\t\t\t\t\t\t\t\t\t\t<img loading=\"lazy\" decoding=\"async\" width=\"279\" height=\"300\" src=\"https:\/\/gallery-puzic.com\/wp-content\/uploads\/2026\/02\/O.T.-2024-279x300.png\" class=\"attachment-medium size-medium wp-image-8432\" alt=\"\" srcset=\"https:\/\/gallery-puzic.com\/wp-content\/uploads\/2026\/02\/O.T.-2024-279x300.png 279w, https:\/\/gallery-puzic.com\/wp-content\/uploads\/2026\/02\/O.T.-2024-11x12.png 11w, https:\/\/gallery-puzic.com\/wp-content\/uploads\/2026\/02\/O.T.-2024.png 561w\" sizes=\"(max-width: 279px) 100vw, 279px\" \/>\t\t\t\t\t\t\t\t\t\t\t\t\t\t\t<\/div>\n\t\t\t\t<\/div>\n\t\t\t\t\t<\/div>\n\t\t<\/div>\n\t\t\t\t\t<\/div>\n\t\t<\/section>\n\t\t\t\t<section class=\"elementor-section elementor-top-section elementor-element elementor-element-ce91641 elementor-section-boxed elementor-section-height-default elementor-section-height-default\" data-id=\"ce91641\" data-element_type=\"section\" data-e-type=\"section\">\n\t\t\t\t\t\t<div class=\"elementor-container elementor-column-gap-default\">\n\t\t\t\t\t<div class=\"elementor-column elementor-col-100 elementor-top-column elementor-element elementor-element-c99bef8\" data-id=\"c99bef8\" data-element_type=\"column\" data-e-type=\"column\">\n\t\t\t<div class=\"elementor-widget-wrap elementor-element-populated\">\n\t\t\t\t\t\t<div class=\"elementor-element elementor-element-9c63eaa elementor-widget elementor-widget-text-editor\" data-id=\"9c63eaa\" data-element_type=\"widget\" data-e-type=\"widget\" data-widget_type=\"text-editor.default\">\n\t\t\t\t<div class=\"elementor-widget-container\">\n\t\t\t\t\t\t\t\t\t<p style=\"text-align: center;\">Am selben Abend zeigen wir geheimnisvoll-hintergr\u00fcndige Textil-Objekte und Skulpturen aus weichen schillernden Materialkonstruktionen der jetzt in Landau beheimateten, fr\u00fcheren Kalifornierin Anna-Lena Sauer, die im Oktober 2024 zum ersten Mal in unserer Galerie zu sehen war.\u00a0<\/p><p style=\"text-align: center;\">Urspr\u00fcnglich aus der Malerei kommend, konzentrieren sich Anna-Lena Sauers neueste Arbeiten zunehmend auf die Erforschung unterschiedlicher Materialien, von nat\u00fcrlichen und synthetischen Textilien bis hin zu Kunststoffen und Farbe.<\/p><p style=\"text-align: center;\">In ihren abstrakten Materialgem\u00e4lden und Skulpturen verwendet die K\u00fcnstlerin Alltagsgegenst\u00e4nde wie Kleidungsst\u00fccke, Stoffreste, kaputte Fu\u00dfb\u00e4lle, Garten- und Fahrradschl\u00e4uche und Verpackungsmaterialien wieder. Sie recycelt sie auf ganz \u00fcberraschende und ausgekl\u00fcgelte Weise.\u00a0<span style=\"color: var( --e-global-color-text ); font-family: var( --e-global-typography-text-font-family ), Sans-serif; font-weight: var( --e-global-typography-text-font-weight ); font-size: 1rem;\">Aus ihrem vertrauten Kontext befreit und in ein Kunstwerk integriert, verlieren die gefundenen Objekte nicht nur ihre urspr\u00fcngliche Funktion, sondern k\u00f6nnen auch nicht mehr klar definiert werden.<\/span><\/p><p style=\"text-align: center;\">\u00a0<\/p>\t\t\t\t\t\t\t\t<\/div>\n\t\t\t\t<\/div>\n\t\t\t\t\t<\/div>\n\t\t<\/div>\n\t\t\t\t\t<\/div>\n\t\t<\/section>\n\t\t\t\t<section class=\"elementor-section elementor-top-section elementor-element elementor-element-d317290 elementor-section-boxed elementor-section-height-default elementor-section-height-default\" data-id=\"d317290\" data-element_type=\"section\" data-e-type=\"section\">\n\t\t\t\t\t\t<div class=\"elementor-container elementor-column-gap-default\">\n\t\t\t\t\t<div class=\"elementor-column elementor-col-100 elementor-top-column elementor-element elementor-element-0fa072e\" data-id=\"0fa072e\" data-element_type=\"column\" data-e-type=\"column\">\n\t\t\t<div class=\"elementor-widget-wrap elementor-element-populated\">\n\t\t\t\t\t\t<div class=\"elementor-element elementor-element-8ff6df4 elementor-widget elementor-widget-image\" data-id=\"8ff6df4\" data-element_type=\"widget\" data-e-type=\"widget\" data-widget_type=\"image.default\">\n\t\t\t\t<div class=\"elementor-widget-container\">\n\t\t\t\t\t\t\t\t\t\t\t\t\t\t\t<img loading=\"lazy\" decoding=\"async\" width=\"300\" height=\"300\" src=\"https:\/\/gallery-puzic.com\/wp-content\/uploads\/2026\/02\/Kocic_Whistle-copy-300x300.png\" class=\"attachment-medium size-medium wp-image-8430\" alt=\"\" srcset=\"https:\/\/gallery-puzic.com\/wp-content\/uploads\/2026\/02\/Kocic_Whistle-copy-300x300.png 300w, https:\/\/gallery-puzic.com\/wp-content\/uploads\/2026\/02\/Kocic_Whistle-copy-150x150.png 150w, https:\/\/gallery-puzic.com\/wp-content\/uploads\/2026\/02\/Kocic_Whistle-copy-12x12.png 12w, https:\/\/gallery-puzic.com\/wp-content\/uploads\/2026\/02\/Kocic_Whistle-copy.png 415w\" sizes=\"(max-width: 300px) 100vw, 300px\" \/>\t\t\t\t\t\t\t\t\t\t\t\t\t\t\t<\/div>\n\t\t\t\t<\/div>\n\t\t\t\t\t<\/div>\n\t\t<\/div>\n\t\t\t\t\t<\/div>\n\t\t<\/section>\n\t\t\t\t<section class=\"elementor-section elementor-top-section elementor-element elementor-element-dd9852f elementor-section-boxed elementor-section-height-default elementor-section-height-default\" data-id=\"dd9852f\" data-element_type=\"section\" data-e-type=\"section\">\n\t\t\t\t\t\t<div class=\"elementor-container elementor-column-gap-default\">\n\t\t\t\t\t<div class=\"elementor-column elementor-col-100 elementor-top-column elementor-element elementor-element-d702799\" data-id=\"d702799\" data-element_type=\"column\" data-e-type=\"column\">\n\t\t\t<div class=\"elementor-widget-wrap elementor-element-populated\">\n\t\t\t\t\t\t<div class=\"elementor-element elementor-element-26a947f elementor-widget elementor-widget-text-editor\" data-id=\"26a947f\" data-element_type=\"widget\" data-e-type=\"widget\" data-widget_type=\"text-editor.default\">\n\t\t\t\t<div class=\"elementor-widget-container\">\n\t\t\t\t\t\t\t\t\t<p style=\"text-align: center;\">Der serbische K\u00fcnstler Ivan Koci\u0107 erg\u00e4nzt das Duo mit seinen beliebten und aufsehenerregenden Collagen aus buntem Plastikm\u00fcll, alten Puppen, Spielzeugen und Vintage-Computerteilen, mit deren verwegenen dreidimensionalen Anordnungen er gleichsam wundersame und verbl\u00fcffende Frauenportr\u00e4ts erzeugt.<\/p><p style=\"text-align: center;\">Wir freuen uns auf Ihren Besuch.<\/p><p>\u00a0<\/p><p style=\"text-align: center;\">F\u00fcr die Werkliste, bitte &#8222;download&#8220; klicken<\/p>\t\t\t\t\t\t\t\t<\/div>\n\t\t\t\t<\/div>\n\t\t\t\t\t<\/div>\n\t\t<\/div>\n\t\t\t\t\t<\/div>\n\t\t<\/section>\n\t\t\t\t<section class=\"elementor-section elementor-top-section elementor-element elementor-element-94b8364 elementor-section-boxed elementor-section-height-default elementor-section-height-default\" data-id=\"94b8364\" data-element_type=\"section\" data-e-type=\"section\">\n\t\t\t\t\t\t<div class=\"elementor-container elementor-column-gap-default\">\n\t\t\t\t\t<div class=\"elementor-column elementor-col-100 elementor-top-column elementor-element elementor-element-94c7e7c\" data-id=\"94c7e7c\" data-element_type=\"column\" data-e-type=\"column\">\n\t\t\t<div class=\"elementor-widget-wrap elementor-element-populated\">\n\t\t\t\t\t\t<div class=\"elementor-element elementor-element-a0b62b4 elementor-align-center elementor-widget elementor-widget-button\" data-id=\"a0b62b4\" data-element_type=\"widget\" data-e-type=\"widget\" data-widget_type=\"button.default\">\n\t\t\t\t<div class=\"elementor-widget-container\">\n\t\t\t\t\t\t\t\t\t<div class=\"elementor-button-wrapper\">\n\t\t\t\t\t<a class=\"elementor-button elementor-button-link elementor-size-sm\" href=\"https:\/\/gallery-puzic.com\/wp-content\/uploads\/2026\/02\/Werkliste_Szenenwechsel-2.pdf\">\n\t\t\t\t\t\t<span class=\"elementor-button-content-wrapper\">\n\t\t\t\t\t\t\t\t\t<span class=\"elementor-button-text\">download<\/span>\n\t\t\t\t\t<\/span>\n\t\t\t\t\t<\/a>\n\t\t\t\t<\/div>\n\t\t\t\t\t\t\t\t<\/div>\n\t\t\t\t<\/div>\n\t\t\t\t\t<\/div>\n\t\t<\/div>\n\t\t\t\t\t<\/div>\n\t\t<\/section>\n\t\t\t\t<section class=\"elementor-section elementor-top-section elementor-element elementor-element-c3bf5ba elementor-section-boxed elementor-section-height-default elementor-section-height-default\" data-id=\"c3bf5ba\" data-element_type=\"section\" data-e-type=\"section\">\n\t\t\t\t\t\t<div class=\"elementor-container elementor-column-gap-default\">\n\t\t\t\t\t<div class=\"elementor-column elementor-col-100 elementor-top-column elementor-element elementor-element-3b03b74\" data-id=\"3b03b74\" data-element_type=\"column\" data-e-type=\"column\">\n\t\t\t<div class=\"elementor-widget-wrap elementor-element-populated\">\n\t\t\t\t\t\t<div class=\"elementor-element elementor-element-114c454 elementor-widget elementor-widget-spacer\" data-id=\"114c454\" data-element_type=\"widget\" data-e-type=\"widget\" data-widget_type=\"spacer.default\">\n\t\t\t\t<div class=\"elementor-widget-container\">\n\t\t\t\t\t\t\t<div class=\"elementor-spacer\">\n\t\t\t<div class=\"elementor-spacer-inner\"><\/div>\n\t\t<\/div>\n\t\t\t\t\t\t<\/div>\n\t\t\t\t<\/div>\n\t\t\t\t\t<\/div>\n\t\t<\/div>\n\t\t\t\t\t<\/div>\n\t\t<\/section>\n\t\t\t\t<section class=\"elementor-section elementor-top-section elementor-element elementor-element-33f7267 elementor-section-boxed elementor-section-height-default elementor-section-height-default\" data-id=\"33f7267\" data-element_type=\"section\" data-e-type=\"section\">\n\t\t\t\t\t\t<div class=\"elementor-container elementor-column-gap-default\">\n\t\t\t\t\t<div class=\"elementor-column elementor-col-100 elementor-top-column elementor-element elementor-element-47122c1\" data-id=\"47122c1\" data-element_type=\"column\" data-e-type=\"column\">\n\t\t\t<div class=\"elementor-widget-wrap elementor-element-populated\">\n\t\t\t\t\t\t<div class=\"elementor-element elementor-element-20a8f48 elementor-widget elementor-widget-spacer\" data-id=\"20a8f48\" data-element_type=\"widget\" data-e-type=\"widget\" data-widget_type=\"spacer.default\">\n\t\t\t\t<div class=\"elementor-widget-container\">\n\t\t\t\t\t\t\t<div class=\"elementor-spacer\">\n\t\t\t<div class=\"elementor-spacer-inner\"><\/div>\n\t\t<\/div>\n\t\t\t\t\t\t<\/div>\n\t\t\t\t<\/div>\n\t\t\t\t\t<\/div>\n\t\t<\/div>\n\t\t\t\t\t<\/div>\n\t\t<\/section>\n\t\t\t\t<\/div>","protected":false},"excerpt":{"rendered":"<p>SZENENWECHSEL 2 Vernissage: Donnerstag, 26. Februar, 18:00 \u2013 21:00 Uhr Johannisstrasse 3A, 66111 Saarbr\u00fccken \/\/ Dauer der Szenenwechsel-Ausstellung: 10.02. \u2013 28.03.2026 Kurator: Esad Puzic\u0301\u00a0\u00a0 In der zweiten Phase des \u201cSzenenwechsel\u201d &#8211; Projekts stellt Gallery Puzic\u0301 mit Anne-Marie St\u00f6hr eine weitgereiste K\u00fcnstlerin mit einer spannenden Karriere vor. Sie hat noch nicht in der Johannistrasse ausgestellt aber [&hellip;]<\/p>\n","protected":false},"author":2,"featured_media":0,"parent":0,"menu_order":0,"comment_status":"closed","ping_status":"closed","template":"","meta":{"footnotes":""},"class_list":["post-8417","page","type-page","status-publish","hentry"],"_links":{"self":[{"href":"https:\/\/gallery-puzic.com\/en\/wp-json\/wp\/v2\/pages\/8417","targetHints":{"allow":["GET"]}}],"collection":[{"href":"https:\/\/gallery-puzic.com\/en\/wp-json\/wp\/v2\/pages"}],"about":[{"href":"https:\/\/gallery-puzic.com\/en\/wp-json\/wp\/v2\/types\/page"}],"author":[{"embeddable":true,"href":"https:\/\/gallery-puzic.com\/en\/wp-json\/wp\/v2\/users\/2"}],"replies":[{"embeddable":true,"href":"https:\/\/gallery-puzic.com\/en\/wp-json\/wp\/v2\/comments?post=8417"}],"version-history":[{"count":40,"href":"https:\/\/gallery-puzic.com\/en\/wp-json\/wp\/v2\/pages\/8417\/revisions"}],"predecessor-version":[{"id":8466,"href":"https:\/\/gallery-puzic.com\/en\/wp-json\/wp\/v2\/pages\/8417\/revisions\/8466"}],"wp:attachment":[{"href":"https:\/\/gallery-puzic.com\/en\/wp-json\/wp\/v2\/media?parent=8417"}],"curies":[{"name":"wp","href":"https:\/\/api.w.org\/{rel}","templated":true}]}}