{"id":829,"date":"2023-03-15T15:26:29","date_gmt":"2023-03-15T15:26:29","guid":{"rendered":"https:\/\/gallery-puzic.com\/?page_id=829"},"modified":"2023-10-04T15:10:50","modified_gmt":"2023-10-04T15:10:50","slug":"die-frau-in-der-kunst","status":"publish","type":"page","link":"https:\/\/gallery-puzic.com\/en\/die-frau-in-der-kunst\/","title":{"rendered":"Die Frau in der Kunst"},"content":{"rendered":"<div data-elementor-type=\"wp-page\" data-elementor-id=\"829\" class=\"elementor elementor-829\">\n\t\t\t\t\t\t<section class=\"elementor-section elementor-top-section elementor-element elementor-element-ed94a4e elementor-section-boxed elementor-section-height-default elementor-section-height-default\" data-id=\"ed94a4e\" data-element_type=\"section\" data-e-type=\"section\">\n\t\t\t\t\t\t<div class=\"elementor-container elementor-column-gap-default\">\n\t\t\t\t\t<div class=\"elementor-column elementor-col-100 elementor-top-column elementor-element elementor-element-776d2dbc\" data-id=\"776d2dbc\" data-element_type=\"column\" data-e-type=\"column\">\n\t\t\t<div class=\"elementor-widget-wrap elementor-element-populated\">\n\t\t\t\t\t\t<div class=\"elementor-element elementor-element-74299266 elementor-widget elementor-widget-text-editor\" data-id=\"74299266\" data-element_type=\"widget\" data-e-type=\"widget\" data-widget_type=\"text-editor.default\">\n\t\t\t\t<div class=\"elementor-widget-container\">\n\t\t\t\t\t\t\t\t\t<p><\/p>\n<figure class=\"wp-block-image size-large\"><img fetchpriority=\"high\" decoding=\"async\" class=\"alignnone wp-image-2300 size-large\" src=\"https:\/\/gallery-puzic.com\/wp-content\/uploads\/2023\/10\/Diskussion_Frau-in-der-Kunst-2-1024x575.png\" alt=\"\" width=\"1024\" height=\"575\" srcset=\"https:\/\/gallery-puzic.com\/wp-content\/uploads\/2023\/10\/Diskussion_Frau-in-der-Kunst-2-1024x575.png 1024w, https:\/\/gallery-puzic.com\/wp-content\/uploads\/2023\/10\/Diskussion_Frau-in-der-Kunst-2-300x168.png 300w, https:\/\/gallery-puzic.com\/wp-content\/uploads\/2023\/10\/Diskussion_Frau-in-der-Kunst-2-768x431.png 768w, https:\/\/gallery-puzic.com\/wp-content\/uploads\/2023\/10\/Diskussion_Frau-in-der-Kunst-2-1536x862.png 1536w, https:\/\/gallery-puzic.com\/wp-content\/uploads\/2023\/10\/Diskussion_Frau-in-der-Kunst-2-2048x1150.png 2048w\" sizes=\"(max-width: 1024px) 100vw, 1024px\" \/><p><\/p>\n<figcaption class=\"wp-element-caption\">Gallery Puzi\u0107<\/figcaption>\n<\/figure>\n<p><\/p>\n<div class=\"wp-block-columns is-layout-flex wp-container-core-columns-is-layout-28f84493 wp-block-columns-is-layout-flex\">\n<p><\/p>\n<div class=\"wp-block-column is-layout-flow wp-block-column-is-layout-flow\">\n<p><\/p>\n<p><b>Die Frau in der Kunst<\/b><\/p>\n<p>Ein Vortrag von Uschi Schmidt Lenhard \u2013 im Kontext der Ausstellung \u201cunkonventionell\u201d (8. M\u00e4rz 2023), mit anschliessender Podiumsdiskussion (Kathrin Lambert, Karin Magar, Johannes Birringer)<br><\/p>\n<p><\/p>\n<p>&nbsp;&nbsp;&nbsp; <i>Ein Bericht von Carsten Kempf<\/i><\/p>\n<p><\/p>\n<p>Drau\u00dfen Demo, drinnen Diskussion: Der Weltfrauentag wirkte sich auch in der Gallery Puzic\u0301 aus. Zur Finissage der Ausstellung \u201eunkonventionell\u201c mit Werken von vier Frauen f\u00fchrte Uschi Schmidt Lenhard am Abend des 8. M\u00e4rz in das Thema \u201eDie Frau in der Kunst\u201c ein. Dieser von pers\u00f6nlichen Erfahrungen durchsetzte Vortrag, von der Autorin selbst als \u201ceigenwillig\u201d bezeichnet, gab die Grundlage ab f\u00fcr die sp\u00e4tere Diskussion, zu der die beiden ausgestellten K\u00fcnstlerinnen Karin Magar und Kathrin Lambert exponiert beitrugen.<\/p>\n<p><\/p>\n<p>Schmidt Lenhard stieg mit Fragen in den Abend ein. Wie viele Werke von Frauen h\u00e4ngen in der Modernen Galerie, wie viele St\u00fccke weiblicher Komponistinnen spielt Saarlands bedeutendstes Orchester? Die Referentin, selbst auch K\u00fcnstlerin, gab flux die Antworten. Zehn Prozent der Werke in der Modernen Galerie seien weiblich, das Orchesterrepertoire kenne kaum Kompositionen von Frauen. Fakten, die bei aller femininen Aufbruchstimmung ern\u00fcchternd wirken und die untermauert wurden von weiteren Beispielen und scharfen Beobachtungen \u00fcber die Rolle der Frau in Literatur und Kunst, im Kunstbetrieb, und auch in der Gesellschaft insgesamt.<\/p>\n<p><\/p>\n<p>Nach der Einf\u00fchrung Schmidt Lenhards gesellten sich die K\u00fcnstlerinnen Magar und Lambert hinzu und er\u00f6ffneten die Diskussion, die moderiert wurde von dem Professor f\u00fcr Performance, Johannes Birringer. Unaufgeregt nahm die Klangk\u00fcnstlerin Lambert Stellung zu ihrer weiblichen Position in der Kunst. Zwar sei die Klangkunst auch dominiert von M\u00e4nnern, doch sie selbst f\u00fchle sich dadurch nicht behindert. Es sei vielmehr ein Auftrag zur Ver\u00e4nderung, dem sie bei ihrem eigenen Klangkunstfestival, der Experimance, gerecht zu werden versuche. Sie verneinte auch die Existenz eines explizit weiblichen Klangs, auch wenn harmonische Soundinstallationen oft Frauen zugeschrieben w\u00fcrden.<\/p>\n<p><\/p>\n<p>Auch Magar, die mit Damenstr\u00fcmpfen kontrastreiche Farbtableaus gestaltet, gab sich gelassen. Nat\u00fcrlich werde ihre Kunst gerade von M\u00e4nnern als erotisch empfunden, doch genau diese maskuline Wahrnehmung animiere sie umso mehr, Kunst aus femininer Perspektive zu machen. Der Wert des Unterschieds zwischen der Kunst der Geschlechter wurde auch von den Diskussionsteilnehmern hervorgehoben, das Einebnen aller Geschlechterdifferenzen fand keinen Anklang, auch wenn Birringer auf einen nonbin\u00e4ren und inklusiven Ansatz hinzuweisen versuchte, um einem queeren Verst\u00e4ndnis zum Thema K\u00fcnstler:innen im politischen Kontext gegenw\u00e4rtiger Feminismen gerecht zu werden.(1) In einem war man sich trotz der meist maskulin dominierten Kunstsph\u00e4ren einig: Qualit\u00e4t setze sich auch in der Kunst durch, was auch ein ehemaliger Galerist in der Diskussion unterstrich.<\/p>\n<p><\/p>\n<p>Galerist Esad Puzic\u0301 selbst betonte in der Debatte, dass er der Vielfalt Raum geben wolle, auch bezogen auf die Geschlechter. Mit der vierw\u00f6chigen Schau \u201eunkonventionell\u201c hat er das nicht nur am Weltfrauentag umgesetzt. Weitere Ausstellungen auch internationaler K\u00fcnstlerinnen sind bereits in Planung.<\/p>\n<p><\/p>\n<div class=\"wp-block-spacer\" style=\"height: 50px;\" aria-hidden=\"true\">&nbsp;<\/div>\n<p><\/p>\n<p style=\"font-size: 12px;\">(1) In der Diskussion wurde auf den bemerkenswerten Katalog der Ausstellung Empowerment: Kunst und Feminismen (Kunstmuseum, September 2022 \u2013 Januar 2023) hingewiesen, der einen kompakten \u00dcberblick bietet \u00fcber kulturelle, politische und k\u00fcnstlerische Entwicklungen der j\u00fcngsten Vergangenheit und der Gegenwart, mit rund 50 Text- und Interviewbeitr\u00e4gen aus Wissenschaft, Kunst und kuratorischer Arbeit sowie Werkabbildungen von etwa 180 Kunstschaffenden aus rund 60 L\u00e4ndern.<\/p>\n<p><\/p>\n<\/div>\n<p><\/p>\n<\/div>\n<p><\/p>\n<div class=\"wp-block-spacer\" style=\"height: 100px;\" aria-hidden=\"true\">&nbsp;<\/div>\n<p><\/p>\t\t\t\t\t\t\t\t<\/div>\n\t\t\t\t<\/div>\n\t\t\t\t\t<\/div>\n\t\t<\/div>\n\t\t\t\t\t<\/div>\n\t\t<\/section>\n\t\t\t\t<section class=\"elementor-section elementor-top-section elementor-element elementor-element-595b7966 elementor-section-boxed elementor-section-height-default elementor-section-height-default\" data-id=\"595b7966\" data-element_type=\"section\" data-e-type=\"section\">\n\t\t\t\t\t\t<div class=\"elementor-container elementor-column-gap-default\">\n\t\t\t\t\t<div class=\"elementor-column elementor-col-100 elementor-top-column elementor-element elementor-element-1120db4f\" data-id=\"1120db4f\" data-element_type=\"column\" data-e-type=\"column\">\n\t\t\t<div class=\"elementor-widget-wrap elementor-element-populated\">\n\t\t\t\t\t\t<div class=\"elementor-element elementor-element-720cd9cc elementor-widget-divider--view-line elementor-widget elementor-widget-divider\" data-id=\"720cd9cc\" data-element_type=\"widget\" data-e-type=\"widget\" data-widget_type=\"divider.default\">\n\t\t\t\t<div class=\"elementor-widget-container\">\n\t\t\t\t\t\t\t<div class=\"elementor-divider\">\n\t\t\t<span class=\"elementor-divider-separator\">\n\t\t\t\t\t\t<\/span>\n\t\t<\/div>\n\t\t\t\t\t\t<\/div>\n\t\t\t\t<\/div>\n\t\t\t\t\t<\/div>\n\t\t<\/div>\n\t\t\t\t\t<\/div>\n\t\t<\/section>\n\t\t\t\t<section class=\"elementor-section elementor-top-section elementor-element elementor-element-38f56df5 elementor-hidden-mobile elementor-section-boxed elementor-section-height-default elementor-section-height-default\" data-id=\"38f56df5\" data-element_type=\"section\" data-e-type=\"section\">\n\t\t\t\t\t\t<div class=\"elementor-container elementor-column-gap-default\">\n\t\t\t\t\t<div class=\"elementor-column elementor-col-33 elementor-top-column elementor-element elementor-element-908e34b\" data-id=\"908e34b\" data-element_type=\"column\" data-e-type=\"column\">\n\t\t\t<div class=\"elementor-widget-wrap elementor-element-populated\">\n\t\t\t\t\t\t<div class=\"elementor-element elementor-element-6c1ef25a elementor-widget elementor-widget-heading\" data-id=\"6c1ef25a\" data-element_type=\"widget\" data-e-type=\"widget\" data-widget_type=\"heading.default\">\n\t\t\t\t<div class=\"elementor-widget-container\">\n\t\t\t\t\t<h5 class=\"elementor-heading-title elementor-size-default\">\u00d6FFNUNGSZEITEN<\/h5>\t\t\t\t<\/div>\n\t\t\t\t<\/div>\n\t\t\t\t<section class=\"elementor-section elementor-inner-section elementor-element elementor-element-455980c8 elementor-section-boxed elementor-section-height-default elementor-section-height-default\" data-id=\"455980c8\" data-element_type=\"section\" data-e-type=\"section\">\n\t\t\t\t\t\t<div class=\"elementor-container elementor-column-gap-default\">\n\t\t\t\t\t<div class=\"elementor-column elementor-col-50 elementor-inner-column elementor-element elementor-element-5e9d92d9\" data-id=\"5e9d92d9\" data-element_type=\"column\" data-e-type=\"column\">\n\t\t\t<div class=\"elementor-widget-wrap elementor-element-populated\">\n\t\t\t\t\t\t<div class=\"elementor-element elementor-element-4849821a elementor-widget elementor-widget-text-editor\" data-id=\"4849821a\" data-element_type=\"widget\" data-e-type=\"widget\" data-widget_type=\"text-editor.default\">\n\t\t\t\t<div class=\"elementor-widget-container\">\n\t\t\t\t\t\t\t\t\t<p>Montag<br \/>Dienstag<br \/>Mittwoch<br \/>Donnerstag<br \/>Freitag<br \/>Samstag<br \/>Sonntag<\/p>\t\t\t\t\t\t\t\t<\/div>\n\t\t\t\t<\/div>\n\t\t\t\t\t<\/div>\n\t\t<\/div>\n\t\t\t\t<div class=\"elementor-column elementor-col-50 elementor-inner-column elementor-element elementor-element-5a499f2\" data-id=\"5a499f2\" data-element_type=\"column\" data-e-type=\"column\">\n\t\t\t<div class=\"elementor-widget-wrap elementor-element-populated\">\n\t\t\t\t\t\t<div class=\"elementor-element elementor-element-2cbb9f18 elementor-widget elementor-widget-text-editor\" data-id=\"2cbb9f18\" data-element_type=\"widget\" data-e-type=\"widget\" data-widget_type=\"text-editor.default\">\n\t\t\t\t<div class=\"elementor-widget-container\">\n\t\t\t\t\t\t\t\t\t<p><em>geschlossen<br \/><\/em>15:00 &#8211; 18:00<em><br \/><\/em>12:00 &#8211; 15:00<br \/>12:00 &#8211; 18:00<br \/>12:00 &#8211; 15:00<br \/>12:00 &#8211; 15:00<em><br \/>geschlossen<br \/><\/em><\/p>\t\t\t\t\t\t\t\t<\/div>\n\t\t\t\t<\/div>\n\t\t\t\t\t<\/div>\n\t\t<\/div>\n\t\t\t\t\t<\/div>\n\t\t<\/section>\n\t\t\t\t\t<\/div>\n\t\t<\/div>\n\t\t\t\t<div class=\"elementor-column elementor-col-33 elementor-top-column elementor-element elementor-element-f6da389\" data-id=\"f6da389\" data-element_type=\"column\" data-e-type=\"column\">\n\t\t\t<div class=\"elementor-widget-wrap elementor-element-populated\">\n\t\t\t\t\t\t<div class=\"elementor-element elementor-element-20265f2 elementor-widget elementor-widget-heading\" data-id=\"20265f2\" data-element_type=\"widget\" data-e-type=\"widget\" data-widget_type=\"heading.default\">\n\t\t\t\t<div class=\"elementor-widget-container\">\n\t\t\t\t\t<h5 class=\"elementor-heading-title elementor-size-default\">ADRESSE<\/h5>\t\t\t\t<\/div>\n\t\t\t\t<\/div>\n\t\t\t\t<div class=\"elementor-element elementor-element-31a4e4d1 elementor-widget elementor-widget-text-editor\" data-id=\"31a4e4d1\" data-element_type=\"widget\" data-e-type=\"widget\" data-widget_type=\"text-editor.default\">\n\t\t\t\t<div class=\"elementor-widget-container\">\n\t\t\t\t\t\t\t\t\t<p style=\"text-align: center;\"><span class=\"LrzXr\">Johannisstra\u00dfe 3A<br \/><\/span><span class=\"LrzXr\">66111 Saarbr\u00fccken<\/span><\/p>\t\t\t\t\t\t\t\t<\/div>\n\t\t\t\t<\/div>\n\t\t\t\t\t<\/div>\n\t\t<\/div>\n\t\t\t\t<div class=\"elementor-column elementor-col-33 elementor-top-column elementor-element elementor-element-a5c081e\" data-id=\"a5c081e\" data-element_type=\"column\" data-e-type=\"column\">\n\t\t\t<div class=\"elementor-widget-wrap elementor-element-populated\">\n\t\t\t\t\t\t<div class=\"elementor-element elementor-element-33edfad0 elementor-widget elementor-widget-heading\" data-id=\"33edfad0\" data-element_type=\"widget\" data-e-type=\"widget\" data-widget_type=\"heading.default\">\n\t\t\t\t<div class=\"elementor-widget-container\">\n\t\t\t\t\t<h5 class=\"elementor-heading-title elementor-size-default\">KONTAKT<\/h5>\t\t\t\t<\/div>\n\t\t\t\t<\/div>\n\t\t\t\t<div class=\"elementor-element elementor-element-6abd40aa elementor-widget elementor-widget-text-editor\" data-id=\"6abd40aa\" data-element_type=\"widget\" data-e-type=\"widget\" data-widget_type=\"text-editor.default\">\n\t\t\t\t<div class=\"elementor-widget-container\">\n\t\t\t\t\t\t\t\t\t<p style=\"text-align: center;\">ESAD PUZI\u0106<br \/>Tel.: +49 157 38317499<br \/>E-Mail: info@gallery-puzic.com<\/p>\t\t\t\t\t\t\t\t<\/div>\n\t\t\t\t<\/div>\n\t\t\t\t\t<\/div>\n\t\t<\/div>\n\t\t\t\t\t<\/div>\n\t\t<\/section>\n\t\t\t\t<section class=\"elementor-section elementor-top-section elementor-element elementor-element-770be6b0 elementor-hidden-desktop elementor-hidden-tablet elementor-section-boxed elementor-section-height-default elementor-section-height-default\" data-id=\"770be6b0\" data-element_type=\"section\" data-e-type=\"section\">\n\t\t\t\t\t\t<div class=\"elementor-container elementor-column-gap-default\">\n\t\t\t\t\t<div class=\"elementor-column elementor-col-100 elementor-top-column elementor-element elementor-element-7d89f0af\" data-id=\"7d89f0af\" data-element_type=\"column\" data-e-type=\"column\">\n\t\t\t<div class=\"elementor-widget-wrap elementor-element-populated\">\n\t\t\t\t\t\t<div class=\"elementor-element elementor-element-7ca9e473 elementor-widget elementor-widget-heading\" data-id=\"7ca9e473\" data-element_type=\"widget\" data-e-type=\"widget\" data-widget_type=\"heading.default\">\n\t\t\t\t<div class=\"elementor-widget-container\">\n\t\t\t\t\t<h5 class=\"elementor-heading-title elementor-size-default\">\u00d6FFNUNGSZEITEN<\/h5>\t\t\t\t<\/div>\n\t\t\t\t<\/div>\n\t\t\t\t<div class=\"elementor-element elementor-element-6963ae18 elementor-widget elementor-widget-toggle\" data-id=\"6963ae18\" data-element_type=\"widget\" data-e-type=\"widget\" data-widget_type=\"toggle.default\">\n\t\t\t\t<div class=\"elementor-widget-container\">\n\t\t\t\t\t\t\t<div class=\"elementor-toggle\">\n\t\t\t\t\t\t\t<div class=\"elementor-toggle-item\">\n\t\t\t\t\t<div id=\"elementor-tab-title-1761\" class=\"elementor-tab-title\" data-tab=\"1\" role=\"button\" aria-controls=\"elementor-tab-content-1761\" aria-expanded=\"false\">\n\t\t\t\t\t\t\t\t\t\t\t\t<a class=\"elementor-toggle-title\" tabindex=\"0\">MONTAG<\/a>\n\t\t\t\t\t<\/div>\n\n\t\t\t\t\t<div id=\"elementor-tab-content-1761\" class=\"elementor-tab-content elementor-clearfix\" data-tab=\"1\" role=\"region\" aria-labelledby=\"elementor-tab-title-1761\"><p>geschlossen<\/p><\/div>\n\t\t\t\t<\/div>\n\t\t\t\t\t\t\t<div class=\"elementor-toggle-item\">\n\t\t\t\t\t<div id=\"elementor-tab-title-1762\" class=\"elementor-tab-title\" data-tab=\"2\" role=\"button\" aria-controls=\"elementor-tab-content-1762\" aria-expanded=\"false\">\n\t\t\t\t\t\t\t\t\t\t\t\t<a class=\"elementor-toggle-title\" tabindex=\"0\">DIENSTAG<\/a>\n\t\t\t\t\t<\/div>\n\n\t\t\t\t\t<div id=\"elementor-tab-content-1762\" class=\"elementor-tab-content elementor-clearfix\" data-tab=\"2\" role=\"region\" aria-labelledby=\"elementor-tab-title-1762\"><p>15:00 &#8211; 18:00<\/p><\/div>\n\t\t\t\t<\/div>\n\t\t\t\t\t\t\t<div class=\"elementor-toggle-item\">\n\t\t\t\t\t<div id=\"elementor-tab-title-1763\" class=\"elementor-tab-title\" data-tab=\"3\" role=\"button\" aria-controls=\"elementor-tab-content-1763\" aria-expanded=\"false\">\n\t\t\t\t\t\t\t\t\t\t\t\t<a class=\"elementor-toggle-title\" tabindex=\"0\">MITTWOCH<\/a>\n\t\t\t\t\t<\/div>\n\n\t\t\t\t\t<div id=\"elementor-tab-content-1763\" class=\"elementor-tab-content elementor-clearfix\" data-tab=\"3\" role=\"region\" aria-labelledby=\"elementor-tab-title-1763\"><p>12:00 &#8211; 15:00<\/p><\/div>\n\t\t\t\t<\/div>\n\t\t\t\t\t\t\t<div class=\"elementor-toggle-item\">\n\t\t\t\t\t<div id=\"elementor-tab-title-1764\" class=\"elementor-tab-title\" data-tab=\"4\" role=\"button\" aria-controls=\"elementor-tab-content-1764\" aria-expanded=\"false\">\n\t\t\t\t\t\t\t\t\t\t\t\t<a class=\"elementor-toggle-title\" tabindex=\"0\">DONNERSTAG<\/a>\n\t\t\t\t\t<\/div>\n\n\t\t\t\t\t<div id=\"elementor-tab-content-1764\" class=\"elementor-tab-content elementor-clearfix\" data-tab=\"4\" role=\"region\" aria-labelledby=\"elementor-tab-title-1764\"><p>12:00 &#8211; 18:00<\/p><\/div>\n\t\t\t\t<\/div>\n\t\t\t\t\t\t\t<div class=\"elementor-toggle-item\">\n\t\t\t\t\t<div id=\"elementor-tab-title-1765\" class=\"elementor-tab-title\" data-tab=\"5\" role=\"button\" aria-controls=\"elementor-tab-content-1765\" aria-expanded=\"false\">\n\t\t\t\t\t\t\t\t\t\t\t\t<a class=\"elementor-toggle-title\" tabindex=\"0\">FREITAG<\/a>\n\t\t\t\t\t<\/div>\n\n\t\t\t\t\t<div id=\"elementor-tab-content-1765\" class=\"elementor-tab-content elementor-clearfix\" data-tab=\"5\" role=\"region\" aria-labelledby=\"elementor-tab-title-1765\"><p>12:00 &#8211; 15:00<\/p><\/div>\n\t\t\t\t<\/div>\n\t\t\t\t\t\t\t<div class=\"elementor-toggle-item\">\n\t\t\t\t\t<div id=\"elementor-tab-title-1766\" class=\"elementor-tab-title\" data-tab=\"6\" role=\"button\" aria-controls=\"elementor-tab-content-1766\" aria-expanded=\"false\">\n\t\t\t\t\t\t\t\t\t\t\t\t<a class=\"elementor-toggle-title\" tabindex=\"0\">SAMSTAG<\/a>\n\t\t\t\t\t<\/div>\n\n\t\t\t\t\t<div id=\"elementor-tab-content-1766\" class=\"elementor-tab-content elementor-clearfix\" data-tab=\"6\" role=\"region\" aria-labelledby=\"elementor-tab-title-1766\"><p>12:00 &#8211; 15:00<\/p><\/div>\n\t\t\t\t<\/div>\n\t\t\t\t\t\t\t<div class=\"elementor-toggle-item\">\n\t\t\t\t\t<div id=\"elementor-tab-title-1767\" class=\"elementor-tab-title\" data-tab=\"7\" role=\"button\" aria-controls=\"elementor-tab-content-1767\" aria-expanded=\"false\">\n\t\t\t\t\t\t\t\t\t\t\t\t<a class=\"elementor-toggle-title\" tabindex=\"0\">SONNTAG<\/a>\n\t\t\t\t\t<\/div>\n\n\t\t\t\t\t<div id=\"elementor-tab-content-1767\" class=\"elementor-tab-content elementor-clearfix\" data-tab=\"7\" role=\"region\" aria-labelledby=\"elementor-tab-title-1767\"><p>geschlossen<\/p><\/div>\n\t\t\t\t<\/div>\n\t\t\t\t\t\t\t\t<\/div>\n\t\t\t\t\t\t<\/div>\n\t\t\t\t<\/div>\n\t\t\t\t<div class=\"elementor-element elementor-element-19523061 elementor-widget elementor-widget-google_maps\" data-id=\"19523061\" data-element_type=\"widget\" data-e-type=\"widget\" data-widget_type=\"google_maps.default\">\n\t\t\t\t<div class=\"elementor-widget-container\">\n\t\t\t\t\t\t\t<div class=\"elementor-custom-embed\">\n\t\t\t<iframe loading=\"lazy\"\n\t\t\t\t\tsrc=\"https:\/\/maps.google.com\/maps?q=Johannisstra%C3%9Fe%203A%2C%2066111%20Saarbr%C3%BCcken&#038;t=m&#038;z=17&#038;output=embed&#038;iwloc=near\"\n\t\t\t\t\ttitle=\"Johannisstra\u00dfe 3A, 66111 Saarbr\u00fccken\"\n\t\t\t\t\taria-label=\"Johannisstra\u00dfe 3A, 66111 Saarbr\u00fccken\"\n\t\t\t><\/iframe>\n\t\t<\/div>\n\t\t\t\t\t\t<\/div>\n\t\t\t\t<\/div>\n\t\t\t\t\t<\/div>\n\t\t<\/div>\n\t\t\t\t\t<\/div>\n\t\t<\/section>\n\t\t\t\t<\/div>","protected":false},"excerpt":{"rendered":"<p>Die Frau in der Kunst Ein Vortrag von Uschi Schmidt Lenhard \u2013 im Kontext der Ausstellung \u201cunkonventionell\u201d (8. M\u00e4rz 2023), mit anschliessender Podiumsdiskussion (Kathrin Lambert, Karin Magar, Johannes Birringer) &nbsp;&nbsp;&nbsp; Ein Bericht von Carsten Kempf Drau\u00dfen Demo, drinnen Diskussion: Der Weltfrauentag wirkte sich auch in der Gallery Puzic\u0301 aus. Zur Finissage der Ausstellung \u201eunkonventionell\u201c mit [&hellip;]<\/p>\n","protected":false},"author":1,"featured_media":0,"parent":0,"menu_order":0,"comment_status":"closed","ping_status":"closed","template":"","meta":{"footnotes":""},"class_list":["post-829","page","type-page","status-publish","hentry"],"_links":{"self":[{"href":"https:\/\/gallery-puzic.com\/en\/wp-json\/wp\/v2\/pages\/829","targetHints":{"allow":["GET"]}}],"collection":[{"href":"https:\/\/gallery-puzic.com\/en\/wp-json\/wp\/v2\/pages"}],"about":[{"href":"https:\/\/gallery-puzic.com\/en\/wp-json\/wp\/v2\/types\/page"}],"author":[{"embeddable":true,"href":"https:\/\/gallery-puzic.com\/en\/wp-json\/wp\/v2\/users\/1"}],"replies":[{"embeddable":true,"href":"https:\/\/gallery-puzic.com\/en\/wp-json\/wp\/v2\/comments?post=829"}],"version-history":[{"count":29,"href":"https:\/\/gallery-puzic.com\/en\/wp-json\/wp\/v2\/pages\/829\/revisions"}],"predecessor-version":[{"id":2313,"href":"https:\/\/gallery-puzic.com\/en\/wp-json\/wp\/v2\/pages\/829\/revisions\/2313"}],"wp:attachment":[{"href":"https:\/\/gallery-puzic.com\/en\/wp-json\/wp\/v2\/media?parent=829"}],"curies":[{"name":"wp","href":"https:\/\/api.w.org\/{rel}","templated":true}]}}