{"id":8286,"date":"2026-02-09T10:16:26","date_gmt":"2026-02-09T10:16:26","guid":{"rendered":"https:\/\/gallery-puzic.com\/?page_id=8286"},"modified":"2026-02-23T12:23:43","modified_gmt":"2026-02-23T12:23:43","slug":"szenenwechsel","status":"publish","type":"page","link":"https:\/\/gallery-puzic.com\/en\/szenenwechsel\/","title":{"rendered":"Szenenwechsel"},"content":{"rendered":"<div data-elementor-type=\"wp-page\" data-elementor-id=\"8286\" class=\"elementor elementor-8286\">\n\t\t\t\t\t\t<section class=\"elementor-section elementor-top-section elementor-element elementor-element-a42992d elementor-section-boxed elementor-section-height-default elementor-section-height-default\" data-id=\"a42992d\" data-element_type=\"section\" data-e-type=\"section\">\n\t\t\t\t\t\t<div class=\"elementor-container elementor-column-gap-default\">\n\t\t\t\t\t<div class=\"elementor-column elementor-col-100 elementor-top-column elementor-element elementor-element-f4b8fe3\" data-id=\"f4b8fe3\" data-element_type=\"column\" data-e-type=\"column\">\n\t\t\t<div class=\"elementor-widget-wrap elementor-element-populated\">\n\t\t\t\t\t\t<div class=\"elementor-element elementor-element-aca8201 elementor-widget elementor-widget-spacer\" data-id=\"aca8201\" data-element_type=\"widget\" data-e-type=\"widget\" data-widget_type=\"spacer.default\">\n\t\t\t\t<div class=\"elementor-widget-container\">\n\t\t\t\t\t\t\t<div class=\"elementor-spacer\">\n\t\t\t<div class=\"elementor-spacer-inner\"><\/div>\n\t\t<\/div>\n\t\t\t\t\t\t<\/div>\n\t\t\t\t<\/div>\n\t\t\t\t\t<\/div>\n\t\t<\/div>\n\t\t\t\t\t<\/div>\n\t\t<\/section>\n\t\t\t\t<section class=\"elementor-section elementor-top-section elementor-element elementor-element-85003d1 elementor-section-boxed elementor-section-height-default elementor-section-height-default\" data-id=\"85003d1\" data-element_type=\"section\" data-e-type=\"section\">\n\t\t\t\t\t\t<div class=\"elementor-container elementor-column-gap-default\">\n\t\t\t\t\t<div class=\"elementor-column elementor-col-100 elementor-top-column elementor-element elementor-element-b3cae68\" data-id=\"b3cae68\" data-element_type=\"column\" data-e-type=\"column\">\n\t\t\t<div class=\"elementor-widget-wrap elementor-element-populated\">\n\t\t\t\t\t\t<div class=\"elementor-element elementor-element-4251be3 elementor-widget elementor-widget-heading\" data-id=\"4251be3\" data-element_type=\"widget\" data-e-type=\"widget\" data-widget_type=\"heading.default\">\n\t\t\t\t<div class=\"elementor-widget-container\">\n\t\t\t\t\t<h2 class=\"elementor-heading-title elementor-size-default\">Szenenwechsel<\/h2>\t\t\t\t<\/div>\n\t\t\t\t<\/div>\n\t\t\t\t\t<\/div>\n\t\t<\/div>\n\t\t\t\t\t<\/div>\n\t\t<\/section>\n\t\t\t\t<section class=\"elementor-section elementor-top-section elementor-element elementor-element-3371e8d elementor-section-boxed elementor-section-height-default elementor-section-height-default\" data-id=\"3371e8d\" data-element_type=\"section\" data-e-type=\"section\">\n\t\t\t\t\t\t<div class=\"elementor-container elementor-column-gap-default\">\n\t\t\t\t\t<div class=\"elementor-column elementor-col-100 elementor-top-column elementor-element elementor-element-7657c8e\" data-id=\"7657c8e\" data-element_type=\"column\" data-e-type=\"column\">\n\t\t\t<div class=\"elementor-widget-wrap elementor-element-populated\">\n\t\t\t\t\t\t<div class=\"elementor-element elementor-element-28eacbb elementor-widget elementor-widget-spacer\" data-id=\"28eacbb\" data-element_type=\"widget\" data-e-type=\"widget\" data-widget_type=\"spacer.default\">\n\t\t\t\t<div class=\"elementor-widget-container\">\n\t\t\t\t\t\t\t<div class=\"elementor-spacer\">\n\t\t\t<div class=\"elementor-spacer-inner\"><\/div>\n\t\t<\/div>\n\t\t\t\t\t\t<\/div>\n\t\t\t\t<\/div>\n\t\t\t\t\t<\/div>\n\t\t<\/div>\n\t\t\t\t\t<\/div>\n\t\t<\/section>\n\t\t\t\t<section class=\"elementor-section elementor-top-section elementor-element elementor-element-abfd3c8 elementor-section-boxed elementor-section-height-default elementor-section-height-default\" data-id=\"abfd3c8\" data-element_type=\"section\" data-e-type=\"section\">\n\t\t\t\t\t\t<div class=\"elementor-container elementor-column-gap-default\">\n\t\t\t\t\t<div class=\"elementor-column elementor-col-33 elementor-top-column elementor-element elementor-element-d6435fe\" data-id=\"d6435fe\" data-element_type=\"column\" data-e-type=\"column\">\n\t\t\t<div class=\"elementor-widget-wrap elementor-element-populated\">\n\t\t\t\t\t\t<div class=\"elementor-element elementor-element-b98ee11 elementor-widget elementor-widget-image\" data-id=\"b98ee11\" data-element_type=\"widget\" data-e-type=\"widget\" data-widget_type=\"image.default\">\n\t\t\t\t<div class=\"elementor-widget-container\">\n\t\t\t\t\t\t\t\t\t\t\t\t<figure class=\"wp-caption\">\n\t\t\t\t\t\t\t\t\t\t<img fetchpriority=\"high\" decoding=\"async\" width=\"225\" height=\"300\" src=\"https:\/\/gallery-puzic.com\/wp-content\/uploads\/2026\/02\/\u00a9-Andre-Mailaender-_-Teich25-Hyle-2-_-LowRes-225x300.jpg\" class=\"attachment-medium size-medium wp-image-8282\" alt=\"\" srcset=\"https:\/\/gallery-puzic.com\/wp-content\/uploads\/2026\/02\/\u00a9-Andre-Mailaender-_-Teich25-Hyle-2-_-LowRes-225x300.jpg 225w, https:\/\/gallery-puzic.com\/wp-content\/uploads\/2026\/02\/\u00a9-Andre-Mailaender-_-Teich25-Hyle-2-_-LowRes-768x1024.jpg 768w, https:\/\/gallery-puzic.com\/wp-content\/uploads\/2026\/02\/\u00a9-Andre-Mailaender-_-Teich25-Hyle-2-_-LowRes-1152x1536.jpg 1152w, https:\/\/gallery-puzic.com\/wp-content\/uploads\/2026\/02\/\u00a9-Andre-Mailaender-_-Teich25-Hyle-2-_-LowRes-1536x2048.jpg 1536w, https:\/\/gallery-puzic.com\/wp-content\/uploads\/2026\/02\/\u00a9-Andre-Mailaender-_-Teich25-Hyle-2-_-LowRes-9x12.jpg 9w, https:\/\/gallery-puzic.com\/wp-content\/uploads\/2026\/02\/\u00a9-Andre-Mailaender-_-Teich25-Hyle-2-_-LowRes.jpg 1772w\" sizes=\"(max-width: 225px) 100vw, 225px\" \/>\t\t\t\t\t\t\t\t\t\t\t<figcaption class=\"widget-image-caption wp-caption-text\">        Andr\u00e9 Mail\u00e4nder, Teich25 - Hyle 2. \t\t                 Archival Inkjet Print auf Matte Paper. 2025         <\/figcaption>\n\t\t\t\t\t\t\t\t\t\t<\/figure>\n\t\t\t\t\t\t\t\t\t<\/div>\n\t\t\t\t<\/div>\n\t\t\t\t\t<\/div>\n\t\t<\/div>\n\t\t\t\t<div class=\"elementor-column elementor-col-33 elementor-top-column elementor-element elementor-element-4f89314\" data-id=\"4f89314\" data-element_type=\"column\" data-e-type=\"column\">\n\t\t\t<div class=\"elementor-widget-wrap elementor-element-populated\">\n\t\t\t\t\t\t<div class=\"elementor-element elementor-element-6d775d5 elementor-widget elementor-widget-image\" data-id=\"6d775d5\" data-element_type=\"widget\" data-e-type=\"widget\" data-widget_type=\"image.default\">\n\t\t\t\t<div class=\"elementor-widget-container\">\n\t\t\t\t\t\t\t\t\t\t\t\t<figure class=\"wp-caption\">\n\t\t\t\t\t\t\t\t\t\t<img decoding=\"async\" width=\"225\" height=\"300\" src=\"https:\/\/gallery-puzic.com\/wp-content\/uploads\/2026\/02\/\u00a9-Andre-Mailaender-_-Teich25-Hyle-1-_-LowRes-225x300.jpg\" class=\"attachment-medium size-medium wp-image-8281\" alt=\"\" srcset=\"https:\/\/gallery-puzic.com\/wp-content\/uploads\/2026\/02\/\u00a9-Andre-Mailaender-_-Teich25-Hyle-1-_-LowRes-225x300.jpg 225w, https:\/\/gallery-puzic.com\/wp-content\/uploads\/2026\/02\/\u00a9-Andre-Mailaender-_-Teich25-Hyle-1-_-LowRes-768x1024.jpg 768w, https:\/\/gallery-puzic.com\/wp-content\/uploads\/2026\/02\/\u00a9-Andre-Mailaender-_-Teich25-Hyle-1-_-LowRes-1152x1536.jpg 1152w, https:\/\/gallery-puzic.com\/wp-content\/uploads\/2026\/02\/\u00a9-Andre-Mailaender-_-Teich25-Hyle-1-_-LowRes-1536x2048.jpg 1536w, https:\/\/gallery-puzic.com\/wp-content\/uploads\/2026\/02\/\u00a9-Andre-Mailaender-_-Teich25-Hyle-1-_-LowRes-9x12.jpg 9w, https:\/\/gallery-puzic.com\/wp-content\/uploads\/2026\/02\/\u00a9-Andre-Mailaender-_-Teich25-Hyle-1-_-LowRes.jpg 1772w\" sizes=\"(max-width: 225px) 100vw, 225px\" \/>\t\t\t\t\t\t\t\t\t\t\t<figcaption class=\"widget-image-caption wp-caption-text\">          Andr\u00e9 Mail\u00e4nder, Teich25 - Hyle 1. \t\t                 Archival Inkjet Print auf Matte Paper. 2025         <\/figcaption>\n\t\t\t\t\t\t\t\t\t\t<\/figure>\n\t\t\t\t\t\t\t\t\t<\/div>\n\t\t\t\t<\/div>\n\t\t\t\t\t<\/div>\n\t\t<\/div>\n\t\t\t\t<div class=\"elementor-column elementor-col-33 elementor-top-column elementor-element elementor-element-d4e667b\" data-id=\"d4e667b\" data-element_type=\"column\" data-e-type=\"column\">\n\t\t\t<div class=\"elementor-widget-wrap elementor-element-populated\">\n\t\t\t\t\t\t<div class=\"elementor-element elementor-element-f7a8c2b elementor-widget elementor-widget-image\" data-id=\"f7a8c2b\" data-element_type=\"widget\" data-e-type=\"widget\" data-widget_type=\"image.default\">\n\t\t\t\t<div class=\"elementor-widget-container\">\n\t\t\t\t\t\t\t\t\t\t\t\t<figure class=\"wp-caption\">\n\t\t\t\t\t\t\t\t\t\t<img decoding=\"async\" width=\"225\" height=\"300\" src=\"https:\/\/gallery-puzic.com\/wp-content\/uploads\/2026\/02\/\u00a9-Andre-Mailaender-_-Teich25-Hyle-3-_-LowRes-225x300.jpg\" class=\"attachment-medium size-medium wp-image-8283\" alt=\"\" srcset=\"https:\/\/gallery-puzic.com\/wp-content\/uploads\/2026\/02\/\u00a9-Andre-Mailaender-_-Teich25-Hyle-3-_-LowRes-225x300.jpg 225w, https:\/\/gallery-puzic.com\/wp-content\/uploads\/2026\/02\/\u00a9-Andre-Mailaender-_-Teich25-Hyle-3-_-LowRes-768x1024.jpg 768w, https:\/\/gallery-puzic.com\/wp-content\/uploads\/2026\/02\/\u00a9-Andre-Mailaender-_-Teich25-Hyle-3-_-LowRes-1152x1536.jpg 1152w, https:\/\/gallery-puzic.com\/wp-content\/uploads\/2026\/02\/\u00a9-Andre-Mailaender-_-Teich25-Hyle-3-_-LowRes-1536x2048.jpg 1536w, https:\/\/gallery-puzic.com\/wp-content\/uploads\/2026\/02\/\u00a9-Andre-Mailaender-_-Teich25-Hyle-3-_-LowRes-9x12.jpg 9w, https:\/\/gallery-puzic.com\/wp-content\/uploads\/2026\/02\/\u00a9-Andre-Mailaender-_-Teich25-Hyle-3-_-LowRes.jpg 1772w\" sizes=\"(max-width: 225px) 100vw, 225px\" \/>\t\t\t\t\t\t\t\t\t\t\t<figcaption class=\"widget-image-caption wp-caption-text\">  Andr\u00e9 Mail\u00e4nder, Teich25 - Hyle 3. \t\t                 Archival Inkjet Print auf Matte Paper. 2025         <\/figcaption>\n\t\t\t\t\t\t\t\t\t\t<\/figure>\n\t\t\t\t\t\t\t\t\t<\/div>\n\t\t\t\t<\/div>\n\t\t\t\t\t<\/div>\n\t\t<\/div>\n\t\t\t\t\t<\/div>\n\t\t<\/section>\n\t\t\t\t<section class=\"elementor-section elementor-top-section elementor-element elementor-element-c1409cf elementor-section-boxed elementor-section-height-default elementor-section-height-default\" data-id=\"c1409cf\" data-element_type=\"section\" data-e-type=\"section\">\n\t\t\t\t\t\t<div class=\"elementor-container elementor-column-gap-default\">\n\t\t\t\t\t<div class=\"elementor-column elementor-col-50 elementor-top-column elementor-element elementor-element-a9e07b9\" data-id=\"a9e07b9\" data-element_type=\"column\" data-e-type=\"column\">\n\t\t\t<div class=\"elementor-widget-wrap elementor-element-populated\">\n\t\t\t\t\t\t<div class=\"elementor-element elementor-element-85c078b elementor-widget elementor-widget-image\" data-id=\"85c078b\" data-element_type=\"widget\" data-e-type=\"widget\" data-widget_type=\"image.default\">\n\t\t\t\t<div class=\"elementor-widget-container\">\n\t\t\t\t\t\t\t\t\t\t\t\t<figure class=\"wp-caption\">\n\t\t\t\t\t\t\t\t\t\t<img loading=\"lazy\" decoding=\"async\" width=\"261\" height=\"300\" src=\"https:\/\/gallery-puzic.com\/wp-content\/uploads\/2026\/02\/Boguslawksi-_Ausblick-2020-261x300.jpg\" class=\"attachment-medium size-medium wp-image-8294\" alt=\"\" srcset=\"https:\/\/gallery-puzic.com\/wp-content\/uploads\/2026\/02\/Boguslawksi-_Ausblick-2020-261x300.jpg 261w, https:\/\/gallery-puzic.com\/wp-content\/uploads\/2026\/02\/Boguslawksi-_Ausblick-2020-892x1024.jpg 892w, https:\/\/gallery-puzic.com\/wp-content\/uploads\/2026\/02\/Boguslawksi-_Ausblick-2020-768x882.jpg 768w, https:\/\/gallery-puzic.com\/wp-content\/uploads\/2026\/02\/Boguslawksi-_Ausblick-2020-1338x1536.jpg 1338w, https:\/\/gallery-puzic.com\/wp-content\/uploads\/2026\/02\/Boguslawksi-_Ausblick-2020-1784x2048.jpg 1784w, https:\/\/gallery-puzic.com\/wp-content\/uploads\/2026\/02\/Boguslawksi-_Ausblick-2020-10x12.jpg 10w\" sizes=\"(max-width: 261px) 100vw, 261px\" \/>\t\t\t\t\t\t\t\t\t\t\t<figcaption class=\"widget-image-caption wp-caption-text\">Hugo Boguslawski, Ausblick, O\u0308l auf Nessel, 150x130, 2020. <\/figcaption>\n\t\t\t\t\t\t\t\t\t\t<\/figure>\n\t\t\t\t\t\t\t\t\t<\/div>\n\t\t\t\t<\/div>\n\t\t\t\t\t<\/div>\n\t\t<\/div>\n\t\t\t\t<div class=\"elementor-column elementor-col-50 elementor-top-column elementor-element elementor-element-07c6cf4\" data-id=\"07c6cf4\" data-element_type=\"column\" data-e-type=\"column\">\n\t\t\t<div class=\"elementor-widget-wrap elementor-element-populated\">\n\t\t\t\t\t\t<div class=\"elementor-element elementor-element-555c4a7 elementor-widget elementor-widget-image\" data-id=\"555c4a7\" data-element_type=\"widget\" data-e-type=\"widget\" data-widget_type=\"image.default\">\n\t\t\t\t<div class=\"elementor-widget-container\">\n\t\t\t\t\t\t\t\t\t\t\t\t<figure class=\"wp-caption\">\n\t\t\t\t\t\t\t\t\t\t<img loading=\"lazy\" decoding=\"async\" width=\"300\" height=\"225\" src=\"https:\/\/gallery-puzic.com\/wp-content\/uploads\/2026\/02\/2-mountains-300x225.jpg\" class=\"attachment-medium size-medium wp-image-8285\" alt=\"\" srcset=\"https:\/\/gallery-puzic.com\/wp-content\/uploads\/2026\/02\/2-mountains-300x225.jpg 300w, https:\/\/gallery-puzic.com\/wp-content\/uploads\/2026\/02\/2-mountains-1024x768.jpg 1024w, https:\/\/gallery-puzic.com\/wp-content\/uploads\/2026\/02\/2-mountains-768x576.jpg 768w, https:\/\/gallery-puzic.com\/wp-content\/uploads\/2026\/02\/2-mountains-1536x1152.jpg 1536w, https:\/\/gallery-puzic.com\/wp-content\/uploads\/2026\/02\/2-mountains-2048x1535.jpg 2048w, https:\/\/gallery-puzic.com\/wp-content\/uploads\/2026\/02\/2-mountains-16x12.jpg 16w\" sizes=\"(max-width: 300px) 100vw, 300px\" \/>\t\t\t\t\t\t\t\t\t\t\t<figcaption class=\"widget-image-caption wp-caption-text\">Bojan \u0160umonja &amp; Marko Jak\u0161e, Giapponese, \u00d6l\/Teer auf Leinwand, 195x201cm, 2017<\/figcaption>\n\t\t\t\t\t\t\t\t\t\t<\/figure>\n\t\t\t\t\t\t\t\t\t<\/div>\n\t\t\t\t<\/div>\n\t\t\t\t\t<\/div>\n\t\t<\/div>\n\t\t\t\t\t<\/div>\n\t\t<\/section>\n\t\t\t\t<section class=\"elementor-section elementor-top-section elementor-element elementor-element-60b439c elementor-section-boxed elementor-section-height-default elementor-section-height-default\" data-id=\"60b439c\" data-element_type=\"section\" data-e-type=\"section\">\n\t\t\t\t\t\t<div class=\"elementor-container elementor-column-gap-default\">\n\t\t\t\t\t<div class=\"elementor-column elementor-col-100 elementor-top-column elementor-element elementor-element-07714a3\" data-id=\"07714a3\" data-element_type=\"column\" data-e-type=\"column\">\n\t\t\t<div class=\"elementor-widget-wrap elementor-element-populated\">\n\t\t\t\t\t\t<div class=\"elementor-element elementor-element-97d90fe elementor-widget elementor-widget-text-editor\" data-id=\"97d90fe\" data-element_type=\"widget\" data-e-type=\"widget\" data-widget_type=\"text-editor.default\">\n\t\t\t\t<div class=\"elementor-widget-container\">\n\t\t\t\t\t\t\t\t\t<p>\u00a0<\/p><h4 style=\"text-align: center;\"><b>Vernissage: Dienstag, 10. Februar, 18:00 \u2013 21:00 Uhr<\/b><\/h4><p style=\"text-align: center;\">Johannisstrasse 3A, 66111 Saarbr\u00fccken \/\/ Dauer der Ausstellung: 10.02. \u2013 08.03.2026<\/p><p style=\"text-align: center;\">Curator: Esad Puzic\u0301\u00a0\u00a0<\/p><p style=\"text-align: center;\">Mit \u201c<strong>Szenenwechsel: Verr\u00fcckte Welt<\/strong>\u201d, einer experimentellen Serie von kurzzeitigen und abwechslungsreichen Ausstellungen und Events, er\u00f6ffnet die Gallery Puzic\u0301 am 10. Februar die neue Saison 2026.<\/p><p style=\"text-align: center;\">Dabei erwarten den Besucher \u00fcberraschende Konstellationen gr\u00f6sserer und kleinerer Werke von K\u00fcnstlerinnen, die zum ersten Mal hier ausstellen, vermischt in st\u00e4ndig wechselnden Spannungsverh\u00e4ltnissen mit Arbeiten von K\u00fcnstlern, die seit Gr\u00fcndung 2022 mit der Galllery zusammenarbeiten.<\/p><p style=\"text-align: center;\">In der ersten Phase wird Andr\u00e9 Mail\u00e4nder neue Fotografien aus seiner Serie \u201c<em>Teich25 \u2013 Hyle<\/em>\u201d vorstellen \u2013 eine brisant ausschnitthafte Durchdringung einer Naturwahnehmung von Bl\u00e4ttern, Wasser, \u00c4sten, feuchtem Nebel, und Geflecht ohne genau erkennbare topografische Geschichte und Hintergrund. Dennoch provoziert die Unsch\u00e4rfe der Dekonstruktion von Naturabbildung einen Erinnerungsprozess, wie er auch bei den gegenstandslos-impulsiven \u201cLandschaften\u201d Hugo Boguslawskis sowie den scheinbar losgel\u00f6st mystischen Berg-Szenen in den Bildern der osteurop\u00e4ischen K\u00fcnstler Bojan \u0160umonja und Marko Jak\u0161e anregend angelegt ist.<\/p><p style=\"text-align: center;\">In der folgenden Phase des Szenenwechsels wird die Gallery neue Werke von Anne-Marie St\u00f6hr, Werner Constroffer, und Ivan Koci\u0107 vorstellen.<\/p><p style=\"text-align: center;\">Wir freuen uns auf Ihren Besuch<\/p>\t\t\t\t\t\t\t\t<\/div>\n\t\t\t\t<\/div>\n\t\t\t\t\t<\/div>\n\t\t<\/div>\n\t\t\t\t\t<\/div>\n\t\t<\/section>\n\t\t\t\t<section class=\"elementor-section elementor-top-section elementor-element elementor-element-c8eb0bb elementor-section-boxed elementor-section-height-default elementor-section-height-default\" data-id=\"c8eb0bb\" data-element_type=\"section\" data-e-type=\"section\">\n\t\t\t\t\t\t<div class=\"elementor-container elementor-column-gap-default\">\n\t\t\t\t\t<div class=\"elementor-column elementor-col-100 elementor-top-column elementor-element elementor-element-a521add\" data-id=\"a521add\" data-element_type=\"column\" data-e-type=\"column\">\n\t\t\t<div class=\"elementor-widget-wrap elementor-element-populated\">\n\t\t\t\t\t\t<div class=\"elementor-element elementor-element-3f74554 elementor-widget elementor-widget-spacer\" data-id=\"3f74554\" data-element_type=\"widget\" data-e-type=\"widget\" data-widget_type=\"spacer.default\">\n\t\t\t\t<div class=\"elementor-widget-container\">\n\t\t\t\t\t\t\t<div class=\"elementor-spacer\">\n\t\t\t<div class=\"elementor-spacer-inner\"><\/div>\n\t\t<\/div>\n\t\t\t\t\t\t<\/div>\n\t\t\t\t<\/div>\n\t\t\t\t\t<\/div>\n\t\t<\/div>\n\t\t\t\t\t<\/div>\n\t\t<\/section>\n\t\t\t\t<section class=\"elementor-section elementor-top-section elementor-element elementor-element-c273825 elementor-section-boxed elementor-section-height-default elementor-section-height-default\" data-id=\"c273825\" data-element_type=\"section\" data-e-type=\"section\">\n\t\t\t\t\t\t<div class=\"elementor-container elementor-column-gap-default\">\n\t\t\t\t\t<div class=\"elementor-column elementor-col-100 elementor-top-column elementor-element elementor-element-4bc6734\" data-id=\"4bc6734\" data-element_type=\"column\" data-e-type=\"column\">\n\t\t\t<div class=\"elementor-widget-wrap elementor-element-populated\">\n\t\t\t\t\t\t<div class=\"elementor-element elementor-element-bd50003 elementor-widget elementor-widget-text-editor\" data-id=\"bd50003\" data-element_type=\"widget\" data-e-type=\"widget\" data-widget_type=\"text-editor.default\">\n\t\t\t\t<div class=\"elementor-widget-container\">\n\t\t\t\t\t\t\t\t\t<p style=\"text-align: center;\">f\u00fcr Werkliste bitte &#8222;download&#8220; klicken<\/p>\t\t\t\t\t\t\t\t<\/div>\n\t\t\t\t<\/div>\n\t\t\t\t\t<\/div>\n\t\t<\/div>\n\t\t\t\t\t<\/div>\n\t\t<\/section>\n\t\t\t\t<section class=\"elementor-section elementor-top-section elementor-element elementor-element-a131ecd elementor-section-boxed elementor-section-height-default elementor-section-height-default\" data-id=\"a131ecd\" data-element_type=\"section\" data-e-type=\"section\">\n\t\t\t\t\t\t<div class=\"elementor-container elementor-column-gap-default\">\n\t\t\t\t\t<div class=\"elementor-column elementor-col-100 elementor-top-column elementor-element elementor-element-5957546\" data-id=\"5957546\" data-element_type=\"column\" data-e-type=\"column\">\n\t\t\t<div class=\"elementor-widget-wrap elementor-element-populated\">\n\t\t\t\t\t\t<div class=\"elementor-element elementor-element-8fbfc63 elementor-align-center elementor-widget elementor-widget-button\" data-id=\"8fbfc63\" data-element_type=\"widget\" data-e-type=\"widget\" data-widget_type=\"button.default\">\n\t\t\t\t<div class=\"elementor-widget-container\">\n\t\t\t\t\t\t\t\t\t<div class=\"elementor-button-wrapper\">\n\t\t\t\t\t<a class=\"elementor-button elementor-button-link elementor-size-sm\" href=\"https:\/\/gallery-puzic.com\/wp-content\/uploads\/2026\/02\/Werkliste_Szenenwechsel.pdf\">\n\t\t\t\t\t\t<span class=\"elementor-button-content-wrapper\">\n\t\t\t\t\t\t\t\t\t<span class=\"elementor-button-text\">download<\/span>\n\t\t\t\t\t<\/span>\n\t\t\t\t\t<\/a>\n\t\t\t\t<\/div>\n\t\t\t\t\t\t\t\t<\/div>\n\t\t\t\t<\/div>\n\t\t\t\t\t<\/div>\n\t\t<\/div>\n\t\t\t\t\t<\/div>\n\t\t<\/section>\n\t\t\t\t<section class=\"elementor-section elementor-top-section elementor-element elementor-element-a4efefc elementor-section-boxed elementor-section-height-default elementor-section-height-default\" data-id=\"a4efefc\" data-element_type=\"section\" data-e-type=\"section\">\n\t\t\t\t\t\t<div class=\"elementor-container elementor-column-gap-default\">\n\t\t\t\t\t<div class=\"elementor-column elementor-col-100 elementor-top-column elementor-element elementor-element-fb00eaa\" data-id=\"fb00eaa\" data-element_type=\"column\" data-e-type=\"column\">\n\t\t\t<div class=\"elementor-widget-wrap elementor-element-populated\">\n\t\t\t\t\t\t<div class=\"elementor-element elementor-element-424adb2 elementor-widget elementor-widget-spacer\" data-id=\"424adb2\" data-element_type=\"widget\" data-e-type=\"widget\" data-widget_type=\"spacer.default\">\n\t\t\t\t<div class=\"elementor-widget-container\">\n\t\t\t\t\t\t\t<div class=\"elementor-spacer\">\n\t\t\t<div class=\"elementor-spacer-inner\"><\/div>\n\t\t<\/div>\n\t\t\t\t\t\t<\/div>\n\t\t\t\t<\/div>\n\t\t\t\t\t<\/div>\n\t\t<\/div>\n\t\t\t\t\t<\/div>\n\t\t<\/section>\n\t\t\t\t<section class=\"elementor-section elementor-top-section elementor-element elementor-element-823e584 elementor-section-boxed elementor-section-height-default elementor-section-height-default\" data-id=\"823e584\" data-element_type=\"section\" data-e-type=\"section\">\n\t\t\t\t\t\t<div class=\"elementor-container elementor-column-gap-default\">\n\t\t\t\t\t<div class=\"elementor-column elementor-col-100 elementor-top-column elementor-element elementor-element-e463875\" data-id=\"e463875\" data-element_type=\"column\" data-e-type=\"column\">\n\t\t\t<div class=\"elementor-widget-wrap elementor-element-populated\">\n\t\t\t\t\t\t<div class=\"elementor-element elementor-element-2613531 elementor-widget elementor-widget-spacer\" data-id=\"2613531\" data-element_type=\"widget\" data-e-type=\"widget\" data-widget_type=\"spacer.default\">\n\t\t\t\t<div class=\"elementor-widget-container\">\n\t\t\t\t\t\t\t<div class=\"elementor-spacer\">\n\t\t\t<div class=\"elementor-spacer-inner\"><\/div>\n\t\t<\/div>\n\t\t\t\t\t\t<\/div>\n\t\t\t\t<\/div>\n\t\t\t\t\t<\/div>\n\t\t<\/div>\n\t\t\t\t\t<\/div>\n\t\t<\/section>\n\t\t\t\t<section class=\"elementor-section elementor-top-section elementor-element elementor-element-ac7f570 elementor-section-boxed elementor-section-height-default elementor-section-height-default\" data-id=\"ac7f570\" data-element_type=\"section\" data-e-type=\"section\">\n\t\t\t\t\t\t<div class=\"elementor-container elementor-column-gap-default\">\n\t\t\t\t\t<div class=\"elementor-column elementor-col-100 elementor-top-column elementor-element elementor-element-504287c\" data-id=\"504287c\" data-element_type=\"column\" data-e-type=\"column\">\n\t\t\t<div class=\"elementor-widget-wrap elementor-element-populated\">\n\t\t\t\t\t\t<div class=\"elementor-element elementor-element-f3a3ed6 elementor-widget elementor-widget-spacer\" data-id=\"f3a3ed6\" data-element_type=\"widget\" data-e-type=\"widget\" data-widget_type=\"spacer.default\">\n\t\t\t\t<div class=\"elementor-widget-container\">\n\t\t\t\t\t\t\t<div class=\"elementor-spacer\">\n\t\t\t<div class=\"elementor-spacer-inner\"><\/div>\n\t\t<\/div>\n\t\t\t\t\t\t<\/div>\n\t\t\t\t<\/div>\n\t\t\t\t\t<\/div>\n\t\t<\/div>\n\t\t\t\t\t<\/div>\n\t\t<\/section>\n\t\t\t\t<\/div>","protected":false},"excerpt":{"rendered":"<p>Szenenwechsel Andr\u00e9 Mail\u00e4nder, Teich25 &#8211; Hyle 2. Archival Inkjet Print auf Matte Paper. 2025 Andr\u00e9 Mail\u00e4nder, Teich25 &#8211; Hyle 1. Archival Inkjet Print auf Matte Paper. 2025 Andr\u00e9 Mail\u00e4nder, Teich25 &#8211; Hyle 3. Archival Inkjet Print auf Matte Paper. 2025 Hugo Boguslawski, Ausblick, O\u0308l auf Nessel, 150&#215;130, 2020. Bojan \u0160umonja &amp; Marko Jak\u0161e, Giapponese, \u00d6l\/Teer [&hellip;]<\/p>\n","protected":false},"author":2,"featured_media":0,"parent":0,"menu_order":0,"comment_status":"closed","ping_status":"closed","template":"","meta":{"footnotes":""},"class_list":["post-8286","page","type-page","status-publish","hentry"],"_links":{"self":[{"href":"https:\/\/gallery-puzic.com\/en\/wp-json\/wp\/v2\/pages\/8286","targetHints":{"allow":["GET"]}}],"collection":[{"href":"https:\/\/gallery-puzic.com\/en\/wp-json\/wp\/v2\/pages"}],"about":[{"href":"https:\/\/gallery-puzic.com\/en\/wp-json\/wp\/v2\/types\/page"}],"author":[{"embeddable":true,"href":"https:\/\/gallery-puzic.com\/en\/wp-json\/wp\/v2\/users\/2"}],"replies":[{"embeddable":true,"href":"https:\/\/gallery-puzic.com\/en\/wp-json\/wp\/v2\/comments?post=8286"}],"version-history":[{"count":25,"href":"https:\/\/gallery-puzic.com\/en\/wp-json\/wp\/v2\/pages\/8286\/revisions"}],"predecessor-version":[{"id":8416,"href":"https:\/\/gallery-puzic.com\/en\/wp-json\/wp\/v2\/pages\/8286\/revisions\/8416"}],"wp:attachment":[{"href":"https:\/\/gallery-puzic.com\/en\/wp-json\/wp\/v2\/media?parent=8286"}],"curies":[{"name":"wp","href":"https:\/\/api.w.org\/{rel}","templated":true}]}}