{"id":8117,"date":"2025-11-28T12:37:27","date_gmt":"2025-11-28T12:37:27","guid":{"rendered":"https:\/\/gallery-puzic.com\/?page_id=8117"},"modified":"2025-11-28T14:13:21","modified_gmt":"2025-11-28T14:13:21","slug":"der-galerist-baut-um","status":"publish","type":"page","link":"https:\/\/gallery-puzic.com\/en\/der-galerist-baut-um\/","title":{"rendered":"Der Galerist baut um"},"content":{"rendered":"<div data-elementor-type=\"wp-page\" data-elementor-id=\"8117\" class=\"elementor elementor-8117\">\n\t\t\t\t\t\t<section class=\"elementor-section elementor-top-section elementor-element elementor-element-5a92348 elementor-section-boxed elementor-section-height-default elementor-section-height-default\" data-id=\"5a92348\" data-element_type=\"section\" data-e-type=\"section\">\n\t\t\t\t\t\t<div class=\"elementor-container elementor-column-gap-default\">\n\t\t\t\t\t<div class=\"elementor-column elementor-col-100 elementor-top-column elementor-element elementor-element-01ef573\" data-id=\"01ef573\" data-element_type=\"column\" data-e-type=\"column\">\n\t\t\t<div class=\"elementor-widget-wrap elementor-element-populated\">\n\t\t\t\t\t\t<div class=\"elementor-element elementor-element-1570bc2 elementor-widget-divider--view-line elementor-widget elementor-widget-divider\" data-id=\"1570bc2\" data-element_type=\"widget\" data-e-type=\"widget\" data-widget_type=\"divider.default\">\n\t\t\t\t<div class=\"elementor-widget-container\">\n\t\t\t\t\t\t\t<div class=\"elementor-divider\">\n\t\t\t<span class=\"elementor-divider-separator\">\n\t\t\t\t\t\t<\/span>\n\t\t<\/div>\n\t\t\t\t\t\t<\/div>\n\t\t\t\t<\/div>\n\t\t\t\t\t<\/div>\n\t\t<\/div>\n\t\t\t\t\t<\/div>\n\t\t<\/section>\n\t\t\t\t<section class=\"elementor-section elementor-top-section elementor-element elementor-element-187d0a9 elementor-section-boxed elementor-section-height-default elementor-section-height-default\" data-id=\"187d0a9\" data-element_type=\"section\" data-e-type=\"section\">\n\t\t\t\t\t\t<div class=\"elementor-container elementor-column-gap-default\">\n\t\t\t\t\t<div class=\"elementor-column elementor-col-100 elementor-top-column elementor-element elementor-element-c816a52\" data-id=\"c816a52\" data-element_type=\"column\" data-e-type=\"column\">\n\t\t\t<div class=\"elementor-widget-wrap elementor-element-populated\">\n\t\t\t\t\t\t<div class=\"elementor-element elementor-element-2fd057a elementor-widget elementor-widget-heading\" data-id=\"2fd057a\" data-element_type=\"widget\" data-e-type=\"widget\" data-widget_type=\"heading.default\">\n\t\t\t\t<div class=\"elementor-widget-container\">\n\t\t\t\t\t<h2 class=\"elementor-heading-title elementor-size-default\">Der Galerist baut um<\/h2>\t\t\t\t<\/div>\n\t\t\t\t<\/div>\n\t\t\t\t\t<\/div>\n\t\t<\/div>\n\t\t\t\t\t<\/div>\n\t\t<\/section>\n\t\t\t\t<section class=\"elementor-section elementor-top-section elementor-element elementor-element-a78ebb3 elementor-section-boxed elementor-section-height-default elementor-section-height-default\" data-id=\"a78ebb3\" data-element_type=\"section\" data-e-type=\"section\">\n\t\t\t\t\t\t<div class=\"elementor-container elementor-column-gap-default\">\n\t\t\t\t\t<div class=\"elementor-column elementor-col-100 elementor-top-column elementor-element elementor-element-0a2c92c\" data-id=\"0a2c92c\" data-element_type=\"column\" data-e-type=\"column\">\n\t\t\t<div class=\"elementor-widget-wrap elementor-element-populated\">\n\t\t\t\t\t\t<div class=\"elementor-element elementor-element-02e55b0 elementor-widget-divider--view-line elementor-widget elementor-widget-divider\" data-id=\"02e55b0\" data-element_type=\"widget\" data-e-type=\"widget\" data-widget_type=\"divider.default\">\n\t\t\t\t<div class=\"elementor-widget-container\">\n\t\t\t\t\t\t\t<div class=\"elementor-divider\">\n\t\t\t<span class=\"elementor-divider-separator\">\n\t\t\t\t\t\t<\/span>\n\t\t<\/div>\n\t\t\t\t\t\t<\/div>\n\t\t\t\t<\/div>\n\t\t\t\t\t<\/div>\n\t\t<\/div>\n\t\t\t\t\t<\/div>\n\t\t<\/section>\n\t\t\t\t<section class=\"elementor-section elementor-top-section elementor-element elementor-element-7b25b8c elementor-section-boxed elementor-section-height-default elementor-section-height-default\" data-id=\"7b25b8c\" data-element_type=\"section\" data-e-type=\"section\">\n\t\t\t\t\t\t<div class=\"elementor-container elementor-column-gap-default\">\n\t\t\t\t\t<div class=\"elementor-column elementor-col-33 elementor-top-column elementor-element elementor-element-13901c8\" data-id=\"13901c8\" data-element_type=\"column\" data-e-type=\"column\">\n\t\t\t<div class=\"elementor-widget-wrap elementor-element-populated\">\n\t\t\t\t\t\t<div class=\"elementor-element elementor-element-42ed158 elementor-widget elementor-widget-image\" data-id=\"42ed158\" data-element_type=\"widget\" data-e-type=\"widget\" data-widget_type=\"image.default\">\n\t\t\t\t<div class=\"elementor-widget-container\">\n\t\t\t\t\t\t\t\t\t\t\t\t\t\t\t<img fetchpriority=\"high\" decoding=\"async\" width=\"300\" height=\"225\" src=\"https:\/\/gallery-puzic.com\/wp-content\/uploads\/2025\/11\/Galerist-beim-Umbau-300x225.jpg\" class=\"attachment-medium size-medium wp-image-8122\" alt=\"\" srcset=\"https:\/\/gallery-puzic.com\/wp-content\/uploads\/2025\/11\/Galerist-beim-Umbau-300x225.jpg 300w, https:\/\/gallery-puzic.com\/wp-content\/uploads\/2025\/11\/Galerist-beim-Umbau-1024x768.jpg 1024w, https:\/\/gallery-puzic.com\/wp-content\/uploads\/2025\/11\/Galerist-beim-Umbau-768x576.jpg 768w, https:\/\/gallery-puzic.com\/wp-content\/uploads\/2025\/11\/Galerist-beim-Umbau-1536x1152.jpg 1536w, https:\/\/gallery-puzic.com\/wp-content\/uploads\/2025\/11\/Galerist-beim-Umbau-2048x1536.jpg 2048w, https:\/\/gallery-puzic.com\/wp-content\/uploads\/2025\/11\/Galerist-beim-Umbau-16x12.jpg 16w\" sizes=\"(max-width: 300px) 100vw, 300px\" \/>\t\t\t\t\t\t\t\t\t\t\t\t\t\t\t<\/div>\n\t\t\t\t<\/div>\n\t\t\t\t\t<\/div>\n\t\t<\/div>\n\t\t\t\t<div class=\"elementor-column elementor-col-33 elementor-top-column elementor-element elementor-element-bc427a8\" data-id=\"bc427a8\" data-element_type=\"column\" data-e-type=\"column\">\n\t\t\t<div class=\"elementor-widget-wrap elementor-element-populated\">\n\t\t\t\t\t\t<div class=\"elementor-element elementor-element-7cf2848 elementor-widget elementor-widget-image\" data-id=\"7cf2848\" data-element_type=\"widget\" data-e-type=\"widget\" data-widget_type=\"image.default\">\n\t\t\t\t<div class=\"elementor-widget-container\">\n\t\t\t\t\t\t\t\t\t\t\t\t\t\t\t<img decoding=\"async\" width=\"300\" height=\"225\" src=\"https:\/\/gallery-puzic.com\/wp-content\/uploads\/2025\/11\/galerist-baut-um-300x225.jpeg\" class=\"attachment-medium size-medium wp-image-8120\" alt=\"\" srcset=\"https:\/\/gallery-puzic.com\/wp-content\/uploads\/2025\/11\/galerist-baut-um-300x225.jpeg 300w, https:\/\/gallery-puzic.com\/wp-content\/uploads\/2025\/11\/galerist-baut-um-1024x768.jpeg 1024w, https:\/\/gallery-puzic.com\/wp-content\/uploads\/2025\/11\/galerist-baut-um-768x576.jpeg 768w, https:\/\/gallery-puzic.com\/wp-content\/uploads\/2025\/11\/galerist-baut-um-1536x1152.jpeg 1536w, https:\/\/gallery-puzic.com\/wp-content\/uploads\/2025\/11\/galerist-baut-um-16x12.jpeg 16w, https:\/\/gallery-puzic.com\/wp-content\/uploads\/2025\/11\/galerist-baut-um.jpeg 2048w\" sizes=\"(max-width: 300px) 100vw, 300px\" \/>\t\t\t\t\t\t\t\t\t\t\t\t\t\t\t<\/div>\n\t\t\t\t<\/div>\n\t\t\t\t\t<\/div>\n\t\t<\/div>\n\t\t\t\t<div class=\"elementor-column elementor-col-33 elementor-top-column elementor-element elementor-element-b7dbdb4\" data-id=\"b7dbdb4\" data-element_type=\"column\" data-e-type=\"column\">\n\t\t\t<div class=\"elementor-widget-wrap elementor-element-populated\">\n\t\t\t\t\t\t<div class=\"elementor-element elementor-element-94435e0 elementor-widget elementor-widget-image\" data-id=\"94435e0\" data-element_type=\"widget\" data-e-type=\"widget\" data-widget_type=\"image.default\">\n\t\t\t\t<div class=\"elementor-widget-container\">\n\t\t\t\t\t\t\t\t\t\t\t\t\t\t\t<img decoding=\"async\" width=\"300\" height=\"225\" src=\"https:\/\/gallery-puzic.com\/wp-content\/uploads\/2025\/11\/Galerist-beim-Umbau-3-300x225.jpg\" class=\"attachment-medium size-medium wp-image-8121\" alt=\"\" srcset=\"https:\/\/gallery-puzic.com\/wp-content\/uploads\/2025\/11\/Galerist-beim-Umbau-3-300x225.jpg 300w, https:\/\/gallery-puzic.com\/wp-content\/uploads\/2025\/11\/Galerist-beim-Umbau-3-1024x768.jpg 1024w, https:\/\/gallery-puzic.com\/wp-content\/uploads\/2025\/11\/Galerist-beim-Umbau-3-768x576.jpg 768w, https:\/\/gallery-puzic.com\/wp-content\/uploads\/2025\/11\/Galerist-beim-Umbau-3-1536x1152.jpg 1536w, https:\/\/gallery-puzic.com\/wp-content\/uploads\/2025\/11\/Galerist-beim-Umbau-3-2048x1536.jpg 2048w, https:\/\/gallery-puzic.com\/wp-content\/uploads\/2025\/11\/Galerist-beim-Umbau-3-16x12.jpg 16w\" sizes=\"(max-width: 300px) 100vw, 300px\" \/>\t\t\t\t\t\t\t\t\t\t\t\t\t\t\t<\/div>\n\t\t\t\t<\/div>\n\t\t\t\t\t<\/div>\n\t\t<\/div>\n\t\t\t\t\t<\/div>\n\t\t<\/section>\n\t\t\t\t<section class=\"elementor-section elementor-top-section elementor-element elementor-element-904f30b elementor-section-boxed elementor-section-height-default elementor-section-height-default\" data-id=\"904f30b\" data-element_type=\"section\" data-e-type=\"section\">\n\t\t\t\t\t\t<div class=\"elementor-container elementor-column-gap-default\">\n\t\t\t\t\t<div class=\"elementor-column elementor-col-100 elementor-top-column elementor-element elementor-element-46938ba\" data-id=\"46938ba\" data-element_type=\"column\" data-e-type=\"column\">\n\t\t\t<div class=\"elementor-widget-wrap elementor-element-populated\">\n\t\t\t\t\t\t<div class=\"elementor-element elementor-element-858ce9b elementor-widget elementor-widget-text-editor\" data-id=\"858ce9b\" data-element_type=\"widget\" data-e-type=\"widget\" data-widget_type=\"text-editor.default\">\n\t\t\t\t<div class=\"elementor-widget-container\">\n\t\t\t\t\t\t\t\t\t<p style=\"text-align: center;\">Nach der aufsehenerregenden und erfolgreichen MAX NEUMANN Ausstellung (9. September &#8211; 27. November) und der ebenso ungew\u00f6hnlichen <em>animalinside<\/em> Literatur-Performance am 9. November, in der die Zusammenarbeit des K\u00fcnstlers mit L\u00e1szl\u00f3 Krasznahorkai, dem neuen Nobelpreistr\u00e4ger f\u00fcr Literatur, mit verschiedenen Sprecherinnen und Sprechern und dem Jazz-Schlagzeuger Levin Weiss theatralisiert wurde,\u00a0 bereitet sich die Gallery Puzic\u0301 nun auf die letzte Ausstellung des Jahres 2025 vor.\u00a0<\/p><p style=\"text-align: center;\">Galerist Esad Puzic\u0301, zusammen mit Bildhauer Michael Ott (der seine Skulptur-Objekte bereits in diesen Jahr hier ausstellte), arbeitete nun in der vergangenen Woche am Aufbau von drei beweglichen Modulen, die sowohl als Ausstellungsw\u00e4nde gebraucht werden k\u00f6nnen, also auch als Raumteiler und Lagerregale n\u00f6tig geworden sind, denn die Galerie hat nun bereits eine wachsende Anzahl vor Werken der ausgestellten K\u00fcnstler, die weiterhin den Besuchern zum Verkauf oder zur Betrachtung gezeigt werden k\u00f6nnen.<\/p><p style=\"text-align: center;\">In Zusammenarbeit mit der Belgrader Galerie<strong> ART FOR ALL<\/strong> wird eine Ausstellung (<em>Contemporary Balkan Transition<\/em>) von 8 osteurop\u00e4ischen K\u00fcnstlern und K\u00fcnstlerinnen ab 30. November 2025 f\u00fcr zwei Monate in Saarbr\u00fccken zu sehen sein, bevor diese besondere Pr\u00e4sentation von Gegenwartskunstwerken und Praktiken aus Regionen des westlichen Balkans weiterreisen wird.\u00a0<\/p>\t\t\t\t\t\t\t\t<\/div>\n\t\t\t\t<\/div>\n\t\t\t\t\t<\/div>\n\t\t<\/div>\n\t\t\t\t\t<\/div>\n\t\t<\/section>\n\t\t\t\t<section class=\"elementor-section elementor-top-section elementor-element elementor-element-9148d37 elementor-section-boxed elementor-section-height-default elementor-section-height-default\" data-id=\"9148d37\" data-element_type=\"section\" data-e-type=\"section\">\n\t\t\t\t\t\t<div class=\"elementor-container elementor-column-gap-default\">\n\t\t\t\t\t<div class=\"elementor-column elementor-col-100 elementor-top-column elementor-element elementor-element-7b3d132\" data-id=\"7b3d132\" data-element_type=\"column\" data-e-type=\"column\">\n\t\t\t<div class=\"elementor-widget-wrap elementor-element-populated\">\n\t\t\t\t\t\t<div class=\"elementor-element elementor-element-5377284 elementor-widget-divider--view-line elementor-widget elementor-widget-divider\" data-id=\"5377284\" data-element_type=\"widget\" data-e-type=\"widget\" data-widget_type=\"divider.default\">\n\t\t\t\t<div class=\"elementor-widget-container\">\n\t\t\t\t\t\t\t<div class=\"elementor-divider\">\n\t\t\t<span class=\"elementor-divider-separator\">\n\t\t\t\t\t\t<\/span>\n\t\t<\/div>\n\t\t\t\t\t\t<\/div>\n\t\t\t\t<\/div>\n\t\t\t\t\t<\/div>\n\t\t<\/div>\n\t\t\t\t\t<\/div>\n\t\t<\/section>\n\t\t\t\t<\/div>","protected":false},"excerpt":{"rendered":"<p>Der Galerist baut um Nach der aufsehenerregenden und erfolgreichen MAX NEUMANN Ausstellung (9. September &#8211; 27. November) und der ebenso ungew\u00f6hnlichen animalinside Literatur-Performance am 9. November, in der die Zusammenarbeit des K\u00fcnstlers mit L\u00e1szl\u00f3 Krasznahorkai, dem neuen Nobelpreistr\u00e4ger f\u00fcr Literatur, mit verschiedenen Sprecherinnen und Sprechern und dem Jazz-Schlagzeuger Levin Weiss theatralisiert wurde,\u00a0 bereitet sich die [&hellip;]<\/p>\n","protected":false},"author":2,"featured_media":0,"parent":0,"menu_order":0,"comment_status":"closed","ping_status":"closed","template":"","meta":{"footnotes":""},"class_list":["post-8117","page","type-page","status-publish","hentry"],"_links":{"self":[{"href":"https:\/\/gallery-puzic.com\/en\/wp-json\/wp\/v2\/pages\/8117","targetHints":{"allow":["GET"]}}],"collection":[{"href":"https:\/\/gallery-puzic.com\/en\/wp-json\/wp\/v2\/pages"}],"about":[{"href":"https:\/\/gallery-puzic.com\/en\/wp-json\/wp\/v2\/types\/page"}],"author":[{"embeddable":true,"href":"https:\/\/gallery-puzic.com\/en\/wp-json\/wp\/v2\/users\/2"}],"replies":[{"embeddable":true,"href":"https:\/\/gallery-puzic.com\/en\/wp-json\/wp\/v2\/comments?post=8117"}],"version-history":[{"count":10,"href":"https:\/\/gallery-puzic.com\/en\/wp-json\/wp\/v2\/pages\/8117\/revisions"}],"predecessor-version":[{"id":8151,"href":"https:\/\/gallery-puzic.com\/en\/wp-json\/wp\/v2\/pages\/8117\/revisions\/8151"}],"wp:attachment":[{"href":"https:\/\/gallery-puzic.com\/en\/wp-json\/wp\/v2\/media?parent=8117"}],"curies":[{"name":"wp","href":"https:\/\/api.w.org\/{rel}","templated":true}]}}