{"id":7959,"date":"2025-10-10T13:15:08","date_gmt":"2025-10-10T13:15:08","guid":{"rendered":"https:\/\/gallery-puzic.com\/?page_id=7959"},"modified":"2025-12-10T14:52:17","modified_gmt":"2025-12-10T14:52:17","slug":"laszlo-krasznahorkai","status":"publish","type":"page","link":"https:\/\/gallery-puzic.com\/en\/laszlo-krasznahorkai\/","title":{"rendered":"L\u00e1szl\u00f3 Krasznahorkai"},"content":{"rendered":"\t\t<div data-elementor-type=\"wp-page\" data-elementor-id=\"7959\" class=\"elementor elementor-7959\">\n\t\t\t\t\t\t<section class=\"elementor-section elementor-top-section elementor-element elementor-element-c18a93b elementor-section-boxed elementor-section-height-default elementor-section-height-default\" data-id=\"c18a93b\" data-element_type=\"section\" data-e-type=\"section\">\n\t\t\t\t\t\t<div class=\"elementor-container elementor-column-gap-default\">\n\t\t\t\t\t<div class=\"elementor-column elementor-col-100 elementor-top-column elementor-element elementor-element-470a10e\" data-id=\"470a10e\" data-element_type=\"column\" data-e-type=\"column\">\n\t\t\t<div class=\"elementor-widget-wrap elementor-element-populated\">\n\t\t\t\t\t\t<div class=\"elementor-element elementor-element-7ab29a9 elementor-widget-divider--view-line elementor-widget elementor-widget-divider\" data-id=\"7ab29a9\" data-element_type=\"widget\" data-e-type=\"widget\" data-widget_type=\"divider.default\">\n\t\t\t\t<div class=\"elementor-widget-container\">\n\t\t\t\t\t\t\t<div class=\"elementor-divider\">\n\t\t\t<span class=\"elementor-divider-separator\">\n\t\t\t\t\t\t<\/span>\n\t\t<\/div>\n\t\t\t\t\t\t<\/div>\n\t\t\t\t<\/div>\n\t\t\t\t\t<\/div>\n\t\t<\/div>\n\t\t\t\t\t<\/div>\n\t\t<\/section>\n\t\t\t\t<section class=\"elementor-section elementor-top-section elementor-element elementor-element-2b723a2 elementor-section-boxed elementor-section-height-default elementor-section-height-default\" data-id=\"2b723a2\" data-element_type=\"section\" data-e-type=\"section\">\n\t\t\t\t\t\t<div class=\"elementor-container elementor-column-gap-default\">\n\t\t\t\t\t<div class=\"elementor-column elementor-col-100 elementor-top-column elementor-element elementor-element-eae1e70\" data-id=\"eae1e70\" data-element_type=\"column\" data-e-type=\"column\">\n\t\t\t<div class=\"elementor-widget-wrap elementor-element-populated\">\n\t\t\t\t\t\t<div class=\"elementor-element elementor-element-abaf2ce elementor-widget elementor-widget-heading\" data-id=\"abaf2ce\" data-element_type=\"widget\" data-e-type=\"widget\" data-widget_type=\"heading.default\">\n\t\t\t\t<div class=\"elementor-widget-container\">\n\t\t\t\t\t<h2 class=\"elementor-heading-title elementor-size-default\">L\u00e1szl\u00f3 Krasznahorkai und Max Neumann<\/h2>\t\t\t\t<\/div>\n\t\t\t\t<\/div>\n\t\t\t\t\t<\/div>\n\t\t<\/div>\n\t\t\t\t\t<\/div>\n\t\t<\/section>\n\t\t\t\t<section class=\"elementor-section elementor-top-section elementor-element elementor-element-d6d0adf elementor-section-boxed elementor-section-height-default elementor-section-height-default\" data-id=\"d6d0adf\" data-element_type=\"section\" data-e-type=\"section\">\n\t\t\t\t\t\t<div class=\"elementor-container elementor-column-gap-default\">\n\t\t\t\t\t<div class=\"elementor-column elementor-col-100 elementor-top-column elementor-element elementor-element-db3c4e7\" data-id=\"db3c4e7\" data-element_type=\"column\" data-e-type=\"column\">\n\t\t\t<div class=\"elementor-widget-wrap elementor-element-populated\">\n\t\t\t\t\t\t<div class=\"elementor-element elementor-element-17067c5 elementor-widget elementor-widget-heading\" data-id=\"17067c5\" data-element_type=\"widget\" data-e-type=\"widget\" data-widget_type=\"heading.default\">\n\t\t\t\t<div class=\"elementor-widget-container\">\n\t\t\t\t\t<h2 class=\"elementor-heading-title elementor-size-default\"><br>L\u00e1szl\u00f3 Krasznahorkai bekommt Literatur-Nobelpreis<br><\/h2>\t\t\t\t<\/div>\n\t\t\t\t<\/div>\n\t\t\t\t\t<\/div>\n\t\t<\/div>\n\t\t\t\t\t<\/div>\n\t\t<\/section>\n\t\t\t\t<section class=\"elementor-section elementor-top-section elementor-element elementor-element-cb2819e elementor-section-boxed elementor-section-height-default elementor-section-height-default\" data-id=\"cb2819e\" data-element_type=\"section\" data-e-type=\"section\">\n\t\t\t\t\t\t<div class=\"elementor-container elementor-column-gap-default\">\n\t\t\t\t\t<div class=\"elementor-column elementor-col-33 elementor-top-column elementor-element elementor-element-c093e5c\" data-id=\"c093e5c\" data-element_type=\"column\" data-e-type=\"column\">\n\t\t\t<div class=\"elementor-widget-wrap elementor-element-populated\">\n\t\t\t\t\t\t<div class=\"elementor-element elementor-element-5a5df85 elementor-widget elementor-widget-image\" data-id=\"5a5df85\" data-element_type=\"widget\" data-e-type=\"widget\" data-widget_type=\"image.default\">\n\t\t\t\t<div class=\"elementor-widget-container\">\n\t\t\t\t\t\t\t\t\t\t\t\t\t\t\t<img fetchpriority=\"high\" decoding=\"async\" width=\"229\" height=\"300\" src=\"https:\/\/gallery-puzic.com\/wp-content\/uploads\/2025\/10\/animal-inside-229x300.png\" class=\"attachment-medium size-medium wp-image-7973\" alt=\"\" srcset=\"https:\/\/gallery-puzic.com\/wp-content\/uploads\/2025\/10\/animal-inside-229x300.png 229w, https:\/\/gallery-puzic.com\/wp-content\/uploads\/2025\/10\/animal-inside-781x1024.png 781w, https:\/\/gallery-puzic.com\/wp-content\/uploads\/2025\/10\/animal-inside-768x1007.png 768w, https:\/\/gallery-puzic.com\/wp-content\/uploads\/2025\/10\/animal-inside-9x12.png 9w, https:\/\/gallery-puzic.com\/wp-content\/uploads\/2025\/10\/animal-inside.png 985w\" sizes=\"(max-width: 229px) 100vw, 229px\" \/>\t\t\t\t\t\t\t\t\t\t\t\t\t\t\t<\/div>\n\t\t\t\t<\/div>\n\t\t\t\t\t<\/div>\n\t\t<\/div>\n\t\t\t\t<div class=\"elementor-column elementor-col-33 elementor-top-column elementor-element elementor-element-693a26f\" data-id=\"693a26f\" data-element_type=\"column\" data-e-type=\"column\">\n\t\t\t<div class=\"elementor-widget-wrap elementor-element-populated\">\n\t\t\t\t\t\t<div class=\"elementor-element elementor-element-d1d5bc3 elementor-widget elementor-widget-image\" data-id=\"d1d5bc3\" data-element_type=\"widget\" data-e-type=\"widget\" data-widget_type=\"image.default\">\n\t\t\t\t<div class=\"elementor-widget-container\">\n\t\t\t\t\t\t\t\t\t\t\t\t\t\t\t<img decoding=\"async\" width=\"200\" height=\"300\" src=\"https:\/\/gallery-puzic.com\/wp-content\/uploads\/2025\/10\/Laszlo-KrasnahorkaiNeumann-book-200x300.png\" class=\"attachment-medium size-medium wp-image-7976\" alt=\"\" srcset=\"https:\/\/gallery-puzic.com\/wp-content\/uploads\/2025\/10\/Laszlo-KrasnahorkaiNeumann-book-200x300.png 200w, https:\/\/gallery-puzic.com\/wp-content\/uploads\/2025\/10\/Laszlo-KrasnahorkaiNeumann-book-8x12.png 8w, https:\/\/gallery-puzic.com\/wp-content\/uploads\/2025\/10\/Laszlo-KrasnahorkaiNeumann-book.png 587w\" sizes=\"(max-width: 200px) 100vw, 200px\" \/>\t\t\t\t\t\t\t\t\t\t\t\t\t\t\t<\/div>\n\t\t\t\t<\/div>\n\t\t\t\t\t<\/div>\n\t\t<\/div>\n\t\t\t\t<div class=\"elementor-column elementor-col-33 elementor-top-column elementor-element elementor-element-2100d04\" data-id=\"2100d04\" data-element_type=\"column\" data-e-type=\"column\">\n\t\t\t<div class=\"elementor-widget-wrap elementor-element-populated\">\n\t\t\t\t\t\t<div class=\"elementor-element elementor-element-0058737 elementor-widget elementor-widget-image\" data-id=\"0058737\" data-element_type=\"widget\" data-e-type=\"widget\" data-widget_type=\"image.default\">\n\t\t\t\t<div class=\"elementor-widget-container\">\n\t\t\t\t\t\t\t\t\t\t\t\t\t\t\t<img decoding=\"async\" width=\"300\" height=\"174\" src=\"https:\/\/gallery-puzic.com\/wp-content\/uploads\/2025\/10\/Im-Wahn-der-Anderen-2-1-300x174.png\" class=\"attachment-medium size-medium wp-image-7975\" alt=\"\" srcset=\"https:\/\/gallery-puzic.com\/wp-content\/uploads\/2025\/10\/Im-Wahn-der-Anderen-2-1-300x174.png 300w, https:\/\/gallery-puzic.com\/wp-content\/uploads\/2025\/10\/Im-Wahn-der-Anderen-2-1-1024x595.png 1024w, https:\/\/gallery-puzic.com\/wp-content\/uploads\/2025\/10\/Im-Wahn-der-Anderen-2-1-768x446.png 768w, https:\/\/gallery-puzic.com\/wp-content\/uploads\/2025\/10\/Im-Wahn-der-Anderen-2-1-1536x892.png 1536w, https:\/\/gallery-puzic.com\/wp-content\/uploads\/2025\/10\/Im-Wahn-der-Anderen-2-1-18x10.png 18w, https:\/\/gallery-puzic.com\/wp-content\/uploads\/2025\/10\/Im-Wahn-der-Anderen-2-1.png 1618w\" sizes=\"(max-width: 300px) 100vw, 300px\" \/>\t\t\t\t\t\t\t\t\t\t\t\t\t\t\t<\/div>\n\t\t\t\t<\/div>\n\t\t\t\t\t<\/div>\n\t\t<\/div>\n\t\t\t\t\t<\/div>\n\t\t<\/section>\n\t\t\t\t<section class=\"elementor-section elementor-top-section elementor-element elementor-element-07062d7 elementor-section-boxed elementor-section-height-default elementor-section-height-default\" data-id=\"07062d7\" data-element_type=\"section\" data-e-type=\"section\">\n\t\t\t\t\t\t<div class=\"elementor-container elementor-column-gap-default\">\n\t\t\t\t\t<div class=\"elementor-column elementor-col-100 elementor-top-column elementor-element elementor-element-5af8150\" data-id=\"5af8150\" data-element_type=\"column\" data-e-type=\"column\">\n\t\t\t<div class=\"elementor-widget-wrap elementor-element-populated\">\n\t\t\t\t\t\t<div class=\"elementor-element elementor-element-8052549 elementor-widget-divider--view-line elementor-widget elementor-widget-divider\" data-id=\"8052549\" data-element_type=\"widget\" data-e-type=\"widget\" data-widget_type=\"divider.default\">\n\t\t\t\t<div class=\"elementor-widget-container\">\n\t\t\t\t\t\t\t<div class=\"elementor-divider\">\n\t\t\t<span class=\"elementor-divider-separator\">\n\t\t\t\t\t\t<\/span>\n\t\t<\/div>\n\t\t\t\t\t\t<\/div>\n\t\t\t\t<\/div>\n\t\t\t\t\t<\/div>\n\t\t<\/div>\n\t\t\t\t\t<\/div>\n\t\t<\/section>\n\t\t\t\t<section class=\"elementor-section elementor-top-section elementor-element elementor-element-07b3059 elementor-section-boxed elementor-section-height-default elementor-section-height-default\" data-id=\"07b3059\" data-element_type=\"section\" data-e-type=\"section\">\n\t\t\t\t\t\t<div class=\"elementor-container elementor-column-gap-default\">\n\t\t\t\t\t<div class=\"elementor-column elementor-col-100 elementor-top-column elementor-element elementor-element-1e6e3ce\" data-id=\"1e6e3ce\" data-element_type=\"column\" data-e-type=\"column\">\n\t\t\t<div class=\"elementor-widget-wrap elementor-element-populated\">\n\t\t\t\t\t\t<div class=\"elementor-element elementor-element-ee8521e elementor-widget elementor-widget-text-editor\" data-id=\"ee8521e\" data-element_type=\"widget\" data-e-type=\"widget\" data-widget_type=\"text-editor.default\">\n\t\t\t\t<div class=\"elementor-widget-container\">\n\t\t\t\t\t\t\t\t\t<p>\u00a0<\/p><p style=\"text-align: center;\"><span style=\"color: #800080;\"><strong><em>Melancholie<\/em><em> des Widerstands ?<\/em><\/strong><\/span><\/p><p style=\"text-align: center;\">Die Gallery Puzic\u0301 begl\u00fcckw\u00fcnscht den ungarischen Autor L\u00e1szl\u00f3 Krasznahorkai zur Verleihung des Literatur-Nobelpreises.<\/p><p style=\"text-align: center;\">Mit grosser Freude reichen wir auch Gr\u00fcsse und Gl\u00fcckw\u00fcnsche weiter an Max Neumann, den K\u00fcnstler unserer gegenw\u00e4rtigen Ausstellung, dessen\u00a0 Zusammenarbeit mit Krasznahorkai bei der Vernissage am 9. September in Johannes Birringers Einf\u00fchrungsrede bereits in den Fokus gestellt wurde, weil bei der Vorbereitung zur Ausstellung seine Zeichnungen eines mysteri\u00f6sen heulenden Tierwesens in den Kurzgeschichtsb\u00fcchern (\u00c1llatVanBent \/ <em><strong>animalinside<\/strong> [2010]; <\/em>Mindig Hom\u00e9rosznak<em> \/ <strong>Chasing Homer<\/strong>\u00a0<\/em> [Hungarian 2019, English 2021]; sowie <strong>Im Wahn der Anderen. Drei Erz\u00e4hlungen<\/strong> (S. Fischer Verlag, 2023) ins Augenmerk geraten waren, gerade auch im Zusammenhang mit den d\u00fcsteren Schattenfiguren und gesichtslosen Gesichtern von Neumanns aussergew\u00f6hnlichen Gem\u00e4lden.<\/p><h4 style=\"text-align: center;\"><span style=\"color: #800080;\"><em><strong> ohne viel worte, mit zeichnungen &amp; literarischen halluzinationen &amp; schlagzeugsolo<\/strong><\/em><\/span>\u00a0 \u00a0\u00a0<\/h4><p style=\"text-align: center;\"><strong>Sonntag, 9. November 2025, 16:00 Uhr<\/strong><\/p><p style=\"text-align: center;\">Gallery Puzi\u0107 lud zu dieser spontan arrangierten Performance ein &#8211; und viele Besucher kamen, um den K\u00fcnstler und dessen Zusammenarbeit mit dem neuen Literatur-Nobelpreistr\u00e4ger L\u00e1szl\u00f3 Krasznahorkai zu w\u00fcrdigen.<\/p><p style=\"text-align: center;\"><strong>Performance:<\/strong><\/p><p style=\"text-align: center;\">mit Patricia Sahed, Sophie Pfister, Irakli Rukhadze, Salom\u00e9 Rukhadze, Johannes Birringer, und Levin Weiss (percussion).<\/p><p style=\"text-align: center;\">Live-Schaltung nach Berlin zu Max Neumann, mit Esad Puzic\u0301<\/p><p style=\"text-align: left;\"><img loading=\"lazy\" decoding=\"async\" class=\"size-medium wp-image-8069 aligncenter\" src=\"https:\/\/gallery-puzic.com\/wp-content\/uploads\/2025\/11\/introduction-by-Esad-Puzic-258x300.jpg\" alt=\"\" width=\"258\" height=\"300\" srcset=\"https:\/\/gallery-puzic.com\/wp-content\/uploads\/2025\/11\/introduction-by-Esad-Puzic-258x300.jpg 258w, https:\/\/gallery-puzic.com\/wp-content\/uploads\/2025\/11\/introduction-by-Esad-Puzic-881x1024.jpg 881w, https:\/\/gallery-puzic.com\/wp-content\/uploads\/2025\/11\/introduction-by-Esad-Puzic-768x893.jpg 768w, https:\/\/gallery-puzic.com\/wp-content\/uploads\/2025\/11\/introduction-by-Esad-Puzic-10x12.jpg 10w, https:\/\/gallery-puzic.com\/wp-content\/uploads\/2025\/11\/introduction-by-Esad-Puzic.jpg 1054w\" sizes=\"(max-width: 258px) 100vw, 258px\" \/><\/p><p style=\"text-align: center;\">(photos by Mirsad Puzic\u0301 &amp; U.S.L)<\/p><p style=\"text-align: center;\"><em>In Kooperation mit der <\/em><em>Buchhandlung St. Johann<\/em><\/p><p style=\"text-align: center;\"><em>+\u00a0 \u00a0 \u00a0 \u00a0+\u00a0 \u00a0 \u00a0<\/em><\/p>\t\t\t\t\t\t\t\t<\/div>\n\t\t\t\t<\/div>\n\t\t\t\t\t<\/div>\n\t\t<\/div>\n\t\t\t\t\t<\/div>\n\t\t<\/section>\n\t\t\t\t<section class=\"elementor-section elementor-top-section elementor-element elementor-element-76a7982 elementor-section-boxed elementor-section-height-default elementor-section-height-default\" data-id=\"76a7982\" data-element_type=\"section\" data-e-type=\"section\">\n\t\t\t\t\t\t<div class=\"elementor-container elementor-column-gap-default\">\n\t\t\t\t\t<div class=\"elementor-column elementor-col-25 elementor-top-column elementor-element elementor-element-6def6a6\" data-id=\"6def6a6\" data-element_type=\"column\" data-e-type=\"column\">\n\t\t\t<div class=\"elementor-widget-wrap elementor-element-populated\">\n\t\t\t\t\t\t<div class=\"elementor-element elementor-element-4b8a68f elementor-widget elementor-widget-image\" data-id=\"4b8a68f\" data-element_type=\"widget\" data-e-type=\"widget\" data-widget_type=\"image.default\">\n\t\t\t\t<div class=\"elementor-widget-container\">\n\t\t\t\t\t\t\t\t\t\t\t\t\t\t\t<img loading=\"lazy\" decoding=\"async\" width=\"177\" height=\"300\" src=\"https:\/\/gallery-puzic.com\/wp-content\/uploads\/2025\/11\/auditorium-and-percussionist-177x300.png\" class=\"attachment-medium size-medium wp-image-8085\" alt=\"\" srcset=\"https:\/\/gallery-puzic.com\/wp-content\/uploads\/2025\/11\/auditorium-and-percussionist-177x300.png 177w, https:\/\/gallery-puzic.com\/wp-content\/uploads\/2025\/11\/auditorium-and-percussionist-603x1024.png 603w, https:\/\/gallery-puzic.com\/wp-content\/uploads\/2025\/11\/auditorium-and-percussionist-768x1304.png 768w, https:\/\/gallery-puzic.com\/wp-content\/uploads\/2025\/11\/auditorium-and-percussionist-905x1536.png 905w, https:\/\/gallery-puzic.com\/wp-content\/uploads\/2025\/11\/auditorium-and-percussionist-7x12.png 7w, https:\/\/gallery-puzic.com\/wp-content\/uploads\/2025\/11\/auditorium-and-percussionist.png 924w\" sizes=\"(max-width: 177px) 100vw, 177px\" \/>\t\t\t\t\t\t\t\t\t\t\t\t\t\t\t<\/div>\n\t\t\t\t<\/div>\n\t\t\t\t\t<\/div>\n\t\t<\/div>\n\t\t\t\t<div class=\"elementor-column elementor-col-25 elementor-top-column elementor-element elementor-element-7e69530\" data-id=\"7e69530\" data-element_type=\"column\" data-e-type=\"column\">\n\t\t\t<div class=\"elementor-widget-wrap elementor-element-populated\">\n\t\t\t\t\t\t<div class=\"elementor-element elementor-element-4a89c3d elementor-widget elementor-widget-image\" data-id=\"4a89c3d\" data-element_type=\"widget\" data-e-type=\"widget\" data-widget_type=\"image.default\">\n\t\t\t\t<div class=\"elementor-widget-container\">\n\t\t\t\t\t\t\t\t\t\t\t\t\t\t\t<img loading=\"lazy\" decoding=\"async\" width=\"300\" height=\"225\" src=\"https:\/\/gallery-puzic.com\/wp-content\/uploads\/2025\/11\/animalinside_Lesung-300x225.jpg\" class=\"attachment-medium size-medium wp-image-8067\" alt=\"\" srcset=\"https:\/\/gallery-puzic.com\/wp-content\/uploads\/2025\/11\/animalinside_Lesung-300x225.jpg 300w, https:\/\/gallery-puzic.com\/wp-content\/uploads\/2025\/11\/animalinside_Lesung-1024x768.jpg 1024w, https:\/\/gallery-puzic.com\/wp-content\/uploads\/2025\/11\/animalinside_Lesung-768x576.jpg 768w, https:\/\/gallery-puzic.com\/wp-content\/uploads\/2025\/11\/animalinside_Lesung-1536x1152.jpg 1536w, https:\/\/gallery-puzic.com\/wp-content\/uploads\/2025\/11\/animalinside_Lesung-16x12.jpg 16w, https:\/\/gallery-puzic.com\/wp-content\/uploads\/2025\/11\/animalinside_Lesung.jpg 2040w\" sizes=\"(max-width: 300px) 100vw, 300px\" \/>\t\t\t\t\t\t\t\t\t\t\t\t\t\t\t<\/div>\n\t\t\t\t<\/div>\n\t\t\t\t\t<\/div>\n\t\t<\/div>\n\t\t\t\t<div class=\"elementor-column elementor-col-25 elementor-top-column elementor-element elementor-element-024d48b\" data-id=\"024d48b\" data-element_type=\"column\" data-e-type=\"column\">\n\t\t\t<div class=\"elementor-widget-wrap elementor-element-populated\">\n\t\t\t\t\t\t<div class=\"elementor-element elementor-element-876e87a elementor-widget elementor-widget-image\" data-id=\"876e87a\" data-element_type=\"widget\" data-e-type=\"widget\" data-widget_type=\"image.default\">\n\t\t\t\t<div class=\"elementor-widget-container\">\n\t\t\t\t\t\t\t\t\t\t\t\t\t\t\t<img loading=\"lazy\" decoding=\"async\" width=\"225\" height=\"300\" src=\"https:\/\/gallery-puzic.com\/wp-content\/uploads\/2025\/11\/Patricia-reading-225x300.jpg\" class=\"attachment-medium size-medium wp-image-8068\" alt=\"\" srcset=\"https:\/\/gallery-puzic.com\/wp-content\/uploads\/2025\/11\/Patricia-reading-225x300.jpg 225w, https:\/\/gallery-puzic.com\/wp-content\/uploads\/2025\/11\/Patricia-reading-768x1024.jpg 768w, https:\/\/gallery-puzic.com\/wp-content\/uploads\/2025\/11\/Patricia-reading-1152x1536.jpg 1152w, https:\/\/gallery-puzic.com\/wp-content\/uploads\/2025\/11\/Patricia-reading-9x12.jpg 9w, https:\/\/gallery-puzic.com\/wp-content\/uploads\/2025\/11\/Patricia-reading.jpg 1200w\" sizes=\"(max-width: 225px) 100vw, 225px\" \/>\t\t\t\t\t\t\t\t\t\t\t\t\t\t\t<\/div>\n\t\t\t\t<\/div>\n\t\t\t\t\t<\/div>\n\t\t<\/div>\n\t\t\t\t<div class=\"elementor-column elementor-col-25 elementor-top-column elementor-element elementor-element-ec6ac22\" data-id=\"ec6ac22\" data-element_type=\"column\" data-e-type=\"column\">\n\t\t\t<div class=\"elementor-widget-wrap elementor-element-populated\">\n\t\t\t\t\t\t<div class=\"elementor-element elementor-element-8d654e2 elementor-widget elementor-widget-image\" data-id=\"8d654e2\" data-element_type=\"widget\" data-e-type=\"widget\" data-widget_type=\"image.default\">\n\t\t\t\t<div class=\"elementor-widget-container\">\n\t\t\t\t\t\t\t\t\t\t\t\t\t\t\t<img loading=\"lazy\" decoding=\"async\" width=\"300\" height=\"232\" src=\"https:\/\/gallery-puzic.com\/wp-content\/uploads\/2025\/11\/Johannes-B-liest-300x232.jpg\" class=\"attachment-medium size-medium wp-image-8066\" alt=\"\" srcset=\"https:\/\/gallery-puzic.com\/wp-content\/uploads\/2025\/11\/Johannes-B-liest-300x232.jpg 300w, https:\/\/gallery-puzic.com\/wp-content\/uploads\/2025\/11\/Johannes-B-liest-1024x792.jpg 1024w, https:\/\/gallery-puzic.com\/wp-content\/uploads\/2025\/11\/Johannes-B-liest-768x594.jpg 768w, https:\/\/gallery-puzic.com\/wp-content\/uploads\/2025\/11\/Johannes-B-liest-1536x1187.jpg 1536w, https:\/\/gallery-puzic.com\/wp-content\/uploads\/2025\/11\/Johannes-B-liest-2048x1583.jpg 2048w, https:\/\/gallery-puzic.com\/wp-content\/uploads\/2025\/11\/Johannes-B-liest-16x12.jpg 16w\" sizes=\"(max-width: 300px) 100vw, 300px\" \/>\t\t\t\t\t\t\t\t\t\t\t\t\t\t\t<\/div>\n\t\t\t\t<\/div>\n\t\t\t\t\t<\/div>\n\t\t<\/div>\n\t\t\t\t\t<\/div>\n\t\t<\/section>\n\t\t\t\t<section class=\"elementor-section elementor-top-section elementor-element elementor-element-c3affed elementor-section-boxed elementor-section-height-default elementor-section-height-default\" data-id=\"c3affed\" data-element_type=\"section\" data-e-type=\"section\">\n\t\t\t\t\t\t<div class=\"elementor-container elementor-column-gap-default\">\n\t\t\t\t\t<div class=\"elementor-column elementor-col-100 elementor-top-column elementor-element elementor-element-946969d\" data-id=\"946969d\" data-element_type=\"column\" data-e-type=\"column\">\n\t\t\t<div class=\"elementor-widget-wrap elementor-element-populated\">\n\t\t\t\t\t\t<div class=\"elementor-element elementor-element-4769601 elementor-widget elementor-widget-text-editor\" data-id=\"4769601\" data-element_type=\"widget\" data-e-type=\"widget\" data-widget_type=\"text-editor.default\">\n\t\t\t\t<div class=\"elementor-widget-container\">\n\t\t\t\t\t\t\t\t\t<p class=\"p1\" style=\"text-align: center;\"><span class=\"s1\">In German language,\u00a0 both the <b>animalinside<\/b> and <b>Chasing Homer<\/b> collaborations (and a related Krasznahorkai text) have been brought together by <b>S. Fischer Verlag<\/b> in the volume <b>Im Wahn der Anderen. Drei Erz\u00e4hlungen<\/b> (29 Nov 2023). That edition is translated into German (by Heike Flemming) and explicitly credits <b>34 colour drawings \/ illustrations by Max Neumann<\/b>; the book gathers the originals (<i>Mindig Hom\u00e9rosznak<\/i>, <i>Apr\u00f3munka egy palot\u00e1\u00e9rt<\/i>, <i>\u00c1llat Van Bent<\/i>). It also includes a percussion solo by Mikl\u00f3s Szilveszter.<\/span><\/p><p class=\"p1\" style=\"text-align: center;\"><span class=\"s1\"><b>Das <\/b><a href=\"https:\/\/www.saarbruecker-zeitung.de\/saarland\/saar-kultur\/spurensuche-was-der-literaturnobelpreis-2025-mit-dem-saarland-zu-tun-hat_aid-136801935\"><span class=\"s2\"><b>saarl\u00e4ndische Presse-Echo<\/b><\/span><\/a><b> auf die Literatur-Nobelpreisverleihung und die Spuren, die zu Max Neumann f\u00fchren, finden Sie<\/b><a href=\"https:\/\/www.sr.de\/sr\/srkultur\/home\/gesellschaft_ueberregionales\/literaturnobelpreis_laszlo_krasznahorkai_100.html\"><span class=\"s2\"><b> hier<\/b><\/span><\/a><b>, und auch <\/b><a href=\"https:\/\/epaper2.saarbruecker-zeitung.de\/api\/sharing\/article\/saarbruckerzeitung68edfd69d2ce28.23424284-9a98b6440f176\"><span class=\"s2\"><b>hier.<\/b><\/span><\/a><b>\u00a0<\/b><\/span><\/p><p class=\"p1\" style=\"text-align: center;\"><span class=\"s1\">Der <a href=\"https:\/\/www.sr.de\/sr\/mediathek\/video\/FS_KU-WIMS_3660.html\"><span class=\"s3\"><b>SR Kulturspiegel<\/b><\/span><\/a> sendete ein spezielles Interview mit Max Neumann am 22. Oktober<\/span><\/p><p style=\"text-align: center;\">Ein weiterer <strong><a href=\"https:\/\/gallery-puzic.com\/wp-content\/uploads\/2025\/12\/SZ-Artikel-zum-Nobelpreistraeger.pdf\">Presseartikel<\/a> <a href=\"https:\/\/gallery-puzic.com\/wp-content\/uploads\/2025\/12\/SZ-Artikel-zum-Nobelpreistraeger.pdf\">zur Literatur-Nobelpreisverleihung und der Zusammenarbeit zwischen Krasznahorkai und Neumann<\/a><\/strong> erschien am 10. Dezember 2025. Die dort angeregte internationale Expansion der aufregenden, implizit musealen Ausstellung von Werken Neumanns in der Gallery Puzic\u0301, sowie der vom Choreografen J. Birringer initiierten <em>animalinside<\/em> Performance, ist bereits in vollem Gange.\u00a0<\/p><p style=\"text-align: center;\">Die Ausstellung <strong><em>Max Neumann<\/em>: <\/strong><em><strong>Wiederkehr ohne Melancholie<\/strong>\u00a0<\/em>ist vom Museum of Contemporary Art of Montenegro in Podgorica eingeladen worden und wird dort im Februar 2026 er\u00f6ffnet.<\/p><p style=\"text-align: center;\">Die Performance <strong><em>animalinside\u00a0<\/em><\/strong>ist ebenfalls eingeladen worden und wird von Birringer und seinem Houston-basierten Ensemble AlienNation Co. Ende Januar im <a href=\"https:\/\/moody.rice.edu\/\">Moody Center for the Arts<\/a> in Houston, Texas, aufgef\u00fchrt.\u00a0<\/p><p style=\"text-align: center;\">\u00a0<\/p>\t\t\t\t\t\t\t\t<\/div>\n\t\t\t\t<\/div>\n\t\t\t\t\t<\/div>\n\t\t<\/div>\n\t\t\t\t\t<\/div>\n\t\t<\/section>\n\t\t\t\t<section class=\"elementor-section elementor-top-section elementor-element elementor-element-60b9f16 elementor-section-boxed elementor-section-height-default elementor-section-height-default\" data-id=\"60b9f16\" data-element_type=\"section\" data-e-type=\"section\">\n\t\t\t\t\t\t<div class=\"elementor-container elementor-column-gap-default\">\n\t\t\t\t\t<div class=\"elementor-column elementor-col-100 elementor-top-column elementor-element elementor-element-ae52cab\" data-id=\"ae52cab\" data-element_type=\"column\" data-e-type=\"column\">\n\t\t\t<div class=\"elementor-widget-wrap elementor-element-populated\">\n\t\t\t\t\t\t<div class=\"elementor-element elementor-element-62a511b elementor-widget-divider--view-line elementor-widget elementor-widget-divider\" data-id=\"62a511b\" data-element_type=\"widget\" data-e-type=\"widget\" data-widget_type=\"divider.default\">\n\t\t\t\t<div class=\"elementor-widget-container\">\n\t\t\t\t\t\t\t<div class=\"elementor-divider\">\n\t\t\t<span class=\"elementor-divider-separator\">\n\t\t\t\t\t\t<\/span>\n\t\t<\/div>\n\t\t\t\t\t\t<\/div>\n\t\t\t\t<\/div>\n\t\t\t\t\t<\/div>\n\t\t<\/div>\n\t\t\t\t\t<\/div>\n\t\t<\/section>\n\t\t\t\t<\/div>\n\t\t","protected":false},"excerpt":{"rendered":"<p>L\u00e1szl\u00f3 Krasznahorkai und Max Neumann L\u00e1szl\u00f3 Krasznahorkai bekommt Literatur-Nobelpreis \u00a0 Melancholie des Widerstands ? Die Gallery Puzic\u0301 begl\u00fcckw\u00fcnscht den ungarischen Autor L\u00e1szl\u00f3 Krasznahorkai zur Verleihung des Literatur-Nobelpreises. Mit grosser Freude reichen wir auch Gr\u00fcsse und Gl\u00fcckw\u00fcnsche weiter an Max Neumann, den K\u00fcnstler unserer gegenw\u00e4rtigen Ausstellung, dessen\u00a0 Zusammenarbeit mit Krasznahorkai bei der Vernissage am 9. September [&hellip;]<\/p>\n","protected":false},"author":2,"featured_media":0,"parent":0,"menu_order":0,"comment_status":"closed","ping_status":"closed","template":"","meta":{"footnotes":""},"class_list":["post-7959","page","type-page","status-publish","hentry"],"_links":{"self":[{"href":"https:\/\/gallery-puzic.com\/en\/wp-json\/wp\/v2\/pages\/7959","targetHints":{"allow":["GET"]}}],"collection":[{"href":"https:\/\/gallery-puzic.com\/en\/wp-json\/wp\/v2\/pages"}],"about":[{"href":"https:\/\/gallery-puzic.com\/en\/wp-json\/wp\/v2\/types\/page"}],"author":[{"embeddable":true,"href":"https:\/\/gallery-puzic.com\/en\/wp-json\/wp\/v2\/users\/2"}],"replies":[{"embeddable":true,"href":"https:\/\/gallery-puzic.com\/en\/wp-json\/wp\/v2\/comments?post=7959"}],"version-history":[{"count":73,"href":"https:\/\/gallery-puzic.com\/en\/wp-json\/wp\/v2\/pages\/7959\/revisions"}],"predecessor-version":[{"id":8244,"href":"https:\/\/gallery-puzic.com\/en\/wp-json\/wp\/v2\/pages\/7959\/revisions\/8244"}],"wp:attachment":[{"href":"https:\/\/gallery-puzic.com\/en\/wp-json\/wp\/v2\/media?parent=7959"}],"curies":[{"name":"wp","href":"https:\/\/api.w.org\/{rel}","templated":true}]}}