{"id":7803,"date":"2025-09-18T20:22:59","date_gmt":"2025-09-18T20:22:59","guid":{"rendered":"https:\/\/gallery-puzic.com\/?page_id=7803"},"modified":"2025-09-18T20:41:50","modified_gmt":"2025-09-18T20:41:50","slug":"joachim-ickrath","status":"publish","type":"page","link":"https:\/\/gallery-puzic.com\/en\/joachim-ickrath\/","title":{"rendered":"Joachim Ickrath"},"content":{"rendered":"<div data-elementor-type=\"wp-page\" data-elementor-id=\"7803\" class=\"elementor elementor-7803\">\n\t\t\t\t\t\t<section class=\"elementor-section elementor-top-section elementor-element elementor-element-17e9e82 elementor-section-boxed elementor-section-height-default elementor-section-height-default\" data-id=\"17e9e82\" data-element_type=\"section\" data-e-type=\"section\">\n\t\t\t\t\t\t<div class=\"elementor-container elementor-column-gap-default\">\n\t\t\t\t\t<div class=\"elementor-column elementor-col-100 elementor-top-column elementor-element elementor-element-a6f5b04\" data-id=\"a6f5b04\" data-element_type=\"column\" data-e-type=\"column\">\n\t\t\t<div class=\"elementor-widget-wrap elementor-element-populated\">\n\t\t\t\t\t\t<div class=\"elementor-element elementor-element-fc2086f elementor-widget-divider--view-line elementor-widget elementor-widget-divider\" data-id=\"fc2086f\" data-element_type=\"widget\" data-e-type=\"widget\" data-widget_type=\"divider.default\">\n\t\t\t\t<div class=\"elementor-widget-container\">\n\t\t\t\t\t\t\t<div class=\"elementor-divider\">\n\t\t\t<span class=\"elementor-divider-separator\">\n\t\t\t\t\t\t<\/span>\n\t\t<\/div>\n\t\t\t\t\t\t<\/div>\n\t\t\t\t<\/div>\n\t\t\t\t\t<\/div>\n\t\t<\/div>\n\t\t\t\t\t<\/div>\n\t\t<\/section>\n\t\t\t\t<section class=\"elementor-section elementor-top-section elementor-element elementor-element-36a5213 elementor-section-boxed elementor-section-height-default elementor-section-height-default\" data-id=\"36a5213\" data-element_type=\"section\" data-e-type=\"section\">\n\t\t\t\t\t\t<div class=\"elementor-container elementor-column-gap-default\">\n\t\t\t\t\t<div class=\"elementor-column elementor-col-100 elementor-top-column elementor-element elementor-element-6d37721\" data-id=\"6d37721\" data-element_type=\"column\" data-e-type=\"column\">\n\t\t\t<div class=\"elementor-widget-wrap elementor-element-populated\">\n\t\t\t\t\t\t<div class=\"elementor-element elementor-element-a9dbb62 elementor-widget elementor-widget-heading\" data-id=\"a9dbb62\" data-element_type=\"widget\" data-e-type=\"widget\" data-widget_type=\"heading.default\">\n\t\t\t\t<div class=\"elementor-widget-container\">\n\t\t\t\t\t<h2 class=\"elementor-heading-title elementor-size-default\">Joachim Ickrath<\/h2>\t\t\t\t<\/div>\n\t\t\t\t<\/div>\n\t\t\t\t\t<\/div>\n\t\t<\/div>\n\t\t\t\t\t<\/div>\n\t\t<\/section>\n\t\t\t\t<section class=\"elementor-section elementor-top-section elementor-element elementor-element-5afe5a4 elementor-section-boxed elementor-section-height-default elementor-section-height-default\" data-id=\"5afe5a4\" data-element_type=\"section\" data-e-type=\"section\">\n\t\t\t\t\t\t<div class=\"elementor-container elementor-column-gap-default\">\n\t\t\t\t\t<div class=\"elementor-column elementor-col-25 elementor-top-column elementor-element elementor-element-c57c6e6\" data-id=\"c57c6e6\" data-element_type=\"column\" data-e-type=\"column\">\n\t\t\t<div class=\"elementor-widget-wrap\">\n\t\t\t\t\t\t\t<\/div>\n\t\t<\/div>\n\t\t\t\t<div class=\"elementor-column elementor-col-25 elementor-top-column elementor-element elementor-element-cc038fa\" data-id=\"cc038fa\" data-element_type=\"column\" data-e-type=\"column\">\n\t\t\t<div class=\"elementor-widget-wrap elementor-element-populated\">\n\t\t\t\t\t\t<div class=\"elementor-element elementor-element-e3f1354 elementor-widget elementor-widget-text-editor\" data-id=\"e3f1354\" data-element_type=\"widget\" data-e-type=\"widget\" data-widget_type=\"text-editor.default\">\n\t\t\t\t<div class=\"elementor-widget-container\">\n\t\t\t\t\t\t\t\t\t<p>artworks<\/p>\t\t\t\t\t\t\t\t<\/div>\n\t\t\t\t<\/div>\n\t\t\t\t\t<\/div>\n\t\t<\/div>\n\t\t\t\t<div class=\"elementor-column elementor-col-25 elementor-top-column elementor-element elementor-element-345f857\" data-id=\"345f857\" data-element_type=\"column\" data-e-type=\"column\">\n\t\t\t<div class=\"elementor-widget-wrap\">\n\t\t\t\t\t\t\t<\/div>\n\t\t<\/div>\n\t\t\t\t<div class=\"elementor-column elementor-col-25 elementor-top-column elementor-element elementor-element-1f1d07f\" data-id=\"1f1d07f\" data-element_type=\"column\" data-e-type=\"column\">\n\t\t\t<div class=\"elementor-widget-wrap elementor-element-populated\">\n\t\t\t\t\t\t<div class=\"elementor-element elementor-element-7132dd1 elementor-widget elementor-widget-text-editor\" data-id=\"7132dd1\" data-element_type=\"widget\" data-e-type=\"widget\" data-widget_type=\"text-editor.default\">\n\t\t\t\t<div class=\"elementor-widget-container\">\n\t\t\t\t\t\t\t\t\t<p>biography.<\/p>\t\t\t\t\t\t\t\t<\/div>\n\t\t\t\t<\/div>\n\t\t\t\t\t<\/div>\n\t\t<\/div>\n\t\t\t\t\t<\/div>\n\t\t<\/section>\n\t\t\t\t<section class=\"elementor-section elementor-top-section elementor-element elementor-element-72c8072 elementor-section-boxed elementor-section-height-default elementor-section-height-default\" data-id=\"72c8072\" data-element_type=\"section\" data-e-type=\"section\">\n\t\t\t\t\t\t<div class=\"elementor-container elementor-column-gap-default\">\n\t\t\t\t\t<div class=\"elementor-column elementor-col-100 elementor-top-column elementor-element elementor-element-630e7af\" data-id=\"630e7af\" data-element_type=\"column\" data-e-type=\"column\">\n\t\t\t<div class=\"elementor-widget-wrap elementor-element-populated\">\n\t\t\t\t\t\t<div class=\"elementor-element elementor-element-26ae4d6 elementor-widget-divider--view-line elementor-widget elementor-widget-divider\" data-id=\"26ae4d6\" data-element_type=\"widget\" data-e-type=\"widget\" data-widget_type=\"divider.default\">\n\t\t\t\t<div class=\"elementor-widget-container\">\n\t\t\t\t\t\t\t<div class=\"elementor-divider\">\n\t\t\t<span class=\"elementor-divider-separator\">\n\t\t\t\t\t\t<\/span>\n\t\t<\/div>\n\t\t\t\t\t\t<\/div>\n\t\t\t\t<\/div>\n\t\t\t\t\t<\/div>\n\t\t<\/div>\n\t\t\t\t\t<\/div>\n\t\t<\/section>\n\t\t\t\t<section class=\"elementor-section elementor-top-section elementor-element elementor-element-4068372 elementor-section-boxed elementor-section-height-default elementor-section-height-default\" data-id=\"4068372\" data-element_type=\"section\" data-e-type=\"section\">\n\t\t\t\t\t\t<div class=\"elementor-container elementor-column-gap-default\">\n\t\t\t\t\t<div class=\"elementor-column elementor-col-25 elementor-top-column elementor-element elementor-element-ade7ed9\" data-id=\"ade7ed9\" data-element_type=\"column\" data-e-type=\"column\">\n\t\t\t<div class=\"elementor-widget-wrap elementor-element-populated\">\n\t\t\t\t\t\t<div class=\"elementor-element elementor-element-d40b384 elementor-widget elementor-widget-image\" data-id=\"d40b384\" data-element_type=\"widget\" data-e-type=\"widget\" data-widget_type=\"image.default\">\n\t\t\t\t<div class=\"elementor-widget-container\">\n\t\t\t\t\t\t\t\t\t\t\t\t\t\t\t<img fetchpriority=\"high\" decoding=\"async\" width=\"300\" height=\"198\" src=\"https:\/\/gallery-puzic.com\/wp-content\/uploads\/2024\/11\/Ickrath-300x198.jpg\" class=\"attachment-medium size-medium wp-image-5876\" alt=\"\" srcset=\"https:\/\/gallery-puzic.com\/wp-content\/uploads\/2024\/11\/Ickrath-300x198.jpg 300w, https:\/\/gallery-puzic.com\/wp-content\/uploads\/2024\/11\/Ickrath-1024x677.jpg 1024w, https:\/\/gallery-puzic.com\/wp-content\/uploads\/2024\/11\/Ickrath-768x508.jpg 768w, https:\/\/gallery-puzic.com\/wp-content\/uploads\/2024\/11\/Ickrath-1536x1016.jpg 1536w, https:\/\/gallery-puzic.com\/wp-content\/uploads\/2024\/11\/Ickrath-2048x1355.jpg 2048w, https:\/\/gallery-puzic.com\/wp-content\/uploads\/2024\/11\/Ickrath-18x12.jpg 18w\" sizes=\"(max-width: 300px) 100vw, 300px\" \/>\t\t\t\t\t\t\t\t\t\t\t\t\t\t\t<\/div>\n\t\t\t\t<\/div>\n\t\t\t\t\t<\/div>\n\t\t<\/div>\n\t\t\t\t<div class=\"elementor-column elementor-col-25 elementor-top-column elementor-element elementor-element-78e77c3\" data-id=\"78e77c3\" data-element_type=\"column\" data-e-type=\"column\">\n\t\t\t<div class=\"elementor-widget-wrap elementor-element-populated\">\n\t\t\t\t\t\t<div class=\"elementor-element elementor-element-33519f9 elementor-widget elementor-widget-image\" data-id=\"33519f9\" data-element_type=\"widget\" data-e-type=\"widget\" data-widget_type=\"image.default\">\n\t\t\t\t<div class=\"elementor-widget-container\">\n\t\t\t\t\t\t\t\t\t\t\t\t\t\t\t<img decoding=\"async\" width=\"300\" height=\"300\" src=\"https:\/\/gallery-puzic.com\/wp-content\/uploads\/2025\/09\/Ickrath-Der-Tag-als-der-Regen-kam-300x300.jpg\" class=\"attachment-medium size-medium wp-image-7813\" alt=\"\" srcset=\"https:\/\/gallery-puzic.com\/wp-content\/uploads\/2025\/09\/Ickrath-Der-Tag-als-der-Regen-kam-300x300.jpg 300w, https:\/\/gallery-puzic.com\/wp-content\/uploads\/2025\/09\/Ickrath-Der-Tag-als-der-Regen-kam-1024x1019.jpg 1024w, https:\/\/gallery-puzic.com\/wp-content\/uploads\/2025\/09\/Ickrath-Der-Tag-als-der-Regen-kam-150x150.jpg 150w, https:\/\/gallery-puzic.com\/wp-content\/uploads\/2025\/09\/Ickrath-Der-Tag-als-der-Regen-kam-1536x1529.jpg 1536w, https:\/\/gallery-puzic.com\/wp-content\/uploads\/2025\/09\/Ickrath-Der-Tag-als-der-Regen-kam-2048x2038.jpg 2048w, https:\/\/gallery-puzic.com\/wp-content\/uploads\/2025\/09\/Ickrath-Der-Tag-als-der-Regen-kam-12x12.jpg 12w\" sizes=\"(max-width: 300px) 100vw, 300px\" \/>\t\t\t\t\t\t\t\t\t\t\t\t\t\t\t<\/div>\n\t\t\t\t<\/div>\n\t\t\t\t\t<\/div>\n\t\t<\/div>\n\t\t\t\t<div class=\"elementor-column elementor-col-25 elementor-top-column elementor-element elementor-element-e833d4c\" data-id=\"e833d4c\" data-element_type=\"column\" data-e-type=\"column\">\n\t\t\t<div class=\"elementor-widget-wrap elementor-element-populated\">\n\t\t\t\t\t\t<div class=\"elementor-element elementor-element-bcb1b63 elementor-widget elementor-widget-image\" data-id=\"bcb1b63\" data-element_type=\"widget\" data-e-type=\"widget\" data-widget_type=\"image.default\">\n\t\t\t\t<div class=\"elementor-widget-container\">\n\t\t\t\t\t\t\t\t\t\t\t\t\t\t\t<img decoding=\"async\" width=\"300\" height=\"297\" src=\"https:\/\/gallery-puzic.com\/wp-content\/uploads\/2025\/09\/Ickrath-o.T-300x297.jpg\" class=\"attachment-medium size-medium wp-image-7812\" alt=\"\" srcset=\"https:\/\/gallery-puzic.com\/wp-content\/uploads\/2025\/09\/Ickrath-o.T-300x297.jpg 300w, https:\/\/gallery-puzic.com\/wp-content\/uploads\/2025\/09\/Ickrath-o.T-1024x1015.jpg 1024w, https:\/\/gallery-puzic.com\/wp-content\/uploads\/2025\/09\/Ickrath-o.T-150x150.jpg 150w, https:\/\/gallery-puzic.com\/wp-content\/uploads\/2025\/09\/Ickrath-o.T-768x761.jpg 768w, https:\/\/gallery-puzic.com\/wp-content\/uploads\/2025\/09\/Ickrath-o.T-1536x1522.jpg 1536w, https:\/\/gallery-puzic.com\/wp-content\/uploads\/2025\/09\/Ickrath-o.T-2048x2029.jpg 2048w, https:\/\/gallery-puzic.com\/wp-content\/uploads\/2025\/09\/Ickrath-o.T-12x12.jpg 12w\" sizes=\"(max-width: 300px) 100vw, 300px\" \/>\t\t\t\t\t\t\t\t\t\t\t\t\t\t\t<\/div>\n\t\t\t\t<\/div>\n\t\t\t\t\t<\/div>\n\t\t<\/div>\n\t\t\t\t<div class=\"elementor-column elementor-col-25 elementor-top-column elementor-element elementor-element-35b581f\" data-id=\"35b581f\" data-element_type=\"column\" data-e-type=\"column\">\n\t\t\t<div class=\"elementor-widget-wrap elementor-element-populated\">\n\t\t\t\t\t\t<div class=\"elementor-element elementor-element-8f86412 elementor-widget elementor-widget-image\" data-id=\"8f86412\" data-element_type=\"widget\" data-e-type=\"widget\" data-widget_type=\"image.default\">\n\t\t\t\t<div class=\"elementor-widget-container\">\n\t\t\t\t\t\t\t\t\t\t\t\t\t\t\t<img loading=\"lazy\" decoding=\"async\" width=\"300\" height=\"300\" src=\"https:\/\/gallery-puzic.com\/wp-content\/uploads\/2025\/09\/Entdeckung-1-2024-300x300.jpeg\" class=\"attachment-medium size-medium wp-image-7809\" alt=\"\" srcset=\"https:\/\/gallery-puzic.com\/wp-content\/uploads\/2025\/09\/Entdeckung-1-2024-300x300.jpeg 300w, https:\/\/gallery-puzic.com\/wp-content\/uploads\/2025\/09\/Entdeckung-1-2024-150x150.jpeg 150w, https:\/\/gallery-puzic.com\/wp-content\/uploads\/2025\/09\/Entdeckung-1-2024-12x12.jpeg 12w, https:\/\/gallery-puzic.com\/wp-content\/uploads\/2025\/09\/Entdeckung-1-2024.jpeg 482w\" sizes=\"(max-width: 300px) 100vw, 300px\" \/>\t\t\t\t\t\t\t\t\t\t\t\t\t\t\t<\/div>\n\t\t\t\t<\/div>\n\t\t\t\t\t<\/div>\n\t\t<\/div>\n\t\t\t\t\t<\/div>\n\t\t<\/section>\n\t\t\t\t<section class=\"elementor-section elementor-top-section elementor-element elementor-element-7965a33 elementor-section-boxed elementor-section-height-default elementor-section-height-default\" data-id=\"7965a33\" data-element_type=\"section\" data-e-type=\"section\">\n\t\t\t\t\t\t<div class=\"elementor-container elementor-column-gap-default\">\n\t\t\t\t\t<div class=\"elementor-column elementor-col-100 elementor-top-column elementor-element elementor-element-232b846\" data-id=\"232b846\" data-element_type=\"column\" data-e-type=\"column\">\n\t\t\t<div class=\"elementor-widget-wrap elementor-element-populated\">\n\t\t\t\t\t\t<div class=\"elementor-element elementor-element-1a5601a elementor-widget-divider--view-line elementor-widget elementor-widget-divider\" data-id=\"1a5601a\" data-element_type=\"widget\" data-e-type=\"widget\" data-widget_type=\"divider.default\">\n\t\t\t\t<div class=\"elementor-widget-container\">\n\t\t\t\t\t\t\t<div class=\"elementor-divider\">\n\t\t\t<span class=\"elementor-divider-separator\">\n\t\t\t\t\t\t<\/span>\n\t\t<\/div>\n\t\t\t\t\t\t<\/div>\n\t\t\t\t<\/div>\n\t\t\t\t\t<\/div>\n\t\t<\/div>\n\t\t\t\t\t<\/div>\n\t\t<\/section>\n\t\t\t\t<section class=\"elementor-section elementor-top-section elementor-element elementor-element-0f3397f elementor-section-boxed elementor-section-height-default elementor-section-height-default\" data-id=\"0f3397f\" data-element_type=\"section\" data-e-type=\"section\">\n\t\t\t\t\t\t<div class=\"elementor-container elementor-column-gap-default\">\n\t\t\t\t\t<div class=\"elementor-column elementor-col-33 elementor-top-column elementor-element elementor-element-b0519b4\" data-id=\"b0519b4\" data-element_type=\"column\" data-e-type=\"column\">\n\t\t\t<div class=\"elementor-widget-wrap elementor-element-populated\">\n\t\t\t\t\t\t<div class=\"elementor-element elementor-element-8a2f5d9 elementor-widget elementor-widget-image\" data-id=\"8a2f5d9\" data-element_type=\"widget\" data-e-type=\"widget\" data-widget_type=\"image.default\">\n\t\t\t\t<div class=\"elementor-widget-container\">\n\t\t\t\t\t\t\t\t\t\t\t\t\t\t\t<img loading=\"lazy\" decoding=\"async\" width=\"200\" height=\"300\" src=\"https:\/\/gallery-puzic.com\/wp-content\/uploads\/2025\/09\/Joachim-Ickrath-Portrait-200x300.jpeg\" class=\"attachment-medium size-medium wp-image-7811\" alt=\"\" srcset=\"https:\/\/gallery-puzic.com\/wp-content\/uploads\/2025\/09\/Joachim-Ickrath-Portrait-200x300.jpeg 200w, https:\/\/gallery-puzic.com\/wp-content\/uploads\/2025\/09\/Joachim-Ickrath-Portrait-8x12.jpeg 8w, https:\/\/gallery-puzic.com\/wp-content\/uploads\/2025\/09\/Joachim-Ickrath-Portrait.jpeg 300w\" sizes=\"(max-width: 200px) 100vw, 200px\" \/>\t\t\t\t\t\t\t\t\t\t\t\t\t\t\t<\/div>\n\t\t\t\t<\/div>\n\t\t\t\t\t<\/div>\n\t\t<\/div>\n\t\t\t\t<div class=\"elementor-column elementor-col-66 elementor-top-column elementor-element elementor-element-35e5a0e\" data-id=\"35e5a0e\" data-element_type=\"column\" data-e-type=\"column\">\n\t\t\t<div class=\"elementor-widget-wrap elementor-element-populated\">\n\t\t\t\t\t\t<div class=\"elementor-element elementor-element-89da039 elementor-widget elementor-widget-text-editor\" data-id=\"89da039\" data-element_type=\"widget\" data-e-type=\"widget\" data-widget_type=\"text-editor.default\">\n\t\t\t\t<div class=\"elementor-widget-container\">\n\t\t\t\t\t\t\t\t\t<p><strong>Joachim Ickrath\u00a0 \u00a0|\u00a0 \u00a0biography<\/strong><\/p><p>\u00a0<\/p><ul><li>1940 geboren in Berlin, Kindheit und Schulzeit weitgehend in Saarbr\u00fccken<\/li><li>1959-62 Ausbildung an der Kunst- und Gewerbeschule in Basel\/CH und der Saarl\u00e4ndischen Schule f\u00fcr Kunst und Handwerk, Saarbr\u00fccken<\/li><li>1962-70 Aufenthalt in Berlin, 2 Semester Stipendiat in der Bildhauerklasse von Prof. Hans Uhlmann an der Hochschule der K\u00fcnste<\/li><li>1966 Mitherausgeber der Kunstzeitschrift \u201eZAAZ\u201c<\/li><li>seit 1967 Ausstellungen, Publikationen von Kunstkalendern<\/li><li>1970-81 Reisen in Europa, Asien, Amerika, 2 Jahre Aufenthalt in Indien, Studium indischer Religionen und Philosophien<\/li><li>seit 1982 freischaffender K\u00fcnstler im Saarland, lebt und arbeitet in V\u00f6lklingen<\/li><\/ul><p><strong>\u00a0<\/strong><\/p><p>Der K\u00fcnstler und sein Werk, der Sch\u00f6pfer und seine Sch\u00f6pfung sind nicht zwei verschiedene Dinge, sie bilden eine Einheit. Das ist auch, als Prinzip, ein Aspekt der Weltanschauung Joachim Ickraths. Biographische Streiflichter: geboren 1940 in Berlin; zwischen 1959 und 1970 Studium in Basel, Saarbr\u00fccken und Berlin, 1966 Mitherausgeber der Zeitschrift ZAAZ in Berlin, die sich in Theorie und Praxis mit konstruktivistischer Kunst besch\u00e4ftigte, 1970 bis 1981 Reisen in Europa, Asien und Amerika, darunter ein zweij\u00e4hriger Aufenthalt in Indien<\/p><p>&#8222;Die k\u00fcnstlerische T\u00e4tigkeit ist das Ganz-Andere. Letztlich geht es in der Kunst um die Suche nach dem Unbekannten, um die Erweiterung des Bewu\u00dftseins und des Wissens auf verschiedenen Ebenen.&#8220; (Ickrath im Interview, Saarbr\u00fccker Zeitung, 1997) Diesem Anspruch und Leitmotiv seines k\u00fcnstlerischen Tuns sind nat\u00fcrlich auch die Arbeiten der Werkreihe(n) unterworfen, die sich in dieser Ausstellung pr\u00e4sentieren. Die Arbeiten an den W\u00e4nden zeigen in stets gleichen Abmessungen (90 x 30 cm) je einen sehr reduzierten Formenapparat, dessen Komposition sich nie wiederholt, aber immer zur\u00fcckhaltend und streng bleibt.<\/p><p>Auf die Frage nach dem &#8222;Unbekannten&#8220;, dem Fundort, der diese Formen zu Tage brachte, antwortet Ickrath mit einem Hinweis auf ganz Profanes: die Dehnungs- und Verbindungsfugen auf Autobahnbr\u00fccken, die, mit Stahlmontierungen armiert, lange schmale Strukturen bilden, haben diese Bildfindungen ausgel\u00f6st. Es handelt sich aber keineswegs um die Abbildungen gesehener Sachverhalte oder um deren Abstrahierung. Ickrath steht vielmehr in der Tradition der Konstruktivisten &#8211; der Hinweis auf die Dehnungsfugen bezeichnet nur den ausl\u00f6senden visuellen Impuls, der &#8222;die Suche nach dem Unbekannten, (&#8230;) die Erweiterung des Bewu\u00dftseins auf verschiedenen Ebenen&#8220; ausl\u00f6st.<\/p><p>Zweierlei kommt nun zusammen: zun\u00e4chst die Arbeit des Konstruktivistischen K\u00fcnstlers. Ickrath arbeitet hier mit Modulen. Seine Bildfl\u00e4che ist je 90 x 30 cm gro\u00df &#8211; hier ist schon das Metrum &#8222;3&#8220; zu erkennen. Die Bildfl\u00e4che ist virtuell in Quadrate mit einer Kantenl\u00e4nge von je 3,333 cm geteilt. Das ergibt 9 Quadrate in der Breite und 3 x 9 Quadrate in der L\u00e4nge\/H\u00f6he, d. h. insgesamt 243 (das sind 3 hoch 5) Quadrate &#8211; weitere Bez\u00fcge, die sich in diesem System ergeben, m\u00fcssen hier au\u00dfer Acht gelassen werden. Die 243 Quadrate, die eine virtuell geschlossene Fl\u00e4che bilden, reduziert der K\u00fcnstler so weit, dass nur noch eine geringe Zahl von Quadraten \u00fcbrig bleibt und sichtbar wird, eine geschlossene Struktur oder eine Reihe von Einzelquadraten bildet &#8211; diese Festlegung ist der finale k\u00fcnstlerische Akt. Damit ist nun die &#8211; sagen wir &#8211; technische Seite der Vorgehensweise von Joachim Ickrath beschrieben.<\/p><p>Der technische Vorgang steht vor einem Hintergrund, der etwas n\u00e4her zu betrachten ist, um seine Sinnhaftigkeit mehr zu beleuchten. Die Ergebnisse dieser &#8222;Operationen&#8220; mit geometrischen Basiselementen sind keineswegs trocken und langweilig, sondern voller Lebendigkeit und Variationsvielfalt. Inspiration einerseits und das Wissen um Bildfindungen, die durch geometrisches Konstruieren von der &#8222;magisch-symbolischen Ornamentik bis zu den konkret-konstruktivistischen Kunstbewegungen&#8220; (Christina Wei\u00df) geschaffen wurden, pr\u00e4gen die Arbeit Ickraths. Die Werke beziehen ihre \u00e4sthetische Qualit\u00e4t und ihre lebendige Wirkung aus der Spannung zwischen kompromi\u00dfloser Gesetzm\u00e4\u00dfigkeit des Aufbaus und der Suggestivkraft einer schwebenden Harmonie und Ausgeglichenheit des entstehenden Bildes. Die Beziehungen der Teile untereinander und zum Bildganzen, die emotionale Wirkung der Farbe (in den &#8222;Bilds\u00e4ulen&#8220;) schaffen eine Art Magie des Bildes ohne illusionistische Vorspiegelungen.<\/p><p>Ein Blick auf die Arbeit konstruktivistischer K\u00fcnstler, deren Arbeiten Ickrath w\u00e4hrend seiner Studienzeit in der Schweiz kennenlernte, gibt hier Hinweise. Camille Graeser (1892-1980) arbeitete mit kompositorischen Ordnungsprinzipien, die oft nicht unmittelbar ablesbar, aber von nachvollziehbarer Logik gepr\u00e4gt sind und auf einer horizontalen oder vertikalen Teilung der Gesamtfl\u00e4che beruhen; die Beziehungen bestehen in den Ausma\u00dfen der Teilfl\u00e4chen, wie in den sie definierenden Farben. Auch Ickrath gewinnt aus einem sehr disziplinierten und sparsamen, man m\u00f6chte (in Hinblick auf seine Lebensf\u00fchrung) sagen einfachen Umgang mit den bildnerischen Mitteln ein hohes Ma\u00df an formalem Reichtum.<\/p><p>Aus einem v\u00f6llig rationalen Grundentwurf k\u00f6nnen sich durch die gefundenen Formvariationen Anst\u00f6\u00dfe zum Meditieren \u00fcber die Vielfalt des \u00c4hnlichen oder die Ungleichartigkeit des Gleichartigen ergeben. Dabei realisiert Joachim Ickrath seine bildnerische Ideen in einer \u00fcberschaubaren Zahl; \u00fcber das damit verbundene Vergn\u00fcgen des Schauens stiftet er den Betrachter an, die visuellen Erlebnisse als Denkanst\u00f6\u00dfe aufzunehmen und weiter zu entwickeln. Die Erforschung von gesetzm\u00e4\u00dfigen Verkn\u00fcpfungen zwischen Form und Farben, von Einblicken in Ordnungssysteme zwischen Teilen und ihrem Ganzen, die der K\u00fcnstler in seinen Arbeiten visualisiert, weisen \u00fcber die Kunst hinaus.<\/p><p><strong>\u00a0<\/strong><\/p><p>\u00a0<\/p><p>\u00a0<\/p><p>\u00a0<\/p>\t\t\t\t\t\t\t\t<\/div>\n\t\t\t\t<\/div>\n\t\t\t\t\t<\/div>\n\t\t<\/div>\n\t\t\t\t\t<\/div>\n\t\t<\/section>\n\t\t\t\t<section class=\"elementor-section elementor-top-section elementor-element elementor-element-08555ee elementor-section-boxed elementor-section-height-default elementor-section-height-default\" data-id=\"08555ee\" data-element_type=\"section\" data-e-type=\"section\">\n\t\t\t\t\t\t<div class=\"elementor-container elementor-column-gap-default\">\n\t\t\t\t\t<div class=\"elementor-column elementor-col-100 elementor-top-column elementor-element elementor-element-e28904c\" data-id=\"e28904c\" data-element_type=\"column\" data-e-type=\"column\">\n\t\t\t<div class=\"elementor-widget-wrap elementor-element-populated\">\n\t\t\t\t\t\t<div class=\"elementor-element elementor-element-378f0c2 elementor-widget-divider--view-line elementor-widget elementor-widget-divider\" data-id=\"378f0c2\" data-element_type=\"widget\" data-e-type=\"widget\" data-widget_type=\"divider.default\">\n\t\t\t\t<div class=\"elementor-widget-container\">\n\t\t\t\t\t\t\t<div class=\"elementor-divider\">\n\t\t\t<span class=\"elementor-divider-separator\">\n\t\t\t\t\t\t<\/span>\n\t\t<\/div>\n\t\t\t\t\t\t<\/div>\n\t\t\t\t<\/div>\n\t\t\t\t\t<\/div>\n\t\t<\/div>\n\t\t\t\t\t<\/div>\n\t\t<\/section>\n\t\t\t\t<\/div>","protected":false},"excerpt":{"rendered":"<p>Joachim Ickrath artworks biography. Joachim Ickrath\u00a0 \u00a0|\u00a0 \u00a0biography \u00a0 1940 geboren in Berlin, Kindheit und Schulzeit weitgehend in Saarbr\u00fccken 1959-62 Ausbildung an der Kunst- und Gewerbeschule in Basel\/CH und der Saarl\u00e4ndischen Schule f\u00fcr Kunst und Handwerk, Saarbr\u00fccken 1962-70 Aufenthalt in Berlin, 2 Semester Stipendiat in der Bildhauerklasse von Prof. Hans Uhlmann an der Hochschule der [&hellip;]<\/p>\n","protected":false},"author":2,"featured_media":0,"parent":0,"menu_order":0,"comment_status":"closed","ping_status":"closed","template":"","meta":{"footnotes":""},"class_list":["post-7803","page","type-page","status-publish","hentry"],"_links":{"self":[{"href":"https:\/\/gallery-puzic.com\/en\/wp-json\/wp\/v2\/pages\/7803","targetHints":{"allow":["GET"]}}],"collection":[{"href":"https:\/\/gallery-puzic.com\/en\/wp-json\/wp\/v2\/pages"}],"about":[{"href":"https:\/\/gallery-puzic.com\/en\/wp-json\/wp\/v2\/types\/page"}],"author":[{"embeddable":true,"href":"https:\/\/gallery-puzic.com\/en\/wp-json\/wp\/v2\/users\/2"}],"replies":[{"embeddable":true,"href":"https:\/\/gallery-puzic.com\/en\/wp-json\/wp\/v2\/comments?post=7803"}],"version-history":[{"count":13,"href":"https:\/\/gallery-puzic.com\/en\/wp-json\/wp\/v2\/pages\/7803\/revisions"}],"predecessor-version":[{"id":7822,"href":"https:\/\/gallery-puzic.com\/en\/wp-json\/wp\/v2\/pages\/7803\/revisions\/7822"}],"wp:attachment":[{"href":"https:\/\/gallery-puzic.com\/en\/wp-json\/wp\/v2\/media?parent=7803"}],"curies":[{"name":"wp","href":"https:\/\/api.w.org\/{rel}","templated":true}]}}