{"id":7695,"date":"2025-09-12T08:53:00","date_gmt":"2025-09-12T08:53:00","guid":{"rendered":"https:\/\/gallery-puzic.com\/?page_id=7695"},"modified":"2025-09-18T11:04:34","modified_gmt":"2025-09-18T11:04:34","slug":"max-neumann-2","status":"publish","type":"page","link":"https:\/\/gallery-puzic.com\/en\/max-neumann-2\/","title":{"rendered":"Max Neumann 2"},"content":{"rendered":"<div data-elementor-type=\"wp-page\" data-elementor-id=\"7695\" class=\"elementor elementor-7695\">\n\t\t\t\t\t\t<section class=\"elementor-section elementor-top-section elementor-element elementor-element-f212ecb elementor-section-boxed elementor-section-height-default elementor-section-height-default\" data-id=\"f212ecb\" data-element_type=\"section\" data-e-type=\"section\">\n\t\t\t\t\t\t<div class=\"elementor-container elementor-column-gap-default\">\n\t\t\t\t\t<div class=\"elementor-column elementor-col-100 elementor-top-column elementor-element elementor-element-cff2f8e\" data-id=\"cff2f8e\" data-element_type=\"column\" data-e-type=\"column\">\n\t\t\t<div class=\"elementor-widget-wrap elementor-element-populated\">\n\t\t\t\t\t\t<div class=\"elementor-element elementor-element-d38cfb6 elementor-widget-divider--view-line elementor-widget elementor-widget-divider\" data-id=\"d38cfb6\" data-element_type=\"widget\" data-e-type=\"widget\" data-widget_type=\"divider.default\">\n\t\t\t\t<div class=\"elementor-widget-container\">\n\t\t\t\t\t\t\t<div class=\"elementor-divider\">\n\t\t\t<span class=\"elementor-divider-separator\">\n\t\t\t\t\t\t<\/span>\n\t\t<\/div>\n\t\t\t\t\t\t<\/div>\n\t\t\t\t<\/div>\n\t\t\t\t\t<\/div>\n\t\t<\/div>\n\t\t\t\t\t<\/div>\n\t\t<\/section>\n\t\t\t\t<section class=\"elementor-section elementor-top-section elementor-element elementor-element-57faf9f elementor-section-boxed elementor-section-height-default elementor-section-height-default\" data-id=\"57faf9f\" data-element_type=\"section\" data-e-type=\"section\">\n\t\t\t\t\t\t<div class=\"elementor-container elementor-column-gap-default\">\n\t\t\t\t\t<div class=\"elementor-column elementor-col-100 elementor-top-column elementor-element elementor-element-77c9deb\" data-id=\"77c9deb\" data-element_type=\"column\" data-e-type=\"column\">\n\t\t\t<div class=\"elementor-widget-wrap elementor-element-populated\">\n\t\t\t\t\t\t<div class=\"elementor-element elementor-element-2005e2a elementor-widget elementor-widget-heading\" data-id=\"2005e2a\" data-element_type=\"widget\" data-e-type=\"widget\" data-widget_type=\"heading.default\">\n\t\t\t\t<div class=\"elementor-widget-container\">\n\t\t\t\t\t<h2 class=\"elementor-heading-title elementor-size-default\">Max Neumann <\/h2>\t\t\t\t<\/div>\n\t\t\t\t<\/div>\n\t\t\t\t\t<\/div>\n\t\t<\/div>\n\t\t\t\t\t<\/div>\n\t\t<\/section>\n\t\t\t\t<section class=\"elementor-section elementor-top-section elementor-element elementor-element-7531454 elementor-section-boxed elementor-section-height-default elementor-section-height-default\" data-id=\"7531454\" data-element_type=\"section\" data-e-type=\"section\">\n\t\t\t\t\t\t<div class=\"elementor-container elementor-column-gap-default\">\n\t\t\t\t\t<div class=\"elementor-column elementor-col-25 elementor-top-column elementor-element elementor-element-d0cbb6c\" data-id=\"d0cbb6c\" data-element_type=\"column\" data-e-type=\"column\">\n\t\t\t<div class=\"elementor-widget-wrap\">\n\t\t\t\t\t\t\t<\/div>\n\t\t<\/div>\n\t\t\t\t<div class=\"elementor-column elementor-col-25 elementor-top-column elementor-element elementor-element-8eb3442\" data-id=\"8eb3442\" data-element_type=\"column\" data-e-type=\"column\">\n\t\t\t<div class=\"elementor-widget-wrap elementor-element-populated\">\n\t\t\t\t\t\t<div class=\"elementor-element elementor-element-69732fb elementor-widget elementor-widget-text-editor\" data-id=\"69732fb\" data-element_type=\"widget\" data-e-type=\"widget\" data-widget_type=\"text-editor.default\">\n\t\t\t\t<div class=\"elementor-widget-container\">\n\t\t\t\t\t\t\t\t\t<p>artworks<\/p>\t\t\t\t\t\t\t\t<\/div>\n\t\t\t\t<\/div>\n\t\t\t\t\t<\/div>\n\t\t<\/div>\n\t\t\t\t<div class=\"elementor-column elementor-col-25 elementor-top-column elementor-element elementor-element-bf8dccf\" data-id=\"bf8dccf\" data-element_type=\"column\" data-e-type=\"column\">\n\t\t\t<div class=\"elementor-widget-wrap\">\n\t\t\t\t\t\t\t<\/div>\n\t\t<\/div>\n\t\t\t\t<div class=\"elementor-column elementor-col-25 elementor-top-column elementor-element elementor-element-e689f31\" data-id=\"e689f31\" data-element_type=\"column\" data-e-type=\"column\">\n\t\t\t<div class=\"elementor-widget-wrap elementor-element-populated\">\n\t\t\t\t\t\t<div class=\"elementor-element elementor-element-43651b3 elementor-widget elementor-widget-text-editor\" data-id=\"43651b3\" data-element_type=\"widget\" data-e-type=\"widget\" data-widget_type=\"text-editor.default\">\n\t\t\t\t<div class=\"elementor-widget-container\">\n\t\t\t\t\t\t\t\t\t<p>biography<\/p>\t\t\t\t\t\t\t\t<\/div>\n\t\t\t\t<\/div>\n\t\t\t\t\t<\/div>\n\t\t<\/div>\n\t\t\t\t\t<\/div>\n\t\t<\/section>\n\t\t\t\t<section class=\"elementor-section elementor-top-section elementor-element elementor-element-65fdda6 elementor-section-boxed elementor-section-height-default elementor-section-height-default\" data-id=\"65fdda6\" data-element_type=\"section\" data-e-type=\"section\">\n\t\t\t\t\t\t<div class=\"elementor-container elementor-column-gap-default\">\n\t\t\t\t\t<div class=\"elementor-column elementor-col-25 elementor-top-column elementor-element elementor-element-00ed7e4\" data-id=\"00ed7e4\" data-element_type=\"column\" data-e-type=\"column\">\n\t\t\t<div class=\"elementor-widget-wrap elementor-element-populated\">\n\t\t\t\t\t\t<div class=\"elementor-element elementor-element-fc49dd9 elementor-widget elementor-widget-image\" data-id=\"fc49dd9\" data-element_type=\"widget\" data-e-type=\"widget\" data-widget_type=\"image.default\">\n\t\t\t\t<div class=\"elementor-widget-container\">\n\t\t\t\t\t\t\t\t\t\t\t\t<figure class=\"wp-caption\">\n\t\t\t\t\t\t\t\t\t\t<img fetchpriority=\"high\" decoding=\"async\" width=\"300\" height=\"210\" src=\"https:\/\/gallery-puzic.com\/wp-content\/uploads\/2025\/09\/Ohne-Titel-2012-OelAcryl-auf-Leinwand-150x200-1-300x210.jpg\" class=\"attachment-medium size-medium wp-image-7581\" alt=\"\" srcset=\"https:\/\/gallery-puzic.com\/wp-content\/uploads\/2025\/09\/Ohne-Titel-2012-OelAcryl-auf-Leinwand-150x200-1-300x210.jpg 300w, https:\/\/gallery-puzic.com\/wp-content\/uploads\/2025\/09\/Ohne-Titel-2012-OelAcryl-auf-Leinwand-150x200-1-768x538.jpg 768w, https:\/\/gallery-puzic.com\/wp-content\/uploads\/2025\/09\/Ohne-Titel-2012-OelAcryl-auf-Leinwand-150x200-1-18x12.jpg 18w, https:\/\/gallery-puzic.com\/wp-content\/uploads\/2025\/09\/Ohne-Titel-2012-OelAcryl-auf-Leinwand-150x200-1.jpg 1002w\" sizes=\"(max-width: 300px) 100vw, 300px\" \/>\t\t\t\t\t\t\t\t\t\t\t<figcaption class=\"widget-image-caption wp-caption-text\">Ohne Titel, Juli 2012, oil\/acrylic on canvas, 150x200cm<\/figcaption>\n\t\t\t\t\t\t\t\t\t\t<\/figure>\n\t\t\t\t\t\t\t\t\t<\/div>\n\t\t\t\t<\/div>\n\t\t\t\t\t<\/div>\n\t\t<\/div>\n\t\t\t\t<div class=\"elementor-column elementor-col-25 elementor-top-column elementor-element elementor-element-96a65f3\" data-id=\"96a65f3\" data-element_type=\"column\" data-e-type=\"column\">\n\t\t\t<div class=\"elementor-widget-wrap elementor-element-populated\">\n\t\t\t\t\t\t<div class=\"elementor-element elementor-element-1fb73e5 elementor-widget elementor-widget-image\" data-id=\"1fb73e5\" data-element_type=\"widget\" data-e-type=\"widget\" data-widget_type=\"image.default\">\n\t\t\t\t<div class=\"elementor-widget-container\">\n\t\t\t\t\t\t\t\t\t\t\t\t<figure class=\"wp-caption\">\n\t\t\t\t\t\t\t\t\t\t<img decoding=\"async\" width=\"300\" height=\"210\" src=\"https:\/\/gallery-puzic.com\/wp-content\/uploads\/2025\/08\/gegenfrage-neues-Bild-300x210.jpeg\" class=\"attachment-medium size-medium wp-image-7545\" alt=\"\" srcset=\"https:\/\/gallery-puzic.com\/wp-content\/uploads\/2025\/08\/gegenfrage-neues-Bild-300x210.jpeg 300w, https:\/\/gallery-puzic.com\/wp-content\/uploads\/2025\/08\/gegenfrage-neues-Bild-768x538.jpeg 768w, https:\/\/gallery-puzic.com\/wp-content\/uploads\/2025\/08\/gegenfrage-neues-Bild-18x12.jpeg 18w, https:\/\/gallery-puzic.com\/wp-content\/uploads\/2025\/08\/gegenfrage-neues-Bild.jpeg 891w\" sizes=\"(max-width: 300px) 100vw, 300px\" \/>\t\t\t\t\t\t\t\t\t\t\t<figcaption class=\"widget-image-caption wp-caption-text\">Gegenfrage, Juni 1993, tempera\/oil\/collage on nessel, 210x300cm<\/figcaption>\n\t\t\t\t\t\t\t\t\t\t<\/figure>\n\t\t\t\t\t\t\t\t\t<\/div>\n\t\t\t\t<\/div>\n\t\t\t\t\t<\/div>\n\t\t<\/div>\n\t\t\t\t<div class=\"elementor-column elementor-col-25 elementor-top-column elementor-element elementor-element-a035efe\" data-id=\"a035efe\" data-element_type=\"column\" data-e-type=\"column\">\n\t\t\t<div class=\"elementor-widget-wrap elementor-element-populated\">\n\t\t\t\t\t\t<div class=\"elementor-element elementor-element-b75c74b elementor-widget elementor-widget-image\" data-id=\"b75c74b\" data-element_type=\"widget\" data-e-type=\"widget\" data-widget_type=\"image.default\">\n\t\t\t\t<div class=\"elementor-widget-container\">\n\t\t\t\t\t\t\t\t\t\t\t\t<figure class=\"wp-caption\">\n\t\t\t\t\t\t\t\t\t\t<img decoding=\"async\" width=\"213\" height=\"300\" src=\"https:\/\/gallery-puzic.com\/wp-content\/uploads\/2025\/03\/Ohne-Titel-2002-300x210cm-213x300.jpg\" class=\"attachment-medium size-medium wp-image-6320\" alt=\"\" srcset=\"https:\/\/gallery-puzic.com\/wp-content\/uploads\/2025\/03\/Ohne-Titel-2002-300x210cm-213x300.jpg 213w, https:\/\/gallery-puzic.com\/wp-content\/uploads\/2025\/03\/Ohne-Titel-2002-300x210cm-9x12.jpg 9w, https:\/\/gallery-puzic.com\/wp-content\/uploads\/2025\/03\/Ohne-Titel-2002-300x210cm.jpg 291w\" sizes=\"(max-width: 213px) 100vw, 213px\" \/>\t\t\t\t\t\t\t\t\t\t\t<figcaption class=\"widget-image-caption wp-caption-text\">Ohne Titel, Januar 2002\/2005, vinyl\/oil on nessel, 300x210cm<\/figcaption>\n\t\t\t\t\t\t\t\t\t\t<\/figure>\n\t\t\t\t\t\t\t\t\t<\/div>\n\t\t\t\t<\/div>\n\t\t\t\t\t<\/div>\n\t\t<\/div>\n\t\t\t\t<div class=\"elementor-column elementor-col-25 elementor-top-column elementor-element elementor-element-8134167\" data-id=\"8134167\" data-element_type=\"column\" data-e-type=\"column\">\n\t\t\t<div class=\"elementor-widget-wrap elementor-element-populated\">\n\t\t\t\t\t\t<div class=\"elementor-element elementor-element-6c2adcf elementor-widget elementor-widget-image\" data-id=\"6c2adcf\" data-element_type=\"widget\" data-e-type=\"widget\" data-widget_type=\"image.default\">\n\t\t\t\t<div class=\"elementor-widget-container\">\n\t\t\t\t\t\t\t\t\t\t\t\t<figure class=\"wp-caption\">\n\t\t\t\t\t\t\t\t\t\t<img loading=\"lazy\" decoding=\"async\" width=\"300\" height=\"225\" src=\"https:\/\/gallery-puzic.com\/wp-content\/uploads\/2025\/03\/Ohne-Titel-_2004-_150-cm-x-200-cm-300x225.jpg\" class=\"attachment-medium size-medium wp-image-6319\" alt=\"\" srcset=\"https:\/\/gallery-puzic.com\/wp-content\/uploads\/2025\/03\/Ohne-Titel-_2004-_150-cm-x-200-cm-300x225.jpg 300w, https:\/\/gallery-puzic.com\/wp-content\/uploads\/2025\/03\/Ohne-Titel-_2004-_150-cm-x-200-cm-768x577.jpg 768w, https:\/\/gallery-puzic.com\/wp-content\/uploads\/2025\/03\/Ohne-Titel-_2004-_150-cm-x-200-cm-16x12.jpg 16w, https:\/\/gallery-puzic.com\/wp-content\/uploads\/2025\/03\/Ohne-Titel-_2004-_150-cm-x-200-cm.jpg 831w\" sizes=\"(max-width: 300px) 100vw, 300px\" \/>\t\t\t\t\t\t\t\t\t\t\t<figcaption class=\"widget-image-caption wp-caption-text\">Ohne Titel, December 2004\/Januar 2005, vinyl\/oil on nessel, 150x200cm<\/figcaption>\n\t\t\t\t\t\t\t\t\t\t<\/figure>\n\t\t\t\t\t\t\t\t\t<\/div>\n\t\t\t\t<\/div>\n\t\t\t\t\t<\/div>\n\t\t<\/div>\n\t\t\t\t\t<\/div>\n\t\t<\/section>\n\t\t\t\t<section class=\"elementor-section elementor-top-section elementor-element elementor-element-c2a44d0 elementor-section-boxed elementor-section-height-default elementor-section-height-default\" data-id=\"c2a44d0\" data-element_type=\"section\" data-e-type=\"section\">\n\t\t\t\t\t\t<div class=\"elementor-container elementor-column-gap-default\">\n\t\t\t\t\t<div class=\"elementor-column elementor-col-100 elementor-top-column elementor-element elementor-element-aed3588\" data-id=\"aed3588\" data-element_type=\"column\" data-e-type=\"column\">\n\t\t\t<div class=\"elementor-widget-wrap elementor-element-populated\">\n\t\t\t\t\t\t<div class=\"elementor-element elementor-element-59d155c elementor-widget-divider--view-line elementor-widget elementor-widget-divider\" data-id=\"59d155c\" data-element_type=\"widget\" data-e-type=\"widget\" data-widget_type=\"divider.default\">\n\t\t\t\t<div class=\"elementor-widget-container\">\n\t\t\t\t\t\t\t<div class=\"elementor-divider\">\n\t\t\t<span class=\"elementor-divider-separator\">\n\t\t\t\t\t\t<\/span>\n\t\t<\/div>\n\t\t\t\t\t\t<\/div>\n\t\t\t\t<\/div>\n\t\t\t\t\t<\/div>\n\t\t<\/div>\n\t\t\t\t\t<\/div>\n\t\t<\/section>\n\t\t\t\t<section class=\"elementor-section elementor-top-section elementor-element elementor-element-41a484a elementor-section-boxed elementor-section-height-default elementor-section-height-default\" data-id=\"41a484a\" data-element_type=\"section\" data-e-type=\"section\">\n\t\t\t\t\t\t<div class=\"elementor-container elementor-column-gap-default\">\n\t\t\t\t\t<div class=\"elementor-column elementor-col-100 elementor-top-column elementor-element elementor-element-a586ca0\" data-id=\"a586ca0\" data-element_type=\"column\" data-e-type=\"column\">\n\t\t\t<div class=\"elementor-widget-wrap elementor-element-populated\">\n\t\t\t\t\t\t<div class=\"elementor-element elementor-element-cd26895 elementor-widget elementor-widget-text-editor\" data-id=\"cd26895\" data-element_type=\"widget\" data-e-type=\"widget\" data-widget_type=\"text-editor.default\">\n\t\t\t\t<div class=\"elementor-widget-container\">\n\t\t\t\t\t\t\t\t\t<p style=\"text-align: center;\">For a selection of Max Neumann&#8217;s small drawings, <a href=\"https:\/\/gallery-puzic.com\/en\/max-neumann-3\/\">click here<\/a><\/p>\t\t\t\t\t\t\t\t<\/div>\n\t\t\t\t<\/div>\n\t\t\t\t\t<\/div>\n\t\t<\/div>\n\t\t\t\t\t<\/div>\n\t\t<\/section>\n\t\t\t\t<section class=\"elementor-section elementor-top-section elementor-element elementor-element-65e0b72 elementor-section-boxed elementor-section-height-default elementor-section-height-default\" data-id=\"65e0b72\" data-element_type=\"section\" data-e-type=\"section\">\n\t\t\t\t\t\t<div class=\"elementor-container elementor-column-gap-default\">\n\t\t\t\t\t<div class=\"elementor-column elementor-col-100 elementor-top-column elementor-element elementor-element-f2e0617\" data-id=\"f2e0617\" data-element_type=\"column\" data-e-type=\"column\">\n\t\t\t<div class=\"elementor-widget-wrap elementor-element-populated\">\n\t\t\t\t\t\t<div class=\"elementor-element elementor-element-23c4e45 elementor-widget-divider--view-line elementor-widget elementor-widget-divider\" data-id=\"23c4e45\" data-element_type=\"widget\" data-e-type=\"widget\" data-widget_type=\"divider.default\">\n\t\t\t\t<div class=\"elementor-widget-container\">\n\t\t\t\t\t\t\t<div class=\"elementor-divider\">\n\t\t\t<span class=\"elementor-divider-separator\">\n\t\t\t\t\t\t<\/span>\n\t\t<\/div>\n\t\t\t\t\t\t<\/div>\n\t\t\t\t<\/div>\n\t\t\t\t\t<\/div>\n\t\t<\/div>\n\t\t\t\t\t<\/div>\n\t\t<\/section>\n\t\t\t\t<section class=\"elementor-section elementor-top-section elementor-element elementor-element-8d57038 elementor-section-boxed elementor-section-height-default elementor-section-height-default\" data-id=\"8d57038\" data-element_type=\"section\" data-e-type=\"section\">\n\t\t\t\t\t\t<div class=\"elementor-container elementor-column-gap-default\">\n\t\t\t\t\t<div class=\"elementor-column elementor-col-33 elementor-top-column elementor-element elementor-element-5b90b51\" data-id=\"5b90b51\" data-element_type=\"column\" data-e-type=\"column\">\n\t\t\t<div class=\"elementor-widget-wrap elementor-element-populated\">\n\t\t\t\t\t\t<div class=\"elementor-element elementor-element-8f6596f elementor-widget elementor-widget-image\" data-id=\"8f6596f\" data-element_type=\"widget\" data-e-type=\"widget\" data-widget_type=\"image.default\">\n\t\t\t\t<div class=\"elementor-widget-container\">\n\t\t\t\t\t\t\t\t\t\t\t\t\t\t\t<img loading=\"lazy\" decoding=\"async\" width=\"300\" height=\"200\" src=\"https:\/\/gallery-puzic.com\/wp-content\/uploads\/2025\/09\/Mac-Meumann-ohne-titel_GS-300x200.jpg\" class=\"attachment-medium size-medium wp-image-7674\" alt=\"\" srcset=\"https:\/\/gallery-puzic.com\/wp-content\/uploads\/2025\/09\/Mac-Meumann-ohne-titel_GS-300x200.jpg 300w, https:\/\/gallery-puzic.com\/wp-content\/uploads\/2025\/09\/Mac-Meumann-ohne-titel_GS-1024x683.jpg 1024w, https:\/\/gallery-puzic.com\/wp-content\/uploads\/2025\/09\/Mac-Meumann-ohne-titel_GS-768x512.jpg 768w, https:\/\/gallery-puzic.com\/wp-content\/uploads\/2025\/09\/Mac-Meumann-ohne-titel_GS-1536x1024.jpg 1536w, https:\/\/gallery-puzic.com\/wp-content\/uploads\/2025\/09\/Mac-Meumann-ohne-titel_GS-2048x1365.jpg 2048w, https:\/\/gallery-puzic.com\/wp-content\/uploads\/2025\/09\/Mac-Meumann-ohne-titel_GS-18x12.jpg 18w\" sizes=\"(max-width: 300px) 100vw, 300px\" \/>\t\t\t\t\t\t\t\t\t\t\t\t\t\t\t<\/div>\n\t\t\t\t<\/div>\n\t\t\t\t\t<\/div>\n\t\t<\/div>\n\t\t\t\t<div class=\"elementor-column elementor-col-66 elementor-top-column elementor-element elementor-element-d8e7da1\" data-id=\"d8e7da1\" data-element_type=\"column\" data-e-type=\"column\">\n\t\t\t<div class=\"elementor-widget-wrap elementor-element-populated\">\n\t\t\t\t\t\t<div class=\"elementor-element elementor-element-5be173c elementor-widget elementor-widget-text-editor\" data-id=\"5be173c\" data-element_type=\"widget\" data-e-type=\"widget\" data-widget_type=\"text-editor.default\">\n\t\t\t\t<div class=\"elementor-widget-container\">\n\t\t\t\t\t\t\t\t\t<p><strong>Max Neumann\u00a0 \u00a0 |\u00a0 \u00a0Biography<\/strong><\/p><p>Geboren 1949 in Saarbr\u00fccken<br \/>1970-73 Studium an der Akademie der Bildenden K\u00fcnste Karlsruhe\u00a0<br \/>1974-76 Studium an der Hochschule der K\u00fcnste in Berlin (Meistersch\u00fcler bei Martin Engelman)<br \/>1978\/79 DAAD Stipendium in Paris<br \/>1980 Erste Einzelausstellung in der Galerie Georg Nothelfer<br \/>1983 Preistr\u00e4ger des BDI<br \/>1986 Villa Romana Preis, Florenz<br \/>1987-88 Gastprofessur an der Akademie der Bildenden K\u00fcnste Karlsruhe\u00a0<br \/>2004 Grand Prix de S.A.S. le Prince Rainer III de Monaco<br \/>Lebt und arbeitet in Berlin<\/p><p>+++<\/p><p>Der im Saarland geborene Maler Max Neumann (*1949) z\u00e4hlt zu den wichtigsten Vertretern der deutschen figurativen Gegenwartskunst. Mit seinen oft r\u00e4tselhaften Figurationen in entr\u00fcckten Bildszenerien, und den geheimnisvollen dunklen Portr\u00e4ts zielt er nicht auf das subjektive Abbild eines Individuums, sondern auf die Kristallisation des unverwechselbaren Sinnbildes des Menschen. Seine Charaktere zeigen sich in ihren zugleich beunruhigenden wie auch anmutigen Silhouetten, vielleicht wenngleich nicht schl\u00fcssig von Zeit und Geschichte befreit, als symbolhafte Tr\u00e4ger menschlicher Zust\u00e4nde, \u00c4ngste und Obsessionen. Neumann erz\u00e4hlt keine Geschehnisse, sondern zeichnet emotionale Zust\u00e4nde nach, wobei dem Betrachter ein Spiegel der eigenen Tr\u00e4ume und \u00c4ngste, Obsessionen und Phantasmen vor Augen gehalten wird. Auch der formale Aspekt ist dabei von gro\u00dfer Bedeutung, so sind die Bildelemente in der Fl\u00e4che perfekt austariert und lassen in ihrer Bildsprache klare grafische, manches Mal sogar kalligrafische Z\u00fcge, entdecken, die ein konstruiertes \u00dcbereinander an Wirklichkeitsebenen und die atmosph\u00e4rische Schattenornamentik beg\u00fcnstigen.\u00a0<\/p><p>Seit den sp\u00e4ten 1970er Jahren hatte der K\u00fcnstler international \u00fcber 150 Einzelausstellungen. Zu den Ausstellern seiner Werke z\u00e4hlen unter anderem das Museum Folkwang in Essen, das Saarlandmuseum Saarbr\u00fccken, das Centre d\u2019Art Plastiques in Royan, der Espace d\u2019Art Contemporain Andr\u00e9 Malraux in Colmar, die Bruce Silverstein Gallery in New York, die Galerie Vidal-Saint Phalle in Paris, die Galerie Stefan R\u00f6pke in K\u00f6ln, die Galerie Pascal Polar in Br\u00fcssel, Mimmo Scognamiglio Arte Contemporanea in Mailand, die Galer\u00eda Arn\u00e9s y R\u00f6pke in Madrid, die LEVY Galerie und die Galerie Georg Nothelfer in Berlin, und die Satani Gallery in Tokio.<\/p><p>Seine Werke befinden sich in zahlreichen \u00f6ffentlichen und privaten Sammlungen, darunter die Neue Nationalgalerie in Berlin, das Museum Folkwang in Essen, das Museo de Bellas Artes in Oviedo, die Hamburger Kunsthalle, die Fondation Maeght in St. Paul de Vence und das Seibu Museum in Tokio. Max Neumann lebt und arbeitet in Berlin<\/p><p>+++<\/p><p>The painter Max Neumann (*1949) is one of the most important representatives of German painterly figuration. His enigmatic human figures seated in enraptured pictorial settings are not geared towards capturing a subjective, distinct portrayal; rather they gesture towards the crystallization of a complex allegory regarding human fears, dreams and obsessions. His characters, in their at once disconcerting and graceful silhouettes, fall out of time and history being markers of a human state of mind. Neumann does not intend to narrate any incidents; he rather traces emotional human qualities confronting the viewer with his own desires, fears, obsessions and phantasms. The formal composition of his paintings is important, keeping all pictorial elements perfectly balanced, following a visual language that conveys clear graphic and partly calligraphic features, bringing forward an overlay of reality spheres and an evocative ornamentation of the shadows.\u00a0<\/p><p>Since the late 1970s the artist has had more than 150 solo exhibitions internationally. Among them are The Museum Folkwang, Essen; Saarlandmuseum Saarbruck; the Centre d\u2019Art Plastiques, Royan; Espace d\u2019Art Contemporain Andr\u00e9 Malraux, Colmar; Bruce Silverstein Gallery in New York, Gallery Vidal-Saint Phalle, Paris; Gallery Stefan R\u00f6pke, Cologne; Gallery Pascal Polar, Brussels; Mimmo Scognamiglio Arte Contemporanea, Milan; Galer\u00eda Arn\u00e9s y R\u00f6pke, Madrid; Gallery Georg Nothelfer, Berlin, LEVY Galerie, Berlin and Satani Gallery, Tokyo.<\/p><p>His works are in numerous public and private collections such as the Neue Nationalgalerie, Berlin; The Museum Folkwag, Essen; Museo de Bellas Artes, Oviedo; Hamburger Kunsthalle; Fondation Maeght, St. Paul de Vence; and the Seibu Museum, Tokyo. Max Neumann lives and works in Berlin.<\/p><p>For an interview with Joachim Sartorius, published in the White Review, 2013,\u00a0<a href=\"https:\/\/www.thewhitereview.org\/feature\/interview-with-max-neumann\/\"><strong>go here<\/strong><\/a><\/p>\t\t\t\t\t\t\t\t<\/div>\n\t\t\t\t<\/div>\n\t\t\t\t\t<\/div>\n\t\t<\/div>\n\t\t\t\t\t<\/div>\n\t\t<\/section>\n\t\t\t\t<section class=\"elementor-section elementor-top-section elementor-element elementor-element-273b2d7 elementor-section-boxed elementor-section-height-default elementor-section-height-default\" data-id=\"273b2d7\" data-element_type=\"section\" data-e-type=\"section\">\n\t\t\t\t\t\t<div class=\"elementor-container elementor-column-gap-default\">\n\t\t\t\t\t<div class=\"elementor-column elementor-col-100 elementor-top-column elementor-element elementor-element-1b5bb7b\" data-id=\"1b5bb7b\" data-element_type=\"column\" data-e-type=\"column\">\n\t\t\t<div class=\"elementor-widget-wrap elementor-element-populated\">\n\t\t\t\t\t\t<div class=\"elementor-element elementor-element-f573c5b elementor-widget-divider--view-line elementor-widget elementor-widget-divider\" data-id=\"f573c5b\" data-element_type=\"widget\" data-e-type=\"widget\" data-widget_type=\"divider.default\">\n\t\t\t\t<div class=\"elementor-widget-container\">\n\t\t\t\t\t\t\t<div class=\"elementor-divider\">\n\t\t\t<span class=\"elementor-divider-separator\">\n\t\t\t\t\t\t<\/span>\n\t\t<\/div>\n\t\t\t\t\t\t<\/div>\n\t\t\t\t<\/div>\n\t\t\t\t\t<\/div>\n\t\t<\/div>\n\t\t\t\t\t<\/div>\n\t\t<\/section>\n\t\t\t\t<\/div>","protected":false},"excerpt":{"rendered":"<p>Max Neumann artworks biography Ohne Titel, Juli 2012, oil\/acrylic on canvas, 150x200cm Gegenfrage, Juni 1993, tempera\/oil\/collage on nessel, 210x300cm Ohne Titel, Januar 2002\/2005, vinyl\/oil on nessel, 300x210cm Ohne Titel, December 2004\/Januar 2005, vinyl\/oil on nessel, 150x200cm For a selection of Max Neumann&#8217;s small drawings, click here Max Neumann\u00a0 \u00a0 |\u00a0 \u00a0Biography Geboren 1949 in Saarbr\u00fccken1970-73 [&hellip;]<\/p>\n","protected":false},"author":2,"featured_media":0,"parent":0,"menu_order":0,"comment_status":"closed","ping_status":"closed","template":"","meta":{"footnotes":""},"class_list":["post-7695","page","type-page","status-publish","hentry"],"_links":{"self":[{"href":"https:\/\/gallery-puzic.com\/en\/wp-json\/wp\/v2\/pages\/7695","targetHints":{"allow":["GET"]}}],"collection":[{"href":"https:\/\/gallery-puzic.com\/en\/wp-json\/wp\/v2\/pages"}],"about":[{"href":"https:\/\/gallery-puzic.com\/en\/wp-json\/wp\/v2\/types\/page"}],"author":[{"embeddable":true,"href":"https:\/\/gallery-puzic.com\/en\/wp-json\/wp\/v2\/users\/2"}],"replies":[{"embeddable":true,"href":"https:\/\/gallery-puzic.com\/en\/wp-json\/wp\/v2\/comments?post=7695"}],"version-history":[{"count":23,"href":"https:\/\/gallery-puzic.com\/en\/wp-json\/wp\/v2\/pages\/7695\/revisions"}],"predecessor-version":[{"id":7783,"href":"https:\/\/gallery-puzic.com\/en\/wp-json\/wp\/v2\/pages\/7695\/revisions\/7783"}],"wp:attachment":[{"href":"https:\/\/gallery-puzic.com\/en\/wp-json\/wp\/v2\/media?parent=7695"}],"curies":[{"name":"wp","href":"https:\/\/api.w.org\/{rel}","templated":true}]}}