{"id":7111,"date":"2025-06-20T10:51:02","date_gmt":"2025-06-20T10:51:02","guid":{"rendered":"https:\/\/gallery-puzic.com\/?page_id=7111"},"modified":"2025-06-20T11:23:40","modified_gmt":"2025-06-20T11:23:40","slug":"michael-ott","status":"publish","type":"page","link":"https:\/\/gallery-puzic.com\/en\/michael-ott\/","title":{"rendered":"MICHAEL OTT"},"content":{"rendered":"<div data-elementor-type=\"wp-page\" data-elementor-id=\"7111\" class=\"elementor elementor-7111\">\n\t\t\t\t\t\t<section class=\"elementor-section elementor-top-section elementor-element elementor-element-8a6b057 elementor-section-boxed elementor-section-height-default elementor-section-height-default\" data-id=\"8a6b057\" data-element_type=\"section\" data-e-type=\"section\">\n\t\t\t\t\t\t<div class=\"elementor-container elementor-column-gap-default\">\n\t\t\t\t\t<div class=\"elementor-column elementor-col-100 elementor-top-column elementor-element elementor-element-c279dde\" data-id=\"c279dde\" data-element_type=\"column\" data-e-type=\"column\">\n\t\t\t<div class=\"elementor-widget-wrap elementor-element-populated\">\n\t\t\t\t\t\t<div class=\"elementor-element elementor-element-7176d515 elementor-widget elementor-widget-text-editor\" data-id=\"7176d515\" data-element_type=\"widget\" data-e-type=\"widget\" data-widget_type=\"text-editor.default\">\n\t\t\t\t<div class=\"elementor-widget-container\">\n\t\t\t\t\t\t\t\t\t\n<p><\/p>\n\n\n\n<p><\/p>\n\t\t\t\t\t\t\t\t<\/div>\n\t\t\t\t<\/div>\n\t\t\t\t\t<\/div>\n\t\t<\/div>\n\t\t\t\t\t<\/div>\n\t\t<\/section>\n\t\t\t\t<section class=\"elementor-section elementor-top-section elementor-element elementor-element-83c907c elementor-section-boxed elementor-section-height-default elementor-section-height-default\" data-id=\"83c907c\" data-element_type=\"section\" data-e-type=\"section\">\n\t\t\t\t\t\t<div class=\"elementor-container elementor-column-gap-default\">\n\t\t\t\t\t<div class=\"elementor-column elementor-col-100 elementor-top-column elementor-element elementor-element-a886261\" data-id=\"a886261\" data-element_type=\"column\" data-e-type=\"column\">\n\t\t\t<div class=\"elementor-widget-wrap elementor-element-populated\">\n\t\t\t\t\t\t<div class=\"elementor-element elementor-element-3b791ec elementor-widget-divider--view-line elementor-widget elementor-widget-divider\" data-id=\"3b791ec\" data-element_type=\"widget\" data-e-type=\"widget\" data-widget_type=\"divider.default\">\n\t\t\t\t<div class=\"elementor-widget-container\">\n\t\t\t\t\t\t\t<div class=\"elementor-divider\">\n\t\t\t<span class=\"elementor-divider-separator\">\n\t\t\t\t\t\t<\/span>\n\t\t<\/div>\n\t\t\t\t\t\t<\/div>\n\t\t\t\t<\/div>\n\t\t\t\t\t<\/div>\n\t\t<\/div>\n\t\t\t\t\t<\/div>\n\t\t<\/section>\n\t\t\t\t<section class=\"elementor-section elementor-top-section elementor-element elementor-element-a957f2c elementor-section-boxed elementor-section-height-default elementor-section-height-default\" data-id=\"a957f2c\" data-element_type=\"section\" data-e-type=\"section\">\n\t\t\t\t\t\t<div class=\"elementor-container elementor-column-gap-default\">\n\t\t\t\t\t<div class=\"elementor-column elementor-col-100 elementor-top-column elementor-element elementor-element-7af249d\" data-id=\"7af249d\" data-element_type=\"column\" data-e-type=\"column\">\n\t\t\t<div class=\"elementor-widget-wrap elementor-element-populated\">\n\t\t\t\t\t\t<div class=\"elementor-element elementor-element-9f7ff33 elementor-widget elementor-widget-heading\" data-id=\"9f7ff33\" data-element_type=\"widget\" data-e-type=\"widget\" data-widget_type=\"heading.default\">\n\t\t\t\t<div class=\"elementor-widget-container\">\n\t\t\t\t\t<h2 class=\"elementor-heading-title elementor-size-default\">MICHAEL OTT<\/h2>\t\t\t\t<\/div>\n\t\t\t\t<\/div>\n\t\t\t\t\t<\/div>\n\t\t<\/div>\n\t\t\t\t\t<\/div>\n\t\t<\/section>\n\t\t\t\t<section class=\"elementor-section elementor-top-section elementor-element elementor-element-d0d3645 elementor-section-boxed elementor-section-height-default elementor-section-height-default\" data-id=\"d0d3645\" data-element_type=\"section\" data-e-type=\"section\">\n\t\t\t\t\t\t<div class=\"elementor-container elementor-column-gap-default\">\n\t\t\t\t\t<div class=\"elementor-column elementor-col-25 elementor-top-column elementor-element elementor-element-6a358a4\" data-id=\"6a358a4\" data-element_type=\"column\" data-e-type=\"column\">\n\t\t\t<div class=\"elementor-widget-wrap elementor-element-populated\">\n\t\t\t\t\t\t\t<\/div>\n\t\t<\/div>\n\t\t\t\t<div class=\"elementor-column elementor-col-25 elementor-top-column elementor-element elementor-element-01d3b63\" data-id=\"01d3b63\" data-element_type=\"column\" data-e-type=\"column\">\n\t\t\t<div class=\"elementor-widget-wrap elementor-element-populated\">\n\t\t\t\t\t\t\t<\/div>\n\t\t<\/div>\n\t\t\t\t<div class=\"elementor-column elementor-col-25 elementor-top-column elementor-element elementor-element-c37c2aa\" data-id=\"c37c2aa\" data-element_type=\"column\" data-e-type=\"column\">\n\t\t\t<div class=\"elementor-widget-wrap elementor-element-populated\">\n\t\t\t\t\t\t<div class=\"elementor-element elementor-element-ccd7b5d elementor-widget elementor-widget-text-editor\" data-id=\"ccd7b5d\" data-element_type=\"widget\" data-e-type=\"widget\" data-widget_type=\"text-editor.default\">\n\t\t\t\t<div class=\"elementor-widget-container\">\n\t\t\t\t\t\t\t\t\t<p>artworks<\/p>\t\t\t\t\t\t\t\t<\/div>\n\t\t\t\t<\/div>\n\t\t\t\t\t<\/div>\n\t\t<\/div>\n\t\t\t\t<div class=\"elementor-column elementor-col-25 elementor-top-column elementor-element elementor-element-9aea931\" data-id=\"9aea931\" data-element_type=\"column\" data-e-type=\"column\">\n\t\t\t<div class=\"elementor-widget-wrap elementor-element-populated\">\n\t\t\t\t\t\t<div class=\"elementor-element elementor-element-ed47319 elementor-widget elementor-widget-text-editor\" data-id=\"ed47319\" data-element_type=\"widget\" data-e-type=\"widget\" data-widget_type=\"text-editor.default\">\n\t\t\t\t<div class=\"elementor-widget-container\">\n\t\t\t\t\t\t\t\t\t<p>biography<\/p>\t\t\t\t\t\t\t\t<\/div>\n\t\t\t\t<\/div>\n\t\t\t\t\t<\/div>\n\t\t<\/div>\n\t\t\t\t\t<\/div>\n\t\t<\/section>\n\t\t\t\t<section class=\"elementor-section elementor-top-section elementor-element elementor-element-cd69cb9 elementor-section-boxed elementor-section-height-default elementor-section-height-default\" data-id=\"cd69cb9\" data-element_type=\"section\" data-e-type=\"section\">\n\t\t\t\t\t\t<div class=\"elementor-container elementor-column-gap-default\">\n\t\t\t\t\t<div class=\"elementor-column elementor-col-25 elementor-top-column elementor-element elementor-element-20ea740\" data-id=\"20ea740\" data-element_type=\"column\" data-e-type=\"column\">\n\t\t\t<div class=\"elementor-widget-wrap elementor-element-populated\">\n\t\t\t\t\t\t<div class=\"elementor-element elementor-element-b60d334 elementor-widget elementor-widget-image\" data-id=\"b60d334\" data-element_type=\"widget\" data-e-type=\"widget\" data-widget_type=\"image.default\">\n\t\t\t\t<div class=\"elementor-widget-container\">\n\t\t\t\t\t\t\t\t\t\t\t\t<figure class=\"wp-caption\">\n\t\t\t\t\t\t\t\t\t\t<img fetchpriority=\"high\" decoding=\"async\" width=\"300\" height=\"225\" src=\"https:\/\/gallery-puzic.com\/wp-content\/uploads\/2025\/06\/Ott-Skulptur-Rindfleischsuppe-1-300x225.jpg\" class=\"attachment-medium size-medium wp-image-7084\" alt=\"\" srcset=\"https:\/\/gallery-puzic.com\/wp-content\/uploads\/2025\/06\/Ott-Skulptur-Rindfleischsuppe-1-300x225.jpg 300w, https:\/\/gallery-puzic.com\/wp-content\/uploads\/2025\/06\/Ott-Skulptur-Rindfleischsuppe-1-1024x768.jpg 1024w, https:\/\/gallery-puzic.com\/wp-content\/uploads\/2025\/06\/Ott-Skulptur-Rindfleischsuppe-1-768x576.jpg 768w, https:\/\/gallery-puzic.com\/wp-content\/uploads\/2025\/06\/Ott-Skulptur-Rindfleischsuppe-1-1536x1152.jpg 1536w, https:\/\/gallery-puzic.com\/wp-content\/uploads\/2025\/06\/Ott-Skulptur-Rindfleischsuppe-1-2048x1536.jpg 2048w, https:\/\/gallery-puzic.com\/wp-content\/uploads\/2025\/06\/Ott-Skulptur-Rindfleischsuppe-1-16x12.jpg 16w\" sizes=\"(max-width: 300px) 100vw, 300px\" \/>\t\t\t\t\t\t\t\t\t\t\t<figcaption class=\"widget-image-caption wp-caption-text\">\"Rindfleischsuppe, Homage an meine Grossmutter,\" Holz-Objekt<\/figcaption>\n\t\t\t\t\t\t\t\t\t\t<\/figure>\n\t\t\t\t\t\t\t\t\t<\/div>\n\t\t\t\t<\/div>\n\t\t\t\t\t<\/div>\n\t\t<\/div>\n\t\t\t\t<div class=\"elementor-column elementor-col-25 elementor-top-column elementor-element elementor-element-7346045\" data-id=\"7346045\" data-element_type=\"column\" data-e-type=\"column\">\n\t\t\t<div class=\"elementor-widget-wrap elementor-element-populated\">\n\t\t\t\t\t\t<div class=\"elementor-element elementor-element-a26fe1c elementor-widget elementor-widget-image\" data-id=\"a26fe1c\" data-element_type=\"widget\" data-e-type=\"widget\" data-widget_type=\"image.default\">\n\t\t\t\t<div class=\"elementor-widget-container\">\n\t\t\t\t\t\t\t\t\t\t\t\t<figure class=\"wp-caption\">\n\t\t\t\t\t\t\t\t\t\t<img decoding=\"async\" width=\"300\" height=\"225\" src=\"https:\/\/gallery-puzic.com\/wp-content\/uploads\/2025\/04\/Michael-Ott-vase_Feuersbrunst-1sm-300x225.jpg\" class=\"attachment-medium size-medium wp-image-6754\" alt=\"\" srcset=\"https:\/\/gallery-puzic.com\/wp-content\/uploads\/2025\/04\/Michael-Ott-vase_Feuersbrunst-1sm-300x225.jpg 300w, https:\/\/gallery-puzic.com\/wp-content\/uploads\/2025\/04\/Michael-Ott-vase_Feuersbrunst-1sm-1024x768.jpg 1024w, https:\/\/gallery-puzic.com\/wp-content\/uploads\/2025\/04\/Michael-Ott-vase_Feuersbrunst-1sm-768x576.jpg 768w, https:\/\/gallery-puzic.com\/wp-content\/uploads\/2025\/04\/Michael-Ott-vase_Feuersbrunst-1sm-1536x1152.jpg 1536w, https:\/\/gallery-puzic.com\/wp-content\/uploads\/2025\/04\/Michael-Ott-vase_Feuersbrunst-1sm-2048x1536.jpg 2048w, https:\/\/gallery-puzic.com\/wp-content\/uploads\/2025\/04\/Michael-Ott-vase_Feuersbrunst-1sm-16x12.jpg 16w\" sizes=\"(max-width: 300px) 100vw, 300px\" \/>\t\t\t\t\t\t\t\t\t\t\t<figcaption class=\"widget-image-caption wp-caption-text\">\"Feuersbrunst I,\"   Holz-Objekt<\/figcaption>\n\t\t\t\t\t\t\t\t\t\t<\/figure>\n\t\t\t\t\t\t\t\t\t<\/div>\n\t\t\t\t<\/div>\n\t\t\t\t\t<\/div>\n\t\t<\/div>\n\t\t\t\t<div class=\"elementor-column elementor-col-25 elementor-top-column elementor-element elementor-element-c057038\" data-id=\"c057038\" data-element_type=\"column\" data-e-type=\"column\">\n\t\t\t<div class=\"elementor-widget-wrap elementor-element-populated\">\n\t\t\t\t\t\t<div class=\"elementor-element elementor-element-1b70f58 elementor-widget elementor-widget-image\" data-id=\"1b70f58\" data-element_type=\"widget\" data-e-type=\"widget\" data-widget_type=\"image.default\">\n\t\t\t\t<div class=\"elementor-widget-container\">\n\t\t\t\t\t\t\t\t\t\t\t\t<figure class=\"wp-caption\">\n\t\t\t\t\t\t\t\t\t\t<img decoding=\"async\" width=\"300\" height=\"225\" src=\"https:\/\/gallery-puzic.com\/wp-content\/uploads\/2025\/04\/Ott_new-object-0-300x225.jpg\" class=\"attachment-medium size-medium wp-image-6755\" alt=\"\" srcset=\"https:\/\/gallery-puzic.com\/wp-content\/uploads\/2025\/04\/Ott_new-object-0-300x225.jpg 300w, https:\/\/gallery-puzic.com\/wp-content\/uploads\/2025\/04\/Ott_new-object-0-1024x768.jpg 1024w, https:\/\/gallery-puzic.com\/wp-content\/uploads\/2025\/04\/Ott_new-object-0-768x576.jpg 768w, https:\/\/gallery-puzic.com\/wp-content\/uploads\/2025\/04\/Ott_new-object-0-1536x1152.jpg 1536w, https:\/\/gallery-puzic.com\/wp-content\/uploads\/2025\/04\/Ott_new-object-0-2048x1536.jpg 2048w, https:\/\/gallery-puzic.com\/wp-content\/uploads\/2025\/04\/Ott_new-object-0-16x12.jpg 16w\" sizes=\"(max-width: 300px) 100vw, 300px\" \/>\t\t\t\t\t\t\t\t\t\t\t<figcaption class=\"widget-image-caption wp-caption-text\">\"Variation einer Eiche, \"  Holz-Objekt<\/figcaption>\n\t\t\t\t\t\t\t\t\t\t<\/figure>\n\t\t\t\t\t\t\t\t\t<\/div>\n\t\t\t\t<\/div>\n\t\t\t\t\t<\/div>\n\t\t<\/div>\n\t\t\t\t<div class=\"elementor-column elementor-col-25 elementor-top-column elementor-element elementor-element-66cd5b8\" data-id=\"66cd5b8\" data-element_type=\"column\" data-e-type=\"column\">\n\t\t\t<div class=\"elementor-widget-wrap elementor-element-populated\">\n\t\t\t\t\t\t<div class=\"elementor-element elementor-element-de12e47 elementor-widget elementor-widget-image\" data-id=\"de12e47\" data-element_type=\"widget\" data-e-type=\"widget\" data-widget_type=\"image.default\">\n\t\t\t\t<div class=\"elementor-widget-container\">\n\t\t\t\t\t\t\t\t\t\t\t\t<figure class=\"wp-caption\">\n\t\t\t\t\t\t\t\t\t\t<img loading=\"lazy\" decoding=\"async\" width=\"300\" height=\"225\" src=\"https:\/\/gallery-puzic.com\/wp-content\/uploads\/2025\/06\/Ott_new-object-4-300x225.jpg\" class=\"attachment-medium size-medium wp-image-7081\" alt=\"\" srcset=\"https:\/\/gallery-puzic.com\/wp-content\/uploads\/2025\/06\/Ott_new-object-4-300x225.jpg 300w, https:\/\/gallery-puzic.com\/wp-content\/uploads\/2025\/06\/Ott_new-object-4-1024x768.jpg 1024w, https:\/\/gallery-puzic.com\/wp-content\/uploads\/2025\/06\/Ott_new-object-4-768x576.jpg 768w, https:\/\/gallery-puzic.com\/wp-content\/uploads\/2025\/06\/Ott_new-object-4-1536x1152.jpg 1536w, https:\/\/gallery-puzic.com\/wp-content\/uploads\/2025\/06\/Ott_new-object-4-2048x1536.jpg 2048w, https:\/\/gallery-puzic.com\/wp-content\/uploads\/2025\/06\/Ott_new-object-4-16x12.jpg 16w\" sizes=\"(max-width: 300px) 100vw, 300px\" \/>\t\t\t\t\t\t\t\t\t\t\t<figcaption class=\"widget-image-caption wp-caption-text\">\"Variation einer Eiche, \"  Holz-Objekt<\/figcaption>\n\t\t\t\t\t\t\t\t\t\t<\/figure>\n\t\t\t\t\t\t\t\t\t<\/div>\n\t\t\t\t<\/div>\n\t\t\t\t\t<\/div>\n\t\t<\/div>\n\t\t\t\t\t<\/div>\n\t\t<\/section>\n\t\t\t\t<section class=\"elementor-section elementor-top-section elementor-element elementor-element-254f7c9 elementor-section-boxed elementor-section-height-default elementor-section-height-default\" data-id=\"254f7c9\" data-element_type=\"section\" data-e-type=\"section\">\n\t\t\t\t\t\t<div class=\"elementor-container elementor-column-gap-default\">\n\t\t\t\t\t<div class=\"elementor-column elementor-col-100 elementor-top-column elementor-element elementor-element-26f2bac\" data-id=\"26f2bac\" data-element_type=\"column\" data-e-type=\"column\">\n\t\t\t<div class=\"elementor-widget-wrap elementor-element-populated\">\n\t\t\t\t\t\t<div class=\"elementor-element elementor-element-3f8c88c elementor-widget-divider--view-line elementor-widget elementor-widget-divider\" data-id=\"3f8c88c\" data-element_type=\"widget\" data-e-type=\"widget\" data-widget_type=\"divider.default\">\n\t\t\t\t<div class=\"elementor-widget-container\">\n\t\t\t\t\t\t\t<div class=\"elementor-divider\">\n\t\t\t<span class=\"elementor-divider-separator\">\n\t\t\t\t\t\t<\/span>\n\t\t<\/div>\n\t\t\t\t\t\t<\/div>\n\t\t\t\t<\/div>\n\t\t\t\t\t<\/div>\n\t\t<\/div>\n\t\t\t\t\t<\/div>\n\t\t<\/section>\n\t\t\t\t<section class=\"elementor-section elementor-top-section elementor-element elementor-element-911894c elementor-section-boxed elementor-section-height-default elementor-section-height-default\" data-id=\"911894c\" data-element_type=\"section\" data-e-type=\"section\">\n\t\t\t\t\t\t<div class=\"elementor-container elementor-column-gap-default\">\n\t\t\t\t\t<div class=\"elementor-column elementor-col-33 elementor-top-column elementor-element elementor-element-d23f2f3\" data-id=\"d23f2f3\" data-element_type=\"column\" data-e-type=\"column\">\n\t\t\t<div class=\"elementor-widget-wrap elementor-element-populated\">\n\t\t\t\t\t\t<div class=\"elementor-element elementor-element-84b509f elementor-widget elementor-widget-image\" data-id=\"84b509f\" data-element_type=\"widget\" data-e-type=\"widget\" data-widget_type=\"image.default\">\n\t\t\t\t<div class=\"elementor-widget-container\">\n\t\t\t\t\t\t\t\t\t\t\t\t\t\t\t<img loading=\"lazy\" decoding=\"async\" width=\"200\" height=\"300\" src=\"https:\/\/gallery-puzic.com\/wp-content\/uploads\/2025\/06\/Ott-200x300.jpg\" class=\"attachment-medium size-medium wp-image-7079\" alt=\"\" srcset=\"https:\/\/gallery-puzic.com\/wp-content\/uploads\/2025\/06\/Ott-200x300.jpg 200w, https:\/\/gallery-puzic.com\/wp-content\/uploads\/2025\/06\/Ott-683x1024.jpg 683w, https:\/\/gallery-puzic.com\/wp-content\/uploads\/2025\/06\/Ott-768x1151.jpg 768w, https:\/\/gallery-puzic.com\/wp-content\/uploads\/2025\/06\/Ott-8x12.jpg 8w, https:\/\/gallery-puzic.com\/wp-content\/uploads\/2025\/06\/Ott.jpg 854w\" sizes=\"(max-width: 200px) 100vw, 200px\" \/>\t\t\t\t\t\t\t\t\t\t\t\t\t\t\t<\/div>\n\t\t\t\t<\/div>\n\t\t\t\t\t<\/div>\n\t\t<\/div>\n\t\t\t\t<div class=\"elementor-column elementor-col-66 elementor-top-column elementor-element elementor-element-c82151d\" data-id=\"c82151d\" data-element_type=\"column\" data-e-type=\"column\">\n\t\t\t<div class=\"elementor-widget-wrap elementor-element-populated\">\n\t\t\t\t\t\t<div class=\"elementor-element elementor-element-9184718 elementor-widget elementor-widget-text-editor\" data-id=\"9184718\" data-element_type=\"widget\" data-e-type=\"widget\" data-widget_type=\"text-editor.default\">\n\t\t\t\t<div class=\"elementor-widget-container\">\n\t\t\t\t\t\t\t\t\t<p>Michael Ott\u00a0 |\u00a0 vita\/biography<\/p>\n<p>1962 geboren in Merzig\/Saar<br \/>1981 Abschlu\u00df Tischlerausbildung<br \/>1982 Abschlu\u00df Fachoberschule Design<br \/>1996 Meisterbrief Tischlerhandwerk<br \/>1997 selbstst\u00e4ndig, Schwerpunkt individuelle Einrichtungen,<br \/>M\u00f6belbau, Vollholz<br \/>1999 Mitgliedschaft im Verband Handwerk Kunst und Design e. V.<br \/>2015 Beginn mit dem Drechseln gro\u00dfer Holzgef\u00e4\u00dfe<br \/>2020 Schwerpunkt drechseln<br \/>2021 Mitgliedschaft Bundesverband Kunsthandwerk e.V.<br \/>2022 Mitgliedschaft saarl\u00e4ndisches K\u00fcnstlerhaus<\/p>\n<p>Ausstellungen im\u00a0 In- und Ausland<br \/>(unter anderem)<\/p>\n<p>2021 \u201eBest of\u201c Saarl\u00e4ndisches K\u00fcnstlerhaus Saarbr\u00fccken<br \/>\u00a0 \u00a0 \u00a0 \u00a0 \u00a0 \u201ebeziehungs &#8211; weise\u201c Galerie print+rahmen Kassel<br \/>2022 \u201eFuelbox\u201c Luxemburg<br \/>\u00a0 \u00a0 \u00a0 \u00a0 \u00a0 \u00a0 \u00a0Einzelausstellung Valentiny Fundation Luxemburg<br \/>2023 Nominierung Hessischer Staatspreis des deutschen Kunsthandwerks<br \/>\u00a0 \u00a0 \u00a0 \u00a0 \u00a0 \u00a0 Ausstellung \u201eAmbiente\u201c Frankfurt<br \/>\u00a0 \u00a0 \u00a0 \u00a0 \u00a0 \u00a0\u201eSelten, aber sch\u00f6n\u201c in der Handwerksform Hannover<br \/>\u00a0 \u00a0 \u00a0 \u00a0 \u00a0 \u00a0\u201eHeimat\u201c Fellenbergschl\u00f6sschen Merzig<br \/>2024 \u201eUnikate aus Holz\u201c Einzelausstellung Kettenfabrik Saarbr\u00fccken<br \/>\u00a0 \u00a0 \u00a0 \u00a0 \u00a0 \u00a0\u201eSubstanz und Oberfl\u00e4che\u201c Bundesverband Kunsthandwerk im<br \/>\u00a0 \u00a0 \u00a0 \u00a0 \u00a0 \u00a0\u00a0Saarl\u00e4ndischen K\u00fcnstlerhaus Saarbr\u00fccken<br \/>2025\u00a0 &#8222;Viele Gr\u00fcnde 2&#8220;,\u00a0 Gallery Puzic\u0301\u00a0<\/p>\n<p>\u00a0<\/p>\t\t\t\t\t\t\t\t<\/div>\n\t\t\t\t<\/div>\n\t\t\t\t\t<\/div>\n\t\t<\/div>\n\t\t\t\t\t<\/div>\n\t\t<\/section>\n\t\t\t\t<section class=\"elementor-section elementor-top-section elementor-element elementor-element-4c64d7c elementor-section-boxed elementor-section-height-default elementor-section-height-default\" data-id=\"4c64d7c\" data-element_type=\"section\" data-e-type=\"section\">\n\t\t\t\t\t\t<div class=\"elementor-container elementor-column-gap-default\">\n\t\t\t\t\t<div class=\"elementor-column elementor-col-100 elementor-top-column elementor-element elementor-element-8ca7a7c\" data-id=\"8ca7a7c\" data-element_type=\"column\" data-e-type=\"column\">\n\t\t\t<div class=\"elementor-widget-wrap elementor-element-populated\">\n\t\t\t\t\t\t<div class=\"elementor-element elementor-element-4082d10 elementor-widget elementor-widget-spacer\" data-id=\"4082d10\" data-element_type=\"widget\" data-e-type=\"widget\" data-widget_type=\"spacer.default\">\n\t\t\t\t<div class=\"elementor-widget-container\">\n\t\t\t\t\t\t\t<div class=\"elementor-spacer\">\n\t\t\t<div class=\"elementor-spacer-inner\"><\/div>\n\t\t<\/div>\n\t\t\t\t\t\t<\/div>\n\t\t\t\t<\/div>\n\t\t\t\t\t<\/div>\n\t\t<\/div>\n\t\t\t\t\t<\/div>\n\t\t<\/section>\n\t\t\t\t<\/div>","protected":false},"excerpt":{"rendered":"<p>MICHAEL OTT artworks biography &#8222;Rindfleischsuppe, Homage an meine Grossmutter,&#8220; Holz-Objekt &#8222;Feuersbrunst I,&#8220; Holz-Objekt &#8222;Variation einer Eiche, &#8220; Holz-Objekt &#8222;Variation einer Eiche, &#8220; Holz-Objekt Michael Ott\u00a0 |\u00a0 vita\/biography 1962 geboren in Merzig\/Saar1981 Abschlu\u00df Tischlerausbildung1982 Abschlu\u00df Fachoberschule Design1996 Meisterbrief Tischlerhandwerk1997 selbstst\u00e4ndig, Schwerpunkt individuelle Einrichtungen,M\u00f6belbau, Vollholz1999 Mitgliedschaft im Verband Handwerk Kunst und Design e. V.2015 Beginn mit dem [&hellip;]<\/p>\n","protected":false},"author":2,"featured_media":0,"parent":0,"menu_order":0,"comment_status":"closed","ping_status":"closed","template":"","meta":{"footnotes":""},"class_list":["post-7111","page","type-page","status-publish","hentry"],"_links":{"self":[{"href":"https:\/\/gallery-puzic.com\/en\/wp-json\/wp\/v2\/pages\/7111","targetHints":{"allow":["GET"]}}],"collection":[{"href":"https:\/\/gallery-puzic.com\/en\/wp-json\/wp\/v2\/pages"}],"about":[{"href":"https:\/\/gallery-puzic.com\/en\/wp-json\/wp\/v2\/types\/page"}],"author":[{"embeddable":true,"href":"https:\/\/gallery-puzic.com\/en\/wp-json\/wp\/v2\/users\/2"}],"replies":[{"embeddable":true,"href":"https:\/\/gallery-puzic.com\/en\/wp-json\/wp\/v2\/comments?post=7111"}],"version-history":[{"count":22,"href":"https:\/\/gallery-puzic.com\/en\/wp-json\/wp\/v2\/pages\/7111\/revisions"}],"predecessor-version":[{"id":7146,"href":"https:\/\/gallery-puzic.com\/en\/wp-json\/wp\/v2\/pages\/7111\/revisions\/7146"}],"wp:attachment":[{"href":"https:\/\/gallery-puzic.com\/en\/wp-json\/wp\/v2\/media?parent=7111"}],"curies":[{"name":"wp","href":"https:\/\/api.w.org\/{rel}","templated":true}]}}