{"id":7032,"date":"2025-06-17T18:53:52","date_gmt":"2025-06-17T18:53:52","guid":{"rendered":"https:\/\/gallery-puzic.com\/?page_id=7032"},"modified":"2025-07-17T11:49:28","modified_gmt":"2025-07-17T11:49:28","slug":"motten-feuer","status":"publish","type":"page","link":"https:\/\/gallery-puzic.com\/en\/motten-feuer\/","title":{"rendered":"Motten Feuer"},"content":{"rendered":"<div data-elementor-type=\"wp-page\" data-elementor-id=\"7032\" class=\"elementor elementor-7032\">\n\t\t\t\t\t\t<section class=\"elementor-section elementor-top-section elementor-element elementor-element-2f82ad2 elementor-section-boxed elementor-section-height-default elementor-section-height-default\" data-id=\"2f82ad2\" data-element_type=\"section\" data-e-type=\"section\">\n\t\t\t\t\t\t<div class=\"elementor-container elementor-column-gap-default\">\n\t\t\t\t\t<div class=\"elementor-column elementor-col-100 elementor-top-column elementor-element elementor-element-c5dc1c8\" data-id=\"c5dc1c8\" data-element_type=\"column\" data-e-type=\"column\">\n\t\t\t<div class=\"elementor-widget-wrap elementor-element-populated\">\n\t\t\t\t\t\t<div class=\"elementor-element elementor-element-2e36968 elementor-widget elementor-widget-spacer\" data-id=\"2e36968\" data-element_type=\"widget\" data-e-type=\"widget\" data-widget_type=\"spacer.default\">\n\t\t\t\t<div class=\"elementor-widget-container\">\n\t\t\t\t\t\t\t<div class=\"elementor-spacer\">\n\t\t\t<div class=\"elementor-spacer-inner\"><\/div>\n\t\t<\/div>\n\t\t\t\t\t\t<\/div>\n\t\t\t\t<\/div>\n\t\t\t\t\t<\/div>\n\t\t<\/div>\n\t\t\t\t\t<\/div>\n\t\t<\/section>\n\t\t\t\t<section class=\"elementor-section elementor-top-section elementor-element elementor-element-6a46092 elementor-section-boxed elementor-section-height-default elementor-section-height-default\" data-id=\"6a46092\" data-element_type=\"section\" data-e-type=\"section\">\n\t\t\t\t\t\t<div class=\"elementor-container elementor-column-gap-default\">\n\t\t\t\t\t<div class=\"elementor-column elementor-col-100 elementor-top-column elementor-element elementor-element-9499049\" data-id=\"9499049\" data-element_type=\"column\" data-e-type=\"column\">\n\t\t\t<div class=\"elementor-widget-wrap elementor-element-populated\">\n\t\t\t\t\t\t<div class=\"elementor-element elementor-element-4f8b539 elementor-widget elementor-widget-heading\" data-id=\"4f8b539\" data-element_type=\"widget\" data-e-type=\"widget\" data-widget_type=\"heading.default\">\n\t\t\t\t<div class=\"elementor-widget-container\">\n\t\t\t\t\t<h2 class=\"elementor-heading-title elementor-size-default\">Motten Feuer<\/h2>\t\t\t\t<\/div>\n\t\t\t\t<\/div>\n\t\t\t\t\t<\/div>\n\t\t<\/div>\n\t\t\t\t\t<\/div>\n\t\t<\/section>\n\t\t\t\t<section class=\"elementor-section elementor-top-section elementor-element elementor-element-c49ec08 elementor-section-boxed elementor-section-height-default elementor-section-height-default\" data-id=\"c49ec08\" data-element_type=\"section\" data-e-type=\"section\">\n\t\t\t\t\t\t<div class=\"elementor-container elementor-column-gap-default\">\n\t\t\t\t\t<div class=\"elementor-column elementor-col-100 elementor-top-column elementor-element elementor-element-4bb04b4\" data-id=\"4bb04b4\" data-element_type=\"column\" data-e-type=\"column\">\n\t\t\t<div class=\"elementor-widget-wrap elementor-element-populated\">\n\t\t\t\t\t\t<div class=\"elementor-element elementor-element-174c190 elementor-widget elementor-widget-image\" data-id=\"174c190\" data-element_type=\"widget\" data-e-type=\"widget\" data-widget_type=\"image.default\">\n\t\t\t\t<div class=\"elementor-widget-container\">\n\t\t\t\t\t\t\t\t\t\t\t\t<figure class=\"wp-caption\">\n\t\t\t\t\t\t\t\t\t\t<img fetchpriority=\"high\" decoding=\"async\" width=\"300\" height=\"298\" src=\"https:\/\/gallery-puzic.com\/wp-content\/uploads\/2025\/06\/Sidonie-Bilger_Pyrale-2024-300x298.png\" class=\"attachment-medium size-medium wp-image-7037\" alt=\"\" srcset=\"https:\/\/gallery-puzic.com\/wp-content\/uploads\/2025\/06\/Sidonie-Bilger_Pyrale-2024-300x298.png 300w, https:\/\/gallery-puzic.com\/wp-content\/uploads\/2025\/06\/Sidonie-Bilger_Pyrale-2024-1024x1016.png 1024w, https:\/\/gallery-puzic.com\/wp-content\/uploads\/2025\/06\/Sidonie-Bilger_Pyrale-2024-150x150.png 150w, https:\/\/gallery-puzic.com\/wp-content\/uploads\/2025\/06\/Sidonie-Bilger_Pyrale-2024-768x762.png 768w, https:\/\/gallery-puzic.com\/wp-content\/uploads\/2025\/06\/Sidonie-Bilger_Pyrale-2024-12x12.png 12w, https:\/\/gallery-puzic.com\/wp-content\/uploads\/2025\/06\/Sidonie-Bilger_Pyrale-2024.png 1329w\" sizes=\"(max-width: 300px) 100vw, 300px\" \/>\t\t\t\t\t\t\t\t\t\t\t<figcaption class=\"widget-image-caption wp-caption-text\">Sidonie Bilger, Pyrale, 2024, \u00d6l auf Leinwand, 100x100 cm<\/figcaption>\n\t\t\t\t\t\t\t\t\t\t<\/figure>\n\t\t\t\t\t\t\t\t\t<\/div>\n\t\t\t\t<\/div>\n\t\t\t\t\t<\/div>\n\t\t<\/div>\n\t\t\t\t\t<\/div>\n\t\t<\/section>\n\t\t\t\t<section class=\"elementor-section elementor-top-section elementor-element elementor-element-f706a95 elementor-section-boxed elementor-section-height-default elementor-section-height-default\" data-id=\"f706a95\" data-element_type=\"section\" data-e-type=\"section\">\n\t\t\t\t\t\t<div class=\"elementor-container elementor-column-gap-default\">\n\t\t\t\t\t<div class=\"elementor-column elementor-col-100 elementor-top-column elementor-element elementor-element-3f231ec\" data-id=\"3f231ec\" data-element_type=\"column\" data-e-type=\"column\">\n\t\t\t<div class=\"elementor-widget-wrap elementor-element-populated\">\n\t\t\t\t\t\t<div class=\"elementor-element elementor-element-d8ed35f elementor-widget elementor-widget-text-editor\" data-id=\"d8ed35f\" data-element_type=\"widget\" data-e-type=\"widget\" data-widget_type=\"text-editor.default\">\n\t\t\t\t<div class=\"elementor-widget-container\">\n\t\t\t\t\t\t\t\t\t<h3><strong>Sidonie Bilger<\/strong><\/h3><h5><strong>mit<\/strong><\/h5><h3><strong>Mane Hellenthal\u00a0 &amp;\u00a0\u00a0<\/strong><strong style=\"color: var( --e-global-color-secondary ); font-family: inherit; font-size: 1.75rem;\">Charlotte Payet<\/strong><\/h3><h6>Dauer der Ausstellung: 1. 7. \u2013 31. 8. 2025\u00a0 \/\/\u00a0 Johannisstrasse 3A, 66111 Saarbr\u00fccken\u00a0 \u00a0\u00a0<\/h6><h5>\u00a0<\/h5><h5><strong>Wir feiern unser dreij\u00e4hriges Jubili\u00e4um \u2013\u00a0 die Er\u00f6ffnung der Gallery Puzic\u0301 war im Juni 2022.<\/strong><\/h5><h5><a href=\"https:\/\/gallery-puzic.com\/en\/mottenfeuer-werke\/\">Besuchen Sie die Sonderseite zu den Werken unserer K\u00fcnstlerinnen!<\/a><\/h5><hr \/><p><img decoding=\"async\" class=\"size-medium wp-image-7324 aligncenter\" src=\"https:\/\/gallery-puzic.com\/wp-content\/uploads\/2025\/07\/opening-introductions-300x200.jpg\" alt=\"\" width=\"300\" height=\"200\" srcset=\"https:\/\/gallery-puzic.com\/wp-content\/uploads\/2025\/07\/opening-introductions-300x200.jpg 300w, https:\/\/gallery-puzic.com\/wp-content\/uploads\/2025\/07\/opening-introductions-1024x683.jpg 1024w, https:\/\/gallery-puzic.com\/wp-content\/uploads\/2025\/07\/opening-introductions-768x512.jpg 768w, https:\/\/gallery-puzic.com\/wp-content\/uploads\/2025\/07\/opening-introductions-1536x1024.jpg 1536w, https:\/\/gallery-puzic.com\/wp-content\/uploads\/2025\/07\/opening-introductions-2048x1365.jpg 2048w, https:\/\/gallery-puzic.com\/wp-content\/uploads\/2025\/07\/opening-introductions-18x12.jpg 18w\" sizes=\"(max-width: 300px) 100vw, 300px\" \/>\u00a0<\/p><p>Die expressiven Kohle-Zeichnungen und farbstarken Gem\u00e4lde der jungen franz\u00f6sischen K\u00fcnstlerin <strong>Sidonie Bilger<\/strong> zeigen uns einen wunderbar abgr\u00fcndigen Hoffnungsschimmer \u2013 Versionen von Karneval, mit Engelswesen und Z\u00fcndlerinnen einer erotisch-fantastischen Utopie. Sie unterwandert g\u00e4ngige Genderstereotypen, und l\u00e4sst es krachen mit Maskeraden und Allegorien.<\/p><p><strong><a href=\"https:\/\/www.instagram.com\/cleliawhat\/\">See instagram reels, created by Cl\u00e9lia Wang<\/a><\/strong><\/p><p>Frauen, in dieser dreifachen Solo-Ausstellung mit K\u00fcnstlerinnen aus Frankreich (<strong>Sidonie Bilger<\/strong>), Luxemburg (<strong>Charlotte Payet<\/strong>) und der Saar Region (<strong>Mane Hellenthal<\/strong>), machen in ihren Gem\u00e4lden und skulpturalen Objekten deutlich, dass auch in prek\u00e4ren Zeiten die weibliche Erfindungskraft zu Wiederentdeckungen f\u00fchren kann, z.B. wie man Feuer macht, Motten und Buchsbaumz\u00fcnsler trainiert, oder sich in mutige Clowns und Hexen verwandelt mit verschmiertem Make-up, wie man Erinnerungen verwandelt und Wegwerfflaschen aus Plastik wiederbelebt.<\/p><p>Mane Hellenthal sch\u00f6pft aus einem riesigen Fundus von\u00a0 Fotografien und Erinnerungs-Gegenst\u00e4nden, setzt sie spielerisch wieder zusammen zu \u201cBiografischen Bergen\u201d, \u201cSchattenrasen,\u201d \u201cProvinziellen Bauwerken\u201d oder der Werkgruppe, \u201cFinisterre,\u201d die das <em>End-Land<\/em> imaginiert, ebenso aber neue surreale Bildwirklichkeiten aufschimmern l\u00e4sst.<\/p><p><img decoding=\"async\" class=\"aligncenter size-medium wp-image-7264\" src=\"https:\/\/gallery-puzic.com\/wp-content\/uploads\/2025\/06\/hellenthal-installation-300x225.jpeg\" alt=\"\" width=\"300\" height=\"225\" srcset=\"https:\/\/gallery-puzic.com\/wp-content\/uploads\/2025\/06\/hellenthal-installation-300x225.jpeg 300w, https:\/\/gallery-puzic.com\/wp-content\/uploads\/2025\/06\/hellenthal-installation-1024x768.jpeg 1024w, https:\/\/gallery-puzic.com\/wp-content\/uploads\/2025\/06\/hellenthal-installation-768x576.jpeg 768w, https:\/\/gallery-puzic.com\/wp-content\/uploads\/2025\/06\/hellenthal-installation-1536x1152.jpeg 1536w, https:\/\/gallery-puzic.com\/wp-content\/uploads\/2025\/06\/hellenthal-installation-16x12.jpeg 16w, https:\/\/gallery-puzic.com\/wp-content\/uploads\/2025\/06\/hellenthal-installation.jpeg 2048w\" sizes=\"(max-width: 300px) 100vw, 300px\" \/><\/p><p>Charlotte Payet arbeitet mit recyclebaren Materialien, insbesondere Kunststoffen, und untersucht Kreisl\u00e4ufe unseres \u00d6kosystems; sie formt erstaunliche dreidimensionale Inszenierungen, eine Art \u201cr\u00e4umliche Malerei\u201d auf transparenten Plastikstoffen und Verwebungen.<\/p><p>+\u00a0 \u00a0 \u00a0 \u00a0 \u00a0 \u00a0 +\u00a0 \u00a0 \u00a0 \u00a0 \u00a0 \u00a0 +<\/p><p class=\"p1\">Kurator: Esad Puzi\u0107 \/\/ Einf\u00fchrung: Johannes Birringer<\/p>\t\t\t\t\t\t\t\t<\/div>\n\t\t\t\t<\/div>\n\t\t\t\t\t<\/div>\n\t\t<\/div>\n\t\t\t\t\t<\/div>\n\t\t<\/section>\n\t\t\t\t<section class=\"elementor-section elementor-top-section elementor-element elementor-element-f8736c9 elementor-section-boxed elementor-section-height-default elementor-section-height-default\" data-id=\"f8736c9\" data-element_type=\"section\" data-e-type=\"section\">\n\t\t\t\t\t\t<div class=\"elementor-container elementor-column-gap-default\">\n\t\t\t\t\t<div class=\"elementor-column elementor-col-33 elementor-top-column elementor-element elementor-element-874dc46\" data-id=\"874dc46\" data-element_type=\"column\" data-e-type=\"column\">\n\t\t\t<div class=\"elementor-widget-wrap elementor-element-populated\">\n\t\t\t\t\t\t<div class=\"elementor-element elementor-element-ea75850 elementor-widget elementor-widget-image\" data-id=\"ea75850\" data-element_type=\"widget\" data-e-type=\"widget\" data-widget_type=\"image.default\">\n\t\t\t\t<div class=\"elementor-widget-container\">\n\t\t\t\t\t\t\t\t\t\t\t\t\t\t\t<img loading=\"lazy\" decoding=\"async\" width=\"300\" height=\"200\" src=\"https:\/\/gallery-puzic.com\/wp-content\/uploads\/2025\/07\/esad-und-Frau-Berber-300x200.jpg\" class=\"attachment-medium size-medium wp-image-7326\" alt=\"\" srcset=\"https:\/\/gallery-puzic.com\/wp-content\/uploads\/2025\/07\/esad-und-Frau-Berber-300x200.jpg 300w, https:\/\/gallery-puzic.com\/wp-content\/uploads\/2025\/07\/esad-und-Frau-Berber-1024x683.jpg 1024w, https:\/\/gallery-puzic.com\/wp-content\/uploads\/2025\/07\/esad-und-Frau-Berber-768x512.jpg 768w, https:\/\/gallery-puzic.com\/wp-content\/uploads\/2025\/07\/esad-und-Frau-Berber-1536x1024.jpg 1536w, https:\/\/gallery-puzic.com\/wp-content\/uploads\/2025\/07\/esad-und-Frau-Berber-2048x1365.jpg 2048w, https:\/\/gallery-puzic.com\/wp-content\/uploads\/2025\/07\/esad-und-Frau-Berber-18x12.jpg 18w\" sizes=\"(max-width: 300px) 100vw, 300px\" \/>\t\t\t\t\t\t\t\t\t\t\t\t\t\t\t<\/div>\n\t\t\t\t<\/div>\n\t\t\t\t\t<\/div>\n\t\t<\/div>\n\t\t\t\t<div class=\"elementor-column elementor-col-33 elementor-top-column elementor-element elementor-element-02901fa\" data-id=\"02901fa\" data-element_type=\"column\" data-e-type=\"column\">\n\t\t\t<div class=\"elementor-widget-wrap elementor-element-populated\">\n\t\t\t\t\t\t<div class=\"elementor-element elementor-element-0e567a7 elementor-widget elementor-widget-image\" data-id=\"0e567a7\" data-element_type=\"widget\" data-e-type=\"widget\" data-widget_type=\"image.default\">\n\t\t\t\t<div class=\"elementor-widget-container\">\n\t\t\t\t\t\t\t\t\t\t\t\t\t\t\t<img loading=\"lazy\" decoding=\"async\" width=\"300\" height=\"225\" src=\"https:\/\/gallery-puzic.com\/wp-content\/uploads\/2025\/07\/payet-wand-installation-300x225.jpeg\" class=\"attachment-medium size-medium wp-image-7388\" alt=\"\" srcset=\"https:\/\/gallery-puzic.com\/wp-content\/uploads\/2025\/07\/payet-wand-installation-300x225.jpeg 300w, https:\/\/gallery-puzic.com\/wp-content\/uploads\/2025\/07\/payet-wand-installation-1024x768.jpeg 1024w, https:\/\/gallery-puzic.com\/wp-content\/uploads\/2025\/07\/payet-wand-installation-768x576.jpeg 768w, https:\/\/gallery-puzic.com\/wp-content\/uploads\/2025\/07\/payet-wand-installation-1536x1152.jpeg 1536w, https:\/\/gallery-puzic.com\/wp-content\/uploads\/2025\/07\/payet-wand-installation-2048x1536.jpeg 2048w, https:\/\/gallery-puzic.com\/wp-content\/uploads\/2025\/07\/payet-wand-installation-16x12.jpeg 16w\" sizes=\"(max-width: 300px) 100vw, 300px\" \/>\t\t\t\t\t\t\t\t\t\t\t\t\t\t\t<\/div>\n\t\t\t\t<\/div>\n\t\t\t\t\t<\/div>\n\t\t<\/div>\n\t\t\t\t<div class=\"elementor-column elementor-col-33 elementor-top-column elementor-element elementor-element-602b218\" data-id=\"602b218\" data-element_type=\"column\" data-e-type=\"column\">\n\t\t\t<div class=\"elementor-widget-wrap elementor-element-populated\">\n\t\t\t\t\t\t<div class=\"elementor-element elementor-element-98eac81 elementor-widget elementor-widget-image\" data-id=\"98eac81\" data-element_type=\"widget\" data-e-type=\"widget\" data-widget_type=\"image.default\">\n\t\t\t\t<div class=\"elementor-widget-container\">\n\t\t\t\t\t\t\t\t\t\t\t\t\t\t\t<img loading=\"lazy\" decoding=\"async\" width=\"300\" height=\"200\" src=\"https:\/\/gallery-puzic.com\/wp-content\/uploads\/2025\/07\/joh-sidonie-armin-300x200.jpg\" class=\"attachment-medium size-medium wp-image-7325\" alt=\"\" srcset=\"https:\/\/gallery-puzic.com\/wp-content\/uploads\/2025\/07\/joh-sidonie-armin-300x200.jpg 300w, https:\/\/gallery-puzic.com\/wp-content\/uploads\/2025\/07\/joh-sidonie-armin-1024x683.jpg 1024w, https:\/\/gallery-puzic.com\/wp-content\/uploads\/2025\/07\/joh-sidonie-armin-768x512.jpg 768w, https:\/\/gallery-puzic.com\/wp-content\/uploads\/2025\/07\/joh-sidonie-armin-1536x1024.jpg 1536w, https:\/\/gallery-puzic.com\/wp-content\/uploads\/2025\/07\/joh-sidonie-armin-2048x1365.jpg 2048w, https:\/\/gallery-puzic.com\/wp-content\/uploads\/2025\/07\/joh-sidonie-armin-18x12.jpg 18w\" sizes=\"(max-width: 300px) 100vw, 300px\" \/>\t\t\t\t\t\t\t\t\t\t\t\t\t\t\t<\/div>\n\t\t\t\t<\/div>\n\t\t\t\t\t<\/div>\n\t\t<\/div>\n\t\t\t\t\t<\/div>\n\t\t<\/section>\n\t\t\t\t<section class=\"elementor-section elementor-top-section elementor-element elementor-element-c8448c1 elementor-section-boxed elementor-section-height-default elementor-section-height-default\" data-id=\"c8448c1\" data-element_type=\"section\" data-e-type=\"section\">\n\t\t\t\t\t\t<div class=\"elementor-container elementor-column-gap-default\">\n\t\t\t\t\t<div class=\"elementor-column elementor-col-25 elementor-top-column elementor-element elementor-element-0090646\" data-id=\"0090646\" data-element_type=\"column\" data-e-type=\"column\">\n\t\t\t<div class=\"elementor-widget-wrap elementor-element-populated\">\n\t\t\t\t\t\t<div class=\"elementor-element elementor-element-920b211 elementor-widget elementor-widget-image\" data-id=\"920b211\" data-element_type=\"widget\" data-e-type=\"widget\" data-widget_type=\"image.default\">\n\t\t\t\t<div class=\"elementor-widget-container\">\n\t\t\t\t\t\t\t\t\t\t\t\t\t\t\t<img loading=\"lazy\" decoding=\"async\" width=\"167\" height=\"300\" src=\"https:\/\/gallery-puzic.com\/wp-content\/uploads\/2025\/07\/Sidonie-and-Mane-167x300.jpg\" class=\"attachment-medium size-medium wp-image-7330\" alt=\"\" srcset=\"https:\/\/gallery-puzic.com\/wp-content\/uploads\/2025\/07\/Sidonie-and-Mane-167x300.jpg 167w, https:\/\/gallery-puzic.com\/wp-content\/uploads\/2025\/07\/Sidonie-and-Mane-571x1024.jpg 571w, https:\/\/gallery-puzic.com\/wp-content\/uploads\/2025\/07\/Sidonie-and-Mane-768x1378.jpg 768w, https:\/\/gallery-puzic.com\/wp-content\/uploads\/2025\/07\/Sidonie-and-Mane-856x1536.jpg 856w, https:\/\/gallery-puzic.com\/wp-content\/uploads\/2025\/07\/Sidonie-and-Mane-7x12.jpg 7w, https:\/\/gallery-puzic.com\/wp-content\/uploads\/2025\/07\/Sidonie-and-Mane.jpg 892w\" sizes=\"(max-width: 167px) 100vw, 167px\" \/>\t\t\t\t\t\t\t\t\t\t\t\t\t\t\t<\/div>\n\t\t\t\t<\/div>\n\t\t\t\t\t<\/div>\n\t\t<\/div>\n\t\t\t\t<div class=\"elementor-column elementor-col-25 elementor-top-column elementor-element elementor-element-29f9841\" data-id=\"29f9841\" data-element_type=\"column\" data-e-type=\"column\">\n\t\t\t<div class=\"elementor-widget-wrap elementor-element-populated\">\n\t\t\t\t\t\t<div class=\"elementor-element elementor-element-19065bc elementor-widget elementor-widget-image\" data-id=\"19065bc\" data-element_type=\"widget\" data-e-type=\"widget\" data-widget_type=\"image.default\">\n\t\t\t\t<div class=\"elementor-widget-container\">\n\t\t\t\t\t\t\t\t\t\t\t\t\t\t\t<img loading=\"lazy\" decoding=\"async\" width=\"225\" height=\"300\" src=\"https:\/\/gallery-puzic.com\/wp-content\/uploads\/2025\/07\/charlotte-and-audienve-225x300.jpg\" class=\"attachment-medium size-medium wp-image-7329\" alt=\"\" srcset=\"https:\/\/gallery-puzic.com\/wp-content\/uploads\/2025\/07\/charlotte-and-audienve-225x300.jpg 225w, https:\/\/gallery-puzic.com\/wp-content\/uploads\/2025\/07\/charlotte-and-audienve-768x1024.jpg 768w, https:\/\/gallery-puzic.com\/wp-content\/uploads\/2025\/07\/charlotte-and-audienve-1152x1536.jpg 1152w, https:\/\/gallery-puzic.com\/wp-content\/uploads\/2025\/07\/charlotte-and-audienve-9x12.jpg 9w, https:\/\/gallery-puzic.com\/wp-content\/uploads\/2025\/07\/charlotte-and-audienve.jpg 1200w\" sizes=\"(max-width: 225px) 100vw, 225px\" \/>\t\t\t\t\t\t\t\t\t\t\t\t\t\t\t<\/div>\n\t\t\t\t<\/div>\n\t\t\t\t\t<\/div>\n\t\t<\/div>\n\t\t\t\t<div class=\"elementor-column elementor-col-25 elementor-top-column elementor-element elementor-element-f8ea0cc\" data-id=\"f8ea0cc\" data-element_type=\"column\" data-e-type=\"column\">\n\t\t\t<div class=\"elementor-widget-wrap elementor-element-populated\">\n\t\t\t\t\t\t<div class=\"elementor-element elementor-element-4639927 elementor-widget elementor-widget-image\" data-id=\"4639927\" data-element_type=\"widget\" data-e-type=\"widget\" data-widget_type=\"image.default\">\n\t\t\t\t<div class=\"elementor-widget-container\">\n\t\t\t\t\t\t\t\t\t\t\t\t\t\t\t<img loading=\"lazy\" decoding=\"async\" width=\"225\" height=\"300\" src=\"https:\/\/gallery-puzic.com\/wp-content\/uploads\/2025\/07\/payet-grosses-plastikfenter-225x300.jpeg\" class=\"attachment-medium size-medium wp-image-7378\" alt=\"\" srcset=\"https:\/\/gallery-puzic.com\/wp-content\/uploads\/2025\/07\/payet-grosses-plastikfenter-225x300.jpeg 225w, https:\/\/gallery-puzic.com\/wp-content\/uploads\/2025\/07\/payet-grosses-plastikfenter-768x1024.jpeg 768w, https:\/\/gallery-puzic.com\/wp-content\/uploads\/2025\/07\/payet-grosses-plastikfenter-1152x1536.jpeg 1152w, https:\/\/gallery-puzic.com\/wp-content\/uploads\/2025\/07\/payet-grosses-plastikfenter-1536x2048.jpeg 1536w, https:\/\/gallery-puzic.com\/wp-content\/uploads\/2025\/07\/payet-grosses-plastikfenter-9x12.jpeg 9w, https:\/\/gallery-puzic.com\/wp-content\/uploads\/2025\/07\/payet-grosses-plastikfenter-scaled.jpeg 1920w\" sizes=\"(max-width: 225px) 100vw, 225px\" \/>\t\t\t\t\t\t\t\t\t\t\t\t\t\t\t<\/div>\n\t\t\t\t<\/div>\n\t\t\t\t\t<\/div>\n\t\t<\/div>\n\t\t\t\t<div class=\"elementor-column elementor-col-25 elementor-top-column elementor-element elementor-element-59299bf\" data-id=\"59299bf\" data-element_type=\"column\" data-e-type=\"column\">\n\t\t\t<div class=\"elementor-widget-wrap elementor-element-populated\">\n\t\t\t\t\t\t<div class=\"elementor-element elementor-element-150d15a elementor-widget elementor-widget-image\" data-id=\"150d15a\" data-element_type=\"widget\" data-e-type=\"widget\" data-widget_type=\"image.default\">\n\t\t\t\t<div class=\"elementor-widget-container\">\n\t\t\t\t\t\t\t\t\t\t\t\t\t\t\t<img loading=\"lazy\" decoding=\"async\" width=\"256\" height=\"300\" src=\"https:\/\/gallery-puzic.com\/wp-content\/uploads\/2025\/07\/INTRO-AUDIENCE-256x300.jpg\" class=\"attachment-medium size-medium wp-image-7327\" alt=\"\" srcset=\"https:\/\/gallery-puzic.com\/wp-content\/uploads\/2025\/07\/INTRO-AUDIENCE-256x300.jpg 256w, https:\/\/gallery-puzic.com\/wp-content\/uploads\/2025\/07\/INTRO-AUDIENCE-873x1024.jpg 873w, https:\/\/gallery-puzic.com\/wp-content\/uploads\/2025\/07\/INTRO-AUDIENCE-768x901.jpg 768w, https:\/\/gallery-puzic.com\/wp-content\/uploads\/2025\/07\/INTRO-AUDIENCE-1309x1536.jpg 1309w, https:\/\/gallery-puzic.com\/wp-content\/uploads\/2025\/07\/INTRO-AUDIENCE-10x12.jpg 10w, https:\/\/gallery-puzic.com\/wp-content\/uploads\/2025\/07\/INTRO-AUDIENCE.jpg 1364w\" sizes=\"(max-width: 256px) 100vw, 256px\" \/>\t\t\t\t\t\t\t\t\t\t\t\t\t\t\t<\/div>\n\t\t\t\t<\/div>\n\t\t\t\t\t<\/div>\n\t\t<\/div>\n\t\t\t\t\t<\/div>\n\t\t<\/section>\n\t\t\t\t<section class=\"elementor-section elementor-top-section elementor-element elementor-element-1747b92 elementor-section-boxed elementor-section-height-default elementor-section-height-default\" data-id=\"1747b92\" data-element_type=\"section\" data-e-type=\"section\">\n\t\t\t\t\t\t<div class=\"elementor-container elementor-column-gap-default\">\n\t\t\t\t\t<div class=\"elementor-column elementor-col-100 elementor-top-column elementor-element elementor-element-1a172d7\" data-id=\"1a172d7\" data-element_type=\"column\" data-e-type=\"column\">\n\t\t\t<div class=\"elementor-widget-wrap elementor-element-populated\">\n\t\t\t\t\t\t<div class=\"elementor-element elementor-element-64cdfb1 elementor-widget elementor-widget-spacer\" data-id=\"64cdfb1\" data-element_type=\"widget\" data-e-type=\"widget\" data-widget_type=\"spacer.default\">\n\t\t\t\t<div class=\"elementor-widget-container\">\n\t\t\t\t\t\t\t<div class=\"elementor-spacer\">\n\t\t\t<div class=\"elementor-spacer-inner\"><\/div>\n\t\t<\/div>\n\t\t\t\t\t\t<\/div>\n\t\t\t\t<\/div>\n\t\t\t\t<div class=\"elementor-element elementor-element-8ee968d elementor-widget elementor-widget-text-editor\" data-id=\"8ee968d\" data-element_type=\"widget\" data-e-type=\"widget\" data-widget_type=\"text-editor.default\">\n\t\t\t\t<div class=\"elementor-widget-container\">\n\t\t\t\t\t\t\t\t\t<p class=\"p5\" style=\"text-align: center;\"><strong>Am Abend der Vernissage er\u00f6ffneten wir eine Austern &amp; Champagner Bar, zusammen mit den Beats des franz\u00f6sischen DJs<span class=\"Apple-converted-space\"> \u00a0<\/span>RG .<\/strong><\/p><p style=\"text-align: center;\">Wir\u00a0 freuen uns immer auf Ihren Besuch.<\/p><p style=\"text-align: center;\">+\u00a0 \u00a0 \u00a0 \u00a0 \u00a0 +\u00a0 \u00a0 \u00a0 \u00a0 \u00a0 +<\/p><p class=\"p1\" style=\"text-align: center;\"><span class=\"s1\">\u00a0photos : \u00a0\u00a9\u00a0 Gerhard Schaal,\u00a0 Mirsad Puzi\u0107 &amp; Ella Nyawira Ehm<\/span><\/p><p style=\"text-align: center;\">F\u00fcr Werklisten und Preise der Kunstwerke\/ for work lists and prices, click on <em>download<\/em><\/p>\t\t\t\t\t\t\t\t<\/div>\n\t\t\t\t<\/div>\n\t\t\t\t\t<\/div>\n\t\t<\/div>\n\t\t\t\t\t<\/div>\n\t\t<\/section>\n\t\t\t\t<section class=\"elementor-section elementor-top-section elementor-element elementor-element-51bf018 elementor-section-boxed elementor-section-height-default elementor-section-height-default\" data-id=\"51bf018\" data-element_type=\"section\" data-e-type=\"section\">\n\t\t\t\t\t\t<div class=\"elementor-container elementor-column-gap-default\">\n\t\t\t\t\t<div class=\"elementor-column elementor-col-100 elementor-top-column elementor-element elementor-element-4f71d9d\" data-id=\"4f71d9d\" data-element_type=\"column\" data-e-type=\"column\">\n\t\t\t<div class=\"elementor-widget-wrap elementor-element-populated\">\n\t\t\t\t\t\t<div class=\"elementor-element elementor-element-470c5cb elementor-align-center elementor-widget elementor-widget-button\" data-id=\"470c5cb\" data-element_type=\"widget\" data-e-type=\"widget\" data-widget_type=\"button.default\">\n\t\t\t\t<div class=\"elementor-widget-container\">\n\t\t\t\t\t\t\t\t\t<div class=\"elementor-button-wrapper\">\n\t\t\t\t\t<a class=\"elementor-button elementor-button-link elementor-size-sm\" href=\"https:\/\/gallery-puzic.com\/wp-content\/uploads\/2025\/07\/Werklisten_MOTTENFEUER.pdf\">\n\t\t\t\t\t\t<span class=\"elementor-button-content-wrapper\">\n\t\t\t\t\t\t\t\t\t<span class=\"elementor-button-text\">download<\/span>\n\t\t\t\t\t<\/span>\n\t\t\t\t\t<\/a>\n\t\t\t\t<\/div>\n\t\t\t\t\t\t\t\t<\/div>\n\t\t\t\t<\/div>\n\t\t\t\t\t<\/div>\n\t\t<\/div>\n\t\t\t\t\t<\/div>\n\t\t<\/section>\n\t\t\t\t<\/div>","protected":false},"excerpt":{"rendered":"<p>Motten Feuer Sidonie Bilger, Pyrale, 2024, \u00d6l auf Leinwand, 100&#215;100 cm Sidonie Bilger mit Mane Hellenthal\u00a0 &amp;\u00a0\u00a0Charlotte Payet Dauer der Ausstellung: 1. 7. \u2013 31. 8. 2025\u00a0 \/\/\u00a0 Johannisstrasse 3A, 66111 Saarbr\u00fccken\u00a0 \u00a0\u00a0 \u00a0 Wir feiern unser dreij\u00e4hriges Jubili\u00e4um \u2013\u00a0 die Er\u00f6ffnung der Gallery Puzic\u0301 war im Juni 2022. Besuchen Sie die Sonderseite zu den [&hellip;]<\/p>\n","protected":false},"author":2,"featured_media":0,"parent":0,"menu_order":0,"comment_status":"closed","ping_status":"closed","template":"","meta":{"footnotes":""},"class_list":["post-7032","page","type-page","status-publish","hentry"],"_links":{"self":[{"href":"https:\/\/gallery-puzic.com\/en\/wp-json\/wp\/v2\/pages\/7032","targetHints":{"allow":["GET"]}}],"collection":[{"href":"https:\/\/gallery-puzic.com\/en\/wp-json\/wp\/v2\/pages"}],"about":[{"href":"https:\/\/gallery-puzic.com\/en\/wp-json\/wp\/v2\/types\/page"}],"author":[{"embeddable":true,"href":"https:\/\/gallery-puzic.com\/en\/wp-json\/wp\/v2\/users\/2"}],"replies":[{"embeddable":true,"href":"https:\/\/gallery-puzic.com\/en\/wp-json\/wp\/v2\/comments?post=7032"}],"version-history":[{"count":136,"href":"https:\/\/gallery-puzic.com\/en\/wp-json\/wp\/v2\/pages\/7032\/revisions"}],"predecessor-version":[{"id":7493,"href":"https:\/\/gallery-puzic.com\/en\/wp-json\/wp\/v2\/pages\/7032\/revisions\/7493"}],"wp:attachment":[{"href":"https:\/\/gallery-puzic.com\/en\/wp-json\/wp\/v2\/media?parent=7032"}],"curies":[{"name":"wp","href":"https:\/\/api.w.org\/{rel}","templated":true}]}}