{"id":6868,"date":"2025-04-24T23:24:34","date_gmt":"2025-04-24T23:24:34","guid":{"rendered":"https:\/\/gallery-puzic.com\/?page_id=6868"},"modified":"2025-05-15T20:42:57","modified_gmt":"2025-05-15T20:42:57","slug":"pop-up-gallery","status":"publish","type":"page","link":"https:\/\/gallery-puzic.com\/en\/pop-up-gallery\/","title":{"rendered":"POP UP GALLERY"},"content":{"rendered":"<div data-elementor-type=\"wp-page\" data-elementor-id=\"6868\" class=\"elementor elementor-6868\">\n\t\t\t\t\t\t<section class=\"elementor-section elementor-top-section elementor-element elementor-element-4d08f7e elementor-section-full_width elementor-section-height-default elementor-section-height-default\" data-id=\"4d08f7e\" data-element_type=\"section\" data-e-type=\"section\">\n\t\t\t\t\t\t<div class=\"elementor-container elementor-column-gap-default\">\n\t\t\t\t\t<div class=\"elementor-column elementor-col-100 elementor-top-column elementor-element elementor-element-4b7a953\" data-id=\"4b7a953\" data-element_type=\"column\" data-e-type=\"column\">\n\t\t\t<div class=\"elementor-widget-wrap elementor-element-populated\">\n\t\t\t\t\t\t<div class=\"elementor-element elementor-element-edb4fbe elementor-widget elementor-widget-heading\" data-id=\"edb4fbe\" data-element_type=\"widget\" data-e-type=\"widget\" data-widget_type=\"heading.default\">\n\t\t\t\t<div class=\"elementor-widget-container\">\n\t\t\t\t\t<h2 class=\"elementor-heading-title elementor-size-default\">POP UP GALLERY<\/h2>\t\t\t\t<\/div>\n\t\t\t\t<\/div>\n\t\t\t\t<div class=\"elementor-element elementor-element-a9f4c0b elementor-widget elementor-widget-text-editor\" data-id=\"a9f4c0b\" data-element_type=\"widget\" data-e-type=\"widget\" data-widget_type=\"text-editor.default\">\n\t\t\t\t<div class=\"elementor-widget-container\">\n\t\t\t\t\t\t\t\t\t<p style=\"text-align: center;\">MAINZER STRASSE 23 \/ ECKE ROSENSTRASSE<br \/>66121 SAARBR\u00dcCKEN<\/p>\t\t\t\t\t\t\t\t<\/div>\n\t\t\t\t<\/div>\n\t\t\t\t\t<\/div>\n\t\t<\/div>\n\t\t\t\t\t<\/div>\n\t\t<\/section>\n\t\t\t\t<section class=\"elementor-section elementor-top-section elementor-element elementor-element-1f054f80 elementor-section-boxed elementor-section-height-default elementor-section-height-default elementor-invisible\" data-id=\"1f054f80\" data-element_type=\"section\" data-e-type=\"section\" data-settings=\"{&quot;animation&quot;:&quot;fadeInUp&quot;}\">\n\t\t\t\t\t\t<div class=\"elementor-container elementor-column-gap-default\">\n\t\t\t\t\t<div class=\"elementor-column elementor-col-33 elementor-top-column elementor-element elementor-element-10f322e8\" data-id=\"10f322e8\" data-element_type=\"column\" data-e-type=\"column\">\n\t\t\t<div class=\"elementor-widget-wrap elementor-element-populated\">\n\t\t\t\t\t\t<div class=\"elementor-element elementor-element-22a17bb8 elementor-widget elementor-widget-image\" data-id=\"22a17bb8\" data-element_type=\"widget\" data-e-type=\"widget\" data-widget_type=\"image.default\">\n\t\t\t\t<div class=\"elementor-widget-container\">\n\t\t\t\t\t\t\t\t\t\t\t\t\t\t\t<img fetchpriority=\"high\" decoding=\"async\" width=\"800\" height=\"800\" src=\"https:\/\/gallery-puzic.com\/wp-content\/uploads\/2025\/04\/Pit-Nolling-Mimesis-III-1-1024x1024.jpg\" class=\"attachment-large size-large wp-image-6870\" alt=\"\" srcset=\"https:\/\/gallery-puzic.com\/wp-content\/uploads\/2025\/04\/Pit-Nolling-Mimesis-III-1-1024x1024.jpg 1024w, https:\/\/gallery-puzic.com\/wp-content\/uploads\/2025\/04\/Pit-Nolling-Mimesis-III-1-300x300.jpg 300w, https:\/\/gallery-puzic.com\/wp-content\/uploads\/2025\/04\/Pit-Nolling-Mimesis-III-1-150x150.jpg 150w, https:\/\/gallery-puzic.com\/wp-content\/uploads\/2025\/04\/Pit-Nolling-Mimesis-III-1-768x768.jpg 768w, https:\/\/gallery-puzic.com\/wp-content\/uploads\/2025\/04\/Pit-Nolling-Mimesis-III-1-1536x1536.jpg 1536w, https:\/\/gallery-puzic.com\/wp-content\/uploads\/2025\/04\/Pit-Nolling-Mimesis-III-1-2048x2048.jpg 2048w, https:\/\/gallery-puzic.com\/wp-content\/uploads\/2025\/04\/Pit-Nolling-Mimesis-III-1-12x12.jpg 12w\" sizes=\"(max-width: 800px) 100vw, 800px\" \/>\t\t\t\t\t\t\t\t\t\t\t\t\t\t\t<\/div>\n\t\t\t\t<\/div>\n\t\t\t\t\t<\/div>\n\t\t<\/div>\n\t\t\t\t<div class=\"elementor-column elementor-col-33 elementor-top-column elementor-element elementor-element-fad23f4\" data-id=\"fad23f4\" data-element_type=\"column\" data-e-type=\"column\">\n\t\t\t<div class=\"elementor-widget-wrap elementor-element-populated\">\n\t\t\t\t\t\t<div class=\"elementor-element elementor-element-1bc46ff7 elementor-widget elementor-widget-image\" data-id=\"1bc46ff7\" data-element_type=\"widget\" data-e-type=\"widget\" data-widget_type=\"image.default\">\n\t\t\t\t<div class=\"elementor-widget-container\">\n\t\t\t\t\t\t\t\t\t\t\t\t\t\t\t<img decoding=\"async\" width=\"800\" height=\"800\" src=\"https:\/\/gallery-puzic.com\/wp-content\/uploads\/2025\/04\/Mainzerstrasse-Pop-Up-gallery_11-14_2-1024x1024.jpg\" class=\"attachment-large size-large wp-image-6871\" alt=\"\" srcset=\"https:\/\/gallery-puzic.com\/wp-content\/uploads\/2025\/04\/Mainzerstrasse-Pop-Up-gallery_11-14_2-1024x1024.jpg 1024w, https:\/\/gallery-puzic.com\/wp-content\/uploads\/2025\/04\/Mainzerstrasse-Pop-Up-gallery_11-14_2-300x300.jpg 300w, https:\/\/gallery-puzic.com\/wp-content\/uploads\/2025\/04\/Mainzerstrasse-Pop-Up-gallery_11-14_2-150x150.jpg 150w, https:\/\/gallery-puzic.com\/wp-content\/uploads\/2025\/04\/Mainzerstrasse-Pop-Up-gallery_11-14_2-768x768.jpg 768w, https:\/\/gallery-puzic.com\/wp-content\/uploads\/2025\/04\/Mainzerstrasse-Pop-Up-gallery_11-14_2-12x12.jpg 12w, https:\/\/gallery-puzic.com\/wp-content\/uploads\/2025\/04\/Mainzerstrasse-Pop-Up-gallery_11-14_2.jpg 1500w\" sizes=\"(max-width: 800px) 100vw, 800px\" \/>\t\t\t\t\t\t\t\t\t\t\t\t\t\t\t<\/div>\n\t\t\t\t<\/div>\n\t\t\t\t\t<\/div>\n\t\t<\/div>\n\t\t\t\t<div class=\"elementor-column elementor-col-33 elementor-top-column elementor-element elementor-element-27637011\" data-id=\"27637011\" data-element_type=\"column\" data-e-type=\"column\">\n\t\t\t<div class=\"elementor-widget-wrap elementor-element-populated\">\n\t\t\t\t\t\t<div class=\"elementor-element elementor-element-4c9a4977 elementor-widget elementor-widget-image\" data-id=\"4c9a4977\" data-element_type=\"widget\" data-e-type=\"widget\" data-widget_type=\"image.default\">\n\t\t\t\t<div class=\"elementor-widget-container\">\n\t\t\t\t\t\t\t\t\t\t\t\t\t\t\t<img decoding=\"async\" width=\"800\" height=\"800\" src=\"https:\/\/gallery-puzic.com\/wp-content\/uploads\/2025\/04\/Mainzerstrasse-Pop-Up-gallery_11-14_6-1-1024x1024.jpg\" class=\"attachment-large size-large wp-image-6872\" alt=\"\" srcset=\"https:\/\/gallery-puzic.com\/wp-content\/uploads\/2025\/04\/Mainzerstrasse-Pop-Up-gallery_11-14_6-1-1024x1024.jpg 1024w, https:\/\/gallery-puzic.com\/wp-content\/uploads\/2025\/04\/Mainzerstrasse-Pop-Up-gallery_11-14_6-1-300x300.jpg 300w, https:\/\/gallery-puzic.com\/wp-content\/uploads\/2025\/04\/Mainzerstrasse-Pop-Up-gallery_11-14_6-1-150x150.jpg 150w, https:\/\/gallery-puzic.com\/wp-content\/uploads\/2025\/04\/Mainzerstrasse-Pop-Up-gallery_11-14_6-1-768x768.jpg 768w, https:\/\/gallery-puzic.com\/wp-content\/uploads\/2025\/04\/Mainzerstrasse-Pop-Up-gallery_11-14_6-1-12x12.jpg 12w, https:\/\/gallery-puzic.com\/wp-content\/uploads\/2025\/04\/Mainzerstrasse-Pop-Up-gallery_11-14_6-1.jpg 1500w\" sizes=\"(max-width: 800px) 100vw, 800px\" \/>\t\t\t\t\t\t\t\t\t\t\t\t\t\t\t<\/div>\n\t\t\t\t<\/div>\n\t\t\t\t\t<\/div>\n\t\t<\/div>\n\t\t\t\t\t<\/div>\n\t\t<\/section>\n\t\t\t\t<section class=\"elementor-section elementor-top-section elementor-element elementor-element-5f956fd elementor-section-boxed elementor-section-height-default elementor-section-height-default\" data-id=\"5f956fd\" data-element_type=\"section\" data-e-type=\"section\">\n\t\t\t\t\t\t<div class=\"elementor-container elementor-column-gap-default\">\n\t\t\t\t\t<div class=\"elementor-column elementor-col-100 elementor-top-column elementor-element elementor-element-db7c8ad\" data-id=\"db7c8ad\" data-element_type=\"column\" data-e-type=\"column\">\n\t\t\t<div class=\"elementor-widget-wrap elementor-element-populated\">\n\t\t\t\t\t\t<div class=\"elementor-element elementor-element-09a5b5d elementor-widget elementor-widget-text-editor\" data-id=\"09a5b5d\" data-element_type=\"widget\" data-e-type=\"widget\" data-widget_type=\"text-editor.default\">\n\t\t\t\t<div class=\"elementor-widget-container\">\n\t\t\t\t\t\t\t\t\t<p>Der neue Pop Up Raum der Gallery Puzic\u0301 in the Mainzerstrasse er\u00f6ffnete im Fr\u00fchjahr 2024 mit grossem \u00dcberraschungseffekt. Pl\u00f6tzlich war sie da, und w\u00e4hrend in der Hauptgalerie (Johannisstrasse 3a) weiterhin das Programm grosser Ausstellungen l\u00e4uft, hat sich die Mainzerstrasse-Filiale ein eigenes Profil erarbeitet, mit kurzweiligen Expositionen junger K\u00fcnstler*innen aus der HBK, mit Atelierkonzerten, und mit Zusammenstellungen ganz unterschiedlicher k\u00fcnstlerischer Perspektiven und Ausdrucksformen (von internationalen, regionalen und lokalen Kunstschaffenden). Auch ein Motorrad hat es schon einmal in die R\u00e4ume geschafft:\u00a0<\/p><p><strong>Kunst f\u00fcr Kunst ist das Motto !<\/strong><\/p>\t\t\t\t\t\t\t\t<\/div>\n\t\t\t\t<\/div>\n\t\t\t\t\t<\/div>\n\t\t<\/div>\n\t\t\t\t\t<\/div>\n\t\t<\/section>\n\t\t\t\t<section class=\"elementor-section elementor-top-section elementor-element elementor-element-0fbb647 elementor-section-boxed elementor-section-height-default elementor-section-height-default\" data-id=\"0fbb647\" data-element_type=\"section\" data-e-type=\"section\">\n\t\t\t\t\t\t<div class=\"elementor-container elementor-column-gap-default\">\n\t\t\t\t\t<div class=\"elementor-column elementor-col-50 elementor-top-column elementor-element elementor-element-5420d0a\" data-id=\"5420d0a\" data-element_type=\"column\" data-e-type=\"column\">\n\t\t\t<div class=\"elementor-widget-wrap elementor-element-populated\">\n\t\t\t\t\t\t<div class=\"elementor-element elementor-element-0b764a2 elementor-widget elementor-widget-image\" data-id=\"0b764a2\" data-element_type=\"widget\" data-e-type=\"widget\" data-widget_type=\"image.default\">\n\t\t\t\t<div class=\"elementor-widget-container\">\n\t\t\t\t\t\t\t\t\t\t\t\t\t\t\t<img loading=\"lazy\" decoding=\"async\" width=\"300\" height=\"225\" src=\"https:\/\/gallery-puzic.com\/wp-content\/uploads\/2024\/09\/Kunst-fuer-Kunst2-300x225.jpg\" class=\"attachment-medium size-medium wp-image-4821\" alt=\"\" srcset=\"https:\/\/gallery-puzic.com\/wp-content\/uploads\/2024\/09\/Kunst-fuer-Kunst2-300x225.jpg 300w, https:\/\/gallery-puzic.com\/wp-content\/uploads\/2024\/09\/Kunst-fuer-Kunst2-1024x768.jpg 1024w, https:\/\/gallery-puzic.com\/wp-content\/uploads\/2024\/09\/Kunst-fuer-Kunst2-768x576.jpg 768w, https:\/\/gallery-puzic.com\/wp-content\/uploads\/2024\/09\/Kunst-fuer-Kunst2-1536x1152.jpg 1536w, https:\/\/gallery-puzic.com\/wp-content\/uploads\/2024\/09\/Kunst-fuer-Kunst2-2048x1536.jpg 2048w, https:\/\/gallery-puzic.com\/wp-content\/uploads\/2024\/09\/Kunst-fuer-Kunst2-16x12.jpg 16w\" sizes=\"(max-width: 300px) 100vw, 300px\" \/>\t\t\t\t\t\t\t\t\t\t\t\t\t\t\t<\/div>\n\t\t\t\t<\/div>\n\t\t\t\t\t<\/div>\n\t\t<\/div>\n\t\t\t\t<div class=\"elementor-column elementor-col-50 elementor-top-column elementor-element elementor-element-3e187f5\" data-id=\"3e187f5\" data-element_type=\"column\" data-e-type=\"column\">\n\t\t\t<div class=\"elementor-widget-wrap elementor-element-populated\">\n\t\t\t\t\t\t<div class=\"elementor-element elementor-element-7b910c0 elementor-widget elementor-widget-image\" data-id=\"7b910c0\" data-element_type=\"widget\" data-e-type=\"widget\" data-widget_type=\"image.default\">\n\t\t\t\t<div class=\"elementor-widget-container\">\n\t\t\t\t\t\t\t\t\t\t\t\t\t\t\t<img loading=\"lazy\" decoding=\"async\" width=\"300\" height=\"225\" src=\"https:\/\/gallery-puzic.com\/wp-content\/uploads\/2025\/04\/Ava-and-Martin-Koeppel-300x225.jpg\" class=\"attachment-medium size-medium wp-image-6737\" alt=\"\" srcset=\"https:\/\/gallery-puzic.com\/wp-content\/uploads\/2025\/04\/Ava-and-Martin-Koeppel-300x225.jpg 300w, https:\/\/gallery-puzic.com\/wp-content\/uploads\/2025\/04\/Ava-and-Martin-Koeppel-1024x768.jpg 1024w, https:\/\/gallery-puzic.com\/wp-content\/uploads\/2025\/04\/Ava-and-Martin-Koeppel-768x576.jpg 768w, https:\/\/gallery-puzic.com\/wp-content\/uploads\/2025\/04\/Ava-and-Martin-Koeppel-1536x1152.jpg 1536w, https:\/\/gallery-puzic.com\/wp-content\/uploads\/2025\/04\/Ava-and-Martin-Koeppel-2048x1536.jpg 2048w, https:\/\/gallery-puzic.com\/wp-content\/uploads\/2025\/04\/Ava-and-Martin-Koeppel-16x12.jpg 16w\" sizes=\"(max-width: 300px) 100vw, 300px\" \/>\t\t\t\t\t\t\t\t\t\t\t\t\t\t\t<\/div>\n\t\t\t\t<\/div>\n\t\t\t\t\t<\/div>\n\t\t<\/div>\n\t\t\t\t\t<\/div>\n\t\t<\/section>\n\t\t\t\t<section class=\"elementor-section elementor-top-section elementor-element elementor-element-d2bad47 elementor-section-boxed elementor-section-height-default elementor-section-height-default\" data-id=\"d2bad47\" data-element_type=\"section\" data-e-type=\"section\">\n\t\t\t\t\t\t<div class=\"elementor-container elementor-column-gap-default\">\n\t\t\t\t\t<div class=\"elementor-column elementor-col-100 elementor-top-column elementor-element elementor-element-c8773e7\" data-id=\"c8773e7\" data-element_type=\"column\" data-e-type=\"column\">\n\t\t\t<div class=\"elementor-widget-wrap elementor-element-populated\">\n\t\t\t\t\t\t<div class=\"elementor-element elementor-element-ec179d7 elementor-widget elementor-widget-text-editor\" data-id=\"ec179d7\" data-element_type=\"widget\" data-e-type=\"widget\" data-widget_type=\"text-editor.default\">\n\t\t\t\t<div class=\"elementor-widget-container\">\n\t\t\t\t\t\t\t\t\t<p>Im September 2024, zum Beispiel, er\u00f6ffnete eine Sonderausstellung mit u\u0308ber 80 Werken von Esad Puzic\u0301, aus einer 32-j\u00e4hrigen ku\u0308nstlerischen Schaffensperiode, verbunden mir einen kleinen Feier zu Ehren unseres Galeristen, der seine Diplomarbeit an der Europ\u00e4ischen Kunstakademie Trier erfolgreich abgeschlossen hatte.<\/p><p>Zur Zeit ist eine Collage aus vielen unterschiedlichen K\u00fcnstlerpraktiken zu sehen: <strong>Viele Gr\u00fcnde 2.<\/strong><\/p><p>Mit Gr\u00fcnden sind Motivationen gemeint &#8211; kommen Sie und kaufen Sie ein Kunstwerk, damit unterst\u00fctzen Sie n\u00e4mlich unsere Plattform wie auch die Existenz der Kunstschaffenden.\u00a0\u00a0<\/p><p>Die n\u00e4chste \u00f6ffentliche Darstellung einer Reihe unserer K\u00fcnstler*innen, zusammen mit der Premiere einer neuen Skulpturen-Installation (<em>Mimesis III<\/em>)\u00a0 des preisgekr\u00f6nten luxemburgischen Bildhauers Pit Molling, findet am 1. Mai 2025 statt, w\u00e4hrend der Feier der Hoffeste (Mainzer Strasse) von 12:oo bis 20:00 Uhr.<\/p>\t\t\t\t\t\t\t\t<\/div>\n\t\t\t\t<\/div>\n\t\t\t\t\t<\/div>\n\t\t<\/div>\n\t\t\t\t\t<\/div>\n\t\t<\/section>\n\t\t\t\t<section class=\"elementor-section elementor-top-section elementor-element elementor-element-476ea62 elementor-section-boxed elementor-section-height-default elementor-section-height-default\" data-id=\"476ea62\" data-element_type=\"section\" data-e-type=\"section\">\n\t\t\t\t\t\t<div class=\"elementor-container elementor-column-gap-default\">\n\t\t\t\t\t<div class=\"elementor-column elementor-col-100 elementor-top-column elementor-element elementor-element-2de7bd8\" data-id=\"2de7bd8\" data-element_type=\"column\" data-e-type=\"column\">\n\t\t\t<div class=\"elementor-widget-wrap elementor-element-populated\">\n\t\t\t\t\t\t<div class=\"elementor-element elementor-element-5367d54 elementor-widget elementor-widget-spacer\" data-id=\"5367d54\" data-element_type=\"widget\" data-e-type=\"widget\" data-widget_type=\"spacer.default\">\n\t\t\t\t<div class=\"elementor-widget-container\">\n\t\t\t\t\t\t\t<div class=\"elementor-spacer\">\n\t\t\t<div class=\"elementor-spacer-inner\"><\/div>\n\t\t<\/div>\n\t\t\t\t\t\t<\/div>\n\t\t\t\t<\/div>\n\t\t\t\t<div class=\"elementor-element elementor-element-d738fc7 elementor-widget elementor-widget-spacer\" data-id=\"d738fc7\" data-element_type=\"widget\" data-e-type=\"widget\" data-widget_type=\"spacer.default\">\n\t\t\t\t<div class=\"elementor-widget-container\">\n\t\t\t\t\t\t\t<div class=\"elementor-spacer\">\n\t\t\t<div class=\"elementor-spacer-inner\"><\/div>\n\t\t<\/div>\n\t\t\t\t\t\t<\/div>\n\t\t\t\t<\/div>\n\t\t\t\t\t<\/div>\n\t\t<\/div>\n\t\t\t\t\t<\/div>\n\t\t<\/section>\n\t\t\t\t<section class=\"elementor-section elementor-top-section elementor-element elementor-element-b3a0814 elementor-section-boxed elementor-section-height-default elementor-section-height-default\" data-id=\"b3a0814\" data-element_type=\"section\" data-e-type=\"section\">\n\t\t\t\t\t\t<div class=\"elementor-container elementor-column-gap-default\">\n\t\t\t\t\t<div class=\"elementor-column elementor-col-50 elementor-top-column elementor-element elementor-element-de010a0\" data-id=\"de010a0\" data-element_type=\"column\" data-e-type=\"column\">\n\t\t\t<div class=\"elementor-widget-wrap\">\n\t\t\t\t\t\t\t<\/div>\n\t\t<\/div>\n\t\t\t\t<div class=\"elementor-column elementor-col-50 elementor-top-column elementor-element elementor-element-eda0497\" data-id=\"eda0497\" data-element_type=\"column\" data-e-type=\"column\">\n\t\t\t<div class=\"elementor-widget-wrap\">\n\t\t\t\t\t\t\t<\/div>\n\t\t<\/div>\n\t\t\t\t\t<\/div>\n\t\t<\/section>\n\t\t\t\t<section class=\"elementor-section elementor-top-section elementor-element elementor-element-e5d0af6 elementor-section-boxed elementor-section-height-default elementor-section-height-default\" data-id=\"e5d0af6\" data-element_type=\"section\" data-e-type=\"section\">\n\t\t\t\t\t\t<div class=\"elementor-container elementor-column-gap-default\">\n\t\t\t\t\t<div class=\"elementor-column elementor-col-33 elementor-top-column elementor-element elementor-element-ac48301\" data-id=\"ac48301\" data-element_type=\"column\" data-e-type=\"column\">\n\t\t\t<div class=\"elementor-widget-wrap elementor-element-populated\">\n\t\t\t\t\t\t<div class=\"elementor-element elementor-element-353fa76 elementor-widget elementor-widget-text-editor\" data-id=\"353fa76\" data-element_type=\"widget\" data-e-type=\"widget\" data-widget_type=\"text-editor.default\">\n\t\t\t\t<div class=\"elementor-widget-container\">\n\t\t\t\t\t\t\t\t\t<p><strong>\u00d6FFNUNGSZEITEN \/ Gallery\u00a0<\/strong><b>Puzic\u0301<\/b><\/p><p>Montag\u00a0 \u00a0 \u00a0 \u00a0 \u00a0 \u00a0 \u00a0 <i>geschlossen<\/i><br \/>Dienstag\u00a0 \u00a0 \u00a0 \u00a0 \u00a0 \u00a0 15:00 \u2013 18:00<br \/>Mittwoch\u00a0 \u00a0 \u00a0 \u00a0 \u00a0 \u00a012:00 \u2013 15:00<br \/>Donnerstag\u00a0 \u00a0 \u00a0 12:00 \u2013 18:00<br \/>Freitag\u00a0 \u00a0 \u00a0 \u00a0 \u00a0 \u00a0 \u00a0 12:00 \u2013 15:00<br \/>Samstag\u00a0 \u00a0 \u00a0 \u00a0 \u00a0 12:00 \u2013 15:00<br \/>Sonntag\u00a0 \u00a0 \u00a0 \u00a0 \u00a0 <i>geschlossen<\/i><\/p><p class=\"MsoNormal\" style=\"margin: 0.1pt 0in; font-size: 12pt; font-family: 'Times New Roman'; color: #000000; background-image: initial; background-position: initial; background-size: initial; background-repeat: initial; background-attachment: initial; background-origin: initial; background-clip: initial;\"><span style=\"font-family: Helvetica;\"><span style=\"font-size: 16.6667px;\"><i>Pop-up Galerie\u00a0<\/i><\/span><\/span><\/p><p>Nach Vereinbarung<\/p>\t\t\t\t\t\t\t\t<\/div>\n\t\t\t\t<\/div>\n\t\t\t\t\t<\/div>\n\t\t<\/div>\n\t\t\t\t<div class=\"elementor-column elementor-col-33 elementor-top-column elementor-element elementor-element-da08313\" data-id=\"da08313\" data-element_type=\"column\" data-e-type=\"column\">\n\t\t\t<div class=\"elementor-widget-wrap elementor-element-populated\">\n\t\t\t\t\t\t<div class=\"elementor-element elementor-element-9343d19 elementor-widget elementor-widget-text-editor\" data-id=\"9343d19\" data-element_type=\"widget\" data-e-type=\"widget\" data-widget_type=\"text-editor.default\">\n\t\t\t\t<div class=\"elementor-widget-container\">\n\t\t\t\t\t\t\t\t\t<p><strong>ADRESSE<\/strong><\/p><p>Johannisstra\u00dfe 3A<br \/>66111 Saarbr\u00fccken<\/p><p>Pop-up Galerie<\/p><p>Mainzer Strasse 23<\/p><p>66121 Saarbr\u00fccken<\/p>\t\t\t\t\t\t\t\t<\/div>\n\t\t\t\t<\/div>\n\t\t\t\t\t<\/div>\n\t\t<\/div>\n\t\t\t\t<div class=\"elementor-column elementor-col-33 elementor-top-column elementor-element elementor-element-d7aa0e4\" data-id=\"d7aa0e4\" data-element_type=\"column\" data-e-type=\"column\">\n\t\t\t<div class=\"elementor-widget-wrap elementor-element-populated\">\n\t\t\t\t\t\t<div class=\"elementor-element elementor-element-ac78205 elementor-widget elementor-widget-text-editor\" data-id=\"ac78205\" data-element_type=\"widget\" data-e-type=\"widget\" data-widget_type=\"text-editor.default\">\n\t\t\t\t<div class=\"elementor-widget-container\">\n\t\t\t\t\t\t\t\t\t<p><strong>KONTAKT<\/strong><\/p><p>ESAD PUZI\u0106<br \/>Tel.: +49 157 38317499<br \/>E-Mail: info@gallery-puzic.com<\/p><p>\u00a0<\/p>\t\t\t\t\t\t\t\t<\/div>\n\t\t\t\t<\/div>\n\t\t\t\t\t<\/div>\n\t\t<\/div>\n\t\t\t\t\t<\/div>\n\t\t<\/section>\n\t\t\t\t<\/div>","protected":false},"excerpt":{"rendered":"<p>POP UP GALLERY MAINZER STRASSE 23 \/ ECKE ROSENSTRASSE66121 SAARBR\u00dcCKEN Der neue Pop Up Raum der Gallery Puzic\u0301 in the Mainzerstrasse er\u00f6ffnete im Fr\u00fchjahr 2024 mit grossem \u00dcberraschungseffekt. Pl\u00f6tzlich war sie da, und w\u00e4hrend in der Hauptgalerie (Johannisstrasse 3a) weiterhin das Programm grosser Ausstellungen l\u00e4uft, hat sich die Mainzerstrasse-Filiale ein eigenes Profil erarbeitet, mit kurzweiligen [&hellip;]<\/p>\n","protected":false},"author":1,"featured_media":0,"parent":0,"menu_order":0,"comment_status":"closed","ping_status":"closed","template":"","meta":{"footnotes":""},"class_list":["post-6868","page","type-page","status-publish","hentry"],"_links":{"self":[{"href":"https:\/\/gallery-puzic.com\/en\/wp-json\/wp\/v2\/pages\/6868","targetHints":{"allow":["GET"]}}],"collection":[{"href":"https:\/\/gallery-puzic.com\/en\/wp-json\/wp\/v2\/pages"}],"about":[{"href":"https:\/\/gallery-puzic.com\/en\/wp-json\/wp\/v2\/types\/page"}],"author":[{"embeddable":true,"href":"https:\/\/gallery-puzic.com\/en\/wp-json\/wp\/v2\/users\/1"}],"replies":[{"embeddable":true,"href":"https:\/\/gallery-puzic.com\/en\/wp-json\/wp\/v2\/comments?post=6868"}],"version-history":[{"count":35,"href":"https:\/\/gallery-puzic.com\/en\/wp-json\/wp\/v2\/pages\/6868\/revisions"}],"predecessor-version":[{"id":6951,"href":"https:\/\/gallery-puzic.com\/en\/wp-json\/wp\/v2\/pages\/6868\/revisions\/6951"}],"wp:attachment":[{"href":"https:\/\/gallery-puzic.com\/en\/wp-json\/wp\/v2\/media?parent=6868"}],"curies":[{"name":"wp","href":"https:\/\/api.w.org\/{rel}","templated":true}]}}