{"id":6773,"date":"2025-04-16T14:36:29","date_gmt":"2025-04-16T14:36:29","guid":{"rendered":"https:\/\/gallery-puzic.com\/?page_id=6773"},"modified":"2025-05-29T17:03:06","modified_gmt":"2025-05-29T17:03:06","slug":"krieg-oder-frieden","status":"publish","type":"page","link":"https:\/\/gallery-puzic.com\/en\/krieg-oder-frieden\/","title":{"rendered":"Krieg oder Frieden"},"content":{"rendered":"<div data-elementor-type=\"wp-page\" data-elementor-id=\"6773\" class=\"elementor elementor-6773\">\n\t\t\t\t\t\t<section class=\"elementor-section elementor-top-section elementor-element elementor-element-103c162 elementor-section-boxed elementor-section-height-default elementor-section-height-default\" data-id=\"103c162\" data-element_type=\"section\" data-e-type=\"section\">\n\t\t\t\t\t\t<div class=\"elementor-container elementor-column-gap-default\">\n\t\t\t\t\t<div class=\"elementor-column elementor-col-100 elementor-top-column elementor-element elementor-element-01fcfa3\" data-id=\"01fcfa3\" data-element_type=\"column\" data-e-type=\"column\">\n\t\t\t<div class=\"elementor-widget-wrap elementor-element-populated\">\n\t\t\t\t\t\t<div class=\"elementor-element elementor-element-4daebe8 elementor-widget elementor-widget-text-editor\" data-id=\"4daebe8\" data-element_type=\"widget\" data-e-type=\"widget\" data-widget_type=\"text-editor.default\">\n\t\t\t\t<div class=\"elementor-widget-container\">\n\t\t\t\t\t\t\t\t\t<h3>Jetzige Ausstellung\u00a0 \/ Ank\u00fcndigung: Diskussionsabend<\/h3>\t\t\t\t\t\t\t\t<\/div>\n\t\t\t\t<\/div>\n\t\t\t\t\t<\/div>\n\t\t<\/div>\n\t\t\t\t\t<\/div>\n\t\t<\/section>\n\t\t\t\t<section class=\"elementor-section elementor-top-section elementor-element elementor-element-bd148de elementor-section-boxed elementor-section-height-default elementor-section-height-default\" data-id=\"bd148de\" data-element_type=\"section\" data-e-type=\"section\">\n\t\t\t\t\t\t<div class=\"elementor-container elementor-column-gap-default\">\n\t\t\t\t\t<div class=\"elementor-column elementor-col-100 elementor-top-column elementor-element elementor-element-d99a155\" data-id=\"d99a155\" data-element_type=\"column\" data-e-type=\"column\">\n\t\t\t<div class=\"elementor-widget-wrap elementor-element-populated\">\n\t\t\t\t\t\t<div class=\"elementor-element elementor-element-f7fdf1e elementor-widget elementor-widget-spacer\" data-id=\"f7fdf1e\" data-element_type=\"widget\" data-e-type=\"widget\" data-widget_type=\"spacer.default\">\n\t\t\t\t<div class=\"elementor-widget-container\">\n\t\t\t\t\t\t\t<div class=\"elementor-spacer\">\n\t\t\t<div class=\"elementor-spacer-inner\"><\/div>\n\t\t<\/div>\n\t\t\t\t\t\t<\/div>\n\t\t\t\t<\/div>\n\t\t\t\t\t<\/div>\n\t\t<\/div>\n\t\t\t\t\t<\/div>\n\t\t<\/section>\n\t\t\t\t<section class=\"elementor-section elementor-top-section elementor-element elementor-element-d5255ab elementor-section-boxed elementor-section-height-default elementor-section-height-default\" data-id=\"d5255ab\" data-element_type=\"section\" data-e-type=\"section\">\n\t\t\t\t\t\t<div class=\"elementor-container elementor-column-gap-default\">\n\t\t\t\t\t<div class=\"elementor-column elementor-col-100 elementor-top-column elementor-element elementor-element-473aa19\" data-id=\"473aa19\" data-element_type=\"column\" data-e-type=\"column\">\n\t\t\t<div class=\"elementor-widget-wrap elementor-element-populated\">\n\t\t\t\t\t\t<div class=\"elementor-element elementor-element-78be2fb elementor-widget elementor-widget-heading\" data-id=\"78be2fb\" data-element_type=\"widget\" data-e-type=\"widget\" data-widget_type=\"heading.default\">\n\t\t\t\t<div class=\"elementor-widget-container\">\n\t\t\t\t\t<h2 class=\"elementor-heading-title elementor-size-default\">Vorher und Nachher \/ Krieg oder Frieden<\/h2>\t\t\t\t<\/div>\n\t\t\t\t<\/div>\n\t\t\t\t\t<\/div>\n\t\t<\/div>\n\t\t\t\t\t<\/div>\n\t\t<\/section>\n\t\t\t\t<section class=\"elementor-section elementor-top-section elementor-element elementor-element-1c2edbf elementor-section-boxed elementor-section-height-default elementor-section-height-default\" data-id=\"1c2edbf\" data-element_type=\"section\" data-e-type=\"section\">\n\t\t\t\t\t\t<div class=\"elementor-container elementor-column-gap-default\">\n\t\t\t\t\t<div class=\"elementor-column elementor-col-25 elementor-top-column elementor-element elementor-element-fc85d11\" data-id=\"fc85d11\" data-element_type=\"column\" data-e-type=\"column\">\n\t\t\t<div class=\"elementor-widget-wrap\">\n\t\t\t\t\t\t\t<\/div>\n\t\t<\/div>\n\t\t\t\t<div class=\"elementor-column elementor-col-25 elementor-top-column elementor-element elementor-element-41463ed\" data-id=\"41463ed\" data-element_type=\"column\" data-e-type=\"column\">\n\t\t\t<div class=\"elementor-widget-wrap elementor-element-populated\">\n\t\t\t\t\t\t<div class=\"elementor-element elementor-element-b22d958 elementor-widget elementor-widget-image\" data-id=\"b22d958\" data-element_type=\"widget\" data-e-type=\"widget\" data-widget_type=\"image.default\">\n\t\t\t\t<div class=\"elementor-widget-container\">\n\t\t\t\t\t\t\t\t\t\t\t\t\t\t\t<img decoding=\"async\" width=\"150\" height=\"150\" src=\"https:\/\/gallery-puzic.com\/wp-content\/uploads\/2025\/05\/Vedran-Smailovic-in-Natl-Library-bw-150x150.png\" class=\"attachment-thumbnail size-thumbnail wp-image-6983\" alt=\"\" \/>\t\t\t\t\t\t\t\t\t\t\t\t\t\t\t<\/div>\n\t\t\t\t<\/div>\n\t\t\t\t\t<\/div>\n\t\t<\/div>\n\t\t\t\t<div class=\"elementor-column elementor-col-25 elementor-top-column elementor-element elementor-element-cf7813b\" data-id=\"cf7813b\" data-element_type=\"column\" data-e-type=\"column\">\n\t\t\t<div class=\"elementor-widget-wrap elementor-element-populated\">\n\t\t\t\t\t\t<div class=\"elementor-element elementor-element-74b01be elementor-widget elementor-widget-image\" data-id=\"74b01be\" data-element_type=\"widget\" data-e-type=\"widget\" data-widget_type=\"image.default\">\n\t\t\t\t<div class=\"elementor-widget-container\">\n\t\t\t\t\t\t\t\t\t\t\t\t\t\t\t<img decoding=\"async\" width=\"150\" height=\"150\" src=\"https:\/\/gallery-puzic.com\/wp-content\/uploads\/2025\/05\/National-Library-150x150.png\" class=\"attachment-thumbnail size-thumbnail wp-image-6979\" alt=\"\" \/>\t\t\t\t\t\t\t\t\t\t\t\t\t\t\t<\/div>\n\t\t\t\t<\/div>\n\t\t\t\t\t<\/div>\n\t\t<\/div>\n\t\t\t\t<div class=\"elementor-column elementor-col-25 elementor-top-column elementor-element elementor-element-db7dc5d\" data-id=\"db7dc5d\" data-element_type=\"column\" data-e-type=\"column\">\n\t\t\t<div class=\"elementor-widget-wrap\">\n\t\t\t\t\t\t\t<\/div>\n\t\t<\/div>\n\t\t\t\t\t<\/div>\n\t\t<\/section>\n\t\t\t\t<section class=\"elementor-section elementor-top-section elementor-element elementor-element-5f554a2 elementor-section-boxed elementor-section-height-default elementor-section-height-default\" data-id=\"5f554a2\" data-element_type=\"section\" data-e-type=\"section\">\n\t\t\t\t\t\t<div class=\"elementor-container elementor-column-gap-default\">\n\t\t\t\t\t<div class=\"elementor-column elementor-col-100 elementor-top-column elementor-element elementor-element-5cfa04f\" data-id=\"5cfa04f\" data-element_type=\"column\" data-e-type=\"column\">\n\t\t\t<div class=\"elementor-widget-wrap elementor-element-populated\">\n\t\t\t\t\t\t<div class=\"elementor-element elementor-element-79cb743 elementor-widget elementor-widget-text-editor\" data-id=\"79cb743\" data-element_type=\"widget\" data-e-type=\"widget\" data-widget_type=\"text-editor.default\">\n\t\t\t\t<div class=\"elementor-widget-container\">\n\t\t\t\t\t\t\t\t\t<p><em>\u00a0 cellist Vedran Smailovic\u0301 in destroyed National Library, 1992. Photo: Mikhail Evstafiev \/\/ National Library after reconstruction 2014. Photo: archive.<\/em><\/p>\t\t\t\t\t\t\t\t<\/div>\n\t\t\t\t<\/div>\n\t\t\t\t\t<\/div>\n\t\t<\/div>\n\t\t\t\t\t<\/div>\n\t\t<\/section>\n\t\t\t\t<section class=\"elementor-section elementor-top-section elementor-element elementor-element-b177254 elementor-section-boxed elementor-section-height-default elementor-section-height-default\" data-id=\"b177254\" data-element_type=\"section\" data-e-type=\"section\">\n\t\t\t\t\t\t<div class=\"elementor-container elementor-column-gap-default\">\n\t\t\t\t\t<div class=\"elementor-column elementor-col-100 elementor-top-column elementor-element elementor-element-4d8ccce\" data-id=\"4d8ccce\" data-element_type=\"column\" data-e-type=\"column\">\n\t\t\t<div class=\"elementor-widget-wrap elementor-element-populated\">\n\t\t\t\t\t\t<div class=\"elementor-element elementor-element-2a6084b elementor-widget elementor-widget-text-editor\" data-id=\"2a6084b\" data-element_type=\"widget\" data-e-type=\"widget\" data-widget_type=\"text-editor.default\">\n\t\t\t\t<div class=\"elementor-widget-container\">\n\t\t\t\t\t\t\t\t\t<p><strong>Dauer der Ausstellung: 13.05. \u2013 26.6.2025<\/strong><\/p><p>Johannisstrasse 3A, 66111 Saarbr\u00fccken\u00a0<\/p><p>Curator: Esad Puzic\u0301\u00a0 \u00a0<\/p><p><a href=\"https:\/\/vimeo.com\/1088819631\">WATCH FILM TRAILER<\/a><\/p>\t\t\t\t\t\t\t\t<\/div>\n\t\t\t\t<\/div>\n\t\t\t\t\t<\/div>\n\t\t<\/div>\n\t\t\t\t\t<\/div>\n\t\t<\/section>\n\t\t\t\t<section class=\"elementor-section elementor-top-section elementor-element elementor-element-c210a0b elementor-section-boxed elementor-section-height-default elementor-section-height-default\" data-id=\"c210a0b\" data-element_type=\"section\" data-e-type=\"section\">\n\t\t\t\t\t\t<div class=\"elementor-container elementor-column-gap-default\">\n\t\t\t\t\t<div class=\"elementor-column elementor-col-100 elementor-top-column elementor-element elementor-element-1c5991f\" data-id=\"1c5991f\" data-element_type=\"column\" data-e-type=\"column\">\n\t\t\t<div class=\"elementor-widget-wrap elementor-element-populated\">\n\t\t\t\t\t\t<div class=\"elementor-element elementor-element-b960bea elementor-widget elementor-widget-text-editor\" data-id=\"b960bea\" data-element_type=\"widget\" data-e-type=\"widget\" data-widget_type=\"text-editor.default\">\n\t\t\t\t<div class=\"elementor-widget-container\">\n\t\t\t\t\t\t\t\t\t<p>Eine brisante Ausstellung der Gallery Puzi\u0107 besch\u00e4ftigt sich mit dem gegenw\u00e4rtigen und vergangenen Wahnsinn in unserer Welt, der M\u00f6glichkeit eines unver\u00e4ndert aktuellen Grauens, immer wieder ausgel\u00f6st durch milit\u00e4rische Konflikte oder B\u00fcrgerkriege, geschuldet auch dem universellen Versagen der Menschheit, Entw\u00fcrfe der Mitbestimmung und des Miteinanders zu finden, die dazu f\u00fchren, dass die Erdengesellschaft Krieg und Zerst\u00f6rung verlernt.<\/p><p>In einem radikal reduzierten Arrangement, kuratiert von Esad Puzic\u0301, wird eine stille dokumentarische Serie von\u00a0 Fotografien gezeigt, die das Thema der Zerst\u00f6rung von Leben und Infrastruktur aufgreifen (Sarajevo, Ukraine, Gaza, Aleppo, Sudan). Auch die zerst\u00f6rte Altstadt von Saarbru\u0308cken (1942-1945) wird durch eine Recherche des Fotografen Andr\u00e9 Mail\u00e4nder untersucht.<\/p><p><img decoding=\"async\" class=\"aligncenter size-medium wp-image-6962\" src=\"https:\/\/gallery-puzic.com\/wp-content\/uploads\/2025\/05\/Vorher_Nachher_SB-Hauptbahnhof-300x139.jpg\" alt=\"\" width=\"300\" height=\"139\" srcset=\"https:\/\/gallery-puzic.com\/wp-content\/uploads\/2025\/05\/Vorher_Nachher_SB-Hauptbahnhof-300x139.jpg 300w, https:\/\/gallery-puzic.com\/wp-content\/uploads\/2025\/05\/Vorher_Nachher_SB-Hauptbahnhof-1024x474.jpg 1024w, https:\/\/gallery-puzic.com\/wp-content\/uploads\/2025\/05\/Vorher_Nachher_SB-Hauptbahnhof-768x355.jpg 768w, https:\/\/gallery-puzic.com\/wp-content\/uploads\/2025\/05\/Vorher_Nachher_SB-Hauptbahnhof-1536x711.jpg 1536w, https:\/\/gallery-puzic.com\/wp-content\/uploads\/2025\/05\/Vorher_Nachher_SB-Hauptbahnhof-2048x948.jpg 2048w, https:\/\/gallery-puzic.com\/wp-content\/uploads\/2025\/05\/Vorher_Nachher_SB-Hauptbahnhof-18x8.jpg 18w\" sizes=\"(max-width: 300px) 100vw, 300px\" \/><img loading=\"lazy\" decoding=\"async\" class=\"aligncenter size-medium wp-image-6961\" src=\"https:\/\/gallery-puzic.com\/wp-content\/uploads\/2025\/05\/Sudan-pair-300x130.jpg\" alt=\"\" width=\"300\" height=\"130\" srcset=\"https:\/\/gallery-puzic.com\/wp-content\/uploads\/2025\/05\/Sudan-pair-300x130.jpg 300w, https:\/\/gallery-puzic.com\/wp-content\/uploads\/2025\/05\/Sudan-pair-1024x444.jpg 1024w, https:\/\/gallery-puzic.com\/wp-content\/uploads\/2025\/05\/Sudan-pair-768x333.jpg 768w, https:\/\/gallery-puzic.com\/wp-content\/uploads\/2025\/05\/Sudan-pair-1536x666.jpg 1536w, https:\/\/gallery-puzic.com\/wp-content\/uploads\/2025\/05\/Sudan-pair-2048x889.jpg 2048w, https:\/\/gallery-puzic.com\/wp-content\/uploads\/2025\/05\/Sudan-pair-18x8.jpg 18w\" sizes=\"(max-width: 300px) 100vw, 300px\" \/><img loading=\"lazy\" decoding=\"async\" class=\"aligncenter size-medium wp-image-6957\" src=\"https:\/\/gallery-puzic.com\/wp-content\/uploads\/2025\/05\/Donezk_Ukraine-300x134.jpg\" alt=\"\" width=\"300\" height=\"134\" srcset=\"https:\/\/gallery-puzic.com\/wp-content\/uploads\/2025\/05\/Donezk_Ukraine-300x134.jpg 300w, https:\/\/gallery-puzic.com\/wp-content\/uploads\/2025\/05\/Donezk_Ukraine-1024x459.jpg 1024w, https:\/\/gallery-puzic.com\/wp-content\/uploads\/2025\/05\/Donezk_Ukraine-768x344.jpg 768w, https:\/\/gallery-puzic.com\/wp-content\/uploads\/2025\/05\/Donezk_Ukraine-1536x688.jpg 1536w, https:\/\/gallery-puzic.com\/wp-content\/uploads\/2025\/05\/Donezk_Ukraine-2048x917.jpg 2048w, https:\/\/gallery-puzic.com\/wp-content\/uploads\/2025\/05\/Donezk_Ukraine-18x8.jpg 18w\" sizes=\"(max-width: 300px) 100vw, 300px\" \/><\/p><p>(oben: Saarbr\u00fccken 1944, Archivphoto\/A. Mail\u00e4nder; Mitte: Khartoum, Archivphotos; unten: Flughafen Donezk, Ukraine, Archivphotos)<\/p><p class=\"p1\">Surreal-expressionistische Gem\u00e4lde und Kurzfilme des kroatischen Fotografen und <span class=\"s1\">Malers <\/span>\u017deljko Jan\u010di\u0107 Zec erg\u00e4nzen dieses Projekt. Zec ist Tr\u00e4ger von verschiedenen internationalen Preisen fu\u0308r Experimentalfilm; seine Werke befinden sich in vielen Sammlungen weltweit.<\/p><p><strong>Dienstag, den<\/strong>\u00a0<strong>27. Mai, 19:00 Uhr<\/strong><\/p><p><img loading=\"lazy\" decoding=\"async\" class=\"aligncenter size-medium wp-image-7013\" src=\"https:\/\/gallery-puzic.com\/wp-content\/uploads\/2025\/05\/AntiFascim-Film-evening-1-300x225.jpg\" alt=\"\" width=\"300\" height=\"225\" srcset=\"https:\/\/gallery-puzic.com\/wp-content\/uploads\/2025\/05\/AntiFascim-Film-evening-1-300x225.jpg 300w, https:\/\/gallery-puzic.com\/wp-content\/uploads\/2025\/05\/AntiFascim-Film-evening-1-1024x768.jpg 1024w, https:\/\/gallery-puzic.com\/wp-content\/uploads\/2025\/05\/AntiFascim-Film-evening-1-768x576.jpg 768w, https:\/\/gallery-puzic.com\/wp-content\/uploads\/2025\/05\/AntiFascim-Film-evening-1-1536x1152.jpg 1536w, https:\/\/gallery-puzic.com\/wp-content\/uploads\/2025\/05\/AntiFascim-Film-evening-1-16x12.jpg 16w, https:\/\/gallery-puzic.com\/wp-content\/uploads\/2025\/05\/AntiFascim-Film-evening-1.jpg 2048w\" sizes=\"(max-width: 300px) 100vw, 300px\" \/><\/p><p>Im Zusammenhang mit unserer gegenw\u00e4rtigen Ausstellung &#8222;Vorher und Nachher \/ Krieg oder Frieden&#8220; findet eine Diskussion \u00fcber die Thematik der Ausstellung und die Notwendigkeit eines aktiven Antifaschismus statt.<strong>\u00a0<\/strong><\/p><p>Sie folgt Ausschnitten aus dem oscar-preisgekr\u00f6nten Dokumentarfilm <em>No Other Land\u00a0<\/em>(Regie: Basel Adra, Yuval Abraham) und einer Lesung aus Nenad Veli\u010dkovi\u0107s Roman\u00a0<em>Nachtg\u00e4ste,\u00a0<\/em>und Szczepan Twardochs neuem Buch\u00a0<em>Die Nulllinie<\/em>.<em> D<\/em>ie Autorin Natascha Denner wird zwei ihrer neuen Texte \u00fcber den Krieg lesen. Ausserdem begr\u00fcssen wir\u00a0 Co-Moderatorin Uschi Schmidt Lenhard, sowie den an der Ausstellung massgeblich beteiligten Fotografen Andr\u00e9 Mail\u00e4nder.<\/p><p>Ein vorbereitender Essay von Johannes Birringer ist <a href=\"https:\/\/gallery-puzic.com\/wp-content\/uploads\/2025\/05\/Essay_-Before-and-after_-War-or-Peace.pdf\">hier<\/a><\/p><p>Wir d\u00fcrfen Sie herzlich einladen und freuen uns auf Ihren Besuch.<\/p><p><strong>Gallery\u00a0Puzic\u0301<\/strong><\/p><p><strong>Johannis Strasse 3a,\u00a0 66111 Saarb\u00fccken<\/strong><\/p>\t\t\t\t\t\t\t\t<\/div>\n\t\t\t\t<\/div>\n\t\t\t\t\t<\/div>\n\t\t<\/div>\n\t\t\t\t\t<\/div>\n\t\t<\/section>\n\t\t\t\t<section class=\"elementor-section elementor-top-section elementor-element elementor-element-87cbbde elementor-section-boxed elementor-section-height-default elementor-section-height-default\" data-id=\"87cbbde\" data-element_type=\"section\" data-e-type=\"section\">\n\t\t\t\t\t\t<div class=\"elementor-container elementor-column-gap-default\">\n\t\t\t\t\t<div class=\"elementor-column elementor-col-100 elementor-top-column elementor-element elementor-element-b406fab\" data-id=\"b406fab\" data-element_type=\"column\" data-e-type=\"column\">\n\t\t\t<div class=\"elementor-widget-wrap elementor-element-populated\">\n\t\t\t\t\t\t<div class=\"elementor-element elementor-element-d5095f3 elementor-widget elementor-widget-spacer\" data-id=\"d5095f3\" data-element_type=\"widget\" data-e-type=\"widget\" data-widget_type=\"spacer.default\">\n\t\t\t\t<div class=\"elementor-widget-container\">\n\t\t\t\t\t\t\t<div class=\"elementor-spacer\">\n\t\t\t<div class=\"elementor-spacer-inner\"><\/div>\n\t\t<\/div>\n\t\t\t\t\t\t<\/div>\n\t\t\t\t<\/div>\n\t\t\t\t\t<\/div>\n\t\t<\/div>\n\t\t\t\t\t<\/div>\n\t\t<\/section>\n\t\t\t\t<section class=\"elementor-section elementor-top-section elementor-element elementor-element-d1808ff elementor-section-boxed elementor-section-height-default elementor-section-height-default\" data-id=\"d1808ff\" data-element_type=\"section\" data-e-type=\"section\">\n\t\t\t\t\t\t<div class=\"elementor-container elementor-column-gap-default\">\n\t\t\t\t\t<div class=\"elementor-column elementor-col-100 elementor-top-column elementor-element elementor-element-30a7286\" data-id=\"30a7286\" data-element_type=\"column\" data-e-type=\"column\">\n\t\t\t<div class=\"elementor-widget-wrap elementor-element-populated\">\n\t\t\t\t\t\t<div class=\"elementor-element elementor-element-bebf7c4 elementor-widget-divider--view-line elementor-widget elementor-widget-divider\" data-id=\"bebf7c4\" data-element_type=\"widget\" data-e-type=\"widget\" data-widget_type=\"divider.default\">\n\t\t\t\t<div class=\"elementor-widget-container\">\n\t\t\t\t\t\t\t<div class=\"elementor-divider\">\n\t\t\t<span class=\"elementor-divider-separator\">\n\t\t\t\t\t\t<\/span>\n\t\t<\/div>\n\t\t\t\t\t\t<\/div>\n\t\t\t\t<\/div>\n\t\t\t\t\t<\/div>\n\t\t<\/div>\n\t\t\t\t\t<\/div>\n\t\t<\/section>\n\t\t\t\t<section class=\"elementor-section elementor-top-section elementor-element elementor-element-1afa759 elementor-section-boxed elementor-section-height-default elementor-section-height-default\" data-id=\"1afa759\" data-element_type=\"section\" data-e-type=\"section\">\n\t\t\t\t\t\t<div class=\"elementor-container elementor-column-gap-default\">\n\t\t\t\t\t<div class=\"elementor-column elementor-col-100 elementor-top-column elementor-element elementor-element-f138d4b\" data-id=\"f138d4b\" data-element_type=\"column\" data-e-type=\"column\">\n\t\t\t<div class=\"elementor-widget-wrap elementor-element-populated\">\n\t\t\t\t\t\t<div class=\"elementor-element elementor-element-0af4f75 elementor-widget elementor-widget-spacer\" data-id=\"0af4f75\" data-element_type=\"widget\" data-e-type=\"widget\" data-widget_type=\"spacer.default\">\n\t\t\t\t<div class=\"elementor-widget-container\">\n\t\t\t\t\t\t\t<div class=\"elementor-spacer\">\n\t\t\t<div class=\"elementor-spacer-inner\"><\/div>\n\t\t<\/div>\n\t\t\t\t\t\t<\/div>\n\t\t\t\t<\/div>\n\t\t\t\t\t<\/div>\n\t\t<\/div>\n\t\t\t\t\t<\/div>\n\t\t<\/section>\n\t\t\t\t<\/div>","protected":false},"excerpt":{"rendered":"<p>Jetzige Ausstellung\u00a0 \/ Ank\u00fcndigung: Diskussionsabend Vorher und Nachher \/ Krieg oder Frieden \u00a0 cellist Vedran Smailovic\u0301 in destroyed National Library, 1992. Photo: Mikhail Evstafiev \/\/ National Library after reconstruction 2014. Photo: archive. Dauer der Ausstellung: 13.05. \u2013 26.6.2025 Johannisstrasse 3A, 66111 Saarbr\u00fccken\u00a0 Kurator: Esad Puzic\u0301\u00a0 \u00a0 WATCH FILM TRAILER Eine brisante Ausstellung der Gallery Puzi\u0107 [&hellip;]<\/p>\n","protected":false},"author":2,"featured_media":0,"parent":0,"menu_order":0,"comment_status":"closed","ping_status":"closed","template":"","meta":{"footnotes":""},"class_list":["post-6773","page","type-page","status-publish","hentry"],"_links":{"self":[{"href":"https:\/\/gallery-puzic.com\/en\/wp-json\/wp\/v2\/pages\/6773","targetHints":{"allow":["GET"]}}],"collection":[{"href":"https:\/\/gallery-puzic.com\/en\/wp-json\/wp\/v2\/pages"}],"about":[{"href":"https:\/\/gallery-puzic.com\/en\/wp-json\/wp\/v2\/types\/page"}],"author":[{"embeddable":true,"href":"https:\/\/gallery-puzic.com\/en\/wp-json\/wp\/v2\/users\/2"}],"replies":[{"embeddable":true,"href":"https:\/\/gallery-puzic.com\/en\/wp-json\/wp\/v2\/comments?post=6773"}],"version-history":[{"count":97,"href":"https:\/\/gallery-puzic.com\/en\/wp-json\/wp\/v2\/pages\/6773\/revisions"}],"predecessor-version":[{"id":7025,"href":"https:\/\/gallery-puzic.com\/en\/wp-json\/wp\/v2\/pages\/6773\/revisions\/7025"}],"wp:attachment":[{"href":"https:\/\/gallery-puzic.com\/en\/wp-json\/wp\/v2\/media?parent=6773"}],"curies":[{"name":"wp","href":"https:\/\/api.w.org\/{rel}","templated":true}]}}