{"id":6675,"date":"2025-04-01T18:31:47","date_gmt":"2025-04-01T18:31:47","guid":{"rendered":"https:\/\/gallery-puzic.com\/?page_id=6675"},"modified":"2025-04-22T19:40:34","modified_gmt":"2025-04-22T19:40:34","slug":"atelier-konzerte","status":"publish","type":"page","link":"https:\/\/gallery-puzic.com\/en\/atelier-konzerte\/","title":{"rendered":"Atelier Konzerte"},"content":{"rendered":"<div data-elementor-type=\"wp-page\" data-elementor-id=\"6675\" class=\"elementor elementor-6675\">\n\t\t\t\t\t\t<section class=\"elementor-section elementor-top-section elementor-element elementor-element-395aa96 elementor-section-boxed elementor-section-height-default elementor-section-height-default\" data-id=\"395aa96\" data-element_type=\"section\" data-e-type=\"section\">\n\t\t\t\t\t\t<div class=\"elementor-container elementor-column-gap-default\">\n\t\t\t\t\t<div class=\"elementor-column elementor-col-100 elementor-top-column elementor-element elementor-element-8f44937\" data-id=\"8f44937\" data-element_type=\"column\" data-e-type=\"column\">\n\t\t\t<div class=\"elementor-widget-wrap elementor-element-populated\">\n\t\t\t\t\t\t\t<\/div>\n\t\t<\/div>\n\t\t\t\t\t<\/div>\n\t\t<\/section>\n\t\t\t\t<section class=\"elementor-section elementor-top-section elementor-element elementor-element-3618fb6 elementor-section-boxed elementor-section-height-default elementor-section-height-default\" data-id=\"3618fb6\" data-element_type=\"section\" data-e-type=\"section\">\n\t\t\t\t\t\t<div class=\"elementor-container elementor-column-gap-default\">\n\t\t\t\t\t<div class=\"elementor-column elementor-col-100 elementor-top-column elementor-element elementor-element-62be8a7\" data-id=\"62be8a7\" data-element_type=\"column\" data-e-type=\"column\">\n\t\t\t<div class=\"elementor-widget-wrap elementor-element-populated\">\n\t\t\t\t\t\t<div class=\"elementor-element elementor-element-d4ecd98 elementor-widget-divider--view-line elementor-widget elementor-widget-divider\" data-id=\"d4ecd98\" data-element_type=\"widget\" data-e-type=\"widget\" data-widget_type=\"divider.default\">\n\t\t\t\t<div class=\"elementor-widget-container\">\n\t\t\t\t\t\t\t<div class=\"elementor-divider\">\n\t\t\t<span class=\"elementor-divider-separator\">\n\t\t\t\t\t\t<\/span>\n\t\t<\/div>\n\t\t\t\t\t\t<\/div>\n\t\t\t\t<\/div>\n\t\t\t\t\t<\/div>\n\t\t<\/div>\n\t\t\t\t\t<\/div>\n\t\t<\/section>\n\t\t\t\t<section class=\"elementor-section elementor-top-section elementor-element elementor-element-dddf7c6 elementor-section-boxed elementor-section-height-default elementor-section-height-default\" data-id=\"dddf7c6\" data-element_type=\"section\" data-e-type=\"section\">\n\t\t\t\t\t\t<div class=\"elementor-container elementor-column-gap-default\">\n\t\t\t\t\t<div class=\"elementor-column elementor-col-100 elementor-top-column elementor-element elementor-element-c202c18\" data-id=\"c202c18\" data-element_type=\"column\" data-e-type=\"column\">\n\t\t\t<div class=\"elementor-widget-wrap elementor-element-populated\">\n\t\t\t\t\t\t<div class=\"elementor-element elementor-element-78f9e6a elementor-widget elementor-widget-heading\" data-id=\"78f9e6a\" data-element_type=\"widget\" data-e-type=\"widget\" data-widget_type=\"heading.default\">\n\t\t\t\t<div class=\"elementor-widget-container\">\n\t\t\t\t\t<h2 class=\"elementor-heading-title elementor-size-default\">Atelier Konzerte<\/h2>\t\t\t\t<\/div>\n\t\t\t\t<\/div>\n\t\t\t\t\t<\/div>\n\t\t<\/div>\n\t\t\t\t\t<\/div>\n\t\t<\/section>\n\t\t\t\t<section class=\"elementor-section elementor-top-section elementor-element elementor-element-1558c45 elementor-section-boxed elementor-section-height-default elementor-section-height-default\" data-id=\"1558c45\" data-element_type=\"section\" data-e-type=\"section\">\n\t\t\t\t\t\t<div class=\"elementor-container elementor-column-gap-default\">\n\t\t\t\t\t<div class=\"elementor-column elementor-col-25 elementor-top-column elementor-element elementor-element-bcfb40d\" data-id=\"bcfb40d\" data-element_type=\"column\" data-e-type=\"column\">\n\t\t\t<div class=\"elementor-widget-wrap\">\n\t\t\t\t\t\t\t<\/div>\n\t\t<\/div>\n\t\t\t\t<div class=\"elementor-column elementor-col-25 elementor-top-column elementor-element elementor-element-e83a0e7\" data-id=\"e83a0e7\" data-element_type=\"column\" data-e-type=\"column\">\n\t\t\t<div class=\"elementor-widget-wrap elementor-element-populated\">\n\t\t\t\t\t\t<div class=\"elementor-element elementor-element-5468ede elementor-widget elementor-widget-image\" data-id=\"5468ede\" data-element_type=\"widget\" data-e-type=\"widget\" data-widget_type=\"image.default\">\n\t\t\t\t<div class=\"elementor-widget-container\">\n\t\t\t\t\t\t\t\t\t\t\t\t\t\t\t<img fetchpriority=\"high\" decoding=\"async\" width=\"208\" height=\"300\" src=\"https:\/\/gallery-puzic.com\/wp-content\/uploads\/2025\/04\/Traum-in-Gelb-1-208x300.jpg\" class=\"attachment-medium size-medium wp-image-6797\" alt=\"\" srcset=\"https:\/\/gallery-puzic.com\/wp-content\/uploads\/2025\/04\/Traum-in-Gelb-1-208x300.jpg 208w, https:\/\/gallery-puzic.com\/wp-content\/uploads\/2025\/04\/Traum-in-Gelb-1-711x1024.jpg 711w, https:\/\/gallery-puzic.com\/wp-content\/uploads\/2025\/04\/Traum-in-Gelb-1-768x1105.jpg 768w, https:\/\/gallery-puzic.com\/wp-content\/uploads\/2025\/04\/Traum-in-Gelb-1-1067x1536.jpg 1067w, https:\/\/gallery-puzic.com\/wp-content\/uploads\/2025\/04\/Traum-in-Gelb-1-1423x2048.jpg 1423w, https:\/\/gallery-puzic.com\/wp-content\/uploads\/2025\/04\/Traum-in-Gelb-1-8x12.jpg 8w, https:\/\/gallery-puzic.com\/wp-content\/uploads\/2025\/04\/Traum-in-Gelb-1-scaled.jpg 1779w\" sizes=\"(max-width: 208px) 100vw, 208px\" \/>\t\t\t\t\t\t\t\t\t\t\t\t\t\t\t<\/div>\n\t\t\t\t<\/div>\n\t\t\t\t\t<\/div>\n\t\t<\/div>\n\t\t\t\t<div class=\"elementor-column elementor-col-25 elementor-top-column elementor-element elementor-element-df9fc6a\" data-id=\"df9fc6a\" data-element_type=\"column\" data-e-type=\"column\">\n\t\t\t<div class=\"elementor-widget-wrap elementor-element-populated\">\n\t\t\t\t\t\t<div class=\"elementor-element elementor-element-b570346 elementor-widget elementor-widget-image\" data-id=\"b570346\" data-element_type=\"widget\" data-e-type=\"widget\" data-widget_type=\"image.default\">\n\t\t\t\t<div class=\"elementor-widget-container\">\n\t\t\t\t\t\t\t\t\t\t\t\t\t\t\t<img decoding=\"async\" width=\"210\" height=\"300\" src=\"https:\/\/gallery-puzic.com\/wp-content\/uploads\/2025\/04\/Traum-in-Gelb-2-210x300.jpg\" class=\"attachment-medium size-medium wp-image-6798\" alt=\"\" srcset=\"https:\/\/gallery-puzic.com\/wp-content\/uploads\/2025\/04\/Traum-in-Gelb-2-210x300.jpg 210w, https:\/\/gallery-puzic.com\/wp-content\/uploads\/2025\/04\/Traum-in-Gelb-2-715x1024.jpg 715w, https:\/\/gallery-puzic.com\/wp-content\/uploads\/2025\/04\/Traum-in-Gelb-2-768x1099.jpg 768w, https:\/\/gallery-puzic.com\/wp-content\/uploads\/2025\/04\/Traum-in-Gelb-2-1073x1536.jpg 1073w, https:\/\/gallery-puzic.com\/wp-content\/uploads\/2025\/04\/Traum-in-Gelb-2-1431x2048.jpg 1431w, https:\/\/gallery-puzic.com\/wp-content\/uploads\/2025\/04\/Traum-in-Gelb-2-8x12.jpg 8w, https:\/\/gallery-puzic.com\/wp-content\/uploads\/2025\/04\/Traum-in-Gelb-2-scaled.jpg 1789w\" sizes=\"(max-width: 210px) 100vw, 210px\" \/>\t\t\t\t\t\t\t\t\t\t\t\t\t\t\t<\/div>\n\t\t\t\t<\/div>\n\t\t\t\t\t<\/div>\n\t\t<\/div>\n\t\t\t\t<div class=\"elementor-column elementor-col-25 elementor-top-column elementor-element elementor-element-d846b04\" data-id=\"d846b04\" data-element_type=\"column\" data-e-type=\"column\">\n\t\t\t<div class=\"elementor-widget-wrap\">\n\t\t\t\t\t\t\t<\/div>\n\t\t<\/div>\n\t\t\t\t\t<\/div>\n\t\t<\/section>\n\t\t\t\t<section class=\"elementor-section elementor-top-section elementor-element elementor-element-cc247a1 elementor-section-boxed elementor-section-height-default elementor-section-height-default\" data-id=\"cc247a1\" data-element_type=\"section\" data-e-type=\"section\">\n\t\t\t\t\t\t<div class=\"elementor-container elementor-column-gap-default\">\n\t\t\t\t\t<div class=\"elementor-column elementor-col-100 elementor-top-column elementor-element elementor-element-f56a2b2\" data-id=\"f56a2b2\" data-element_type=\"column\" data-e-type=\"column\">\n\t\t\t<div class=\"elementor-widget-wrap elementor-element-populated\">\n\t\t\t\t\t\t<div class=\"elementor-element elementor-element-7849789 elementor-widget elementor-widget-text-editor\" data-id=\"7849789\" data-element_type=\"widget\" data-e-type=\"widget\" data-widget_type=\"text-editor.default\">\n\t\t\t\t<div class=\"elementor-widget-container\">\n\t\t\t\t\t\t\t\t\t<h6>Konzert Nr. 2<\/h6><h6>\u00a0<\/h6><h3><strong>Traum-Zyklus in Gelb<\/strong><\/h3><p>Malerei von Esad Puzic\u0301<\/p><p><b>Im Rahmen der <em>Quartier Mainzerstrasse Hoffeste<\/em> am 1. Mai 2025<\/b><\/p><p>Ge\u00f6ffnet: 12:oo \u2013 20:oo<\/p><p><strong>Die Ausstellung findet statt im RAUMf\u00fcrMUSIK \u2013 Dorothee Dunsbach<\/strong><\/p><p>Mainzer-Str. 52\u00a0 \u00a0\/\/\u00a0 \u00a0<span style=\"color: var( --e-global-color-text ); font-family: var( --e-global-typography-text-font-family ), Sans-serif; font-weight: var( --e-global-typography-text-font-weight ); font-size: 1rem;\">66121 Saarbr\u00fccken<\/span><\/p><p style=\"margin: 0in 0in 0.0001pt; font-size: 12pt; font-family: 'Times New Roman'; color: #000000;\" align=\"center\"><b>LINDYANA<\/b><\/p><p style=\"margin: 0in 0in 0.0001pt; font-size: 12pt; font-family: 'Times New Roman'; color: #000000;\" align=\"center\"><span style=\"color: #282828; background: #fffdf9;\">Ab 14:00 spielt das bekannte Trio Lindyana Jazz und Swing von Beginn der 1920er- bis 1950er-Jahre,\u00a0<\/span><\/p><p style=\"margin: 0in 0in 0.0001pt; font-size: 12pt; font-family: 'Times New Roman'; color: #000000;\" align=\"center\"><span style=\"color: #282828; background: #fffdf9;\">von den legend\u00e4ren Klassikern von Frank Sinatra und Ella Fitzgerald, Oscar Peterson und Erroll Garner bis hin zu modernen Interpretationen von Keith Jarrett.<\/span><\/p><p style=\"margin: 0in 0in 0.0001pt; font-size: 12pt; font-family: 'Times New Roman'; color: #000000;\" align=\"center\"><span style=\"color: #282828; background: #fffdf9;\">\u00a0<\/span><\/p><p style=\"margin: 0in 0in 0.0001pt; font-size: 12pt; font-family: 'Times New Roman'; color: #000000;\" align=\"center\"><span style=\"color: #282828; background: #fffdf9;\">Sie sind herzlich willkommen zu dieser Kooperation zwischen RAUMf\u00fcrMUSIK &amp; Gallery Puzic\u0301<\/span><\/p><p style=\"margin: 0in 0in 0.0001pt; font-size: 12pt; font-family: 'Times New Roman'; color: #000000;\" align=\"center\"><span style=\"color: #282828; background: #fffdf9;\">\u00a0<\/span><\/p><p style=\"margin: 0in 0in 0.0001pt; font-size: 12pt; font-family: 'Times New Roman'; color: #000000;\" align=\"center\"><a href=\"https:\/\/gallery-puzic.com\/en\/atelier-konzerte\/\">https<strong>:\/\/gallery-puzic.com\/atelier-konzerte\/<\/strong><\/a><\/p><h6 align=\"center\"><strong>https:\/\/www.raumfuermusik.com\/<\/strong><\/h6><p align=\"center\">\u00a0<\/p>\t\t\t\t\t\t\t\t<\/div>\n\t\t\t\t<\/div>\n\t\t\t\t\t<\/div>\n\t\t<\/div>\n\t\t\t\t\t<\/div>\n\t\t<\/section>\n\t\t\t\t<section class=\"elementor-section elementor-top-section elementor-element elementor-element-a485312 elementor-section-boxed elementor-section-height-default elementor-section-height-default\" data-id=\"a485312\" data-element_type=\"section\" data-e-type=\"section\">\n\t\t\t\t\t\t<div class=\"elementor-container elementor-column-gap-default\">\n\t\t\t\t\t<div class=\"elementor-column elementor-col-100 elementor-top-column elementor-element elementor-element-38e5102\" data-id=\"38e5102\" data-element_type=\"column\" data-e-type=\"column\">\n\t\t\t<div class=\"elementor-widget-wrap elementor-element-populated\">\n\t\t\t\t\t\t<div class=\"elementor-element elementor-element-7d71da4 elementor-widget-divider--view-line elementor-widget elementor-widget-divider\" data-id=\"7d71da4\" data-element_type=\"widget\" data-e-type=\"widget\" data-widget_type=\"divider.default\">\n\t\t\t\t<div class=\"elementor-widget-container\">\n\t\t\t\t\t\t\t<div class=\"elementor-divider\">\n\t\t\t<span class=\"elementor-divider-separator\">\n\t\t\t\t\t\t<\/span>\n\t\t<\/div>\n\t\t\t\t\t\t<\/div>\n\t\t\t\t<\/div>\n\t\t\t\t\t<\/div>\n\t\t<\/div>\n\t\t\t\t\t<\/div>\n\t\t<\/section>\n\t\t\t\t<section class=\"elementor-section elementor-top-section elementor-element elementor-element-e52c631 elementor-section-boxed elementor-section-height-default elementor-section-height-default\" data-id=\"e52c631\" data-element_type=\"section\" data-e-type=\"section\">\n\t\t\t\t\t\t<div class=\"elementor-container elementor-column-gap-default\">\n\t\t\t\t\t<div class=\"elementor-column elementor-col-50 elementor-top-column elementor-element elementor-element-8e7396b\" data-id=\"8e7396b\" data-element_type=\"column\" data-e-type=\"column\">\n\t\t\t<div class=\"elementor-widget-wrap\">\n\t\t\t\t\t\t\t<\/div>\n\t\t<\/div>\n\t\t\t\t<div class=\"elementor-column elementor-col-50 elementor-top-column elementor-element elementor-element-c06391c\" data-id=\"c06391c\" data-element_type=\"column\" data-e-type=\"column\">\n\t\t\t<div class=\"elementor-widget-wrap\">\n\t\t\t\t\t\t\t<\/div>\n\t\t<\/div>\n\t\t\t\t\t<\/div>\n\t\t<\/section>\n\t\t\t\t<section class=\"elementor-section elementor-top-section elementor-element elementor-element-bc215b8 elementor-section-boxed elementor-section-height-default elementor-section-height-default\" data-id=\"bc215b8\" data-element_type=\"section\" data-e-type=\"section\">\n\t\t\t\t\t\t<div class=\"elementor-container elementor-column-gap-default\">\n\t\t\t\t\t<div class=\"elementor-column elementor-col-33 elementor-top-column elementor-element elementor-element-a974a85\" data-id=\"a974a85\" data-element_type=\"column\" data-e-type=\"column\">\n\t\t\t<div class=\"elementor-widget-wrap elementor-element-populated\">\n\t\t\t\t\t\t<div class=\"elementor-element elementor-element-690228f elementor-widget elementor-widget-image\" data-id=\"690228f\" data-element_type=\"widget\" data-e-type=\"widget\" data-widget_type=\"image.default\">\n\t\t\t\t<div class=\"elementor-widget-container\">\n\t\t\t\t\t\t\t\t\t\t\t\t\t\t\t<img decoding=\"async\" width=\"300\" height=\"225\" src=\"https:\/\/gallery-puzic.com\/wp-content\/uploads\/2025\/04\/Pit-Molling-and-sculpture-300x225.jpg\" class=\"attachment-medium size-medium wp-image-6740\" alt=\"\" srcset=\"https:\/\/gallery-puzic.com\/wp-content\/uploads\/2025\/04\/Pit-Molling-and-sculpture-300x225.jpg 300w, https:\/\/gallery-puzic.com\/wp-content\/uploads\/2025\/04\/Pit-Molling-and-sculpture-1024x768.jpg 1024w, https:\/\/gallery-puzic.com\/wp-content\/uploads\/2025\/04\/Pit-Molling-and-sculpture-768x576.jpg 768w, https:\/\/gallery-puzic.com\/wp-content\/uploads\/2025\/04\/Pit-Molling-and-sculpture-1536x1152.jpg 1536w, https:\/\/gallery-puzic.com\/wp-content\/uploads\/2025\/04\/Pit-Molling-and-sculpture-2048x1536.jpg 2048w, https:\/\/gallery-puzic.com\/wp-content\/uploads\/2025\/04\/Pit-Molling-and-sculpture-16x12.jpg 16w\" sizes=\"(max-width: 300px) 100vw, 300px\" \/>\t\t\t\t\t\t\t\t\t\t\t\t\t\t\t<\/div>\n\t\t\t\t<\/div>\n\t\t\t\t\t<\/div>\n\t\t<\/div>\n\t\t\t\t<div class=\"elementor-column elementor-col-33 elementor-top-column elementor-element elementor-element-f1757c6\" data-id=\"f1757c6\" data-element_type=\"column\" data-e-type=\"column\">\n\t\t\t<div class=\"elementor-widget-wrap elementor-element-populated\">\n\t\t\t\t\t\t<div class=\"elementor-element elementor-element-18265d0 elementor-widget elementor-widget-image\" data-id=\"18265d0\" data-element_type=\"widget\" data-e-type=\"widget\" data-widget_type=\"image.default\">\n\t\t\t\t<div class=\"elementor-widget-container\">\n\t\t\t\t\t\t\t\t\t\t\t\t\t\t\t<img loading=\"lazy\" decoding=\"async\" width=\"300\" height=\"225\" src=\"https:\/\/gallery-puzic.com\/wp-content\/uploads\/2025\/04\/N-Aye-300x225.jpg\" class=\"attachment-medium size-medium wp-image-6741\" alt=\"\" srcset=\"https:\/\/gallery-puzic.com\/wp-content\/uploads\/2025\/04\/N-Aye-300x225.jpg 300w, https:\/\/gallery-puzic.com\/wp-content\/uploads\/2025\/04\/N-Aye-1024x768.jpg 1024w, https:\/\/gallery-puzic.com\/wp-content\/uploads\/2025\/04\/N-Aye-768x576.jpg 768w, https:\/\/gallery-puzic.com\/wp-content\/uploads\/2025\/04\/N-Aye-1536x1152.jpg 1536w, https:\/\/gallery-puzic.com\/wp-content\/uploads\/2025\/04\/N-Aye-2048x1536.jpg 2048w, https:\/\/gallery-puzic.com\/wp-content\/uploads\/2025\/04\/N-Aye-16x12.jpg 16w\" sizes=\"(max-width: 300px) 100vw, 300px\" \/>\t\t\t\t\t\t\t\t\t\t\t\t\t\t\t<\/div>\n\t\t\t\t<\/div>\n\t\t\t\t\t<\/div>\n\t\t<\/div>\n\t\t\t\t<div class=\"elementor-column elementor-col-33 elementor-top-column elementor-element elementor-element-c154345\" data-id=\"c154345\" data-element_type=\"column\" data-e-type=\"column\">\n\t\t\t<div class=\"elementor-widget-wrap elementor-element-populated\">\n\t\t\t\t\t\t<div class=\"elementor-element elementor-element-4f93912 elementor-widget elementor-widget-image\" data-id=\"4f93912\" data-element_type=\"widget\" data-e-type=\"widget\" data-widget_type=\"image.default\">\n\t\t\t\t<div class=\"elementor-widget-container\">\n\t\t\t\t\t\t\t\t\t\t\t\t\t\t\t<img loading=\"lazy\" decoding=\"async\" width=\"300\" height=\"225\" src=\"https:\/\/gallery-puzic.com\/wp-content\/uploads\/2025\/04\/Ava-and-Martin-Koeppel-300x225.jpg\" class=\"attachment-medium size-medium wp-image-6737\" alt=\"\" srcset=\"https:\/\/gallery-puzic.com\/wp-content\/uploads\/2025\/04\/Ava-and-Martin-Koeppel-300x225.jpg 300w, https:\/\/gallery-puzic.com\/wp-content\/uploads\/2025\/04\/Ava-and-Martin-Koeppel-1024x768.jpg 1024w, https:\/\/gallery-puzic.com\/wp-content\/uploads\/2025\/04\/Ava-and-Martin-Koeppel-768x576.jpg 768w, https:\/\/gallery-puzic.com\/wp-content\/uploads\/2025\/04\/Ava-and-Martin-Koeppel-1536x1152.jpg 1536w, https:\/\/gallery-puzic.com\/wp-content\/uploads\/2025\/04\/Ava-and-Martin-Koeppel-2048x1536.jpg 2048w, https:\/\/gallery-puzic.com\/wp-content\/uploads\/2025\/04\/Ava-and-Martin-Koeppel-16x12.jpg 16w\" sizes=\"(max-width: 300px) 100vw, 300px\" \/>\t\t\t\t\t\t\t\t\t\t\t\t\t\t\t<\/div>\n\t\t\t\t<\/div>\n\t\t\t\t\t<\/div>\n\t\t<\/div>\n\t\t\t\t\t<\/div>\n\t\t<\/section>\n\t\t\t\t<section class=\"elementor-section elementor-top-section elementor-element elementor-element-d287ce1 elementor-section-boxed elementor-section-height-default elementor-section-height-default\" data-id=\"d287ce1\" data-element_type=\"section\" data-e-type=\"section\">\n\t\t\t\t\t\t<div class=\"elementor-container elementor-column-gap-default\">\n\t\t\t\t\t<div class=\"elementor-column elementor-col-100 elementor-top-column elementor-element elementor-element-94cf9ba\" data-id=\"94cf9ba\" data-element_type=\"column\" data-e-type=\"column\">\n\t\t\t<div class=\"elementor-widget-wrap elementor-element-populated\">\n\t\t\t\t\t\t<div class=\"elementor-element elementor-element-59cc2c3 elementor-widget elementor-widget-text-editor\" data-id=\"59cc2c3\" data-element_type=\"widget\" data-e-type=\"widget\" data-widget_type=\"text-editor.default\">\n\t\t\t\t<div class=\"elementor-widget-container\">\n\t\t\t\t\t\t\t\t\t<p>Konzert Nr. 1<\/p><p><strong>Sonntag, 6. April 2025<\/strong><\/p><p>Das erste Atelier Konzert pr\u00e4sentiert eine neue Plattform f\u00fcr junge Kunst, mit einem langen Nachmittag, der viele H\u00f6hepunkte verspricht in dem Pop-Up Space der Gallery Puzic\u0301.<\/p><p><strong>Musik:\u00a0 <\/strong>Naomi Ay\u00e9 \/\/\u00a0 t\u00eate \u00e0 t\u00eate\u00a0 \/\/\u00a0 Luke Zimmer \/\/ Ava Adonia<\/p><p><strong>Kunst:\u00a0 <\/strong>Ausstellung &#8222;Viele Gr\u00fcnde 2&#8220; mit einem Workshop geleitet von dem luxemburgischen Bildhauer Pit Molling.\u00a0<\/p><p>Mollings 3-D Skulpturen sind Gesch\u00f6pfe besonderer Art, mit unwahrscheinlichen Texturen, die durch Polymilchs\u00e4uren im Drucker entstehen, in der Software vorgezeichnet, dann ausgedruckt, fragmentiert-montiert und zusammengeklebt, Schicht f\u00fcr Schicht, wie ein langsam entstehendes \u201emeantime design\u201c H\u00e4uschen oder Ger\u00fcst, ein Oktopus, Alice in Wonderland, oder eine verwegene, unbekannte Architektur.<\/p><p><em>timetable of events:<\/em><\/p><p>13:00 Uhr Doors open and <strong>t\u00eate \u00e0 t\u00eate<\/strong>\u00a0will be starting their DJ set.<br \/>14:00 Uhr <strong>Luke Zimmer<\/strong> will play an Indie\/ Accoustic set.<br \/>14:30 Uhr <strong>Pit Molling<\/strong> introduces his 3D sculptures and artworks.<br \/>15:00 Uhr <strong>Naomi Ay\u00e9<\/strong>\u00a0will be playing as the headliner of the concert.<br \/>16:00 Uhr <strong>Ava Adonia<\/strong> will end the concert with an acoustic set.<\/p><p>Open end party until 18:00.<\/p><p><strong>Mainzer Strasse 23, 66111 Saarbr\u00fccken<\/strong><\/p><p>+\u00a0 \u00a0 +\u00a0 \u00a0 +\u00a0\u00a0<\/p><p><em>The program has been curated by Jonathan van der Wel for <\/em>Go For Music<em> and <\/em>Angst Booking<\/p><p>Photographs on this page <span class=\"s1\">\u00a9 J. Birringer<\/span><\/p><p>+\u00a0 \u00a0 \u00a0+\u00a0 \u00a0 +<\/p><p>No. 2<\/p>\t\t\t\t\t\t\t\t<\/div>\n\t\t\t\t<\/div>\n\t\t\t\t\t<\/div>\n\t\t<\/div>\n\t\t\t\t\t<\/div>\n\t\t<\/section>\n\t\t\t\t<\/div>","protected":false},"excerpt":{"rendered":"<p>Atelier Konzerte Konzert Nr. 2 \u00a0 Traum-Zyklus in Gelb Malerei von Esad Puzic\u0301 Im Rahmen der Quartier Mainzerstrasse Hoffeste am 1. Mai 2025 Ge\u00f6ffnet: 12:oo \u2013 20:oo Die Ausstellung findet statt im RAUMf\u00fcrMUSIK \u2013 Dorothee Dunsbach Mainzer-Str. 52\u00a0 \u00a0\/\/\u00a0 \u00a066121 Saarbr\u00fccken LINDYANA Ab 14:00 spielt das bekannte Trio Lindyana Jazz und Swing von Beginn der [&hellip;]<\/p>\n","protected":false},"author":2,"featured_media":0,"parent":0,"menu_order":0,"comment_status":"closed","ping_status":"closed","template":"","meta":{"footnotes":""},"class_list":["post-6675","page","type-page","status-publish","hentry"],"_links":{"self":[{"href":"https:\/\/gallery-puzic.com\/en\/wp-json\/wp\/v2\/pages\/6675","targetHints":{"allow":["GET"]}}],"collection":[{"href":"https:\/\/gallery-puzic.com\/en\/wp-json\/wp\/v2\/pages"}],"about":[{"href":"https:\/\/gallery-puzic.com\/en\/wp-json\/wp\/v2\/types\/page"}],"author":[{"embeddable":true,"href":"https:\/\/gallery-puzic.com\/en\/wp-json\/wp\/v2\/users\/2"}],"replies":[{"embeddable":true,"href":"https:\/\/gallery-puzic.com\/en\/wp-json\/wp\/v2\/comments?post=6675"}],"version-history":[{"count":82,"href":"https:\/\/gallery-puzic.com\/en\/wp-json\/wp\/v2\/pages\/6675\/revisions"}],"predecessor-version":[{"id":6828,"href":"https:\/\/gallery-puzic.com\/en\/wp-json\/wp\/v2\/pages\/6675\/revisions\/6828"}],"wp:attachment":[{"href":"https:\/\/gallery-puzic.com\/en\/wp-json\/wp\/v2\/media?parent=6675"}],"curies":[{"name":"wp","href":"https:\/\/api.w.org\/{rel}","templated":true}]}}