{"id":6233,"date":"2025-02-27T11:10:21","date_gmt":"2025-02-27T11:10:21","guid":{"rendered":"https:\/\/gallery-puzic.com\/?page_id=6233"},"modified":"2025-02-27T14:47:15","modified_gmt":"2025-02-27T14:47:15","slug":"matthias-brock-2","status":"publish","type":"page","link":"https:\/\/gallery-puzic.com\/en\/matthias-brock-2\/","title":{"rendered":"Matthias Brock"},"content":{"rendered":"<div data-elementor-type=\"wp-page\" data-elementor-id=\"6233\" class=\"elementor elementor-6233\">\n\t\t\t\t\t\t<section class=\"elementor-section elementor-top-section elementor-element elementor-element-6c240dd elementor-section-boxed elementor-section-height-default elementor-section-height-default\" data-id=\"6c240dd\" data-element_type=\"section\" data-e-type=\"section\">\n\t\t\t\t\t\t<div class=\"elementor-container elementor-column-gap-default\">\n\t\t\t\t\t<div class=\"elementor-column elementor-col-100 elementor-top-column elementor-element elementor-element-765fab8\" data-id=\"765fab8\" data-element_type=\"column\" data-e-type=\"column\">\n\t\t\t<div class=\"elementor-widget-wrap elementor-element-populated\">\n\t\t\t\t\t\t<div class=\"elementor-element elementor-element-01ff657 elementor-widget-divider--view-line elementor-widget elementor-widget-divider\" data-id=\"01ff657\" data-element_type=\"widget\" data-e-type=\"widget\" data-widget_type=\"divider.default\">\n\t\t\t\t<div class=\"elementor-widget-container\">\n\t\t\t\t\t\t\t<div class=\"elementor-divider\">\n\t\t\t<span class=\"elementor-divider-separator\">\n\t\t\t\t\t\t<\/span>\n\t\t<\/div>\n\t\t\t\t\t\t<\/div>\n\t\t\t\t<\/div>\n\t\t\t\t\t<\/div>\n\t\t<\/div>\n\t\t\t\t\t<\/div>\n\t\t<\/section>\n\t\t\t\t<section class=\"elementor-section elementor-top-section elementor-element elementor-element-a9fd557 elementor-section-boxed elementor-section-height-default elementor-section-height-default\" data-id=\"a9fd557\" data-element_type=\"section\" data-e-type=\"section\">\n\t\t\t\t\t\t<div class=\"elementor-container elementor-column-gap-default\">\n\t\t\t\t\t<div class=\"elementor-column elementor-col-100 elementor-top-column elementor-element elementor-element-91e2430\" data-id=\"91e2430\" data-element_type=\"column\" data-e-type=\"column\">\n\t\t\t<div class=\"elementor-widget-wrap elementor-element-populated\">\n\t\t\t\t\t\t<div class=\"elementor-element elementor-element-54bf54a elementor-widget elementor-widget-spacer\" data-id=\"54bf54a\" data-element_type=\"widget\" data-e-type=\"widget\" data-widget_type=\"spacer.default\">\n\t\t\t\t<div class=\"elementor-widget-container\">\n\t\t\t\t\t\t\t<div class=\"elementor-spacer\">\n\t\t\t<div class=\"elementor-spacer-inner\"><\/div>\n\t\t<\/div>\n\t\t\t\t\t\t<\/div>\n\t\t\t\t<\/div>\n\t\t\t\t\t<\/div>\n\t\t<\/div>\n\t\t\t\t\t<\/div>\n\t\t<\/section>\n\t\t\t\t<section class=\"elementor-section elementor-top-section elementor-element elementor-element-9680e0a elementor-section-boxed elementor-section-height-default elementor-section-height-default\" data-id=\"9680e0a\" data-element_type=\"section\" data-e-type=\"section\">\n\t\t\t\t\t\t<div class=\"elementor-container elementor-column-gap-default\">\n\t\t\t\t\t<div class=\"elementor-column elementor-col-100 elementor-top-column elementor-element elementor-element-5898453\" data-id=\"5898453\" data-element_type=\"column\" data-e-type=\"column\">\n\t\t\t<div class=\"elementor-widget-wrap elementor-element-populated\">\n\t\t\t\t\t\t<div class=\"elementor-element elementor-element-03e20ec elementor-widget elementor-widget-text-editor\" data-id=\"03e20ec\" data-element_type=\"widget\" data-e-type=\"widget\" data-widget_type=\"text-editor.default\">\n\t\t\t\t<div class=\"elementor-widget-container\">\n\t\t\t\t\t\t\t\t\t<h4><strong>MATTHIAS BROCK<\/strong><\/h4>\t\t\t\t\t\t\t\t<\/div>\n\t\t\t\t<\/div>\n\t\t\t\t\t<\/div>\n\t\t<\/div>\n\t\t\t\t\t<\/div>\n\t\t<\/section>\n\t\t\t\t<section class=\"elementor-section elementor-top-section elementor-element elementor-element-dc05eab elementor-section-boxed elementor-section-height-default elementor-section-height-default\" data-id=\"dc05eab\" data-element_type=\"section\" data-e-type=\"section\">\n\t\t\t\t\t\t<div class=\"elementor-container elementor-column-gap-default\">\n\t\t\t\t\t<div class=\"elementor-column elementor-col-25 elementor-top-column elementor-element elementor-element-248ad31\" data-id=\"248ad31\" data-element_type=\"column\" data-e-type=\"column\">\n\t\t\t<div class=\"elementor-widget-wrap\">\n\t\t\t\t\t\t\t<\/div>\n\t\t<\/div>\n\t\t\t\t<div class=\"elementor-column elementor-col-25 elementor-top-column elementor-element elementor-element-9214bae\" data-id=\"9214bae\" data-element_type=\"column\" data-e-type=\"column\">\n\t\t\t<div class=\"elementor-widget-wrap elementor-element-populated\">\n\t\t\t\t\t\t<div class=\"elementor-element elementor-element-246501c elementor-widget elementor-widget-text-editor\" data-id=\"246501c\" data-element_type=\"widget\" data-e-type=\"widget\" data-widget_type=\"text-editor.default\">\n\t\t\t\t<div class=\"elementor-widget-container\">\n\t\t\t\t\t\t\t\t\t<p>artworks<\/p>\t\t\t\t\t\t\t\t<\/div>\n\t\t\t\t<\/div>\n\t\t\t\t\t<\/div>\n\t\t<\/div>\n\t\t\t\t<div class=\"elementor-column elementor-col-25 elementor-top-column elementor-element elementor-element-6c5702c\" data-id=\"6c5702c\" data-element_type=\"column\" data-e-type=\"column\">\n\t\t\t<div class=\"elementor-widget-wrap\">\n\t\t\t\t\t\t\t<\/div>\n\t\t<\/div>\n\t\t\t\t<div class=\"elementor-column elementor-col-25 elementor-top-column elementor-element elementor-element-47ffec2\" data-id=\"47ffec2\" data-element_type=\"column\" data-e-type=\"column\">\n\t\t\t<div class=\"elementor-widget-wrap elementor-element-populated\">\n\t\t\t\t\t\t<div class=\"elementor-element elementor-element-aeeb01b elementor-widget elementor-widget-text-editor\" data-id=\"aeeb01b\" data-element_type=\"widget\" data-e-type=\"widget\" data-widget_type=\"text-editor.default\">\n\t\t\t\t<div class=\"elementor-widget-container\">\n\t\t\t\t\t\t\t\t\t<p>biography<\/p>\t\t\t\t\t\t\t\t<\/div>\n\t\t\t\t<\/div>\n\t\t\t\t\t<\/div>\n\t\t<\/div>\n\t\t\t\t\t<\/div>\n\t\t<\/section>\n\t\t\t\t<section class=\"elementor-section elementor-top-section elementor-element elementor-element-8235a03 elementor-section-boxed elementor-section-height-default elementor-section-height-default\" data-id=\"8235a03\" data-element_type=\"section\" data-e-type=\"section\">\n\t\t\t\t\t\t<div class=\"elementor-container elementor-column-gap-default\">\n\t\t\t\t\t<div class=\"elementor-column elementor-col-100 elementor-top-column elementor-element elementor-element-0f4dee2\" data-id=\"0f4dee2\" data-element_type=\"column\" data-e-type=\"column\">\n\t\t\t<div class=\"elementor-widget-wrap elementor-element-populated\">\n\t\t\t\t\t\t<div class=\"elementor-element elementor-element-1ad6624 elementor-widget-divider--view-line elementor-widget elementor-widget-divider\" data-id=\"1ad6624\" data-element_type=\"widget\" data-e-type=\"widget\" data-widget_type=\"divider.default\">\n\t\t\t\t<div class=\"elementor-widget-container\">\n\t\t\t\t\t\t\t<div class=\"elementor-divider\">\n\t\t\t<span class=\"elementor-divider-separator\">\n\t\t\t\t\t\t<\/span>\n\t\t<\/div>\n\t\t\t\t\t\t<\/div>\n\t\t\t\t<\/div>\n\t\t\t\t\t<\/div>\n\t\t<\/div>\n\t\t\t\t\t<\/div>\n\t\t<\/section>\n\t\t\t\t<section class=\"elementor-section elementor-top-section elementor-element elementor-element-9c4bc59 elementor-section-boxed elementor-section-height-default elementor-section-height-default\" data-id=\"9c4bc59\" data-element_type=\"section\" data-e-type=\"section\">\n\t\t\t\t\t\t<div class=\"elementor-container elementor-column-gap-default\">\n\t\t\t\t\t<div class=\"elementor-column elementor-col-25 elementor-top-column elementor-element elementor-element-c38144b\" data-id=\"c38144b\" data-element_type=\"column\" data-e-type=\"column\">\n\t\t\t<div class=\"elementor-widget-wrap elementor-element-populated\">\n\t\t\t\t\t\t<div class=\"elementor-element elementor-element-f03ee07 elementor-widget elementor-widget-image\" data-id=\"f03ee07\" data-element_type=\"widget\" data-e-type=\"widget\" data-widget_type=\"image.default\">\n\t\t\t\t<div class=\"elementor-widget-container\">\n\t\t\t\t\t\t\t\t\t\t\t\t<figure class=\"wp-caption\">\n\t\t\t\t\t\t\t\t\t\t<img fetchpriority=\"high\" decoding=\"async\" width=\"226\" height=\"300\" src=\"https:\/\/gallery-puzic.com\/wp-content\/uploads\/2024\/11\/Brock-226x300.jpg\" class=\"attachment-medium size-medium wp-image-5878\" alt=\"\" srcset=\"https:\/\/gallery-puzic.com\/wp-content\/uploads\/2024\/11\/Brock-226x300.jpg 226w, https:\/\/gallery-puzic.com\/wp-content\/uploads\/2024\/11\/Brock-770x1024.jpg 770w, https:\/\/gallery-puzic.com\/wp-content\/uploads\/2024\/11\/Brock-768x1022.jpg 768w, https:\/\/gallery-puzic.com\/wp-content\/uploads\/2024\/11\/Brock-1155x1536.jpg 1155w, https:\/\/gallery-puzic.com\/wp-content\/uploads\/2024\/11\/Brock-1540x2048.jpg 1540w, https:\/\/gallery-puzic.com\/wp-content\/uploads\/2024\/11\/Brock-9x12.jpg 9w, https:\/\/gallery-puzic.com\/wp-content\/uploads\/2024\/11\/Brock-scaled.jpg 1924w\" sizes=\"(max-width: 226px) 100vw, 226px\" \/>\t\t\t\t\t\t\t\t\t\t\t<figcaption class=\"widget-image-caption wp-caption-text\">Rialto, \u00d6l auf Leinwand, 200x150cm, 2024 <\/figcaption>\n\t\t\t\t\t\t\t\t\t\t<\/figure>\n\t\t\t\t\t\t\t\t\t<\/div>\n\t\t\t\t<\/div>\n\t\t\t\t\t<\/div>\n\t\t<\/div>\n\t\t\t\t<div class=\"elementor-column elementor-col-25 elementor-top-column elementor-element elementor-element-be74367\" data-id=\"be74367\" data-element_type=\"column\" data-e-type=\"column\">\n\t\t\t<div class=\"elementor-widget-wrap elementor-element-populated\">\n\t\t\t\t\t\t<div class=\"elementor-element elementor-element-6f392b7 elementor-widget elementor-widget-image\" data-id=\"6f392b7\" data-element_type=\"widget\" data-e-type=\"widget\" data-widget_type=\"image.default\">\n\t\t\t\t<div class=\"elementor-widget-container\">\n\t\t\t\t\t\t\t\t\t\t\t\t<figure class=\"wp-caption\">\n\t\t\t\t\t\t\t\t\t\t<img decoding=\"async\" width=\"314\" height=\"232\" src=\"https:\/\/gallery-puzic.com\/wp-content\/uploads\/2023\/09\/Matthias-Brock-Malerei-20.jpg\" class=\"attachment-medium_large size-medium_large wp-image-1918\" alt=\"\" srcset=\"https:\/\/gallery-puzic.com\/wp-content\/uploads\/2023\/09\/Matthias-Brock-Malerei-20.jpg 314w, https:\/\/gallery-puzic.com\/wp-content\/uploads\/2023\/09\/Matthias-Brock-Malerei-20-300x222.jpg 300w\" sizes=\"(max-width: 314px) 100vw, 314px\" \/>\t\t\t\t\t\t\t\t\t\t\t<figcaption class=\"widget-image-caption wp-caption-text\">Les figues, \u00d6l auf Leinwand, 100x140cm, 2023<\/figcaption>\n\t\t\t\t\t\t\t\t\t\t<\/figure>\n\t\t\t\t\t\t\t\t\t<\/div>\n\t\t\t\t<\/div>\n\t\t\t\t\t<\/div>\n\t\t<\/div>\n\t\t\t\t<div class=\"elementor-column elementor-col-25 elementor-top-column elementor-element elementor-element-8dfb157\" data-id=\"8dfb157\" data-element_type=\"column\" data-e-type=\"column\">\n\t\t\t<div class=\"elementor-widget-wrap elementor-element-populated\">\n\t\t\t\t\t\t<div class=\"elementor-element elementor-element-d944dbc elementor-widget elementor-widget-image\" data-id=\"d944dbc\" data-element_type=\"widget\" data-e-type=\"widget\" data-widget_type=\"image.default\">\n\t\t\t\t<div class=\"elementor-widget-container\">\n\t\t\t\t\t\t\t\t\t\t\t\t<figure class=\"wp-caption\">\n\t\t\t\t\t\t\t\t\t\t<img decoding=\"async\" width=\"300\" height=\"300\" src=\"https:\/\/gallery-puzic.com\/wp-content\/uploads\/2023\/05\/Landing-M.-Brock-20-300x300.jpg\" class=\"attachment-medium size-medium wp-image-1042\" alt=\"\" srcset=\"https:\/\/gallery-puzic.com\/wp-content\/uploads\/2023\/05\/Landing-M.-Brock-20-300x300.jpg 300w, https:\/\/gallery-puzic.com\/wp-content\/uploads\/2023\/05\/Landing-M.-Brock-20-150x150.jpg 150w, https:\/\/gallery-puzic.com\/wp-content\/uploads\/2023\/05\/Landing-M.-Brock-20-768x768.jpg 768w, https:\/\/gallery-puzic.com\/wp-content\/uploads\/2023\/05\/Landing-M.-Brock-20.jpg 783w\" sizes=\"(max-width: 300px) 100vw, 300px\" \/>\t\t\t\t\t\t\t\t\t\t\t<figcaption class=\"widget-image-caption wp-caption-text\">Landung, \u00d6l auf Leinwand, 210x230cm, 2022<\/figcaption>\n\t\t\t\t\t\t\t\t\t\t<\/figure>\n\t\t\t\t\t\t\t\t\t<\/div>\n\t\t\t\t<\/div>\n\t\t\t\t\t<\/div>\n\t\t<\/div>\n\t\t\t\t<div class=\"elementor-column elementor-col-25 elementor-top-column elementor-element elementor-element-b242816\" data-id=\"b242816\" data-element_type=\"column\" data-e-type=\"column\">\n\t\t\t<div class=\"elementor-widget-wrap elementor-element-populated\">\n\t\t\t\t\t\t<div class=\"elementor-element elementor-element-87e375f elementor-widget elementor-widget-image\" data-id=\"87e375f\" data-element_type=\"widget\" data-e-type=\"widget\" data-widget_type=\"image.default\">\n\t\t\t\t<div class=\"elementor-widget-container\">\n\t\t\t\t\t\t\t\t\t\t\t\t<figure class=\"wp-caption\">\n\t\t\t\t\t\t\t\t\t\t<img loading=\"lazy\" decoding=\"async\" width=\"225\" height=\"300\" src=\"https:\/\/gallery-puzic.com\/wp-content\/uploads\/2024\/11\/Solitude-225x300.jpg\" class=\"attachment-medium size-medium wp-image-5558\" alt=\"\" srcset=\"https:\/\/gallery-puzic.com\/wp-content\/uploads\/2024\/11\/Solitude-225x300.jpg 225w, https:\/\/gallery-puzic.com\/wp-content\/uploads\/2024\/11\/Solitude-768x1024.jpg 768w, https:\/\/gallery-puzic.com\/wp-content\/uploads\/2024\/11\/Solitude-1152x1536.jpg 1152w, https:\/\/gallery-puzic.com\/wp-content\/uploads\/2024\/11\/Solitude-9x12.jpg 9w, https:\/\/gallery-puzic.com\/wp-content\/uploads\/2024\/11\/Solitude.jpg 1536w\" sizes=\"(max-width: 225px) 100vw, 225px\" \/>\t\t\t\t\t\t\t\t\t\t\t<figcaption class=\"widget-image-caption wp-caption-text\">Solitude, \u00d6l auf Leinwand, 240x180cm, 2021<\/figcaption>\n\t\t\t\t\t\t\t\t\t\t<\/figure>\n\t\t\t\t\t\t\t\t\t<\/div>\n\t\t\t\t<\/div>\n\t\t\t\t\t<\/div>\n\t\t<\/div>\n\t\t\t\t\t<\/div>\n\t\t<\/section>\n\t\t\t\t<section class=\"elementor-section elementor-top-section elementor-element elementor-element-7df7d6a elementor-section-boxed elementor-section-height-default elementor-section-height-default\" data-id=\"7df7d6a\" data-element_type=\"section\" data-e-type=\"section\">\n\t\t\t\t\t\t<div class=\"elementor-container elementor-column-gap-default\">\n\t\t\t\t\t<div class=\"elementor-column elementor-col-33 elementor-top-column elementor-element elementor-element-c2ad154\" data-id=\"c2ad154\" data-element_type=\"column\" data-e-type=\"column\">\n\t\t\t<div class=\"elementor-widget-wrap elementor-element-populated\">\n\t\t\t\t\t\t<div class=\"elementor-element elementor-element-8879662 elementor-widget elementor-widget-image\" data-id=\"8879662\" data-element_type=\"widget\" data-e-type=\"widget\" data-widget_type=\"image.default\">\n\t\t\t\t<div class=\"elementor-widget-container\">\n\t\t\t\t\t\t\t\t\t\t\t\t\t\t\t<img loading=\"lazy\" decoding=\"async\" width=\"300\" height=\"161\" src=\"https:\/\/gallery-puzic.com\/wp-content\/uploads\/2024\/11\/Brock-portrait-300x161.png\" class=\"attachment-medium size-medium wp-image-5556\" alt=\"\" srcset=\"https:\/\/gallery-puzic.com\/wp-content\/uploads\/2024\/11\/Brock-portrait-300x161.png 300w, https:\/\/gallery-puzic.com\/wp-content\/uploads\/2024\/11\/Brock-portrait-1024x548.png 1024w, https:\/\/gallery-puzic.com\/wp-content\/uploads\/2024\/11\/Brock-portrait-768x411.png 768w, https:\/\/gallery-puzic.com\/wp-content\/uploads\/2024\/11\/Brock-portrait-18x10.png 18w, https:\/\/gallery-puzic.com\/wp-content\/uploads\/2024\/11\/Brock-portrait.png 1509w\" sizes=\"(max-width: 300px) 100vw, 300px\" \/>\t\t\t\t\t\t\t\t\t\t\t\t\t\t\t<\/div>\n\t\t\t\t<\/div>\n\t\t\t\t\t<\/div>\n\t\t<\/div>\n\t\t\t\t<div class=\"elementor-column elementor-col-66 elementor-top-column elementor-element elementor-element-832e7fd\" data-id=\"832e7fd\" data-element_type=\"column\" data-e-type=\"column\">\n\t\t\t<div class=\"elementor-widget-wrap elementor-element-populated\">\n\t\t\t\t\t\t<div class=\"elementor-element elementor-element-4e9c204 elementor-widget elementor-widget-text-editor\" data-id=\"4e9c204\" data-element_type=\"widget\" data-e-type=\"widget\" data-widget_type=\"text-editor.default\">\n\t\t\t\t<div class=\"elementor-widget-container\">\n\t\t\t\t\t\t\t\t\t<p><strong>Matthias Brock\u00a0 |\u00a0 biography<\/strong><\/p><p>*1962\u00a0in Bielefeld\u00a0<\/p><p>Studium an der Kunstakademie M\u00fcnster\u00a0 bei den Professoren\u00a0 Johannes Brus und H.-J. Kuhna\u00a0<\/p><p>1988\u00a0Meistersch\u00fcler\u00a0<\/p><p>1995 Erstes Staatsexamen, Akademiebrief\u00a0<\/p><p>1993- 95\u00a0Lehrauftrag f\u00fcr Aktmalerei an der Kunstakademie M\u00fcnster\u00a0<\/p><p>Mitglied im K\u00fcnstlerverein Malkasten und im Verein der D\u00fcsseldorfer K\u00fcnstler<\/p><p>Lebt und arbeitet in K\u00f6ln<\/p><p>+\u00a0 +\u00a0 +<\/p><p><em>Preise und Stipendien<\/em><\/p><p>1995\u00a0Kunstpreis des Landesverbandes Lippe\u00a0<\/p><p>1999\u00a0F\u00f6rderpreis der Darmst\u00e4dter Sezession\u00a0<\/p><p>2000\/2016\/2019 Atelier in der Cit\u00e9 Internationale des Arts, Paris<\/p><p><em>Einzelausstellungen (Auswahl)<\/em><\/p><p>1988 Galerie &#8222;Im Kalkmarkt&#8220;, M\u00fcnster\u00a0<\/p><p>1989\u00a0Galerie CO 10, D\u00fcsseldorf;<\/p><p>Kunsthaus Pinx, Bochum\u00a0<\/p><p>1992\u00a0Galerie CO 10, D\u00fcsseldorf;\u00a0<\/p><p>Schlossgalerie Nordkirchen;\u00a0<\/p><p>&#8222;Raum 109&#8220;, Kunstakademie M\u00fcnster\u00a0<\/p><p>1993\u00a0Benno-Haus, M\u00fcnster;\u00a0<\/p><p>Galerie CO 10, D\u00fcsseldorf (Katalog)\u00a0<\/p><p>1995\u00a0Robert-K\u00f6pke-Haus, Schieder-Schwalenberg;\u00a0<\/p><p>Galerie CO 10, D\u00fcsseldorf\u00a0<\/p><p>1996\u00a0Kunsthaus Pinx, Bochum\u00a0<\/p><p>1997\u00a0Galerie Skala, K\u00f6ln;\u00a0<\/p><p>St\u00e4dtische Galerie Altena;\u00a0<\/p><p>Kreisheimathaus Tecklenburg;\u00a0<\/p><p>Kunstverein D\u00fclmen;\u00a0<\/p><p>St\u00e4dtische Galerie Wesseling\u00a0<\/p><p>1998\u00a0Justizministerium des Landes NRW, D\u00fcsseldorf;\u00a0<\/p><p>Galerie Skala, K\u00f6ln: Einzelpr\u00e4sentation auf der ART Frankfurt;\u00a0<\/p><p>Institut f\u00fcr Lippische Landeskunde, Orangerie Schlo\u00df Brake, Lemgo;\u00a0<\/p><p>Galerie CO 10, D\u00fcsseldorf (Katalog)\u00a0<\/p><p>1999\u00a0Flughafengalerie Paderborn;\u00a0<\/p><p>Galerie Kallenbach, Sinzig;\u00a0<\/p><p>Galerie Barbara Hendriks, La Geria de Yaiza, Lanzarote, Spanien;\u00a0<\/p><p>2000\u00a0Kunstverein Mettmann;\u00a0<\/p><p>Cit\u00e9 Internationale des Arts, Paris;\u00a0<\/p><p>Galerie Skala, K\u00f6ln;\u00a0<\/p><p>Galerie H\u00fcter, Willich\u00a0<\/p><p>2001\u00a0Kunstverein Unna;\u00a0<\/p><p>Kunstverein Hilden;\u00a0<\/p><p>Galerie Niepel bei Morawitz, D\u00fcsseldorf\u00a0<\/p><p>2002\u00a0Rathausgalerie Bergheim;\u00a0<\/p><p>Galerie Skala, K\u00f6ln\u00a0<\/p><p>2003\u00a0KunstSalon, K\u00f6ln;\u00a0<\/p><p>Palmengarten, Frankfurt\/M.;\u00a0<\/p><p>&#8222;Das Wort&#8220;, St. Audomar, Frechen\u00a0<\/p><p>2004\u00a0Museum Am Burghof, Springe;\u00a0<\/p><p>B\u00fcchner-Haus, Riedstadt-Goddelau;\u00a0<\/p><p>Forum Wasserturm, Meerbusch;<\/p><p>Oberfinanzdirektion M\u00fcnster (Katalog)\u00a0<\/p><p>2005\u00a0Kunstkreis Hameln;\u00a0<\/p><p>Galerie Caprice Horn, Berlin;\u00a0<\/p><p>Landtag NRW, D\u00fcsseldorf\u00a0<\/p><p>2006\u00a0Landeskulturzentrum Ursulinenhof, Linz (\u00d6sterreich);\u00a0<\/p><p>Galerie Skala, K\u00f6ln;\u00a0<\/p><p>Galerie Angelika Kallenbach, Bonn;\u00a0<\/p><p>Robert-Koepke-Haus, Schwalenberg\u00a0<\/p><p>2007\u00a0Kunstverein Oberhausen;\u00a0<\/p><p>Galerie 48, Saarbr\u00fccken;\u00a0<\/p><p>St\u00e4dtische Galerie Haus Spiess, Erkelenz\u00a0<\/p><p>2008\u00a0Museum Schloss Fellenberg, Merzig (Katalog)\u00a0<\/p><p>2009\u00a0Kunstverein Melle\/Osnabr\u00fcck\u00a0<\/p><p>2010\u00a0Thomas-Morus-Akademie, Bergisch-Gladbach;\u00a0<\/p><p>Medio Rhein-Erft, Bergheim;\u00a0<\/p><p>Kulturring Meschede (Katalog)\u00a0<\/p><p>2011\u00a0Galerie Martina Diers, Wuppertal\u00a0<\/p><p>2012\u00a0Kunstverein Wesseling;\u00a0<\/p><p>Kunstverein Schwetzingen (Katalog)\u00a0<\/p><p>2013\u00a0Kunstverein Salzgitter (Katalog);\u00a0<\/p><p>Galerie Gunzenhauser, M\u00fcnchen;\u00a0<\/p><p>Kunstverein Worms (mit E. Weckes)\u00a0<\/p><p>2014\u00a0Hallescher Kunstverein, Halle\/Saale;\u00a0<\/p><p>Galerie Niepel bei Morawitz, D\u00fcsseldorf\u00a0<\/p><p>2015\u00a0Galerie Stefan Bartsch, M\u00fcnchen;\u00a0<\/p><p>Kunstverein Sch\u00f6ningen\u00a0<\/p><p>2016\u00a0Kunstverein Uelzen (Katalog);<\/p><p>Cit\u00e9 Internationale des Arts, Paris\u00a0<\/p><p>2017\u00a0Museum Z\u00fcndorfer Wehrturm, K\u00f6ln;<\/p><p>Stiftung Burg Kniphausen, Wilhelmshaven (mit Sigrun Brock)<\/p><p>2018\u00a0Kunsthalle Lindenthal, K\u00f6ln<\/p><p>(mit Sigrun Brock)<\/p><p>2019\u00a0Cit\u00e9 Internationale des Arts, Paris;<\/p><p>Kunstverein Ottobrunn;<\/p><p>Kreishausgalerie, Bergheim (Katalog);<\/p><p>Galerie Kunstraub 99, K\u00f6ln<\/p><p>2020\u00a0Kunstverein Bad Godesberg<\/p><p>2021\u00a0St\u00e4dtisches Museum Kalkar (Katalog)<\/p><p>2023\u00a0Galerie Puzi\u0107, Saarbr\u00fccken<\/p><p>2024\u00a0Kunstverein Husum;<\/p><p>Kunstverein L\u00fcbbecke;<\/p><p>KunstRaum St. Theodor, K\u00f6ln;<\/p><p>Museum Kloster Kamp, Kamp-Lintfort;<\/p><p>Rathaus Stadt Rees\/Niederrhein<\/p><p>2025\u00a0Kunstverein Eisenturm, Mainz;<\/p><p>Kunstkreis Hameln<\/p>\t\t\t\t\t\t\t\t<\/div>\n\t\t\t\t<\/div>\n\t\t\t\t\t<\/div>\n\t\t<\/div>\n\t\t\t\t\t<\/div>\n\t\t<\/section>\n\t\t\t\t<section class=\"elementor-section elementor-top-section elementor-element elementor-element-a2fdd65 elementor-section-boxed elementor-section-height-default elementor-section-height-default\" data-id=\"a2fdd65\" data-element_type=\"section\" data-e-type=\"section\">\n\t\t\t\t\t\t<div class=\"elementor-container elementor-column-gap-default\">\n\t\t\t\t\t<div class=\"elementor-column elementor-col-100 elementor-top-column elementor-element elementor-element-db8e3a9\" data-id=\"db8e3a9\" data-element_type=\"column\" data-e-type=\"column\">\n\t\t\t<div class=\"elementor-widget-wrap elementor-element-populated\">\n\t\t\t\t\t\t<div class=\"elementor-element elementor-element-50f7a33 elementor-widget elementor-widget-spacer\" data-id=\"50f7a33\" data-element_type=\"widget\" data-e-type=\"widget\" data-widget_type=\"spacer.default\">\n\t\t\t\t<div class=\"elementor-widget-container\">\n\t\t\t\t\t\t\t<div class=\"elementor-spacer\">\n\t\t\t<div class=\"elementor-spacer-inner\"><\/div>\n\t\t<\/div>\n\t\t\t\t\t\t<\/div>\n\t\t\t\t<\/div>\n\t\t\t\t\t<\/div>\n\t\t<\/div>\n\t\t\t\t\t<\/div>\n\t\t<\/section>\n\t\t\t\t<\/div>","protected":false},"excerpt":{"rendered":"<p>MATTHIAS BROCK artworks biography Rialto, \u00d6l auf Leinwand, 200x150cm, 2024 Les figues, \u00d6l auf Leinwand, 100x140cm, 2023 Landung, \u00d6l auf Leinwand, 210x230cm, 2022 Solitude, \u00d6l auf Leinwand, 240x180cm, 2021 Matthias Brock\u00a0 |\u00a0 biography *1962\u00a0in Bielefeld\u00a0 Studium an der Kunstakademie M\u00fcnster\u00a0 bei den Professoren\u00a0 Johannes Brus und H.-J. Kuhna\u00a0 1988\u00a0Meistersch\u00fcler\u00a0 1995 Erstes Staatsexamen, Akademiebrief\u00a0 1993- 95\u00a0Lehrauftrag [&hellip;]<\/p>\n","protected":false},"author":2,"featured_media":0,"parent":0,"menu_order":0,"comment_status":"closed","ping_status":"closed","template":"","meta":{"footnotes":""},"class_list":["post-6233","page","type-page","status-publish","hentry"],"_links":{"self":[{"href":"https:\/\/gallery-puzic.com\/en\/wp-json\/wp\/v2\/pages\/6233","targetHints":{"allow":["GET"]}}],"collection":[{"href":"https:\/\/gallery-puzic.com\/en\/wp-json\/wp\/v2\/pages"}],"about":[{"href":"https:\/\/gallery-puzic.com\/en\/wp-json\/wp\/v2\/types\/page"}],"author":[{"embeddable":true,"href":"https:\/\/gallery-puzic.com\/en\/wp-json\/wp\/v2\/users\/2"}],"replies":[{"embeddable":true,"href":"https:\/\/gallery-puzic.com\/en\/wp-json\/wp\/v2\/comments?post=6233"}],"version-history":[{"count":28,"href":"https:\/\/gallery-puzic.com\/en\/wp-json\/wp\/v2\/pages\/6233\/revisions"}],"predecessor-version":[{"id":6263,"href":"https:\/\/gallery-puzic.com\/en\/wp-json\/wp\/v2\/pages\/6233\/revisions\/6263"}],"wp:attachment":[{"href":"https:\/\/gallery-puzic.com\/en\/wp-json\/wp\/v2\/media?parent=6233"}],"curies":[{"name":"wp","href":"https:\/\/api.w.org\/{rel}","templated":true}]}}