{"id":6204,"date":"2025-02-25T16:19:47","date_gmt":"2025-02-25T16:19:47","guid":{"rendered":"https:\/\/gallery-puzic.com\/?page_id=6204"},"modified":"2025-02-25T17:14:21","modified_gmt":"2025-02-25T17:14:21","slug":"markus-f-strieder","status":"publish","type":"page","link":"https:\/\/gallery-puzic.com\/en\/markus-f-strieder\/","title":{"rendered":"Markus F. Strieder"},"content":{"rendered":"<div data-elementor-type=\"wp-page\" data-elementor-id=\"6204\" class=\"elementor elementor-6204\">\n\t\t\t\t\t\t<section class=\"elementor-section elementor-top-section elementor-element elementor-element-6e21f2f elementor-section-boxed elementor-section-height-default elementor-section-height-default\" data-id=\"6e21f2f\" data-element_type=\"section\" data-e-type=\"section\">\n\t\t\t\t\t\t<div class=\"elementor-container elementor-column-gap-default\">\n\t\t\t\t\t<div class=\"elementor-column elementor-col-100 elementor-top-column elementor-element elementor-element-c9ee52a\" data-id=\"c9ee52a\" data-element_type=\"column\" data-e-type=\"column\">\n\t\t\t<div class=\"elementor-widget-wrap elementor-element-populated\">\n\t\t\t\t\t\t<div class=\"elementor-element elementor-element-4543ee8 elementor-widget-divider--view-line elementor-widget elementor-widget-divider\" data-id=\"4543ee8\" data-element_type=\"widget\" data-e-type=\"widget\" data-widget_type=\"divider.default\">\n\t\t\t\t<div class=\"elementor-widget-container\">\n\t\t\t\t\t\t\t<div class=\"elementor-divider\">\n\t\t\t<span class=\"elementor-divider-separator\">\n\t\t\t\t\t\t<\/span>\n\t\t<\/div>\n\t\t\t\t\t\t<\/div>\n\t\t\t\t<\/div>\n\t\t\t\t\t<\/div>\n\t\t<\/div>\n\t\t\t\t\t<\/div>\n\t\t<\/section>\n\t\t\t\t<section class=\"elementor-section elementor-top-section elementor-element elementor-element-9a207c9 elementor-section-boxed elementor-section-height-default elementor-section-height-default\" data-id=\"9a207c9\" data-element_type=\"section\" data-e-type=\"section\">\n\t\t\t\t\t\t<div class=\"elementor-container elementor-column-gap-default\">\n\t\t\t\t\t<div class=\"elementor-column elementor-col-100 elementor-top-column elementor-element elementor-element-7885c54\" data-id=\"7885c54\" data-element_type=\"column\" data-e-type=\"column\">\n\t\t\t<div class=\"elementor-widget-wrap elementor-element-populated\">\n\t\t\t\t\t\t<div class=\"elementor-element elementor-element-67899c2 elementor-widget elementor-widget-text-editor\" data-id=\"67899c2\" data-element_type=\"widget\" data-e-type=\"widget\" data-widget_type=\"text-editor.default\">\n\t\t\t\t<div class=\"elementor-widget-container\">\n\t\t\t\t\t\t\t\t\t<h3><strong>MARKUS F. STRIEDER<\/strong><\/h3>\t\t\t\t\t\t\t\t<\/div>\n\t\t\t\t<\/div>\n\t\t\t\t\t<\/div>\n\t\t<\/div>\n\t\t\t\t\t<\/div>\n\t\t<\/section>\n\t\t\t\t<section class=\"elementor-section elementor-top-section elementor-element elementor-element-fcde212 elementor-section-boxed elementor-section-height-default elementor-section-height-default\" data-id=\"fcde212\" data-element_type=\"section\" data-e-type=\"section\">\n\t\t\t\t\t\t<div class=\"elementor-container elementor-column-gap-default\">\n\t\t\t\t\t<div class=\"elementor-column elementor-col-100 elementor-top-column elementor-element elementor-element-068f18a\" data-id=\"068f18a\" data-element_type=\"column\" data-e-type=\"column\">\n\t\t\t<div class=\"elementor-widget-wrap elementor-element-populated\">\n\t\t\t\t\t\t<div class=\"elementor-element elementor-element-18545f3 elementor-widget-divider--view-line elementor-widget elementor-widget-divider\" data-id=\"18545f3\" data-element_type=\"widget\" data-e-type=\"widget\" data-widget_type=\"divider.default\">\n\t\t\t\t<div class=\"elementor-widget-container\">\n\t\t\t\t\t\t\t<div class=\"elementor-divider\">\n\t\t\t<span class=\"elementor-divider-separator\">\n\t\t\t\t\t\t<\/span>\n\t\t<\/div>\n\t\t\t\t\t\t<\/div>\n\t\t\t\t<\/div>\n\t\t\t\t\t<\/div>\n\t\t<\/div>\n\t\t\t\t\t<\/div>\n\t\t<\/section>\n\t\t\t\t<section class=\"elementor-section elementor-top-section elementor-element elementor-element-12a3e0f elementor-section-boxed elementor-section-height-default elementor-section-height-default\" data-id=\"12a3e0f\" data-element_type=\"section\" data-e-type=\"section\">\n\t\t\t\t\t\t<div class=\"elementor-container elementor-column-gap-default\">\n\t\t\t\t\t<div class=\"elementor-column elementor-col-25 elementor-top-column elementor-element elementor-element-f218010\" data-id=\"f218010\" data-element_type=\"column\" data-e-type=\"column\">\n\t\t\t<div class=\"elementor-widget-wrap\">\n\t\t\t\t\t\t\t<\/div>\n\t\t<\/div>\n\t\t\t\t<div class=\"elementor-column elementor-col-25 elementor-top-column elementor-element elementor-element-ff51a2a\" data-id=\"ff51a2a\" data-element_type=\"column\" data-e-type=\"column\">\n\t\t\t<div class=\"elementor-widget-wrap elementor-element-populated\">\n\t\t\t\t\t\t<div class=\"elementor-element elementor-element-4413cbc elementor-widget elementor-widget-text-editor\" data-id=\"4413cbc\" data-element_type=\"widget\" data-e-type=\"widget\" data-widget_type=\"text-editor.default\">\n\t\t\t\t<div class=\"elementor-widget-container\">\n\t\t\t\t\t\t\t\t\t<p>artworks<\/p>\t\t\t\t\t\t\t\t<\/div>\n\t\t\t\t<\/div>\n\t\t\t\t\t<\/div>\n\t\t<\/div>\n\t\t\t\t<div class=\"elementor-column elementor-col-25 elementor-top-column elementor-element elementor-element-686d3a4\" data-id=\"686d3a4\" data-element_type=\"column\" data-e-type=\"column\">\n\t\t\t<div class=\"elementor-widget-wrap\">\n\t\t\t\t\t\t\t<\/div>\n\t\t<\/div>\n\t\t\t\t<div class=\"elementor-column elementor-col-25 elementor-top-column elementor-element elementor-element-6b02fcb\" data-id=\"6b02fcb\" data-element_type=\"column\" data-e-type=\"column\">\n\t\t\t<div class=\"elementor-widget-wrap elementor-element-populated\">\n\t\t\t\t\t\t<div class=\"elementor-element elementor-element-f6d7447 elementor-widget elementor-widget-text-editor\" data-id=\"f6d7447\" data-element_type=\"widget\" data-e-type=\"widget\" data-widget_type=\"text-editor.default\">\n\t\t\t\t<div class=\"elementor-widget-container\">\n\t\t\t\t\t\t\t\t\t<p>biography<\/p>\t\t\t\t\t\t\t\t<\/div>\n\t\t\t\t<\/div>\n\t\t\t\t\t<\/div>\n\t\t<\/div>\n\t\t\t\t\t<\/div>\n\t\t<\/section>\n\t\t\t\t<section class=\"elementor-section elementor-top-section elementor-element elementor-element-6d69863 elementor-section-boxed elementor-section-height-default elementor-section-height-default\" data-id=\"6d69863\" data-element_type=\"section\" data-e-type=\"section\">\n\t\t\t\t\t\t<div class=\"elementor-container elementor-column-gap-default\">\n\t\t\t\t\t<div class=\"elementor-column elementor-col-33 elementor-top-column elementor-element elementor-element-f92f91e\" data-id=\"f92f91e\" data-element_type=\"column\" data-e-type=\"column\">\n\t\t\t<div class=\"elementor-widget-wrap elementor-element-populated\">\n\t\t\t\t\t\t<div class=\"elementor-element elementor-element-de27f75 elementor-widget elementor-widget-image\" data-id=\"de27f75\" data-element_type=\"widget\" data-e-type=\"widget\" data-widget_type=\"image.default\">\n\t\t\t\t<div class=\"elementor-widget-container\">\n\t\t\t\t\t\t\t\t\t\t\t\t<figure class=\"wp-caption\">\n\t\t\t\t\t\t\t\t\t\t<img fetchpriority=\"high\" decoding=\"async\" width=\"300\" height=\"268\" src=\"https:\/\/gallery-puzic.com\/wp-content\/uploads\/2025\/02\/etreinte-zweiteilig-11x12x12cm-2024-300x268.png\" class=\"attachment-medium size-medium wp-image-6216\" alt=\"\" srcset=\"https:\/\/gallery-puzic.com\/wp-content\/uploads\/2025\/02\/etreinte-zweiteilig-11x12x12cm-2024-300x268.png 300w, https:\/\/gallery-puzic.com\/wp-content\/uploads\/2025\/02\/etreinte-zweiteilig-11x12x12cm-2024-13x12.png 13w, https:\/\/gallery-puzic.com\/wp-content\/uploads\/2025\/02\/etreinte-zweiteilig-11x12x12cm-2024.png 305w\" sizes=\"(max-width: 300px) 100vw, 300px\" \/>\t\t\t\t\t\t\t\t\t\t\t<figcaption class=\"widget-image-caption wp-caption-text\">\u00e9treinte, zweiteilig, forged steel, 11x12x12cm 2024<\/figcaption>\n\t\t\t\t\t\t\t\t\t\t<\/figure>\n\t\t\t\t\t\t\t\t\t<\/div>\n\t\t\t\t<\/div>\n\t\t\t\t\t<\/div>\n\t\t<\/div>\n\t\t\t\t<div class=\"elementor-column elementor-col-33 elementor-top-column elementor-element elementor-element-18757cf\" data-id=\"18757cf\" data-element_type=\"column\" data-e-type=\"column\">\n\t\t\t<div class=\"elementor-widget-wrap elementor-element-populated\">\n\t\t\t\t\t\t<div class=\"elementor-element elementor-element-4d5d810 elementor-widget elementor-widget-image\" data-id=\"4d5d810\" data-element_type=\"widget\" data-e-type=\"widget\" data-widget_type=\"image.default\">\n\t\t\t\t<div class=\"elementor-widget-container\">\n\t\t\t\t\t\t\t\t\t\t\t\t<figure class=\"wp-caption\">\n\t\t\t\t\t\t\t\t\t\t<img decoding=\"async\" width=\"287\" height=\"300\" src=\"https:\/\/gallery-puzic.com\/wp-content\/uploads\/2025\/02\/relation-zweiteilig-21x75x85cm-2018-287x300.png\" class=\"attachment-medium size-medium wp-image-6215\" alt=\"\" srcset=\"https:\/\/gallery-puzic.com\/wp-content\/uploads\/2025\/02\/relation-zweiteilig-21x75x85cm-2018-287x300.png 287w, https:\/\/gallery-puzic.com\/wp-content\/uploads\/2025\/02\/relation-zweiteilig-21x75x85cm-2018-11x12.png 11w, https:\/\/gallery-puzic.com\/wp-content\/uploads\/2025\/02\/relation-zweiteilig-21x75x85cm-2018.png 300w\" sizes=\"(max-width: 287px) 100vw, 287px\" \/>\t\t\t\t\t\t\t\t\t\t\t<figcaption class=\"widget-image-caption wp-caption-text\">r\u00e9lation,  zweiteilig, forged steel, 21x7,5x8,5cm 2018<\/figcaption>\n\t\t\t\t\t\t\t\t\t\t<\/figure>\n\t\t\t\t\t\t\t\t\t<\/div>\n\t\t\t\t<\/div>\n\t\t\t\t\t<\/div>\n\t\t<\/div>\n\t\t\t\t<div class=\"elementor-column elementor-col-33 elementor-top-column elementor-element elementor-element-75f227a\" data-id=\"75f227a\" data-element_type=\"column\" data-e-type=\"column\">\n\t\t\t<div class=\"elementor-widget-wrap elementor-element-populated\">\n\t\t\t\t\t\t<div class=\"elementor-element elementor-element-0c3bf74 elementor-widget elementor-widget-image\" data-id=\"0c3bf74\" data-element_type=\"widget\" data-e-type=\"widget\" data-widget_type=\"image.default\">\n\t\t\t\t<div class=\"elementor-widget-container\">\n\t\t\t\t\t\t\t\t\t\t\t\t<figure class=\"wp-caption\">\n\t\t\t\t\t\t\t\t\t\t<img decoding=\"async\" width=\"269\" height=\"300\" src=\"https:\/\/gallery-puzic.com\/wp-content\/uploads\/2025\/02\/etreinte-zweiteilig-forged-steel-10x95x95-cm-1014--269x300.png\" class=\"attachment-medium size-medium wp-image-6214\" alt=\"\" srcset=\"https:\/\/gallery-puzic.com\/wp-content\/uploads\/2025\/02\/etreinte-zweiteilig-forged-steel-10x95x95-cm-1014--269x300.png 269w, https:\/\/gallery-puzic.com\/wp-content\/uploads\/2025\/02\/etreinte-zweiteilig-forged-steel-10x95x95-cm-1014--768x856.png 768w, https:\/\/gallery-puzic.com\/wp-content\/uploads\/2025\/02\/etreinte-zweiteilig-forged-steel-10x95x95-cm-1014--11x12.png 11w, https:\/\/gallery-puzic.com\/wp-content\/uploads\/2025\/02\/etreinte-zweiteilig-forged-steel-10x95x95-cm-1014-.png 829w\" sizes=\"(max-width: 269px) 100vw, 269px\" \/>\t\t\t\t\t\t\t\t\t\t\t<figcaption class=\"widget-image-caption wp-caption-text\">\u00e9treinte, zweiteilig, forged steel, 15x28x28cm, 2024<\/figcaption>\n\t\t\t\t\t\t\t\t\t\t<\/figure>\n\t\t\t\t\t\t\t\t\t<\/div>\n\t\t\t\t<\/div>\n\t\t\t\t\t<\/div>\n\t\t<\/div>\n\t\t\t\t\t<\/div>\n\t\t<\/section>\n\t\t\t\t<section class=\"elementor-section elementor-top-section elementor-element elementor-element-a58af35 elementor-section-boxed elementor-section-height-default elementor-section-height-default\" data-id=\"a58af35\" data-element_type=\"section\" data-e-type=\"section\">\n\t\t\t\t\t\t<div class=\"elementor-container elementor-column-gap-default\">\n\t\t\t\t\t<div class=\"elementor-column elementor-col-100 elementor-top-column elementor-element elementor-element-ee334fe\" data-id=\"ee334fe\" data-element_type=\"column\" data-e-type=\"column\">\n\t\t\t<div class=\"elementor-widget-wrap elementor-element-populated\">\n\t\t\t\t\t\t<div class=\"elementor-element elementor-element-582e440 elementor-widget elementor-widget-spacer\" data-id=\"582e440\" data-element_type=\"widget\" data-e-type=\"widget\" data-widget_type=\"spacer.default\">\n\t\t\t\t<div class=\"elementor-widget-container\">\n\t\t\t\t\t\t\t<div class=\"elementor-spacer\">\n\t\t\t<div class=\"elementor-spacer-inner\"><\/div>\n\t\t<\/div>\n\t\t\t\t\t\t<\/div>\n\t\t\t\t<\/div>\n\t\t\t\t\t<\/div>\n\t\t<\/div>\n\t\t\t\t\t<\/div>\n\t\t<\/section>\n\t\t\t\t<section class=\"elementor-section elementor-top-section elementor-element elementor-element-6133271 elementor-section-boxed elementor-section-height-default elementor-section-height-default\" data-id=\"6133271\" data-element_type=\"section\" data-e-type=\"section\">\n\t\t\t\t\t\t<div class=\"elementor-container elementor-column-gap-default\">\n\t\t\t\t\t<div class=\"elementor-column elementor-col-33 elementor-top-column elementor-element elementor-element-70210a9\" data-id=\"70210a9\" data-element_type=\"column\" data-e-type=\"column\">\n\t\t\t<div class=\"elementor-widget-wrap elementor-element-populated\">\n\t\t\t\t\t\t<div class=\"elementor-element elementor-element-c15a6f7 elementor-widget elementor-widget-image\" data-id=\"c15a6f7\" data-element_type=\"widget\" data-e-type=\"widget\" data-widget_type=\"image.default\">\n\t\t\t\t<div class=\"elementor-widget-container\">\n\t\t\t\t\t\t\t\t\t\t\t\t\t\t\t<img loading=\"lazy\" decoding=\"async\" width=\"300\" height=\"225\" src=\"https:\/\/gallery-puzic.com\/wp-content\/uploads\/2025\/02\/Markus-F-Strieder-300x225.jpeg\" class=\"attachment-medium size-medium wp-image-6213\" alt=\"\" srcset=\"https:\/\/gallery-puzic.com\/wp-content\/uploads\/2025\/02\/Markus-F-Strieder-300x225.jpeg 300w, https:\/\/gallery-puzic.com\/wp-content\/uploads\/2025\/02\/Markus-F-Strieder-16x12.jpeg 16w, https:\/\/gallery-puzic.com\/wp-content\/uploads\/2025\/02\/Markus-F-Strieder.jpeg 556w\" sizes=\"(max-width: 300px) 100vw, 300px\" \/>\t\t\t\t\t\t\t\t\t\t\t\t\t\t\t<\/div>\n\t\t\t\t<\/div>\n\t\t\t\t\t<\/div>\n\t\t<\/div>\n\t\t\t\t<div class=\"elementor-column elementor-col-66 elementor-top-column elementor-element elementor-element-ff8df7d\" data-id=\"ff8df7d\" data-element_type=\"column\" data-e-type=\"column\">\n\t\t\t<div class=\"elementor-widget-wrap elementor-element-populated\">\n\t\t\t\t\t\t<div class=\"elementor-element elementor-element-1f97791 elementor-widget elementor-widget-text-editor\" data-id=\"1f97791\" data-element_type=\"widget\" data-e-type=\"widget\" data-widget_type=\"text-editor.default\">\n\t\t\t\t<div class=\"elementor-widget-container\">\n\t\t\t\t\t\t\t\t\t<p><strong>Markus F. Strieder\u00a0 |\u00a0 biography<\/strong><\/p><p class=\"p1\">*1961 born in Innsbruck, Austria<\/p><p class=\"p1\">based in Rh\u00f4ne-Alpes, France and Karlsruhe, Germany<\/p><p class=\"p1\"><em>Education<\/em><\/p><p class=\"p1\">2005 Professor ad interim, ESAD \u2013 \u00c9cole sup\u00e9rieure d\u2019art et design, Grenoble, France<\/p><p class=\"p1\">1984 \u2013 1990 Staatliche Akademie der Bildenden Ku\u0308nste Stuttgart, Germany, with Prof. Ju\u0308rgen Brodwolf<\/p><p class=\"p1\"><em>Prizes, Grants &amp; Residencies<\/em><\/p><p class=\"p1\">2012 Helmut Baumann Prize, Kunsthalle G\u00f6ppingen, Germany<\/p><p class=\"p1\">1996 Grant in the department of Teaching, Art and Culture, Vienna, Austria<\/p><p class=\"p1\">Residency at Egon Schiele art center in Krumau, Czech Republic<\/p><p class=\"p1\">1994 Prize for Drawing, Foundation Louise Hornung, Lyon, France<\/p><p class=\"p1\">1990 Akademiepreis<\/p><p><em>Selected Shows<\/em><\/p><p class=\"p1\">2021 Werkeugen \u2013 Berlin, galerie burster, Berlin, Germany<\/p><p class=\"p1\">2020 Aur\u00e9lie Nemours &amp; les artistes de la galerie, galerie gimpel &amp; mu\u0308ller, Paris,<\/p><p class=\"p1\">France<\/p><p class=\"p1\">s\u00e9lection Art Paris, galerie gimpel &amp; mu\u0308ller, Paris, France<\/p><p class=\"p1\">Imm\u00e9moriale \u2013 Objekte, Skulpturen, with Bodo Korsig, galerie p13,<\/p><p class=\"p1\">Heidelberg, Germany<\/p><p class=\"p1\">in between, Galerie Fetzer, Sontheim an der Brenz, Germany<\/p><p class=\"p1\">Ausgew\u00e4hlt, Galerie Werner Wohlhu\u0308ter, Leibertingen, Germany<\/p><p class=\"p1\">2019 Tyroliennes, galerie burster, Berlin, Germany<\/p><p class=\"p1\">2018 Das Schwere und das Leichte, Kunst am Bau, Stammheim, Germany<\/p><p class=\"p1\">Mon\u00e1s, St\u00e4dtische Galerie Tuttlingen, Germany<\/p><p class=\"p1\">2017 black\/white &amp; friends, galerie burster, Berlin, Germany<\/p><p class=\"p1\">Geschl\u00e4ngelt, Stiftung Proarte Biberach, Germany<\/p><p class=\"p1\">Turmbau II, Dominikanermuseum Rottweil, Germany<\/p><p class=\"p1\">2016 Die Kunst des Handelns, Galerie Knecht &amp; Burster, Karlsruhe<\/p><p class=\"p1\">2015 3 positions of sculpture galerie burster, Berlin, Germany<\/p><p class=\"p1\">2014 Steel sculpture in Germany, Kunstverein Ettlingen, Germany<\/p><p class=\"p2\">galerie burster berlin | karlsruhe<\/p><p class=\"p1\">2013 Mus\u00e9e d\u2019Art moderne, St.Etienne, France<\/p><p class=\"p1\">Skulpturen und Zeichnungen, Kunsthalle Wil, Switzerland<\/p><p class=\"p1\">2012 Formation \u2013 Stahlplastik und Zeichnung, Kunstverein Reutlingen, Germany<\/p><p class=\"p1\">2011 Galerie Wohlhu\u0308ter, Leibertingen, Germany<\/p><p class=\"p1\">Galerie Zeitkunst, Kitzbu\u0308hel, Austria<\/p><p class=\"p1\">Malerei\/Skulptur, with Jan Kromke, Galerie Abtart, Stuttgart, Germany<\/p><p class=\"p1\">2010 Kunstverein Leonberg, Germany<\/p><p class=\"p1\">Metal: Works Museum Biedemann, Donaueschingen, Germany<\/p><p class=\"p1\">2009 St\u00e4dtisches Kunstmuseum Singen, Germany<\/p><p class=\"p1\"><em>Public Collections<\/em><\/p><p class=\"p1\">Sammlung der Stadt Innsbruck, Austria<\/p><p class=\"p1\">Grafische Sammlung Museum Heidenheim, Germany<\/p><p class=\"p1\">Land Tirol, Austria<\/p><p class=\"p1\">Bundesministerium fu\u0308r Kunst, Wien, Austria<\/p><p class=\"p1\">Universit\u00e4t Innsbruck, Austria<\/p><p class=\"p1\">St\u00e4dtische Galerie St. Fons, France<\/p><p class=\"p1\">Mus\u00e9e Geo-Charles Echirolles. France<\/p><p class=\"p1\">Regierungspr\u00e4sidium Tu\u0308bingen, Germany<\/p><p class=\"p1\">Egon Schiele Zentrum, Krumau, Czech Republic<\/p><p class=\"p1\">Kunstmuseum Passau, Germany<\/p><p class=\"p1\">St\u00e4dtische Galerie Villingen-Schwenningen<\/p><p class=\"p1\">Sammlung Wu\u0308rth, Germany<\/p><p class=\"p1\">Museum Art Plus, Donaueschingen, Germany<\/p><p class=\"p1\">Sammlung der Stadt Rottweil, Germany<\/p><p class=\"p1\">Sammlung Pro-Arte Biberach, Germany<\/p><p>\u00a0<\/p>\t\t\t\t\t\t\t\t<\/div>\n\t\t\t\t<\/div>\n\t\t\t\t\t<\/div>\n\t\t<\/div>\n\t\t\t\t\t<\/div>\n\t\t<\/section>\n\t\t\t\t<section class=\"elementor-section elementor-top-section elementor-element elementor-element-b8ee38d elementor-section-boxed elementor-section-height-default elementor-section-height-default\" data-id=\"b8ee38d\" data-element_type=\"section\" data-e-type=\"section\">\n\t\t\t\t\t\t<div class=\"elementor-container elementor-column-gap-default\">\n\t\t\t\t\t<div class=\"elementor-column elementor-col-100 elementor-top-column elementor-element elementor-element-9a00157\" data-id=\"9a00157\" data-element_type=\"column\" data-e-type=\"column\">\n\t\t\t<div class=\"elementor-widget-wrap elementor-element-populated\">\n\t\t\t\t\t\t<div class=\"elementor-element elementor-element-aa94d49 elementor-widget elementor-widget-text-editor\" data-id=\"aa94d49\" data-element_type=\"widget\" data-e-type=\"widget\" data-widget_type=\"text-editor.default\">\n\t\t\t\t<div class=\"elementor-widget-container\">\n\t\t\t\t\t\t\t\t\t<p>Artist statement:&nbsp;<\/p>\n<p><strong><span style=\"color: #222222; font-family: 'Nunito Sans'; font-size: 10pt;\">Was passiert in dem Zwischenraum, wenn sich oben und unten treffen?<\/span><\/strong><\/p>\n<p><\/p>\n<p>Markus F. Strieder&#8217;s bildhauerisches Werk zeichnet sich durch eine intensive Auseinandersetzung mit Stahl und Eisen aus, Materialien, die er in ihrer rohen, ungeschliffenen Form bel\u00e4sst. Seine Arbeiten entstehen durch Schmieden und Walzen, Prozesse, die dem Material eine unverwechselbare physische Pr\u00e4senz verleihen. Strieder verzichtet bewusst auf Nachbearbeitungen wie Schwei\u00dfen oder Patinieren, um die nat\u00fcrliche Kraft und Sch\u00f6nheit des Stahls hervorzuheben.\u2028\u2028&nbsp;<span style=\"color: var( --e-global-color-text ); font-family: var( --e-global-typography-text-font-family ), Sans-serif; font-weight: var( --e-global-typography-text-font-weight ); font-size: 1rem;\">Seine Skulpturen reichen von schweren, monolithischen Formen bis hin zu filigranen Linienskulpturen, die fast schwebend wirken. Diese Arbeiten sind gepr\u00e4gt von einer materialschweren \u00c4sthetik, die zugleich eine spielerische Leichtigkeit vermittelt. In seinem Werk verschmelzen Gewicht und Best\u00e4ndigkeit des Stahls mit der Leichtigkeit und Offenheit der Linien, wodurch eine einzigartige Spannung entsteht.\u2028\u2028<\/span><\/p>\t\t\t\t\t\t\t\t<\/div>\n\t\t\t\t<\/div>\n\t\t\t\t\t<\/div>\n\t\t<\/div>\n\t\t\t\t\t<\/div>\n\t\t<\/section>\n\t\t\t\t<section class=\"elementor-section elementor-top-section elementor-element elementor-element-f29ddd0 elementor-section-boxed elementor-section-height-default elementor-section-height-default\" data-id=\"f29ddd0\" data-element_type=\"section\" data-e-type=\"section\">\n\t\t\t\t\t\t<div class=\"elementor-container elementor-column-gap-default\">\n\t\t\t\t\t<div class=\"elementor-column elementor-col-100 elementor-top-column elementor-element elementor-element-8606353\" data-id=\"8606353\" data-element_type=\"column\" data-e-type=\"column\">\n\t\t\t<div class=\"elementor-widget-wrap elementor-element-populated\">\n\t\t\t\t\t\t<div class=\"elementor-element elementor-element-6a12f00 elementor-widget elementor-widget-spacer\" data-id=\"6a12f00\" data-element_type=\"widget\" data-e-type=\"widget\" data-widget_type=\"spacer.default\">\n\t\t\t\t<div class=\"elementor-widget-container\">\n\t\t\t\t\t\t\t<div class=\"elementor-spacer\">\n\t\t\t<div class=\"elementor-spacer-inner\"><\/div>\n\t\t<\/div>\n\t\t\t\t\t\t<\/div>\n\t\t\t\t<\/div>\n\t\t\t\t\t<\/div>\n\t\t<\/div>\n\t\t\t\t\t<\/div>\n\t\t<\/section>\n\t\t\t\t<\/div>","protected":false},"excerpt":{"rendered":"<p>MARKUS F. STRIEDER artworks biography \u00e9treinte, zweiteilig, forged steel, 11x12x12cm 2024 r\u00e9lation, zweiteilig, forged steel, 21&#215;7,5&#215;8,5cm 2018 \u00e9treinte, zweiteilig, forged steel, 15x28x28cm, 2024 Markus F. Strieder\u00a0 |\u00a0 biography *1961 born in Innsbruck, Austria based in Rh\u00f4ne-Alpes, France and Karlsruhe, Germany Education 2005 Professor ad interim, ESAD \u2013 \u00c9cole sup\u00e9rieure d\u2019art et design, Grenoble, France 1984 [&hellip;]<\/p>\n","protected":false},"author":2,"featured_media":0,"parent":0,"menu_order":0,"comment_status":"closed","ping_status":"closed","template":"","meta":{"footnotes":""},"class_list":["post-6204","page","type-page","status-publish","hentry"],"_links":{"self":[{"href":"https:\/\/gallery-puzic.com\/en\/wp-json\/wp\/v2\/pages\/6204","targetHints":{"allow":["GET"]}}],"collection":[{"href":"https:\/\/gallery-puzic.com\/en\/wp-json\/wp\/v2\/pages"}],"about":[{"href":"https:\/\/gallery-puzic.com\/en\/wp-json\/wp\/v2\/types\/page"}],"author":[{"embeddable":true,"href":"https:\/\/gallery-puzic.com\/en\/wp-json\/wp\/v2\/users\/2"}],"replies":[{"embeddable":true,"href":"https:\/\/gallery-puzic.com\/en\/wp-json\/wp\/v2\/comments?post=6204"}],"version-history":[{"count":18,"href":"https:\/\/gallery-puzic.com\/en\/wp-json\/wp\/v2\/pages\/6204\/revisions"}],"predecessor-version":[{"id":6232,"href":"https:\/\/gallery-puzic.com\/en\/wp-json\/wp\/v2\/pages\/6204\/revisions\/6232"}],"wp:attachment":[{"href":"https:\/\/gallery-puzic.com\/en\/wp-json\/wp\/v2\/media?parent=6204"}],"curies":[{"name":"wp","href":"https:\/\/api.w.org\/{rel}","templated":true}]}}