{"id":605,"date":"2023-02-06T13:42:38","date_gmt":"2023-02-06T13:42:38","guid":{"rendered":"https:\/\/gallery-puzic.com\/?page_id=605"},"modified":"2023-10-13T15:51:58","modified_gmt":"2023-10-13T15:51:58","slug":"unkonventionell","status":"publish","type":"page","link":"https:\/\/gallery-puzic.com\/en\/unkonventionell\/","title":{"rendered":"UNKONVENTIONELL"},"content":{"rendered":"<div data-elementor-type=\"wp-page\" data-elementor-id=\"605\" class=\"elementor elementor-605\">\n\t\t\t\t\t\t<section class=\"elementor-section elementor-top-section elementor-element elementor-element-5ef2a6f9 elementor-section-boxed elementor-section-height-default elementor-section-height-default\" data-id=\"5ef2a6f9\" data-element_type=\"section\" data-e-type=\"section\">\n\t\t\t\t\t\t<div class=\"elementor-container elementor-column-gap-default\">\n\t\t\t\t\t<div class=\"elementor-column elementor-col-100 elementor-top-column elementor-element elementor-element-5221ba8\" data-id=\"5221ba8\" data-element_type=\"column\" data-e-type=\"column\">\n\t\t\t<div class=\"elementor-widget-wrap elementor-element-populated\">\n\t\t\t\t\t\t<div class=\"elementor-element elementor-element-ceef448 elementor-widget elementor-widget-text-editor\" data-id=\"ceef448\" data-element_type=\"widget\" data-e-type=\"widget\" data-widget_type=\"text-editor.default\">\n\t\t\t\t<div class=\"elementor-widget-container\">\n\t\t\t\t\t\t\t\t\t\n<p>Die Ausstellung vom 12.02.2023 stellt die Werke der K\u00fcnsterlinnen Kathrin Lambert und Karin Magar aus. Die Werke lassen sich bis zum 08.03.2023 in der GALLERY PUZI\u0106\u00a0betrachten. Wir laden Sie herzlich zu einem Besuch ein.<\/p>\n\n<div class=\"wp-block-spacer\" style=\"height: 90px;\" aria-hidden=\"true\">\u00a0<\/div>\n\n<div class=\"wp-block-columns alignwide are-vertically-aligned-center is-layout-flex wp-container-core-columns-is-layout-643ced6b wp-block-columns-is-layout-flex\">\n<div class=\"wp-block-column is-vertically-aligned-center is-layout-flow wp-block-column-is-layout-flow\">\n<div class=\"wp-block-columns is-layout-flex wp-container-core-columns-is-layout-643ced6b wp-block-columns-is-layout-flex\">\n<div class=\"wp-block-column is-layout-flow wp-block-column-is-layout-flow\">\n<figure class=\"wp-block-image size-full is-style-rounded\"><img fetchpriority=\"high\" decoding=\"async\" width=\"1501\" height=\"1501\" class=\"wp-image-715\" src=\"https:\/\/gallery-puzic.com\/wp-content\/uploads\/2023\/02\/Kathrin-Lambert-20.jpg\" alt=\"Kathrin Lambert Gallery Puzic\" srcset=\"https:\/\/gallery-puzic.com\/wp-content\/uploads\/2023\/02\/Kathrin-Lambert-20.jpg 1501w, https:\/\/gallery-puzic.com\/wp-content\/uploads\/2023\/02\/Kathrin-Lambert-20-300x300.jpg 300w, https:\/\/gallery-puzic.com\/wp-content\/uploads\/2023\/02\/Kathrin-Lambert-20-1024x1024.jpg 1024w, https:\/\/gallery-puzic.com\/wp-content\/uploads\/2023\/02\/Kathrin-Lambert-20-150x150.jpg 150w, https:\/\/gallery-puzic.com\/wp-content\/uploads\/2023\/02\/Kathrin-Lambert-20-768x768.jpg 768w\" sizes=\"(max-width: 1501px) 100vw, 1501px\" \/><\/figure>\n<\/div>\n\n<div class=\"wp-block-column is-vertically-aligned-center is-layout-flow wp-block-column-is-layout-flow\">\n<div class=\"wp-block-columns is-layout-flex wp-container-core-columns-is-layout-28f84493 wp-block-columns-is-layout-flex\">\n<div class=\"wp-block-column is-vertically-aligned-center is-layout-flow wp-block-column-is-layout-flow\">\n<p class=\"has-link-color wp-elements-7a0f768dd2c238016f0c6722ed90d69b\" style=\"font-size: 24px;\">&#8222;<strong>Each picture has its own sound. In the harmony of all <a href=\"http:\/\/www.kathrinlambert.de\/portfolio\/listen-pictures\/\">four pictures<\/a>, an atmospheric audio piece is created.<\/strong>&#8222;<\/p>\n<\/div>\n<\/div>\n<\/div>\n<\/div>\n<\/div>\n<\/div>\n\n<div class=\"wp-block-spacer\" style=\"height: 100px;\" aria-hidden=\"true\">\u00a0<\/div>\n\n<div class=\"wp-block-columns is-layout-flex wp-container-core-columns-is-layout-28f84493 wp-block-columns-is-layout-flex\">\n<div class=\"wp-block-column is-layout-flow wp-block-column-is-layout-flow\">\n<p style=\"font-size: 24px;\">Kathrin Lambert ist Bildhauerin, Performance- und Installationsk\u00fcnstlerin. Sie sonifiziert R\u00e4ume, architektonische Fragmente, Einrichtungen und Gegenst\u00e4nde, so dass diese \u00fcber eine visuelle Wahrnehmung hinaus auf klanglicher Ebene erfahrbar werden. Die Klangformen der Gegenst\u00e4nde und Raumpartien kommunizieren miteinander oder heben sich gegenseitig auf, erg\u00e4nzen den Raum und lassen ihn neu erleben.<\/p>\n<\/div>\n<\/div>\n\n<div class=\"wp-block-spacer\" style=\"height: 100px;\" aria-hidden=\"true\">\u00a0<\/div>\n\n<div class=\"wp-block-buttons is-content-justification-center is-layout-flex wp-container-core-buttons-is-layout-a89b3969 wp-block-buttons-is-layout-flex\">\n<div class=\"wp-block-button\"><a class=\"wp-block-button__link has-base-color has-contrast-background-color has-text-color has-background wp-element-button\" href=\"https:\/\/www.youtube.com\/embed\/LCGD1PmC0TA\">INTERVIEW FILM with Kathrin Lambert, by Johannes Birringer<\/a><\/div>\n<\/div>\n\n<p class=\"has-text-align-center has-link-color wp-elements-c4ba3c61735e821cf09875bda2491f90\">Youtube <a href=\"https:\/\/policies.google.com\/privacy\" data-type=\"URL\" data-id=\"https:\/\/policies.google.com\/privacy\">Datenschutzerkl\u00e4rung<\/a><\/p>\n\n<div class=\"wp-block-spacer\" style=\"height: 100px;\" aria-hidden=\"true\">\u00a0<\/div>\n\n<div class=\"wp-block-columns alignwide is-layout-flex wp-container-core-columns-is-layout-643ced6b wp-block-columns-is-layout-flex\">\n<div class=\"wp-block-column is-layout-flow wp-block-column-is-layout-flow\">\n<figure class=\"wp-block-image size-large is-style-rounded\"><img decoding=\"async\" width=\"1024\" height=\"1024\" class=\"wp-image-716\" src=\"https:\/\/gallery-puzic.com\/wp-content\/uploads\/2023\/02\/Karin-Magar-20-1024x1024.jpg\" alt=\"Karin Magar Gallery Puzic\" srcset=\"https:\/\/gallery-puzic.com\/wp-content\/uploads\/2023\/02\/Karin-Magar-20-1024x1024.jpg 1024w, https:\/\/gallery-puzic.com\/wp-content\/uploads\/2023\/02\/Karin-Magar-20-300x300.jpg 300w, https:\/\/gallery-puzic.com\/wp-content\/uploads\/2023\/02\/Karin-Magar-20-150x150.jpg 150w, https:\/\/gallery-puzic.com\/wp-content\/uploads\/2023\/02\/Karin-Magar-20-768x768.jpg 768w, https:\/\/gallery-puzic.com\/wp-content\/uploads\/2023\/02\/Karin-Magar-20.jpg 1500w\" sizes=\"(max-width: 1024px) 100vw, 1024px\" \/><\/figure>\n<\/div>\n\n<div class=\"wp-block-column is-vertically-aligned-center is-layout-flow wp-block-column-is-layout-flow\">\n<p style=\"font-size: 24px;\"><strong>&#8222;Verschiedene Ebenen greifen ineinander und erzeugen eine r\u00e4umliche Tiefe.&#8220;<\/strong><\/p>\n<\/div>\n<\/div>\n\n<div class=\"wp-block-spacer\" style=\"height: 100px;\" aria-hidden=\"true\">\u00a0<\/div>\n\n<div class=\"wp-block-columns is-layout-flex wp-container-core-columns-is-layout-28f84493 wp-block-columns-is-layout-flex\">\n<div class=\"wp-block-column is-layout-flow wp-block-column-is-layout-flow\">\n<div class=\"wp-block-columns is-layout-flex wp-container-core-columns-is-layout-28f84493 wp-block-columns-is-layout-flex\">\n<div class=\"wp-block-column is-layout-flow wp-block-column-is-layout-flow\">\n<p style=\"font-size: 24px;\">Die Eigenschaft von Farben, Farbbeziehungen, das Zusammenspiel zwischen Opazit\u00e4t und Transparenz pr\u00e4gen Karin Magars bildnerische Arbeiten. Neben der traditionellen Maltechnik entwickelt sie thematisch verwandte Bilder mit sich \u00fcberlagernden Farbstreifen oder -b\u00e4ndern, sowie mit feingewebten Nylongeweben. Die Verarbeitung ist so vielseitig wie die eingesetzten Farbtonlagen, und erzeugt einzigartige, auch oft skulpturale Gebilde mit r\u00e4umlicher Tiefe.<\/p>\n<\/div>\n<\/div>\n<\/div>\n<\/div>\n\n<div class=\"wp-block-spacer\" style=\"height: 100px;\" aria-hidden=\"true\">\u00a0<\/div>\n\n<div class=\"wp-block-buttons is-content-justification-center is-layout-flex wp-container-core-buttons-is-layout-a89b3969 wp-block-buttons-is-layout-flex\">\n<div class=\"wp-block-button\"><a class=\"wp-block-button__link has-base-color has-contrast-background-color has-text-color has-background wp-element-button\" href=\"https:\/\/youtu.be\/TT_YWlqDr40\">INTERVIEW FILM with Karin Magar, by Johannes Birringer<\/a><\/div>\n<\/div>\n\n<p class=\"has-text-align-center has-link-color wp-elements-c4ba3c61735e821cf09875bda2491f90\">Youtube <a href=\"https:\/\/policies.google.com\/privacy\" data-type=\"URL\" data-id=\"https:\/\/policies.google.com\/privacy\">Datenschutzerkl\u00e4rung<\/a><\/p>\n\n<div class=\"wp-block-spacer\" style=\"height: 100px;\" aria-hidden=\"true\">\u00a0<\/div>\n\n<div class=\"wp-block-columns alignwide is-layout-flex wp-container-core-columns-is-layout-28f84493 wp-block-columns-is-layout-flex\">\n<div class=\"wp-block-column is-layout-flow wp-block-column-is-layout-flow\">\n<div class=\"wp-block-columns is-layout-flex wp-container-core-columns-is-layout-28f84493 wp-block-columns-is-layout-flex\">\n<div class=\"wp-block-column is-layout-flow wp-block-column-is-layout-flow\">\n<figure class=\"wp-block-image size-large\"><img decoding=\"async\" width=\"1024\" height=\"768\" class=\"wp-image-726\" src=\"https:\/\/gallery-puzic.com\/wp-content\/uploads\/2023\/02\/image00006-1024x768.jpeg\" alt=\"Gallery Puzic Vernissage &quot;unkonventionell&quot;\" srcset=\"https:\/\/gallery-puzic.com\/wp-content\/uploads\/2023\/02\/image00006-1024x768.jpeg 1024w, https:\/\/gallery-puzic.com\/wp-content\/uploads\/2023\/02\/image00006-300x225.jpeg 300w, https:\/\/gallery-puzic.com\/wp-content\/uploads\/2023\/02\/image00006-768x576.jpeg 768w, https:\/\/gallery-puzic.com\/wp-content\/uploads\/2023\/02\/image00006-1536x1152.jpeg 1536w, https:\/\/gallery-puzic.com\/wp-content\/uploads\/2023\/02\/image00006-2048x1536.jpeg 2048w\" sizes=\"(max-width: 1024px) 100vw, 1024px\" \/>\n<figcaption class=\"wp-element-caption\">\u00a0\u00a0\u00a0\u00a0\u00a0\u00a0\u00a0\u00a0\u00a0\u00a0 Er\u00f6ffnungsrede\u00a0 zur Vernissage<\/figcaption>\n<\/figure>\n<\/div>\n\n<div class=\"wp-block-column is-layout-flow wp-block-column-is-layout-flow\">\n<figure class=\"wp-block-image size-large\"><img loading=\"lazy\" decoding=\"async\" width=\"1024\" height=\"768\" class=\"wp-image-728\" src=\"https:\/\/gallery-puzic.com\/wp-content\/uploads\/2023\/02\/image00008-1024x768.jpeg\" alt=\"Gallery Puzic Vernissage &quot;unkonventionell&quot;\" srcset=\"https:\/\/gallery-puzic.com\/wp-content\/uploads\/2023\/02\/image00008-1024x768.jpeg 1024w, https:\/\/gallery-puzic.com\/wp-content\/uploads\/2023\/02\/image00008-300x225.jpeg 300w, https:\/\/gallery-puzic.com\/wp-content\/uploads\/2023\/02\/image00008-768x576.jpeg 768w, https:\/\/gallery-puzic.com\/wp-content\/uploads\/2023\/02\/image00008-1536x1152.jpeg 1536w, https:\/\/gallery-puzic.com\/wp-content\/uploads\/2023\/02\/image00008-2048x1536.jpeg 2048w\" sizes=\"(max-width: 1024px) 100vw, 1024px\" \/>\n<figcaption class=\"wp-element-caption\">HBKsaar Absolventinnen<\/figcaption>\n<\/figure>\n<\/div>\n<\/div>\n<\/div>\n<\/div>\n\n<div class=\"wp-block-columns alignwide is-layout-flex wp-container-core-columns-is-layout-28f84493 wp-block-columns-is-layout-flex\">\n<div class=\"wp-block-column is-layout-flow wp-block-column-is-layout-flow\">\n<figure class=\"wp-block-image size-large\"><img loading=\"lazy\" decoding=\"async\" width=\"1024\" height=\"768\" class=\"wp-image-729\" src=\"https:\/\/gallery-puzic.com\/wp-content\/uploads\/2023\/02\/image00023-1024x768.jpeg\" alt=\"Karin Magar Nylon Art\" srcset=\"https:\/\/gallery-puzic.com\/wp-content\/uploads\/2023\/02\/image00023-1024x768.jpeg 1024w, https:\/\/gallery-puzic.com\/wp-content\/uploads\/2023\/02\/image00023-300x225.jpeg 300w, https:\/\/gallery-puzic.com\/wp-content\/uploads\/2023\/02\/image00023-768x576.jpeg 768w, https:\/\/gallery-puzic.com\/wp-content\/uploads\/2023\/02\/image00023-1536x1152.jpeg 1536w, https:\/\/gallery-puzic.com\/wp-content\/uploads\/2023\/02\/image00023-2048x1536.jpeg 2048w\" sizes=\"(max-width: 1024px) 100vw, 1024px\" \/>\n<figcaption class=\"wp-element-caption\">\u00a0\u00a0\u00a0\u00a0\u00a0\u00a0\u00a0\u00a0\u00a0\u00a0\u00a0\u00a0 Gespr\u00e4ch mit Frau Magar<\/figcaption>\n<\/figure>\n<\/div>\n\n<div class=\"wp-block-column is-layout-flow wp-block-column-is-layout-flow\">\n<figure class=\"wp-block-image size-large\"><img loading=\"lazy\" decoding=\"async\" width=\"1024\" height=\"768\" class=\"wp-image-730\" src=\"https:\/\/gallery-puzic.com\/wp-content\/uploads\/2023\/02\/image00015-1-1024x768.jpeg\" alt=\"Kathrin Lambert Sound Art\" srcset=\"https:\/\/gallery-puzic.com\/wp-content\/uploads\/2023\/02\/image00015-1-1024x768.jpeg 1024w, https:\/\/gallery-puzic.com\/wp-content\/uploads\/2023\/02\/image00015-1-300x225.jpeg 300w, https:\/\/gallery-puzic.com\/wp-content\/uploads\/2023\/02\/image00015-1-768x576.jpeg 768w, https:\/\/gallery-puzic.com\/wp-content\/uploads\/2023\/02\/image00015-1-1536x1152.jpeg 1536w, https:\/\/gallery-puzic.com\/wp-content\/uploads\/2023\/02\/image00015-1-2048x1536.jpeg 2048w\" sizes=\"(max-width: 1024px) 100vw, 1024px\" \/>\n<figcaption class=\"wp-element-caption\">Sound Art Couch Objekt<\/figcaption>\n<\/figure>\n<\/div>\n<\/div>\n\n<div class=\"wp-block-spacer\" style=\"height: 100px;\" aria-hidden=\"true\">\u00a0<\/div>\n\n<div class=\"wp-block-columns is-layout-flex wp-container-core-columns-is-layout-28f84493 wp-block-columns-is-layout-flex\">\n<div class=\"wp-block-column is-layout-flow wp-block-column-is-layout-flow\">\n<p style=\"font-size: 30px;\">Einladungstext zur Ausstellung<\/p>\n<p>\u00a0<\/p>\n<p>Gallery Puzi\u0107 l\u00e4dt Sie herzlich zur Vernissage \u201eunkonventionell\u201c mit Klangobjekten von Kathrin Lambert und Bildern von Karin Magar <strong>am Sonntag, den 12. Februar 2023, um 16 Uhr<\/strong> in der Johannisstra\u00dfe 3A, 66111 Saarbr\u00fccken ein.<\/p>\n<p>Kathrin Lambert wird zur Er\u00f6ffnung eine Klangperformance auff\u00fchren.<\/p>\n<p>Tempor\u00e4r erweitert wird die Ausstellung mit Abschlussarbeiten der Kunststudentinnen Isabelle Rein und Claudia Pigat (HBK Saar).<\/p>\n<p>Kathrin Lambert ist Bildhauerin, Performance- und Installationsk\u00fcnstlerin. Sie sonifiziert R\u00e4ume, architektonische Fragmente, Einrichtungen und Gegenst\u00e4nde, so dass diese \u00fcber eine visuelle Wahrnehmung hinaus auf klanglicher Ebene erfahrbar werden. Die Klangformen der Gegenst\u00e4nde und Raumpartien kommunizieren miteinander oder heben sich gegenseitig auf, erg\u00e4nzen den Raum und lassen ihn neu erleben.<\/p>\n<p>Die Eigenschaft von Farben, Farbbeziehungen, das Zusammenspiel zwischen Opazit\u00e4t und Transparenz pr\u00e4gen Karin Magars bildnerische Arbeiten. Neben der traditionellen Maltechnik entwickelt sie thematisch verwandte Bilder mit sich \u00fcberlagernden Farbstreifen oder -b\u00e4ndern, sowie mit feingewebten Nylongeweben. Die Verarbeitung ist so vielseitig wie die eingesetzten Farbtonlagen, und erzeugt einzigartige, auch oft skulpturale Gebilde mit r\u00e4umlicher Tiefe.<\/p>\n<p>W\u00e4hrend der Ausstellungszeit wird am Mittwoch, den 8. M\u00e4rz 2023, um 19:00 Uhr Uschi Schmidt Lenhard einen Vortrag zum Thema \u201cEmpowerment, Frauen und Kunst\u201d halten. An der anschliessenden Diskussion beteiligen sich namhafte K\u00fcnstlerinnen und Aktivistinnen. Im Sommer\/Herbst 2023 intensiviert die Gallery Puzi\u0107 das Thema \u00fcber eine Ausstellung mit internationalen Positionen.<\/p>\n<p>W\u00e4hrend des langen Wochenendes, vom 11. bis zum 12 Februar, sind unsere R\u00e4ume durchgehend von 12:00 bis 20:00 Uhr ge\u00f6ffnet.<br \/>(Zu dieser Zeit werden alle Abschlussarbeiten der Master StudentInnen der HBK ausgestellt).<\/p>\n<p>Wir freuen uns auf Ihren Besuch.<\/p>\n<p>+++++++++++++++++++++++<\/p>\n<p>P.S.: In der Woche vom 6.-10. Februar finden in der HBK die Abschlusspr\u00fcfungen des Bachelor- und Masterjahrgangs statt.<br \/>Gallery Puzi\u0107 nimmt dies zum Anlass, am 7. Februar um 18:00 Uhr die Werke zweier Absolventinnen und eines Absolventen vorzustellen (Isabelle Rein und Claudia Pigat).<\/p>\n<p>Auch das grossformatige Wandgem\u00e4lde &#8222;Cumulus&#8220; von L\u00e9o Himburg wird f\u00fcr eine Woche ausgestellt.<\/p>\n<p>Die HBK-Professorin Gabriele Langendorf\u00a0 wird eine Einf\u00fchrung in die Ausstellung geben.<\/p>\n<p>++++++++++++++++<\/p>\n<\/div>\n<div class=\"wp-block-column\">\n<div class=\"wp-block-spacer\" style=\"height: 150px;\" aria-hidden=\"true\">\u00a0<\/div>\n<\/div>\n<\/div>\n\t\t\t\t\t\t\t\t<\/div>\n\t\t\t\t<\/div>\n\t\t\t\t\t<\/div>\n\t\t<\/div>\n\t\t\t\t\t<\/div>\n\t\t<\/section>\n\t\t\t\t<\/div>","protected":false},"excerpt":{"rendered":"<p>Die Ausstellung vom 12.02.2023 stellt die Werke der K\u00fcnsterlinnen Kathrin Lambert und Karin Magar aus. Die Werke lassen sich bis zum 08.03.2023 in der GALLERY PUZI\u0106\u00a0betrachten. Wir laden Sie herzlich zu einem Besuch ein. &#8222;Each picture has its own sound. In the harmony of all four pictures, an atmospheric audio piece is created.&#8222; Kathrin Lambert [&hellip;]<\/p>\n","protected":false},"author":1,"featured_media":0,"parent":0,"menu_order":0,"comment_status":"closed","ping_status":"closed","template":"","meta":{"footnotes":""},"class_list":["post-605","page","type-page","status-publish","hentry"],"_links":{"self":[{"href":"https:\/\/gallery-puzic.com\/en\/wp-json\/wp\/v2\/pages\/605","targetHints":{"allow":["GET"]}}],"collection":[{"href":"https:\/\/gallery-puzic.com\/en\/wp-json\/wp\/v2\/pages"}],"about":[{"href":"https:\/\/gallery-puzic.com\/en\/wp-json\/wp\/v2\/types\/page"}],"author":[{"embeddable":true,"href":"https:\/\/gallery-puzic.com\/en\/wp-json\/wp\/v2\/users\/1"}],"replies":[{"embeddable":true,"href":"https:\/\/gallery-puzic.com\/en\/wp-json\/wp\/v2\/comments?post=605"}],"version-history":[{"count":35,"href":"https:\/\/gallery-puzic.com\/en\/wp-json\/wp\/v2\/pages\/605\/revisions"}],"predecessor-version":[{"id":2635,"href":"https:\/\/gallery-puzic.com\/en\/wp-json\/wp\/v2\/pages\/605\/revisions\/2635"}],"wp:attachment":[{"href":"https:\/\/gallery-puzic.com\/en\/wp-json\/wp\/v2\/media?parent=605"}],"curies":[{"name":"wp","href":"https:\/\/api.w.org\/{rel}","templated":true}]}}