{"id":5932,"date":"2024-12-04T19:19:00","date_gmt":"2024-12-04T19:19:00","guid":{"rendered":"https:\/\/gallery-puzic.com\/?page_id=5932"},"modified":"2024-12-12T16:55:32","modified_gmt":"2024-12-12T16:55:32","slug":"schon-wider-die-natur","status":"publish","type":"page","link":"https:\/\/gallery-puzic.com\/en\/schon-wider-die-natur\/","title":{"rendered":"Again\/Against Nature?"},"content":{"rendered":"\t\t<div data-elementor-type=\"wp-page\" data-elementor-id=\"5932\" class=\"elementor elementor-5932\">\n\t\t\t\t\t\t<section class=\"elementor-section elementor-top-section elementor-element elementor-element-d349c95 elementor-section-boxed elementor-section-height-default elementor-section-height-default\" data-id=\"d349c95\" data-element_type=\"section\" data-e-type=\"section\">\n\t\t\t\t\t\t<div class=\"elementor-container elementor-column-gap-default\">\n\t\t\t\t\t<div class=\"elementor-column elementor-col-100 elementor-top-column elementor-element elementor-element-0a30a34\" data-id=\"0a30a34\" data-element_type=\"column\" data-e-type=\"column\">\n\t\t\t<div class=\"elementor-widget-wrap elementor-element-populated\">\n\t\t\t\t\t\t<div class=\"elementor-element elementor-element-5e45de9 elementor-widget elementor-widget-spacer\" data-id=\"5e45de9\" data-element_type=\"widget\" data-e-type=\"widget\" data-widget_type=\"spacer.default\">\n\t\t\t\t<div class=\"elementor-widget-container\">\n\t\t\t\t\t\t\t<div class=\"elementor-spacer\">\n\t\t\t<div class=\"elementor-spacer-inner\"><\/div>\n\t\t<\/div>\n\t\t\t\t\t\t<\/div>\n\t\t\t\t<\/div>\n\t\t\t\t\t<\/div>\n\t\t<\/div>\n\t\t\t\t\t<\/div>\n\t\t<\/section>\n\t\t\t\t<section class=\"elementor-section elementor-top-section elementor-element elementor-element-e0a9f9b elementor-section-boxed elementor-section-height-default elementor-section-height-default\" data-id=\"e0a9f9b\" data-element_type=\"section\" data-e-type=\"section\">\n\t\t\t\t\t\t<div class=\"elementor-container elementor-column-gap-default\">\n\t\t\t\t\t<div class=\"elementor-column elementor-col-25 elementor-top-column elementor-element elementor-element-9bb0439\" data-id=\"9bb0439\" data-element_type=\"column\" data-e-type=\"column\">\n\t\t\t<div class=\"elementor-widget-wrap\">\n\t\t\t\t\t\t\t<\/div>\n\t\t<\/div>\n\t\t\t\t<div class=\"elementor-column elementor-col-25 elementor-top-column elementor-element elementor-element-aefe4db\" data-id=\"aefe4db\" data-element_type=\"column\" data-e-type=\"column\">\n\t\t\t<div class=\"elementor-widget-wrap\">\n\t\t\t\t\t\t\t<\/div>\n\t\t<\/div>\n\t\t\t\t<div class=\"elementor-column elementor-col-25 elementor-top-column elementor-element elementor-element-ed4fd93\" data-id=\"ed4fd93\" data-element_type=\"column\" data-e-type=\"column\">\n\t\t\t<div class=\"elementor-widget-wrap\">\n\t\t\t\t\t\t\t<\/div>\n\t\t<\/div>\n\t\t\t\t<div class=\"elementor-column elementor-col-25 elementor-top-column elementor-element elementor-element-879b161\" data-id=\"879b161\" data-element_type=\"column\" data-e-type=\"column\">\n\t\t\t<div class=\"elementor-widget-wrap elementor-element-populated\">\n\t\t\t\t\t\t<div class=\"elementor-element elementor-element-7315def elementor-widget elementor-widget-shortcode\" data-id=\"7315def\" data-element_type=\"widget\" data-e-type=\"widget\" data-widget_type=\"shortcode.default\">\n\t\t\t\t<div class=\"elementor-widget-container\">\n\t\t\t\t\t\t\t<div class=\"elementor-shortcode\"><div class=\"trp_language_switcher_shortcode\">\n<div class=\"trp-language-switcher trp-language-switcher-container\" data-no-translation >\n    <div class=\"trp-ls-shortcode-current-language\">\n        <a href=\"#\" class=\"trp-ls-shortcode-disabled-language trp-ls-disabled-language\" title=\"English\" onclick=\"event.preventDefault()\">\n\t\t\t<img decoding=\"async\" class=\"trp-flag-image\" src=\"https:\/\/gallery-puzic.com\/wp-content\/plugins\/translatepress-multilingual\/assets\/images\/flags\/en_US.png\" width=\"18\" height=\"12\" alt=\"en_US\" title=\"English\"> \t\t<\/a>\n    <\/div>\n    <div class=\"trp-ls-shortcode-language\">\n                <a href=\"#\" class=\"trp-ls-shortcode-disabled-language trp-ls-disabled-language\"  title=\"English\" onclick=\"event.preventDefault()\">\n\t\t\t<img decoding=\"async\" class=\"trp-flag-image\" src=\"https:\/\/gallery-puzic.com\/wp-content\/plugins\/translatepress-multilingual\/assets\/images\/flags\/en_US.png\" width=\"18\" height=\"12\" alt=\"en_US\" title=\"English\"> \t\t<\/a>\n                    <a href=\"https:\/\/gallery-puzic.com\/en\/wp-json\/wp\/v2\/pages\/5932#TRPLINKPROCESSED\" title=\"German\">\n            <img decoding=\"async\" class=\"trp-flag-image\" src=\"https:\/\/gallery-puzic.com\/wp-content\/plugins\/translatepress-multilingual\/assets\/images\/flags\/de_DE.png\" width=\"18\" height=\"12\" alt=\"de_DE\" title=\"German\">         <\/a>\n\n        <\/div>\n    <script type=\"application\/javascript\">\n        \/\/ need to have the same with set from JS on both divs. Otherwise it can push stuff around in HTML\n        var trp_ls_shortcodes = document.querySelectorAll('.trp_language_switcher_shortcode .trp-language-switcher');\n        if ( trp_ls_shortcodes.length > 0) {\n            \/\/ get the last language switcher added\n            var trp_el = trp_ls_shortcodes[trp_ls_shortcodes.length - 1];\n\n            var trp_shortcode_language_item = trp_el.querySelector( '.trp-ls-shortcode-language' )\n            \/\/ set width\n            var trp_ls_shortcode_width                                               = trp_shortcode_language_item.offsetWidth + 16;\n            trp_shortcode_language_item.style.width                                  = trp_ls_shortcode_width + 'px';\n            trp_el.querySelector( '.trp-ls-shortcode-current-language' ).style.width = trp_ls_shortcode_width + 'px';\n\n            \/\/ We're putting this on display: none after we have its width.\n            trp_shortcode_language_item.style.display = 'none';\n        }\n    <\/script>\n<\/div>\n<\/div><\/div>\n\t\t\t\t\t\t<\/div>\n\t\t\t\t<\/div>\n\t\t\t\t\t<\/div>\n\t\t<\/div>\n\t\t\t\t\t<\/div>\n\t\t<\/section>\n\t\t\t\t<section class=\"elementor-section elementor-top-section elementor-element elementor-element-d753166 elementor-section-boxed elementor-section-height-default elementor-section-height-default\" data-id=\"d753166\" data-element_type=\"section\" data-e-type=\"section\">\n\t\t\t\t\t\t<div class=\"elementor-container elementor-column-gap-default\">\n\t\t\t\t\t<div class=\"elementor-column elementor-col-100 elementor-top-column elementor-element elementor-element-fc43a19\" data-id=\"fc43a19\" data-element_type=\"column\" data-e-type=\"column\">\n\t\t\t<div class=\"elementor-widget-wrap elementor-element-populated\">\n\t\t\t\t\t\t<div class=\"elementor-element elementor-element-d736281 elementor-widget elementor-widget-text-editor\" data-id=\"d736281\" data-element_type=\"widget\" data-e-type=\"widget\" data-widget_type=\"text-editor.default\">\n\t\t\t\t<div class=\"elementor-widget-container\">\n\t\t\t\t\t\t\t\t\t<h3><strong>Schon\/Wider die Natur<\/strong><\/h3>\t\t\t\t\t\t\t\t<\/div>\n\t\t\t\t<\/div>\n\t\t\t\t\t<\/div>\n\t\t<\/div>\n\t\t\t\t\t<\/div>\n\t\t<\/section>\n\t\t\t\t<section class=\"elementor-section elementor-top-section elementor-element elementor-element-3e1e4b2 elementor-section-boxed elementor-section-height-default elementor-section-height-default\" data-id=\"3e1e4b2\" data-element_type=\"section\" data-e-type=\"section\">\n\t\t\t\t\t\t<div class=\"elementor-container elementor-column-gap-default\">\n\t\t\t\t\t<div class=\"elementor-column elementor-col-100 elementor-top-column elementor-element elementor-element-2965f69\" data-id=\"2965f69\" data-element_type=\"column\" data-e-type=\"column\">\n\t\t\t<div class=\"elementor-widget-wrap elementor-element-populated\">\n\t\t\t\t\t\t<div class=\"elementor-element elementor-element-f0b76e4 elementor-widget elementor-widget-text-editor\" data-id=\"f0b76e4\" data-element_type=\"widget\" data-e-type=\"widget\" data-widget_type=\"text-editor.default\">\n\t\t\t\t<div class=\"elementor-widget-container\">\n\t\t\t\t\t\t\t\t\t<p><img fetchpriority=\"high\" decoding=\"async\" class=\"aligncenter wp-image-5815\" src=\"https:\/\/gallery-puzic.com\/wp-content\/uploads\/2024\/11\/Natur-flyer.png\" alt=\"\" width=\"713\" height=\"501\" srcset=\"https:\/\/gallery-puzic.com\/wp-content\/uploads\/2024\/11\/Natur-flyer.png 1813w, https:\/\/gallery-puzic.com\/wp-content\/uploads\/2024\/11\/Natur-flyer-300x211.png 300w, https:\/\/gallery-puzic.com\/wp-content\/uploads\/2024\/11\/Natur-flyer-1024x719.png 1024w, https:\/\/gallery-puzic.com\/wp-content\/uploads\/2024\/11\/Natur-flyer-768x539.png 768w, https:\/\/gallery-puzic.com\/wp-content\/uploads\/2024\/11\/Natur-flyer-1536x1079.png 1536w, https:\/\/gallery-puzic.com\/wp-content\/uploads\/2024\/11\/Natur-flyer-18x12.png 18w\" sizes=\"(max-width: 713px) 100vw, 713px\" \/><\/p><h3 class=\"p1\"><span class=\"s1\">\u00ab<\/span><strong>Schon\/Wider die Natur<\/strong><span class=\"s1\">\u00bb<\/span><\/h3><p><strong><em>Kunst im Anthropoz\u00e4n:\u00a0 Malerei \u2013 Objekte \u2013 Fotografie \u2013 Film<\/em><\/strong><\/p><p>Vernissage: Dienstag, 3.Dezember, 18:00 \u2013 21:00 Uhr\u00a0 \/\/ Johannisstrasse 3A, 66111 Saarbr\u00fccken\u00a0\u00a0<\/p><p>Kurator: Esad Puzic\u0301\u00a0\u00a0 \/\/ Einf\u00fchrung:\u00a0 Dr Ingeborg Besch &amp; Dr Johannes Birringer<\/p><p>Dauer der Ausstellung:\u00a0 3.12 2024 \u2013 12.1. 2025<\/p>\t\t\t\t\t\t\t\t<\/div>\n\t\t\t\t<\/div>\n\t\t\t\t\t<\/div>\n\t\t<\/div>\n\t\t\t\t\t<\/div>\n\t\t<\/section>\n\t\t\t\t<section class=\"elementor-section elementor-top-section elementor-element elementor-element-47b960f elementor-section-boxed elementor-section-height-default elementor-section-height-default\" data-id=\"47b960f\" data-element_type=\"section\" data-e-type=\"section\">\n\t\t\t\t\t\t<div class=\"elementor-container elementor-column-gap-default\">\n\t\t\t\t\t<div class=\"elementor-column elementor-col-100 elementor-top-column elementor-element elementor-element-1e9b02a\" data-id=\"1e9b02a\" data-element_type=\"column\" data-e-type=\"column\">\n\t\t\t<div class=\"elementor-widget-wrap elementor-element-populated\">\n\t\t\t\t\t\t<div class=\"elementor-element elementor-element-9c9028f elementor-widget elementor-widget-text-editor\" data-id=\"9c9028f\" data-element_type=\"widget\" data-e-type=\"widget\" data-widget_type=\"text-editor.default\">\n\t\t\t\t<div class=\"elementor-widget-container\">\n\t\t\t\t\t\t\t\t\t<p>Hat die Natur ihre eigenen Rechte? Zumindest in j\u00fcngster Zeit \u2013 neben den brisanten politischen Diskussionen um Klimakatastrophe, Umweltzerst\u00f6rung und Nachhaltigkeit \u2013 besch\u00e4ftigt diese Frage die Gerichte und unsere Rechtsformen. Die Idee \u00f6kologischer Eigenrechte geht von der Vorstellung einer Natur aus, die an sich bewahrenswert ist. Sie verdient Schutz also nicht nur aufgrund ihrer N\u00fctzlichkeit, sondern auch als Gr\u00f6sse, die f\u00fcr sich steht.\u00a0 Kann Natur bewahrt werden, zur\u00fcckgewonnen,\u00a0 erhalten werden? Wer bewahrt?<\/p><p>Zu Beginn des Industriezeitalters griff der Mensch massiv in die Natur ein \u2013 also in fremdes Eigentum. Deshalb auch der (umstrittene) Begriff &#8222;Anthropoz\u00e4n&#8220;: d.h. neues geologisches Zeitalter, das vom Menschen bestimmt ist \u2013 d.h. Menschheit den dominanten geophysikalischen Einfluss auf das Erdsystem hat, zu einem der wichtigsten Einflussfaktoren auf die biologischen, geologischen und atmosph\u00e4rischen Prozesse auf der Erde geworden ist.<\/p><p>Riesige Landfl\u00e4chen ver\u00e4nderten sich gravierend \u2013 wurden bebaut und geografisch mutiert. Aber im Laufe der Zeit wurden durch wirtschaftliche Ver\u00e4nderungen die meisten der Anlagen nicht mehr gebraucht und sukzessive aufgegeben. Manche der ehemaligen Grubenanlagen, Halden und Stahlwerke erfahren durch den Strukturwandel eine neue Nutzung. Einige stehen verfallend und rostend im Gel\u00e4nde. Diese Brachen holt sich die Natur nach und nach zur\u00fcck.<\/p><p>Vor drei Jahren beschloss eine K\u00fcnstlergruppe sich diesem Themenkomplex zu stellen, und die Ausstellung <em>Re\/Natur<\/em> wurde 2021 geboren mit Premiere in der Cubus Kunsthalle in Duisburg (weitere Ausstellungen folgten in Schiffweiler und der K\u00fcnstlerzeche Unser Fritz, Herne). Aus diesem Kontext entstand auch Roman Redzimskis Film <em>Renatur, <\/em> der am Wochenende nach der Vernissage im Saarbr\u00fccker Kino Achteinhalb aufgef\u00fchrt wird (7.12. 2024 um 19:00 Uhr).<\/p><p>Die Thematik des Umwandlungsprozesses, der durch Korrosion, Verfall und wiederbesiedelnde Vegetation Neues entstehen l\u00e4sst, also einer Art <em>Re-Naturalisierung<\/em> und Eigenexistenzrechtfertigung Raum verleiht, forderte 9 K\u00fcnstler*innen aus dem Saarland &amp; dem Ruhrgebiet heraus, sich damit auseinanderzusetzen und eine Weiterentwicklung fr\u00fcherer Versuche zu wagen. Man darf von Wagnis sprechen, denn alles wird komplizierter in unserer Um-Welt und Gesellschaft, auch Widerspr\u00fcchliches und Katastrophales in der gegenw\u00e4rtigen Klimakrise sind nicht leicht zu greifen und dem Publikum ohne blosse Skandalisierung (Fridays for Future, Klimakleber, Attacken auf Kunstwerke in Museen, Besetzung von Flugh\u00e4fen), also n\u00fcchtern doch sensuell erfahrbar, zu vermitteln,\u00a0 Attacken zu widersprechen und neue Seherfahrungen zu erkunden.<\/p><p>Mit: <strong>Hugo Boguslawski, Matthias Brock, Joachim Ickrath, Min Clara Kim, Andr\u00e9 Mail\u00e4nder, J\u00f6rg Munz, Roman Redzimski, Matthias Surges, Elizabeth Weckes.<\/strong><\/p><h6>+\u00a0 \u00a0 \u00a0 \u00a0 \u00a0+\u00a0 \u00a0 \u00a0 +<\/h6><p><img loading=\"lazy\" decoding=\"async\" class=\"aligncenter size-medium wp-image-5871\" src=\"https:\/\/gallery-puzic.com\/wp-content\/uploads\/2024\/11\/Miguel-Angel-Rios-Piedras-Blancas-2014.-Still-from-video.-Image-courtesy-of-the-artist-and-Sicardi-Gallery-300x169.jpeg\" alt=\"\" width=\"300\" height=\"169\" srcset=\"https:\/\/gallery-puzic.com\/wp-content\/uploads\/2024\/11\/Miguel-Angel-Rios-Piedras-Blancas-2014.-Still-from-video.-Image-courtesy-of-the-artist-and-Sicardi-Gallery-300x169.jpeg 300w, https:\/\/gallery-puzic.com\/wp-content\/uploads\/2024\/11\/Miguel-Angel-Rios-Piedras-Blancas-2014.-Still-from-video.-Image-courtesy-of-the-artist-and-Sicardi-Gallery-1024x576.jpeg 1024w, https:\/\/gallery-puzic.com\/wp-content\/uploads\/2024\/11\/Miguel-Angel-Rios-Piedras-Blancas-2014.-Still-from-video.-Image-courtesy-of-the-artist-and-Sicardi-Gallery-768x432.jpeg 768w, https:\/\/gallery-puzic.com\/wp-content\/uploads\/2024\/11\/Miguel-Angel-Rios-Piedras-Blancas-2014.-Still-from-video.-Image-courtesy-of-the-artist-and-Sicardi-Gallery-18x10.jpeg 18w, https:\/\/gallery-puzic.com\/wp-content\/uploads\/2024\/11\/Miguel-Angel-Rios-Piedras-Blancas-2014.-Still-from-video.-Image-courtesy-of-the-artist-and-Sicardi-Gallery.jpeg 1200w\" sizes=\"(max-width: 300px) 100vw, 300px\" \/><\/p><h4><strong><em>Piedras Blancas<\/em><\/strong><\/h4><p>Am Dienstag, 10. Dezember, 19:oo Uhr, zeigen wir einen Kurzfilm des international gefeierten argentinischen K\u00fcnstlers <strong>Miguel \u00c1ngel R\u00edos: <\/strong><em>Piedras Blancas<\/em><\/p><p>Vortrag &amp; Diskussion: Johannes Birringer\u00a0<\/p><p>Wir danken der Sicardi Ayers Bacino Gallery in Houston f\u00fcr ihre freundliche Kooperation<\/p><p><em>[artwork presented courtesy of\u00a0 Miguel \u00c1ngel R\u00edos and Sicardi Ayers Bacino Gallery]<\/em><\/p><p>+\u00a0 \u00a0 \u00a0 \u00a0 +\u00a0 \u00a0 \u00a0 \u00a0 +<\/p><p>\u00a0<\/p><p>Wir d\u00fcrfen Sie herzlichen zu unserer Vernissage und diesen Veranstaltungen einladen<\/p>\t\t\t\t\t\t\t\t<\/div>\n\t\t\t\t<\/div>\n\t\t\t\t\t<\/div>\n\t\t<\/div>\n\t\t\t\t\t<\/div>\n\t\t<\/section>\n\t\t\t\t<\/div>\n\t\t","protected":false},"excerpt":{"rendered":"<p>Schon\/Wider die Natur \u00abSchon\/Wider die Natur\u00bb Kunst im Anthropoz\u00e4n:\u00a0 Malerei \u2013 Objekte \u2013 Fotografie \u2013 Film Vernissage: Dienstag, 3.Dezember, 18:00 \u2013 21:00 Uhr\u00a0 \/\/ Johannisstrasse 3A, 66111 Saarbr\u00fccken\u00a0\u00a0 Kurator: Esad Puzic\u0301\u00a0\u00a0 \/\/ Einf\u00fchrung:\u00a0 Dr Ingeborg Besch &amp; Dr Johannes Birringer Dauer der Ausstellung:\u00a0 3.12 2024 \u2013 12.1. 2025 Hat die Natur ihre eigenen Rechte? Zumindest [&hellip;]<\/p>\n","protected":false},"author":2,"featured_media":0,"parent":0,"menu_order":0,"comment_status":"closed","ping_status":"closed","template":"","meta":{"footnotes":""},"class_list":["post-5932","page","type-page","status-publish","hentry"],"_links":{"self":[{"href":"https:\/\/gallery-puzic.com\/en\/wp-json\/wp\/v2\/pages\/5932","targetHints":{"allow":["GET"]}}],"collection":[{"href":"https:\/\/gallery-puzic.com\/en\/wp-json\/wp\/v2\/pages"}],"about":[{"href":"https:\/\/gallery-puzic.com\/en\/wp-json\/wp\/v2\/types\/page"}],"author":[{"embeddable":true,"href":"https:\/\/gallery-puzic.com\/en\/wp-json\/wp\/v2\/users\/2"}],"replies":[{"embeddable":true,"href":"https:\/\/gallery-puzic.com\/en\/wp-json\/wp\/v2\/comments?post=5932"}],"version-history":[{"count":25,"href":"https:\/\/gallery-puzic.com\/en\/wp-json\/wp\/v2\/pages\/5932\/revisions"}],"predecessor-version":[{"id":6018,"href":"https:\/\/gallery-puzic.com\/en\/wp-json\/wp\/v2\/pages\/5932\/revisions\/6018"}],"wp:attachment":[{"href":"https:\/\/gallery-puzic.com\/en\/wp-json\/wp\/v2\/media?parent=5932"}],"curies":[{"name":"wp","href":"https:\/\/api.w.org\/{rel}","templated":true}]}}