{"id":5825,"date":"2024-11-27T12:45:46","date_gmt":"2024-11-27T12:45:46","guid":{"rendered":"https:\/\/gallery-puzic.com\/?page_id=5825"},"modified":"2024-11-28T21:01:01","modified_gmt":"2024-11-28T21:01:01","slug":"wir-hoeren-was-wir-sehen","status":"publish","type":"page","link":"https:\/\/gallery-puzic.com\/en\/wir-hoeren-was-wir-sehen\/","title":{"rendered":"Wir h\u00f6ren was wir sehen"},"content":{"rendered":"\t\t<div data-elementor-type=\"wp-page\" data-elementor-id=\"5825\" class=\"elementor elementor-5825\">\n\t\t\t\t\t\t<section class=\"elementor-section elementor-top-section elementor-element elementor-element-328d139 elementor-section-boxed elementor-section-height-default elementor-section-height-default\" data-id=\"328d139\" data-element_type=\"section\" data-e-type=\"section\">\n\t\t\t\t\t\t<div class=\"elementor-container elementor-column-gap-default\">\n\t\t\t\t\t<div class=\"elementor-column elementor-col-100 elementor-top-column elementor-element elementor-element-4d2e7dc\" data-id=\"4d2e7dc\" data-element_type=\"column\" data-e-type=\"column\">\n\t\t\t<div class=\"elementor-widget-wrap elementor-element-populated\">\n\t\t\t\t\t\t<div class=\"elementor-element elementor-element-2c3a06c elementor-widget-divider--view-line elementor-widget elementor-widget-divider\" data-id=\"2c3a06c\" data-element_type=\"widget\" data-e-type=\"widget\" data-widget_type=\"divider.default\">\n\t\t\t\t<div class=\"elementor-widget-container\">\n\t\t\t\t\t\t\t<div class=\"elementor-divider\">\n\t\t\t<span class=\"elementor-divider-separator\">\n\t\t\t\t\t\t<\/span>\n\t\t<\/div>\n\t\t\t\t\t\t<\/div>\n\t\t\t\t<\/div>\n\t\t\t\t\t<\/div>\n\t\t<\/div>\n\t\t\t\t\t<\/div>\n\t\t<\/section>\n\t\t\t\t<section class=\"elementor-section elementor-top-section elementor-element elementor-element-e6db399 elementor-section-boxed elementor-section-height-default elementor-section-height-default\" data-id=\"e6db399\" data-element_type=\"section\" data-e-type=\"section\">\n\t\t\t\t\t\t<div class=\"elementor-container elementor-column-gap-default\">\n\t\t\t\t\t<div class=\"elementor-column elementor-col-100 elementor-top-column elementor-element elementor-element-ef734e4\" data-id=\"ef734e4\" data-element_type=\"column\" data-e-type=\"column\">\n\t\t\t<div class=\"elementor-widget-wrap elementor-element-populated\">\n\t\t\t\t\t\t<div class=\"elementor-element elementor-element-283c307 elementor-widget elementor-widget-text-editor\" data-id=\"283c307\" data-element_type=\"widget\" data-e-type=\"widget\" data-widget_type=\"text-editor.default\">\n\t\t\t\t<div class=\"elementor-widget-container\">\n\t\t\t\t\t\t\t\t\t<h3><strong>Wir h\u00f6ren was wir sehen<\/strong><\/h3>\t\t\t\t\t\t\t\t<\/div>\n\t\t\t\t<\/div>\n\t\t\t\t\t<\/div>\n\t\t<\/div>\n\t\t\t\t\t<\/div>\n\t\t<\/section>\n\t\t\t\t<section class=\"elementor-section elementor-top-section elementor-element elementor-element-24f13f2 elementor-section-boxed elementor-section-height-default elementor-section-height-default\" data-id=\"24f13f2\" data-element_type=\"section\" data-e-type=\"section\">\n\t\t\t\t\t\t<div class=\"elementor-container elementor-column-gap-default\">\n\t\t\t\t\t<div class=\"elementor-column elementor-col-100 elementor-top-column elementor-element elementor-element-27c10a1\" data-id=\"27c10a1\" data-element_type=\"column\" data-e-type=\"column\">\n\t\t\t<div class=\"elementor-widget-wrap elementor-element-populated\">\n\t\t\t\t\t\t<div class=\"elementor-element elementor-element-7ae5724 elementor-widget elementor-widget-text-editor\" data-id=\"7ae5724\" data-element_type=\"widget\" data-e-type=\"widget\" data-widget_type=\"text-editor.default\">\n\t\t\t\t<div class=\"elementor-widget-container\">\n\t\t\t\t\t\t\t\t\t<h2><em><strong>KIPPENDE KUNST<\/strong><\/em><\/h2><p><em>\u00a0 \u00a0 <\/em><em>Dauer der Ausstellung: 22. 10. \u2013 27. 11.\u00a0 \u00a0 \u00a0 <\/em><br \/>Johannisstrasse 3A, 66111 Saarbr\u00fccken\u00a0\u00a0<\/p><p>Kurator: Esad Puzic\u0301\u00a0\u00a0 \/\/ <a href=\"https:\/\/gallery-puzic.com\/wp-content\/uploads\/2024\/11\/Kippende-Kunst.pdf\">Einf\u00fchrung: Dr Roland Augustin &amp;\u00a0 Dr Johannes Birringer<\/a><\/p><p><img fetchpriority=\"high\" decoding=\"async\" class=\"size-medium wp-image-5802 alignleft\" src=\"https:\/\/gallery-puzic.com\/wp-content\/uploads\/2024\/11\/Himmel-Musik-records--300x225.jpg\" alt=\"\" width=\"300\" height=\"225\" srcset=\"https:\/\/gallery-puzic.com\/wp-content\/uploads\/2024\/11\/Himmel-Musik-records--300x225.jpg 300w, https:\/\/gallery-puzic.com\/wp-content\/uploads\/2024\/11\/Himmel-Musik-records--1024x768.jpg 1024w, https:\/\/gallery-puzic.com\/wp-content\/uploads\/2024\/11\/Himmel-Musik-records--768x576.jpg 768w, https:\/\/gallery-puzic.com\/wp-content\/uploads\/2024\/11\/Himmel-Musik-records--1536x1152.jpg 1536w, https:\/\/gallery-puzic.com\/wp-content\/uploads\/2024\/11\/Himmel-Musik-records--2048x1536.jpg 2048w, https:\/\/gallery-puzic.com\/wp-content\/uploads\/2024\/11\/Himmel-Musik-records--16x12.jpg 16w\" sizes=\"(max-width: 300px) 100vw, 300px\" \/><br \/><img decoding=\"async\" class=\"size-medium wp-image-5905 alignright\" src=\"https:\/\/gallery-puzic.com\/wp-content\/uploads\/2024\/11\/Kuenstlergespraech_Himmel-200x300.jpg\" alt=\"\" width=\"200\" height=\"300\" srcset=\"https:\/\/gallery-puzic.com\/wp-content\/uploads\/2024\/11\/Kuenstlergespraech_Himmel-200x300.jpg 200w, https:\/\/gallery-puzic.com\/wp-content\/uploads\/2024\/11\/Kuenstlergespraech_Himmel-683x1024.jpg 683w, https:\/\/gallery-puzic.com\/wp-content\/uploads\/2024\/11\/Kuenstlergespraech_Himmel-768x1152.jpg 768w, https:\/\/gallery-puzic.com\/wp-content\/uploads\/2024\/11\/Kuenstlergespraech_Himmel-1024x1536.jpg 1024w, https:\/\/gallery-puzic.com\/wp-content\/uploads\/2024\/11\/Kuenstlergespraech_Himmel-1366x2048.jpg 1366w, https:\/\/gallery-puzic.com\/wp-content\/uploads\/2024\/11\/Kuenstlergespraech_Himmel-8x12.jpg 8w, https:\/\/gallery-puzic.com\/wp-content\/uploads\/2024\/11\/Kuenstlergespraech_Himmel-scaled.jpg 1707w\" sizes=\"(max-width: 200px) 100vw, 200px\" \/><\/p><p><b>K\u00fcnstlergespr\u00e4che:\u00a0 \u00a023. 11. 2024 \/\/\u00a0 &#8222;Wir h\u00f6ren was wir sehen&#8220;<\/b><\/p><p>Am Samstag, 23. November 2024, werden ab 15:00 Uhr K\u00fcnstlergespr\u00e4che stattfinden, zu denen wir Sie herzlich einladen. Dr Roland Augustin (Moderne Galerie, Saarlandmuseum) wird einen Dialog mit O.W. Himmel f\u00fchren und der K\u00fcnstler wird insbesondere auf seine Linolschnitte bekannter Musiklabels und seinen LP Werkzyklus <i>Full Vinyl <\/i>eingehen, und auch das Augenmerk auf den grossformatigen Linolschnitt <em>Never Stop Exploring<\/em> richten.<\/p><p>\u00dcberraschungen sind eingeplant: O.W. Himmel bereitet eine Musikpr\u00e4sentation vor, die er humorvoll als &#8222;Infotainment&#8220; bezeichnet.<\/p><p>\u201cWir h\u00f6ren was wir sehen.\u201d Passend zu den Linoldrucken von Tontr\u00e4gerfirmen serviert OW Himmel einen musikalischen Rundgang durch die Musikgeschichte mit 7\u201c Singles. In der gegenw\u00e4rtigen Ausstellung \u201cKippende Kunst\u201d sehen wir eine graphische und Typographische Geschichte von 1888 (CBS Records) bis 2017 (Barhill Records). Passend hierzu gibt es Musik von 1956 bis 2020. Das Spektrum reicht von Harry Bellafonte (1956 auf RCA) \u00fcber die Beach Boys (1966 auf Capitol Records) und Joy Flemming (1977 auf Atlantic) bis The Cure (1985 auf Fiction Records), Friends of Dean Martin (1995 auf Sup Pop) und Khruangbin (2020 auf Night Time Stories).<\/p><p><img decoding=\"async\" class=\"wp-image-5903 size-medium alignleft\" src=\"https:\/\/gallery-puzic.com\/wp-content\/uploads\/2024\/11\/Kuenstlergespraechsrunde-300x200.jpg\" alt=\"\" width=\"300\" height=\"200\" srcset=\"https:\/\/gallery-puzic.com\/wp-content\/uploads\/2024\/11\/Kuenstlergespraechsrunde-300x200.jpg 300w, https:\/\/gallery-puzic.com\/wp-content\/uploads\/2024\/11\/Kuenstlergespraechsrunde-1024x683.jpg 1024w, https:\/\/gallery-puzic.com\/wp-content\/uploads\/2024\/11\/Kuenstlergespraechsrunde-768x512.jpg 768w, https:\/\/gallery-puzic.com\/wp-content\/uploads\/2024\/11\/Kuenstlergespraechsrunde-1536x1024.jpg 1536w, https:\/\/gallery-puzic.com\/wp-content\/uploads\/2024\/11\/Kuenstlergespraechsrunde-2048x1365.jpg 2048w, https:\/\/gallery-puzic.com\/wp-content\/uploads\/2024\/11\/Kuenstlergespraechsrunde-18x12.jpg 18w\" sizes=\"(max-width: 300px) 100vw, 300px\" \/><img loading=\"lazy\" decoding=\"async\" class=\"size-medium wp-image-5904 alignright\" src=\"https:\/\/gallery-puzic.com\/wp-content\/uploads\/2024\/11\/Kuenstlergespraech_Sauer-Emmert-JB-300x200.jpg\" alt=\"\" width=\"300\" height=\"200\" srcset=\"https:\/\/gallery-puzic.com\/wp-content\/uploads\/2024\/11\/Kuenstlergespraech_Sauer-Emmert-JB-300x200.jpg 300w, https:\/\/gallery-puzic.com\/wp-content\/uploads\/2024\/11\/Kuenstlergespraech_Sauer-Emmert-JB-1024x683.jpg 1024w, https:\/\/gallery-puzic.com\/wp-content\/uploads\/2024\/11\/Kuenstlergespraech_Sauer-Emmert-JB-768x512.jpg 768w, https:\/\/gallery-puzic.com\/wp-content\/uploads\/2024\/11\/Kuenstlergespraech_Sauer-Emmert-JB-1536x1024.jpg 1536w, https:\/\/gallery-puzic.com\/wp-content\/uploads\/2024\/11\/Kuenstlergespraech_Sauer-Emmert-JB-2048x1365.jpg 2048w, https:\/\/gallery-puzic.com\/wp-content\/uploads\/2024\/11\/Kuenstlergespraech_Sauer-Emmert-JB-18x12.jpg 18w\" sizes=\"(max-width: 300px) 100vw, 300px\" \/><\/p><p>Johannes Birringer wird einen Gedankenaustausch mit den K\u00fcnstlerinnen Gudrun Emmert und Anna-Lena Sauer inszenieren, und das Publikum ist nat\u00fcrlich einbezogen in dieses \u00f6ffentliche Diskussionsforum.<\/p><p>.<\/p><p><a href=\"https:\/\/rp-sz-epaper.s4p-iapps.com\/artikel\/1020592\/33130545#\">Rezension der Ausstellung in der Saarbr\u00fccken Zeitung<\/a><\/p><p>\u00a0<\/p><p>+\u00a0 \u00a0 \u00a0 \u00a0 \u00a0+\u00a0 \u00a0 \u00a0 \u00a0+<\/p><p>\u00a0<\/p><p>\u00a0<\/p><p>\u00a0<\/p><p>\u00a0<\/p><p><em>Impressionen von der Er\u00f6ffnung<\/em><\/p><pre><img loading=\"lazy\" decoding=\"async\" class=\"alignnone wp-image-5201 size-medium\" src=\"https:\/\/gallery-puzic.com\/wp-content\/uploads\/2024\/10\/Gallery-back_Himmel-300x225.jpg\" alt=\"\" width=\"300\" height=\"225\" srcset=\"https:\/\/gallery-puzic.com\/wp-content\/uploads\/2024\/10\/Gallery-back_Himmel-300x225.jpg 300w, https:\/\/gallery-puzic.com\/wp-content\/uploads\/2024\/10\/Gallery-back_Himmel-1024x768.jpg 1024w, https:\/\/gallery-puzic.com\/wp-content\/uploads\/2024\/10\/Gallery-back_Himmel-768x576.jpg 768w, https:\/\/gallery-puzic.com\/wp-content\/uploads\/2024\/10\/Gallery-back_Himmel-1536x1152.jpg 1536w, https:\/\/gallery-puzic.com\/wp-content\/uploads\/2024\/10\/Gallery-back_Himmel-2048x1536.jpg 2048w, https:\/\/gallery-puzic.com\/wp-content\/uploads\/2024\/10\/Gallery-back_Himmel-16x12.jpg 16w\" sizes=\"(max-width: 300px) 100vw, 300px\" \/><img loading=\"lazy\" decoding=\"async\" class=\"alignnone wp-image-5203 size-medium\" src=\"https:\/\/gallery-puzic.com\/wp-content\/uploads\/2024\/10\/Gallery-corridor_Sauer-und-Emmert-300x225.jpg\" alt=\"\" width=\"300\" height=\"225\" srcset=\"https:\/\/gallery-puzic.com\/wp-content\/uploads\/2024\/10\/Gallery-corridor_Sauer-und-Emmert-300x225.jpg 300w, https:\/\/gallery-puzic.com\/wp-content\/uploads\/2024\/10\/Gallery-corridor_Sauer-und-Emmert-1024x768.jpg 1024w, https:\/\/gallery-puzic.com\/wp-content\/uploads\/2024\/10\/Gallery-corridor_Sauer-und-Emmert-768x576.jpg 768w, https:\/\/gallery-puzic.com\/wp-content\/uploads\/2024\/10\/Gallery-corridor_Sauer-und-Emmert-1536x1152.jpg 1536w, https:\/\/gallery-puzic.com\/wp-content\/uploads\/2024\/10\/Gallery-corridor_Sauer-und-Emmert-2048x1536.jpg 2048w, https:\/\/gallery-puzic.com\/wp-content\/uploads\/2024\/10\/Gallery-corridor_Sauer-und-Emmert-16x12.jpg 16w\" sizes=\"(max-width: 300px) 100vw, 300px\" \/><img loading=\"lazy\" decoding=\"async\" class=\"alignnone wp-image-5204 size-medium\" src=\"https:\/\/gallery-puzic.com\/wp-content\/uploads\/2024\/10\/Gallery-front_Sauer-300x225.jpg\" alt=\"\" width=\"300\" height=\"225\" srcset=\"https:\/\/gallery-puzic.com\/wp-content\/uploads\/2024\/10\/Gallery-front_Sauer-300x225.jpg 300w, https:\/\/gallery-puzic.com\/wp-content\/uploads\/2024\/10\/Gallery-front_Sauer-1024x768.jpg 1024w, https:\/\/gallery-puzic.com\/wp-content\/uploads\/2024\/10\/Gallery-front_Sauer-768x576.jpg 768w, https:\/\/gallery-puzic.com\/wp-content\/uploads\/2024\/10\/Gallery-front_Sauer-1536x1152.jpg 1536w, https:\/\/gallery-puzic.com\/wp-content\/uploads\/2024\/10\/Gallery-front_Sauer-2048x1536.jpg 2048w, https:\/\/gallery-puzic.com\/wp-content\/uploads\/2024\/10\/Gallery-front_Sauer-16x12.jpg 16w\" sizes=\"(max-width: 300px) 100vw, 300px\" \/><\/pre><p>[photos <span class=\"s1\">\u00a9<\/span> Gerhard Schaal, Mirsad Puzi\u0107, Johannes Birringer]<\/p><p>[F\u00fcr die Werklisten von O.W. Himmel, Anna-Lena Sauer, und Gudrun Emmert:\u00a0 bitte setzen Sie sich mit der Galerie in Verbindung oder auf\u00a0 &#8222;download&#8220; klicken]<\/p><p>.<\/p>\t\t\t\t\t\t\t\t<\/div>\n\t\t\t\t<\/div>\n\t\t\t\t\t<\/div>\n\t\t<\/div>\n\t\t\t\t\t<\/div>\n\t\t<\/section>\n\t\t\t\t<section class=\"elementor-section elementor-top-section elementor-element elementor-element-43d5440 elementor-section-boxed elementor-section-height-default elementor-section-height-default\" data-id=\"43d5440\" data-element_type=\"section\" data-e-type=\"section\">\n\t\t\t\t\t\t<div class=\"elementor-container elementor-column-gap-default\">\n\t\t\t\t\t<div class=\"elementor-column elementor-col-100 elementor-top-column elementor-element elementor-element-7608ae2\" data-id=\"7608ae2\" data-element_type=\"column\" data-e-type=\"column\">\n\t\t\t<div class=\"elementor-widget-wrap elementor-element-populated\">\n\t\t\t\t\t\t<div class=\"elementor-element elementor-element-fa62606 elementor-align-center elementor-widget elementor-widget-button\" data-id=\"fa62606\" data-element_type=\"widget\" data-e-type=\"widget\" data-widget_type=\"button.default\">\n\t\t\t\t<div class=\"elementor-widget-container\">\n\t\t\t\t\t\t\t\t\t<div class=\"elementor-button-wrapper\">\n\t\t\t\t\t<a class=\"elementor-button elementor-button-link elementor-size-sm\" href=\"https:\/\/gallery-puzic.com\/wp-content\/uploads\/2024\/10\/Himmel-Werkliste.pdf\">\n\t\t\t\t\t\t<span class=\"elementor-button-content-wrapper\">\n\t\t\t\t\t\t\t\t\t<span class=\"elementor-button-text\">download<\/span>\n\t\t\t\t\t<\/span>\n\t\t\t\t\t<\/a>\n\t\t\t\t<\/div>\n\t\t\t\t\t\t\t\t<\/div>\n\t\t\t\t<\/div>\n\t\t\t\t\t<\/div>\n\t\t<\/div>\n\t\t\t\t\t<\/div>\n\t\t<\/section>\n\t\t\t\t<section class=\"elementor-section elementor-top-section elementor-element elementor-element-4f70241 elementor-section-boxed elementor-section-height-default elementor-section-height-default\" data-id=\"4f70241\" data-element_type=\"section\" data-e-type=\"section\">\n\t\t\t\t\t\t<div class=\"elementor-container elementor-column-gap-default\">\n\t\t\t\t\t<div class=\"elementor-column elementor-col-100 elementor-top-column elementor-element elementor-element-da91f4d\" data-id=\"da91f4d\" data-element_type=\"column\" data-e-type=\"column\">\n\t\t\t<div class=\"elementor-widget-wrap elementor-element-populated\">\n\t\t\t\t\t\t<div class=\"elementor-element elementor-element-9c1240a elementor-align-center elementor-widget elementor-widget-button\" data-id=\"9c1240a\" data-element_type=\"widget\" data-e-type=\"widget\" data-widget_type=\"button.default\">\n\t\t\t\t<div class=\"elementor-widget-container\">\n\t\t\t\t\t\t\t\t\t<div class=\"elementor-button-wrapper\">\n\t\t\t\t\t<a class=\"elementor-button elementor-button-link elementor-size-sm\" href=\"https:\/\/gallery-puzic.com\/wp-content\/uploads\/2024\/10\/Emmert-Werkliste.pdf\">\n\t\t\t\t\t\t<span class=\"elementor-button-content-wrapper\">\n\t\t\t\t\t\t\t\t\t<span class=\"elementor-button-text\">download<\/span>\n\t\t\t\t\t<\/span>\n\t\t\t\t\t<\/a>\n\t\t\t\t<\/div>\n\t\t\t\t\t\t\t\t<\/div>\n\t\t\t\t<\/div>\n\t\t\t\t\t<\/div>\n\t\t<\/div>\n\t\t\t\t\t<\/div>\n\t\t<\/section>\n\t\t\t\t<section class=\"elementor-section elementor-top-section elementor-element elementor-element-c490567 elementor-section-boxed elementor-section-height-default elementor-section-height-default\" data-id=\"c490567\" data-element_type=\"section\" data-e-type=\"section\">\n\t\t\t\t\t\t<div class=\"elementor-container elementor-column-gap-default\">\n\t\t\t\t\t<div class=\"elementor-column elementor-col-100 elementor-top-column elementor-element elementor-element-501a301\" data-id=\"501a301\" data-element_type=\"column\" data-e-type=\"column\">\n\t\t\t<div class=\"elementor-widget-wrap elementor-element-populated\">\n\t\t\t\t\t\t<div class=\"elementor-element elementor-element-bf67bda elementor-align-center elementor-widget elementor-widget-button\" data-id=\"bf67bda\" data-element_type=\"widget\" data-e-type=\"widget\" data-widget_type=\"button.default\">\n\t\t\t\t<div class=\"elementor-widget-container\">\n\t\t\t\t\t\t\t\t\t<div class=\"elementor-button-wrapper\">\n\t\t\t\t\t<a class=\"elementor-button elementor-button-link elementor-size-sm\" href=\"https:\/\/gallery-puzic.com\/wp-content\/uploads\/2024\/10\/Sauer-Werkliste.pdf\">\n\t\t\t\t\t\t<span class=\"elementor-button-content-wrapper\">\n\t\t\t\t\t\t\t\t\t<span class=\"elementor-button-text\">download<\/span>\n\t\t\t\t\t<\/span>\n\t\t\t\t\t<\/a>\n\t\t\t\t<\/div>\n\t\t\t\t\t\t\t\t<\/div>\n\t\t\t\t<\/div>\n\t\t\t\t\t<\/div>\n\t\t<\/div>\n\t\t\t\t\t<\/div>\n\t\t<\/section>\n\t\t\t\t<section class=\"elementor-section elementor-top-section elementor-element elementor-element-f64ed90 elementor-section-boxed elementor-section-height-default elementor-section-height-default\" data-id=\"f64ed90\" data-element_type=\"section\" data-e-type=\"section\">\n\t\t\t\t\t\t<div class=\"elementor-container elementor-column-gap-default\">\n\t\t\t\t\t<div class=\"elementor-column elementor-col-100 elementor-top-column elementor-element elementor-element-e7c3a7d\" data-id=\"e7c3a7d\" data-element_type=\"column\" data-e-type=\"column\">\n\t\t\t<div class=\"elementor-widget-wrap elementor-element-populated\">\n\t\t\t\t\t\t<div class=\"elementor-element elementor-element-5b127a7 elementor-widget-divider--view-line elementor-widget elementor-widget-divider\" data-id=\"5b127a7\" data-element_type=\"widget\" data-e-type=\"widget\" data-widget_type=\"divider.default\">\n\t\t\t\t<div class=\"elementor-widget-container\">\n\t\t\t\t\t\t\t<div class=\"elementor-divider\">\n\t\t\t<span class=\"elementor-divider-separator\">\n\t\t\t\t\t\t<\/span>\n\t\t<\/div>\n\t\t\t\t\t\t<\/div>\n\t\t\t\t<\/div>\n\t\t\t\t\t<\/div>\n\t\t<\/div>\n\t\t\t\t\t<\/div>\n\t\t<\/section>\n\t\t\t\t<\/div>\n\t\t","protected":false},"excerpt":{"rendered":"<p>Wir h\u00f6ren was wir sehen KIPPENDE KUNST \u00a0 \u00a0 Dauer der Ausstellung: 22. 10. \u2013 27. 11.\u00a0 \u00a0 \u00a0 Johannisstrasse 3A, 66111 Saarbr\u00fccken\u00a0\u00a0 Kurator: Esad Puzic\u0301\u00a0\u00a0 \/\/ Einf\u00fchrung: Dr Roland Augustin &amp;\u00a0 Dr Johannes Birringer K\u00fcnstlergespr\u00e4che:\u00a0 \u00a023. 11. 2024 \/\/\u00a0 &#8222;Wir h\u00f6ren was wir sehen&#8220; Am Samstag, 23. November 2024, werden ab 15:00 Uhr K\u00fcnstlergespr\u00e4che [&hellip;]<\/p>\n","protected":false},"author":2,"featured_media":0,"parent":0,"menu_order":0,"comment_status":"closed","ping_status":"closed","template":"","meta":{"footnotes":""},"class_list":["post-5825","page","type-page","status-publish","hentry"],"_links":{"self":[{"href":"https:\/\/gallery-puzic.com\/en\/wp-json\/wp\/v2\/pages\/5825","targetHints":{"allow":["GET"]}}],"collection":[{"href":"https:\/\/gallery-puzic.com\/en\/wp-json\/wp\/v2\/pages"}],"about":[{"href":"https:\/\/gallery-puzic.com\/en\/wp-json\/wp\/v2\/types\/page"}],"author":[{"embeddable":true,"href":"https:\/\/gallery-puzic.com\/en\/wp-json\/wp\/v2\/users\/2"}],"replies":[{"embeddable":true,"href":"https:\/\/gallery-puzic.com\/en\/wp-json\/wp\/v2\/comments?post=5825"}],"version-history":[{"count":31,"href":"https:\/\/gallery-puzic.com\/en\/wp-json\/wp\/v2\/pages\/5825\/revisions"}],"predecessor-version":[{"id":5911,"href":"https:\/\/gallery-puzic.com\/en\/wp-json\/wp\/v2\/pages\/5825\/revisions\/5911"}],"wp:attachment":[{"href":"https:\/\/gallery-puzic.com\/en\/wp-json\/wp\/v2\/media?parent=5825"}],"curies":[{"name":"wp","href":"https:\/\/api.w.org\/{rel}","templated":true}]}}