{"id":5586,"date":"2024-11-09T17:42:01","date_gmt":"2024-11-09T17:42:01","guid":{"rendered":"https:\/\/gallery-puzic.com\/?page_id=5586"},"modified":"2025-02-27T15:47:23","modified_gmt":"2025-02-27T15:47:23","slug":"matthias-brock","status":"publish","type":"page","link":"https:\/\/gallery-puzic.com\/en\/matthias-brock\/","title":{"rendered":"Matthias Brock"},"content":{"rendered":"<div data-elementor-type=\"wp-page\" data-elementor-id=\"5586\" class=\"elementor elementor-5586\">\n\t\t\t\t\t\t<section class=\"elementor-section elementor-top-section elementor-element elementor-element-098b1a4 elementor-section-boxed elementor-section-height-default elementor-section-height-default\" data-id=\"098b1a4\" data-element_type=\"section\" data-e-type=\"section\">\n\t\t\t\t\t\t<div class=\"elementor-container elementor-column-gap-default\">\n\t\t\t\t\t<div class=\"elementor-column elementor-col-100 elementor-top-column elementor-element elementor-element-0ef07a3\" data-id=\"0ef07a3\" data-element_type=\"column\" data-e-type=\"column\">\n\t\t\t<div class=\"elementor-widget-wrap elementor-element-populated\">\n\t\t\t\t\t\t<div class=\"elementor-element elementor-element-c644193 elementor-widget-divider--view-line elementor-widget elementor-widget-divider\" data-id=\"c644193\" data-element_type=\"widget\" data-e-type=\"widget\" data-widget_type=\"divider.default\">\n\t\t\t\t<div class=\"elementor-widget-container\">\n\t\t\t\t\t\t\t<div class=\"elementor-divider\">\n\t\t\t<span class=\"elementor-divider-separator\">\n\t\t\t\t\t\t<\/span>\n\t\t<\/div>\n\t\t\t\t\t\t<\/div>\n\t\t\t\t<\/div>\n\t\t\t\t\t<\/div>\n\t\t<\/div>\n\t\t\t\t\t<\/div>\n\t\t<\/section>\n\t\t\t\t<section class=\"elementor-section elementor-top-section elementor-element elementor-element-1aeb88c elementor-section-boxed elementor-section-height-default elementor-section-height-default\" data-id=\"1aeb88c\" data-element_type=\"section\" data-e-type=\"section\">\n\t\t\t\t\t\t<div class=\"elementor-container elementor-column-gap-default\">\n\t\t\t\t\t<div class=\"elementor-column elementor-col-100 elementor-top-column elementor-element elementor-element-1f4f037\" data-id=\"1f4f037\" data-element_type=\"column\" data-e-type=\"column\">\n\t\t\t<div class=\"elementor-widget-wrap elementor-element-populated\">\n\t\t\t\t\t\t<div class=\"elementor-element elementor-element-bbeb2b9 elementor-widget elementor-widget-text-editor\" data-id=\"bbeb2b9\" data-element_type=\"widget\" data-e-type=\"widget\" data-widget_type=\"text-editor.default\">\n\t\t\t\t<div class=\"elementor-widget-container\">\n\t\t\t\t\t\t\t\t\t<h3><strong>MATTHIAS BROCK<\/strong><\/h3>\t\t\t\t\t\t\t\t<\/div>\n\t\t\t\t<\/div>\n\t\t\t\t\t<\/div>\n\t\t<\/div>\n\t\t\t\t\t<\/div>\n\t\t<\/section>\n\t\t\t\t<section class=\"elementor-section elementor-top-section elementor-element elementor-element-e893da9 elementor-section-boxed elementor-section-height-default elementor-section-height-default\" data-id=\"e893da9\" data-element_type=\"section\" data-e-type=\"section\">\n\t\t\t\t\t\t<div class=\"elementor-container elementor-column-gap-default\">\n\t\t\t\t\t<div class=\"elementor-column elementor-col-50 elementor-top-column elementor-element elementor-element-17385b6\" data-id=\"17385b6\" data-element_type=\"column\" data-e-type=\"column\">\n\t\t\t<div class=\"elementor-widget-wrap elementor-element-populated\">\n\t\t\t\t\t\t<div class=\"elementor-element elementor-element-870e885 elementor-widget elementor-widget-text-editor\" data-id=\"870e885\" data-element_type=\"widget\" data-e-type=\"widget\" data-widget_type=\"text-editor.default\">\n\t\t\t\t<div class=\"elementor-widget-container\">\n\t\t\t\t\t\t\t\t\t<p>artworks<\/p>\t\t\t\t\t\t\t\t<\/div>\n\t\t\t\t<\/div>\n\t\t\t\t\t<\/div>\n\t\t<\/div>\n\t\t\t\t<div class=\"elementor-column elementor-col-50 elementor-top-column elementor-element elementor-element-b6d06cf\" data-id=\"b6d06cf\" data-element_type=\"column\" data-e-type=\"column\">\n\t\t\t<div class=\"elementor-widget-wrap elementor-element-populated\">\n\t\t\t\t\t\t<div class=\"elementor-element elementor-element-e7b94c3 elementor-widget elementor-widget-text-editor\" data-id=\"e7b94c3\" data-element_type=\"widget\" data-e-type=\"widget\" data-widget_type=\"text-editor.default\">\n\t\t\t\t<div class=\"elementor-widget-container\">\n\t\t\t\t\t\t\t\t\t<p>biography<\/p>\t\t\t\t\t\t\t\t<\/div>\n\t\t\t\t<\/div>\n\t\t\t\t\t<\/div>\n\t\t<\/div>\n\t\t\t\t\t<\/div>\n\t\t<\/section>\n\t\t\t\t<section class=\"elementor-section elementor-top-section elementor-element elementor-element-9b23b2c elementor-section-boxed elementor-section-height-default elementor-section-height-default\" data-id=\"9b23b2c\" data-element_type=\"section\" data-e-type=\"section\">\n\t\t\t\t\t\t<div class=\"elementor-container elementor-column-gap-default\">\n\t\t\t\t\t<div class=\"elementor-column elementor-col-100 elementor-top-column elementor-element elementor-element-b61ee5e\" data-id=\"b61ee5e\" data-element_type=\"column\" data-e-type=\"column\">\n\t\t\t<div class=\"elementor-widget-wrap elementor-element-populated\">\n\t\t\t\t\t\t<div class=\"elementor-element elementor-element-4ff13de elementor-widget-divider--view-line elementor-widget elementor-widget-divider\" data-id=\"4ff13de\" data-element_type=\"widget\" data-e-type=\"widget\" data-widget_type=\"divider.default\">\n\t\t\t\t<div class=\"elementor-widget-container\">\n\t\t\t\t\t\t\t<div class=\"elementor-divider\">\n\t\t\t<span class=\"elementor-divider-separator\">\n\t\t\t\t\t\t<\/span>\n\t\t<\/div>\n\t\t\t\t\t\t<\/div>\n\t\t\t\t<\/div>\n\t\t\t\t\t<\/div>\n\t\t<\/div>\n\t\t\t\t\t<\/div>\n\t\t<\/section>\n\t\t\t\t<section class=\"elementor-section elementor-top-section elementor-element elementor-element-41724e0 elementor-section-boxed elementor-section-height-default elementor-section-height-default\" data-id=\"41724e0\" data-element_type=\"section\" data-e-type=\"section\">\n\t\t\t\t\t\t<div class=\"elementor-container elementor-column-gap-default\">\n\t\t\t\t\t<div class=\"elementor-column elementor-col-25 elementor-top-column elementor-element elementor-element-d67e05b\" data-id=\"d67e05b\" data-element_type=\"column\" data-e-type=\"column\">\n\t\t\t<div class=\"elementor-widget-wrap elementor-element-populated\">\n\t\t\t\t\t\t<div class=\"elementor-element elementor-element-82f445a elementor-widget elementor-widget-image\" data-id=\"82f445a\" data-element_type=\"widget\" data-e-type=\"widget\" data-widget_type=\"image.default\">\n\t\t\t\t<div class=\"elementor-widget-container\">\n\t\t\t\t\t\t\t\t\t\t\t\t<figure class=\"wp-caption\">\n\t\t\t\t\t\t\t\t\t\t<img fetchpriority=\"high\" decoding=\"async\" width=\"783\" height=\"783\" src=\"https:\/\/gallery-puzic.com\/wp-content\/uploads\/2023\/05\/Landing-M.-Brock-20.jpg\" class=\"attachment-large size-large wp-image-1042\" alt=\"\" srcset=\"https:\/\/gallery-puzic.com\/wp-content\/uploads\/2023\/05\/Landing-M.-Brock-20.jpg 783w, https:\/\/gallery-puzic.com\/wp-content\/uploads\/2023\/05\/Landing-M.-Brock-20-300x300.jpg 300w, https:\/\/gallery-puzic.com\/wp-content\/uploads\/2023\/05\/Landing-M.-Brock-20-150x150.jpg 150w, https:\/\/gallery-puzic.com\/wp-content\/uploads\/2023\/05\/Landing-M.-Brock-20-768x768.jpg 768w\" sizes=\"(max-width: 783px) 100vw, 783px\" \/>\t\t\t\t\t\t\t\t\t\t\t<figcaption class=\"widget-image-caption wp-caption-text\">Landung, \u00d6l auf Leinwand, 210x230 cm<\/figcaption>\n\t\t\t\t\t\t\t\t\t\t<\/figure>\n\t\t\t\t\t\t\t\t\t<\/div>\n\t\t\t\t<\/div>\n\t\t\t\t\t<\/div>\n\t\t<\/div>\n\t\t\t\t<div class=\"elementor-column elementor-col-25 elementor-top-column elementor-element elementor-element-625b926\" data-id=\"625b926\" data-element_type=\"column\" data-e-type=\"column\">\n\t\t\t<div class=\"elementor-widget-wrap elementor-element-populated\">\n\t\t\t\t\t\t<div class=\"elementor-element elementor-element-dc3179b elementor-widget elementor-widget-image\" data-id=\"dc3179b\" data-element_type=\"widget\" data-e-type=\"widget\" data-widget_type=\"image.default\">\n\t\t\t\t<div class=\"elementor-widget-container\">\n\t\t\t\t\t\t\t\t\t\t\t\t<figure class=\"wp-caption\">\n\t\t\t\t\t\t\t\t\t\t<img decoding=\"async\" width=\"300\" height=\"300\" src=\"https:\/\/gallery-puzic.com\/wp-content\/uploads\/2023\/05\/Solitude-M.-Brock-20-300x300.jpg\" class=\"attachment-medium size-medium wp-image-1050\" alt=\"Solitude - M. Brock\" srcset=\"https:\/\/gallery-puzic.com\/wp-content\/uploads\/2023\/05\/Solitude-M.-Brock-20-300x300.jpg 300w, https:\/\/gallery-puzic.com\/wp-content\/uploads\/2023\/05\/Solitude-M.-Brock-20-150x150.jpg 150w, https:\/\/gallery-puzic.com\/wp-content\/uploads\/2023\/05\/Solitude-M.-Brock-20-768x768.jpg 768w, https:\/\/gallery-puzic.com\/wp-content\/uploads\/2023\/05\/Solitude-M.-Brock-20.jpg 783w\" sizes=\"(max-width: 300px) 100vw, 300px\" \/>\t\t\t\t\t\t\t\t\t\t\t<figcaption class=\"widget-image-caption wp-caption-text\">Dedopali, \u00d6l auf Leinwand, 240x 60 cm<\/figcaption>\n\t\t\t\t\t\t\t\t\t\t<\/figure>\n\t\t\t\t\t\t\t\t\t<\/div>\n\t\t\t\t<\/div>\n\t\t\t\t\t<\/div>\n\t\t<\/div>\n\t\t\t\t<div class=\"elementor-column elementor-col-25 elementor-top-column elementor-element elementor-element-ba67034\" data-id=\"ba67034\" data-element_type=\"column\" data-e-type=\"column\">\n\t\t\t<div class=\"elementor-widget-wrap elementor-element-populated\">\n\t\t\t\t\t\t<div class=\"elementor-element elementor-element-cae2c9b elementor-widget elementor-widget-image\" data-id=\"cae2c9b\" data-element_type=\"widget\" data-e-type=\"widget\" data-widget_type=\"image.default\">\n\t\t\t\t<div class=\"elementor-widget-container\">\n\t\t\t\t\t\t\t\t\t\t\t\t<figure class=\"wp-caption\">\n\t\t\t\t\t\t\t\t\t\t<img decoding=\"async\" width=\"225\" height=\"300\" src=\"https:\/\/gallery-puzic.com\/wp-content\/uploads\/2024\/11\/Solitude-225x300.jpg\" class=\"attachment-medium size-medium wp-image-5558\" alt=\"\" srcset=\"https:\/\/gallery-puzic.com\/wp-content\/uploads\/2024\/11\/Solitude-225x300.jpg 225w, https:\/\/gallery-puzic.com\/wp-content\/uploads\/2024\/11\/Solitude-768x1024.jpg 768w, https:\/\/gallery-puzic.com\/wp-content\/uploads\/2024\/11\/Solitude-1152x1536.jpg 1152w, https:\/\/gallery-puzic.com\/wp-content\/uploads\/2024\/11\/Solitude-9x12.jpg 9w, https:\/\/gallery-puzic.com\/wp-content\/uploads\/2024\/11\/Solitude.jpg 1536w\" sizes=\"(max-width: 225px) 100vw, 225px\" \/>\t\t\t\t\t\t\t\t\t\t\t<figcaption class=\"widget-image-caption wp-caption-text\">Solitude, \u00d6l auf Leinwand,, 240x180 cm<\/figcaption>\n\t\t\t\t\t\t\t\t\t\t<\/figure>\n\t\t\t\t\t\t\t\t\t<\/div>\n\t\t\t\t<\/div>\n\t\t\t\t\t<\/div>\n\t\t<\/div>\n\t\t\t\t<div class=\"elementor-column elementor-col-25 elementor-top-column elementor-element elementor-element-3ad7b86\" data-id=\"3ad7b86\" data-element_type=\"column\" data-e-type=\"column\">\n\t\t\t<div class=\"elementor-widget-wrap elementor-element-populated\">\n\t\t\t\t\t\t<div class=\"elementor-element elementor-element-e462ddd elementor-widget elementor-widget-image\" data-id=\"e462ddd\" data-element_type=\"widget\" data-e-type=\"widget\" data-widget_type=\"image.default\">\n\t\t\t\t<div class=\"elementor-widget-container\">\n\t\t\t\t\t\t\t\t\t\t\t\t<figure class=\"wp-caption\">\n\t\t\t\t\t\t\t\t\t\t<img loading=\"lazy\" decoding=\"async\" width=\"300\" height=\"222\" src=\"https:\/\/gallery-puzic.com\/wp-content\/uploads\/2023\/04\/Matthias-Brock-Malerei-20-300x222.jpg\" class=\"attachment-medium size-medium wp-image-936\" alt=\"Matthias Brock Gallery Puzic\" srcset=\"https:\/\/gallery-puzic.com\/wp-content\/uploads\/2023\/04\/Matthias-Brock-Malerei-20-300x222.jpg 300w, https:\/\/gallery-puzic.com\/wp-content\/uploads\/2023\/04\/Matthias-Brock-Malerei-20.jpg 314w\" sizes=\"(max-width: 300px) 100vw, 300px\" \/>\t\t\t\t\t\t\t\t\t\t\t<figcaption class=\"widget-image-caption wp-caption-text\">Les figues, \u00d6l auf Leinwand,100x140 cm<\/figcaption>\n\t\t\t\t\t\t\t\t\t\t<\/figure>\n\t\t\t\t\t\t\t\t\t<\/div>\n\t\t\t\t<\/div>\n\t\t\t\t\t<\/div>\n\t\t<\/div>\n\t\t\t\t\t<\/div>\n\t\t<\/section>\n\t\t\t\t<section class=\"elementor-section elementor-top-section elementor-element elementor-element-41233e0 elementor-section-boxed elementor-section-height-default elementor-section-height-default\" data-id=\"41233e0\" data-element_type=\"section\" data-e-type=\"section\">\n\t\t\t\t\t\t<div class=\"elementor-container elementor-column-gap-default\">\n\t\t\t\t\t<div class=\"elementor-column elementor-col-100 elementor-top-column elementor-element elementor-element-68a0c49\" data-id=\"68a0c49\" data-element_type=\"column\" data-e-type=\"column\">\n\t\t\t<div class=\"elementor-widget-wrap elementor-element-populated\">\n\t\t\t\t\t\t<div class=\"elementor-element elementor-element-f7dd1c2 elementor-widget-divider--view-line elementor-widget elementor-widget-divider\" data-id=\"f7dd1c2\" data-element_type=\"widget\" data-e-type=\"widget\" data-widget_type=\"divider.default\">\n\t\t\t\t<div class=\"elementor-widget-container\">\n\t\t\t\t\t\t\t<div class=\"elementor-divider\">\n\t\t\t<span class=\"elementor-divider-separator\">\n\t\t\t\t\t\t<\/span>\n\t\t<\/div>\n\t\t\t\t\t\t<\/div>\n\t\t\t\t<\/div>\n\t\t\t\t\t<\/div>\n\t\t<\/div>\n\t\t\t\t\t<\/div>\n\t\t<\/section>\n\t\t\t\t<section class=\"elementor-section elementor-top-section elementor-element elementor-element-eff2712 elementor-section-boxed elementor-section-height-default elementor-section-height-default\" data-id=\"eff2712\" data-element_type=\"section\" data-e-type=\"section\">\n\t\t\t\t\t\t<div class=\"elementor-container elementor-column-gap-default\">\n\t\t\t\t\t<div class=\"elementor-column elementor-col-33 elementor-top-column elementor-element elementor-element-cbe6dda\" data-id=\"cbe6dda\" data-element_type=\"column\" data-e-type=\"column\">\n\t\t\t<div class=\"elementor-widget-wrap elementor-element-populated\">\n\t\t\t\t\t\t<div class=\"elementor-element elementor-element-aa602d4 elementor-widget elementor-widget-image\" data-id=\"aa602d4\" data-element_type=\"widget\" data-e-type=\"widget\" data-widget_type=\"image.default\">\n\t\t\t\t<div class=\"elementor-widget-container\">\n\t\t\t\t\t\t\t\t\t\t\t\t\t\t\t<img loading=\"lazy\" decoding=\"async\" width=\"300\" height=\"161\" src=\"https:\/\/gallery-puzic.com\/wp-content\/uploads\/2024\/11\/Brock-portrait-300x161.png\" class=\"attachment-medium size-medium wp-image-5556\" alt=\"\" srcset=\"https:\/\/gallery-puzic.com\/wp-content\/uploads\/2024\/11\/Brock-portrait-300x161.png 300w, https:\/\/gallery-puzic.com\/wp-content\/uploads\/2024\/11\/Brock-portrait-1024x548.png 1024w, https:\/\/gallery-puzic.com\/wp-content\/uploads\/2024\/11\/Brock-portrait-768x411.png 768w, https:\/\/gallery-puzic.com\/wp-content\/uploads\/2024\/11\/Brock-portrait-18x10.png 18w, https:\/\/gallery-puzic.com\/wp-content\/uploads\/2024\/11\/Brock-portrait.png 1509w\" sizes=\"(max-width: 300px) 100vw, 300px\" \/>\t\t\t\t\t\t\t\t\t\t\t\t\t\t\t<\/div>\n\t\t\t\t<\/div>\n\t\t\t\t\t<\/div>\n\t\t<\/div>\n\t\t\t\t<div class=\"elementor-column elementor-col-66 elementor-top-column elementor-element elementor-element-7be0b4e\" data-id=\"7be0b4e\" data-element_type=\"column\" data-e-type=\"column\">\n\t\t\t<div class=\"elementor-widget-wrap elementor-element-populated\">\n\t\t\t\t\t\t<div class=\"elementor-element elementor-element-d138db5 elementor-widget elementor-widget-text-editor\" data-id=\"d138db5\" data-element_type=\"widget\" data-e-type=\"widget\" data-widget_type=\"text-editor.default\">\n\t\t\t\t<div class=\"elementor-widget-container\">\n\t\t\t\t\t\t\t\t\t<p><strong>Matthias Brock&nbsp; |&nbsp; biography<\/strong><\/p>\n<p>*1962&nbsp;in Bielefeld&nbsp;<\/p>\n<p>Studium an der Kunstakademie M\u00fcnster&nbsp;bei den Professoren&nbsp;Johannes Brus und H.-J. Kuhna&nbsp;<\/p>\n<p>1988&nbsp;Meistersch\u00fcler&nbsp;<\/p>\n<p>1995&nbsp;Erstes Staatsexamen, Akademiebrief&nbsp;<\/p>\n<p>1993- 95&nbsp;Lehrauftrag f\u00fcr Aktmalerei an der Kunstakademie M\u00fcnster&nbsp;<\/p>\n<p>Mitglied im K\u00fcnstlerverein Malkasten und im Verein der D\u00fcsseldorfer K\u00fcnstler<\/p>\n<p>Lebt und arbeitet in K\u00f6ln<\/p>\n<p>+ + +<\/p>\n<p><strong>Preise und Stipendien<\/strong><\/p>\n<p>1995&nbsp;Kunstpreis des Landesverbandes Lippe&nbsp;<\/p>\n<p>1999&nbsp;F\u00f6rderpreis der Darmst\u00e4dter Sezession&nbsp;<\/p>\n<p>2000\/2016\/2019&nbsp;Atelier in der Cit\u00e9 Internationale des Arts, Paris<\/p>\n<p><strong>Einzelausstellungen (Auswahl)<\/strong><\/p>\n<p>1988&nbsp;Galerie &#8222;Im Kalkmarkt&#8220;, M\u00fcnster&nbsp;<\/p>\n<p>1989 Galerie CO 10, D\u00fcsseldorf \/ Kunsthaus Pinx, Bochum&nbsp;<\/p>\n<p>1992 Galerie CO 10, D\u00fcsseldorf \/ Schlossgalerie Nordkirchen \/ &#8222;Raum 109&#8220;, Kunstakademie M\u00fcnster&nbsp;<\/p>\n<p>1993 Benno-Haus, M\u00fcnster \/ Galerie CO 10, D\u00fcsseldorf (Katalog)&nbsp;<\/p>\n<p>1995 Robert-K\u00f6pke-Haus, Schieder-Schwalenberg\/ Galerie CO 10, D\u00fcsseldorf&nbsp;<\/p>\n<p>1996&nbsp;Kunsthaus Pinx, Bochum&nbsp;<\/p>\n<p>1997 Galerie Skala, K\u00f6ln \/ St\u00e4dtische Galerie Altena \/ Kreisheimathaus Tecklenburg \/ Kunstverein D\u00fclmen \/&nbsp;<span style=\"color: var( --e-global-color-text ); font-family: var( --e-global-typography-text-font-family ), Sans-serif; font-weight: var( --e-global-typography-text-font-weight ); font-size: 1rem;\">St\u00e4dtische Galerie Wesseling&nbsp;<\/span><\/p>\n<p>1998 Justizministerium des Landes NRW, D\u00fcsseldorf \/ Galerie Skala, K\u00f6ln: Einzelpr\u00e4sentation auf der ART Frankfurt \/ Institut f\u00fcr Lippische Landeskunde, Orangerie Schlo\u00df Brake, Lemgo \/ Galerie CO 10, D\u00fcsseldorf (Katalog)&nbsp;<\/p>\n<p>1999 Flughafengalerie Paderborn \/ Galerie Kallenbach, Sinzig \/ Galerie Barbara Hendriks, La Geria de Yaiza, Lanzarote,&nbsp; &nbsp; &nbsp; &nbsp; &nbsp; &nbsp; Spanien;&nbsp;<\/p>\n<p>2000 Kunstverein Mettmann \/ Cit\u00e9 Internationale des Arts, Paris \/ Galerie Skala, K\u00f6ln \/ Galerie H\u00fcter, Willich&nbsp;<\/p>\n<p>2001 Kunstverein Unna\/ Kunstverein Hilden \/ Galerie Niepel bei Morawitz, D\u00fcsseldorf&nbsp;<\/p>\n<p>2002 Rathausgalerie Bergheim \/ Galerie Skala, K\u00f6ln&nbsp;<\/p>\n<p>2003 KunstSalon, K\u00f6ln \/ Palmengarten, Frankfurt\/M. \/ &#8222;Das Wort&#8220;, St. Audomar, Frechen&nbsp;<\/p>\n<p>2004 Museum Am Burghof, Springe \/ B\u00fcchner-Haus, Riedstadt-Goddelau \/ Forum Wasserturm, Meerbusch \/&nbsp; &nbsp; &nbsp; &nbsp; &nbsp; &nbsp; &nbsp; &nbsp; &nbsp; &nbsp; &nbsp; &nbsp; &nbsp; &nbsp; &nbsp; &nbsp; Oberfinanzdirektion M\u00fcnster (Katalog)&nbsp;<\/p>\n<p>2005 Kunstkreis Hameln \/ Galerie Caprice Horn, Berlin \/ Landtag NRW, D\u00fcsseldorf&nbsp;<\/p>\n<p>2006 Landeskulturzentrum Ursulinenhof, Linz (\u00d6sterreich) \/ Galerie Skala, K\u00f6ln \/ Galerie Angelika Kallenbach, Bonn \/&nbsp; &nbsp; &nbsp; &nbsp; &nbsp; &nbsp; &nbsp; &nbsp; Robert-Koepke-Haus, Schwalenberg&nbsp;<\/p>\n<p>2007 Kunstverein Oberhausen \/ Galerie 48, Saarbr\u00fccken \/ St\u00e4dtische Galerie Haus Spiess, Erkelenz&nbsp;<\/p>\n<p>2008&nbsp;Museum Schloss Fellenberg, Merzig (Katalog)&nbsp;<\/p>\n<p>2009&nbsp;Kunstverein Melle\/Osnabr\u00fcck&nbsp;<\/p>\n<p>2010 Thomas-Morus-Akademie, Bergisch-Gladbach \/ Medio Rhein-Erft, Bergheim \/ Kulturring Meschede (Katalog)&nbsp;<\/p>\n<p>2011&nbsp;Galerie Martina Diers, Wuppertal&nbsp;<\/p>\n<p>2012 Kunstverein Wesseling \/ Kunstverein Schwetzingen (Katalog)&nbsp;<\/p>\n<p>2013 Kunstverein Salzgitter (Katalog) \/ Galerie Gunzenhauser, M\u00fcnchen \/ Kunstverein Worms (mit E. Weckes)&nbsp;<\/p>\n<p>2014 Hallescher Kunstverein, Halle\/Saale \/ Galerie Niepel bei Morawitz, D\u00fcsseldorf&nbsp;<\/p>\n<p>2015 Galerie Stefan Bartsch, M\u00fcnchen \/ Kunstverein Sch\u00f6ningen&nbsp;<\/p>\n<p>2016 Kunstverein Uelzen (Katalog) \/ Cit\u00e9 Internationale des Arts, Paris&nbsp;<\/p>\n<p>2017 Museum Z\u00fcndorfer Wehrturm, K\u00f6ln \/ Stiftung Burg Kniphausen, Wilhelmshaven (mit Sigrun Brock)<\/p>\n<p>2018 Kunsthalle Lindenthal, K\u00f6ln (mit Sigrun Brock)<\/p>\n<p>2019 Cit\u00e9 Internationale des Arts, Paris \/ Kunstverein Ottobrunn \/ Kreishausgalerie, Bergheim (Katalog) \/ Galerie&nbsp; &nbsp; &nbsp; &nbsp; &nbsp; &nbsp; &nbsp; &nbsp; &nbsp; &nbsp; &nbsp; &nbsp; Kunstraub 99, K\u00f6ln<\/p>\n<p>2020&nbsp;Kunstverein Bad Godesberg<\/p>\n<p>2021&nbsp;St\u00e4dtisches Museum Kalkar (Katalog)<\/p>\n<p>2023&nbsp;Galerie Puzi\u0107, Saarbr\u00fccken<\/p>\n<p>2024 Kunstverein Husum \/ Kunstverein L\u00fcbbecke \/ KunstRaum St. Theodor, K\u00f6ln \/ Museum Kloster Kamp, Kamp-&nbsp; &nbsp; &nbsp; &nbsp; &nbsp; &nbsp; &nbsp; &nbsp; &nbsp; &nbsp; &nbsp; &nbsp;Lintfort \/ Rathaus Stadt Rees\/Niederrhein<\/p>\n<p>2025 Kunstverein Eisenturm, Mainz \/ Kunstkreis Hameln<\/p>\t\t\t\t\t\t\t\t<\/div>\n\t\t\t\t<\/div>\n\t\t\t\t\t<\/div>\n\t\t<\/div>\n\t\t\t\t\t<\/div>\n\t\t<\/section>\n\t\t\t\t<section class=\"elementor-section elementor-top-section elementor-element elementor-element-5f48f6a elementor-section-boxed elementor-section-height-default elementor-section-height-default\" data-id=\"5f48f6a\" data-element_type=\"section\" data-e-type=\"section\">\n\t\t\t\t\t\t<div class=\"elementor-container elementor-column-gap-default\">\n\t\t\t\t\t<div class=\"elementor-column elementor-col-100 elementor-top-column elementor-element elementor-element-207bcf4\" data-id=\"207bcf4\" data-element_type=\"column\" data-e-type=\"column\">\n\t\t\t<div class=\"elementor-widget-wrap elementor-element-populated\">\n\t\t\t\t\t\t<div class=\"elementor-element elementor-element-a3399f5 elementor-widget-divider--view-line elementor-widget elementor-widget-divider\" data-id=\"a3399f5\" data-element_type=\"widget\" data-e-type=\"widget\" data-widget_type=\"divider.default\">\n\t\t\t\t<div class=\"elementor-widget-container\">\n\t\t\t\t\t\t\t<div class=\"elementor-divider\">\n\t\t\t<span class=\"elementor-divider-separator\">\n\t\t\t\t\t\t<\/span>\n\t\t<\/div>\n\t\t\t\t\t\t<\/div>\n\t\t\t\t<\/div>\n\t\t\t\t\t<\/div>\n\t\t<\/div>\n\t\t\t\t\t<\/div>\n\t\t<\/section>\n\t\t\t\t<\/div>","protected":false},"excerpt":{"rendered":"<p>MATTHIAS BROCK artworks biography Landung, \u00d6l auf Leinwand, 210&#215;230 cm Dedopali, \u00d6l auf Leinwand, 240x 60 cm Solitude, \u00d6l auf Leinwand,, 240&#215;180 cm Les figues, \u00d6l auf Leinwand,100&#215;140 cm Matthias Brock&nbsp; |&nbsp; biography *1962&nbsp;in Bielefeld&nbsp; Studium an der Kunstakademie M\u00fcnster&nbsp;bei den Professoren&nbsp;Johannes Brus und H.-J. Kuhna&nbsp; 1988&nbsp;Meistersch\u00fcler&nbsp; 1995&nbsp;Erstes Staatsexamen, Akademiebrief&nbsp; 1993- 95&nbsp;Lehrauftrag f\u00fcr Aktmalerei an [&hellip;]<\/p>\n","protected":false},"author":2,"featured_media":0,"parent":0,"menu_order":0,"comment_status":"closed","ping_status":"closed","template":"","meta":{"footnotes":""},"class_list":["post-5586","page","type-page","status-publish","hentry"],"_links":{"self":[{"href":"https:\/\/gallery-puzic.com\/en\/wp-json\/wp\/v2\/pages\/5586","targetHints":{"allow":["GET"]}}],"collection":[{"href":"https:\/\/gallery-puzic.com\/en\/wp-json\/wp\/v2\/pages"}],"about":[{"href":"https:\/\/gallery-puzic.com\/en\/wp-json\/wp\/v2\/types\/page"}],"author":[{"embeddable":true,"href":"https:\/\/gallery-puzic.com\/en\/wp-json\/wp\/v2\/users\/2"}],"replies":[{"embeddable":true,"href":"https:\/\/gallery-puzic.com\/en\/wp-json\/wp\/v2\/comments?post=5586"}],"version-history":[{"count":37,"href":"https:\/\/gallery-puzic.com\/en\/wp-json\/wp\/v2\/pages\/5586\/revisions"}],"predecessor-version":[{"id":6266,"href":"https:\/\/gallery-puzic.com\/en\/wp-json\/wp\/v2\/pages\/5586\/revisions\/6266"}],"wp:attachment":[{"href":"https:\/\/gallery-puzic.com\/en\/wp-json\/wp\/v2\/media?parent=5586"}],"curies":[{"name":"wp","href":"https:\/\/api.w.org\/{rel}","templated":true}]}}