{"id":553,"date":"2023-01-01T12:14:08","date_gmt":"2023-01-01T12:14:08","guid":{"rendered":"https:\/\/gallery-puzic.com\/?page_id=553"},"modified":"2023-01-01T12:44:03","modified_gmt":"2023-01-01T12:44:03","slug":"kunstprojekt-form-bar","status":"publish","type":"page","link":"https:\/\/gallery-puzic.com\/en\/kunstprojekt-form-bar\/","title":{"rendered":"Kunstprojekt mit form.bar"},"content":{"rendered":"<p style=\"text-size: 25px; color: grey;\">Am 19.12.2022 fand das private Kunstprojekt der <b>GALLERY PUZI\u0106<\/b> zusammen mit dem Team von <b>form.bar<\/b> statt. Form.bar erm\u00f6glicht das freie und individuelle Gestalten von M\u00f6beln. \u00dcberwiedgend Holz als Material Anwendung. Kreativit\u00e4t sind keine Grenzen gesetzt. In der GALLERY PUZI\u0106 stellt das Team von form.bar seine Kreativit\u00e4t unter Beweis!<\/p>\n\n\n\n<figure class=\"wp-block-image size-full\"><a href=\"https:\/\/www.form.bar\/?2\"><img fetchpriority=\"high\" decoding=\"async\" width=\"947\" height=\"889\" src=\"https:\/\/gallery-puzic.com\/wp-content\/uploads\/2023\/01\/form.bar-4.png\" alt=\"\" class=\"wp-image-564\" srcset=\"https:\/\/gallery-puzic.com\/wp-content\/uploads\/2023\/01\/form.bar-4.png 947w, https:\/\/gallery-puzic.com\/wp-content\/uploads\/2023\/01\/form.bar-4-300x282.png 300w, https:\/\/gallery-puzic.com\/wp-content\/uploads\/2023\/01\/form.bar-4-768x721.png 768w\" sizes=\"(max-width: 947px) 100vw, 947px\" \/><\/a><\/figure>\n\n\n\n<p style=\"text-size: 25px; color: grey;\">Unter einer Einf\u00fchrung des Galeristen und Kunstliebhabers Esad Puzi\u0107 begann die Komposition der Farben und Formen in der <b>GALLERY PUZI\u0106<\/b>. Hierbei fand ein besonderes Konzept Anwendung, bei dem aus vielen Einzelnen Teilen ein gro\u00dfes Ganzes entstand. Die Teilnehmer arbeiteten zun\u00e4chst einzeln und in Gruppen, in denen es unter Anleitung von Herrn Puzi\u0107 regelm\u00e4\u00dfig zu Rotationen kam, an voneinander unabh\u00e4ngigen, aber thematisch \u00e4hnlichen Werken. So finden sich vielseitige Einfl\u00fcsse in der Verarbeitung der Farben und Formen auf dem Papieruntergrund wieder.<\/p>\n\n\n\n<div class=\"wp-block-columns is-layout-flex wp-container-core-columns-is-layout-28f84493 wp-block-columns-is-layout-flex\">\n<div class=\"wp-block-column is-layout-flow wp-block-column-is-layout-flow\">\n<figure class=\"wp-block-image size-large\"><img decoding=\"async\" width=\"835\" height=\"1024\" src=\"https:\/\/gallery-puzic.com\/wp-content\/uploads\/2023\/01\/form.bar-5-835x1024.png\" alt=\"\" class=\"wp-image-571\" srcset=\"https:\/\/gallery-puzic.com\/wp-content\/uploads\/2023\/01\/form.bar-5-835x1024.png 835w, https:\/\/gallery-puzic.com\/wp-content\/uploads\/2023\/01\/form.bar-5-245x300.png 245w, https:\/\/gallery-puzic.com\/wp-content\/uploads\/2023\/01\/form.bar-5-768x942.png 768w, https:\/\/gallery-puzic.com\/wp-content\/uploads\/2023\/01\/form.bar-5.png 1148w\" sizes=\"(max-width: 835px) 100vw, 835px\" \/><\/figure>\n<\/div>\n\n\n\n<div class=\"wp-block-column is-layout-flow wp-block-column-is-layout-flow\">\n<figure class=\"wp-block-image size-large is-resized\"><img decoding=\"async\" src=\"https:\/\/gallery-puzic.com\/wp-content\/uploads\/2023\/01\/form.bar-1-869x1024.png\" alt=\"\" class=\"wp-image-555\" width=\"210\" height=\"247\" srcset=\"https:\/\/gallery-puzic.com\/wp-content\/uploads\/2023\/01\/form.bar-1-869x1024.png 869w, https:\/\/gallery-puzic.com\/wp-content\/uploads\/2023\/01\/form.bar-1-255x300.png 255w, https:\/\/gallery-puzic.com\/wp-content\/uploads\/2023\/01\/form.bar-1-768x905.png 768w, https:\/\/gallery-puzic.com\/wp-content\/uploads\/2023\/01\/form.bar-1.png 1156w\" sizes=\"(max-width: 210px) 100vw, 210px\" \/><\/figure>\n<\/div>\n\n\n\n<div class=\"wp-block-column is-layout-flow wp-block-column-is-layout-flow\">\n<figure class=\"wp-block-image size-large is-resized\"><img loading=\"lazy\" decoding=\"async\" src=\"https:\/\/gallery-puzic.com\/wp-content\/uploads\/2023\/01\/form.bar-2-800x1024.png\" alt=\"\" class=\"wp-image-556\" width=\"195\" height=\"249\" srcset=\"https:\/\/gallery-puzic.com\/wp-content\/uploads\/2023\/01\/form.bar-2-800x1024.png 800w, https:\/\/gallery-puzic.com\/wp-content\/uploads\/2023\/01\/form.bar-2-234x300.png 234w, https:\/\/gallery-puzic.com\/wp-content\/uploads\/2023\/01\/form.bar-2-768x983.png 768w, https:\/\/gallery-puzic.com\/wp-content\/uploads\/2023\/01\/form.bar-2.png 1100w\" sizes=\"(max-width: 195px) 100vw, 195px\" \/><\/figure>\n<\/div>\n<\/div>\n\n\n\n<p style=\"text-size: 25px; color: grey;\">Nach dem einige Stunden verstrichen sind, f\u00fcgten die Teilnehmer die einzelnen Arbeiten zu einem gro\u00dfen Ganzen zusammen. Entstanden war eine gro\u00dfe, in sich stimmige, Arbeit, die von jedem der Teilnehmer seinen ganz individuellen Fingerabdruck besa\u00df. Diese Arbeit verk\u00f6rpert unter anderem Teamgeist und koordinierte Zusammenarbeit. <\/p>\n\n\n\n<figure class=\"wp-block-image size-large\"><img loading=\"lazy\" decoding=\"async\" width=\"1024\" height=\"661\" src=\"https:\/\/gallery-puzic.com\/wp-content\/uploads\/2023\/01\/form.bar-3-1-1024x661.png\" alt=\"\" class=\"wp-image-563\" srcset=\"https:\/\/gallery-puzic.com\/wp-content\/uploads\/2023\/01\/form.bar-3-1-1024x661.png 1024w, https:\/\/gallery-puzic.com\/wp-content\/uploads\/2023\/01\/form.bar-3-1-300x194.png 300w, https:\/\/gallery-puzic.com\/wp-content\/uploads\/2023\/01\/form.bar-3-1-768x496.png 768w, https:\/\/gallery-puzic.com\/wp-content\/uploads\/2023\/01\/form.bar-3-1-1536x992.png 1536w, https:\/\/gallery-puzic.com\/wp-content\/uploads\/2023\/01\/form.bar-3-1-2048x1322.png 2048w\" sizes=\"(max-width: 1024px) 100vw, 1024px\" \/><\/figure>","protected":false},"excerpt":{"rendered":"<p>Am 19.12.2022 fand das private Kunstprojekt der GALLERY PUZI\u0106 zusammen mit dem Team von form.bar statt. Form.bar erm\u00f6glicht das freie und individuelle Gestalten von M\u00f6beln. \u00dcberwiedgend Holz als Material Anwendung. Kreativit\u00e4t sind keine Grenzen gesetzt. In der GALLERY PUZI\u0106 stellt das Team von form.bar seine Kreativit\u00e4t unter Beweis! Unter einer Einf\u00fchrung des Galeristen und Kunstliebhabers [&hellip;]<\/p>\n","protected":false},"author":1,"featured_media":0,"parent":0,"menu_order":0,"comment_status":"closed","ping_status":"closed","template":"","meta":{"footnotes":""},"class_list":["post-553","page","type-page","status-publish","hentry"],"_links":{"self":[{"href":"https:\/\/gallery-puzic.com\/en\/wp-json\/wp\/v2\/pages\/553","targetHints":{"allow":["GET"]}}],"collection":[{"href":"https:\/\/gallery-puzic.com\/en\/wp-json\/wp\/v2\/pages"}],"about":[{"href":"https:\/\/gallery-puzic.com\/en\/wp-json\/wp\/v2\/types\/page"}],"author":[{"embeddable":true,"href":"https:\/\/gallery-puzic.com\/en\/wp-json\/wp\/v2\/users\/1"}],"replies":[{"embeddable":true,"href":"https:\/\/gallery-puzic.com\/en\/wp-json\/wp\/v2\/comments?post=553"}],"version-history":[{"count":7,"href":"https:\/\/gallery-puzic.com\/en\/wp-json\/wp\/v2\/pages\/553\/revisions"}],"predecessor-version":[{"id":572,"href":"https:\/\/gallery-puzic.com\/en\/wp-json\/wp\/v2\/pages\/553\/revisions\/572"}],"wp:attachment":[{"href":"https:\/\/gallery-puzic.com\/en\/wp-json\/wp\/v2\/media?parent=553"}],"curies":[{"name":"wp","href":"https:\/\/api.w.org\/{rel}","templated":true}]}}