{"id":5481,"date":"2024-11-08T11:21:03","date_gmt":"2024-11-08T11:21:03","guid":{"rendered":"https:\/\/gallery-puzic.com\/?page_id=5481"},"modified":"2024-11-08T12:59:50","modified_gmt":"2024-11-08T12:59:50","slug":"chikako-kato","status":"publish","type":"page","link":"https:\/\/gallery-puzic.com\/en\/chikako-kato\/","title":{"rendered":"Chikako Kato"},"content":{"rendered":"<div data-elementor-type=\"wp-page\" data-elementor-id=\"5481\" class=\"elementor elementor-5481\">\n\t\t\t\t\t\t<section class=\"elementor-section elementor-top-section elementor-element elementor-element-d4df0d2 elementor-section-boxed elementor-section-height-default elementor-section-height-default\" data-id=\"d4df0d2\" data-element_type=\"section\" data-e-type=\"section\">\n\t\t\t\t\t\t<div class=\"elementor-container elementor-column-gap-default\">\n\t\t\t\t\t<div class=\"elementor-column elementor-col-100 elementor-top-column elementor-element elementor-element-5ddf72b\" data-id=\"5ddf72b\" data-element_type=\"column\" data-e-type=\"column\">\n\t\t\t<div class=\"elementor-widget-wrap elementor-element-populated\">\n\t\t\t\t\t\t<div class=\"elementor-element elementor-element-735f65d elementor-widget-divider--view-line elementor-widget elementor-widget-divider\" data-id=\"735f65d\" data-element_type=\"widget\" data-e-type=\"widget\" data-widget_type=\"divider.default\">\n\t\t\t\t<div class=\"elementor-widget-container\">\n\t\t\t\t\t\t\t<div class=\"elementor-divider\">\n\t\t\t<span class=\"elementor-divider-separator\">\n\t\t\t\t\t\t<\/span>\n\t\t<\/div>\n\t\t\t\t\t\t<\/div>\n\t\t\t\t<\/div>\n\t\t\t\t\t<\/div>\n\t\t<\/div>\n\t\t\t\t\t<\/div>\n\t\t<\/section>\n\t\t\t\t<section class=\"elementor-section elementor-top-section elementor-element elementor-element-273da61 elementor-section-boxed elementor-section-height-default elementor-section-height-default\" data-id=\"273da61\" data-element_type=\"section\" data-e-type=\"section\">\n\t\t\t\t\t\t<div class=\"elementor-container elementor-column-gap-default\">\n\t\t\t\t\t<div class=\"elementor-column elementor-col-100 elementor-top-column elementor-element elementor-element-28f8e0a\" data-id=\"28f8e0a\" data-element_type=\"column\" data-e-type=\"column\">\n\t\t\t<div class=\"elementor-widget-wrap elementor-element-populated\">\n\t\t\t\t\t\t<div class=\"elementor-element elementor-element-7f50815 elementor-widget-divider--view-line elementor-widget elementor-widget-divider\" data-id=\"7f50815\" data-element_type=\"widget\" data-e-type=\"widget\" data-widget_type=\"divider.default\">\n\t\t\t\t<div class=\"elementor-widget-container\">\n\t\t\t\t\t\t\t<div class=\"elementor-divider\">\n\t\t\t<span class=\"elementor-divider-separator\">\n\t\t\t\t\t\t<\/span>\n\t\t<\/div>\n\t\t\t\t\t\t<\/div>\n\t\t\t\t<\/div>\n\t\t\t\t\t<\/div>\n\t\t<\/div>\n\t\t\t\t\t<\/div>\n\t\t<\/section>\n\t\t\t\t<section class=\"elementor-section elementor-top-section elementor-element elementor-element-532c2b0 elementor-section-boxed elementor-section-height-default elementor-section-height-default\" data-id=\"532c2b0\" data-element_type=\"section\" data-e-type=\"section\">\n\t\t\t\t\t\t<div class=\"elementor-container elementor-column-gap-default\">\n\t\t\t\t\t<div class=\"elementor-column elementor-col-100 elementor-top-column elementor-element elementor-element-1256edd\" data-id=\"1256edd\" data-element_type=\"column\" data-e-type=\"column\">\n\t\t\t<div class=\"elementor-widget-wrap elementor-element-populated\">\n\t\t\t\t\t\t<div class=\"elementor-element elementor-element-85b9940 elementor-widget elementor-widget-text-editor\" data-id=\"85b9940\" data-element_type=\"widget\" data-e-type=\"widget\" data-widget_type=\"text-editor.default\">\n\t\t\t\t<div class=\"elementor-widget-container\">\n\t\t\t\t\t\t\t\t\t<h3><strong>CHIKAKO KATO<\/strong><\/h3>\t\t\t\t\t\t\t\t<\/div>\n\t\t\t\t<\/div>\n\t\t\t\t\t<\/div>\n\t\t<\/div>\n\t\t\t\t\t<\/div>\n\t\t<\/section>\n\t\t\t\t<section class=\"elementor-section elementor-top-section elementor-element elementor-element-2ebfe27 elementor-section-boxed elementor-section-height-default elementor-section-height-default\" data-id=\"2ebfe27\" data-element_type=\"section\" data-e-type=\"section\">\n\t\t\t\t\t\t<div class=\"elementor-container elementor-column-gap-default\">\n\t\t\t\t\t<div class=\"elementor-column elementor-col-50 elementor-top-column elementor-element elementor-element-7323e7b\" data-id=\"7323e7b\" data-element_type=\"column\" data-e-type=\"column\">\n\t\t\t<div class=\"elementor-widget-wrap elementor-element-populated\">\n\t\t\t\t\t\t<div class=\"elementor-element elementor-element-4e0319d elementor-widget elementor-widget-text-editor\" data-id=\"4e0319d\" data-element_type=\"widget\" data-e-type=\"widget\" data-widget_type=\"text-editor.default\">\n\t\t\t\t<div class=\"elementor-widget-container\">\n\t\t\t\t\t\t\t\t\t<p>artworks<\/p>\t\t\t\t\t\t\t\t<\/div>\n\t\t\t\t<\/div>\n\t\t\t\t\t<\/div>\n\t\t<\/div>\n\t\t\t\t<div class=\"elementor-column elementor-col-50 elementor-top-column elementor-element elementor-element-06cf61f\" data-id=\"06cf61f\" data-element_type=\"column\" data-e-type=\"column\">\n\t\t\t<div class=\"elementor-widget-wrap elementor-element-populated\">\n\t\t\t\t\t\t<div class=\"elementor-element elementor-element-a11e5f2 elementor-widget elementor-widget-text-editor\" data-id=\"a11e5f2\" data-element_type=\"widget\" data-e-type=\"widget\" data-widget_type=\"text-editor.default\">\n\t\t\t\t<div class=\"elementor-widget-container\">\n\t\t\t\t\t\t\t\t\t<p>biography<\/p>\t\t\t\t\t\t\t\t<\/div>\n\t\t\t\t<\/div>\n\t\t\t\t\t<\/div>\n\t\t<\/div>\n\t\t\t\t\t<\/div>\n\t\t<\/section>\n\t\t\t\t<section class=\"elementor-section elementor-top-section elementor-element elementor-element-74686df elementor-section-boxed elementor-section-height-default elementor-section-height-default\" data-id=\"74686df\" data-element_type=\"section\" data-e-type=\"section\">\n\t\t\t\t\t\t<div class=\"elementor-container elementor-column-gap-default\">\n\t\t\t\t\t<div class=\"elementor-column elementor-col-25 elementor-top-column elementor-element elementor-element-55d8819\" data-id=\"55d8819\" data-element_type=\"column\" data-e-type=\"column\">\n\t\t\t<div class=\"elementor-widget-wrap elementor-element-populated\">\n\t\t\t\t\t\t<div class=\"elementor-element elementor-element-70c7bb4 elementor-widget elementor-widget-image\" data-id=\"70c7bb4\" data-element_type=\"widget\" data-e-type=\"widget\" data-widget_type=\"image.default\">\n\t\t\t\t<div class=\"elementor-widget-container\">\n\t\t\t\t\t\t\t\t\t\t\t\t<figure class=\"wp-caption\">\n\t\t\t\t\t\t\t\t\t\t<img fetchpriority=\"high\" decoding=\"async\" width=\"300\" height=\"300\" src=\"https:\/\/gallery-puzic.com\/wp-content\/uploads\/2024\/11\/Kato-GREEN-10-768x768-painting-300x300.jpeg\" class=\"attachment-medium size-medium wp-image-5486\" alt=\"\" srcset=\"https:\/\/gallery-puzic.com\/wp-content\/uploads\/2024\/11\/Kato-GREEN-10-768x768-painting-300x300.jpeg 300w, https:\/\/gallery-puzic.com\/wp-content\/uploads\/2024\/11\/Kato-GREEN-10-768x768-painting-150x150.jpeg 150w, https:\/\/gallery-puzic.com\/wp-content\/uploads\/2024\/11\/Kato-GREEN-10-768x768-painting-12x12.jpeg 12w, https:\/\/gallery-puzic.com\/wp-content\/uploads\/2024\/11\/Kato-GREEN-10-768x768-painting.jpeg 768w\" sizes=\"(max-width: 300px) 100vw, 300px\" \/>\t\t\t\t\t\t\t\t\t\t\t<figcaption class=\"widget-image-caption wp-caption-text\">re-encounter, acryl on paper, 2022<\/figcaption>\n\t\t\t\t\t\t\t\t\t\t<\/figure>\n\t\t\t\t\t\t\t\t\t<\/div>\n\t\t\t\t<\/div>\n\t\t\t\t\t<\/div>\n\t\t<\/div>\n\t\t\t\t<div class=\"elementor-column elementor-col-25 elementor-top-column elementor-element elementor-element-4098c7a\" data-id=\"4098c7a\" data-element_type=\"column\" data-e-type=\"column\">\n\t\t\t<div class=\"elementor-widget-wrap elementor-element-populated\">\n\t\t\t\t\t\t<div class=\"elementor-element elementor-element-aecc55c elementor-widget elementor-widget-image\" data-id=\"aecc55c\" data-element_type=\"widget\" data-e-type=\"widget\" data-widget_type=\"image.default\">\n\t\t\t\t<div class=\"elementor-widget-container\">\n\t\t\t\t\t\t\t\t\t\t\t\t<figure class=\"wp-caption\">\n\t\t\t\t\t\t\t\t\t\t<img decoding=\"async\" width=\"300\" height=\"300\" src=\"https:\/\/gallery-puzic.com\/wp-content\/uploads\/2023\/10\/voice2-300x300.jpg\" class=\"attachment-medium size-medium wp-image-2588\" alt=\"\" srcset=\"https:\/\/gallery-puzic.com\/wp-content\/uploads\/2023\/10\/voice2-300x300.jpg 300w, https:\/\/gallery-puzic.com\/wp-content\/uploads\/2023\/10\/voice2-1024x1024.jpg 1024w, https:\/\/gallery-puzic.com\/wp-content\/uploads\/2023\/10\/voice2-150x150.jpg 150w, https:\/\/gallery-puzic.com\/wp-content\/uploads\/2023\/10\/voice2-768x768.jpg 768w, https:\/\/gallery-puzic.com\/wp-content\/uploads\/2023\/10\/voice2-1536x1536.jpg 1536w, https:\/\/gallery-puzic.com\/wp-content\/uploads\/2023\/10\/voice2-2048x2048.jpg 2048w\" sizes=\"(max-width: 300px) 100vw, 300px\" \/>\t\t\t\t\t\t\t\t\t\t\t<figcaption class=\"widget-image-caption wp-caption-text\">voice, acryl on wood, 2023 <\/figcaption>\n\t\t\t\t\t\t\t\t\t\t<\/figure>\n\t\t\t\t\t\t\t\t\t<\/div>\n\t\t\t\t<\/div>\n\t\t\t\t\t<\/div>\n\t\t<\/div>\n\t\t\t\t<div class=\"elementor-column elementor-col-25 elementor-top-column elementor-element elementor-element-ed022ff\" data-id=\"ed022ff\" data-element_type=\"column\" data-e-type=\"column\">\n\t\t\t<div class=\"elementor-widget-wrap elementor-element-populated\">\n\t\t\t\t\t\t<div class=\"elementor-element elementor-element-10f5884 elementor-widget elementor-widget-image\" data-id=\"10f5884\" data-element_type=\"widget\" data-e-type=\"widget\" data-widget_type=\"image.default\">\n\t\t\t\t<div class=\"elementor-widget-container\">\n\t\t\t\t\t\t\t\t\t\t\t\t<figure class=\"wp-caption\">\n\t\t\t\t\t\t\t\t\t\t<img decoding=\"async\" width=\"300\" height=\"300\" src=\"https:\/\/gallery-puzic.com\/wp-content\/uploads\/2023\/10\/voice3-300x300.jpg\" class=\"attachment-medium size-medium wp-image-2589\" alt=\"\" srcset=\"https:\/\/gallery-puzic.com\/wp-content\/uploads\/2023\/10\/voice3-300x300.jpg 300w, https:\/\/gallery-puzic.com\/wp-content\/uploads\/2023\/10\/voice3-1024x1024.jpg 1024w, https:\/\/gallery-puzic.com\/wp-content\/uploads\/2023\/10\/voice3-150x150.jpg 150w, https:\/\/gallery-puzic.com\/wp-content\/uploads\/2023\/10\/voice3-768x768.jpg 768w, https:\/\/gallery-puzic.com\/wp-content\/uploads\/2023\/10\/voice3-1536x1536.jpg 1536w, https:\/\/gallery-puzic.com\/wp-content\/uploads\/2023\/10\/voice3-2048x2048.jpg 2048w\" sizes=\"(max-width: 300px) 100vw, 300px\" \/>\t\t\t\t\t\t\t\t\t\t\t<figcaption class=\"widget-image-caption wp-caption-text\">voice 2, acryl on wood, 2023<\/figcaption>\n\t\t\t\t\t\t\t\t\t\t<\/figure>\n\t\t\t\t\t\t\t\t\t<\/div>\n\t\t\t\t<\/div>\n\t\t\t\t\t<\/div>\n\t\t<\/div>\n\t\t\t\t<div class=\"elementor-column elementor-col-25 elementor-top-column elementor-element elementor-element-dd413d1\" data-id=\"dd413d1\" data-element_type=\"column\" data-e-type=\"column\">\n\t\t\t<div class=\"elementor-widget-wrap elementor-element-populated\">\n\t\t\t\t\t\t<div class=\"elementor-element elementor-element-616f8eb elementor-widget elementor-widget-image\" data-id=\"616f8eb\" data-element_type=\"widget\" data-e-type=\"widget\" data-widget_type=\"image.default\">\n\t\t\t\t<div class=\"elementor-widget-container\">\n\t\t\t\t\t\t\t\t\t\t\t\t<figure class=\"wp-caption\">\n\t\t\t\t\t\t\t\t\t\t<img loading=\"lazy\" decoding=\"async\" width=\"300\" height=\"300\" src=\"https:\/\/gallery-puzic.com\/wp-content\/uploads\/2024\/11\/Chikako-Kato-300x300.png\" class=\"attachment-medium size-medium wp-image-5484\" alt=\"\" srcset=\"https:\/\/gallery-puzic.com\/wp-content\/uploads\/2024\/11\/Chikako-Kato-300x300.png 300w, https:\/\/gallery-puzic.com\/wp-content\/uploads\/2024\/11\/Chikako-Kato-150x150.png 150w, https:\/\/gallery-puzic.com\/wp-content\/uploads\/2024\/11\/Chikako-Kato-768x766.png 768w, https:\/\/gallery-puzic.com\/wp-content\/uploads\/2024\/11\/Chikako-Kato-12x12.png 12w, https:\/\/gallery-puzic.com\/wp-content\/uploads\/2024\/11\/Chikako-Kato.png 856w\" sizes=\"(max-width: 300px) 100vw, 300px\" \/>\t\t\t\t\t\t\t\t\t\t\t<figcaption class=\"widget-image-caption wp-caption-text\">walk through the desert, ink on paper, 2023<\/figcaption>\n\t\t\t\t\t\t\t\t\t\t<\/figure>\n\t\t\t\t\t\t\t\t\t<\/div>\n\t\t\t\t<\/div>\n\t\t\t\t\t<\/div>\n\t\t<\/div>\n\t\t\t\t\t<\/div>\n\t\t<\/section>\n\t\t\t\t<section class=\"elementor-section elementor-top-section elementor-element elementor-element-2e5be9b elementor-section-boxed elementor-section-height-default elementor-section-height-default\" data-id=\"2e5be9b\" data-element_type=\"section\" data-e-type=\"section\">\n\t\t\t\t\t\t<div class=\"elementor-container elementor-column-gap-default\">\n\t\t\t\t\t<div class=\"elementor-column elementor-col-100 elementor-top-column elementor-element elementor-element-d609960\" data-id=\"d609960\" data-element_type=\"column\" data-e-type=\"column\">\n\t\t\t<div class=\"elementor-widget-wrap elementor-element-populated\">\n\t\t\t\t\t\t<div class=\"elementor-element elementor-element-1df188c elementor-widget elementor-widget-text-editor\" data-id=\"1df188c\" data-element_type=\"widget\" data-e-type=\"widget\" data-widget_type=\"text-editor.default\">\n\t\t\t\t<div class=\"elementor-widget-container\">\n\t\t\t\t\t\t\t\t\t<p><em>Artist Statement<\/em><\/p><p>In meiner k\u00fcnstlerischen Praxis erforsche ich die Schnittstellen zwischen verschiedenen Formen und Strukturen, indem ich herk\u00f6mmliche Maltechniken herausfordere und innovative Wege finde, um Dimensionen und R\u00e4ume zu vermitteln. Dabei strebe ich danach, in kleinen Formaten gro\u00dfe Ideen und Konzepte zu vermitteln. Meine Werke verdeutlichen, wie unser Geist und unsere Sinne Wahrnehmungsgrenzen schaffen und wie diese innerhalb der Malerei in Frage gestellt werden k\u00f6nnen. Dies soll als Einladung verstanden werden, herk\u00f6mmliche Konventionen zu durchbrechen und neue Horizonte in der Malerei zu erforschen.<\/p>\t\t\t\t\t\t\t\t<\/div>\n\t\t\t\t<\/div>\n\t\t\t\t\t<\/div>\n\t\t<\/div>\n\t\t\t\t\t<\/div>\n\t\t<\/section>\n\t\t\t\t<section class=\"elementor-section elementor-top-section elementor-element elementor-element-73fe1c0 elementor-section-boxed elementor-section-height-default elementor-section-height-default\" data-id=\"73fe1c0\" data-element_type=\"section\" data-e-type=\"section\">\n\t\t\t\t\t\t<div class=\"elementor-container elementor-column-gap-default\">\n\t\t\t\t\t<div class=\"elementor-column elementor-col-100 elementor-top-column elementor-element elementor-element-75a59b5\" data-id=\"75a59b5\" data-element_type=\"column\" data-e-type=\"column\">\n\t\t\t<div class=\"elementor-widget-wrap elementor-element-populated\">\n\t\t\t\t\t\t<div class=\"elementor-element elementor-element-132cdfd elementor-widget-divider--view-line elementor-widget elementor-widget-divider\" data-id=\"132cdfd\" data-element_type=\"widget\" data-e-type=\"widget\" data-widget_type=\"divider.default\">\n\t\t\t\t<div class=\"elementor-widget-container\">\n\t\t\t\t\t\t\t<div class=\"elementor-divider\">\n\t\t\t<span class=\"elementor-divider-separator\">\n\t\t\t\t\t\t<\/span>\n\t\t<\/div>\n\t\t\t\t\t\t<\/div>\n\t\t\t\t<\/div>\n\t\t\t\t\t<\/div>\n\t\t<\/div>\n\t\t\t\t\t<\/div>\n\t\t<\/section>\n\t\t\t\t<section class=\"elementor-section elementor-top-section elementor-element elementor-element-410957b elementor-section-boxed elementor-section-height-default elementor-section-height-default\" data-id=\"410957b\" data-element_type=\"section\" data-e-type=\"section\">\n\t\t\t\t\t\t<div class=\"elementor-container elementor-column-gap-default\">\n\t\t\t\t\t<div class=\"elementor-column elementor-col-33 elementor-top-column elementor-element elementor-element-20bdeee\" data-id=\"20bdeee\" data-element_type=\"column\" data-e-type=\"column\">\n\t\t\t<div class=\"elementor-widget-wrap elementor-element-populated\">\n\t\t\t\t\t\t<div class=\"elementor-element elementor-element-3c53c3e elementor-widget elementor-widget-image\" data-id=\"3c53c3e\" data-element_type=\"widget\" data-e-type=\"widget\" data-widget_type=\"image.default\">\n\t\t\t\t<div class=\"elementor-widget-container\">\n\t\t\t\t\t\t\t\t\t\t\t\t\t\t\t<img loading=\"lazy\" decoding=\"async\" width=\"403\" height=\"955\" src=\"https:\/\/gallery-puzic.com\/wp-content\/uploads\/2024\/11\/Kato-protrait.png\" class=\"attachment-medium_large size-medium_large wp-image-5487\" alt=\"\" srcset=\"https:\/\/gallery-puzic.com\/wp-content\/uploads\/2024\/11\/Kato-protrait.png 403w, https:\/\/gallery-puzic.com\/wp-content\/uploads\/2024\/11\/Kato-protrait-127x300.png 127w, https:\/\/gallery-puzic.com\/wp-content\/uploads\/2024\/11\/Kato-protrait-5x12.png 5w\" sizes=\"(max-width: 403px) 100vw, 403px\" \/>\t\t\t\t\t\t\t\t\t\t\t\t\t\t\t<\/div>\n\t\t\t\t<\/div>\n\t\t\t\t\t<\/div>\n\t\t<\/div>\n\t\t\t\t<div class=\"elementor-column elementor-col-66 elementor-top-column elementor-element elementor-element-a92d902\" data-id=\"a92d902\" data-element_type=\"column\" data-e-type=\"column\">\n\t\t\t<div class=\"elementor-widget-wrap elementor-element-populated\">\n\t\t\t\t\t\t<div class=\"elementor-element elementor-element-5da5478 elementor-widget elementor-widget-text-editor\" data-id=\"5da5478\" data-element_type=\"widget\" data-e-type=\"widget\" data-widget_type=\"text-editor.default\">\n\t\t\t\t<div class=\"elementor-widget-container\">\n\t\t\t\t\t\t\t\t\t<p><strong>Chikako Kato\u00a0 |\u00a0 biography<\/strong><\/p><p>1973\u00a0 \u2013 geboren in Hokkaido, Japan<\/p><p>1991\u00a0 \u2013 1993 Kanda Institute of Foreign Languages, Tokyo (Japan)<\/p><p>1995\u00a0 \u2013 1997 P\u00e4dagogik Studium, Arizona State University, Tempe (USA)<\/p><p>seit 2000 freischaffend k\u00fcnstlerisch t\u00e4tig<\/p><p>seit 2015 Dozentin an der Europ\u00e4ischen Kunstakademie Trier<\/p><p>Lebt und Arbeit in Trier<\/p><p>Kato\u00a0 zeichnet sich aus durch ungewohnt zarte, filigrane Arbeiten mit einer zugleich strengen, sehr individuellen Bildsprache. Die kleineren Formate ihrer Werke zwingen zu einem nahsichtigem Schauen und schaffen damit eine intime Verbindung von Bild und Blick.<\/p><p>+\u00a0 +\u00a0 +\u00a0\u00a0<\/p><p>Austellungen(Auswahl)<\/p><p>2022\u00a0 \u00a0 &#8222;Salon du CAL 2021&#8220; Tramsschapp, Luxembourg<\/p><p>\u00a0\u00a0\u00a0\u00a0\u00a0\u00a0\u00a0\u00a0\u00a0\u00a0\u00a0\u00a0 &#8222;Experimentelle 21\u201c Schloss Ulmerfeld, \u00d6sterreich<\/p><p>2021\u00a0 \u00a0 &#8222;Salon du CAL 2021&#8220; Tramsschapp, Luxembourg<\/p><p>2020\u00a0 \u00a0 \u00a0&#8222;Me, Myself and I&#8220; Europ\u00e4ischen Kunstakademie,Trier,<\/p><p>2019\u00a0 \u00a0 \u00a0&#8222;Natural dignity&#8220; Am\u00fcseum Saarburg, Deutschland<\/p><p>2018\u00a0 \u00a0 \u00a0 &#8222;Experimentelle 20&#8220; Maison de la Region, Strasbourg, Frankreich<\/p><p>\u00a0 \u00a0 \u00a0 \u00a0 \u00a0 \u00a0 \u00a0 \u00a0&#8222;Miniatur in der bildenden Kunst&#8220; Kunstgalerie Altes Rathaus F\u00fcrstenwalde, Deutschland<\/p><p>2017\u00a0 \u00a0 \u00a0 &#8222;Color in a white cube&#8220; Kunsthalle Trier, Deutschland<\/p><p>\u00a0 \u00a0 \u00a0 \u00a0 \u00a0 \u00a0 \u00a0 \u00a0&#8222;SYNTHESIS&#8220;Cinnabar Art Gallery San Antonio, USA<\/p><p>2016 &#8222;Die bessere H\u00e4lfte&#8220; Stadtmuseum Simeonstift Stadt Trier, Deutschland<\/p><p>\u00a0\u00a0\u00a0\u00a0\u00a0\u00a0\u00a0\u00a0 &#8222;Pop up show&#8220; Cinnabar Art Gallery San Antonio, USA<\/p><p>\u00a0\u00a0\u00a0\u00a0\u00a0\u00a0\u00a0\u00a0 &#8222;Experimentelle&#8220;Schloss Randegg Gottmadingen, Deutschland<\/p><p>2015 &#8222;Blau Blau&#8220;TUFA Trier, Deutschland<\/p><p>\u00a0\u00a0\u00a0\u00a0\u00a0\u00a0\u00a0\u00a0 &#8222;Ein Blick zur\u00fcck nach vorn&#8220; Galerie Contemporanea Oberbillig, Deutschland<\/p><p>\u00a0\u00a0\u00a0\u00a0\u00a0\u00a0\u00a0\u00a0 &#8222;Sound of nature&#8220;Espace Mediart Art Gallery, Luxembourg<\/p><p>\u00a0\u00a0\u00a0\u00a0\u00a0\u00a0\u00a0\u00a0 &#8222;Memory &amp; Forgetting&#8220; Cinnabar Art Gallery San Antonio, USA<\/p><p>\u00a0\u00a0\u00a0\u00a0\u00a0\u00a0\u00a0\u00a0 &#8222;Memory space&#8220;Galerie Schwarz Greifswald, Deutschland<\/p><p>2014 \u00a0 &#8222;Experimentelle&#8220; Stadtgalerie Markdorf, Deutschland<\/p><p>\u00a0\u00a0\u00a0\u00a0\u00a0\u00a0\u00a0\u00a0 &#8222;Ramboux Preis&#8220; Stadtmuseum Simeonstift Trier, Deutschland<\/p><p>2013 &#8222;ad hoc II&#8220; TUFA Trier, Deutschland<\/p><p>\u00a0\u00a0\u00a0\u00a0\u00a0\u00a0\u00a0\u00a0 &#8222;stronger than fear is hope&#8220; Galerie Schmalfuss Berlin, Deutschland<\/p><p>2012 &#8222;Gathering and distribution&#8220; Galerie Contemporanea Oberbillig, Deutschland<\/p><p>\u00a0\u00a0\u00a0\u00a0\u00a0\u00a0\u00a0\u00a0\u00a0\u00a0\u00a0\u00a0 &#8222;Experimentelle&#8220; Kulturzentrum Sternen, Thayngen, Schweiz<\/p><p>2011 \u00a0\u00a0\u00a0 &#8222;L\u2019art en Marche&#8220; Konschthaus beim Engel, Luxembourg<\/p><p>\u00a0\u00a0\u00a0\u00a0\u00a0\u00a0\u00a0\u00a0\u00a0\u00a0 \u00a0 &#8222;Regeneration cycle&#8220;Espace Mediart Art Gallery, Luxembourg<\/p><p>&#8222;100 Bilder f\u00fcr Trier\u201d Kunsthalle Trier, Deutschland<\/p><p>2010\u00a0\u00a0\u00a0\u00a0 &#8222;Experimentelle&#8220; Museum Marburg, Deutschland<\/p><p>2009\u00a0\u00a0\u00a0\u00a0 &#8222;Bande&#8220;Galerie Borchardt Hamburg, Deutschland<\/p><p>2008\u00a0\u00a0\u00a0\u00a0 &#8222;Weihnachten&#8220;Kunstraum dreizwanzig K\u00f6ln, Deutschland<\/p><p>2006\u00a0\u00a0\u00a0\u00a0 &#8222;Experimentelle&#8220;Schloss Randegg Gottmadingen, Deutschland<\/p><p>2005\u00a0\u00a0\u00a0\u00a0 &#8222;game center&#8220;Galerie Pierre Weber Trier, Deutschland<\/p><p>&#8222;mind games&#8220; Schloss Wiepersdorf, Deutschland<\/p><p>2004\u00a0\u00a0\u00a0\u00a0 &#8222;mind games&#8220;Kunstverein Junge Kunst Trier, Deutschland<\/p>\t\t\t\t\t\t\t\t<\/div>\n\t\t\t\t<\/div>\n\t\t\t\t\t<\/div>\n\t\t<\/div>\n\t\t\t\t\t<\/div>\n\t\t<\/section>\n\t\t\t\t<\/div>","protected":false},"excerpt":{"rendered":"<p>CHIKAKO KATO artworks biography re-encounter, acryl on paper, 2022 voice, acryl on wood, 2023 voice 2, acryl on wood, 2023 walk through the desert, ink on paper, 2023 Artist Statement In meiner k\u00fcnstlerischen Praxis erforsche ich die Schnittstellen zwischen verschiedenen Formen und Strukturen, indem ich herk\u00f6mmliche Maltechniken herausfordere und innovative Wege finde, um Dimensionen und [&hellip;]<\/p>\n","protected":false},"author":2,"featured_media":0,"parent":0,"menu_order":0,"comment_status":"closed","ping_status":"closed","template":"","meta":{"footnotes":""},"class_list":["post-5481","page","type-page","status-publish","hentry"],"_links":{"self":[{"href":"https:\/\/gallery-puzic.com\/en\/wp-json\/wp\/v2\/pages\/5481","targetHints":{"allow":["GET"]}}],"collection":[{"href":"https:\/\/gallery-puzic.com\/en\/wp-json\/wp\/v2\/pages"}],"about":[{"href":"https:\/\/gallery-puzic.com\/en\/wp-json\/wp\/v2\/types\/page"}],"author":[{"embeddable":true,"href":"https:\/\/gallery-puzic.com\/en\/wp-json\/wp\/v2\/users\/2"}],"replies":[{"embeddable":true,"href":"https:\/\/gallery-puzic.com\/en\/wp-json\/wp\/v2\/comments?post=5481"}],"version-history":[{"count":22,"href":"https:\/\/gallery-puzic.com\/en\/wp-json\/wp\/v2\/pages\/5481\/revisions"}],"predecessor-version":[{"id":5509,"href":"https:\/\/gallery-puzic.com\/en\/wp-json\/wp\/v2\/pages\/5481\/revisions\/5509"}],"wp:attachment":[{"href":"https:\/\/gallery-puzic.com\/en\/wp-json\/wp\/v2\/media?parent=5481"}],"curies":[{"name":"wp","href":"https:\/\/api.w.org\/{rel}","templated":true}]}}