{"id":5418,"date":"2024-11-07T17:31:19","date_gmt":"2024-11-07T17:31:19","guid":{"rendered":"https:\/\/gallery-puzic.com\/?page_id=5418"},"modified":"2024-11-07T18:30:30","modified_gmt":"2024-11-07T18:30:30","slug":"anna-lena-sauer","status":"publish","type":"page","link":"https:\/\/gallery-puzic.com\/en\/anna-lena-sauer\/","title":{"rendered":"Anna-Lena Sauer."},"content":{"rendered":"<div data-elementor-type=\"wp-page\" data-elementor-id=\"5418\" class=\"elementor elementor-5418\">\n\t\t\t\t\t\t<section class=\"elementor-section elementor-top-section elementor-element elementor-element-e15af0c elementor-section-boxed elementor-section-height-default elementor-section-height-default\" data-id=\"e15af0c\" data-element_type=\"section\" data-e-type=\"section\">\n\t\t\t\t\t\t<div class=\"elementor-container elementor-column-gap-default\">\n\t\t\t\t\t<div class=\"elementor-column elementor-col-100 elementor-top-column elementor-element elementor-element-8f29741\" data-id=\"8f29741\" data-element_type=\"column\" data-e-type=\"column\">\n\t\t\t<div class=\"elementor-widget-wrap elementor-element-populated\">\n\t\t\t\t\t\t<div class=\"elementor-element elementor-element-38ddb31 elementor-widget elementor-widget-spacer\" data-id=\"38ddb31\" data-element_type=\"widget\" data-e-type=\"widget\" data-widget_type=\"spacer.default\">\n\t\t\t\t<div class=\"elementor-widget-container\">\n\t\t\t\t\t\t\t<div class=\"elementor-spacer\">\n\t\t\t<div class=\"elementor-spacer-inner\"><\/div>\n\t\t<\/div>\n\t\t\t\t\t\t<\/div>\n\t\t\t\t<\/div>\n\t\t\t\t\t<\/div>\n\t\t<\/div>\n\t\t\t\t\t<\/div>\n\t\t<\/section>\n\t\t\t\t<section class=\"elementor-section elementor-top-section elementor-element elementor-element-871a590 elementor-section-boxed elementor-section-height-default elementor-section-height-default\" data-id=\"871a590\" data-element_type=\"section\" data-e-type=\"section\">\n\t\t\t\t\t\t<div class=\"elementor-container elementor-column-gap-default\">\n\t\t\t\t\t<div class=\"elementor-column elementor-col-100 elementor-top-column elementor-element elementor-element-f868bc8\" data-id=\"f868bc8\" data-element_type=\"column\" data-e-type=\"column\">\n\t\t\t<div class=\"elementor-widget-wrap elementor-element-populated\">\n\t\t\t\t\t\t<div class=\"elementor-element elementor-element-92cd4d1 elementor-widget elementor-widget-text-editor\" data-id=\"92cd4d1\" data-element_type=\"widget\" data-e-type=\"widget\" data-widget_type=\"text-editor.default\">\n\t\t\t\t<div class=\"elementor-widget-container\">\n\t\t\t\t\t\t\t\t\t<h3><strong>ANNA-LENA SAUER<\/strong><\/h3>\t\t\t\t\t\t\t\t<\/div>\n\t\t\t\t<\/div>\n\t\t\t\t\t<\/div>\n\t\t<\/div>\n\t\t\t\t\t<\/div>\n\t\t<\/section>\n\t\t\t\t<section class=\"elementor-section elementor-top-section elementor-element elementor-element-bba5c96 elementor-section-boxed elementor-section-height-default elementor-section-height-default\" data-id=\"bba5c96\" data-element_type=\"section\" data-e-type=\"section\">\n\t\t\t\t\t\t<div class=\"elementor-container elementor-column-gap-default\">\n\t\t\t\t\t<div class=\"elementor-column elementor-col-50 elementor-top-column elementor-element elementor-element-fca5fd7\" data-id=\"fca5fd7\" data-element_type=\"column\" data-e-type=\"column\">\n\t\t\t<div class=\"elementor-widget-wrap elementor-element-populated\">\n\t\t\t\t\t\t<div class=\"elementor-element elementor-element-8ac69e7 elementor-widget elementor-widget-text-editor\" data-id=\"8ac69e7\" data-element_type=\"widget\" data-e-type=\"widget\" data-widget_type=\"text-editor.default\">\n\t\t\t\t<div class=\"elementor-widget-container\">\n\t\t\t\t\t\t\t\t\t<p>artworks<\/p>\t\t\t\t\t\t\t\t<\/div>\n\t\t\t\t<\/div>\n\t\t\t\t\t<\/div>\n\t\t<\/div>\n\t\t\t\t<div class=\"elementor-column elementor-col-50 elementor-top-column elementor-element elementor-element-8cec47d\" data-id=\"8cec47d\" data-element_type=\"column\" data-e-type=\"column\">\n\t\t\t<div class=\"elementor-widget-wrap elementor-element-populated\">\n\t\t\t\t\t\t<div class=\"elementor-element elementor-element-5cc37bd elementor-widget elementor-widget-text-editor\" data-id=\"5cc37bd\" data-element_type=\"widget\" data-e-type=\"widget\" data-widget_type=\"text-editor.default\">\n\t\t\t\t<div class=\"elementor-widget-container\">\n\t\t\t\t\t\t\t\t\t<p>biography<\/p>\t\t\t\t\t\t\t\t<\/div>\n\t\t\t\t<\/div>\n\t\t\t\t\t<\/div>\n\t\t<\/div>\n\t\t\t\t\t<\/div>\n\t\t<\/section>\n\t\t\t\t<section class=\"elementor-section elementor-top-section elementor-element elementor-element-c3f3f22 elementor-section-boxed elementor-section-height-default elementor-section-height-default\" data-id=\"c3f3f22\" data-element_type=\"section\" data-e-type=\"section\">\n\t\t\t\t\t\t<div class=\"elementor-container elementor-column-gap-default\">\n\t\t\t\t\t<div class=\"elementor-column elementor-col-100 elementor-top-column elementor-element elementor-element-5e8a84e\" data-id=\"5e8a84e\" data-element_type=\"column\" data-e-type=\"column\">\n\t\t\t<div class=\"elementor-widget-wrap elementor-element-populated\">\n\t\t\t\t\t\t<section class=\"elementor-section elementor-inner-section elementor-element elementor-element-4465258 elementor-section-boxed elementor-section-height-default elementor-section-height-default\" data-id=\"4465258\" data-element_type=\"section\" data-e-type=\"section\">\n\t\t\t\t\t\t<div class=\"elementor-container elementor-column-gap-default\">\n\t\t\t\t\t<div class=\"elementor-column elementor-col-50 elementor-inner-column elementor-element elementor-element-fa9a20c\" data-id=\"fa9a20c\" data-element_type=\"column\" data-e-type=\"column\">\n\t\t\t<div class=\"elementor-widget-wrap\">\n\t\t\t\t\t\t\t<\/div>\n\t\t<\/div>\n\t\t\t\t<div class=\"elementor-column elementor-col-50 elementor-inner-column elementor-element elementor-element-5e32951\" data-id=\"5e32951\" data-element_type=\"column\" data-e-type=\"column\">\n\t\t\t<div class=\"elementor-widget-wrap\">\n\t\t\t\t\t\t\t<\/div>\n\t\t<\/div>\n\t\t\t\t\t<\/div>\n\t\t<\/section>\n\t\t\t\t\t<\/div>\n\t\t<\/div>\n\t\t\t\t\t<\/div>\n\t\t<\/section>\n\t\t\t\t<section class=\"elementor-section elementor-top-section elementor-element elementor-element-0d6c2ba elementor-section-boxed elementor-section-height-default elementor-section-height-default\" data-id=\"0d6c2ba\" data-element_type=\"section\" data-e-type=\"section\">\n\t\t\t\t\t\t<div class=\"elementor-container elementor-column-gap-default\">\n\t\t\t\t\t<div class=\"elementor-column elementor-col-25 elementor-top-column elementor-element elementor-element-7c94bfe\" data-id=\"7c94bfe\" data-element_type=\"column\" data-e-type=\"column\">\n\t\t\t<div class=\"elementor-widget-wrap elementor-element-populated\">\n\t\t\t\t\t\t<div class=\"elementor-element elementor-element-fd97f57 elementor-widget elementor-widget-image\" data-id=\"fd97f57\" data-element_type=\"widget\" data-e-type=\"widget\" data-widget_type=\"image.default\">\n\t\t\t\t<div class=\"elementor-widget-container\">\n\t\t\t\t\t\t\t\t\t\t\t\t<figure class=\"wp-caption\">\n\t\t\t\t\t\t\t\t\t\t<img fetchpriority=\"high\" decoding=\"async\" width=\"300\" height=\"284\" src=\"https:\/\/gallery-puzic.com\/wp-content\/uploads\/2024\/11\/1-Textiles-Wandobjekt-1-300x284.jpg\" class=\"attachment-medium size-medium wp-image-5373\" alt=\"\" srcset=\"https:\/\/gallery-puzic.com\/wp-content\/uploads\/2024\/11\/1-Textiles-Wandobjekt-1-300x284.jpg 300w, https:\/\/gallery-puzic.com\/wp-content\/uploads\/2024\/11\/1-Textiles-Wandobjekt-1-1024x968.jpg 1024w, https:\/\/gallery-puzic.com\/wp-content\/uploads\/2024\/11\/1-Textiles-Wandobjekt-1-768x726.jpg 768w, https:\/\/gallery-puzic.com\/wp-content\/uploads\/2024\/11\/1-Textiles-Wandobjekt-1-1536x1452.jpg 1536w, https:\/\/gallery-puzic.com\/wp-content\/uploads\/2024\/11\/1-Textiles-Wandobjekt-1-13x12.jpg 13w, https:\/\/gallery-puzic.com\/wp-content\/uploads\/2024\/11\/1-Textiles-Wandobjekt-1.jpg 2048w\" sizes=\"(max-width: 300px) 100vw, 300px\" \/>\t\t\t\t\t\t\t\t\t\t\t<figcaption class=\"widget-image-caption wp-caption-text\">Textiles Wandobjekt 22, 35x35,9cm, 2024<\/figcaption>\n\t\t\t\t\t\t\t\t\t\t<\/figure>\n\t\t\t\t\t\t\t\t\t<\/div>\n\t\t\t\t<\/div>\n\t\t\t\t\t<\/div>\n\t\t<\/div>\n\t\t\t\t<div class=\"elementor-column elementor-col-25 elementor-top-column elementor-element elementor-element-d9d2600\" data-id=\"d9d2600\" data-element_type=\"column\" data-e-type=\"column\">\n\t\t\t<div class=\"elementor-widget-wrap elementor-element-populated\">\n\t\t\t\t\t\t<div class=\"elementor-element elementor-element-5d369c3 elementor-widget elementor-widget-image\" data-id=\"5d369c3\" data-element_type=\"widget\" data-e-type=\"widget\" data-widget_type=\"image.default\">\n\t\t\t\t<div class=\"elementor-widget-container\">\n\t\t\t\t\t\t\t\t\t\t\t\t<figure class=\"wp-caption\">\n\t\t\t\t\t\t\t\t\t\t<img decoding=\"async\" width=\"300\" height=\"273\" src=\"https:\/\/gallery-puzic.com\/wp-content\/uploads\/2024\/11\/23-Moons-13-300x273.jpg\" class=\"attachment-medium size-medium wp-image-5372\" alt=\"\" srcset=\"https:\/\/gallery-puzic.com\/wp-content\/uploads\/2024\/11\/23-Moons-13-300x273.jpg 300w, https:\/\/gallery-puzic.com\/wp-content\/uploads\/2024\/11\/23-Moons-13-1024x931.jpg 1024w, https:\/\/gallery-puzic.com\/wp-content\/uploads\/2024\/11\/23-Moons-13-768x698.jpg 768w, https:\/\/gallery-puzic.com\/wp-content\/uploads\/2024\/11\/23-Moons-13-1536x1396.jpg 1536w, https:\/\/gallery-puzic.com\/wp-content\/uploads\/2024\/11\/23-Moons-13-13x12.jpg 13w, https:\/\/gallery-puzic.com\/wp-content\/uploads\/2024\/11\/23-Moons-13.jpg 2048w\" sizes=\"(max-width: 300px) 100vw, 300px\" \/>\t\t\t\t\t\t\t\t\t\t\t<figcaption class=\"widget-image-caption wp-caption-text\">Moons, Stoff, Nylon &amp; Acryl auf Leinwand, 51cm \u00d8, 2021, <\/figcaption>\n\t\t\t\t\t\t\t\t\t\t<\/figure>\n\t\t\t\t\t\t\t\t\t<\/div>\n\t\t\t\t<\/div>\n\t\t\t\t\t<\/div>\n\t\t<\/div>\n\t\t\t\t<div class=\"elementor-column elementor-col-25 elementor-top-column elementor-element elementor-element-dc4c898\" data-id=\"dc4c898\" data-element_type=\"column\" data-e-type=\"column\">\n\t\t\t<div class=\"elementor-widget-wrap elementor-element-populated\">\n\t\t\t\t\t\t<div class=\"elementor-element elementor-element-4ae81ef elementor-widget elementor-widget-image\" data-id=\"4ae81ef\" data-element_type=\"widget\" data-e-type=\"widget\" data-widget_type=\"image.default\">\n\t\t\t\t<div class=\"elementor-widget-container\">\n\t\t\t\t\t\t\t\t\t\t\t\t<figure class=\"wp-caption\">\n\t\t\t\t\t\t\t\t\t\t<img decoding=\"async\" width=\"223\" height=\"300\" src=\"https:\/\/gallery-puzic.com\/wp-content\/uploads\/2024\/11\/9-Reincarnation-of-Medusa6-223x300.jpg\" class=\"attachment-medium size-medium wp-image-5371\" alt=\"\" srcset=\"https:\/\/gallery-puzic.com\/wp-content\/uploads\/2024\/11\/9-Reincarnation-of-Medusa6-223x300.jpg 223w, https:\/\/gallery-puzic.com\/wp-content\/uploads\/2024\/11\/9-Reincarnation-of-Medusa6-763x1024.jpg 763w, https:\/\/gallery-puzic.com\/wp-content\/uploads\/2024\/11\/9-Reincarnation-of-Medusa6-768x1031.jpg 768w, https:\/\/gallery-puzic.com\/wp-content\/uploads\/2024\/11\/9-Reincarnation-of-Medusa6-1144x1536.jpg 1144w, https:\/\/gallery-puzic.com\/wp-content\/uploads\/2024\/11\/9-Reincarnation-of-Medusa6-1526x2048.jpg 1526w, https:\/\/gallery-puzic.com\/wp-content\/uploads\/2024\/11\/9-Reincarnation-of-Medusa6-9x12.jpg 9w, https:\/\/gallery-puzic.com\/wp-content\/uploads\/2024\/11\/9-Reincarnation-of-Medusa6.jpg 1536w\" sizes=\"(max-width: 223px) 100vw, 223px\" \/>\t\t\t\t\t\t\t\t\t\t\t<figcaption class=\"widget-image-caption wp-caption-text\">Reincarnation of Medusa, Textilien, Fu\u0308llwatte und Faden auf Holzrahmen, 140x84cm, 2024<\/figcaption>\n\t\t\t\t\t\t\t\t\t\t<\/figure>\n\t\t\t\t\t\t\t\t\t<\/div>\n\t\t\t\t<\/div>\n\t\t\t\t\t<\/div>\n\t\t<\/div>\n\t\t\t\t<div class=\"elementor-column elementor-col-25 elementor-top-column elementor-element elementor-element-3202e1c\" data-id=\"3202e1c\" data-element_type=\"column\" data-e-type=\"column\">\n\t\t\t<div class=\"elementor-widget-wrap elementor-element-populated\">\n\t\t\t\t\t\t<div class=\"elementor-element elementor-element-e00abff elementor-widget elementor-widget-image\" data-id=\"e00abff\" data-element_type=\"widget\" data-e-type=\"widget\" data-widget_type=\"image.default\">\n\t\t\t\t<div class=\"elementor-widget-container\">\n\t\t\t\t\t\t\t\t\t\t\t\t<figure class=\"wp-caption\">\n\t\t\t\t\t\t\t\t\t\t<img loading=\"lazy\" decoding=\"async\" width=\"300\" height=\"298\" src=\"https:\/\/gallery-puzic.com\/wp-content\/uploads\/2024\/11\/Textiles-Wandobjekt-300x298.jpg\" class=\"attachment-medium size-medium wp-image-5369\" alt=\"\" srcset=\"https:\/\/gallery-puzic.com\/wp-content\/uploads\/2024\/11\/Textiles-Wandobjekt-300x298.jpg 300w, https:\/\/gallery-puzic.com\/wp-content\/uploads\/2024\/11\/Textiles-Wandobjekt-1024x1018.jpg 1024w, https:\/\/gallery-puzic.com\/wp-content\/uploads\/2024\/11\/Textiles-Wandobjekt-150x150.jpg 150w, https:\/\/gallery-puzic.com\/wp-content\/uploads\/2024\/11\/Textiles-Wandobjekt-768x764.jpg 768w, https:\/\/gallery-puzic.com\/wp-content\/uploads\/2024\/11\/Textiles-Wandobjekt-1536x1527.jpg 1536w, https:\/\/gallery-puzic.com\/wp-content\/uploads\/2024\/11\/Textiles-Wandobjekt-12x12.jpg 12w, https:\/\/gallery-puzic.com\/wp-content\/uploads\/2024\/11\/Textiles-Wandobjekt.jpg 2048w\" sizes=\"(max-width: 300px) 100vw, 300px\" \/>\t\t\t\t\t\t\t\t\t\t\t<figcaption class=\"widget-image-caption wp-caption-text\">TEXTILES WANDOBJEKT 16. Stoffreste, Wolle und Faden, 96x89cm. 2024<\/figcaption>\n\t\t\t\t\t\t\t\t\t\t<\/figure>\n\t\t\t\t\t\t\t\t\t<\/div>\n\t\t\t\t<\/div>\n\t\t\t\t\t<\/div>\n\t\t<\/div>\n\t\t\t\t\t<\/div>\n\t\t<\/section>\n\t\t\t\t<section class=\"elementor-section elementor-top-section elementor-element elementor-element-67cc725 elementor-section-boxed elementor-section-height-default elementor-section-height-default\" data-id=\"67cc725\" data-element_type=\"section\" data-e-type=\"section\">\n\t\t\t\t\t\t<div class=\"elementor-container elementor-column-gap-default\">\n\t\t\t\t\t<div class=\"elementor-column elementor-col-100 elementor-top-column elementor-element elementor-element-7c50662\" data-id=\"7c50662\" data-element_type=\"column\" data-e-type=\"column\">\n\t\t\t<div class=\"elementor-widget-wrap elementor-element-populated\">\n\t\t\t\t\t\t<div class=\"elementor-element elementor-element-5e025c1 elementor-widget-divider--view-line elementor-widget elementor-widget-divider\" data-id=\"5e025c1\" data-element_type=\"widget\" data-e-type=\"widget\" data-widget_type=\"divider.default\">\n\t\t\t\t<div class=\"elementor-widget-container\">\n\t\t\t\t\t\t\t<div class=\"elementor-divider\">\n\t\t\t<span class=\"elementor-divider-separator\">\n\t\t\t\t\t\t<\/span>\n\t\t<\/div>\n\t\t\t\t\t\t<\/div>\n\t\t\t\t<\/div>\n\t\t\t\t\t<\/div>\n\t\t<\/div>\n\t\t\t\t\t<\/div>\n\t\t<\/section>\n\t\t\t\t<section class=\"elementor-section elementor-top-section elementor-element elementor-element-1eb8716 elementor-section-boxed elementor-section-height-default elementor-section-height-default\" data-id=\"1eb8716\" data-element_type=\"section\" data-e-type=\"section\">\n\t\t\t\t\t\t<div class=\"elementor-container elementor-column-gap-default\">\n\t\t\t\t\t<div class=\"elementor-column elementor-col-33 elementor-top-column elementor-element elementor-element-e247447\" data-id=\"e247447\" data-element_type=\"column\" data-e-type=\"column\">\n\t\t\t<div class=\"elementor-widget-wrap elementor-element-populated\">\n\t\t\t\t\t\t<div class=\"elementor-element elementor-element-a0788bc elementor-widget elementor-widget-image\" data-id=\"a0788bc\" data-element_type=\"widget\" data-e-type=\"widget\" data-widget_type=\"image.default\">\n\t\t\t\t<div class=\"elementor-widget-container\">\n\t\t\t\t\t\t\t\t\t\t\t\t\t\t\t<img loading=\"lazy\" decoding=\"async\" width=\"285\" height=\"300\" src=\"https:\/\/gallery-puzic.com\/wp-content\/uploads\/2024\/11\/Sauer-Portrait-285x300.png\" class=\"attachment-medium size-medium wp-image-5435\" alt=\"\" srcset=\"https:\/\/gallery-puzic.com\/wp-content\/uploads\/2024\/11\/Sauer-Portrait-285x300.png 285w, https:\/\/gallery-puzic.com\/wp-content\/uploads\/2024\/11\/Sauer-Portrait-768x808.png 768w, https:\/\/gallery-puzic.com\/wp-content\/uploads\/2024\/11\/Sauer-Portrait-11x12.png 11w, https:\/\/gallery-puzic.com\/wp-content\/uploads\/2024\/11\/Sauer-Portrait.png 801w\" sizes=\"(max-width: 285px) 100vw, 285px\" \/>\t\t\t\t\t\t\t\t\t\t\t\t\t\t\t<\/div>\n\t\t\t\t<\/div>\n\t\t\t\t\t<\/div>\n\t\t<\/div>\n\t\t\t\t<div class=\"elementor-column elementor-col-66 elementor-top-column elementor-element elementor-element-7a5e24e\" data-id=\"7a5e24e\" data-element_type=\"column\" data-e-type=\"column\">\n\t\t\t<div class=\"elementor-widget-wrap elementor-element-populated\">\n\t\t\t\t\t\t<div class=\"elementor-element elementor-element-a2ce041 elementor-widget elementor-widget-text-editor\" data-id=\"a2ce041\" data-element_type=\"widget\" data-e-type=\"widget\" data-widget_type=\"text-editor.default\">\n\t\t\t\t<div class=\"elementor-widget-container\">\n\t\t\t\t\t\t\t\t\t<p><strong>Anna-Lena Sauer\u00a0 |\u00a0 biography<\/strong><\/p><p class=\"p1\">Anna-Lena Sauer wurde 1977 in Heidelberg geboren und wuchs in Siebeldingen in Rheinland-Pfalz auf. Sie studierte Kunst mit Schwerpunkt Malerei an der Hochschule der Bildenden K\u00fcnste Saar (HBKsaar) in Saarbr\u00fccken in der Klasse von Prof. Sigurd Rompza. 2004 wurde sie zur Meistersch\u00fclerin ernannt, 2005 schloss sie das Erste Staatsexamen und 2008 das Zweite Staatsexamen ab. Von 2008 bis 2010 unterrichtete Sauer die F\u00e4cher Bildende Kunst und Deutsch an mehreren Gymnasien im Saarland. Danach zog sie zusammen mit ihrer Familie nach San Francisco, Kalifornien, wo sie als freischaffende K\u00fcnstlerin t\u00e4tig war. Sie kehrte 2022 nach Deutschland zur\u00fcck und lebt und arbeitet seitdem in Landau in der Pfalz. Sauer\u2019s Werk umfasst abstrakte Malerei, Textilbilder, Wandskulpturen sowie freistehendeTextilskulpturen. Ihre Arbeiten wurden in Europa, Kanada und den USA ausgestellt und befinden sich in privaten und \u00f6ffentlichen Sammlungen.<\/p><p>\u00a0<\/p><p class=\"p1\"><b>Ausgew\u00e4hlte Ausstellungen <\/b>(E) Einzelausstellung, G) Gruppenausstellung<\/p><p class=\"p1\">2024 15th International Textile and Fibre Art Biennial \u201eScythia\u201c, Ivano-Frankivs\u2019k, Ukraine (G) 1. Leerstandskunstausstellung Landau, Kronstr. 21, Deutschland (G)<\/p><p class=\"p1\">2022 Upstart Modern, \u201eResilience &#8211; a visual proclamation\u201c, Sausalito, Kalifornien, USA (G) Don Soker Gallery, \u201e3D\u201c, San Francisco, Kalifornien, USA (G) Firehouse Arts Center, \u201eAnna-Lena Sauer: Material Reinterpretations\u201c, Pleasanton, Kalifornien, USA, (E) Upstart Modern, \u201eMore than everything\u201c, Sausalito, Kalifornien, USA (G)<\/p><p class=\"p1\">2021\/22 Randall Museum, \u201eRePurposeful, The Art of Collage and Assemblage\u201c, San Francisco, Kalifornien, USA (G)<\/p><p class=\"p1\">2021 Marin Moca, Museum of Contemporary Art, \u201eHappenstance\u201c, Novato, Kalifornien, USA (G) Carriage House Annex 1217B Fell Street, Don Soker Gallery, \u201e50th Anniversary Exhibition\u201c, San Francisco, Kalifornien, USA (G) Brea Gallery, \u201eApplied Practice: Constructing Notions on the Contemporary Craft Process\u201c, Brea, Kalifornien, USA (G) ShockBoxx Gallery, \u201eThick\u201c, Hermosa Beach, Kalifornien, USA (G)<\/p><p class=\"p1\">2020 Main Street Arts, \u201eSmall Works 2020\u201c, Clifton Springs, New York, USA (G) Brea Art Gallery, \u201eMade in California\u201c, Brea, Kalifornien, USA (G) @artetceteraetcetera, \u201eWhen Net Becomes Form\u201c, online group show https:\/\/www.instagram.com\/artetceteraetcetera\/?hl=en) (G)<\/p><p class=\"p1\">2019 SCOPE Miami Beach, Stella Ripley Gallery, Florida, USA (G) Stella Ripley Gallery, \u201e Milky Way over Mani-Utenam\u201c, Qu\u00e9bec, Kanada (G) Stella Ripley Gallery, \u201e G\u00e9meaux De Minuit\u201c, Qu\u00e9bec, Kanada (G) Stella Ripley Gallery, \u201eConnective Tissues\u201c, Quebec, Kanada (G) Envision Arts, \u201eThreaded &#8211; A Fine Art Fiber Collection\u201c (online exhibition: https:\/\/www.envisionartshow.com\/threaded), Honorable Mention (G) SBC South Bay Contemporary &#8211; SoLA Gallery, \u201eFresh\u201c, Los Angeles, Kalifornien, USA (G) Don Soker Gallery, \u201eAnna-Lena Sauer: Material Sculptures and Paintings &amp; Kanako Namura: Watercolors, San Francisco, Kalifornien, USA (G)<\/p><p class=\"p1\">2018 Root Division Gallery, \u201e17th Annual Art Auction Exhibition\u201c, San Francisco, Kalifornien, USA (G) Root Division Gallery, \u201eIntroductions 2018\u201c, San Francisco, Kalifornien, USA (G) CounterPulse Gallery, \u201eEva Enriquez and Anna-Lena Sauer\u201c, San Francisco, Kalifornien, USA (G)<\/p><p class=\"p1\">2017\/18 Hotel Adagio, \u201eArt-In-Neighborhoods\u201c, San Francisco, Kalifornien, USA (G)<\/p><p class=\"p1\">2017 SOMArts Cultural Center, SFOS Exhibition, San Francisco, Kalifornien, USA (G) Francisco Studios, \u201eOpen Studios\u201c, San Francisco, Kalifornien, USA (S) stARTup Fair, San Francisco, Kalifornien, USA (S) Ruby\u2019s Gallery, \u201eCome Closer\u201c, San Francisco, Kalifornien, USA (T) Arc Gallery, \u201eSnap\u201c, San Francisco, Kalifornien, USA (G)<\/p><p class=\"p1\">2015\/16 Galerie Gabriele Sauer, Siebeldingen, Deutschland (T)<\/p><p class=\"p1\">2012 Open Studios, San Francisco, Kalifornien, USA<\/p><p class=\"p1\">2011 Sonnenhof, Siebeldingen, Deutschland (S)<\/p><p class=\"p1\">2008\/09 Soho, Landau, Deutschland (S) 2007 Wilhelmshof, Siebeldingen, Deutschland (G)<\/p><p class=\"p1\">2006 Art fair KUNST direkt, K\u00fcnstlermesse Rheinland-Pfalz, Mainz, Deutschland (T) Kreishaus S\u00fcdliche Weinstrasse, \u201eGabriele Sauer und Anna-Lena Sauer &#8211; Malerei und Plastik\u201c, Landau, Deutschland (T) http:\/\/www.kunstportal-pfalz.de\/29\/eid,2866\/gabriele-sauer-und-anna-lena-sauer. html 2005 Hochschule der Bildenden K\u00fcnste Saar (HBKsaar), \u201eMalen mit \u00d6lfarben: Exemplifizieren des Malerischen und Linearen in eigenen gestalterischen Arbeiten\u201c, Examensausstellung, Saarbr\u00fccken, Deutschland (S)\u00a0<\/p><p>\u00a0<\/p>\t\t\t\t\t\t\t\t<\/div>\n\t\t\t\t<\/div>\n\t\t\t\t\t<\/div>\n\t\t<\/div>\n\t\t\t\t\t<\/div>\n\t\t<\/section>\n\t\t\t\t<section class=\"elementor-section elementor-top-section elementor-element elementor-element-7b01172 elementor-section-boxed elementor-section-height-default elementor-section-height-default\" data-id=\"7b01172\" data-element_type=\"section\" data-e-type=\"section\">\n\t\t\t\t\t\t<div class=\"elementor-container elementor-column-gap-default\">\n\t\t\t\t\t<div class=\"elementor-column elementor-col-100 elementor-top-column elementor-element elementor-element-5ec87fe\" data-id=\"5ec87fe\" data-element_type=\"column\" data-e-type=\"column\">\n\t\t\t<div class=\"elementor-widget-wrap elementor-element-populated\">\n\t\t\t\t\t\t<div class=\"elementor-element elementor-element-90ecbe4 elementor-widget-divider--view-line elementor-widget elementor-widget-divider\" data-id=\"90ecbe4\" data-element_type=\"widget\" data-e-type=\"widget\" data-widget_type=\"divider.default\">\n\t\t\t\t<div class=\"elementor-widget-container\">\n\t\t\t\t\t\t\t<div class=\"elementor-divider\">\n\t\t\t<span class=\"elementor-divider-separator\">\n\t\t\t\t\t\t<\/span>\n\t\t<\/div>\n\t\t\t\t\t\t<\/div>\n\t\t\t\t<\/div>\n\t\t\t\t\t<\/div>\n\t\t<\/div>\n\t\t\t\t\t<\/div>\n\t\t<\/section>\n\t\t\t\t<\/div>","protected":false},"excerpt":{"rendered":"<p>ANNA-LENA SAUER artworks biography Textiles Wandobjekt 22, 35&#215;35,9cm, 2024 Moons, Stoff, Nylon &amp; Acryl auf Leinwand, 51cm \u00d8, 2021, Reincarnation of Medusa, Textilien, Fu\u0308llwatte und Faden auf Holzrahmen, 140x84cm, 2024 TEXTILES WANDOBJEKT 16. Stoffreste, Wolle und Faden, 96x89cm. 2024 Anna-Lena Sauer\u00a0 |\u00a0 biography Anna-Lena Sauer wurde 1977 in Heidelberg geboren und wuchs in Siebeldingen in [&hellip;]<\/p>\n","protected":false},"author":2,"featured_media":0,"parent":0,"menu_order":0,"comment_status":"closed","ping_status":"closed","template":"","meta":{"footnotes":""},"class_list":["post-5418","page","type-page","status-publish","hentry"],"_links":{"self":[{"href":"https:\/\/gallery-puzic.com\/en\/wp-json\/wp\/v2\/pages\/5418","targetHints":{"allow":["GET"]}}],"collection":[{"href":"https:\/\/gallery-puzic.com\/en\/wp-json\/wp\/v2\/pages"}],"about":[{"href":"https:\/\/gallery-puzic.com\/en\/wp-json\/wp\/v2\/types\/page"}],"author":[{"embeddable":true,"href":"https:\/\/gallery-puzic.com\/en\/wp-json\/wp\/v2\/users\/2"}],"replies":[{"embeddable":true,"href":"https:\/\/gallery-puzic.com\/en\/wp-json\/wp\/v2\/comments?post=5418"}],"version-history":[{"count":22,"href":"https:\/\/gallery-puzic.com\/en\/wp-json\/wp\/v2\/pages\/5418\/revisions"}],"predecessor-version":[{"id":5442,"href":"https:\/\/gallery-puzic.com\/en\/wp-json\/wp\/v2\/pages\/5418\/revisions\/5442"}],"wp:attachment":[{"href":"https:\/\/gallery-puzic.com\/en\/wp-json\/wp\/v2\/media?parent=5418"}],"curies":[{"name":"wp","href":"https:\/\/api.w.org\/{rel}","templated":true}]}}