{"id":5378,"date":"2024-11-07T16:49:34","date_gmt":"2024-11-07T16:49:34","guid":{"rendered":"https:\/\/gallery-puzic.com\/?page_id=5378"},"modified":"2024-11-08T10:34:41","modified_gmt":"2024-11-08T10:34:41","slug":"o-w-himmel","status":"publish","type":"page","link":"https:\/\/gallery-puzic.com\/en\/o-w-himmel\/","title":{"rendered":"O.W. Himmel"},"content":{"rendered":"<div data-elementor-type=\"wp-page\" data-elementor-id=\"5378\" class=\"elementor elementor-5378\">\n\t\t\t\t\t\t<section class=\"elementor-section elementor-top-section elementor-element elementor-element-e352f35 elementor-section-boxed elementor-section-height-default elementor-section-height-default\" data-id=\"e352f35\" data-element_type=\"section\" data-e-type=\"section\">\n\t\t\t\t\t\t<div class=\"elementor-container elementor-column-gap-default\">\n\t\t\t\t\t<div class=\"elementor-column elementor-col-100 elementor-top-column elementor-element elementor-element-95683eb\" data-id=\"95683eb\" data-element_type=\"column\" data-e-type=\"column\">\n\t\t\t<div class=\"elementor-widget-wrap\">\n\t\t\t\t\t\t\t<\/div>\n\t\t<\/div>\n\t\t\t\t\t<\/div>\n\t\t<\/section>\n\t\t\t\t<section class=\"elementor-section elementor-top-section elementor-element elementor-element-3212692 elementor-section-boxed elementor-section-height-default elementor-section-height-default\" data-id=\"3212692\" data-element_type=\"section\" data-e-type=\"section\">\n\t\t\t\t\t\t<div class=\"elementor-container elementor-column-gap-default\">\n\t\t\t\t\t<div class=\"elementor-column elementor-col-100 elementor-top-column elementor-element elementor-element-bba505c\" data-id=\"bba505c\" data-element_type=\"column\" data-e-type=\"column\">\n\t\t\t<div class=\"elementor-widget-wrap elementor-element-populated\">\n\t\t\t\t\t\t<div class=\"elementor-element elementor-element-10821fb elementor-widget-divider--view-line elementor-widget elementor-widget-divider\" data-id=\"10821fb\" data-element_type=\"widget\" data-e-type=\"widget\" data-widget_type=\"divider.default\">\n\t\t\t\t<div class=\"elementor-widget-container\">\n\t\t\t\t\t\t\t<div class=\"elementor-divider\">\n\t\t\t<span class=\"elementor-divider-separator\">\n\t\t\t\t\t\t<\/span>\n\t\t<\/div>\n\t\t\t\t\t\t<\/div>\n\t\t\t\t<\/div>\n\t\t\t\t<div class=\"elementor-element elementor-element-db731d6 elementor-widget elementor-widget-text-editor\" data-id=\"db731d6\" data-element_type=\"widget\" data-e-type=\"widget\" data-widget_type=\"text-editor.default\">\n\t\t\t\t<div class=\"elementor-widget-container\">\n\t\t\t\t\t\t\t\t\t<h3><strong>O.W. HIMMEL<\/strong><\/h3>\t\t\t\t\t\t\t\t<\/div>\n\t\t\t\t<\/div>\n\t\t\t\t\t<\/div>\n\t\t<\/div>\n\t\t\t\t\t<\/div>\n\t\t<\/section>\n\t\t\t\t<section class=\"elementor-section elementor-top-section elementor-element elementor-element-155c26e elementor-section-boxed elementor-section-height-default elementor-section-height-default\" data-id=\"155c26e\" data-element_type=\"section\" data-e-type=\"section\">\n\t\t\t\t\t\t<div class=\"elementor-container elementor-column-gap-default\">\n\t\t\t\t\t<div class=\"elementor-column elementor-col-50 elementor-top-column elementor-element elementor-element-12a6a42\" data-id=\"12a6a42\" data-element_type=\"column\" data-e-type=\"column\">\n\t\t\t<div class=\"elementor-widget-wrap elementor-element-populated\">\n\t\t\t\t\t\t<div class=\"elementor-element elementor-element-f123769 elementor-widget elementor-widget-text-editor\" data-id=\"f123769\" data-element_type=\"widget\" data-e-type=\"widget\" data-widget_type=\"text-editor.default\">\n\t\t\t\t<div class=\"elementor-widget-container\">\n\t\t\t\t\t\t\t\t\t<p>artworks<\/p>\t\t\t\t\t\t\t\t<\/div>\n\t\t\t\t<\/div>\n\t\t\t\t\t<\/div>\n\t\t<\/div>\n\t\t\t\t<div class=\"elementor-column elementor-col-50 elementor-top-column elementor-element elementor-element-2542558\" data-id=\"2542558\" data-element_type=\"column\" data-e-type=\"column\">\n\t\t\t<div class=\"elementor-widget-wrap elementor-element-populated\">\n\t\t\t\t\t\t<div class=\"elementor-element elementor-element-2c6bff7 elementor-widget elementor-widget-text-editor\" data-id=\"2c6bff7\" data-element_type=\"widget\" data-e-type=\"widget\" data-widget_type=\"text-editor.default\">\n\t\t\t\t<div class=\"elementor-widget-container\">\n\t\t\t\t\t\t\t\t\t<p>biography<\/p>\t\t\t\t\t\t\t\t<\/div>\n\t\t\t\t<\/div>\n\t\t\t\t\t<\/div>\n\t\t<\/div>\n\t\t\t\t\t<\/div>\n\t\t<\/section>\n\t\t\t\t<section class=\"elementor-section elementor-top-section elementor-element elementor-element-57bafba elementor-section-boxed elementor-section-height-default elementor-section-height-default\" data-id=\"57bafba\" data-element_type=\"section\" data-e-type=\"section\">\n\t\t\t\t\t\t<div class=\"elementor-container elementor-column-gap-default\">\n\t\t\t\t\t<div class=\"elementor-column elementor-col-25 elementor-top-column elementor-element elementor-element-8eab6c8\" data-id=\"8eab6c8\" data-element_type=\"column\" data-e-type=\"column\">\n\t\t\t<div class=\"elementor-widget-wrap elementor-element-populated\">\n\t\t\t\t\t\t<div class=\"elementor-element elementor-element-1ab7d99 elementor-widget elementor-widget-image\" data-id=\"1ab7d99\" data-element_type=\"widget\" data-e-type=\"widget\" data-widget_type=\"image.default\">\n\t\t\t\t<div class=\"elementor-widget-container\">\n\t\t\t\t\t\t\t\t\t\t\t\t<figure class=\"wp-caption\">\n\t\t\t\t\t\t\t\t\t\t<img fetchpriority=\"high\" decoding=\"async\" width=\"200\" height=\"300\" src=\"https:\/\/gallery-puzic.com\/wp-content\/uploads\/2024\/11\/Never-Stop-Exploring_1-Kopie-200x300.jpg\" class=\"attachment-medium size-medium wp-image-5375\" alt=\"\" srcset=\"https:\/\/gallery-puzic.com\/wp-content\/uploads\/2024\/11\/Never-Stop-Exploring_1-Kopie-200x300.jpg 200w, https:\/\/gallery-puzic.com\/wp-content\/uploads\/2024\/11\/Never-Stop-Exploring_1-Kopie-681x1024.jpg 681w, https:\/\/gallery-puzic.com\/wp-content\/uploads\/2024\/11\/Never-Stop-Exploring_1-Kopie-768x1154.jpg 768w, https:\/\/gallery-puzic.com\/wp-content\/uploads\/2024\/11\/Never-Stop-Exploring_1-Kopie-1022x1536.jpg 1022w, https:\/\/gallery-puzic.com\/wp-content\/uploads\/2024\/11\/Never-Stop-Exploring_1-Kopie-1363x2048.jpg 1363w, https:\/\/gallery-puzic.com\/wp-content\/uploads\/2024\/11\/Never-Stop-Exploring_1-Kopie-8x12.jpg 8w, https:\/\/gallery-puzic.com\/wp-content\/uploads\/2024\/11\/Never-Stop-Exploring_1-Kopie-scaled.jpg 1704w\" sizes=\"(max-width: 200px) 100vw, 200px\" \/>\t\t\t\t\t\t\t\t\t\t\t<figcaption class=\"widget-image-caption wp-caption-text\">Never Stop Exploring, Linoldruck, 195x130cm, 2023<\/figcaption>\n\t\t\t\t\t\t\t\t\t\t<\/figure>\n\t\t\t\t\t\t\t\t\t<\/div>\n\t\t\t\t<\/div>\n\t\t\t\t\t<\/div>\n\t\t<\/div>\n\t\t\t\t<div class=\"elementor-column elementor-col-25 elementor-top-column elementor-element elementor-element-6b837ac\" data-id=\"6b837ac\" data-element_type=\"column\" data-e-type=\"column\">\n\t\t\t<div class=\"elementor-widget-wrap elementor-element-populated\">\n\t\t\t\t\t\t<div class=\"elementor-element elementor-element-a4132a4 elementor-widget elementor-widget-image\" data-id=\"a4132a4\" data-element_type=\"widget\" data-e-type=\"widget\" data-widget_type=\"image.default\">\n\t\t\t\t<div class=\"elementor-widget-container\">\n\t\t\t\t\t\t\t\t\t\t\t\t<figure class=\"wp-caption\">\n\t\t\t\t\t\t\t\t\t\t<img decoding=\"async\" width=\"768\" height=\"538\" src=\"https:\/\/gallery-puzic.com\/wp-content\/uploads\/2024\/11\/himmel_dose_blau-Kopie-768x538.jpeg\" class=\"attachment-medium_large size-medium_large wp-image-5374\" alt=\"\" srcset=\"https:\/\/gallery-puzic.com\/wp-content\/uploads\/2024\/11\/himmel_dose_blau-Kopie-768x538.jpeg 768w, https:\/\/gallery-puzic.com\/wp-content\/uploads\/2024\/11\/himmel_dose_blau-Kopie-300x210.jpeg 300w, https:\/\/gallery-puzic.com\/wp-content\/uploads\/2024\/11\/himmel_dose_blau-Kopie-1024x717.jpeg 1024w, https:\/\/gallery-puzic.com\/wp-content\/uploads\/2024\/11\/himmel_dose_blau-Kopie-1536x1076.jpeg 1536w, https:\/\/gallery-puzic.com\/wp-content\/uploads\/2024\/11\/himmel_dose_blau-Kopie-2048x1434.jpeg 2048w, https:\/\/gallery-puzic.com\/wp-content\/uploads\/2024\/11\/himmel_dose_blau-Kopie-18x12.jpeg 18w\" sizes=\"(max-width: 768px) 100vw, 768px\" \/>\t\t\t\t\t\t\t\t\t\t\t<figcaption class=\"widget-image-caption wp-caption-text\">Farbdose blau, Linoldruck, 2021<\/figcaption>\n\t\t\t\t\t\t\t\t\t\t<\/figure>\n\t\t\t\t\t\t\t\t\t<\/div>\n\t\t\t\t<\/div>\n\t\t\t\t\t<\/div>\n\t\t<\/div>\n\t\t\t\t<div class=\"elementor-column elementor-col-25 elementor-top-column elementor-element elementor-element-bcb435c\" data-id=\"bcb435c\" data-element_type=\"column\" data-e-type=\"column\">\n\t\t\t<div class=\"elementor-widget-wrap elementor-element-populated\">\n\t\t\t\t\t\t<div class=\"elementor-element elementor-element-cd5948a elementor-widget elementor-widget-image\" data-id=\"cd5948a\" data-element_type=\"widget\" data-e-type=\"widget\" data-widget_type=\"image.default\">\n\t\t\t\t<div class=\"elementor-widget-container\">\n\t\t\t\t\t\t\t\t\t\t\t\t<figure class=\"wp-caption\">\n\t\t\t\t\t\t\t\t\t\t<img decoding=\"async\" width=\"214\" height=\"300\" src=\"https:\/\/gallery-puzic.com\/wp-content\/uploads\/2024\/11\/owhimmel-arbeit_1-214x300.jpg\" class=\"attachment-medium size-medium wp-image-5376\" alt=\"\" srcset=\"https:\/\/gallery-puzic.com\/wp-content\/uploads\/2024\/11\/owhimmel-arbeit_1-214x300.jpg 214w, https:\/\/gallery-puzic.com\/wp-content\/uploads\/2024\/11\/owhimmel-arbeit_1-730x1024.jpg 730w, https:\/\/gallery-puzic.com\/wp-content\/uploads\/2024\/11\/owhimmel-arbeit_1-768x1077.jpg 768w, https:\/\/gallery-puzic.com\/wp-content\/uploads\/2024\/11\/owhimmel-arbeit_1-1096x1536.jpg 1096w, https:\/\/gallery-puzic.com\/wp-content\/uploads\/2024\/11\/owhimmel-arbeit_1-1461x2048.jpg 1461w, https:\/\/gallery-puzic.com\/wp-content\/uploads\/2024\/11\/owhimmel-arbeit_1-9x12.jpg 9w, https:\/\/gallery-puzic.com\/wp-content\/uploads\/2024\/11\/owhimmel-arbeit_1-scaled.jpg 1826w\" sizes=\"(max-width: 214px) 100vw, 214px\" \/>\t\t\t\t\t\t\t\t\t\t\t<figcaption class=\"widget-image-caption wp-caption-text\">Serie, Making of \"Im Reich des schwarzen Goldes, 2018<\/figcaption>\n\t\t\t\t\t\t\t\t\t\t<\/figure>\n\t\t\t\t\t\t\t\t\t<\/div>\n\t\t\t\t<\/div>\n\t\t\t\t\t<\/div>\n\t\t<\/div>\n\t\t\t\t<div class=\"elementor-column elementor-col-25 elementor-top-column elementor-element elementor-element-59f57f4\" data-id=\"59f57f4\" data-element_type=\"column\" data-e-type=\"column\">\n\t\t\t<div class=\"elementor-widget-wrap elementor-element-populated\">\n\t\t\t\t\t\t<div class=\"elementor-element elementor-element-81eb86e elementor-widget elementor-widget-image\" data-id=\"81eb86e\" data-element_type=\"widget\" data-e-type=\"widget\" data-widget_type=\"image.default\">\n\t\t\t\t<div class=\"elementor-widget-container\">\n\t\t\t\t\t\t\t\t\t\t\t\t<figure class=\"wp-caption\">\n\t\t\t\t\t\t\t\t\t\t<img loading=\"lazy\" decoding=\"async\" width=\"95\" height=\"300\" src=\"https:\/\/gallery-puzic.com\/wp-content\/uploads\/2024\/11\/Himmel-Labels-95x300.png\" class=\"attachment-medium size-medium wp-image-5377\" alt=\"\" srcset=\"https:\/\/gallery-puzic.com\/wp-content\/uploads\/2024\/11\/Himmel-Labels-95x300.png 95w, https:\/\/gallery-puzic.com\/wp-content\/uploads\/2024\/11\/Himmel-Labels-4x12.png 4w, https:\/\/gallery-puzic.com\/wp-content\/uploads\/2024\/11\/Himmel-Labels.png 159w\" sizes=\"(max-width: 95px) 100vw, 95px\" \/>\t\t\t\t\t\t\t\t\t\t\t<figcaption class=\"widget-image-caption wp-caption-text\">Serie, Schallplattenlabels, 40x40cm, 2007-2024<\/figcaption>\n\t\t\t\t\t\t\t\t\t\t<\/figure>\n\t\t\t\t\t\t\t\t\t<\/div>\n\t\t\t\t<\/div>\n\t\t\t\t\t<\/div>\n\t\t<\/div>\n\t\t\t\t\t<\/div>\n\t\t<\/section>\n\t\t\t\t<section class=\"elementor-section elementor-top-section elementor-element elementor-element-d5fc4a8 elementor-section-boxed elementor-section-height-default elementor-section-height-default\" data-id=\"d5fc4a8\" data-element_type=\"section\" data-e-type=\"section\">\n\t\t\t\t\t\t<div class=\"elementor-container elementor-column-gap-default\">\n\t\t\t\t\t<div class=\"elementor-column elementor-col-100 elementor-top-column elementor-element elementor-element-ee886fe\" data-id=\"ee886fe\" data-element_type=\"column\" data-e-type=\"column\">\n\t\t\t<div class=\"elementor-widget-wrap\">\n\t\t\t\t\t\t\t<\/div>\n\t\t<\/div>\n\t\t\t\t\t<\/div>\n\t\t<\/section>\n\t\t\t\t<section class=\"elementor-section elementor-top-section elementor-element elementor-element-7a0f92e elementor-section-boxed elementor-section-height-default elementor-section-height-default\" data-id=\"7a0f92e\" data-element_type=\"section\" data-e-type=\"section\">\n\t\t\t\t\t\t<div class=\"elementor-container elementor-column-gap-default\">\n\t\t\t\t\t<div class=\"elementor-column elementor-col-33 elementor-top-column elementor-element elementor-element-a3c99de\" data-id=\"a3c99de\" data-element_type=\"column\" data-e-type=\"column\">\n\t\t\t<div class=\"elementor-widget-wrap elementor-element-populated\">\n\t\t\t\t\t\t<div class=\"elementor-element elementor-element-cbbb157 elementor-widget elementor-widget-image\" data-id=\"cbbb157\" data-element_type=\"widget\" data-e-type=\"widget\" data-widget_type=\"image.default\">\n\t\t\t\t<div class=\"elementor-widget-container\">\n\t\t\t\t\t\t\t\t\t\t\t\t\t\t\t<img loading=\"lazy\" decoding=\"async\" width=\"300\" height=\"214\" src=\"https:\/\/gallery-puzic.com\/wp-content\/uploads\/2024\/11\/Himmel-Arbeitet-Schnitt-2018-300x214.jpeg\" class=\"attachment-medium size-medium wp-image-5390\" alt=\"\" srcset=\"https:\/\/gallery-puzic.com\/wp-content\/uploads\/2024\/11\/Himmel-Arbeitet-Schnitt-2018-300x214.jpeg 300w, https:\/\/gallery-puzic.com\/wp-content\/uploads\/2024\/11\/Himmel-Arbeitet-Schnitt-2018-768x547.jpeg 768w, https:\/\/gallery-puzic.com\/wp-content\/uploads\/2024\/11\/Himmel-Arbeitet-Schnitt-2018-18x12.jpeg 18w, https:\/\/gallery-puzic.com\/wp-content\/uploads\/2024\/11\/Himmel-Arbeitet-Schnitt-2018.jpeg 800w\" sizes=\"(max-width: 300px) 100vw, 300px\" \/>\t\t\t\t\t\t\t\t\t\t\t\t\t\t\t<\/div>\n\t\t\t\t<\/div>\n\t\t\t\t\t<\/div>\n\t\t<\/div>\n\t\t\t\t<div class=\"elementor-column elementor-col-66 elementor-top-column elementor-element elementor-element-1f3c1f7\" data-id=\"1f3c1f7\" data-element_type=\"column\" data-e-type=\"column\">\n\t\t\t<div class=\"elementor-widget-wrap elementor-element-populated\">\n\t\t\t\t\t\t<div class=\"elementor-element elementor-element-f216114 elementor-widget elementor-widget-text-editor\" data-id=\"f216114\" data-element_type=\"widget\" data-e-type=\"widget\" data-widget_type=\"text-editor.default\">\n\t\t\t\t<div class=\"elementor-widget-container\">\n\t\t\t\t\t\t\t\t\t<p><strong>O.W. Himmel\u00a0 |\u00a0 biography<\/strong><\/p><p>1967\u00a0Geboren in Ludwigshafen \/ Rhein<br \/>1986\u00a0Hochschulreife<br \/>1986-1988\u00a0Zivildienst<br \/>1988-1989\u00a0Studium der Germanistik und Philosophie an der Universit\u00e4t Mannheim<br \/>1990-1995\u00a0Studium der Freien Kunst an der Hochschule der Bildenden K\u00fcnste Saar bei Prof. Horst-Gerhard Haberl, Prof. Helmut Reichmann und Prof. Ulrike Rosenbach<br \/>1995\u00a0Diplom in Freier Kunst<br \/>1995-1996\u00a0Studienvertiefung in Produktdesign an der Hochschule der bildenden K\u00fcnste Saar<br \/>2006-2010\u00a0Dozent f\u00fcr Existenzgr\u00fcndung an der Hochschule der Bildenden K\u00fcnste Saar und<br \/>2007-2013\u00a0Dozent f\u00fcr Existenzgr\u00fcndung an Staatl. Akademie der Bildenden K\u00fcnste Karlsruhe<br \/>2013\u00a0Dozent f\u00fcr Existenzgr\u00fcndung an Staatl. Akademie der Bildenden K\u00fcnste Stuttgart<br \/>seit 2020\u00a0Nachhaltigkeitsbeauftragter des Historischen Museums Saar<\/p><p>O.W. Himmel lebt und arbeitet als freischaffender K\u00fcnstler in K\u00f6llerbach.<\/p><p>+ + +<\/p><p>Artist statement<\/p><p>&#8222;Ich bin Archivar der graphischen und typographischen Alltagskultur.&#8220;<\/p><p>O.W.Himmel<\/p>\t\t\t\t\t\t\t\t<\/div>\n\t\t\t\t<\/div>\n\t\t\t\t\t<\/div>\n\t\t<\/div>\n\t\t\t\t\t<\/div>\n\t\t<\/section>\n\t\t\t\t<section class=\"elementor-section elementor-top-section elementor-element elementor-element-9f5e2d4 elementor-section-boxed elementor-section-height-default elementor-section-height-default\" data-id=\"9f5e2d4\" data-element_type=\"section\" data-e-type=\"section\">\n\t\t\t\t\t\t<div class=\"elementor-container elementor-column-gap-default\">\n\t\t\t\t\t<div class=\"elementor-column elementor-col-100 elementor-top-column elementor-element elementor-element-f69f97c\" data-id=\"f69f97c\" data-element_type=\"column\" data-e-type=\"column\">\n\t\t\t<div class=\"elementor-widget-wrap elementor-element-populated\">\n\t\t\t\t\t\t<div class=\"elementor-element elementor-element-719eca0 elementor-widget-divider--view-line elementor-widget elementor-widget-divider\" data-id=\"719eca0\" data-element_type=\"widget\" data-e-type=\"widget\" data-widget_type=\"divider.default\">\n\t\t\t\t<div class=\"elementor-widget-container\">\n\t\t\t\t\t\t\t<div class=\"elementor-divider\">\n\t\t\t<span class=\"elementor-divider-separator\">\n\t\t\t\t\t\t<\/span>\n\t\t<\/div>\n\t\t\t\t\t\t<\/div>\n\t\t\t\t<\/div>\n\t\t\t\t\t<\/div>\n\t\t<\/div>\n\t\t\t\t\t<\/div>\n\t\t<\/section>\n\t\t\t\t<\/div>","protected":false},"excerpt":{"rendered":"<p>O.W. HIMMEL artworks biography Never Stop Exploring, Linoldruck, 195x130cm, 2023 Farbdose blau, Linoldruck, 2021 Serie, Making of &#8222;Im Reich des schwarzen Goldes, 2018 Serie, Schallplattenlabels, 40x40cm, 2007-2024 O.W. Himmel\u00a0 |\u00a0 biography 1967\u00a0Geboren in Ludwigshafen \/ Rhein1986\u00a0Hochschulreife1986-1988\u00a0Zivildienst1988-1989\u00a0Studium der Germanistik und Philosophie an der Universit\u00e4t Mannheim1990-1995\u00a0Studium der Freien Kunst an der Hochschule der Bildenden K\u00fcnste Saar bei [&hellip;]<\/p>\n","protected":false},"author":2,"featured_media":0,"parent":0,"menu_order":0,"comment_status":"closed","ping_status":"closed","template":"","meta":{"footnotes":""},"class_list":["post-5378","page","type-page","status-publish","hentry"],"_links":{"self":[{"href":"https:\/\/gallery-puzic.com\/en\/wp-json\/wp\/v2\/pages\/5378","targetHints":{"allow":["GET"]}}],"collection":[{"href":"https:\/\/gallery-puzic.com\/en\/wp-json\/wp\/v2\/pages"}],"about":[{"href":"https:\/\/gallery-puzic.com\/en\/wp-json\/wp\/v2\/types\/page"}],"author":[{"embeddable":true,"href":"https:\/\/gallery-puzic.com\/en\/wp-json\/wp\/v2\/users\/2"}],"replies":[{"embeddable":true,"href":"https:\/\/gallery-puzic.com\/en\/wp-json\/wp\/v2\/comments?post=5378"}],"version-history":[{"count":22,"href":"https:\/\/gallery-puzic.com\/en\/wp-json\/wp\/v2\/pages\/5378\/revisions"}],"predecessor-version":[{"id":5480,"href":"https:\/\/gallery-puzic.com\/en\/wp-json\/wp\/v2\/pages\/5378\/revisions\/5480"}],"wp:attachment":[{"href":"https:\/\/gallery-puzic.com\/en\/wp-json\/wp\/v2\/media?parent=5378"}],"curies":[{"name":"wp","href":"https:\/\/api.w.org\/{rel}","templated":true}]}}