{"id":5273,"date":"2024-11-05T15:00:08","date_gmt":"2024-11-05T15:00:08","guid":{"rendered":"https:\/\/gallery-puzic.com\/?page_id=5273"},"modified":"2024-11-05T18:42:01","modified_gmt":"2024-11-05T18:42:01","slug":"andreas-hamacher","status":"publish","type":"page","link":"https:\/\/gallery-puzic.com\/en\/andreas-hamacher\/","title":{"rendered":"Andreas Hamacher"},"content":{"rendered":"<div data-elementor-type=\"wp-page\" data-elementor-id=\"5273\" class=\"elementor elementor-5273\">\n\t\t\t\t\t\t<section class=\"elementor-section elementor-top-section elementor-element elementor-element-427f4ec elementor-section-boxed elementor-section-height-default elementor-section-height-default\" data-id=\"427f4ec\" data-element_type=\"section\" data-e-type=\"section\">\n\t\t\t\t\t\t<div class=\"elementor-container elementor-column-gap-default\">\n\t\t\t\t\t<div class=\"elementor-column elementor-col-100 elementor-top-column elementor-element elementor-element-89d0627\" data-id=\"89d0627\" data-element_type=\"column\" data-e-type=\"column\">\n\t\t\t<div class=\"elementor-widget-wrap elementor-element-populated\">\n\t\t\t\t\t\t<section class=\"elementor-section elementor-inner-section elementor-element elementor-element-dc570d8 elementor-section-boxed elementor-section-height-default elementor-section-height-default\" data-id=\"dc570d8\" data-element_type=\"section\" data-e-type=\"section\">\n\t\t\t\t\t\t<div class=\"elementor-container elementor-column-gap-default\">\n\t\t\t\t\t<div class=\"elementor-column elementor-col-50 elementor-inner-column elementor-element elementor-element-5aee882\" data-id=\"5aee882\" data-element_type=\"column\" data-e-type=\"column\">\n\t\t\t<div class=\"elementor-widget-wrap\">\n\t\t\t\t\t\t\t<\/div>\n\t\t<\/div>\n\t\t\t\t<div class=\"elementor-column elementor-col-50 elementor-inner-column elementor-element elementor-element-6648091\" data-id=\"6648091\" data-element_type=\"column\" data-e-type=\"column\">\n\t\t\t<div class=\"elementor-widget-wrap\">\n\t\t\t\t\t\t\t<\/div>\n\t\t<\/div>\n\t\t\t\t\t<\/div>\n\t\t<\/section>\n\t\t\t\t\t<\/div>\n\t\t<\/div>\n\t\t\t\t\t<\/div>\n\t\t<\/section>\n\t\t\t\t<section class=\"elementor-section elementor-top-section elementor-element elementor-element-ffcf6a5 elementor-section-boxed elementor-section-height-default elementor-section-height-default\" data-id=\"ffcf6a5\" data-element_type=\"section\" data-e-type=\"section\">\n\t\t\t\t\t\t<div class=\"elementor-container elementor-column-gap-default\">\n\t\t\t\t\t<div class=\"elementor-column elementor-col-100 elementor-top-column elementor-element elementor-element-3a83b45\" data-id=\"3a83b45\" data-element_type=\"column\" data-e-type=\"column\">\n\t\t\t<div class=\"elementor-widget-wrap elementor-element-populated\">\n\t\t\t\t\t\t<div class=\"elementor-element elementor-element-8b198b5 elementor-widget elementor-widget-text-editor\" data-id=\"8b198b5\" data-element_type=\"widget\" data-e-type=\"widget\" data-widget_type=\"text-editor.default\">\n\t\t\t\t<div class=\"elementor-widget-container\">\n\t\t\t\t\t\t\t\t\t<h3>\u00a0 \u00a0 \u00a0 \u00a0\u00a0<strong>Andreas Hamacher<\/strong><\/h3>\t\t\t\t\t\t\t\t<\/div>\n\t\t\t\t<\/div>\n\t\t\t\t\t<\/div>\n\t\t<\/div>\n\t\t\t\t\t<\/div>\n\t\t<\/section>\n\t\t\t\t<section class=\"elementor-section elementor-top-section elementor-element elementor-element-4c0424e elementor-section-boxed elementor-section-height-default elementor-section-height-default\" data-id=\"4c0424e\" data-element_type=\"section\" data-e-type=\"section\">\n\t\t\t\t\t\t<div class=\"elementor-container elementor-column-gap-default\">\n\t\t\t\t\t<div class=\"elementor-column elementor-col-50 elementor-top-column elementor-element elementor-element-e1cc3e3\" data-id=\"e1cc3e3\" data-element_type=\"column\" data-e-type=\"column\">\n\t\t\t<div class=\"elementor-widget-wrap elementor-element-populated\">\n\t\t\t\t\t\t<div class=\"elementor-element elementor-element-c467235 elementor-widget elementor-widget-text-editor\" data-id=\"c467235\" data-element_type=\"widget\" data-e-type=\"widget\" data-widget_type=\"text-editor.default\">\n\t\t\t\t<div class=\"elementor-widget-container\">\n\t\t\t\t\t\t\t\t\t<p>artworks<\/p>\t\t\t\t\t\t\t\t<\/div>\n\t\t\t\t<\/div>\n\t\t\t\t\t<\/div>\n\t\t<\/div>\n\t\t\t\t<div class=\"elementor-column elementor-col-50 elementor-top-column elementor-element elementor-element-cd732e5\" data-id=\"cd732e5\" data-element_type=\"column\" data-e-type=\"column\">\n\t\t\t<div class=\"elementor-widget-wrap elementor-element-populated\">\n\t\t\t\t\t\t<div class=\"elementor-element elementor-element-c9cdac7 elementor-widget elementor-widget-text-editor\" data-id=\"c9cdac7\" data-element_type=\"widget\" data-e-type=\"widget\" data-widget_type=\"text-editor.default\">\n\t\t\t\t<div class=\"elementor-widget-container\">\n\t\t\t\t\t\t\t\t\t<p>biography<\/p>\t\t\t\t\t\t\t\t<\/div>\n\t\t\t\t<\/div>\n\t\t\t\t\t<\/div>\n\t\t<\/div>\n\t\t\t\t\t<\/div>\n\t\t<\/section>\n\t\t\t\t<section class=\"elementor-section elementor-top-section elementor-element elementor-element-511c64c elementor-section-boxed elementor-section-height-default elementor-section-height-default\" data-id=\"511c64c\" data-element_type=\"section\" data-e-type=\"section\">\n\t\t\t\t\t\t<div class=\"elementor-container elementor-column-gap-default\">\n\t\t\t\t\t<div class=\"elementor-column elementor-col-25 elementor-top-column elementor-element elementor-element-dfc1a7b\" data-id=\"dfc1a7b\" data-element_type=\"column\" data-e-type=\"column\">\n\t\t\t<div class=\"elementor-widget-wrap elementor-element-populated\">\n\t\t\t\t\t\t<div class=\"elementor-element elementor-element-e7204a8 elementor-widget elementor-widget-image\" data-id=\"e7204a8\" data-element_type=\"widget\" data-e-type=\"widget\" data-widget_type=\"image.default\">\n\t\t\t\t<div class=\"elementor-widget-container\">\n\t\t\t\t\t\t\t\t\t\t\t\t<figure class=\"wp-caption\">\n\t\t\t\t\t\t\t\t\t\t<img decoding=\"async\" src=\"https:\/\/gallery-puzic.com\/wp-content\/uploads\/2023\/09\/02-2016-scaled.jpg\" title=\"02-2016\" alt=\"Haptikon Skulptur\" loading=\"lazy\" \/>\t\t\t\t\t\t\t\t\t\t\t<figcaption class=\"widget-image-caption wp-caption-text\">Haptikon 08 _2017_Stahlskulptur_83x72x48cm<\/figcaption>\n\t\t\t\t\t\t\t\t\t\t<\/figure>\n\t\t\t\t\t\t\t\t\t<\/div>\n\t\t\t\t<\/div>\n\t\t\t\t\t<\/div>\n\t\t<\/div>\n\t\t\t\t<div class=\"elementor-column elementor-col-25 elementor-top-column elementor-element elementor-element-463e5d7\" data-id=\"463e5d7\" data-element_type=\"column\" data-e-type=\"column\">\n\t\t\t<div class=\"elementor-widget-wrap elementor-element-populated\">\n\t\t\t\t\t\t<div class=\"elementor-element elementor-element-c032342 elementor-widget elementor-widget-image\" data-id=\"c032342\" data-element_type=\"widget\" data-e-type=\"widget\" data-widget_type=\"image.default\">\n\t\t\t\t<div class=\"elementor-widget-container\">\n\t\t\t\t\t\t\t\t\t\t\t\t<figure class=\"wp-caption\">\n\t\t\t\t\t\t\t\t\t\t<img fetchpriority=\"high\" decoding=\"async\" width=\"768\" height=\"512\" src=\"https:\/\/gallery-puzic.com\/wp-content\/uploads\/2024\/11\/Andreas-Hamacher_Haptikon-01_-Stahlskulptur_75x25x42cm_VK-6900-_2-768x512.jpg\" class=\"attachment-medium_large size-medium_large wp-image-5312\" alt=\"\" srcset=\"https:\/\/gallery-puzic.com\/wp-content\/uploads\/2024\/11\/Andreas-Hamacher_Haptikon-01_-Stahlskulptur_75x25x42cm_VK-6900-_2-768x512.jpg 768w, https:\/\/gallery-puzic.com\/wp-content\/uploads\/2024\/11\/Andreas-Hamacher_Haptikon-01_-Stahlskulptur_75x25x42cm_VK-6900-_2-300x200.jpg 300w, https:\/\/gallery-puzic.com\/wp-content\/uploads\/2024\/11\/Andreas-Hamacher_Haptikon-01_-Stahlskulptur_75x25x42cm_VK-6900-_2-1024x683.jpg 1024w, https:\/\/gallery-puzic.com\/wp-content\/uploads\/2024\/11\/Andreas-Hamacher_Haptikon-01_-Stahlskulptur_75x25x42cm_VK-6900-_2-1536x1024.jpg 1536w, https:\/\/gallery-puzic.com\/wp-content\/uploads\/2024\/11\/Andreas-Hamacher_Haptikon-01_-Stahlskulptur_75x25x42cm_VK-6900-_2-2048x1365.jpg 2048w, https:\/\/gallery-puzic.com\/wp-content\/uploads\/2024\/11\/Andreas-Hamacher_Haptikon-01_-Stahlskulptur_75x25x42cm_VK-6900-_2-18x12.jpg 18w\" sizes=\"(max-width: 768px) 100vw, 768px\" \/>\t\t\t\t\t\t\t\t\t\t\t<figcaption class=\"widget-image-caption wp-caption-text\">Haptikon 01 _2014_Stahlskulptur_75x25x42cm<\/figcaption>\n\t\t\t\t\t\t\t\t\t\t<\/figure>\n\t\t\t\t\t\t\t\t\t<\/div>\n\t\t\t\t<\/div>\n\t\t\t\t\t<\/div>\n\t\t<\/div>\n\t\t\t\t<div class=\"elementor-column elementor-col-25 elementor-top-column elementor-element elementor-element-427d731\" data-id=\"427d731\" data-element_type=\"column\" data-e-type=\"column\">\n\t\t\t<div class=\"elementor-widget-wrap elementor-element-populated\">\n\t\t\t\t\t\t<div class=\"elementor-element elementor-element-7913323 elementor-widget elementor-widget-image\" data-id=\"7913323\" data-element_type=\"widget\" data-e-type=\"widget\" data-widget_type=\"image.default\">\n\t\t\t\t<div class=\"elementor-widget-container\">\n\t\t\t\t\t\t\t\t\t\t\t\t<figure class=\"wp-caption\">\n\t\t\t\t\t\t\t\t\t\t<img decoding=\"async\" width=\"768\" height=\"512\" src=\"https:\/\/gallery-puzic.com\/wp-content\/uploads\/2024\/11\/Andreas-Hamacher_Haptikon-07_-Stahlskulptur-VK-8900--768x512.jpg\" class=\"attachment-medium_large size-medium_large wp-image-5314\" alt=\"\" srcset=\"https:\/\/gallery-puzic.com\/wp-content\/uploads\/2024\/11\/Andreas-Hamacher_Haptikon-07_-Stahlskulptur-VK-8900--768x512.jpg 768w, https:\/\/gallery-puzic.com\/wp-content\/uploads\/2024\/11\/Andreas-Hamacher_Haptikon-07_-Stahlskulptur-VK-8900--300x200.jpg 300w, https:\/\/gallery-puzic.com\/wp-content\/uploads\/2024\/11\/Andreas-Hamacher_Haptikon-07_-Stahlskulptur-VK-8900--18x12.jpg 18w, https:\/\/gallery-puzic.com\/wp-content\/uploads\/2024\/11\/Andreas-Hamacher_Haptikon-07_-Stahlskulptur-VK-8900-.jpg 1000w\" sizes=\"(max-width: 768px) 100vw, 768px\" \/>\t\t\t\t\t\t\t\t\t\t\t<figcaption class=\"widget-image-caption wp-caption-text\">Haptikon 07 _2017_Stahlskulptur_75x68x50cm<\/figcaption>\n\t\t\t\t\t\t\t\t\t\t<\/figure>\n\t\t\t\t\t\t\t\t\t<\/div>\n\t\t\t\t<\/div>\n\t\t\t\t\t<\/div>\n\t\t<\/div>\n\t\t\t\t<div class=\"elementor-column elementor-col-25 elementor-top-column elementor-element elementor-element-0db50ae\" data-id=\"0db50ae\" data-element_type=\"column\" data-e-type=\"column\">\n\t\t\t<div class=\"elementor-widget-wrap elementor-element-populated\">\n\t\t\t\t\t\t<div class=\"elementor-element elementor-element-4b34083 elementor-widget elementor-widget-image\" data-id=\"4b34083\" data-element_type=\"widget\" data-e-type=\"widget\" data-widget_type=\"image.default\">\n\t\t\t\t<div class=\"elementor-widget-container\">\n\t\t\t\t\t\t\t\t\t\t\t\t<figure class=\"wp-caption\">\n\t\t\t\t\t\t\t\t\t\t<img decoding=\"async\" src=\"https:\/\/gallery-puzic.com\/wp-content\/uploads\/2023\/09\/andreas-Hamacher1-scaled.jpg\" title=\"Andreas Hamacher\" alt=\"Andreas Hamacher\" loading=\"lazy\" \/>\t\t\t\t\t\t\t\t\t\t\t<figcaption class=\"widget-image-caption wp-caption-text\">Haptikon 06 _2017_Stahlskulptur_85x65x45cm<\/figcaption>\n\t\t\t\t\t\t\t\t\t\t<\/figure>\n\t\t\t\t\t\t\t\t\t<\/div>\n\t\t\t\t<\/div>\n\t\t\t\t\t<\/div>\n\t\t<\/div>\n\t\t\t\t\t<\/div>\n\t\t<\/section>\n\t\t\t\t<section class=\"elementor-section elementor-top-section elementor-element elementor-element-8fcdc2c elementor-section-boxed elementor-section-height-default elementor-section-height-default\" data-id=\"8fcdc2c\" data-element_type=\"section\" data-e-type=\"section\">\n\t\t\t\t\t\t<div class=\"elementor-container elementor-column-gap-default\">\n\t\t\t\t\t<div class=\"elementor-column elementor-col-50 elementor-top-column elementor-element elementor-element-c003c90\" data-id=\"c003c90\" data-element_type=\"column\" data-e-type=\"column\">\n\t\t\t<div class=\"elementor-widget-wrap\">\n\t\t\t\t\t\t\t<\/div>\n\t\t<\/div>\n\t\t\t\t<div class=\"elementor-column elementor-col-50 elementor-top-column elementor-element elementor-element-409c594\" data-id=\"409c594\" data-element_type=\"column\" data-e-type=\"column\">\n\t\t\t<div class=\"elementor-widget-wrap\">\n\t\t\t\t\t\t\t<\/div>\n\t\t<\/div>\n\t\t\t\t\t<\/div>\n\t\t<\/section>\n\t\t\t\t<section class=\"elementor-section elementor-top-section elementor-element elementor-element-6b5048e elementor-section-boxed elementor-section-height-default elementor-section-height-default\" data-id=\"6b5048e\" data-element_type=\"section\" data-e-type=\"section\">\n\t\t\t\t\t\t<div class=\"elementor-container elementor-column-gap-default\">\n\t\t\t\t\t<div class=\"elementor-column elementor-col-33 elementor-top-column elementor-element elementor-element-029edd5\" data-id=\"029edd5\" data-element_type=\"column\" data-e-type=\"column\">\n\t\t\t<div class=\"elementor-widget-wrap elementor-element-populated\">\n\t\t\t\t\t\t<div class=\"elementor-element elementor-element-ea1cd60 elementor-widget elementor-widget-image\" data-id=\"ea1cd60\" data-element_type=\"widget\" data-e-type=\"widget\" data-widget_type=\"image.default\">\n\t\t\t\t<div class=\"elementor-widget-container\">\n\t\t\t\t\t\t\t\t\t\t\t\t\t\t\t<img decoding=\"async\" width=\"277\" height=\"300\" src=\"https:\/\/gallery-puzic.com\/wp-content\/uploads\/2024\/11\/A-Hamacher-277x300.png\" class=\"attachment-medium size-medium wp-image-5297\" alt=\"\" srcset=\"https:\/\/gallery-puzic.com\/wp-content\/uploads\/2024\/11\/A-Hamacher-277x300.png 277w, https:\/\/gallery-puzic.com\/wp-content\/uploads\/2024\/11\/A-Hamacher-11x12.png 11w, https:\/\/gallery-puzic.com\/wp-content\/uploads\/2024\/11\/A-Hamacher.png 434w\" sizes=\"(max-width: 277px) 100vw, 277px\" \/>\t\t\t\t\t\t\t\t\t\t\t\t\t\t\t<\/div>\n\t\t\t\t<\/div>\n\t\t\t\t\t<\/div>\n\t\t<\/div>\n\t\t\t\t<div class=\"elementor-column elementor-col-66 elementor-top-column elementor-element elementor-element-100ba66\" data-id=\"100ba66\" data-element_type=\"column\" data-e-type=\"column\">\n\t\t\t<div class=\"elementor-widget-wrap elementor-element-populated\">\n\t\t\t\t\t\t<div class=\"elementor-element elementor-element-6dfd380 elementor-widget elementor-widget-text-editor\" data-id=\"6dfd380\" data-element_type=\"widget\" data-e-type=\"widget\" data-widget_type=\"text-editor.default\">\n\t\t\t\t<div class=\"elementor-widget-container\">\n\t\t\t\t\t\t\t\t\t<p>Andreas Hamacher | biography<\/p><p>1967 geb., lebt und arbeitet in Trier<\/p><p>1994 bis 2013 Studium an der Europ\u00e4ischen Kunstakademie Trier, bei J\u00f6rg Oetgen, Christoph Lahl und Mathias Lanfer im Bereich 3-dimensionale Kunst mit dem Schwerpunkt \u201eMetall-Skulptur\u201c<\/p><p>Regelm\u00e4\u00dfige Ausstellungst\u00e4tigkeit in Deutschland, der Schweiz, Belgien, Gro\u00dfbritannien und Luxembourg.\u00a0\u00a0\u00a0<\/p><p>Seit 2016, Vorstandsmitglied der Gesellschaft f\u00fcr bildende Kunst Trier e.V.<\/p><p>+ + +\u00a0<\/p><p>Andreas Hamacher was born in 1967 in Trier (Germany), where he also lives and works. The work on his lyrically abstract work serie &#8222;HAPTIKONS&#8220; and &#8222;DEHISCES&#8220; begins at the scrap yards of the region of Trier with its varied technical possibilities.\u00a0 The scrap yards are a sort of outdoor studio for the steel sculptor. In the course of this, the tension field between the ruggedly repelling and the clearly smooth welcoming of the material is essential to the sculptor. His work is animated through the dialogue between geometry and nature and invite the viewer to feel and explore \u2013 to understand \u2013 the textures of the material as well the circumscribed space within its own borders and beyond;<\/p><p><em>AUSSTELLUNGEN (selected)<\/em><\/p><p>2023 Gallery Puzic\u0301<\/p><p>2022 LAC, Hesperange\/Lux<\/p><p>2021 OpenArtTrier<\/p><p>2021 \u201eGREAT\u201c Kunsthalle Trier<\/p><p>2020 Jahresausstellung der Gesellschaft f\u00fcr Bildende Kunst Trier<\/p><p>2020 Cueva Luxemburg<\/p><p>2020 Salon Du CAL<\/p><p>2020 Fuel Box Luxembourg<\/p><p>2020 ART Karlsruhe, Galerie Overhead<\/p><p>2020 INDUSTRIE, TUFA Trier<\/p><p>2021 \u201eOPEN ART TRIER\u201c<\/p><p>2021 \u201eGREAT\u201c Kunsthalle Trier<\/p><p>2020 Cueva Luxemburg<\/p><p>2020 ART Karlsruhe, Galerie Overhead<\/p><p>2020 INDUSTRIE, TUFA Trier<\/p><p>2019 Affordable Art Fair London-Hampstead<\/p><p>2019 Art Fair Paris<\/p><p>2019 Affordable Art Fair Br\u00fcssel<\/p><p>2018 Affordable Art Fair Hampstead London<\/p><p>2018 ART MUC \/ M\u00fcnchen<\/p><p>2018 Art-Nordic \/ Copenhagen Denmark<\/p><p>2017 Luxembourg Art Week, Section Take off<\/p><p>2017 Salon Du CAL\/Luxembourg<\/p><p>2017 Affordable Art Fair\/Battersea autumn\/London<\/p><p>2017 SWR Ausstellung &#8222;FINDUNGEN UND FORMATE III&#8220; \/ Trier<\/p><p>2017 ART_MUC, M\u00fcnchen<\/p><p>2017\u00a0Biennale d&#8217;Art contemporain Luxembourg\/Strassen<\/p><p>2017 Affordable Art Fair Br\u00fcssel<\/p><p>2016 Luxembourg Art Week, section take off<\/p><p>2016 Affordable Art Fair Hamburg<\/p><p>2016 Salon du LAC\/Luxembourg &#8222;(h)art un der Grenz&#8220;<\/p><p>2016 &#8222;Haptikons&#8220; Indepedend Art Museum<\/p><p>2016 K\u00f6lner-Liste<\/p><p>2016 I AM Kunstpreistr\u00e4ger \u201eIndependent Art Museum 2016\u201c<\/p><p>2015 Internationales Skulpturen-Symposium \u201eMosel KM 193\u201c<\/p><p>2015 Biennale d&#8217;Art contemporain Luxembourg\/Strassen<\/p><p>2014-2017\u00a0 internationale Ausstellungsreihe \u201eru\u00df\u00b4n\u00b4rost\u201c in Kooperation mit Bettina Reichert\u00a0 \u00a0 \u00a0 \u00a0 \u00a0 \u00a0\u00a0<\/p>\t\t\t\t\t\t\t\t<\/div>\n\t\t\t\t<\/div>\n\t\t\t\t\t<\/div>\n\t\t<\/div>\n\t\t\t\t\t<\/div>\n\t\t<\/section>\n\t\t\t\t<section class=\"elementor-section elementor-top-section elementor-element elementor-element-9978814 elementor-section-boxed elementor-section-height-default elementor-section-height-default\" data-id=\"9978814\" data-element_type=\"section\" data-e-type=\"section\">\n\t\t\t\t\t\t<div class=\"elementor-container elementor-column-gap-default\">\n\t\t\t\t\t<div class=\"elementor-column elementor-col-100 elementor-top-column elementor-element elementor-element-fb05111\" data-id=\"fb05111\" data-element_type=\"column\" data-e-type=\"column\">\n\t\t\t<div class=\"elementor-widget-wrap elementor-element-populated\">\n\t\t\t\t\t\t<div class=\"elementor-element elementor-element-1e33134 elementor-widget elementor-widget-text-editor\" data-id=\"1e33134\" data-element_type=\"widget\" data-e-type=\"widget\" data-widget_type=\"text-editor.default\">\n\t\t\t\t<div class=\"elementor-widget-container\">\n\t\t\t\t\t\t\t\t\t<p>Artist Statement<\/p><p>\u00a0<\/p><p>Die Arbeit an meiner lyrisch abstrakten Werkreihe \u201eHaptikons\u201c und &#8222;Spr\u00fcnge&#8220; beginnt auf dem Schrottplatz mit seinen vielf\u00e4ltigen technischen M\u00f6glichkeiten. Der h\u00e4ufig mit Geschichte aufgeladene Rohstoff Stahl ist gebraucht aber nicht verbraucht. Auf der Suche nach Formen, Texturen und Fl\u00e4chen entstehen Arbeiten, die den Betrachter animieren anzufassen und zu begreifen. Dabei ist mir das Spannungsfeld zwischen dem schroff Abweisenden und dem scheinbar weich Einladenden des Materials wichtig.\u00a0 \u00a0 \u00a0 \u00a0 \u00a0 \u00a0 \u00a0 \u00a0 \u00a0 \u00a0 \u00a0\u00a0<\/p><p>\u00a0<\/p>\t\t\t\t\t\t\t\t<\/div>\n\t\t\t\t<\/div>\n\t\t\t\t\t<\/div>\n\t\t<\/div>\n\t\t\t\t\t<\/div>\n\t\t<\/section>\n\t\t\t\t<section class=\"elementor-section elementor-top-section elementor-element elementor-element-ef2fd72 elementor-section-boxed elementor-section-height-default elementor-section-height-default\" data-id=\"ef2fd72\" data-element_type=\"section\" data-e-type=\"section\">\n\t\t\t\t\t\t<div class=\"elementor-container elementor-column-gap-default\">\n\t\t\t\t\t<div class=\"elementor-column elementor-col-100 elementor-top-column elementor-element elementor-element-d37c3b9\" data-id=\"d37c3b9\" data-element_type=\"column\" data-e-type=\"column\">\n\t\t\t<div class=\"elementor-widget-wrap elementor-element-populated\">\n\t\t\t\t\t\t<div class=\"elementor-element elementor-element-7838b55 elementor-widget-divider--view-line elementor-widget elementor-widget-divider\" data-id=\"7838b55\" data-element_type=\"widget\" data-e-type=\"widget\" data-widget_type=\"divider.default\">\n\t\t\t\t<div class=\"elementor-widget-container\">\n\t\t\t\t\t\t\t<div class=\"elementor-divider\">\n\t\t\t<span class=\"elementor-divider-separator\">\n\t\t\t\t\t\t<\/span>\n\t\t<\/div>\n\t\t\t\t\t\t<\/div>\n\t\t\t\t<\/div>\n\t\t\t\t\t<\/div>\n\t\t<\/div>\n\t\t\t\t\t<\/div>\n\t\t<\/section>\n\t\t\t\t<\/div>","protected":false},"excerpt":{"rendered":"<p>\u00a0 \u00a0 \u00a0 \u00a0\u00a0Andreas Hamacher artworks biography Haptikon 08 _2017_Stahlskulptur_83x72x48cm Haptikon 01 _2014_Stahlskulptur_75x25x42cm Haptikon 07 _2017_Stahlskulptur_75x68x50cm Haptikon 06 _2017_Stahlskulptur_85x65x45cm Andreas Hamacher | biography 1967 geb., lebt und arbeitet in Trier 1994 bis 2013 Studium an der Europ\u00e4ischen Kunstakademie Trier, bei J\u00f6rg Oetgen, Christoph Lahl und Mathias Lanfer im Bereich 3-dimensionale Kunst mit dem Schwerpunkt \u201eMetall-Skulptur\u201c [&hellip;]<\/p>\n","protected":false},"author":2,"featured_media":0,"parent":0,"menu_order":0,"comment_status":"closed","ping_status":"closed","template":"","meta":{"footnotes":""},"class_list":["post-5273","page","type-page","status-publish","hentry"],"_links":{"self":[{"href":"https:\/\/gallery-puzic.com\/en\/wp-json\/wp\/v2\/pages\/5273","targetHints":{"allow":["GET"]}}],"collection":[{"href":"https:\/\/gallery-puzic.com\/en\/wp-json\/wp\/v2\/pages"}],"about":[{"href":"https:\/\/gallery-puzic.com\/en\/wp-json\/wp\/v2\/types\/page"}],"author":[{"embeddable":true,"href":"https:\/\/gallery-puzic.com\/en\/wp-json\/wp\/v2\/users\/2"}],"replies":[{"embeddable":true,"href":"https:\/\/gallery-puzic.com\/en\/wp-json\/wp\/v2\/comments?post=5273"}],"version-history":[{"count":49,"href":"https:\/\/gallery-puzic.com\/en\/wp-json\/wp\/v2\/pages\/5273\/revisions"}],"predecessor-version":[{"id":5337,"href":"https:\/\/gallery-puzic.com\/en\/wp-json\/wp\/v2\/pages\/5273\/revisions\/5337"}],"wp:attachment":[{"href":"https:\/\/gallery-puzic.com\/en\/wp-json\/wp\/v2\/media?parent=5273"}],"curies":[{"name":"wp","href":"https:\/\/api.w.org\/{rel}","templated":true}]}}