{"id":5220,"date":"2024-10-24T19:54:30","date_gmt":"2024-10-24T19:54:30","guid":{"rendered":"https:\/\/gallery-puzic.com\/?page_id=5220"},"modified":"2024-10-25T14:03:11","modified_gmt":"2024-10-25T14:03:11","slug":"kippende-kunst","status":"publish","type":"page","link":"https:\/\/gallery-puzic.com\/en\/kippende-kunst\/","title":{"rendered":"Kippende Kunst"},"content":{"rendered":"\t\t<div data-elementor-type=\"wp-page\" data-elementor-id=\"5220\" class=\"elementor elementor-5220\">\n\t\t\t\t\t\t<section class=\"elementor-section elementor-top-section elementor-element elementor-element-1a7d138 elementor-section-boxed elementor-section-height-default elementor-section-height-default\" data-id=\"1a7d138\" data-element_type=\"section\" data-e-type=\"section\">\n\t\t\t\t\t\t<div class=\"elementor-container elementor-column-gap-default\">\n\t\t\t\t\t<div class=\"elementor-column elementor-col-33 elementor-top-column elementor-element elementor-element-3d56cdb\" data-id=\"3d56cdb\" data-element_type=\"column\" data-e-type=\"column\">\n\t\t\t<div class=\"elementor-widget-wrap elementor-element-populated\">\n\t\t\t\t\t\t<div class=\"elementor-element elementor-element-0e09434 elementor-widget elementor-widget-image\" data-id=\"0e09434\" data-element_type=\"widget\" data-e-type=\"widget\" data-widget_type=\"image.default\">\n\t\t\t\t<div class=\"elementor-widget-container\">\n\t\t\t\t\t\t\t\t\t\t\t\t\t\t\t<img fetchpriority=\"high\" decoding=\"async\" width=\"800\" height=\"600\" src=\"https:\/\/gallery-puzic.com\/wp-content\/uploads\/2024\/10\/Gallery-back-corridor_Emmert-1-1024x768.jpg\" class=\"attachment-large size-large wp-image-5240\" alt=\"\" srcset=\"https:\/\/gallery-puzic.com\/wp-content\/uploads\/2024\/10\/Gallery-back-corridor_Emmert-1-1024x768.jpg 1024w, https:\/\/gallery-puzic.com\/wp-content\/uploads\/2024\/10\/Gallery-back-corridor_Emmert-1-300x225.jpg 300w, https:\/\/gallery-puzic.com\/wp-content\/uploads\/2024\/10\/Gallery-back-corridor_Emmert-1-768x576.jpg 768w, https:\/\/gallery-puzic.com\/wp-content\/uploads\/2024\/10\/Gallery-back-corridor_Emmert-1-1536x1152.jpg 1536w, https:\/\/gallery-puzic.com\/wp-content\/uploads\/2024\/10\/Gallery-back-corridor_Emmert-1-2048x1536.jpg 2048w, https:\/\/gallery-puzic.com\/wp-content\/uploads\/2024\/10\/Gallery-back-corridor_Emmert-1-16x12.jpg 16w\" sizes=\"(max-width: 800px) 100vw, 800px\" \/>\t\t\t\t\t\t\t\t\t\t\t\t\t\t\t<\/div>\n\t\t\t\t<\/div>\n\t\t\t\t\t<\/div>\n\t\t<\/div>\n\t\t\t\t<div class=\"elementor-column elementor-col-33 elementor-top-column elementor-element elementor-element-4331b27\" data-id=\"4331b27\" data-element_type=\"column\" data-e-type=\"column\">\n\t\t\t<div class=\"elementor-widget-wrap elementor-element-populated\">\n\t\t\t\t\t\t<div class=\"elementor-element elementor-element-8dfa57b elementor-widget elementor-widget-image\" data-id=\"8dfa57b\" data-element_type=\"widget\" data-e-type=\"widget\" data-widget_type=\"image.default\">\n\t\t\t\t<div class=\"elementor-widget-container\">\n\t\t\t\t\t\t\t\t\t\t\t\t\t\t\t<img decoding=\"async\" width=\"800\" height=\"600\" src=\"https:\/\/gallery-puzic.com\/wp-content\/uploads\/2024\/10\/Gallery-back_Himmel-1024x768.jpg\" class=\"attachment-large size-large wp-image-5201\" alt=\"\" srcset=\"https:\/\/gallery-puzic.com\/wp-content\/uploads\/2024\/10\/Gallery-back_Himmel-1024x768.jpg 1024w, https:\/\/gallery-puzic.com\/wp-content\/uploads\/2024\/10\/Gallery-back_Himmel-300x225.jpg 300w, https:\/\/gallery-puzic.com\/wp-content\/uploads\/2024\/10\/Gallery-back_Himmel-768x576.jpg 768w, https:\/\/gallery-puzic.com\/wp-content\/uploads\/2024\/10\/Gallery-back_Himmel-1536x1152.jpg 1536w, https:\/\/gallery-puzic.com\/wp-content\/uploads\/2024\/10\/Gallery-back_Himmel-2048x1536.jpg 2048w, https:\/\/gallery-puzic.com\/wp-content\/uploads\/2024\/10\/Gallery-back_Himmel-16x12.jpg 16w\" sizes=\"(max-width: 800px) 100vw, 800px\" \/>\t\t\t\t\t\t\t\t\t\t\t\t\t\t\t<\/div>\n\t\t\t\t<\/div>\n\t\t\t\t\t<\/div>\n\t\t<\/div>\n\t\t\t\t<div class=\"elementor-column elementor-col-33 elementor-top-column elementor-element elementor-element-edeb0b4\" data-id=\"edeb0b4\" data-element_type=\"column\" data-e-type=\"column\">\n\t\t\t<div class=\"elementor-widget-wrap elementor-element-populated\">\n\t\t\t\t\t\t<div class=\"elementor-element elementor-element-07105af elementor-widget elementor-widget-image\" data-id=\"07105af\" data-element_type=\"widget\" data-e-type=\"widget\" data-widget_type=\"image.default\">\n\t\t\t\t<div class=\"elementor-widget-container\">\n\t\t\t\t\t\t\t\t\t\t\t\t\t\t\t<img decoding=\"async\" width=\"800\" height=\"585\" src=\"https:\/\/gallery-puzic.com\/wp-content\/uploads\/2024\/10\/Sauer-works-in-front-gallery-1024x749.jpg\" class=\"attachment-large size-large wp-image-5234\" alt=\"\" srcset=\"https:\/\/gallery-puzic.com\/wp-content\/uploads\/2024\/10\/Sauer-works-in-front-gallery-1024x749.jpg 1024w, https:\/\/gallery-puzic.com\/wp-content\/uploads\/2024\/10\/Sauer-works-in-front-gallery-300x219.jpg 300w, https:\/\/gallery-puzic.com\/wp-content\/uploads\/2024\/10\/Sauer-works-in-front-gallery-768x562.jpg 768w, https:\/\/gallery-puzic.com\/wp-content\/uploads\/2024\/10\/Sauer-works-in-front-gallery-1536x1123.jpg 1536w, https:\/\/gallery-puzic.com\/wp-content\/uploads\/2024\/10\/Sauer-works-in-front-gallery-2048x1498.jpg 2048w, https:\/\/gallery-puzic.com\/wp-content\/uploads\/2024\/10\/Sauer-works-in-front-gallery-16x12.jpg 16w\" sizes=\"(max-width: 800px) 100vw, 800px\" \/>\t\t\t\t\t\t\t\t\t\t\t\t\t\t\t<\/div>\n\t\t\t\t<\/div>\n\t\t\t\t\t<\/div>\n\t\t<\/div>\n\t\t\t\t\t<\/div>\n\t\t<\/section>\n\t\t\t\t<section class=\"elementor-section elementor-top-section elementor-element elementor-element-cbca090 elementor-section-boxed elementor-section-height-default elementor-section-height-default\" data-id=\"cbca090\" data-element_type=\"section\" data-e-type=\"section\">\n\t\t\t\t\t\t<div class=\"elementor-container elementor-column-gap-default\">\n\t\t\t\t\t<div class=\"elementor-column elementor-col-100 elementor-top-column elementor-element elementor-element-d8c6e4a\" data-id=\"d8c6e4a\" data-element_type=\"column\" data-e-type=\"column\">\n\t\t\t<div class=\"elementor-widget-wrap elementor-element-populated\">\n\t\t\t\t\t\t<div class=\"elementor-element elementor-element-fcba920 elementor-widget elementor-widget-text-editor\" data-id=\"fcba920\" data-element_type=\"widget\" data-e-type=\"widget\" data-widget_type=\"text-editor.default\">\n\t\t\t\t<div class=\"elementor-widget-container\">\n\t\t\t\t\t\t\t\t\t<h2><em><strong>KIPPENDE KUNST<\/strong><\/em><\/h2><p><em>\u00a0 \u00a0 \u00a0 \u00a0 \u00a0 \u00a0 \u00a0 \u00a0 \u00a0 \u00a0 \u00a0 \u00a0 \u00a0 \u00a0 \u00a0\u00a0<\/em><\/p><h3><em>Anna-Lena Sauer\u00a0 \u00a0 \u00a0 \u00a0O.W. Himmel\u00a0 \u00a0 \u00a0 Gudrun Emmert<\/em><\/h3><p><em>\u00a0 \u00a0 \u00a0 \u00a0 \u00a0 \u00a0 \u00a0 \u00a0 \u00a0 \u00a0 \u00a0 \u00a0 \u00a0\u00a0<\/em><\/p><p>Vernissage \u2013 Dienstag 22. Oktober, 18:00 \u2013 21:00 Uhr<br \/>Johannisstrasse 3A, 66111 Saarbr\u00fccken \u00a0\/\/\u00a0\u00a0 Dauer der Ausstellung: 22. 10. \u2013 24. 11. 2024<\/p><p>Kurator: Esad Puzic\u0301\u00a0\u00a0 \/\/ Einf\u00fchrung: Dr Roland Augustin &amp;\u00a0 Dr Johannes Birringer<\/p><p>Abkippende poetische Konstruktionen \u2013 \u00e4hnlich den Atemschaukeln, Scheibenwichern und krimgotischen F\u00e4chern in den seltsamen, verst\u00f6renden Zeichnungen Oskar Pastiors \u2013sind diesmal in unserer neuen Ausstellung ein vielsprachiges Programm: eine \u201eKomplektur\u201c zusammengef\u00fcgt aus der Kunst der Graphik und des Linoldrucks, ausgebreitet anhand von den ironischen Popart Beispielen (z.b. Bananenkisten- und Schallplatten-Labels) aus der Wunderkammer des K\u00fcnstlers <strong>O.W. Himmel<\/strong>, der im Saarland weithin bekannt ist. Seine Formsprache wird von den humorvollen, hintergr\u00fcndigen und \u00fcberraschenden Textil-Objekten, Skulpturen und oszillierenden Materialkonstruktionen der jetzt in Landau beheimateten, fr\u00fcheren Kalifornierin <strong>Anna-Lena Sauer<\/strong> begleitet. Die in P\u00fcttlingen arbeitende <strong>Gudrun Emmert<\/strong> ist die Dritte im Bunde und stellt eine Reihe ihrer geheimnisvoll-diffusen, anziehenden abstrakten Malereien, Zeichnungen und \u201ckippenden\u201d Morphologien vor, deren Phantasie im geheimnisvollen Ungegenst\u00e4ndlichen wenige Grenzen gesetzt sind.<\/p><p>Die Gallery Puzi\u0107 freut sich auf Ihren Besuch.<\/p><p><em>Impressionen von der Er\u00f6ffnung<\/em><\/p><pre><img loading=\"lazy\" decoding=\"async\" class=\"alignnone wp-image-5203 size-medium\" src=\"https:\/\/gallery-puzic.com\/wp-content\/uploads\/2024\/10\/Gallery-corridor_Sauer-und-Emmert-300x225.jpg\" alt=\"\" width=\"300\" height=\"225\" srcset=\"https:\/\/gallery-puzic.com\/wp-content\/uploads\/2024\/10\/Gallery-corridor_Sauer-und-Emmert-300x225.jpg 300w, https:\/\/gallery-puzic.com\/wp-content\/uploads\/2024\/10\/Gallery-corridor_Sauer-und-Emmert-1024x768.jpg 1024w, https:\/\/gallery-puzic.com\/wp-content\/uploads\/2024\/10\/Gallery-corridor_Sauer-und-Emmert-768x576.jpg 768w, https:\/\/gallery-puzic.com\/wp-content\/uploads\/2024\/10\/Gallery-corridor_Sauer-und-Emmert-1536x1152.jpg 1536w, https:\/\/gallery-puzic.com\/wp-content\/uploads\/2024\/10\/Gallery-corridor_Sauer-und-Emmert-2048x1536.jpg 2048w, https:\/\/gallery-puzic.com\/wp-content\/uploads\/2024\/10\/Gallery-corridor_Sauer-und-Emmert-16x12.jpg 16w\" sizes=\"(max-width: 300px) 100vw, 300px\" \/>  <img loading=\"lazy\" decoding=\"async\" class=\"alignnone wp-image-5204 size-medium\" src=\"https:\/\/gallery-puzic.com\/wp-content\/uploads\/2024\/10\/Gallery-front_Sauer-300x225.jpg\" alt=\"\" width=\"300\" height=\"225\" srcset=\"https:\/\/gallery-puzic.com\/wp-content\/uploads\/2024\/10\/Gallery-front_Sauer-300x225.jpg 300w, https:\/\/gallery-puzic.com\/wp-content\/uploads\/2024\/10\/Gallery-front_Sauer-1024x768.jpg 1024w, https:\/\/gallery-puzic.com\/wp-content\/uploads\/2024\/10\/Gallery-front_Sauer-768x576.jpg 768w, https:\/\/gallery-puzic.com\/wp-content\/uploads\/2024\/10\/Gallery-front_Sauer-1536x1152.jpg 1536w, https:\/\/gallery-puzic.com\/wp-content\/uploads\/2024\/10\/Gallery-front_Sauer-2048x1536.jpg 2048w, https:\/\/gallery-puzic.com\/wp-content\/uploads\/2024\/10\/Gallery-front_Sauer-16x12.jpg 16w\" sizes=\"(max-width: 300px) 100vw, 300px\" \/>  <img loading=\"lazy\" decoding=\"async\" class=\"alignnone wp-image-5206 size-medium\" src=\"https:\/\/gallery-puzic.com\/wp-content\/uploads\/2024\/10\/Birringer-gallery-talk1-300x225.jpg\" alt=\"\" width=\"300\" height=\"225\" srcset=\"https:\/\/gallery-puzic.com\/wp-content\/uploads\/2024\/10\/Birringer-gallery-talk1-300x225.jpg 300w, https:\/\/gallery-puzic.com\/wp-content\/uploads\/2024\/10\/Birringer-gallery-talk1-1024x768.jpg 1024w, https:\/\/gallery-puzic.com\/wp-content\/uploads\/2024\/10\/Birringer-gallery-talk1-768x576.jpg 768w, https:\/\/gallery-puzic.com\/wp-content\/uploads\/2024\/10\/Birringer-gallery-talk1-1536x1152.jpg 1536w, https:\/\/gallery-puzic.com\/wp-content\/uploads\/2024\/10\/Birringer-gallery-talk1-16x12.jpg 16w, https:\/\/gallery-puzic.com\/wp-content\/uploads\/2024\/10\/Birringer-gallery-talk1.jpg 2048w\" sizes=\"(max-width: 300px) 100vw, 300px\" \/><\/pre><p><img loading=\"lazy\" decoding=\"async\" class=\"alignnone wp-image-5211 size-medium\" src=\"https:\/\/gallery-puzic.com\/wp-content\/uploads\/2024\/10\/Puzic-welcome-address-262x300.jpg\" alt=\"\" width=\"262\" height=\"300\" srcset=\"https:\/\/gallery-puzic.com\/wp-content\/uploads\/2024\/10\/Puzic-welcome-address-262x300.jpg 262w, https:\/\/gallery-puzic.com\/wp-content\/uploads\/2024\/10\/Puzic-welcome-address-893x1024.jpg 893w, https:\/\/gallery-puzic.com\/wp-content\/uploads\/2024\/10\/Puzic-welcome-address-768x881.jpg 768w, https:\/\/gallery-puzic.com\/wp-content\/uploads\/2024\/10\/Puzic-welcome-address-1340x1536.jpg 1340w, https:\/\/gallery-puzic.com\/wp-content\/uploads\/2024\/10\/Puzic-welcome-address-10x12.jpg 10w, https:\/\/gallery-puzic.com\/wp-content\/uploads\/2024\/10\/Puzic-welcome-address.jpg 1786w\" sizes=\"(max-width: 262px) 100vw, 262px\" \/> <img loading=\"lazy\" decoding=\"async\" class=\"alignnone wp-image-5205 size-medium\" src=\"https:\/\/gallery-puzic.com\/wp-content\/uploads\/2024\/10\/Augustin-Einfuehrung2-282x300.jpg\" alt=\"\" width=\"282\" height=\"300\" srcset=\"https:\/\/gallery-puzic.com\/wp-content\/uploads\/2024\/10\/Augustin-Einfuehrung2-282x300.jpg 282w, https:\/\/gallery-puzic.com\/wp-content\/uploads\/2024\/10\/Augustin-Einfuehrung2-962x1024.jpg 962w, https:\/\/gallery-puzic.com\/wp-content\/uploads\/2024\/10\/Augustin-Einfuehrung2-768x817.jpg 768w, https:\/\/gallery-puzic.com\/wp-content\/uploads\/2024\/10\/Augustin-Einfuehrung2-1443x1536.jpg 1443w, https:\/\/gallery-puzic.com\/wp-content\/uploads\/2024\/10\/Augustin-Einfuehrung2-11x12.jpg 11w, https:\/\/gallery-puzic.com\/wp-content\/uploads\/2024\/10\/Augustin-Einfuehrung2.jpg 1924w\" sizes=\"(max-width: 282px) 100vw, 282px\" \/> <img loading=\"lazy\" decoding=\"async\" class=\"alignnone wp-image-5212 size-medium\" src=\"https:\/\/gallery-puzic.com\/wp-content\/uploads\/2024\/10\/Gruppenbild-mit-G-Emmert-225x300.jpg\" alt=\"\" width=\"225\" height=\"300\" srcset=\"https:\/\/gallery-puzic.com\/wp-content\/uploads\/2024\/10\/Gruppenbild-mit-G-Emmert-225x300.jpg 225w, https:\/\/gallery-puzic.com\/wp-content\/uploads\/2024\/10\/Gruppenbild-mit-G-Emmert-768x1024.jpg 768w, https:\/\/gallery-puzic.com\/wp-content\/uploads\/2024\/10\/Gruppenbild-mit-G-Emmert-1152x1536.jpg 1152w, https:\/\/gallery-puzic.com\/wp-content\/uploads\/2024\/10\/Gruppenbild-mit-G-Emmert-9x12.jpg 9w, https:\/\/gallery-puzic.com\/wp-content\/uploads\/2024\/10\/Gruppenbild-mit-G-Emmert.jpg 1536w\" sizes=\"(max-width: 225px) 100vw, 225px\" \/><\/p><p><img loading=\"lazy\" decoding=\"async\" class=\"alignnone wp-image-5247\" src=\"https:\/\/gallery-puzic.com\/wp-content\/uploads\/2024\/10\/Gallery-back_Himmel-2-300x225.jpg\" alt=\"\" width=\"213\" height=\"160\" srcset=\"https:\/\/gallery-puzic.com\/wp-content\/uploads\/2024\/10\/Gallery-back_Himmel-2-300x225.jpg 300w, https:\/\/gallery-puzic.com\/wp-content\/uploads\/2024\/10\/Gallery-back_Himmel-2-1024x768.jpg 1024w, https:\/\/gallery-puzic.com\/wp-content\/uploads\/2024\/10\/Gallery-back_Himmel-2-768x576.jpg 768w, https:\/\/gallery-puzic.com\/wp-content\/uploads\/2024\/10\/Gallery-back_Himmel-2-1536x1152.jpg 1536w, https:\/\/gallery-puzic.com\/wp-content\/uploads\/2024\/10\/Gallery-back_Himmel-2-2048x1536.jpg 2048w, https:\/\/gallery-puzic.com\/wp-content\/uploads\/2024\/10\/Gallery-back_Himmel-2-16x12.jpg 16w\" sizes=\"(max-width: 213px) 100vw, 213px\" \/>\u00a0 \u00a0 \u00a0 \u00a0 \u00a0 <img loading=\"lazy\" decoding=\"async\" class=\"alignnone wp-image-5256 \" src=\"https:\/\/gallery-puzic.com\/wp-content\/uploads\/2024\/10\/Emmert-close-ups-300x175.png\" alt=\"\" width=\"260\" height=\"152\" srcset=\"https:\/\/gallery-puzic.com\/wp-content\/uploads\/2024\/10\/Emmert-close-ups-300x175.png 300w, https:\/\/gallery-puzic.com\/wp-content\/uploads\/2024\/10\/Emmert-close-ups-1024x598.png 1024w, https:\/\/gallery-puzic.com\/wp-content\/uploads\/2024\/10\/Emmert-close-ups-768x449.png 768w, https:\/\/gallery-puzic.com\/wp-content\/uploads\/2024\/10\/Emmert-close-ups-18x12.png 18w, https:\/\/gallery-puzic.com\/wp-content\/uploads\/2024\/10\/Emmert-close-ups.png 1291w\" sizes=\"(max-width: 260px) 100vw, 260px\" \/><\/p><p>[photos <span class=\"s1\">\u00a9 <\/span>Mirsad Puzi\u0107 &amp; Johannes Birringer]<\/p><p>+\u00a0 \u00a0+\u00a0 \u00a0+<\/p>\t\t\t\t\t\t\t\t<\/div>\n\t\t\t\t<\/div>\n\t\t\t\t\t<\/div>\n\t\t<\/div>\n\t\t\t\t\t<\/div>\n\t\t<\/section>\n\t\t\t\t<\/div>\n\t\t","protected":false},"excerpt":{"rendered":"<p>KIPPENDE KUNST \u00a0 \u00a0 \u00a0 \u00a0 \u00a0 \u00a0 \u00a0 \u00a0 \u00a0 \u00a0 \u00a0 \u00a0 \u00a0 \u00a0 \u00a0\u00a0 Anna-Lena Sauer\u00a0 \u00a0 \u00a0 \u00a0O.W. Himmel\u00a0 \u00a0 \u00a0 Gudrun Emmert \u00a0 \u00a0 \u00a0 \u00a0 \u00a0 \u00a0 \u00a0 \u00a0 \u00a0 \u00a0 \u00a0 \u00a0 \u00a0\u00a0 Vernissage \u2013 Dienstag 22. Oktober, 18:00 \u2013 21:00 UhrJohannisstrasse 3A, 66111 Saarbr\u00fccken \u00a0\/\/\u00a0\u00a0 Dauer der [&hellip;]<\/p>\n","protected":false},"author":2,"featured_media":0,"parent":0,"menu_order":0,"comment_status":"closed","ping_status":"closed","template":"","meta":{"footnotes":""},"class_list":["post-5220","page","type-page","status-publish","hentry"],"_links":{"self":[{"href":"https:\/\/gallery-puzic.com\/en\/wp-json\/wp\/v2\/pages\/5220","targetHints":{"allow":["GET"]}}],"collection":[{"href":"https:\/\/gallery-puzic.com\/en\/wp-json\/wp\/v2\/pages"}],"about":[{"href":"https:\/\/gallery-puzic.com\/en\/wp-json\/wp\/v2\/types\/page"}],"author":[{"embeddable":true,"href":"https:\/\/gallery-puzic.com\/en\/wp-json\/wp\/v2\/users\/2"}],"replies":[{"embeddable":true,"href":"https:\/\/gallery-puzic.com\/en\/wp-json\/wp\/v2\/comments?post=5220"}],"version-history":[{"count":25,"href":"https:\/\/gallery-puzic.com\/en\/wp-json\/wp\/v2\/pages\/5220\/revisions"}],"predecessor-version":[{"id":5259,"href":"https:\/\/gallery-puzic.com\/en\/wp-json\/wp\/v2\/pages\/5220\/revisions\/5259"}],"wp:attachment":[{"href":"https:\/\/gallery-puzic.com\/en\/wp-json\/wp\/v2\/media?parent=5220"}],"curies":[{"name":"wp","href":"https:\/\/api.w.org\/{rel}","templated":true}]}}