{"id":4117,"date":"2024-05-23T09:49:38","date_gmt":"2024-05-23T09:49:38","guid":{"rendered":"https:\/\/gallery-puzic.com\/?page_id=4117"},"modified":"2025-03-10T15:51:20","modified_gmt":"2025-03-10T15:51:20","slug":"repy","status":"publish","type":"page","link":"https:\/\/gallery-puzic.com\/en\/repy\/","title":{"rendered":"repy"},"content":{"rendered":"\t\t<div data-elementor-type=\"wp-page\" data-elementor-id=\"4117\" class=\"elementor elementor-4117\">\n\t\t\t\t\t\t<section class=\"elementor-section elementor-top-section elementor-element elementor-element-2353ab4 elementor-section-boxed elementor-section-height-default elementor-section-height-default\" data-id=\"2353ab4\" data-element_type=\"section\" data-e-type=\"section\">\n\t\t\t\t\t\t<div class=\"elementor-container elementor-column-gap-default\">\n\t\t\t\t\t<div class=\"elementor-column elementor-col-100 elementor-top-column elementor-element elementor-element-2154e1f\" data-id=\"2154e1f\" data-element_type=\"column\" data-e-type=\"column\">\n\t\t\t<div class=\"elementor-widget-wrap elementor-element-populated\">\n\t\t\t\t\t\t<div class=\"elementor-element elementor-element-82a015d elementor-widget-divider--view-line elementor-widget elementor-widget-divider\" data-id=\"82a015d\" data-element_type=\"widget\" data-e-type=\"widget\" data-widget_type=\"divider.default\">\n\t\t\t\t<div class=\"elementor-widget-container\">\n\t\t\t\t\t\t\t<div class=\"elementor-divider\">\n\t\t\t<span class=\"elementor-divider-separator\">\n\t\t\t\t\t\t<\/span>\n\t\t<\/div>\n\t\t\t\t\t\t<\/div>\n\t\t\t\t<\/div>\n\t\t\t\t\t<\/div>\n\t\t<\/div>\n\t\t\t\t\t<\/div>\n\t\t<\/section>\n\t\t\t\t<section class=\"elementor-section elementor-top-section elementor-element elementor-element-1b1483b elementor-section-boxed elementor-section-height-default elementor-section-height-default\" data-id=\"1b1483b\" data-element_type=\"section\" data-e-type=\"section\">\n\t\t\t\t\t\t<div class=\"elementor-container elementor-column-gap-default\">\n\t\t\t\t\t<div class=\"elementor-column elementor-col-100 elementor-top-column elementor-element elementor-element-8d71e0a\" data-id=\"8d71e0a\" data-element_type=\"column\" data-e-type=\"column\">\n\t\t\t<div class=\"elementor-widget-wrap elementor-element-populated\">\n\t\t\t\t\t\t<div class=\"elementor-element elementor-element-d76c90e elementor-widget elementor-widget-heading\" data-id=\"d76c90e\" data-element_type=\"widget\" data-e-type=\"widget\" data-widget_type=\"heading.default\">\n\t\t\t\t<div class=\"elementor-widget-container\">\n\t\t\t\t\t<h2 class=\"elementor-heading-title elementor-size-default\">Repy (Zdravko Repija)<\/h2>\t\t\t\t<\/div>\n\t\t\t\t<\/div>\n\t\t\t\t\t<\/div>\n\t\t<\/div>\n\t\t\t\t\t<\/div>\n\t\t<\/section>\n\t\t\t\t<section class=\"elementor-section elementor-top-section elementor-element elementor-element-96a193f elementor-section-boxed elementor-section-height-default elementor-section-height-default\" data-id=\"96a193f\" data-element_type=\"section\" data-e-type=\"section\">\n\t\t\t\t\t\t<div class=\"elementor-container elementor-column-gap-default\">\n\t\t\t\t\t<div class=\"elementor-column elementor-col-25 elementor-top-column elementor-element elementor-element-78c29c6\" data-id=\"78c29c6\" data-element_type=\"column\" data-e-type=\"column\">\n\t\t\t<div class=\"elementor-widget-wrap\">\n\t\t\t\t\t\t\t<\/div>\n\t\t<\/div>\n\t\t\t\t<div class=\"elementor-column elementor-col-25 elementor-top-column elementor-element elementor-element-b31a5fa\" data-id=\"b31a5fa\" data-element_type=\"column\" data-e-type=\"column\">\n\t\t\t<div class=\"elementor-widget-wrap\">\n\t\t\t\t\t\t\t<\/div>\n\t\t<\/div>\n\t\t\t\t<div class=\"elementor-column elementor-col-25 elementor-top-column elementor-element elementor-element-83f1c57\" data-id=\"83f1c57\" data-element_type=\"column\" data-e-type=\"column\">\n\t\t\t<div class=\"elementor-widget-wrap elementor-element-populated\">\n\t\t\t\t\t\t<div class=\"elementor-element elementor-element-b223303 elementor-widget elementor-widget-text-editor\" data-id=\"b223303\" data-element_type=\"widget\" data-e-type=\"widget\" data-widget_type=\"text-editor.default\">\n\t\t\t\t<div class=\"elementor-widget-container\">\n\t\t\t\t\t\t\t\t\t<p>artworks<\/p>\t\t\t\t\t\t\t\t<\/div>\n\t\t\t\t<\/div>\n\t\t\t\t\t<\/div>\n\t\t<\/div>\n\t\t\t\t<div class=\"elementor-column elementor-col-25 elementor-top-column elementor-element elementor-element-dc141ce\" data-id=\"dc141ce\" data-element_type=\"column\" data-e-type=\"column\">\n\t\t\t<div class=\"elementor-widget-wrap elementor-element-populated\">\n\t\t\t\t\t\t<div class=\"elementor-element elementor-element-bc725ca elementor-widget elementor-widget-text-editor\" data-id=\"bc725ca\" data-element_type=\"widget\" data-e-type=\"widget\" data-widget_type=\"text-editor.default\">\n\t\t\t\t<div class=\"elementor-widget-container\">\n\t\t\t\t\t\t\t\t\t<p>biography<\/p>\t\t\t\t\t\t\t\t<\/div>\n\t\t\t\t<\/div>\n\t\t\t\t\t<\/div>\n\t\t<\/div>\n\t\t\t\t\t<\/div>\n\t\t<\/section>\n\t\t\t\t<section class=\"elementor-section elementor-top-section elementor-element elementor-element-5f69353 elementor-section-boxed elementor-section-height-default elementor-section-height-default\" data-id=\"5f69353\" data-element_type=\"section\" data-e-type=\"section\">\n\t\t\t\t\t\t<div class=\"elementor-container elementor-column-gap-default\">\n\t\t\t\t\t<div class=\"elementor-column elementor-col-25 elementor-top-column elementor-element elementor-element-0a1de2d\" data-id=\"0a1de2d\" data-element_type=\"column\" data-e-type=\"column\">\n\t\t\t<div class=\"elementor-widget-wrap elementor-element-populated\">\n\t\t\t\t\t\t<div class=\"elementor-element elementor-element-bdd0f00 elementor-widget elementor-widget-image\" data-id=\"bdd0f00\" data-element_type=\"widget\" data-e-type=\"widget\" data-widget_type=\"image.default\">\n\t\t\t\t<div class=\"elementor-widget-container\">\n\t\t\t\t\t\t\t\t\t\t\t\t<figure class=\"wp-caption\">\n\t\t\t\t\t\t\t\t\t\t<img fetchpriority=\"high\" decoding=\"async\" width=\"678\" height=\"1024\" src=\"https:\/\/gallery-puzic.com\/wp-content\/uploads\/2024\/05\/Repy-white-spoons-678x1024.jpg\" class=\"attachment-large size-large wp-image-4289\" alt=\"\" srcset=\"https:\/\/gallery-puzic.com\/wp-content\/uploads\/2024\/05\/Repy-white-spoons-678x1024.jpg 678w, https:\/\/gallery-puzic.com\/wp-content\/uploads\/2024\/05\/Repy-white-spoons-199x300.jpg 199w, https:\/\/gallery-puzic.com\/wp-content\/uploads\/2024\/05\/Repy-white-spoons-768x1160.jpg 768w, https:\/\/gallery-puzic.com\/wp-content\/uploads\/2024\/05\/Repy-white-spoons-1017x1536.jpg 1017w, https:\/\/gallery-puzic.com\/wp-content\/uploads\/2024\/05\/Repy-white-spoons-1355x2048.jpg 1355w, https:\/\/gallery-puzic.com\/wp-content\/uploads\/2024\/05\/Repy-white-spoons-8x12.jpg 8w, https:\/\/gallery-puzic.com\/wp-content\/uploads\/2024\/05\/Repy-white-spoons-scaled.jpg 1694w\" sizes=\"(max-width: 678px) 100vw, 678px\" \/>\t\t\t\t\t\t\t\t\t\t\t<figcaption class=\"widget-image-caption wp-caption-text\">\"White Spoons\" 50x60cm<\/figcaption>\n\t\t\t\t\t\t\t\t\t\t<\/figure>\n\t\t\t\t\t\t\t\t\t<\/div>\n\t\t\t\t<\/div>\n\t\t\t\t\t<\/div>\n\t\t<\/div>\n\t\t\t\t<div class=\"elementor-column elementor-col-25 elementor-top-column elementor-element elementor-element-bd2d7c4\" data-id=\"bd2d7c4\" data-element_type=\"column\" data-e-type=\"column\">\n\t\t\t<div class=\"elementor-widget-wrap elementor-element-populated\">\n\t\t\t\t\t\t<div class=\"elementor-element elementor-element-0239296 elementor-widget elementor-widget-image\" data-id=\"0239296\" data-element_type=\"widget\" data-e-type=\"widget\" data-widget_type=\"image.default\">\n\t\t\t\t<div class=\"elementor-widget-container\">\n\t\t\t\t\t\t\t\t\t\t\t\t<figure class=\"wp-caption\">\n\t\t\t\t\t\t\t\t\t\t<img decoding=\"async\" width=\"800\" height=\"1024\" src=\"https:\/\/gallery-puzic.com\/wp-content\/uploads\/2024\/05\/Repy_neues-Bild-2024_6-800x1024.jpg\" class=\"attachment-large size-large wp-image-4292\" alt=\"\" srcset=\"https:\/\/gallery-puzic.com\/wp-content\/uploads\/2024\/05\/Repy_neues-Bild-2024_6-800x1024.jpg 800w, https:\/\/gallery-puzic.com\/wp-content\/uploads\/2024\/05\/Repy_neues-Bild-2024_6-234x300.jpg 234w, https:\/\/gallery-puzic.com\/wp-content\/uploads\/2024\/05\/Repy_neues-Bild-2024_6-768x984.jpg 768w, https:\/\/gallery-puzic.com\/wp-content\/uploads\/2024\/05\/Repy_neues-Bild-2024_6-1199x1536.jpg 1199w, https:\/\/gallery-puzic.com\/wp-content\/uploads\/2024\/05\/Repy_neues-Bild-2024_6-1599x2048.jpg 1599w, https:\/\/gallery-puzic.com\/wp-content\/uploads\/2024\/05\/Repy_neues-Bild-2024_6-9x12.jpg 9w, https:\/\/gallery-puzic.com\/wp-content\/uploads\/2024\/05\/Repy_neues-Bild-2024_6-scaled.jpg 1999w\" sizes=\"(max-width: 800px) 100vw, 800px\" \/>\t\t\t\t\t\t\t\t\t\t\t<figcaption class=\"widget-image-caption wp-caption-text\">\"DIE Linien ohne Titel\" 39x50cm<\/figcaption>\n\t\t\t\t\t\t\t\t\t\t<\/figure>\n\t\t\t\t\t\t\t\t\t<\/div>\n\t\t\t\t<\/div>\n\t\t\t\t\t<\/div>\n\t\t<\/div>\n\t\t\t\t<div class=\"elementor-column elementor-col-25 elementor-top-column elementor-element elementor-element-c367033\" data-id=\"c367033\" data-element_type=\"column\" data-e-type=\"column\">\n\t\t\t<div class=\"elementor-widget-wrap elementor-element-populated\">\n\t\t\t\t\t\t<div class=\"elementor-element elementor-element-8da3406 elementor-widget elementor-widget-image\" data-id=\"8da3406\" data-element_type=\"widget\" data-e-type=\"widget\" data-widget_type=\"image.default\">\n\t\t\t\t<div class=\"elementor-widget-container\">\n\t\t\t\t\t\t\t\t\t\t\t\t<figure class=\"wp-caption\">\n\t\t\t\t\t\t\t\t\t\t<img decoding=\"async\" width=\"800\" height=\"1024\" src=\"https:\/\/gallery-puzic.com\/wp-content\/uploads\/2024\/05\/Repy_portrait-2024-800x1024.jpg\" class=\"attachment-large size-large wp-image-4293\" alt=\"\" srcset=\"https:\/\/gallery-puzic.com\/wp-content\/uploads\/2024\/05\/Repy_portrait-2024-800x1024.jpg 800w, https:\/\/gallery-puzic.com\/wp-content\/uploads\/2024\/05\/Repy_portrait-2024-234x300.jpg 234w, https:\/\/gallery-puzic.com\/wp-content\/uploads\/2024\/05\/Repy_portrait-2024-768x983.jpg 768w, https:\/\/gallery-puzic.com\/wp-content\/uploads\/2024\/05\/Repy_portrait-2024-1200x1536.jpg 1200w, https:\/\/gallery-puzic.com\/wp-content\/uploads\/2024\/05\/Repy_portrait-2024-1599x2048.jpg 1599w, https:\/\/gallery-puzic.com\/wp-content\/uploads\/2024\/05\/Repy_portrait-2024-9x12.jpg 9w, https:\/\/gallery-puzic.com\/wp-content\/uploads\/2024\/05\/Repy_portrait-2024-scaled.jpg 1999w\" sizes=\"(max-width: 800px) 100vw, 800px\" \/>\t\t\t\t\t\t\t\t\t\t\t<figcaption class=\"widget-image-caption wp-caption-text\">\"DIE Linien ohne Titel\" 39x50cm<\/figcaption>\n\t\t\t\t\t\t\t\t\t\t<\/figure>\n\t\t\t\t\t\t\t\t\t<\/div>\n\t\t\t\t<\/div>\n\t\t\t\t\t<\/div>\n\t\t<\/div>\n\t\t\t\t<div class=\"elementor-column elementor-col-25 elementor-top-column elementor-element elementor-element-4eabfc3\" data-id=\"4eabfc3\" data-element_type=\"column\" data-e-type=\"column\">\n\t\t\t<div class=\"elementor-widget-wrap elementor-element-populated\">\n\t\t\t\t\t\t<div class=\"elementor-element elementor-element-95aeb7b elementor-widget elementor-widget-image\" data-id=\"95aeb7b\" data-element_type=\"widget\" data-e-type=\"widget\" data-widget_type=\"image.default\">\n\t\t\t\t<div class=\"elementor-widget-container\">\n\t\t\t\t\t\t\t\t\t\t\t\t<figure class=\"wp-caption\">\n\t\t\t\t\t\t\t\t\t\t<img loading=\"lazy\" decoding=\"async\" width=\"719\" height=\"1024\" src=\"https:\/\/gallery-puzic.com\/wp-content\/uploads\/2024\/05\/Repy-spoons-painting-719x1024.jpg\" class=\"attachment-large size-large wp-image-4290\" alt=\"\" srcset=\"https:\/\/gallery-puzic.com\/wp-content\/uploads\/2024\/05\/Repy-spoons-painting-719x1024.jpg 719w, https:\/\/gallery-puzic.com\/wp-content\/uploads\/2024\/05\/Repy-spoons-painting-211x300.jpg 211w, https:\/\/gallery-puzic.com\/wp-content\/uploads\/2024\/05\/Repy-spoons-painting-768x1093.jpg 768w, https:\/\/gallery-puzic.com\/wp-content\/uploads\/2024\/05\/Repy-spoons-painting-1079x1536.jpg 1079w, https:\/\/gallery-puzic.com\/wp-content\/uploads\/2024\/05\/Repy-spoons-painting-8x12.jpg 8w, https:\/\/gallery-puzic.com\/wp-content\/uploads\/2024\/05\/Repy-spoons-painting.jpg 1239w\" sizes=\"(max-width: 719px) 100vw, 719px\" \/>\t\t\t\t\t\t\t\t\t\t\t<figcaption class=\"widget-image-caption wp-caption-text\">\"Dark Spoons\" 50x60cm <\/figcaption>\n\t\t\t\t\t\t\t\t\t\t<\/figure>\n\t\t\t\t\t\t\t\t\t<\/div>\n\t\t\t\t<\/div>\n\t\t\t\t\t<\/div>\n\t\t<\/div>\n\t\t\t\t\t<\/div>\n\t\t<\/section>\n\t\t\t\t<section class=\"elementor-section elementor-top-section elementor-element elementor-element-fc9f4c2 elementor-section-boxed elementor-section-height-default elementor-section-height-default\" data-id=\"fc9f4c2\" data-element_type=\"section\" data-e-type=\"section\">\n\t\t\t\t\t\t<div class=\"elementor-container elementor-column-gap-default\">\n\t\t\t\t\t<div class=\"elementor-column elementor-col-100 elementor-top-column elementor-element elementor-element-68f29b2\" data-id=\"68f29b2\" data-element_type=\"column\" data-e-type=\"column\">\n\t\t\t<div class=\"elementor-widget-wrap elementor-element-populated\">\n\t\t\t\t\t\t<div class=\"elementor-element elementor-element-eeb694e elementor-widget elementor-widget-spacer\" data-id=\"eeb694e\" data-element_type=\"widget\" data-e-type=\"widget\" data-widget_type=\"spacer.default\">\n\t\t\t\t<div class=\"elementor-widget-container\">\n\t\t\t\t\t\t\t<div class=\"elementor-spacer\">\n\t\t\t<div class=\"elementor-spacer-inner\"><\/div>\n\t\t<\/div>\n\t\t\t\t\t\t<\/div>\n\t\t\t\t<\/div>\n\t\t\t\t\t<\/div>\n\t\t<\/div>\n\t\t\t\t\t<\/div>\n\t\t<\/section>\n\t\t\t\t<section class=\"elementor-section elementor-top-section elementor-element elementor-element-15fb9be elementor-section-boxed elementor-section-height-default elementor-section-height-default\" data-id=\"15fb9be\" data-element_type=\"section\" data-e-type=\"section\">\n\t\t\t\t\t\t<div class=\"elementor-container elementor-column-gap-default\">\n\t\t\t\t\t<div class=\"elementor-column elementor-col-33 elementor-top-column elementor-element elementor-element-c4e3114\" data-id=\"c4e3114\" data-element_type=\"column\" data-e-type=\"column\">\n\t\t\t<div class=\"elementor-widget-wrap elementor-element-populated\">\n\t\t\t\t\t\t<div class=\"elementor-element elementor-element-f0a6e54 elementor-widget elementor-widget-image\" data-id=\"f0a6e54\" data-element_type=\"widget\" data-e-type=\"widget\" data-widget_type=\"image.default\">\n\t\t\t\t<div class=\"elementor-widget-container\">\n\t\t\t\t\t\t\t\t\t\t\t\t\t\t\t<img loading=\"lazy\" decoding=\"async\" width=\"582\" height=\"681\" src=\"https:\/\/gallery-puzic.com\/wp-content\/uploads\/2024\/05\/Repy-in-Slovenia.jpg\" class=\"attachment-large size-large wp-image-4288\" alt=\"\" srcset=\"https:\/\/gallery-puzic.com\/wp-content\/uploads\/2024\/05\/Repy-in-Slovenia.jpg 582w, https:\/\/gallery-puzic.com\/wp-content\/uploads\/2024\/05\/Repy-in-Slovenia-256x300.jpg 256w, https:\/\/gallery-puzic.com\/wp-content\/uploads\/2024\/05\/Repy-in-Slovenia-10x12.jpg 10w\" sizes=\"(max-width: 582px) 100vw, 582px\" \/>\t\t\t\t\t\t\t\t\t\t\t\t\t\t\t<\/div>\n\t\t\t\t<\/div>\n\t\t\t\t\t<\/div>\n\t\t<\/div>\n\t\t\t\t<div class=\"elementor-column elementor-col-66 elementor-top-column elementor-element elementor-element-8d4466f\" data-id=\"8d4466f\" data-element_type=\"column\" data-e-type=\"column\">\n\t\t\t<div class=\"elementor-widget-wrap elementor-element-populated\">\n\t\t\t\t\t\t<div class=\"elementor-element elementor-element-1b336fe elementor-widget elementor-widget-text-editor\" data-id=\"1b336fe\" data-element_type=\"widget\" data-e-type=\"widget\" data-widget_type=\"text-editor.default\">\n\t\t\t\t<div class=\"elementor-widget-container\">\n\t\t\t\t\t\t\t\t\t<p>Repy (Zdravko Repija)&nbsp;&nbsp; \/&nbsp;&nbsp; Biography<\/p>\n<h3>Zdravko Repija REPY (@zdravkorepija)<\/h3>\n<p>One can find images, many artworks and studio impressions of the Bosnian artist at work, but rarely any concrete information about the life and career of this dadaist performer\/maker. Repy seems to be everywhere and nowhere. working in studios in Slovenia and in Berlin, and in the outdoors.&nbsp;<span style=\"color: var( --e-global-color-text ); font-family: var( --e-global-typography-text-font-family ), Sans-serif; font-weight: var( --e-global-typography-text-font-weight ); font-size: 1rem;\">Recently he has been present, frequently and insistently, at Gallery Puzic\u0301 where he has shown his mysterious spoon compositions and the 2024 series of &#8222;DIE Linien ohne Titel&#8220; (THESE lines without title). He has a great sense of humor and is a warm, genuinely humane being with his own philosophy: Repyartrium,,, Leben to go.. Ende&#8230;<\/span><\/p>\n<p><\/p>\n<p>\u201eEnde\u201c: Das ist eines der wesentlichen Worte f\u00fcr Repy. Angefangen hat die Kunst f\u00fcr den Bosnier in Sarajewo. Dort, im Schmelztiegel des ehemaligen Jugoslawien, schulte er sich in der Malerei, studierte an der Akademie. Dort, in der crosskulturellen Stadt, lebte er jahrelang als viel besch\u00e4ftigter Kunstmaler.<\/p>\n<p>Spielerisch entdeckte er die Linie f\u00fcr sich. \u201eSpaghetti\u201c, nennt er seine sehr pers\u00f6nliche Technik. Virtuos presst er mit der Acryl-Pistole die Farblinien auf die Leinwand. Mit diesen Konturen zeichnet er Gesichter oder Klostergiebel. Er w\u00e4hlt gerne kr\u00e4ftige Farben. Und baut in seine Bilder Gegenst\u00e4nde ein, am liebsten L\u00f6ffel oder Gabeln aus Holz. Repy mischt gerne Stile.<\/p>\n<p>Figurativ, gegenst\u00e4ndlich ist er gro\u00df geworden \u2013 mit pointierten Portr\u00e4ts oder groben Stadtansichten. Jahrzehntelang hat er die Spaghetti-Technik als Kern seiner Kunst verfeinert &#8211; und weiterentwickelt zu Reliefen aus sich \u00fcberlagernden, sich durchmischenden, sich kreuzenden farbstarken Konturen, gleich einem frisch angerichteten Spaghettiteller: geradezu dampfende, farbige Abstraktionen.<\/p>\n<p>Repy malt aus Lust, in kindlicher, versunkener Hingabe und Konzentration: \u201eSehr spontan und manchmal hyperaktiv\u201c, wie der 69j\u00e4hrige sagt. Er malt in seiner Berliner Wohnung, die auch sein Atelier ist, im wimmeligen Kreuzberg &#8211; oder im sonnigen Piran an Sloweniens Adriak\u00fcste, wo er im Sommer mit seinen farbwilden Werken eine Galerie betreibt. Direkt daneben, in Portoroz, hat er jahrelang einen Tunnel bespielt mit Kunst auch von anderen.<\/p>\n<p>Noch bevor der Lebemann sich in Piran breit machte, gewann er dort auch seinen ersten Preis. Bei der landesweit beachteten Kunstschau EX-TEMPORE setzte sich Repy 2001 gegen mehr als 100 andere K\u00fcnstler durch. 2012 wurde er im bosnischen Tuzla bei der Miniaturen-Biennale ausgezeichnet. Davor, dazwischen, danach: Sammler und Auftraggeber hat Repy viele, ob aus Europa oder aus \u00dcbersee. Wo immer Repy auch ist: Die Arbeit, das Malen treibt ihn an aus innerer Notwendigkeit. Gro\u00df dar\u00fcber reden will er nicht. \u201eMeine Malerei beschreibt meinen Charakter und mein Leben\u201c, sagt er: \u201eEnde\u201c. [Carsten Kempf]<\/p>\n<p><\/p>\n<p style=\"margin: 0.1pt 0in 0.0001pt; font-size: 12pt; font-family: 'Times New Roman'; color: #000000; vertical-align: bottom;\">\n<\/p><p style=\"margin: 0in 0in 0.0001pt; font-size: 12pt; font-family: 'Times New Roman'; color: #000000;\">\n<\/p><p style=\"margin: 0.1pt 0in 0.0001pt; font-size: 12pt; font-family: 'Times New Roman'; color: #000000; line-height: 9.6pt; vertical-align: bottom;\">\n<\/p><p style=\"margin: 0in 0in 0.0001pt; font-size: 12pt; font-family: 'Times New Roman'; color: #000000;\">\n<\/p>\t\t\t\t\t\t\t\t<\/div>\n\t\t\t\t<\/div>\n\t\t\t\t\t<\/div>\n\t\t<\/div>\n\t\t\t\t\t<\/div>\n\t\t<\/section>\n\t\t\t\t<section class=\"elementor-section elementor-top-section elementor-element elementor-element-98cc88a elementor-section-boxed elementor-section-height-default elementor-section-height-default\" data-id=\"98cc88a\" data-element_type=\"section\" data-e-type=\"section\">\n\t\t\t\t\t\t<div class=\"elementor-container elementor-column-gap-default\">\n\t\t\t\t\t<div class=\"elementor-column elementor-col-100 elementor-top-column elementor-element elementor-element-b27e470\" data-id=\"b27e470\" data-element_type=\"column\" data-e-type=\"column\">\n\t\t\t<div class=\"elementor-widget-wrap elementor-element-populated\">\n\t\t\t\t\t\t<div class=\"elementor-element elementor-element-29faf4b elementor-widget elementor-widget-spacer\" data-id=\"29faf4b\" data-element_type=\"widget\" data-e-type=\"widget\" data-widget_type=\"spacer.default\">\n\t\t\t\t<div class=\"elementor-widget-container\">\n\t\t\t\t\t\t\t<div class=\"elementor-spacer\">\n\t\t\t<div class=\"elementor-spacer-inner\"><\/div>\n\t\t<\/div>\n\t\t\t\t\t\t<\/div>\n\t\t\t\t<\/div>\n\t\t\t\t\t<\/div>\n\t\t<\/div>\n\t\t\t\t\t<\/div>\n\t\t<\/section>\n\t\t\t\t<section class=\"elementor-section elementor-top-section elementor-element elementor-element-365c469 elementor-section-boxed elementor-section-height-default elementor-section-height-default\" data-id=\"365c469\" data-element_type=\"section\" data-e-type=\"section\">\n\t\t\t\t\t\t<div class=\"elementor-container elementor-column-gap-default\">\n\t\t\t\t\t<div class=\"elementor-column elementor-col-100 elementor-top-column elementor-element elementor-element-daf0bad\" data-id=\"daf0bad\" data-element_type=\"column\" data-e-type=\"column\">\n\t\t\t<div class=\"elementor-widget-wrap elementor-element-populated\">\n\t\t\t\t\t\t<div class=\"elementor-element elementor-element-fcbbbff elementor-widget elementor-widget-spacer\" data-id=\"fcbbbff\" data-element_type=\"widget\" data-e-type=\"widget\" data-widget_type=\"spacer.default\">\n\t\t\t\t<div class=\"elementor-widget-container\">\n\t\t\t\t\t\t\t<div class=\"elementor-spacer\">\n\t\t\t<div class=\"elementor-spacer-inner\"><\/div>\n\t\t<\/div>\n\t\t\t\t\t\t<\/div>\n\t\t\t\t<\/div>\n\t\t\t\t\t<\/div>\n\t\t<\/div>\n\t\t\t\t\t<\/div>\n\t\t<\/section>\n\t\t\t\t<\/div>\n\t\t","protected":false},"excerpt":{"rendered":"<p>Repy (Zdravko Repija) artworks biography &#8222;White Spoons&#8220; 50x60cm &#8222;DIE Linien ohne Titel&#8220; 39x50cm &#8222;DIE Linien ohne Titel&#8220; 39x50cm &#8222;Dark Spoons&#8220; 50x60cm Repy (Zdravko Repija)&nbsp;&nbsp; \/&nbsp;&nbsp; Biography Zdravko Repija REPY (@zdravkorepija) One can find images, many artworks and studio impressions of the Bosnian artist at work, but rarely any concrete information about the life and career [&hellip;]<\/p>\n","protected":false},"author":2,"featured_media":0,"parent":0,"menu_order":0,"comment_status":"closed","ping_status":"closed","template":"","meta":{"footnotes":""},"class_list":["post-4117","page","type-page","status-publish","hentry"],"_links":{"self":[{"href":"https:\/\/gallery-puzic.com\/en\/wp-json\/wp\/v2\/pages\/4117","targetHints":{"allow":["GET"]}}],"collection":[{"href":"https:\/\/gallery-puzic.com\/en\/wp-json\/wp\/v2\/pages"}],"about":[{"href":"https:\/\/gallery-puzic.com\/en\/wp-json\/wp\/v2\/types\/page"}],"author":[{"embeddable":true,"href":"https:\/\/gallery-puzic.com\/en\/wp-json\/wp\/v2\/users\/2"}],"replies":[{"embeddable":true,"href":"https:\/\/gallery-puzic.com\/en\/wp-json\/wp\/v2\/comments?post=4117"}],"version-history":[{"count":38,"href":"https:\/\/gallery-puzic.com\/en\/wp-json\/wp\/v2\/pages\/4117\/revisions"}],"predecessor-version":[{"id":6284,"href":"https:\/\/gallery-puzic.com\/en\/wp-json\/wp\/v2\/pages\/4117\/revisions\/6284"}],"wp:attachment":[{"href":"https:\/\/gallery-puzic.com\/en\/wp-json\/wp\/v2\/media?parent=4117"}],"curies":[{"name":"wp","href":"https:\/\/api.w.org\/{rel}","templated":true}]}}