{"id":4113,"date":"2024-05-23T09:40:10","date_gmt":"2024-05-23T09:40:10","guid":{"rendered":"https:\/\/gallery-puzic.com\/?page_id=4113"},"modified":"2024-05-23T16:57:48","modified_gmt":"2024-05-23T16:57:48","slug":"bojan-sumonja","status":"publish","type":"page","link":"https:\/\/gallery-puzic.com\/en\/bojan-sumonja\/","title":{"rendered":"Bojan S\u030cumonja"},"content":{"rendered":"<div data-elementor-type=\"wp-page\" data-elementor-id=\"4113\" class=\"elementor elementor-4113\">\n\t\t\t\t\t\t<section class=\"elementor-section elementor-top-section elementor-element elementor-element-5c14cb8 elementor-section-boxed elementor-section-height-default elementor-section-height-default\" data-id=\"5c14cb8\" data-element_type=\"section\" data-e-type=\"section\">\n\t\t\t\t\t\t<div class=\"elementor-container elementor-column-gap-default\">\n\t\t\t\t\t<div class=\"elementor-column elementor-col-33 elementor-top-column elementor-element elementor-element-1ae8013\" data-id=\"1ae8013\" data-element_type=\"column\" data-e-type=\"column\">\n\t\t\t<div class=\"elementor-widget-wrap\">\n\t\t\t\t\t\t\t<\/div>\n\t\t<\/div>\n\t\t\t\t<div class=\"elementor-column elementor-col-33 elementor-top-column elementor-element elementor-element-64e50be\" data-id=\"64e50be\" data-element_type=\"column\" data-e-type=\"column\">\n\t\t\t<div class=\"elementor-widget-wrap\">\n\t\t\t\t\t\t\t<\/div>\n\t\t<\/div>\n\t\t\t\t<div class=\"elementor-column elementor-col-33 elementor-top-column elementor-element elementor-element-040c13e\" data-id=\"040c13e\" data-element_type=\"column\" data-e-type=\"column\">\n\t\t\t<div class=\"elementor-widget-wrap\">\n\t\t\t\t\t\t\t<\/div>\n\t\t<\/div>\n\t\t\t\t\t<\/div>\n\t\t<\/section>\n\t\t\t\t<section class=\"elementor-section elementor-top-section elementor-element elementor-element-af95cf9 elementor-section-boxed elementor-section-height-default elementor-section-height-default\" data-id=\"af95cf9\" data-element_type=\"section\" data-e-type=\"section\">\n\t\t\t\t\t\t<div class=\"elementor-container elementor-column-gap-default\">\n\t\t\t\t\t<div class=\"elementor-column elementor-col-100 elementor-top-column elementor-element elementor-element-86c7c31\" data-id=\"86c7c31\" data-element_type=\"column\" data-e-type=\"column\">\n\t\t\t<div class=\"elementor-widget-wrap elementor-element-populated\">\n\t\t\t\t\t\t<div class=\"elementor-element elementor-element-ebeab16 elementor-widget elementor-widget-heading\" data-id=\"ebeab16\" data-element_type=\"widget\" data-e-type=\"widget\" data-widget_type=\"heading.default\">\n\t\t\t\t<div class=\"elementor-widget-container\">\n\t\t\t\t\t<h2 class=\"elementor-heading-title elementor-size-default\"><h1 class=\"entry-title\">Bojan S\u030cumonja<\/h1><\/h2>\t\t\t\t<\/div>\n\t\t\t\t<\/div>\n\t\t\t\t<div class=\"elementor-element elementor-element-27ad2a1 elementor-widget-divider--view-line elementor-widget elementor-widget-divider\" data-id=\"27ad2a1\" data-element_type=\"widget\" data-e-type=\"widget\" data-widget_type=\"divider.default\">\n\t\t\t\t<div class=\"elementor-widget-container\">\n\t\t\t\t\t\t\t<div class=\"elementor-divider\">\n\t\t\t<span class=\"elementor-divider-separator\">\n\t\t\t\t\t\t<\/span>\n\t\t<\/div>\n\t\t\t\t\t\t<\/div>\n\t\t\t\t<\/div>\n\t\t\t\t\t<\/div>\n\t\t<\/div>\n\t\t\t\t\t<\/div>\n\t\t<\/section>\n\t\t\t\t<section class=\"elementor-section elementor-top-section elementor-element elementor-element-3617242 elementor-section-boxed elementor-section-height-default elementor-section-height-default\" data-id=\"3617242\" data-element_type=\"section\" data-e-type=\"section\">\n\t\t\t\t\t\t<div class=\"elementor-container elementor-column-gap-default\">\n\t\t\t\t\t<div class=\"elementor-column elementor-col-100 elementor-top-column elementor-element elementor-element-68562a3\" data-id=\"68562a3\" data-element_type=\"column\" data-e-type=\"column\">\n\t\t\t<div class=\"elementor-widget-wrap elementor-element-populated\">\n\t\t\t\t\t\t<div class=\"elementor-element elementor-element-be7d6b0 elementor-widget elementor-widget-heading\" data-id=\"be7d6b0\" data-element_type=\"widget\" data-e-type=\"widget\" data-widget_type=\"heading.default\">\n\t\t\t\t<div class=\"elementor-widget-container\">\n\t\t\t\t\t<h2 class=\"elementor-heading-title elementor-size-default\">Bojan \u0160umonja<\/h2>\t\t\t\t<\/div>\n\t\t\t\t<\/div>\n\t\t\t\t\t<\/div>\n\t\t<\/div>\n\t\t\t\t\t<\/div>\n\t\t<\/section>\n\t\t\t\t<section class=\"elementor-section elementor-top-section elementor-element elementor-element-c254b95 elementor-section-boxed elementor-section-height-default elementor-section-height-default\" data-id=\"c254b95\" data-element_type=\"section\" data-e-type=\"section\">\n\t\t\t\t\t\t<div class=\"elementor-container elementor-column-gap-default\">\n\t\t\t\t\t<div class=\"elementor-column elementor-col-33 elementor-top-column elementor-element elementor-element-9d3da22\" data-id=\"9d3da22\" data-element_type=\"column\" data-e-type=\"column\">\n\t\t\t<div class=\"elementor-widget-wrap\">\n\t\t\t\t\t\t\t<\/div>\n\t\t<\/div>\n\t\t\t\t<div class=\"elementor-column elementor-col-33 elementor-top-column elementor-element elementor-element-6796a69\" data-id=\"6796a69\" data-element_type=\"column\" data-e-type=\"column\">\n\t\t\t<div class=\"elementor-widget-wrap elementor-element-populated\">\n\t\t\t\t\t\t<div class=\"elementor-element elementor-element-e4584dc elementor-widget elementor-widget-text-editor\" data-id=\"e4584dc\" data-element_type=\"widget\" data-e-type=\"widget\" data-widget_type=\"text-editor.default\">\n\t\t\t\t<div class=\"elementor-widget-container\">\n\t\t\t\t\t\t\t\t\t<p>artworks<\/p>\t\t\t\t\t\t\t\t<\/div>\n\t\t\t\t<\/div>\n\t\t\t\t\t<\/div>\n\t\t<\/div>\n\t\t\t\t<div class=\"elementor-column elementor-col-33 elementor-top-column elementor-element elementor-element-090ad2c\" data-id=\"090ad2c\" data-element_type=\"column\" data-e-type=\"column\">\n\t\t\t<div class=\"elementor-widget-wrap elementor-element-populated\">\n\t\t\t\t\t\t<div class=\"elementor-element elementor-element-2cceed9 elementor-widget elementor-widget-text-editor\" data-id=\"2cceed9\" data-element_type=\"widget\" data-e-type=\"widget\" data-widget_type=\"text-editor.default\">\n\t\t\t\t<div class=\"elementor-widget-container\">\n\t\t\t\t\t\t\t\t\t<p>\u00a0biography<\/p>\t\t\t\t\t\t\t\t<\/div>\n\t\t\t\t<\/div>\n\t\t\t\t\t<\/div>\n\t\t<\/div>\n\t\t\t\t\t<\/div>\n\t\t<\/section>\n\t\t\t\t<section class=\"elementor-section elementor-top-section elementor-element elementor-element-16d46ea elementor-section-boxed elementor-section-height-default elementor-section-height-default\" data-id=\"16d46ea\" data-element_type=\"section\" data-e-type=\"section\">\n\t\t\t\t\t\t<div class=\"elementor-container elementor-column-gap-default\">\n\t\t\t\t\t<div class=\"elementor-column elementor-col-25 elementor-top-column elementor-element elementor-element-2bbc82c\" data-id=\"2bbc82c\" data-element_type=\"column\" data-e-type=\"column\">\n\t\t\t<div class=\"elementor-widget-wrap elementor-element-populated\">\n\t\t\t\t\t\t<div class=\"elementor-element elementor-element-1888443 elementor-widget elementor-widget-image\" data-id=\"1888443\" data-element_type=\"widget\" data-e-type=\"widget\" data-widget_type=\"image.default\">\n\t\t\t\t<div class=\"elementor-widget-container\">\n\t\t\t\t\t\t\t\t\t\t\t\t<figure class=\"wp-caption\">\n\t\t\t\t\t\t\t\t\t\t<img fetchpriority=\"high\" decoding=\"async\" width=\"729\" height=\"1024\" src=\"https:\/\/gallery-puzic.com\/wp-content\/uploads\/2024\/05\/7-Autostrada-729x1024.jpg\" class=\"attachment-large size-large wp-image-4171\" alt=\"\" srcset=\"https:\/\/gallery-puzic.com\/wp-content\/uploads\/2024\/05\/7-Autostrada-729x1024.jpg 729w, https:\/\/gallery-puzic.com\/wp-content\/uploads\/2024\/05\/7-Autostrada-214x300.jpg 214w, https:\/\/gallery-puzic.com\/wp-content\/uploads\/2024\/05\/7-Autostrada-768x1078.jpg 768w, https:\/\/gallery-puzic.com\/wp-content\/uploads\/2024\/05\/7-Autostrada-9x12.jpg 9w, https:\/\/gallery-puzic.com\/wp-content\/uploads\/2024\/05\/7-Autostrada.jpg 770w\" sizes=\"(max-width: 729px) 100vw, 729px\" \/>\t\t\t\t\t\t\t\t\t\t\t<figcaption class=\"widget-image-caption wp-caption-text\">\"Autostrada\" 285x204cm, \u00d6l auf Leinwand <\/figcaption>\n\t\t\t\t\t\t\t\t\t\t<\/figure>\n\t\t\t\t\t\t\t\t\t<\/div>\n\t\t\t\t<\/div>\n\t\t\t\t\t<\/div>\n\t\t<\/div>\n\t\t\t\t<div class=\"elementor-column elementor-col-25 elementor-top-column elementor-element elementor-element-427a637\" data-id=\"427a637\" data-element_type=\"column\" data-e-type=\"column\">\n\t\t\t<div class=\"elementor-widget-wrap elementor-element-populated\">\n\t\t\t\t\t\t<div class=\"elementor-element elementor-element-7c13c24 elementor-widget elementor-widget-image\" data-id=\"7c13c24\" data-element_type=\"widget\" data-e-type=\"widget\" data-widget_type=\"image.default\">\n\t\t\t\t<div class=\"elementor-widget-container\">\n\t\t\t\t\t\t\t\t\t\t\t\t<figure class=\"wp-caption\">\n\t\t\t\t\t\t\t\t\t\t<img decoding=\"async\" width=\"800\" height=\"598\" src=\"https:\/\/gallery-puzic.com\/wp-content\/uploads\/2024\/05\/5-1024x766.jpg\" class=\"attachment-large size-large wp-image-3838\" alt=\"\" srcset=\"https:\/\/gallery-puzic.com\/wp-content\/uploads\/2024\/05\/5-1024x766.jpg 1024w, https:\/\/gallery-puzic.com\/wp-content\/uploads\/2024\/05\/5-300x224.jpg 300w, https:\/\/gallery-puzic.com\/wp-content\/uploads\/2024\/05\/5-768x574.jpg 768w, https:\/\/gallery-puzic.com\/wp-content\/uploads\/2024\/05\/5-16x12.jpg 16w, https:\/\/gallery-puzic.com\/wp-content\/uploads\/2024\/05\/5.jpg 1460w\" sizes=\"(max-width: 800px) 100vw, 800px\" \/>\t\t\t\t\t\t\t\t\t\t\t<figcaption class=\"widget-image-caption wp-caption-text\">\"La tania del pittore\" 150x200cm, \u00d6l auf Leinwand <\/figcaption>\n\t\t\t\t\t\t\t\t\t\t<\/figure>\n\t\t\t\t\t\t\t\t\t<\/div>\n\t\t\t\t<\/div>\n\t\t\t\t\t<\/div>\n\t\t<\/div>\n\t\t\t\t<div class=\"elementor-column elementor-col-25 elementor-top-column elementor-element elementor-element-54a1dcd\" data-id=\"54a1dcd\" data-element_type=\"column\" data-e-type=\"column\">\n\t\t\t<div class=\"elementor-widget-wrap elementor-element-populated\">\n\t\t\t\t\t\t<div class=\"elementor-element elementor-element-49ea498 elementor-widget elementor-widget-image\" data-id=\"49ea498\" data-element_type=\"widget\" data-e-type=\"widget\" data-widget_type=\"image.default\">\n\t\t\t\t<div class=\"elementor-widget-container\">\n\t\t\t\t\t\t\t\t\t\t\t\t<figure class=\"wp-caption\">\n\t\t\t\t\t\t\t\t\t\t<img decoding=\"async\" width=\"800\" height=\"566\" src=\"https:\/\/gallery-puzic.com\/wp-content\/uploads\/2024\/05\/8-1024x725.jpg\" class=\"attachment-large size-large wp-image-3837\" alt=\"\" srcset=\"https:\/\/gallery-puzic.com\/wp-content\/uploads\/2024\/05\/8-1024x725.jpg 1024w, https:\/\/gallery-puzic.com\/wp-content\/uploads\/2024\/05\/8-300x212.jpg 300w, https:\/\/gallery-puzic.com\/wp-content\/uploads\/2024\/05\/8-768x544.jpg 768w, https:\/\/gallery-puzic.com\/wp-content\/uploads\/2024\/05\/8-18x12.jpg 18w, https:\/\/gallery-puzic.com\/wp-content\/uploads\/2024\/05\/8.jpg 1494w\" sizes=\"(max-width: 800px) 100vw, 800px\" \/>\t\t\t\t\t\t\t\t\t\t\t<figcaption class=\"widget-image-caption wp-caption-text\">\"La notte die maggio nella baia zonchi\" 203x286, \u00d6l auf Leinwand<\/figcaption>\n\t\t\t\t\t\t\t\t\t\t<\/figure>\n\t\t\t\t\t\t\t\t\t<\/div>\n\t\t\t\t<\/div>\n\t\t\t\t\t<\/div>\n\t\t<\/div>\n\t\t\t\t<div class=\"elementor-column elementor-col-25 elementor-top-column elementor-element elementor-element-f2bdd17\" data-id=\"f2bdd17\" data-element_type=\"column\" data-e-type=\"column\">\n\t\t\t<div class=\"elementor-widget-wrap elementor-element-populated\">\n\t\t\t\t\t\t<div class=\"elementor-element elementor-element-effb54c elementor-widget elementor-widget-image\" data-id=\"effb54c\" data-element_type=\"widget\" data-e-type=\"widget\" data-widget_type=\"image.default\">\n\t\t\t\t<div class=\"elementor-widget-container\">\n\t\t\t\t\t\t\t\t\t\t\t\t<figure class=\"wp-caption\">\n\t\t\t\t\t\t\t\t\t\t<img loading=\"lazy\" decoding=\"async\" width=\"800\" height=\"644\" src=\"https:\/\/gallery-puzic.com\/wp-content\/uploads\/2024\/05\/6-Acqua-Alta-1024x824.jpg\" class=\"attachment-large size-large wp-image-3894\" alt=\"\" srcset=\"https:\/\/gallery-puzic.com\/wp-content\/uploads\/2024\/05\/6-Acqua-Alta-1024x824.jpg 1024w, https:\/\/gallery-puzic.com\/wp-content\/uploads\/2024\/05\/6-Acqua-Alta-300x241.jpg 300w, https:\/\/gallery-puzic.com\/wp-content\/uploads\/2024\/05\/6-Acqua-Alta-768x618.jpg 768w, https:\/\/gallery-puzic.com\/wp-content\/uploads\/2024\/05\/6-Acqua-Alta-1536x1235.jpg 1536w, https:\/\/gallery-puzic.com\/wp-content\/uploads\/2024\/05\/6-Acqua-Alta-2048x1647.jpg 2048w, https:\/\/gallery-puzic.com\/wp-content\/uploads\/2024\/05\/6-Acqua-Alta-15x12.jpg 15w\" sizes=\"(max-width: 800px) 100vw, 800px\" \/>\t\t\t\t\t\t\t\t\t\t\t<figcaption class=\"widget-image-caption wp-caption-text\">\"\"Acqua Alta\" 204x262, \u00d6l auf Leinwand <\/figcaption>\n\t\t\t\t\t\t\t\t\t\t<\/figure>\n\t\t\t\t\t\t\t\t\t<\/div>\n\t\t\t\t<\/div>\n\t\t\t\t\t<\/div>\n\t\t<\/div>\n\t\t\t\t\t<\/div>\n\t\t<\/section>\n\t\t\t\t<section class=\"elementor-section elementor-top-section elementor-element elementor-element-ca3dcda elementor-section-boxed elementor-section-height-default elementor-section-height-default\" data-id=\"ca3dcda\" data-element_type=\"section\" data-e-type=\"section\">\n\t\t\t\t\t\t<div class=\"elementor-container elementor-column-gap-default\">\n\t\t\t\t\t<div class=\"elementor-column elementor-col-100 elementor-top-column elementor-element elementor-element-b263b64\" data-id=\"b263b64\" data-element_type=\"column\" data-e-type=\"column\">\n\t\t\t<div class=\"elementor-widget-wrap elementor-element-populated\">\n\t\t\t\t\t\t<div class=\"elementor-element elementor-element-26afc88 elementor-widget elementor-widget-spacer\" data-id=\"26afc88\" data-element_type=\"widget\" data-e-type=\"widget\" data-widget_type=\"spacer.default\">\n\t\t\t\t<div class=\"elementor-widget-container\">\n\t\t\t\t\t\t\t<div class=\"elementor-spacer\">\n\t\t\t<div class=\"elementor-spacer-inner\"><\/div>\n\t\t<\/div>\n\t\t\t\t\t\t<\/div>\n\t\t\t\t<\/div>\n\t\t\t\t\t<\/div>\n\t\t<\/div>\n\t\t\t\t\t<\/div>\n\t\t<\/section>\n\t\t\t\t<section class=\"elementor-section elementor-top-section elementor-element elementor-element-8352b65 elementor-section-boxed elementor-section-height-default elementor-section-height-default\" data-id=\"8352b65\" data-element_type=\"section\" data-e-type=\"section\">\n\t\t\t\t\t\t<div class=\"elementor-container elementor-column-gap-default\">\n\t\t\t\t\t<div class=\"elementor-column elementor-col-33 elementor-top-column elementor-element elementor-element-2814612\" data-id=\"2814612\" data-element_type=\"column\" data-e-type=\"column\">\n\t\t\t<div class=\"elementor-widget-wrap elementor-element-populated\">\n\t\t\t\t\t\t<div class=\"elementor-element elementor-element-e81c399 elementor-widget elementor-widget-image\" data-id=\"e81c399\" data-element_type=\"widget\" data-e-type=\"widget\" data-widget_type=\"image.default\">\n\t\t\t\t<div class=\"elementor-widget-container\">\n\t\t\t\t\t\t\t\t\t\t\t\t\t\t\t<img loading=\"lazy\" decoding=\"async\" width=\"800\" height=\"534\" src=\"https:\/\/gallery-puzic.com\/wp-content\/uploads\/2024\/05\/Bojan-Sumonja-Postmodernist-1024x683.jpeg\" class=\"attachment-large size-large wp-image-4169\" alt=\"\" srcset=\"https:\/\/gallery-puzic.com\/wp-content\/uploads\/2024\/05\/Bojan-Sumonja-Postmodernist-1024x683.jpeg 1024w, https:\/\/gallery-puzic.com\/wp-content\/uploads\/2024\/05\/Bojan-Sumonja-Postmodernist-300x200.jpeg 300w, https:\/\/gallery-puzic.com\/wp-content\/uploads\/2024\/05\/Bojan-Sumonja-Postmodernist-768x512.jpeg 768w, https:\/\/gallery-puzic.com\/wp-content\/uploads\/2024\/05\/Bojan-Sumonja-Postmodernist-18x12.jpeg 18w, https:\/\/gallery-puzic.com\/wp-content\/uploads\/2024\/05\/Bojan-Sumonja-Postmodernist.jpeg 1032w\" sizes=\"(max-width: 800px) 100vw, 800px\" \/>\t\t\t\t\t\t\t\t\t\t\t\t\t\t\t<\/div>\n\t\t\t\t<\/div>\n\t\t\t\t\t<\/div>\n\t\t<\/div>\n\t\t\t\t<div class=\"elementor-column elementor-col-66 elementor-top-column elementor-element elementor-element-cbffea8\" data-id=\"cbffea8\" data-element_type=\"column\" data-e-type=\"column\">\n\t\t\t<div class=\"elementor-widget-wrap elementor-element-populated\">\n\t\t\t\t\t\t<div class=\"elementor-element elementor-element-3f5e84e elementor-widget elementor-widget-text-editor\" data-id=\"3f5e84e\" data-element_type=\"widget\" data-e-type=\"widget\" data-widget_type=\"text-editor.default\">\n\t\t\t\t<div class=\"elementor-widget-container\">\n\t\t\t\t\t\t\t\t\t<p>Bojan \u0160umonja&nbsp;&nbsp; \/ Biography<\/p><p><br><\/p><p>\n\n\n\n\n\n\n\n\n\n\n<style>@font-face\n\t{font-family:\"Myriad Pro Semibold It\";\n\tpanose-1:2 11 6 3 3 4 3 9 2 4;\n\tmso-font-charset:0;\n\tmso-generic-font-family:auto;\n\tmso-font-pitch:variable;\n\tmso-font-signature:3 0 0 0 1 0;}p.MsoNormal, li.MsoNormal, div.MsoNormal\n\t{mso-style-parent:\"\";\n\tmargin:0in;\n\tmargin-bottom:.0001pt;\n\tmso-pagination:widow-orphan;\n\tfont-size:12.0pt;\n\tmso-bidi-font-size:10.0pt;\n\tfont-family:\"Times New Roman\";\n\tmso-fareast-font-family:\"Times New Roman\";\n\tmso-bidi-font-family:\"Times New Roman\";}div.Section1\n\t{page:Section1;}<\/style>\n\n\n\n\n\n\n<\/p><p class=\"MsoNormal\"><span style=\"font-family:&quot;Myriad Pro Semibold It&quot;\">&nbsp;<\/span><\/p>\n\n<p class=\"MsoNormal\" style=\"mso-pagination:none;mso-layout-grid-align:none;text-autospace:none\"><span style=\"font-size:11.0pt;mso-bidi-font-size:12.5pt\">Bojan\n\u0160umonja was born in Pula, Croatia, in 1960. He graduated from the High School\nof Art in Pula and graduated from the Accademia die Belle Arte di Venezia,\ndepartment of sculpture. He is one of the founders of the Croatian Association\nof Fine Artists if Istria, a member of the Art Organization ROBOT, Pula, and he\nis an artistic director of the Poola Gallery in Pula. He has represented\nCroatia at numerous international projects and has had about 100 solo\nexhibitions. His works are in the permanent exhibition of the Zagreb Modern\nGallery, in the permanent collection of the Rijeka Museum of Modern and\nContemporary Art, Rovinj Heritage Museum, Piran Coastal Galleries, and in\nnumerous regional, city and private collections. <\/span><span style=\"font-size:11.0pt\">\u0160umonja is considered one of the most famous and recognized Croatian\nvisual artists of the last decades. He has exhibited independently over 100\ntimes across Europe and in the USA. His works have, among others, been\npresented at independent exhibitions in Venice, Milan, Berlin, Hamburg, Vienna,\nKlagenfurt, Graz, Brussels, Ljubljana, Luxembourg, New Orleans, Zagreb,\nDubrovnik and throughout Croatia. In his richly baroque compositions, sheep, gaunt\nflamingos, birds, downtrodden refugees and superheroes often appear, like the\n\u201cgenerals after the battle,\u201d in absurd and dangerous scenarios of ecological,\nsocial and political catastrophes or dystopian landscapes. His works are full\nof complex ironic references for which the artist was celebrated as the first\n\u201cpostmodernist\u201d on the Croatian scene.<\/span><\/p>\t\t\t\t\t\t\t\t<\/div>\n\t\t\t\t<\/div>\n\t\t\t\t\t<\/div>\n\t\t<\/div>\n\t\t\t\t\t<\/div>\n\t\t<\/section>\n\t\t\t\t<section class=\"elementor-section elementor-top-section elementor-element elementor-element-ec25a65 elementor-section-boxed elementor-section-height-default elementor-section-height-default\" data-id=\"ec25a65\" data-element_type=\"section\" data-e-type=\"section\">\n\t\t\t\t\t\t<div class=\"elementor-container elementor-column-gap-default\">\n\t\t\t\t\t<div class=\"elementor-column elementor-col-100 elementor-top-column elementor-element elementor-element-f72264b\" data-id=\"f72264b\" data-element_type=\"column\" data-e-type=\"column\">\n\t\t\t<div class=\"elementor-widget-wrap elementor-element-populated\">\n\t\t\t\t\t\t<div class=\"elementor-element elementor-element-1b3e35b elementor-widget elementor-widget-text-editor\" data-id=\"1b3e35b\" data-element_type=\"widget\" data-e-type=\"widget\" data-widget_type=\"text-editor.default\">\n\t\t\t\t<div class=\"elementor-widget-container\">\n\t\t\t\t\t\t\t\t\t<p><em>Anmerkung \/ Commentary<\/em><\/p><p>The exhibition at Gallery Puzic\u0301 is a collaborative project:\u00a0 Bojan \u0160umonja and Marko Marko Jaks\u030ce have conceived and developed the large-scale paintings together. They have assembled the exposition under their joint name <strong>\u0160umonjaks\u030ce.<\/strong><\/p><p><strong>A list of the artworks and prices can be found below.<br \/><\/strong><\/p><p>\u00a0<\/p><div>\u00a0<\/div><div>\u00a0<\/div><div><strong><strong style=\"box-sizing: border-box; font-weight: bolder; color: #7a7a7a; font-family: Roboto, sans-serif; font-size: 16px; font-style: normal; font-variant-ligatures: normal; font-variant-caps: normal; letter-spacing: normal; orphans: 2; text-align: center; text-indent: 0px; text-transform: none; white-space: normal; widows: 2; word-spacing: 0px; -webkit-text-stroke-width: 0px; background-color: #ffffff; text-decoration-thickness: initial; text-decoration-style: initial; text-decoration-color: initial;\">&#8222;After the battle, all generals are fucked\u201d 310x420cm, \u00d6l\/Teer auf Leinwand\u00a0 49.000 \u20ac<br \/>\u201cAutostrada\u201d 285x204cm, \u00d6l auf Leinwand\u00a0\u00a0 34.000 \u20ac<br \/>\u201eLa tana del pittore\u201c 150x200cm, \u00d6l auf Leinwand 26.000 \u20ac<br \/>\u00a0\u00a0\u00a0 \u201eOn the edge of dreams\u201c 218x228cm, \u00d6l auf Leinwand\u00a0\u00a0 28.000 \u20ac<br \/>\u00a0\u00a0\u00a0 \u00a0\u00a0\u00a0 \u201cZen \u2013 \u017den\u201d 194x241cm, \u00d6l auf Leinwand\u00a0\u00a0 34.000 \u20ac<br \/>\u201eAcqua Alta\u201c 204x262cm, \u00d6l auf Leinwand 28.000 \u20ac<br \/>\u00a0\u00a0\u00a0 \u201eT\u00fcrkische Arbeitshunde\u201c 200x235cm, \u00d6l auf Leinwand\u00a0\u00a0 28.000 \u20ac<br \/>\u00a0\u00a0\u00a0 \u201eLa notte di maggio nella baia zonchi\u201c 203x286cm, \u00d6l auf Leinwand\u00a0 34.000 \u20ac<br \/>\u00a0\u00a0\u00a0 \u00a0\u00a0\u00a0 \u201eSpiriti Acquatici\u201c 202x234cm, \u00d6l auf Leinwand\u00a0\u00a0 28.000 \u20ac<br \/>\u00a0\u00a0\u00a0 \u201eWho rules the world?\u201c 217x206cm, \u00d6l auf Leinwand\u00a0\u00a0 28.000 \u20ac<\/strong><\/strong><\/div><div><strong><strong style=\"box-sizing: border-box; font-weight: bolder; color: #7a7a7a; font-family: Roboto, sans-serif; font-size: 16px; font-style: normal; font-variant-ligatures: normal; font-variant-caps: normal; letter-spacing: normal; orphans: 2; text-align: center; text-indent: 0px; text-transform: none; white-space: normal; widows: 2; word-spacing: 0px; -webkit-text-stroke-width: 0px; background-color: #ffffff; text-decoration-thickness: initial; text-decoration-style: initial; text-decoration-color: initial;\">\u00a0<\/strong><\/strong><\/div><div><strong><strong style=\"box-sizing: border-box; font-weight: bolder; color: #7a7a7a; font-family: Roboto, sans-serif; font-size: 16px; font-style: normal; font-variant-ligatures: normal; font-variant-caps: normal; letter-spacing: normal; orphans: 2; text-align: center; text-indent: 0px; text-transform: none; white-space: normal; widows: 2; word-spacing: 0px; -webkit-text-stroke-width: 0px; background-color: #ffffff; text-decoration-thickness: initial; text-decoration-style: initial; text-decoration-color: initial;\">\u00a0<\/strong><\/strong><\/div>\t\t\t\t\t\t\t\t<\/div>\n\t\t\t\t<\/div>\n\t\t\t\t\t<\/div>\n\t\t<\/div>\n\t\t\t\t\t<\/div>\n\t\t<\/section>\n\t\t\t\t<section class=\"elementor-section elementor-top-section elementor-element elementor-element-a7cb0ef elementor-section-boxed elementor-section-height-default elementor-section-height-default\" data-id=\"a7cb0ef\" data-element_type=\"section\" data-e-type=\"section\">\n\t\t\t\t\t\t<div class=\"elementor-container elementor-column-gap-default\">\n\t\t\t\t\t<div class=\"elementor-column elementor-col-100 elementor-top-column elementor-element elementor-element-98a2e07\" data-id=\"98a2e07\" data-element_type=\"column\" data-e-type=\"column\">\n\t\t\t<div class=\"elementor-widget-wrap elementor-element-populated\">\n\t\t\t\t\t\t<div class=\"elementor-element elementor-element-c66526a elementor-widget elementor-widget-spacer\" data-id=\"c66526a\" data-element_type=\"widget\" data-e-type=\"widget\" data-widget_type=\"spacer.default\">\n\t\t\t\t<div class=\"elementor-widget-container\">\n\t\t\t\t\t\t\t<div class=\"elementor-spacer\">\n\t\t\t<div class=\"elementor-spacer-inner\"><\/div>\n\t\t<\/div>\n\t\t\t\t\t\t<\/div>\n\t\t\t\t<\/div>\n\t\t\t\t\t<\/div>\n\t\t<\/div>\n\t\t\t\t\t<\/div>\n\t\t<\/section>\n\t\t\t\t<\/div>","protected":false},"excerpt":{"rendered":"<p>Bojan S\u030cumonja Bojan \u0160umonja artworks \u00a0biography &#8222;Autostrada&#8220; 285x204cm, \u00d6l auf Leinwand &#8222;La tania del pittore&#8220; 150x200cm, \u00d6l auf Leinwand &#8222;La notte die maggio nella baia zonchi&#8220; 203&#215;286, \u00d6l auf Leinwand &#8222;&#8220;Acqua Alta&#8220; 204&#215;262, \u00d6l auf Leinwand Bojan \u0160umonja&nbsp;&nbsp; \/ Biography &nbsp; Bojan \u0160umonja was born in Pula, Croatia, in 1960. He graduated from the High [&hellip;]<\/p>\n","protected":false},"author":2,"featured_media":0,"parent":0,"menu_order":0,"comment_status":"closed","ping_status":"closed","template":"","meta":{"footnotes":""},"class_list":["post-4113","page","type-page","status-publish","hentry"],"_links":{"self":[{"href":"https:\/\/gallery-puzic.com\/en\/wp-json\/wp\/v2\/pages\/4113","targetHints":{"allow":["GET"]}}],"collection":[{"href":"https:\/\/gallery-puzic.com\/en\/wp-json\/wp\/v2\/pages"}],"about":[{"href":"https:\/\/gallery-puzic.com\/en\/wp-json\/wp\/v2\/types\/page"}],"author":[{"embeddable":true,"href":"https:\/\/gallery-puzic.com\/en\/wp-json\/wp\/v2\/users\/2"}],"replies":[{"embeddable":true,"href":"https:\/\/gallery-puzic.com\/en\/wp-json\/wp\/v2\/comments?post=4113"}],"version-history":[{"count":67,"href":"https:\/\/gallery-puzic.com\/en\/wp-json\/wp\/v2\/pages\/4113\/revisions"}],"predecessor-version":[{"id":4269,"href":"https:\/\/gallery-puzic.com\/en\/wp-json\/wp\/v2\/pages\/4113\/revisions\/4269"}],"wp:attachment":[{"href":"https:\/\/gallery-puzic.com\/en\/wp-json\/wp\/v2\/media?parent=4113"}],"curies":[{"name":"wp","href":"https:\/\/api.w.org\/{rel}","templated":true}]}}