{"id":4016,"date":"2024-05-18T11:56:13","date_gmt":"2024-05-18T11:56:13","guid":{"rendered":"https:\/\/gallery-puzic.com\/?page_id=4016"},"modified":"2024-07-21T09:26:54","modified_gmt":"2024-07-21T09:26:54","slug":"shedding-2","status":"publish","type":"page","link":"https:\/\/gallery-puzic.com\/en\/shedding-2\/","title":{"rendered":"shedding"},"content":{"rendered":"\t\t<div data-elementor-type=\"wp-page\" data-elementor-id=\"4016\" class=\"elementor elementor-4016\">\n\t\t\t\t\t\t<section class=\"elementor-section elementor-top-section elementor-element elementor-element-eb5c663 elementor-section-boxed elementor-section-height-default elementor-section-height-default\" data-id=\"eb5c663\" data-element_type=\"section\" data-e-type=\"section\">\n\t\t\t\t\t\t<div class=\"elementor-container elementor-column-gap-default\">\n\t\t\t\t\t<div class=\"elementor-column elementor-col-100 elementor-top-column elementor-element elementor-element-67e8724\" data-id=\"67e8724\" data-element_type=\"column\" data-e-type=\"column\">\n\t\t\t<div class=\"elementor-widget-wrap elementor-element-populated\">\n\t\t\t\t\t\t<div class=\"elementor-element elementor-element-07fab17 elementor-widget-divider--view-line elementor-widget elementor-widget-divider\" data-id=\"07fab17\" data-element_type=\"widget\" data-e-type=\"widget\" data-widget_type=\"divider.default\">\n\t\t\t\t<div class=\"elementor-widget-container\">\n\t\t\t\t\t\t\t<div class=\"elementor-divider\">\n\t\t\t<span class=\"elementor-divider-separator\">\n\t\t\t\t\t\t<\/span>\n\t\t<\/div>\n\t\t\t\t\t\t<\/div>\n\t\t\t\t<\/div>\n\t\t\t\t\t<\/div>\n\t\t<\/div>\n\t\t\t\t\t<\/div>\n\t\t<\/section>\n\t\t\t\t<section class=\"elementor-section elementor-top-section elementor-element elementor-element-a31416f elementor-section-boxed elementor-section-height-default elementor-section-height-default\" data-id=\"a31416f\" data-element_type=\"section\" data-e-type=\"section\">\n\t\t\t\t\t\t<div class=\"elementor-container elementor-column-gap-default\">\n\t\t\t\t\t<div class=\"elementor-column elementor-col-33 elementor-top-column elementor-element elementor-element-ad23961\" data-id=\"ad23961\" data-element_type=\"column\" data-e-type=\"column\">\n\t\t\t<div class=\"elementor-widget-wrap\">\n\t\t\t\t\t\t\t<\/div>\n\t\t<\/div>\n\t\t\t\t<div class=\"elementor-column elementor-col-33 elementor-top-column elementor-element elementor-element-b7c2549\" data-id=\"b7c2549\" data-element_type=\"column\" data-e-type=\"column\">\n\t\t\t<div class=\"elementor-widget-wrap\">\n\t\t\t\t\t\t\t<\/div>\n\t\t<\/div>\n\t\t\t\t<div class=\"elementor-column elementor-col-33 elementor-top-column elementor-element elementor-element-d2a5314\" data-id=\"d2a5314\" data-element_type=\"column\" data-e-type=\"column\">\n\t\t\t<div class=\"elementor-widget-wrap elementor-element-populated\">\n\t\t\t\t\t\t<div class=\"elementor-element elementor-element-73366b1 elementor-widget elementor-widget-shortcode\" data-id=\"73366b1\" data-element_type=\"widget\" data-e-type=\"widget\" data-widget_type=\"shortcode.default\">\n\t\t\t\t<div class=\"elementor-widget-container\">\n\t\t\t\t\t\t\t<div class=\"elementor-shortcode\"><div class=\"trp_language_switcher_shortcode\">\n<div class=\"trp-language-switcher trp-language-switcher-container\" data-no-translation >\n    <div class=\"trp-ls-shortcode-current-language\">\n        <a href=\"#\" class=\"trp-ls-shortcode-disabled-language trp-ls-disabled-language\" title=\"English\" onclick=\"event.preventDefault()\">\n\t\t\t<img decoding=\"async\" class=\"trp-flag-image\" src=\"https:\/\/gallery-puzic.com\/wp-content\/plugins\/translatepress-multilingual\/assets\/images\/flags\/en_US.png\" width=\"18\" height=\"12\" alt=\"en_US\" title=\"English\"> \t\t<\/a>\n    <\/div>\n    <div class=\"trp-ls-shortcode-language\">\n                <a href=\"#\" class=\"trp-ls-shortcode-disabled-language trp-ls-disabled-language\"  title=\"English\" onclick=\"event.preventDefault()\">\n\t\t\t<img decoding=\"async\" class=\"trp-flag-image\" src=\"https:\/\/gallery-puzic.com\/wp-content\/plugins\/translatepress-multilingual\/assets\/images\/flags\/en_US.png\" width=\"18\" height=\"12\" alt=\"en_US\" title=\"English\"> \t\t<\/a>\n                    <a href=\"https:\/\/gallery-puzic.com\/en\/wp-json\/wp\/v2\/pages\/4016#TRPLINKPROCESSED\" title=\"German\">\n            <img decoding=\"async\" class=\"trp-flag-image\" src=\"https:\/\/gallery-puzic.com\/wp-content\/plugins\/translatepress-multilingual\/assets\/images\/flags\/de_DE.png\" width=\"18\" height=\"12\" alt=\"de_DE\" title=\"German\">         <\/a>\n\n        <\/div>\n    <script type=\"application\/javascript\">\n        \/\/ need to have the same with set from JS on both divs. Otherwise it can push stuff around in HTML\n        var trp_ls_shortcodes = document.querySelectorAll('.trp_language_switcher_shortcode .trp-language-switcher');\n        if ( trp_ls_shortcodes.length > 0) {\n            \/\/ get the last language switcher added\n            var trp_el = trp_ls_shortcodes[trp_ls_shortcodes.length - 1];\n\n            var trp_shortcode_language_item = trp_el.querySelector( '.trp-ls-shortcode-language' )\n            \/\/ set width\n            var trp_ls_shortcode_width                                               = trp_shortcode_language_item.offsetWidth + 16;\n            trp_shortcode_language_item.style.width                                  = trp_ls_shortcode_width + 'px';\n            trp_el.querySelector( '.trp-ls-shortcode-current-language' ).style.width = trp_ls_shortcode_width + 'px';\n\n            \/\/ We're putting this on display: none after we have its width.\n            trp_shortcode_language_item.style.display = 'none';\n        }\n    <\/script>\n<\/div>\n<\/div><\/div>\n\t\t\t\t\t\t<\/div>\n\t\t\t\t<\/div>\n\t\t\t\t\t<\/div>\n\t\t<\/div>\n\t\t\t\t\t<\/div>\n\t\t<\/section>\n\t\t\t\t<section class=\"elementor-section elementor-top-section elementor-element elementor-element-bff5ea7 elementor-section-boxed elementor-section-height-default elementor-section-height-default\" data-id=\"bff5ea7\" data-element_type=\"section\" data-e-type=\"section\">\n\t\t\t\t\t\t<div class=\"elementor-container elementor-column-gap-default\">\n\t\t\t\t\t<div class=\"elementor-column elementor-col-100 elementor-top-column elementor-element elementor-element-0902c40\" data-id=\"0902c40\" data-element_type=\"column\" data-e-type=\"column\">\n\t\t\t<div class=\"elementor-widget-wrap elementor-element-populated\">\n\t\t\t\t\t\t<div class=\"elementor-element elementor-element-a6fa02f elementor-widget elementor-widget-heading\" data-id=\"a6fa02f\" data-element_type=\"widget\" data-e-type=\"widget\" data-widget_type=\"heading.default\">\n\t\t\t\t<div class=\"elementor-widget-container\">\n\t\t\t\t\t<h2 class=\"elementor-heading-title elementor-size-default\">Shedding <\/h2>\t\t\t\t<\/div>\n\t\t\t\t<\/div>\n\t\t\t\t\t<\/div>\n\t\t<\/div>\n\t\t\t\t\t<\/div>\n\t\t<\/section>\n\t\t\t\t<section class=\"elementor-section elementor-top-section elementor-element elementor-element-20646b3 elementor-section-boxed elementor-section-height-default elementor-section-height-default\" data-id=\"20646b3\" data-element_type=\"section\" data-e-type=\"section\">\n\t\t\t\t\t\t<div class=\"elementor-container elementor-column-gap-default\">\n\t\t\t\t\t<div class=\"elementor-column elementor-col-100 elementor-top-column elementor-element elementor-element-0a8b71a\" data-id=\"0a8b71a\" data-element_type=\"column\" data-e-type=\"column\">\n\t\t\t<div class=\"elementor-widget-wrap elementor-element-populated\">\n\t\t\t\t\t\t<div class=\"elementor-element elementor-element-3b6643f elementor-widget elementor-widget-image\" data-id=\"3b6643f\" data-element_type=\"widget\" data-e-type=\"widget\" data-widget_type=\"image.default\">\n\t\t\t\t<div class=\"elementor-widget-container\">\n\t\t\t\t\t\t\t\t\t\t\t\t\t\t\t<img fetchpriority=\"high\" decoding=\"async\" width=\"768\" height=\"543\" src=\"https:\/\/gallery-puzic.com\/wp-content\/uploads\/2024\/07\/Kat-Macdonald-Shedding-Femme-768x543.png\" class=\"attachment-medium_large size-medium_large wp-image-4561\" alt=\"\" srcset=\"https:\/\/gallery-puzic.com\/wp-content\/uploads\/2024\/07\/Kat-Macdonald-Shedding-Femme-768x543.png 768w, https:\/\/gallery-puzic.com\/wp-content\/uploads\/2024\/07\/Kat-Macdonald-Shedding-Femme-300x212.png 300w, https:\/\/gallery-puzic.com\/wp-content\/uploads\/2024\/07\/Kat-Macdonald-Shedding-Femme-1024x724.png 1024w, https:\/\/gallery-puzic.com\/wp-content\/uploads\/2024\/07\/Kat-Macdonald-Shedding-Femme-1536x1086.png 1536w, https:\/\/gallery-puzic.com\/wp-content\/uploads\/2024\/07\/Kat-Macdonald-Shedding-Femme-18x12.png 18w, https:\/\/gallery-puzic.com\/wp-content\/uploads\/2024\/07\/Kat-Macdonald-Shedding-Femme.png 1868w\" sizes=\"(max-width: 768px) 100vw, 768px\" \/>\t\t\t\t\t\t\t\t\t\t\t\t\t\t\t<\/div>\n\t\t\t\t<\/div>\n\t\t\t\t\t<\/div>\n\t\t<\/div>\n\t\t\t\t\t<\/div>\n\t\t<\/section>\n\t\t\t\t<section class=\"elementor-section elementor-top-section elementor-element elementor-element-db00228 elementor-section-boxed elementor-section-height-default elementor-section-height-default\" data-id=\"db00228\" data-element_type=\"section\" data-e-type=\"section\">\n\t\t\t\t\t\t<div class=\"elementor-container elementor-column-gap-default\">\n\t\t\t\t\t<div class=\"elementor-column elementor-col-100 elementor-top-column elementor-element elementor-element-ac180ca\" data-id=\"ac180ca\" data-element_type=\"column\" data-e-type=\"column\">\n\t\t\t<div class=\"elementor-widget-wrap elementor-element-populated\">\n\t\t\t\t\t\t<div class=\"elementor-element elementor-element-79218c4 elementor-widget elementor-widget-text-editor\" data-id=\"79218c4\" data-element_type=\"widget\" data-e-type=\"widget\" data-widget_type=\"text-editor.default\">\n\t\t\t\t<div class=\"elementor-widget-container\">\n\t\t\t\t\t\t\t\t\t<h3><strong>Kat Macdonald (London\/UK)<\/strong>\u00a0\u00a0\u00a0\u00a0\u00a0\u00a0\u00a0\u00a0\u00a0\u00a0\u00a0 \u00a0\u00a0\u00a0\u00a0\u00a0\u00a0\u00a0\u00a0\u00a0\u00a0\u00a0 \u00a0\u00a0\u00a0\u00a0\u00a0\u00a0\u00a0\u00a0\u00a0\u00a0\u00a0 \u00a0\u00a0\u00a0\u00a0\u00a0\u00a0\u00a0\u00a0\u00a0\u00a0\u00a0 \u00a0\u00a0\u00a0\u00a0\u00a0\u00a0\u00a0\u00a0\u00a0\u00a0\u00a0<\/h3><p><strong>Sound Installation\/Performance <\/strong><\/p><p>parallel zum Experimance Festival und im Rahmen der Ausstellung &#8222;Lost in Transition&#8220;<\/p><p>Andauernde Performance \u2013 Sonntag, 14. Juli \u00a0\u2013 16:00 \u2013 20:00 Uhr<br \/>Johannisstrasse 3A, 66111 Saarbr\u00fccken<\/p><p><em>Sound\/Performance Concept: Kat Macdonald\u00a0 \/\/ Couture by\u00a0 Inflationary Assets (Agnes Cameron)<\/em><\/p><p><em>Kurator und Einf\u00fchrung: <\/em><em> Johannes Birringer<\/em><strong><em>\u00a0\u00a0\u00a0\u00a0\u00a0\u00a0\u00a0\u00a0\u00a0\u00a0\u00a0\u00a0\u00a0\u00a0\u00a0\u00a0\u00a0\u00a0 <\/em><\/strong>\u00a0\u00a0\u00a0\u00a0\u00a0\u00a0\u00a0\u00a0\u00a0\u00a0\u00a0\u00a0\u00a0\u00a0\u00a0\u00a0\u00a0\u00a0\u00a0\u00a0\u00a0\u00a0\u00a0\u00a0\u00a0\u00a0\u00a0<\/p><p>Gallery Puzi\u0107 l\u00e4dt Sie zu einer besonderen Auff\u00fchrung der britischen Soundk\u00fcnstlerin Kat Macdonald am Sonntag, den 14 Juli ein \u2013\u00a0 parallel zum allj\u00e4hrlich stattfindenden Experimance Klang-Festival (dieses Jahr im Osthafen) und im Rahmen der k\u00fcrzlich er\u00f6ffneten Ausstellung <em>Lost in Transition <\/em>(die Arbeiten von 18 internationalen K\u00fcnstler*innen sind in der Galerie weiterhin zu sehen).<\/p><p><img loading=\"lazy\" decoding=\"async\" class=\"alignnone size-medium wp-image-4650\" src=\"https:\/\/gallery-puzic.com\/wp-content\/uploads\/2024\/07\/shedding-performance1-300x225.jpg\" alt=\"\" width=\"300\" height=\"225\" srcset=\"https:\/\/gallery-puzic.com\/wp-content\/uploads\/2024\/07\/shedding-performance1-300x225.jpg 300w, https:\/\/gallery-puzic.com\/wp-content\/uploads\/2024\/07\/shedding-performance1-1024x768.jpg 1024w, https:\/\/gallery-puzic.com\/wp-content\/uploads\/2024\/07\/shedding-performance1-768x576.jpg 768w, https:\/\/gallery-puzic.com\/wp-content\/uploads\/2024\/07\/shedding-performance1-1536x1152.jpg 1536w, https:\/\/gallery-puzic.com\/wp-content\/uploads\/2024\/07\/shedding-performance1-2048x1536.jpg 2048w, https:\/\/gallery-puzic.com\/wp-content\/uploads\/2024\/07\/shedding-performance1-16x12.jpg 16w\" sizes=\"(max-width: 300px) 100vw, 300px\" \/> <img loading=\"lazy\" decoding=\"async\" class=\"alignnone wp-image-4677 size-medium\" src=\"https:\/\/gallery-puzic.com\/wp-content\/uploads\/2024\/07\/shedding-performance3-300x225.jpg\" alt=\"\" width=\"300\" height=\"225\" srcset=\"https:\/\/gallery-puzic.com\/wp-content\/uploads\/2024\/07\/shedding-performance3-300x225.jpg 300w, https:\/\/gallery-puzic.com\/wp-content\/uploads\/2024\/07\/shedding-performance3-1024x768.jpg 1024w, https:\/\/gallery-puzic.com\/wp-content\/uploads\/2024\/07\/shedding-performance3-768x576.jpg 768w, https:\/\/gallery-puzic.com\/wp-content\/uploads\/2024\/07\/shedding-performance3-1536x1152.jpg 1536w, https:\/\/gallery-puzic.com\/wp-content\/uploads\/2024\/07\/shedding-performance3-2048x1536.jpg 2048w, https:\/\/gallery-puzic.com\/wp-content\/uploads\/2024\/07\/shedding-performance3-16x12.jpg 16w\" sizes=\"(max-width: 300px) 100vw, 300px\" \/> <img loading=\"lazy\" decoding=\"async\" class=\"alignnone size-medium wp-image-4648\" src=\"https:\/\/gallery-puzic.com\/wp-content\/uploads\/2024\/07\/feet-300x225.jpg\" alt=\"\" width=\"300\" height=\"225\" srcset=\"https:\/\/gallery-puzic.com\/wp-content\/uploads\/2024\/07\/feet-300x225.jpg 300w, https:\/\/gallery-puzic.com\/wp-content\/uploads\/2024\/07\/feet-1024x768.jpg 1024w, https:\/\/gallery-puzic.com\/wp-content\/uploads\/2024\/07\/feet-768x576.jpg 768w, https:\/\/gallery-puzic.com\/wp-content\/uploads\/2024\/07\/feet-1536x1152.jpg 1536w, https:\/\/gallery-puzic.com\/wp-content\/uploads\/2024\/07\/feet-2048x1536.jpg 2048w, https:\/\/gallery-puzic.com\/wp-content\/uploads\/2024\/07\/feet-16x12.jpg 16w\" sizes=\"(max-width: 300px) 100vw, 300px\" \/> <img loading=\"lazy\" decoding=\"async\" class=\"alignnone size-medium wp-image-4658\" src=\"https:\/\/gallery-puzic.com\/wp-content\/uploads\/2024\/07\/opaque-shedding-300x225.jpg\" alt=\"\" width=\"300\" height=\"225\" srcset=\"https:\/\/gallery-puzic.com\/wp-content\/uploads\/2024\/07\/opaque-shedding-300x225.jpg 300w, https:\/\/gallery-puzic.com\/wp-content\/uploads\/2024\/07\/opaque-shedding-1024x768.jpg 1024w, https:\/\/gallery-puzic.com\/wp-content\/uploads\/2024\/07\/opaque-shedding-768x576.jpg 768w, https:\/\/gallery-puzic.com\/wp-content\/uploads\/2024\/07\/opaque-shedding-1536x1152.jpg 1536w, https:\/\/gallery-puzic.com\/wp-content\/uploads\/2024\/07\/opaque-shedding-2048x1536.jpg 2048w, https:\/\/gallery-puzic.com\/wp-content\/uploads\/2024\/07\/opaque-shedding-16x12.jpg 16w\" sizes=\"(max-width: 300px) 100vw, 300px\" \/><\/p><p>Kat Macdonalds k\u00fcnstlerische Arbeit greift auf ein komplexes Geflecht von Erfahrungen mit Traumata, Queerness, Herzschmerz, sozialen Strukturen und Geschlecht zur\u00fcck. Sie erforscht, was es bedeutet, ein Leben zu f\u00fchren, das mit verschiedenen Formen des Verlusts verflochten ist.<\/p><p>Durch verschiedene Medien \u2013 Performance, Klangkunst, visuelle und schriftliche Formen \u2013 fordert ihre Arbeit das Publikum auf, \u00fcber seine Beziehung als Beobachter nachzudenken, indem Macdonald traditionelle Pr\u00e4sentationsformate entkoppelt und dem Publikum einen taktilen Eindruck von einem Werk und seiner Entstehung bzw Enth\u00fcllung vermittelt.<\/p><p>\u00a0<\/p><p>\u00a0<a href=\"https:\/\/youtu.be\/BO48yMSqObI\"> \u00a0 \u00a0 Watch a short documentary video<\/a><\/p><p>\u00a0<\/p><p><em>shedding<\/em> (2024) ist eine Erkundung der Jungschen Persona, der Schichten, die wir uns selbst auferlegen, um, nach Meinung der K\u00fcnstlerin, unechte und oberfl\u00e4chliche Verbindungen, Liebe und Anziehung zu erreichen. K\u00f6nnen diese Masken jemals vollst\u00e4ndig abgelegt werden? Sind wir jemals wirklich wir selbst oder eher Zusammenf\u00fcgungen zerbrochener Fragmente unseres Selbst, die Jahrzehnte zuvor entstanden sind? Macht uns das Streben nach personenlosen Interaktionen mit anderen wirklich blind f\u00fcr die Realit\u00e4t der Welt?<\/p><p><em>Shedding<\/em> ist ein hybrides Kunstwerk, das Performance, Audiodesign und Spiel vereint. Das St\u00fcck baut auf der Arbeit von <em>Shedding Femme<\/em> (2021) mit einer breiteren Perspektive auf, und wird am 14. Juli zum ersten Mal in Deutschland\u0301 aufgef\u00fchrt.<\/p><p>Photos from the performance \u00a0\u00a9 \u00a0Johannes Birringer<\/p>\t\t\t\t\t\t\t\t<\/div>\n\t\t\t\t<\/div>\n\t\t\t\t\t<\/div>\n\t\t<\/div>\n\t\t\t\t\t<\/div>\n\t\t<\/section>\n\t\t\t\t<section class=\"elementor-section elementor-top-section elementor-element elementor-element-f7d302b elementor-section-boxed elementor-section-height-default elementor-section-height-default\" data-id=\"f7d302b\" data-element_type=\"section\" data-e-type=\"section\">\n\t\t\t\t\t\t<div class=\"elementor-container elementor-column-gap-default\">\n\t\t\t\t\t<div class=\"elementor-column elementor-col-50 elementor-top-column elementor-element elementor-element-d75612a\" data-id=\"d75612a\" data-element_type=\"column\" data-e-type=\"column\">\n\t\t\t<div class=\"elementor-widget-wrap elementor-element-populated\">\n\t\t\t\t\t\t<div class=\"elementor-element elementor-element-3c95740 elementor-widget elementor-widget-image\" data-id=\"3c95740\" data-element_type=\"widget\" data-e-type=\"widget\" data-widget_type=\"image.default\">\n\t\t\t\t<div class=\"elementor-widget-container\">\n\t\t\t\t\t\t\t\t\t\t\t\t\t\t\t<img loading=\"lazy\" decoding=\"async\" width=\"768\" height=\"576\" src=\"https:\/\/gallery-puzic.com\/wp-content\/uploads\/2024\/07\/close-up-768x576.jpg\" class=\"attachment-medium_large size-medium_large wp-image-4649\" alt=\"\" srcset=\"https:\/\/gallery-puzic.com\/wp-content\/uploads\/2024\/07\/close-up-768x576.jpg 768w, https:\/\/gallery-puzic.com\/wp-content\/uploads\/2024\/07\/close-up-300x225.jpg 300w, https:\/\/gallery-puzic.com\/wp-content\/uploads\/2024\/07\/close-up-1024x768.jpg 1024w, https:\/\/gallery-puzic.com\/wp-content\/uploads\/2024\/07\/close-up-1536x1152.jpg 1536w, https:\/\/gallery-puzic.com\/wp-content\/uploads\/2024\/07\/close-up-2048x1536.jpg 2048w, https:\/\/gallery-puzic.com\/wp-content\/uploads\/2024\/07\/close-up-16x12.jpg 16w\" sizes=\"(max-width: 768px) 100vw, 768px\" \/>\t\t\t\t\t\t\t\t\t\t\t\t\t\t\t<\/div>\n\t\t\t\t<\/div>\n\t\t\t\t\t<\/div>\n\t\t<\/div>\n\t\t\t\t<div class=\"elementor-column elementor-col-50 elementor-top-column elementor-element elementor-element-f24042a\" data-id=\"f24042a\" data-element_type=\"column\" data-e-type=\"column\">\n\t\t\t<div class=\"elementor-widget-wrap elementor-element-populated\">\n\t\t\t\t\t\t<div class=\"elementor-element elementor-element-c13bb79 elementor-widget elementor-widget-image\" data-id=\"c13bb79\" data-element_type=\"widget\" data-e-type=\"widget\" data-widget_type=\"image.default\">\n\t\t\t\t<div class=\"elementor-widget-container\">\n\t\t\t\t\t\t\t\t\t\t\t\t\t\t\t<img loading=\"lazy\" decoding=\"async\" width=\"768\" height=\"576\" src=\"https:\/\/gallery-puzic.com\/wp-content\/uploads\/2024\/07\/SHEDDING-WITH-HOLES-768x576.jpg\" class=\"attachment-medium_large size-medium_large wp-image-4647\" alt=\"\" srcset=\"https:\/\/gallery-puzic.com\/wp-content\/uploads\/2024\/07\/SHEDDING-WITH-HOLES-768x576.jpg 768w, https:\/\/gallery-puzic.com\/wp-content\/uploads\/2024\/07\/SHEDDING-WITH-HOLES-300x225.jpg 300w, https:\/\/gallery-puzic.com\/wp-content\/uploads\/2024\/07\/SHEDDING-WITH-HOLES-1024x768.jpg 1024w, https:\/\/gallery-puzic.com\/wp-content\/uploads\/2024\/07\/SHEDDING-WITH-HOLES-1536x1152.jpg 1536w, https:\/\/gallery-puzic.com\/wp-content\/uploads\/2024\/07\/SHEDDING-WITH-HOLES-2048x1536.jpg 2048w, https:\/\/gallery-puzic.com\/wp-content\/uploads\/2024\/07\/SHEDDING-WITH-HOLES-16x12.jpg 16w\" sizes=\"(max-width: 768px) 100vw, 768px\" \/>\t\t\t\t\t\t\t\t\t\t\t\t\t\t\t<\/div>\n\t\t\t\t<\/div>\n\t\t\t\t\t<\/div>\n\t\t<\/div>\n\t\t\t\t\t<\/div>\n\t\t<\/section>\n\t\t\t\t<section class=\"elementor-section elementor-top-section elementor-element elementor-element-b0c043a elementor-section-boxed elementor-section-height-default elementor-section-height-default\" data-id=\"b0c043a\" data-element_type=\"section\" data-e-type=\"section\">\n\t\t\t\t\t\t<div class=\"elementor-container elementor-column-gap-default\">\n\t\t\t\t\t<div class=\"elementor-column elementor-col-100 elementor-top-column elementor-element elementor-element-c3f2d55\" data-id=\"c3f2d55\" data-element_type=\"column\" data-e-type=\"column\">\n\t\t\t<div class=\"elementor-widget-wrap elementor-element-populated\">\n\t\t\t\t\t\t<div class=\"elementor-element elementor-element-1dc749e elementor-widget elementor-widget-text-editor\" data-id=\"1dc749e\" data-element_type=\"widget\" data-e-type=\"widget\" data-widget_type=\"text-editor.default\">\n\t\t\t\t<div class=\"elementor-widget-container\">\n\t\t\t\t\t\t\t\t\t<p>Artist Statement and Introduction<\/p><p><em>shedding<\/em> ist eine \u00dcberarbeitung des Werks <em>shedding femme<\/em> aus dem Jahr 2021, eine Untersuchung der Art und Weise, wie uns weibliche Archetypen rund um Mode und Pr\u00e4sentation verwickeln, einwickeln, einschr\u00e4nken, und uns sogar zum Verlust des Selbst f\u00fchren k\u00f6nnen.<\/p><p>Mode und Kleidung sind Verst\u00e4rker der Persona. Sie verbergen und verformen unsere Formen, um uns so zu pr\u00e4sentieren, wie wir idealerweise gesehen werden m\u00f6chten. Sie sind auch perfekte Werkzeuge f\u00fcr eine K\u00fcnstlerin, die einen Bruch mit der Persona und Streben nach Freiheit erkunden m\u00f6chte. Sowohl als K\u00fcnstlerin als auch als Mensch suche ich nach Wegen, mich nicht einzuengen und zu begrenzen. Ich m\u00f6chte jenseits der T\u00e4uschungen projizierter Pers\u00f6nlichkeiten gesehen werden.<\/p><p>Sie werden eine schwarze Raum-Skulptur in der Galerie bemerken. W\u00e4hrend der n\u00e4chsten \u00a03\u20134 Stunden werde ich mich langsam aus dem Schwarz herausschneiden: ein kleines Loch nach dem anderen. Das Werk ist fertig, sobald ich das Kleid in der Mitte vom Stoffvorhang entfernt habe.<\/p><p>Sie sind herzlich eingeladen, herzukommen und durch die kleinen L\u00f6cher zu schauen, die ich mache. Bitte fassen Sie den Stoff jedoch nicht heftig an, da er sonst vorzeitig herunterfallen k\u00f6nnte. Das Kleid und sein Design wurden von Inflationary Assets entworfen, einer kleinen Community-Interest Company in Gro\u00dfbritannien, die von der K\u00fcnstlerin Agnes Cameron geleitet wird. Sie finden sowohl diesen Text als auch unsere Websites auf den Bildschirmen am technischen Pult.<\/p><p>Die Klangwelt dieses St\u00fccks ist zweifach. W\u00e4hrend ich kleine L\u00f6cher in das Kleid schneide, befindet sich darin ein Mikrofon, das diesen Klang aufnimmt und an eine von mir entworfene Software \u00fcbertr\u00e4gt. Diese Software f\u00fchrt einen Prozess namens Granulation durch, den Sie durch die zur\u00fcckgesendeten fragmentierten Kl\u00e4nge h\u00f6ren werden.<\/p><p>Der andere Teil des Klangs ist ein vorab aufgezeichnetes Musikst\u00fcck namens \u201einternal_revolution\u201c (online verf\u00fcgbar), das ich komponiert habe und dessen Wiedergabegeschwindigkeit und -richtung jede Stunde ge\u00e4ndert wird. Die Harmonie der beiden Klangsorten bildet das thematische R\u00fcckgrat des St\u00fccks und entspricht m\u00f6glicherweise dem Ideal der Filmmusik, n\u00e4mlich einem Publikum mitzuteilen, wie es sich f\u00fchlen soll.<\/p><p>Das St\u00fcck wird live-gestreamt und \u00fcber eine Kamera in der Ecke auf Instagram \u00fcbertragen.<\/p><p>Sie werden einige im Raum verteilte Scheren bemerken. Nehmen Sie sie gerne und schneiden Sie ein kleines Loch in das Kleid, indem Sie es vor dem Schneiden ganz vorsichtig kneifen. Das Publikum ist eingeladen, nach Belieben zu kommen und zu gehen, die Galerie zu verlassen und an verschiedenen Stellen wiederzukommen, um zu sehen, wie das St\u00fcck fortgeschritten ist&#8230;<\/p><p>\u00a0<\/p><p>\u00a0 \u00a0 \u00a0 *\u00a0 \u00a0 \u00a0 \u00a0 \u00a0*\u00a0 \u00a0 \u00a0 \u00a0*<\/p>\t\t\t\t\t\t\t\t<\/div>\n\t\t\t\t<\/div>\n\t\t\t\t\t<\/div>\n\t\t<\/div>\n\t\t\t\t\t<\/div>\n\t\t<\/section>\n\t\t\t\t<\/div>\n\t\t","protected":false},"excerpt":{"rendered":"<p>Shedding Kat Macdonald (London\/UK)\u00a0\u00a0\u00a0\u00a0\u00a0\u00a0\u00a0\u00a0\u00a0\u00a0\u00a0 \u00a0\u00a0\u00a0\u00a0\u00a0\u00a0\u00a0\u00a0\u00a0\u00a0\u00a0 \u00a0\u00a0\u00a0\u00a0\u00a0\u00a0\u00a0\u00a0\u00a0\u00a0\u00a0 \u00a0\u00a0\u00a0\u00a0\u00a0\u00a0\u00a0\u00a0\u00a0\u00a0\u00a0 \u00a0\u00a0\u00a0\u00a0\u00a0\u00a0\u00a0\u00a0\u00a0\u00a0\u00a0 Sound Installation\/Performance parallel zum Experimance Festival und im Rahmen der Ausstellung &#8222;Lost in Transition&#8220; Andauernde Performance \u2013 Sonntag, 14. Juli \u00a0\u2013 16:00 \u2013 20:00 UhrJohannisstrasse 3A, 66111 Saarbr\u00fccken Sound\/Performance Concept: Kat Macdonald\u00a0 \/\/ Couture by\u00a0 Inflationary Assets (Agnes Cameron) Kurator und Einf\u00fchrung: Johannes Birringer\u00a0\u00a0\u00a0\u00a0\u00a0\u00a0\u00a0\u00a0\u00a0\u00a0\u00a0\u00a0\u00a0\u00a0\u00a0\u00a0\u00a0\u00a0 \u00a0\u00a0\u00a0\u00a0\u00a0\u00a0\u00a0\u00a0\u00a0\u00a0\u00a0\u00a0\u00a0\u00a0\u00a0\u00a0\u00a0\u00a0\u00a0\u00a0\u00a0\u00a0\u00a0\u00a0\u00a0\u00a0\u00a0 Gallery Puzi\u0107 [&hellip;]<\/p>\n","protected":false},"author":2,"featured_media":0,"parent":0,"menu_order":0,"comment_status":"closed","ping_status":"closed","template":"","meta":{"footnotes":""},"class_list":["post-4016","page","type-page","status-publish","hentry"],"_links":{"self":[{"href":"https:\/\/gallery-puzic.com\/en\/wp-json\/wp\/v2\/pages\/4016","targetHints":{"allow":["GET"]}}],"collection":[{"href":"https:\/\/gallery-puzic.com\/en\/wp-json\/wp\/v2\/pages"}],"about":[{"href":"https:\/\/gallery-puzic.com\/en\/wp-json\/wp\/v2\/types\/page"}],"author":[{"embeddable":true,"href":"https:\/\/gallery-puzic.com\/en\/wp-json\/wp\/v2\/users\/2"}],"replies":[{"embeddable":true,"href":"https:\/\/gallery-puzic.com\/en\/wp-json\/wp\/v2\/comments?post=4016"}],"version-history":[{"count":62,"href":"https:\/\/gallery-puzic.com\/en\/wp-json\/wp\/v2\/pages\/4016\/revisions"}],"predecessor-version":[{"id":4691,"href":"https:\/\/gallery-puzic.com\/en\/wp-json\/wp\/v2\/pages\/4016\/revisions\/4691"}],"wp:attachment":[{"href":"https:\/\/gallery-puzic.com\/en\/wp-json\/wp\/v2\/media?parent=4016"}],"curies":[{"name":"wp","href":"https:\/\/api.w.org\/{rel}","templated":true}]}}