{"id":3957,"date":"2024-12-28T16:42:24","date_gmt":"2024-12-28T16:42:24","guid":{"rendered":"https:\/\/gallery-puzic.com\/?page_id=3957"},"modified":"2025-06-30T20:39:07","modified_gmt":"2025-06-30T20:39:07","slug":"viele-gruende-2","status":"publish","type":"page","link":"https:\/\/gallery-puzic.com\/en\/viele-gruende-2\/","title":{"rendered":"Viele Gr\u00fcnde 2"},"content":{"rendered":"<div data-elementor-type=\"wp-page\" data-elementor-id=\"3957\" class=\"elementor elementor-3957\">\n\t\t\t\t\t\t<section class=\"elementor-section elementor-top-section elementor-element elementor-element-bf37270 elementor-section-boxed elementor-section-height-default elementor-section-height-default\" data-id=\"bf37270\" data-element_type=\"section\" data-e-type=\"section\">\n\t\t\t\t\t\t<div class=\"elementor-container elementor-column-gap-default\">\n\t\t\t\t\t<div class=\"elementor-column elementor-col-100 elementor-top-column elementor-element elementor-element-271c2bd\" data-id=\"271c2bd\" data-element_type=\"column\" data-e-type=\"column\">\n\t\t\t<div class=\"elementor-widget-wrap elementor-element-populated\">\n\t\t\t\t\t\t<div class=\"elementor-element elementor-element-b5eac1c elementor-widget elementor-widget-heading\" data-id=\"b5eac1c\" data-element_type=\"widget\" data-e-type=\"widget\" data-widget_type=\"heading.default\">\n\t\t\t\t<div class=\"elementor-widget-container\">\n\t\t\t\t\t<h2 class=\"elementor-heading-title elementor-size-default\">Viele Gr\u00fcnde 2<\/h2>\t\t\t\t<\/div>\n\t\t\t\t<\/div>\n\t\t\t\t\t<\/div>\n\t\t<\/div>\n\t\t\t\t\t<\/div>\n\t\t<\/section>\n\t\t\t\t<section class=\"elementor-section elementor-top-section elementor-element elementor-element-aeac66d elementor-section-boxed elementor-section-height-default elementor-section-height-default\" data-id=\"aeac66d\" data-element_type=\"section\" data-e-type=\"section\">\n\t\t\t\t\t\t<div class=\"elementor-container elementor-column-gap-default\">\n\t\t\t\t\t<div class=\"elementor-column elementor-col-100 elementor-top-column elementor-element elementor-element-6b15c4e\" data-id=\"6b15c4e\" data-element_type=\"column\" data-e-type=\"column\">\n\t\t\t<div class=\"elementor-widget-wrap elementor-element-populated\">\n\t\t\t\t\t\t<div class=\"elementor-element elementor-element-45b7c1d elementor-widget elementor-widget-spacer\" data-id=\"45b7c1d\" data-element_type=\"widget\" data-e-type=\"widget\" data-widget_type=\"spacer.default\">\n\t\t\t\t<div class=\"elementor-widget-container\">\n\t\t\t\t\t\t\t<div class=\"elementor-spacer\">\n\t\t\t<div class=\"elementor-spacer-inner\"><\/div>\n\t\t<\/div>\n\t\t\t\t\t\t<\/div>\n\t\t\t\t<\/div>\n\t\t\t\t\t<\/div>\n\t\t<\/div>\n\t\t\t\t\t<\/div>\n\t\t<\/section>\n\t\t\t\t<section class=\"elementor-section elementor-top-section elementor-element elementor-element-7fb0164 elementor-section-boxed elementor-section-height-default elementor-section-height-default\" data-id=\"7fb0164\" data-element_type=\"section\" data-e-type=\"section\">\n\t\t\t\t\t\t<div class=\"elementor-container elementor-column-gap-default\">\n\t\t\t\t\t<div class=\"elementor-column elementor-col-33 elementor-top-column elementor-element elementor-element-49e0be0\" data-id=\"49e0be0\" data-element_type=\"column\" data-e-type=\"column\">\n\t\t\t<div class=\"elementor-widget-wrap elementor-element-populated\">\n\t\t\t\t\t\t<div class=\"elementor-element elementor-element-9514e7c elementor-widget elementor-widget-image\" data-id=\"9514e7c\" data-element_type=\"widget\" data-e-type=\"widget\" data-widget_type=\"image.default\">\n\t\t\t\t<div class=\"elementor-widget-container\">\n\t\t\t\t\t\t\t\t\t\t\t\t\t\t\t<img fetchpriority=\"high\" decoding=\"async\" width=\"300\" height=\"225\" src=\"https:\/\/gallery-puzic.com\/wp-content\/uploads\/2024\/12\/Mainzerstrasse-Pop-Up-gallery_11-14_9-300x225.jpg\" class=\"attachment-medium size-medium wp-image-6050\" alt=\"\" srcset=\"https:\/\/gallery-puzic.com\/wp-content\/uploads\/2024\/12\/Mainzerstrasse-Pop-Up-gallery_11-14_9-300x225.jpg 300w, https:\/\/gallery-puzic.com\/wp-content\/uploads\/2024\/12\/Mainzerstrasse-Pop-Up-gallery_11-14_9-1024x768.jpg 1024w, https:\/\/gallery-puzic.com\/wp-content\/uploads\/2024\/12\/Mainzerstrasse-Pop-Up-gallery_11-14_9-768x576.jpg 768w, https:\/\/gallery-puzic.com\/wp-content\/uploads\/2024\/12\/Mainzerstrasse-Pop-Up-gallery_11-14_9-1536x1152.jpg 1536w, https:\/\/gallery-puzic.com\/wp-content\/uploads\/2024\/12\/Mainzerstrasse-Pop-Up-gallery_11-14_9-16x12.jpg 16w, https:\/\/gallery-puzic.com\/wp-content\/uploads\/2024\/12\/Mainzerstrasse-Pop-Up-gallery_11-14_9.jpg 2000w\" sizes=\"(max-width: 300px) 100vw, 300px\" \/>\t\t\t\t\t\t\t\t\t\t\t\t\t\t\t<\/div>\n\t\t\t\t<\/div>\n\t\t\t\t\t<\/div>\n\t\t<\/div>\n\t\t\t\t<div class=\"elementor-column elementor-col-33 elementor-top-column elementor-element elementor-element-7f0640d\" data-id=\"7f0640d\" data-element_type=\"column\" data-e-type=\"column\">\n\t\t\t<div class=\"elementor-widget-wrap elementor-element-populated\">\n\t\t\t\t\t\t<div class=\"elementor-element elementor-element-0e4eadc elementor-widget elementor-widget-image\" data-id=\"0e4eadc\" data-element_type=\"widget\" data-e-type=\"widget\" data-widget_type=\"image.default\">\n\t\t\t\t<div class=\"elementor-widget-container\">\n\t\t\t\t\t\t\t\t\t\t\t\t\t\t\t<img decoding=\"async\" width=\"300\" height=\"217\" src=\"https:\/\/gallery-puzic.com\/wp-content\/uploads\/2024\/10\/Mainzerstr-PM-Sumonjakse-300x217.jpg\" class=\"attachment-medium size-medium wp-image-5174\" alt=\"\" srcset=\"https:\/\/gallery-puzic.com\/wp-content\/uploads\/2024\/10\/Mainzerstr-PM-Sumonjakse-300x217.jpg 300w, https:\/\/gallery-puzic.com\/wp-content\/uploads\/2024\/10\/Mainzerstr-PM-Sumonjakse-1024x742.jpg 1024w, https:\/\/gallery-puzic.com\/wp-content\/uploads\/2024\/10\/Mainzerstr-PM-Sumonjakse-768x557.jpg 768w, https:\/\/gallery-puzic.com\/wp-content\/uploads\/2024\/10\/Mainzerstr-PM-Sumonjakse-1536x1113.jpg 1536w, https:\/\/gallery-puzic.com\/wp-content\/uploads\/2024\/10\/Mainzerstr-PM-Sumonjakse-2048x1484.jpg 2048w, https:\/\/gallery-puzic.com\/wp-content\/uploads\/2024\/10\/Mainzerstr-PM-Sumonjakse-18x12.jpg 18w\" sizes=\"(max-width: 300px) 100vw, 300px\" \/>\t\t\t\t\t\t\t\t\t\t\t\t\t\t\t<\/div>\n\t\t\t\t<\/div>\n\t\t\t\t\t<\/div>\n\t\t<\/div>\n\t\t\t\t<div class=\"elementor-column elementor-col-33 elementor-top-column elementor-element elementor-element-df2243a\" data-id=\"df2243a\" data-element_type=\"column\" data-e-type=\"column\">\n\t\t\t<div class=\"elementor-widget-wrap elementor-element-populated\">\n\t\t\t\t\t\t<div class=\"elementor-element elementor-element-8c7cf90 elementor-widget elementor-widget-image\" data-id=\"8c7cf90\" data-element_type=\"widget\" data-e-type=\"widget\" data-widget_type=\"image.default\">\n\t\t\t\t<div class=\"elementor-widget-container\">\n\t\t\t\t\t\t\t\t\t\t\t\t\t\t\t<img decoding=\"async\" width=\"300\" height=\"225\" src=\"https:\/\/gallery-puzic.com\/wp-content\/uploads\/2024\/10\/Up-the-Rabbit-Hole-300x225.jpg\" class=\"attachment-medium size-medium wp-image-5088\" alt=\"\" srcset=\"https:\/\/gallery-puzic.com\/wp-content\/uploads\/2024\/10\/Up-the-Rabbit-Hole-300x225.jpg 300w, https:\/\/gallery-puzic.com\/wp-content\/uploads\/2024\/10\/Up-the-Rabbit-Hole-1024x768.jpg 1024w, https:\/\/gallery-puzic.com\/wp-content\/uploads\/2024\/10\/Up-the-Rabbit-Hole-768x576.jpg 768w, https:\/\/gallery-puzic.com\/wp-content\/uploads\/2024\/10\/Up-the-Rabbit-Hole-1536x1152.jpg 1536w, https:\/\/gallery-puzic.com\/wp-content\/uploads\/2024\/10\/Up-the-Rabbit-Hole-2048x1536.jpg 2048w, https:\/\/gallery-puzic.com\/wp-content\/uploads\/2024\/10\/Up-the-Rabbit-Hole-16x12.jpg 16w\" sizes=\"(max-width: 300px) 100vw, 300px\" \/>\t\t\t\t\t\t\t\t\t\t\t\t\t\t\t<\/div>\n\t\t\t\t<\/div>\n\t\t\t\t\t<\/div>\n\t\t<\/div>\n\t\t\t\t\t<\/div>\n\t\t<\/section>\n\t\t\t\t<section class=\"elementor-section elementor-top-section elementor-element elementor-element-6a2364e elementor-section-boxed elementor-section-height-default elementor-section-height-default\" data-id=\"6a2364e\" data-element_type=\"section\" data-e-type=\"section\">\n\t\t\t\t\t\t<div class=\"elementor-container elementor-column-gap-default\">\n\t\t\t\t\t<div class=\"elementor-column elementor-col-50 elementor-top-column elementor-element elementor-element-a141b8f\" data-id=\"a141b8f\" data-element_type=\"column\" data-e-type=\"column\">\n\t\t\t<div class=\"elementor-widget-wrap elementor-element-populated\">\n\t\t\t\t\t\t<div class=\"elementor-element elementor-element-ee56070 elementor-widget elementor-widget-image\" data-id=\"ee56070\" data-element_type=\"widget\" data-e-type=\"widget\" data-widget_type=\"image.default\">\n\t\t\t\t<div class=\"elementor-widget-container\">\n\t\t\t\t\t\t\t\t\t\t\t\t\t\t\t<img loading=\"lazy\" decoding=\"async\" width=\"260\" height=\"300\" src=\"https:\/\/gallery-puzic.com\/wp-content\/uploads\/2024\/11\/Boguslawski-Ausblick-2020-150x130-Oel-auf-Nessel-260x300.jpg\" class=\"attachment-medium size-medium wp-image-5877\" alt=\"\" srcset=\"https:\/\/gallery-puzic.com\/wp-content\/uploads\/2024\/11\/Boguslawski-Ausblick-2020-150x130-Oel-auf-Nessel-260x300.jpg 260w, https:\/\/gallery-puzic.com\/wp-content\/uploads\/2024\/11\/Boguslawski-Ausblick-2020-150x130-Oel-auf-Nessel-768x887.jpg 768w, https:\/\/gallery-puzic.com\/wp-content\/uploads\/2024\/11\/Boguslawski-Ausblick-2020-150x130-Oel-auf-Nessel-10x12.jpg 10w, https:\/\/gallery-puzic.com\/wp-content\/uploads\/2024\/11\/Boguslawski-Ausblick-2020-150x130-Oel-auf-Nessel.jpg 866w\" sizes=\"(max-width: 260px) 100vw, 260px\" \/>\t\t\t\t\t\t\t\t\t\t\t\t\t\t\t<\/div>\n\t\t\t\t<\/div>\n\t\t\t\t\t<\/div>\n\t\t<\/div>\n\t\t\t\t<div class=\"elementor-column elementor-col-50 elementor-top-column elementor-element elementor-element-0920e40\" data-id=\"0920e40\" data-element_type=\"column\" data-e-type=\"column\">\n\t\t\t<div class=\"elementor-widget-wrap elementor-element-populated\">\n\t\t\t\t\t\t<div class=\"elementor-element elementor-element-fe0630e elementor-widget elementor-widget-image\" data-id=\"fe0630e\" data-element_type=\"widget\" data-e-type=\"widget\" data-widget_type=\"image.default\">\n\t\t\t\t<div class=\"elementor-widget-container\">\n\t\t\t\t\t\t\t\t\t\t\t\t\t\t\t<img loading=\"lazy\" decoding=\"async\" width=\"300\" height=\"252\" src=\"https:\/\/gallery-puzic.com\/wp-content\/uploads\/2024\/11\/Emmert-no-12-300x252.png\" class=\"attachment-medium size-medium wp-image-5365\" alt=\"\" srcset=\"https:\/\/gallery-puzic.com\/wp-content\/uploads\/2024\/11\/Emmert-no-12-300x252.png 300w, https:\/\/gallery-puzic.com\/wp-content\/uploads\/2024\/11\/Emmert-no-12-14x12.png 14w, https:\/\/gallery-puzic.com\/wp-content\/uploads\/2024\/11\/Emmert-no-12.png 755w\" sizes=\"(max-width: 300px) 100vw, 300px\" \/>\t\t\t\t\t\t\t\t\t\t\t\t\t\t\t<\/div>\n\t\t\t\t<\/div>\n\t\t\t\t\t<\/div>\n\t\t<\/div>\n\t\t\t\t\t<\/div>\n\t\t<\/section>\n\t\t\t\t<section class=\"elementor-section elementor-top-section elementor-element elementor-element-b98d941 elementor-section-boxed elementor-section-height-default elementor-section-height-default\" data-id=\"b98d941\" data-element_type=\"section\" data-e-type=\"section\">\n\t\t\t\t\t\t<div class=\"elementor-container elementor-column-gap-default\">\n\t\t\t\t\t<div class=\"elementor-column elementor-col-100 elementor-top-column elementor-element elementor-element-7f48d74\" data-id=\"7f48d74\" data-element_type=\"column\" data-e-type=\"column\">\n\t\t\t<div class=\"elementor-widget-wrap elementor-element-populated\">\n\t\t\t\t\t\t<div class=\"elementor-element elementor-element-54aacc6 elementor-widget elementor-widget-text-editor\" data-id=\"54aacc6\" data-element_type=\"widget\" data-e-type=\"widget\" data-widget_type=\"text-editor.default\">\n\t\t\t\t<div class=\"elementor-widget-container\">\n\t\t\t\t\t\t\t\t\t<p>Eine Sonderausstellung mit Verkauf.<\/p>\n<p><!-- \/wp:paragraph --><!-- wp:paragraph --><\/p>\n<p><strong><em>Vernissage: Dienstag, 4. Februar 2025, 18:00 Uhr,<\/em><\/strong><\/p>\n<p>Mainzer Strasse 23&nbsp;<\/p>\n<p>Gallery Puzic\u0301 &#8211; Pop-up Galerie<\/p>\n<p><!-- \/wp:paragraph --><!-- wp:paragraph --><\/p>\n<p><strong><em>Ausstellung ist ge\u00f6ffnet jeden Nachmittag vom 4.2. bis 16.2. 2025 und nach Vereinbarung.<\/em><\/strong><\/p>\n<p><!-- \/wp:paragraph --><!-- wp:paragraph --><\/p>\n<p><!-- \/wp:paragraph --><!-- wp:paragraph --><\/p>\n<p>Am 4. 2. wird die Ausstellung \u201cViele Gr\u00fcnde 2\u201d er\u00f6ffnet. Sie ist die zweite Ausgabe des Formats der stillen Verkaufs-Ausstellung mit gr\u00f6sseren und kleineren Kunstwerken verschiedener K\u00fcnstler und K\u00fcnstlerinnen, die von der Gallery Puzi\u0107 vertreten werden.<\/p>\n<p>Darunter sind Kunstschaffende unserer Grenzregion, aber auch renommierte internationale Maler, Bildhauer und Medienk\u00fcnstler, darunter <strong>Matthias Brock, O.W. Himmel, Joachim Ickrath, Magdalena Grandmontagne, Sidonie Bilger, Bojan \u0160umonja, Marko Jak\u0161e, Hugo Boguslawski, Andr\u00e9 Mail\u00e4nder, Bodo Korsig, Min Clara Kim, Marusa Stibelj, Trevor Sutton, Ivan Koci\u0107, Gudrun Emmert, und Pit Molling.<\/strong><\/p>\n<p><\/p>\n<p>Im weiteren Verlauf der Fr\u00fchsommer &#8211; Aktionsreihe in der Pop-up Galerie wird es ein <a href=\"https:\/\/gallery-puzic.com\/en\/atelier-konzerte\/\"><strong>ATELIER KONZERT<\/strong><\/a> geben am 6. April und eine grosse Veranstaltung zu den Tagen der <a href=\"https:\/\/gallery-puzic.com\/en\/atelier-konzerte\/\"><strong>Hoffeste in der Mainzer Strasse am 1. Mai.<\/strong><\/a><\/p>\n<p><\/p>\n<p><!-- \/wp:paragraph --><!-- wp:paragraph --><\/p>\n<p>Wir d\u00fcrfen alle Kunstliebhaber und Sammler herzlich einladen &nbsp;und &nbsp;freuen uns auf Ihren Besuch.<\/p>\n<p><!-- \/wp:paragraph --><\/p>\t\t\t\t\t\t\t\t<\/div>\n\t\t\t\t<\/div>\n\t\t\t\t\t<\/div>\n\t\t<\/div>\n\t\t\t\t\t<\/div>\n\t\t<\/section>\n\t\t\t\t<section class=\"elementor-section elementor-top-section elementor-element elementor-element-c8d04b0 elementor-section-boxed elementor-section-height-default elementor-section-height-default\" data-id=\"c8d04b0\" data-element_type=\"section\" data-e-type=\"section\">\n\t\t\t\t\t\t<div class=\"elementor-container elementor-column-gap-default\">\n\t\t\t\t\t<div class=\"elementor-column elementor-col-100 elementor-top-column elementor-element elementor-element-479dd1b\" data-id=\"479dd1b\" data-element_type=\"column\" data-e-type=\"column\">\n\t\t\t<div class=\"elementor-widget-wrap elementor-element-populated\">\n\t\t\t\t\t\t<div class=\"elementor-element elementor-element-30ee5c8 elementor-widget-divider--view-line elementor-widget elementor-widget-divider\" data-id=\"30ee5c8\" data-element_type=\"widget\" data-e-type=\"widget\" data-widget_type=\"divider.default\">\n\t\t\t\t<div class=\"elementor-widget-container\">\n\t\t\t\t\t\t\t<div class=\"elementor-divider\">\n\t\t\t<span class=\"elementor-divider-separator\">\n\t\t\t\t\t\t<\/span>\n\t\t<\/div>\n\t\t\t\t\t\t<\/div>\n\t\t\t\t<\/div>\n\t\t\t\t\t<\/div>\n\t\t<\/div>\n\t\t\t\t\t<\/div>\n\t\t<\/section>\n\t\t\t\t<section class=\"elementor-section elementor-top-section elementor-element elementor-element-5fb45f0 elementor-section-boxed elementor-section-height-default elementor-section-height-default\" data-id=\"5fb45f0\" data-element_type=\"section\" data-e-type=\"section\">\n\t\t\t\t\t\t<div class=\"elementor-container elementor-column-gap-default\">\n\t\t\t\t\t<div class=\"elementor-column elementor-col-100 elementor-top-column elementor-element elementor-element-e3841b1\" data-id=\"e3841b1\" data-element_type=\"column\" data-e-type=\"column\">\n\t\t\t<div class=\"elementor-widget-wrap elementor-element-populated\">\n\t\t\t\t\t\t<div class=\"elementor-element elementor-element-d716ba2 elementor-widget elementor-widget-spacer\" data-id=\"d716ba2\" data-element_type=\"widget\" data-e-type=\"widget\" data-widget_type=\"spacer.default\">\n\t\t\t\t<div class=\"elementor-widget-container\">\n\t\t\t\t\t\t\t<div class=\"elementor-spacer\">\n\t\t\t<div class=\"elementor-spacer-inner\"><\/div>\n\t\t<\/div>\n\t\t\t\t\t\t<\/div>\n\t\t\t\t<\/div>\n\t\t\t\t\t<\/div>\n\t\t<\/div>\n\t\t\t\t\t<\/div>\n\t\t<\/section>\n\t\t\t\t<\/div>","protected":false},"excerpt":{"rendered":"<p>Viele Gr\u00fcnde 2 Eine Sonderausstellung mit Verkauf. Vernissage: Dienstag, 4. Februar 2025, 18:00 Uhr, Mainzer Strasse 23&nbsp; Gallery Puzic\u0301 &#8211; Pop-up Galerie Ausstellung ist ge\u00f6ffnet jeden Nachmittag vom 4.2. bis 16.2. 2025 und nach Vereinbarung. Am 4. 2. wird die Ausstellung \u201cViele Gr\u00fcnde 2\u201d er\u00f6ffnet. Sie ist die zweite Ausgabe des Formats der stillen Verkaufs-Ausstellung [&hellip;]<\/p>\n","protected":false},"author":1,"featured_media":0,"parent":0,"menu_order":0,"comment_status":"closed","ping_status":"closed","template":"","meta":{"footnotes":""},"class_list":["post-3957","page","type-page","status-publish","hentry"],"_links":{"self":[{"href":"https:\/\/gallery-puzic.com\/en\/wp-json\/wp\/v2\/pages\/3957","targetHints":{"allow":["GET"]}}],"collection":[{"href":"https:\/\/gallery-puzic.com\/en\/wp-json\/wp\/v2\/pages"}],"about":[{"href":"https:\/\/gallery-puzic.com\/en\/wp-json\/wp\/v2\/types\/page"}],"author":[{"embeddable":true,"href":"https:\/\/gallery-puzic.com\/en\/wp-json\/wp\/v2\/users\/1"}],"replies":[{"embeddable":true,"href":"https:\/\/gallery-puzic.com\/en\/wp-json\/wp\/v2\/comments?post=3957"}],"version-history":[{"count":35,"href":"https:\/\/gallery-puzic.com\/en\/wp-json\/wp\/v2\/pages\/3957\/revisions"}],"predecessor-version":[{"id":7316,"href":"https:\/\/gallery-puzic.com\/en\/wp-json\/wp\/v2\/pages\/3957\/revisions\/7316"}],"wp:attachment":[{"href":"https:\/\/gallery-puzic.com\/en\/wp-json\/wp\/v2\/media?parent=3957"}],"curies":[{"name":"wp","href":"https:\/\/api.w.org\/{rel}","templated":true}]}}