{"id":3865,"date":"2024-05-06T14:07:43","date_gmt":"2024-05-06T14:07:43","guid":{"rendered":"https:\/\/gallery-puzic.com\/?page_id=3865"},"modified":"2024-06-20T09:46:06","modified_gmt":"2024-06-20T09:46:06","slug":"after-the-battle","status":"publish","type":"page","link":"https:\/\/gallery-puzic.com\/en\/after-the-battle\/","title":{"rendered":"After the battle"},"content":{"rendered":"\t\t<div data-elementor-type=\"wp-post\" data-elementor-id=\"3865\" class=\"elementor elementor-3865\">\n\t\t\t\t\t\t<section class=\"elementor-section elementor-top-section elementor-element elementor-element-5286ded elementor-section-boxed elementor-section-height-default elementor-section-height-default\" data-id=\"5286ded\" data-element_type=\"section\" data-e-type=\"section\">\n\t\t\t\t\t\t<div class=\"elementor-container elementor-column-gap-default\">\n\t\t\t\t\t<div class=\"elementor-column elementor-col-33 elementor-top-column elementor-element elementor-element-e9ee559\" data-id=\"e9ee559\" data-element_type=\"column\" data-e-type=\"column\">\n\t\t\t<div class=\"elementor-widget-wrap\">\n\t\t\t\t\t\t\t<\/div>\n\t\t<\/div>\n\t\t\t\t<div class=\"elementor-column elementor-col-33 elementor-top-column elementor-element elementor-element-e6582b1\" data-id=\"e6582b1\" data-element_type=\"column\" data-e-type=\"column\">\n\t\t\t<div class=\"elementor-widget-wrap\">\n\t\t\t\t\t\t\t<\/div>\n\t\t<\/div>\n\t\t\t\t<div class=\"elementor-column elementor-col-33 elementor-top-column elementor-element elementor-element-b2c70f0\" data-id=\"b2c70f0\" data-element_type=\"column\" data-e-type=\"column\">\n\t\t\t<div class=\"elementor-widget-wrap elementor-element-populated\">\n\t\t\t\t\t\t<div class=\"elementor-element elementor-element-47965bd elementor-widget elementor-widget-shortcode\" data-id=\"47965bd\" data-element_type=\"widget\" data-e-type=\"widget\" data-widget_type=\"shortcode.default\">\n\t\t\t\t<div class=\"elementor-widget-container\">\n\t\t\t\t\t\t\t<div class=\"elementor-shortcode\"><div class=\"trp_language_switcher_shortcode\">\n<div class=\"trp-language-switcher trp-language-switcher-container\" data-no-translation >\n    <div class=\"trp-ls-shortcode-current-language\">\n        <a href=\"#\" class=\"trp-ls-shortcode-disabled-language trp-ls-disabled-language\" title=\"English\" onclick=\"event.preventDefault()\">\n\t\t\t<img decoding=\"async\" class=\"trp-flag-image\" src=\"https:\/\/gallery-puzic.com\/wp-content\/plugins\/translatepress-multilingual\/assets\/images\/flags\/en_US.png\" width=\"18\" height=\"12\" alt=\"en_US\" title=\"English\"> \t\t<\/a>\n    <\/div>\n    <div class=\"trp-ls-shortcode-language\">\n                <a href=\"#\" class=\"trp-ls-shortcode-disabled-language trp-ls-disabled-language\"  title=\"English\" onclick=\"event.preventDefault()\">\n\t\t\t<img decoding=\"async\" class=\"trp-flag-image\" src=\"https:\/\/gallery-puzic.com\/wp-content\/plugins\/translatepress-multilingual\/assets\/images\/flags\/en_US.png\" width=\"18\" height=\"12\" alt=\"en_US\" title=\"English\"> \t\t<\/a>\n                    <a href=\"https:\/\/gallery-puzic.com\/en\/wp-json\/wp\/v2\/pages\/3865#TRPLINKPROCESSED\" title=\"German\">\n            <img decoding=\"async\" class=\"trp-flag-image\" src=\"https:\/\/gallery-puzic.com\/wp-content\/plugins\/translatepress-multilingual\/assets\/images\/flags\/de_DE.png\" width=\"18\" height=\"12\" alt=\"de_DE\" title=\"German\">         <\/a>\n\n        <\/div>\n    <script type=\"application\/javascript\">\n        \/\/ need to have the same with set from JS on both divs. Otherwise it can push stuff around in HTML\n        var trp_ls_shortcodes = document.querySelectorAll('.trp_language_switcher_shortcode .trp-language-switcher');\n        if ( trp_ls_shortcodes.length > 0) {\n            \/\/ get the last language switcher added\n            var trp_el = trp_ls_shortcodes[trp_ls_shortcodes.length - 1];\n\n            var trp_shortcode_language_item = trp_el.querySelector( '.trp-ls-shortcode-language' )\n            \/\/ set width\n            var trp_ls_shortcode_width                                               = trp_shortcode_language_item.offsetWidth + 16;\n            trp_shortcode_language_item.style.width                                  = trp_ls_shortcode_width + 'px';\n            trp_el.querySelector( '.trp-ls-shortcode-current-language' ).style.width = trp_ls_shortcode_width + 'px';\n\n            \/\/ We're putting this on display: none after we have its width.\n            trp_shortcode_language_item.style.display = 'none';\n        }\n    <\/script>\n<\/div>\n<\/div><\/div>\n\t\t\t\t\t\t<\/div>\n\t\t\t\t<\/div>\n\t\t\t\t\t<\/div>\n\t\t<\/div>\n\t\t\t\t\t<\/div>\n\t\t<\/section>\n\t\t\t\t<section class=\"elementor-section elementor-top-section elementor-element elementor-element-0f74e72 elementor-section-boxed elementor-section-height-default elementor-section-height-default\" data-id=\"0f74e72\" data-element_type=\"section\" data-e-type=\"section\">\n\t\t\t\t\t\t<div class=\"elementor-container elementor-column-gap-default\">\n\t\t\t\t\t<div class=\"elementor-column elementor-col-100 elementor-top-column elementor-element elementor-element-aae83f9\" data-id=\"aae83f9\" data-element_type=\"column\" data-e-type=\"column\">\n\t\t\t<div class=\"elementor-widget-wrap elementor-element-populated\">\n\t\t\t\t\t\t<div class=\"elementor-element elementor-element-556b9cd elementor-widget elementor-widget-spacer\" data-id=\"556b9cd\" data-element_type=\"widget\" data-e-type=\"widget\" data-widget_type=\"spacer.default\">\n\t\t\t\t<div class=\"elementor-widget-container\">\n\t\t\t\t\t\t\t<div class=\"elementor-spacer\">\n\t\t\t<div class=\"elementor-spacer-inner\"><\/div>\n\t\t<\/div>\n\t\t\t\t\t\t<\/div>\n\t\t\t\t<\/div>\n\t\t\t\t\t<\/div>\n\t\t<\/div>\n\t\t\t\t\t<\/div>\n\t\t<\/section>\n\t\t\t\t<section class=\"elementor-section elementor-top-section elementor-element elementor-element-51b989f elementor-section-boxed elementor-section-height-default elementor-section-height-default\" data-id=\"51b989f\" data-element_type=\"section\" data-e-type=\"section\">\n\t\t\t\t\t\t<div class=\"elementor-container elementor-column-gap-default\">\n\t\t\t\t\t<div class=\"elementor-column elementor-col-100 elementor-top-column elementor-element elementor-element-86eaf51\" data-id=\"86eaf51\" data-element_type=\"column\" data-e-type=\"column\">\n\t\t\t<div class=\"elementor-widget-wrap elementor-element-populated\">\n\t\t\t\t\t\t<div class=\"elementor-element elementor-element-2036972 elementor-widget elementor-widget-heading\" data-id=\"2036972\" data-element_type=\"widget\" data-e-type=\"widget\" data-widget_type=\"heading.default\">\n\t\t\t\t<div class=\"elementor-widget-container\">\n\t\t\t\t\t<h2 class=\"elementor-heading-title elementor-size-default\">After the battle all generals are fucked<\/h2>\t\t\t\t<\/div>\n\t\t\t\t<\/div>\n\t\t\t\t\t<\/div>\n\t\t<\/div>\n\t\t\t\t\t<\/div>\n\t\t<\/section>\n\t\t\t\t<section class=\"elementor-section elementor-top-section elementor-element elementor-element-4002cf1 elementor-section-boxed elementor-section-height-default elementor-section-height-default\" data-id=\"4002cf1\" data-element_type=\"section\" data-e-type=\"section\">\n\t\t\t\t\t\t<div class=\"elementor-container elementor-column-gap-default\">\n\t\t\t\t\t<div class=\"elementor-column elementor-col-100 elementor-top-column elementor-element elementor-element-5ab147b\" data-id=\"5ab147b\" data-element_type=\"column\" data-e-type=\"column\">\n\t\t\t<div class=\"elementor-widget-wrap elementor-element-populated\">\n\t\t\t\t\t\t<div class=\"elementor-element elementor-element-1497162 elementor-widget__width-initial elementor-widget elementor-widget-text-editor\" data-id=\"1497162\" data-element_type=\"widget\" data-e-type=\"widget\" data-widget_type=\"text-editor.default\">\n\t\t\t\t<div class=\"elementor-widget-container\">\n\t\t\t\t\t\t\t\t\t<h4><strong>Traumwelten auf Leinwand von Bojan S\u030cumonja &amp; Marko Jaks\u030ce<\/strong><\/h4><p><strong>\u00a0<\/strong><strong>\u00a0\u00a0\u00a0\u00a0\u00a0\u00a0 <br \/><\/strong><\/p><p>Vernissage \u2013 Dienstag 14. Mai, 18:00 \u2013 21:00 Uhr<br \/>Johannisstrasse 3A, 66111 Saarbr\u00fccken \u00a0\/\/\u00a0\u00a0 Dauer der Ausstellung: 14. 5. \u2013 19.6. 2024<\/p><h6>Kurator &amp; Vortragender: Esad Puzic\u0301<\/h6><p>Introductions: Johannes Birringer<\/p><p><img fetchpriority=\"high\" decoding=\"async\" src=\"https:\/\/gallery-puzic.com\/wp-content\/uploads\/2024\/05\/15-300x208.jpg\" alt=\"\" width=\"323\" height=\"224\" \/> <img loading=\"lazy\" decoding=\"async\" src=\"https:\/\/gallery-puzic.com\/wp-content\/uploads\/2024\/05\/8-300x212.jpg\" alt=\"\" width=\"318\" height=\"225\" \/><\/p><p>Marko Jak\u0161e &amp; Bojan S\u030cumonja, <em>Pasta al dente di leone<\/em>, 2017 \/ <em>La notte id maggio nella baia zonchi<\/em>, 2018<\/p><p>Gallery Puzi\u0107 er\u00f6ffnete am 14. Mai 2024\u00a0 die Ausstellung von zwei der wichtigsten und aufsehenerregendsten K\u00fcnstlern Mitteleuropas \u2013 Bojan \u0160umonja (Kroatien) und Marko Jak\u0161e (Slowenien).<\/p><p><a href=\"https:\/\/www.youtube.com\/watch?v=f9dia3ZqBA4\"><em>Film von der Vernissage<\/em><\/a><\/p><p>Bojan \u0160umonja\u00a0ist zu Recht einer der bekanntesten und am meisten anerkannten kroatischen bildenden K\u00fcnstler der letzten Dekaden. Er hat \u00fcber 100 Mal europaweit und in den USA selbst\u00e4ndig ausgestellt. Seine Werke sind, unter anderem, bereits in<strong>\u00a0Venedig, Mailand, Berlin, Hamburg, Wien, Klagenfurt, Graz, Br\u00fcssel, Ljubljana, Luxemburg, New Orleans, Zagreb, Dubrovnik<\/strong><strong>\u00a0<\/strong>und ganz\u00a0<strong>Kroatien<\/strong><strong>\u00a0<\/strong>bei selbst\u00e4ndigen Ausstellungen vorgestellt worden. In seinen reichen, barocken Bildkompositionen tauchen oft Schafe, hagere Flamingos, V\u00f6gel, Fl\u00fcchtlinge und Superhelden auf, in manchmal absurden und gef\u00e4hrlichen Szenarien \u00f6kologischer, sozialer und politischer Katastrophen oder dystopischer Landschaften. Gleichzeitig durchwandern vielschichtige ironische Verweise (f\u00fcr die der K\u00fcnstler als erster \u201ePostmoderner\u201c der kroatischen Szene gefeiert wurde) diese dunklen Schlachtfelder \u2013 Zitate aus Stummfilm (Buster Keaton), klassischer Kunst und Pop Art tauchen auf, nach der Schlacht rennen kleine Osterhasen und andere Cartoon Fig\u00fcrchen herum, oder Menschenherden verneigen sich, wie afrikanische Strau\u00dfe, ihre K\u00f6pfe im Sand versteckend. \u0160umonjas j\u00fcngste Gem\u00e4lde, wie auch die \u201ekollektiven\u201c Arbeiten (<em>One Dollar Bill<\/em>) mit Marko Jak\u0161e, strahlen auff\u00e4llige chromatische Besonderheiten auf und verkn\u00fcpfen vielseitige Motive und Raumsysteme.<\/p><p>Der slowenische K\u00fcnstler Marko Jak\u0161e wird von Kunstexperten f\u00fcr seine expressiven Werke mit kontrastreichen Elementen und fantasievollen, poetischen Szenarien gesch\u00e4tzt. Seit mehr als 30 Jahren begeistern seine k\u00fcnstlerischen Visionen mit vielschichtigen und facettenreichen Werken, die eine einzigartige Strahlkraft besitzen, und bereits mit vielen Preisen ausgezeichnet wurden. Unter anderem vertrat Marko Jak\u0161e Slowenien auf der 59. Biennale in Venedig (2022). Eine starke Inspirationsquelle ist die Tier- und Pflanzenwelt: das Ergebnis sind surreal anmutende Welten, die die Sch\u00f6nheit der Natur hervorheben aber auch ganz fantastische, kuriose und surreale Elemente verflechten.<\/p><p>Der sarkastische Titel unserer Ausstellung zielt auf die innovativen Bild- und Stilkombinationen der beiden Maler hin, deren fiktive, mutierte oder reale Figuren\/Naturen unser Vorstellungsverm\u00f6gen wie sonderbare Grimassen anl\u00e4cheln und in schwerm\u00fctige Tr\u00e4ume verwandeln.<\/p><h4>\u0160umonjak\u0161e<\/h4><p>Ganz ungew\u00f6hnlich f\u00fcr unsere westliche Kunstwelt ist dar\u00fcber hinaus die Tatsache, dass auch f\u00fcr diese Ausstellung die beiden K\u00fcnstler im Kollektiv gearbeitet haben, d.h. die Gem\u00e4lde wurden von beiden, wie bei <em>One Dollar Bill<\/em>, entworfen und entwickelt.<\/p><p>Im Er\u00f6ffnungsgespr\u00e4ch w\u00e4hrend der Vernissage sagte \u0160umonja zu diesem Aspekt der Zusammenarbeit, dass beide sich \u00e4hnlich wie Jazz-Musiker verst\u00fcnden, sie improvisieren zusammen mit ihren Instrumenten und entwickeln das Leitmotiv und die Geschichte eines Gem\u00e4ldes weiter, die Komposition vertiefend und variierend.<\/p><p><img loading=\"lazy\" decoding=\"async\" class=\"alignnone size-medium wp-image-4081\" src=\"https:\/\/gallery-puzic.com\/wp-content\/uploads\/2024\/05\/After-the-battle_-vernissage-Esad-and-guest-300x200.jpg\" alt=\"\" width=\"300\" height=\"200\" srcset=\"https:\/\/gallery-puzic.com\/wp-content\/uploads\/2024\/05\/After-the-battle_-vernissage-Esad-and-guest-300x200.jpg 300w, https:\/\/gallery-puzic.com\/wp-content\/uploads\/2024\/05\/After-the-battle_-vernissage-Esad-and-guest-1024x683.jpg 1024w, https:\/\/gallery-puzic.com\/wp-content\/uploads\/2024\/05\/After-the-battle_-vernissage-Esad-and-guest-768x512.jpg 768w, https:\/\/gallery-puzic.com\/wp-content\/uploads\/2024\/05\/After-the-battle_-vernissage-Esad-and-guest-1536x1024.jpg 1536w, https:\/\/gallery-puzic.com\/wp-content\/uploads\/2024\/05\/After-the-battle_-vernissage-Esad-and-guest-18x12.jpg 18w, https:\/\/gallery-puzic.com\/wp-content\/uploads\/2024\/05\/After-the-battle_-vernissage-Esad-and-guest.jpg 2048w\" sizes=\"(max-width: 300px) 100vw, 300px\" \/> <img loading=\"lazy\" decoding=\"async\" class=\"wp-image-3888 size-medium\" src=\"https:\/\/gallery-puzic.com\/wp-content\/uploads\/2024\/05\/jb-opening-talk-225x300.jpg\" alt=\"\" width=\"225\" height=\"300\" srcset=\"https:\/\/gallery-puzic.com\/wp-content\/uploads\/2024\/05\/jb-opening-talk-225x300.jpg 225w, https:\/\/gallery-puzic.com\/wp-content\/uploads\/2024\/05\/jb-opening-talk-768x1024.jpg 768w, https:\/\/gallery-puzic.com\/wp-content\/uploads\/2024\/05\/jb-opening-talk-1152x1536.jpg 1152w, https:\/\/gallery-puzic.com\/wp-content\/uploads\/2024\/05\/jb-opening-talk-9x12.jpg 9w, https:\/\/gallery-puzic.com\/wp-content\/uploads\/2024\/05\/jb-opening-talk.jpg 1536w\" sizes=\"(max-width: 225px) 100vw, 225px\" \/> <img loading=\"lazy\" decoding=\"async\" class=\"alignnone size-medium wp-image-4083\" src=\"https:\/\/gallery-puzic.com\/wp-content\/uploads\/2024\/05\/Nermina-Dzenana-300x200.jpg\" alt=\"\" width=\"300\" height=\"200\" srcset=\"https:\/\/gallery-puzic.com\/wp-content\/uploads\/2024\/05\/Nermina-Dzenana-300x200.jpg 300w, https:\/\/gallery-puzic.com\/wp-content\/uploads\/2024\/05\/Nermina-Dzenana-1024x683.jpg 1024w, https:\/\/gallery-puzic.com\/wp-content\/uploads\/2024\/05\/Nermina-Dzenana-768x512.jpg 768w, https:\/\/gallery-puzic.com\/wp-content\/uploads\/2024\/05\/Nermina-Dzenana-1536x1024.jpg 1536w, https:\/\/gallery-puzic.com\/wp-content\/uploads\/2024\/05\/Nermina-Dzenana-18x12.jpg 18w, https:\/\/gallery-puzic.com\/wp-content\/uploads\/2024\/05\/Nermina-Dzenana.jpg 2048w\" sizes=\"(max-width: 300px) 100vw, 300px\" \/><\/p><p><img loading=\"lazy\" decoding=\"async\" class=\"alignnone size-medium wp-image-3920\" src=\"https:\/\/gallery-puzic.com\/wp-content\/uploads\/2024\/05\/vernissage_after-the-battle2-300x225.jpg\" alt=\"\" width=\"300\" height=\"225\" srcset=\"https:\/\/gallery-puzic.com\/wp-content\/uploads\/2024\/05\/vernissage_after-the-battle2-300x225.jpg 300w, https:\/\/gallery-puzic.com\/wp-content\/uploads\/2024\/05\/vernissage_after-the-battle2-1024x768.jpg 1024w, https:\/\/gallery-puzic.com\/wp-content\/uploads\/2024\/05\/vernissage_after-the-battle2-768x576.jpg 768w, https:\/\/gallery-puzic.com\/wp-content\/uploads\/2024\/05\/vernissage_after-the-battle2-1536x1152.jpg 1536w, https:\/\/gallery-puzic.com\/wp-content\/uploads\/2024\/05\/vernissage_after-the-battle2-2048x1536.jpg 2048w, https:\/\/gallery-puzic.com\/wp-content\/uploads\/2024\/05\/vernissage_after-the-battle2-16x12.jpg 16w\" sizes=\"(max-width: 300px) 100vw, 300px\" \/> <img loading=\"lazy\" decoding=\"async\" class=\"alignnone size-medium wp-image-3892\" src=\"https:\/\/gallery-puzic.com\/wp-content\/uploads\/2024\/05\/vernissage_after-the-battle-300x225.jpg\" alt=\"\" width=\"300\" height=\"225\" srcset=\"https:\/\/gallery-puzic.com\/wp-content\/uploads\/2024\/05\/vernissage_after-the-battle-300x225.jpg 300w, https:\/\/gallery-puzic.com\/wp-content\/uploads\/2024\/05\/vernissage_after-the-battle-1024x768.jpg 1024w, https:\/\/gallery-puzic.com\/wp-content\/uploads\/2024\/05\/vernissage_after-the-battle-768x576.jpg 768w, https:\/\/gallery-puzic.com\/wp-content\/uploads\/2024\/05\/vernissage_after-the-battle-1536x1152.jpg 1536w, https:\/\/gallery-puzic.com\/wp-content\/uploads\/2024\/05\/vernissage_after-the-battle-2048x1536.jpg 2048w, https:\/\/gallery-puzic.com\/wp-content\/uploads\/2024\/05\/vernissage_after-the-battle-16x12.jpg 16w\" sizes=\"(max-width: 300px) 100vw, 300px\" \/> <img loading=\"lazy\" decoding=\"async\" class=\"alignnone size-medium wp-image-3890\" src=\"https:\/\/gallery-puzic.com\/wp-content\/uploads\/2024\/05\/vernissage_after-the-battle4-300x225.jpg\" alt=\"\" width=\"300\" height=\"225\" srcset=\"https:\/\/gallery-puzic.com\/wp-content\/uploads\/2024\/05\/vernissage_after-the-battle4-300x225.jpg 300w, https:\/\/gallery-puzic.com\/wp-content\/uploads\/2024\/05\/vernissage_after-the-battle4-1024x768.jpg 1024w, https:\/\/gallery-puzic.com\/wp-content\/uploads\/2024\/05\/vernissage_after-the-battle4-768x576.jpg 768w, https:\/\/gallery-puzic.com\/wp-content\/uploads\/2024\/05\/vernissage_after-the-battle4-1536x1152.jpg 1536w, https:\/\/gallery-puzic.com\/wp-content\/uploads\/2024\/05\/vernissage_after-the-battle4-2048x1536.jpg 2048w, https:\/\/gallery-puzic.com\/wp-content\/uploads\/2024\/05\/vernissage_after-the-battle4-16x12.jpg 16w\" sizes=\"(max-width: 300px) 100vw, 300px\" \/><\/p><p>\u00a0<img loading=\"lazy\" decoding=\"async\" class=\"alignnone size-medium wp-image-4084\" src=\"https:\/\/gallery-puzic.com\/wp-content\/uploads\/2024\/05\/Johannes-Baerbel-300x200.jpg\" alt=\"\" width=\"300\" height=\"200\" srcset=\"https:\/\/gallery-puzic.com\/wp-content\/uploads\/2024\/05\/Johannes-Baerbel-300x200.jpg 300w, https:\/\/gallery-puzic.com\/wp-content\/uploads\/2024\/05\/Johannes-Baerbel-1024x683.jpg 1024w, https:\/\/gallery-puzic.com\/wp-content\/uploads\/2024\/05\/Johannes-Baerbel-768x512.jpg 768w, https:\/\/gallery-puzic.com\/wp-content\/uploads\/2024\/05\/Johannes-Baerbel-1536x1024.jpg 1536w, https:\/\/gallery-puzic.com\/wp-content\/uploads\/2024\/05\/Johannes-Baerbel-18x12.jpg 18w, https:\/\/gallery-puzic.com\/wp-content\/uploads\/2024\/05\/Johannes-Baerbel.jpg 2048w\" sizes=\"(max-width: 300px) 100vw, 300px\" \/> <img loading=\"lazy\" decoding=\"async\" class=\"alignnone size-medium wp-image-4080\" src=\"https:\/\/gallery-puzic.com\/wp-content\/uploads\/2024\/05\/After-the-battle_-vernissage-Boyan-Mirsad-300x200.jpg\" alt=\"\" width=\"300\" height=\"200\" srcset=\"https:\/\/gallery-puzic.com\/wp-content\/uploads\/2024\/05\/After-the-battle_-vernissage-Boyan-Mirsad-300x200.jpg 300w, https:\/\/gallery-puzic.com\/wp-content\/uploads\/2024\/05\/After-the-battle_-vernissage-Boyan-Mirsad-1024x683.jpg 1024w, https:\/\/gallery-puzic.com\/wp-content\/uploads\/2024\/05\/After-the-battle_-vernissage-Boyan-Mirsad-768x512.jpg 768w, https:\/\/gallery-puzic.com\/wp-content\/uploads\/2024\/05\/After-the-battle_-vernissage-Boyan-Mirsad-1536x1024.jpg 1536w, https:\/\/gallery-puzic.com\/wp-content\/uploads\/2024\/05\/After-the-battle_-vernissage-Boyan-Mirsad-18x12.jpg 18w, https:\/\/gallery-puzic.com\/wp-content\/uploads\/2024\/05\/After-the-battle_-vernissage-Boyan-Mirsad.jpg 2048w\" sizes=\"(max-width: 300px) 100vw, 300px\" \/> <img loading=\"lazy\" decoding=\"async\" class=\"alignnone size-medium wp-image-4082\" src=\"https:\/\/gallery-puzic.com\/wp-content\/uploads\/2024\/05\/Naida-and-her-sister-300x200.jpg\" alt=\"\" width=\"300\" height=\"200\" srcset=\"https:\/\/gallery-puzic.com\/wp-content\/uploads\/2024\/05\/Naida-and-her-sister-300x200.jpg 300w, https:\/\/gallery-puzic.com\/wp-content\/uploads\/2024\/05\/Naida-and-her-sister-1024x683.jpg 1024w, https:\/\/gallery-puzic.com\/wp-content\/uploads\/2024\/05\/Naida-and-her-sister-768x512.jpg 768w, https:\/\/gallery-puzic.com\/wp-content\/uploads\/2024\/05\/Naida-and-her-sister-1536x1024.jpg 1536w, https:\/\/gallery-puzic.com\/wp-content\/uploads\/2024\/05\/Naida-and-her-sister-18x12.jpg 18w, https:\/\/gallery-puzic.com\/wp-content\/uploads\/2024\/05\/Naida-and-her-sister.jpg 2048w\" sizes=\"(max-width: 300px) 100vw, 300px\" \/><\/p><p>Zu der Vorstellung der Kunstwerke war auch ein weiterer Gast, Peter Tomaz\u030c Dobrila, Direktor des Multimedia Center <a href=\"http:\/\/www.kibla.org\/\">KIBLA<\/a> in Maribor (Slowenien), angereist und zugegen. Beide K\u00fcnstler haben mit <a href=\"http:\/\/www.kibla.org\/\">KIBLA<\/a> schon zusammengearbeitet und dort ausgestellt, und Gallery Puzi\u0107 freut sich \u00fcber den Besuch des renommierten Gr\u00fcnders\/Direktors des dortigen Kunstzentrums.<\/p><p>Wir d\u00fcrfen alle Kunstliebhaber und Sammler ganz herzlich einladen und freuen uns auf Ihren Besuch.<\/p><p>Photo credit: J. Birringer,\u00a0 M.Puzi\u0107, and Sinis\u030ca Galic\u0301<\/p>\t\t\t\t\t\t\t\t<\/div>\n\t\t\t\t<\/div>\n\t\t\t\t\t<\/div>\n\t\t<\/div>\n\t\t\t\t\t<\/div>\n\t\t<\/section>\n\t\t\t\t<section class=\"elementor-section elementor-top-section elementor-element elementor-element-595c7f8 elementor-section-boxed elementor-section-height-default elementor-section-height-default\" data-id=\"595c7f8\" data-element_type=\"section\" data-e-type=\"section\">\n\t\t\t\t\t\t<div class=\"elementor-container elementor-column-gap-default\">\n\t\t\t\t\t<div class=\"elementor-column elementor-col-100 elementor-top-column elementor-element elementor-element-14c226c\" data-id=\"14c226c\" data-element_type=\"column\" data-e-type=\"column\">\n\t\t\t<div class=\"elementor-widget-wrap elementor-element-populated\">\n\t\t\t\t\t\t<div class=\"elementor-element elementor-element-75fff20 elementor-widget elementor-widget-spacer\" data-id=\"75fff20\" data-element_type=\"widget\" data-e-type=\"widget\" data-widget_type=\"spacer.default\">\n\t\t\t\t<div class=\"elementor-widget-container\">\n\t\t\t\t\t\t\t<div class=\"elementor-spacer\">\n\t\t\t<div class=\"elementor-spacer-inner\"><\/div>\n\t\t<\/div>\n\t\t\t\t\t\t<\/div>\n\t\t\t\t<\/div>\n\t\t\t\t\t<\/div>\n\t\t<\/div>\n\t\t\t\t\t<\/div>\n\t\t<\/section>\n\t\t\t\t<\/div>\n\t\t","protected":false},"excerpt":{"rendered":"<p>After the battle all generals are fucked Traumwelten auf Leinwand von Bojan S\u030cumonja &amp; Marko Jaks\u030ce \u00a0\u00a0\u00a0\u00a0\u00a0\u00a0\u00a0 Vernissage \u2013 Dienstag 14. Mai, 18:00 \u2013 21:00 UhrJohannisstrasse 3A, 66111 Saarbr\u00fccken \u00a0\/\/\u00a0\u00a0 Dauer der Ausstellung: 14. 5. \u2013 19.6. 2024 Kurator &amp; Vortragender: Esad Puzic\u0301 Introductions: Johannes Birringer Marko Jak\u0161e &amp; Bojan S\u030cumonja, Pasta al dente di [&hellip;]<\/p>\n","protected":false},"author":2,"featured_media":0,"parent":0,"menu_order":0,"comment_status":"closed","ping_status":"closed","template":"","meta":{"footnotes":""},"class_list":["post-3865","page","type-page","status-publish","hentry"],"_links":{"self":[{"href":"https:\/\/gallery-puzic.com\/en\/wp-json\/wp\/v2\/pages\/3865","targetHints":{"allow":["GET"]}}],"collection":[{"href":"https:\/\/gallery-puzic.com\/en\/wp-json\/wp\/v2\/pages"}],"about":[{"href":"https:\/\/gallery-puzic.com\/en\/wp-json\/wp\/v2\/types\/page"}],"author":[{"embeddable":true,"href":"https:\/\/gallery-puzic.com\/en\/wp-json\/wp\/v2\/users\/2"}],"replies":[{"embeddable":true,"href":"https:\/\/gallery-puzic.com\/en\/wp-json\/wp\/v2\/comments?post=3865"}],"version-history":[{"count":59,"href":"https:\/\/gallery-puzic.com\/en\/wp-json\/wp\/v2\/pages\/3865\/revisions"}],"predecessor-version":[{"id":4384,"href":"https:\/\/gallery-puzic.com\/en\/wp-json\/wp\/v2\/pages\/3865\/revisions\/4384"}],"wp:attachment":[{"href":"https:\/\/gallery-puzic.com\/en\/wp-json\/wp\/v2\/media?parent=3865"}],"curies":[{"name":"wp","href":"https:\/\/api.w.org\/{rel}","templated":true}]}}