{"id":3608,"date":"2024-03-15T11:00:52","date_gmt":"2024-03-15T11:00:52","guid":{"rendered":"https:\/\/gallery-puzic.com\/?page_id=3608"},"modified":"2024-05-18T11:42:31","modified_gmt":"2024-05-18T11:42:31","slug":"autobiographie-und-kunst","status":"publish","type":"page","link":"https:\/\/gallery-puzic.com\/en\/autobiographie-und-kunst\/","title":{"rendered":"Autobiographisches Schreiben"},"content":{"rendered":"\t\t<div data-elementor-type=\"wp-page\" data-elementor-id=\"3608\" class=\"elementor elementor-3608\">\n\t\t\t\t\t\t<section class=\"elementor-section elementor-top-section elementor-element elementor-element-265ad3e elementor-section-boxed elementor-section-height-default elementor-section-height-default\" data-id=\"265ad3e\" data-element_type=\"section\" data-e-type=\"section\">\n\t\t\t\t\t\t<div class=\"elementor-container elementor-column-gap-default\">\n\t\t\t\t\t<div class=\"elementor-column elementor-col-33 elementor-top-column elementor-element elementor-element-aeb4576\" data-id=\"aeb4576\" data-element_type=\"column\" data-e-type=\"column\">\n\t\t\t<div class=\"elementor-widget-wrap\">\n\t\t\t\t\t\t\t<\/div>\n\t\t<\/div>\n\t\t\t\t<div class=\"elementor-column elementor-col-33 elementor-top-column elementor-element elementor-element-e8928fd\" data-id=\"e8928fd\" data-element_type=\"column\" data-e-type=\"column\">\n\t\t\t<div class=\"elementor-widget-wrap\">\n\t\t\t\t\t\t\t<\/div>\n\t\t<\/div>\n\t\t\t\t<div class=\"elementor-column elementor-col-33 elementor-top-column elementor-element elementor-element-5fb2f50\" data-id=\"5fb2f50\" data-element_type=\"column\" data-e-type=\"column\">\n\t\t\t<div class=\"elementor-widget-wrap elementor-element-populated\">\n\t\t\t\t\t\t<div class=\"elementor-element elementor-element-c6e8e0a elementor-widget elementor-widget-shortcode\" data-id=\"c6e8e0a\" data-element_type=\"widget\" data-e-type=\"widget\" data-widget_type=\"shortcode.default\">\n\t\t\t\t<div class=\"elementor-widget-container\">\n\t\t\t\t\t\t\t<div class=\"elementor-shortcode\"><div class=\"trp_language_switcher_shortcode\">\n<div class=\"trp-language-switcher trp-language-switcher-container\" data-no-translation >\n    <div class=\"trp-ls-shortcode-current-language\">\n        <a href=\"#\" class=\"trp-ls-shortcode-disabled-language trp-ls-disabled-language\" title=\"English\" onclick=\"event.preventDefault()\">\n\t\t\t<img decoding=\"async\" class=\"trp-flag-image\" src=\"https:\/\/gallery-puzic.com\/wp-content\/plugins\/translatepress-multilingual\/assets\/images\/flags\/en_US.png\" width=\"18\" height=\"12\" alt=\"en_US\" title=\"English\"> \t\t<\/a>\n    <\/div>\n    <div class=\"trp-ls-shortcode-language\">\n                <a href=\"#\" class=\"trp-ls-shortcode-disabled-language trp-ls-disabled-language\"  title=\"English\" onclick=\"event.preventDefault()\">\n\t\t\t<img decoding=\"async\" class=\"trp-flag-image\" src=\"https:\/\/gallery-puzic.com\/wp-content\/plugins\/translatepress-multilingual\/assets\/images\/flags\/en_US.png\" width=\"18\" height=\"12\" alt=\"en_US\" title=\"English\"> \t\t<\/a>\n                    <a href=\"https:\/\/gallery-puzic.com\/en\/wp-json\/wp\/v2\/pages\/3608#TRPLINKPROCESSED\" title=\"German\">\n            <img decoding=\"async\" class=\"trp-flag-image\" src=\"https:\/\/gallery-puzic.com\/wp-content\/plugins\/translatepress-multilingual\/assets\/images\/flags\/de_DE.png\" width=\"18\" height=\"12\" alt=\"de_DE\" title=\"German\">         <\/a>\n\n        <\/div>\n    <script type=\"application\/javascript\">\n        \/\/ need to have the same with set from JS on both divs. Otherwise it can push stuff around in HTML\n        var trp_ls_shortcodes = document.querySelectorAll('.trp_language_switcher_shortcode .trp-language-switcher');\n        if ( trp_ls_shortcodes.length > 0) {\n            \/\/ get the last language switcher added\n            var trp_el = trp_ls_shortcodes[trp_ls_shortcodes.length - 1];\n\n            var trp_shortcode_language_item = trp_el.querySelector( '.trp-ls-shortcode-language' )\n            \/\/ set width\n            var trp_ls_shortcode_width                                               = trp_shortcode_language_item.offsetWidth + 16;\n            trp_shortcode_language_item.style.width                                  = trp_ls_shortcode_width + 'px';\n            trp_el.querySelector( '.trp-ls-shortcode-current-language' ).style.width = trp_ls_shortcode_width + 'px';\n\n            \/\/ We're putting this on display: none after we have its width.\n            trp_shortcode_language_item.style.display = 'none';\n        }\n    <\/script>\n<\/div>\n<\/div><\/div>\n\t\t\t\t\t\t<\/div>\n\t\t\t\t<\/div>\n\t\t\t\t\t<\/div>\n\t\t<\/div>\n\t\t\t\t\t<\/div>\n\t\t<\/section>\n\t\t\t\t<section class=\"elementor-section elementor-top-section elementor-element elementor-element-a465999 elementor-section-boxed elementor-section-height-default elementor-section-height-default\" data-id=\"a465999\" data-element_type=\"section\" data-e-type=\"section\">\n\t\t\t\t\t\t<div class=\"elementor-container elementor-column-gap-default\">\n\t\t\t\t\t<div class=\"elementor-column elementor-col-100 elementor-top-column elementor-element elementor-element-e287167\" data-id=\"e287167\" data-element_type=\"column\" data-e-type=\"column\">\n\t\t\t<div class=\"elementor-widget-wrap elementor-element-populated\">\n\t\t\t\t\t\t<div class=\"elementor-element elementor-element-1c986f8 elementor-widget elementor-widget-spacer\" data-id=\"1c986f8\" data-element_type=\"widget\" data-e-type=\"widget\" data-widget_type=\"spacer.default\">\n\t\t\t\t<div class=\"elementor-widget-container\">\n\t\t\t\t\t\t\t<div class=\"elementor-spacer\">\n\t\t\t<div class=\"elementor-spacer-inner\"><\/div>\n\t\t<\/div>\n\t\t\t\t\t\t<\/div>\n\t\t\t\t<\/div>\n\t\t\t\t\t<\/div>\n\t\t<\/div>\n\t\t\t\t\t<\/div>\n\t\t<\/section>\n\t\t\t\t<section class=\"elementor-section elementor-top-section elementor-element elementor-element-523f1c7 elementor-section-boxed elementor-section-height-default elementor-section-height-default\" data-id=\"523f1c7\" data-element_type=\"section\" data-e-type=\"section\">\n\t\t\t\t\t\t<div class=\"elementor-container elementor-column-gap-default\">\n\t\t\t\t\t<div class=\"elementor-column elementor-col-100 elementor-top-column elementor-element elementor-element-4b19278\" data-id=\"4b19278\" data-element_type=\"column\" data-e-type=\"column\">\n\t\t\t<div class=\"elementor-widget-wrap elementor-element-populated\">\n\t\t\t\t\t\t<div class=\"elementor-element elementor-element-b5adf57 elementor-widget elementor-widget-heading\" data-id=\"b5adf57\" data-element_type=\"widget\" data-e-type=\"widget\" data-widget_type=\"heading.default\">\n\t\t\t\t<div class=\"elementor-widget-container\">\n\t\t\t\t\t<h2 class=\"elementor-heading-title elementor-size-default\">Autobiographisches Schreiben:  ist das Kunst oder kann das weg?<\/h2>\t\t\t\t<\/div>\n\t\t\t\t<\/div>\n\t\t\t\t\t<\/div>\n\t\t<\/div>\n\t\t\t\t\t<\/div>\n\t\t<\/section>\n\t\t\t\t<section class=\"elementor-section elementor-top-section elementor-element elementor-element-62cf26b elementor-section-boxed elementor-section-height-default elementor-section-height-default\" data-id=\"62cf26b\" data-element_type=\"section\" data-e-type=\"section\">\n\t\t\t\t\t\t<div class=\"elementor-container elementor-column-gap-default\">\n\t\t\t\t\t<div class=\"elementor-column elementor-col-100 elementor-top-column elementor-element elementor-element-d7277f3\" data-id=\"d7277f3\" data-element_type=\"column\" data-e-type=\"column\">\n\t\t\t<div class=\"elementor-widget-wrap elementor-element-populated\">\n\t\t\t\t\t\t<div class=\"elementor-element elementor-element-aa9f978 elementor-widget elementor-widget-image\" data-id=\"aa9f978\" data-element_type=\"widget\" data-e-type=\"widget\" data-widget_type=\"image.default\">\n\t\t\t\t<div class=\"elementor-widget-container\">\n\t\t\t\t\t\t\t\t\t\t\t\t\t\t\t<img fetchpriority=\"high\" decoding=\"async\" width=\"768\" height=\"253\" src=\"https:\/\/gallery-puzic.com\/wp-content\/uploads\/2024\/03\/auto-performance-768x253.png\" class=\"attachment-medium_large size-medium_large wp-image-3607\" alt=\"\" srcset=\"https:\/\/gallery-puzic.com\/wp-content\/uploads\/2024\/03\/auto-performance-768x253.png 768w, https:\/\/gallery-puzic.com\/wp-content\/uploads\/2024\/03\/auto-performance-300x99.png 300w, https:\/\/gallery-puzic.com\/wp-content\/uploads\/2024\/03\/auto-performance-1024x338.png 1024w, https:\/\/gallery-puzic.com\/wp-content\/uploads\/2024\/03\/auto-performance-18x6.png 18w, https:\/\/gallery-puzic.com\/wp-content\/uploads\/2024\/03\/auto-performance.png 1121w\" sizes=\"(max-width: 768px) 100vw, 768px\" \/>\t\t\t\t\t\t\t\t\t\t\t\t\t\t\t<\/div>\n\t\t\t\t<\/div>\n\t\t\t\t\t<\/div>\n\t\t<\/div>\n\t\t\t\t\t<\/div>\n\t\t<\/section>\n\t\t\t\t<section class=\"elementor-section elementor-top-section elementor-element elementor-element-db1a245 elementor-section-boxed elementor-section-height-default elementor-section-height-default\" data-id=\"db1a245\" data-element_type=\"section\" data-e-type=\"section\">\n\t\t\t\t\t\t<div class=\"elementor-container elementor-column-gap-default\">\n\t\t\t\t\t<div class=\"elementor-column elementor-col-100 elementor-top-column elementor-element elementor-element-aa3e589\" data-id=\"aa3e589\" data-element_type=\"column\" data-e-type=\"column\">\n\t\t\t<div class=\"elementor-widget-wrap elementor-element-populated\">\n\t\t\t\t\t\t<div class=\"elementor-element elementor-element-16595c1 elementor-widget elementor-widget-text-editor\" data-id=\"16595c1\" data-element_type=\"widget\" data-e-type=\"widget\" data-widget_type=\"text-editor.default\">\n\t\t\t\t<div class=\"elementor-widget-container\">\n\t\t\t\t\t\t\t\t\t<p><strong>Mit Uschi Schmidt Lenhard, Heiner Weidmann, B\u00e4rbel Jenner, Isabelle Cridlig, Natascha Denner, &amp; Medina <\/strong><strong><em style=\"font-weight: bold; font-style: normal; color: #5f6368; font-family: arial, sans-serif; font-size: 14px; font-variant-ligatures: normal; font-variant-caps: normal; letter-spacing: normal; orphans: 2; text-align: left; text-indent: 0px; text-transform: none; white-space: normal; widows: 2; word-spacing: 0px; -webkit-text-stroke-width: 0px; background-color: #ffffff; text-decoration-thickness: initial; text-decoration-style: initial; text-decoration-color: initial;\">\u00d0<\/em>emal<br \/><\/strong><\/p><p><strong>\u00a0\u00a0\u00a0\u00a0\u00a0\u00a0\u00a0\u00a0\u00a0\u00a0\u00a0\u00a0\u00a0\u00a0\u00a0\u00a0\u00a0\u00a0\u00a0\u00a0\u00a0\u00a0\u00a0\u00a0\u00a0\u00a0\u00a0\u00a0\u00a0\u00a0\u00a0\u00a0\u00a0\u00a0\u00a0\u00a0\u00a0\u00a0\u00a0\u00a0\u00a0\u00a0\u00a0\u00a0 Kuratiert von Johannes Birringer \u00a0 \u00a0\u00a0\u00a0\u00a0\u00a0\u00a0\u00a0\u00a0\u00a0\u00a0\u00a0\u00a0\u00a0\u00a0\u00a0\u00a0\u00a0\u00a0\u00a0\u00a0\u00a0\u00a0\u00a0\u00a0\u00a0\u00a0\u00a0\u00a0\u00a0\u00a0\u00a0\u00a0\u00a0\u00a0\u00a0\u00a0\u00a0\u00a0\u00a0\u00a0\u00a0\u00a0\u00a0\u00a0\u00a0\u00a0\u00a0\u00a0\u00a0\u00a0\u00a0\u00a0\u00a0<\/strong><\/p><p><strong>Diskussionsforum Dienstag, 19. M\u00e4rz, 19:00 \u2013 20:30 Uhr<\/strong><\/p><p>Johannisstrasse 3A, 66111 Saarbr\u00fccken<\/p>\t\t\t\t\t\t\t\t<\/div>\n\t\t\t\t<\/div>\n\t\t\t\t\t<\/div>\n\t\t<\/div>\n\t\t\t\t\t<\/div>\n\t\t<\/section>\n\t\t\t\t<section class=\"elementor-section elementor-top-section elementor-element elementor-element-301c411 elementor-section-boxed elementor-section-height-default elementor-section-height-default\" data-id=\"301c411\" data-element_type=\"section\" data-e-type=\"section\">\n\t\t\t\t\t\t<div class=\"elementor-container elementor-column-gap-default\">\n\t\t\t\t\t<div class=\"elementor-column elementor-col-33 elementor-top-column elementor-element elementor-element-a45d245\" data-id=\"a45d245\" data-element_type=\"column\" data-e-type=\"column\">\n\t\t\t<div class=\"elementor-widget-wrap elementor-element-populated\">\n\t\t\t\t\t\t<div class=\"elementor-element elementor-element-a49269c elementor-widget elementor-widget-image\" data-id=\"a49269c\" data-element_type=\"widget\" data-e-type=\"widget\" data-widget_type=\"image.default\">\n\t\t\t\t<div class=\"elementor-widget-container\">\n\t\t\t\t\t\t\t\t\t\t\t\t\t\t\t<img loading=\"lazy\" decoding=\"async\" width=\"768\" height=\"576\" src=\"https:\/\/gallery-puzic.com\/wp-content\/uploads\/2024\/03\/Autobiographie-panel-3-768x576.jpg\" class=\"attachment-medium_large size-medium_large wp-image-3656\" alt=\"\" srcset=\"https:\/\/gallery-puzic.com\/wp-content\/uploads\/2024\/03\/Autobiographie-panel-3-768x576.jpg 768w, https:\/\/gallery-puzic.com\/wp-content\/uploads\/2024\/03\/Autobiographie-panel-3-300x225.jpg 300w, https:\/\/gallery-puzic.com\/wp-content\/uploads\/2024\/03\/Autobiographie-panel-3-1024x768.jpg 1024w, https:\/\/gallery-puzic.com\/wp-content\/uploads\/2024\/03\/Autobiographie-panel-3-1536x1152.jpg 1536w, https:\/\/gallery-puzic.com\/wp-content\/uploads\/2024\/03\/Autobiographie-panel-3-16x12.jpg 16w, https:\/\/gallery-puzic.com\/wp-content\/uploads\/2024\/03\/Autobiographie-panel-3.jpg 1600w\" sizes=\"(max-width: 768px) 100vw, 768px\" \/>\t\t\t\t\t\t\t\t\t\t\t\t\t\t\t<\/div>\n\t\t\t\t<\/div>\n\t\t\t\t\t<\/div>\n\t\t<\/div>\n\t\t\t\t<div class=\"elementor-column elementor-col-33 elementor-top-column elementor-element elementor-element-4a4a164\" data-id=\"4a4a164\" data-element_type=\"column\" data-e-type=\"column\">\n\t\t\t<div class=\"elementor-widget-wrap elementor-element-populated\">\n\t\t\t\t\t\t<div class=\"elementor-element elementor-element-3e60e44 elementor-widget elementor-widget-image\" data-id=\"3e60e44\" data-element_type=\"widget\" data-e-type=\"widget\" data-widget_type=\"image.default\">\n\t\t\t\t<div class=\"elementor-widget-container\">\n\t\t\t\t\t\t\t\t\t\t\t\t\t\t\t<img loading=\"lazy\" decoding=\"async\" width=\"768\" height=\"576\" src=\"https:\/\/gallery-puzic.com\/wp-content\/uploads\/2024\/03\/Autobiographie-forum-audience-768x576.jpg\" class=\"attachment-medium_large size-medium_large wp-image-3653\" alt=\"\" srcset=\"https:\/\/gallery-puzic.com\/wp-content\/uploads\/2024\/03\/Autobiographie-forum-audience-768x576.jpg 768w, https:\/\/gallery-puzic.com\/wp-content\/uploads\/2024\/03\/Autobiographie-forum-audience-300x225.jpg 300w, https:\/\/gallery-puzic.com\/wp-content\/uploads\/2024\/03\/Autobiographie-forum-audience-1024x768.jpg 1024w, https:\/\/gallery-puzic.com\/wp-content\/uploads\/2024\/03\/Autobiographie-forum-audience-1536x1152.jpg 1536w, https:\/\/gallery-puzic.com\/wp-content\/uploads\/2024\/03\/Autobiographie-forum-audience-16x12.jpg 16w, https:\/\/gallery-puzic.com\/wp-content\/uploads\/2024\/03\/Autobiographie-forum-audience.jpg 1600w\" sizes=\"(max-width: 768px) 100vw, 768px\" \/>\t\t\t\t\t\t\t\t\t\t\t\t\t\t\t<\/div>\n\t\t\t\t<\/div>\n\t\t\t\t\t<\/div>\n\t\t<\/div>\n\t\t\t\t<div class=\"elementor-column elementor-col-33 elementor-top-column elementor-element elementor-element-2a35915\" data-id=\"2a35915\" data-element_type=\"column\" data-e-type=\"column\">\n\t\t\t<div class=\"elementor-widget-wrap elementor-element-populated\">\n\t\t\t\t\t\t<div class=\"elementor-element elementor-element-6fb8c14 elementor-widget elementor-widget-image\" data-id=\"6fb8c14\" data-element_type=\"widget\" data-e-type=\"widget\" data-widget_type=\"image.default\">\n\t\t\t\t<div class=\"elementor-widget-container\">\n\t\t\t\t\t\t\t\t\t\t\t\t\t\t\t<img loading=\"lazy\" decoding=\"async\" width=\"768\" height=\"1024\" src=\"https:\/\/gallery-puzic.com\/wp-content\/uploads\/2024\/03\/panel-discussion-after-film-768x1024.jpg\" class=\"attachment-large size-large wp-image-3657\" alt=\"\" srcset=\"https:\/\/gallery-puzic.com\/wp-content\/uploads\/2024\/03\/panel-discussion-after-film-768x1024.jpg 768w, https:\/\/gallery-puzic.com\/wp-content\/uploads\/2024\/03\/panel-discussion-after-film-225x300.jpg 225w, https:\/\/gallery-puzic.com\/wp-content\/uploads\/2024\/03\/panel-discussion-after-film-1152x1536.jpg 1152w, https:\/\/gallery-puzic.com\/wp-content\/uploads\/2024\/03\/panel-discussion-after-film-9x12.jpg 9w, https:\/\/gallery-puzic.com\/wp-content\/uploads\/2024\/03\/panel-discussion-after-film.jpg 1200w\" sizes=\"(max-width: 768px) 100vw, 768px\" \/>\t\t\t\t\t\t\t\t\t\t\t\t\t\t\t<\/div>\n\t\t\t\t<\/div>\n\t\t\t\t\t<\/div>\n\t\t<\/div>\n\t\t\t\t\t<\/div>\n\t\t<\/section>\n\t\t\t\t<section class=\"elementor-section elementor-top-section elementor-element elementor-element-ef2a13d elementor-section-boxed elementor-section-height-default elementor-section-height-default\" data-id=\"ef2a13d\" data-element_type=\"section\" data-e-type=\"section\">\n\t\t\t\t\t\t<div class=\"elementor-container elementor-column-gap-default\">\n\t\t\t\t\t<div class=\"elementor-column elementor-col-100 elementor-top-column elementor-element elementor-element-736907d\" data-id=\"736907d\" data-element_type=\"column\" data-e-type=\"column\">\n\t\t\t<div class=\"elementor-widget-wrap elementor-element-populated\">\n\t\t\t\t\t\t<div class=\"elementor-element elementor-element-6b94476 elementor-widget elementor-widget-text-editor\" data-id=\"6b94476\" data-element_type=\"widget\" data-e-type=\"widget\" data-widget_type=\"text-editor.default\">\n\t\t\t\t<div class=\"elementor-widget-container\">\n\t\t\t\t\t\t\t\t\t<p>Gallery Puzi\u0107 l\u00e4dt Sie herzlich ein zu einem Podiumsgespr\u00e4ch \u00fcber <strong>Autobiographie und Autofiktion,<\/strong> in Anwesenheit mehrerer Autor*innen, K\u00fcnstler*innen und Literatur-wissenschaftler*innen, die \u00fcber die Frage diskutieren, warum Autobiographisches Schreiben in j\u00fcngster Zeit solch einen hohen kulturellen Stellenwert erreicht zu haben scheint.<\/p><p>Warum interessieren wir uns f\u00fcr das Leben Anderer? Besser gesagt, warum schreiben Autoren wie Annie Ernaux, Karl Ove\u00a0Knausg\u00e5rd, Frank Witzel, Didier Eribon, Anne Rabe, Deniz Utlu (und viele mehr) B\u00fccher, die Einblicke in die Archive des Lebens er\u00f6ffnen, des individuell und kollektiv gelebten Erfahrenen, einer Familiengeschichte, eines pers\u00f6nlichen konfliktbeladenen Werdegangs, eines Exilschicksals, einer erinnerten, vielleicht nur imaginierten Kindheit, eines Altwerdens und Sterbens?<\/p><p>Das Leben der Anderen? \u2013 Ist es wie unser eigenes, d.h. stellen Leser immer Assoziationen und Beziehungen her, suchen das \u00c4hnliche? F\u00fcrchten sie nicht auch die Denunzianten, hingebungsvolle IMs, die wie leidenschaftliche Liebhaber alles geben, was sie k\u00f6nnen? Sind autobiographische Geschichten etwa, wie Uschi Schmidt Lenhard (Mitherausgeberin der Anthologie <em>Andere Menschen sind anders<\/em> [Blattlaus Verlag 2023]) vorschl\u00e4gt, vielleicht sogar der Literatur \u00fcbergeordnet? Sind Autobiographien anma\u00dfend, wenn man z.B. vergleicht, was Daniela Strigl hinsichtlich zweier Biografien \u2013 \u00fcber Alma Mahler und Tochter Anna Mahler \u2013 behauptet: \u201eEine Biografie zu schreiben ist immer eine Anma\u00dfung.\u201c Ist dieses Anma\u00dfende was wir suchen, diese \u00dcbertreibung oder Unterwerfung unter das Sentimantale, das Nostalgische der Erinnerung?<\/p><p>Man kann vielleicht \u00e4hnlich \u00fcber konstruierte Autofiktionen denken, und gibt es nicht auch viele Beispiele aus der bildenden Kunst, wo man annehmen k\u00f6nnte \u2013 dies ist autobiographische Performance, ein Selbstportr\u00e4t? Was macht Yoko Ono in der &#8222;Cut Piece&#8220; (1965) Performance? Was treibt Rebecca Horn an, zum Einhorn zu werden in einer ihrer skulpturalen Performances? Was lernen wir aus der grossen Ausstellung &#8222;Selbstportr\u00e4t&#8220; der Wiener Aktionsk\u00fcnstlerin Valie Export (Berliner Fotogalle C\/O)? Warum zeichnet Isabelle Cridlig unendliche Linien einer intuitiven Baum-Geometrie fl\u00fcssig-gewordener Lebensdauer (\u00abdur\u00e9e\u00bb), die sie am Vormittag des Diskussionsforums ausbreitet, auf fast 30 Meter langen Papierbahnen? Was hat Autobiographie mit Kunst zu tun?<\/p><p>\u00a0<\/p><p><em>Photos courtesy of Mirsad Puzi\u0107 &amp; Johannes Birringer<\/em><\/p><p>\u00a0<\/p>\t\t\t\t\t\t\t\t<\/div>\n\t\t\t\t<\/div>\n\t\t\t\t\t<\/div>\n\t\t<\/div>\n\t\t\t\t\t<\/div>\n\t\t<\/section>\n\t\t\t\t<section class=\"elementor-section elementor-top-section elementor-element elementor-element-9792210 elementor-section-boxed elementor-section-height-default elementor-section-height-default\" data-id=\"9792210\" data-element_type=\"section\" data-e-type=\"section\">\n\t\t\t\t\t\t<div class=\"elementor-container elementor-column-gap-default\">\n\t\t\t\t\t<div class=\"elementor-column elementor-col-33 elementor-top-column elementor-element elementor-element-a422df6\" data-id=\"a422df6\" data-element_type=\"column\" data-e-type=\"column\">\n\t\t\t<div class=\"elementor-widget-wrap elementor-element-populated\">\n\t\t\t\t\t\t<div class=\"elementor-element elementor-element-7588a1d elementor-widget elementor-widget-image\" data-id=\"7588a1d\" data-element_type=\"widget\" data-e-type=\"widget\" data-widget_type=\"image.default\">\n\t\t\t\t<div class=\"elementor-widget-container\">\n\t\t\t\t\t\t\t\t\t\t\t\t<figure class=\"wp-caption\">\n\t\t\t\t\t\t\t\t\t\t<img loading=\"lazy\" decoding=\"async\" width=\"768\" height=\"576\" src=\"https:\/\/gallery-puzic.com\/wp-content\/uploads\/2024\/03\/Cridlig-mit-Baumzeichnung-768x576.jpg\" class=\"attachment-medium_large size-medium_large wp-image-3668\" alt=\"\" srcset=\"https:\/\/gallery-puzic.com\/wp-content\/uploads\/2024\/03\/Cridlig-mit-Baumzeichnung-768x576.jpg 768w, https:\/\/gallery-puzic.com\/wp-content\/uploads\/2024\/03\/Cridlig-mit-Baumzeichnung-300x225.jpg 300w, https:\/\/gallery-puzic.com\/wp-content\/uploads\/2024\/03\/Cridlig-mit-Baumzeichnung-1024x768.jpg 1024w, https:\/\/gallery-puzic.com\/wp-content\/uploads\/2024\/03\/Cridlig-mit-Baumzeichnung-1536x1152.jpg 1536w, https:\/\/gallery-puzic.com\/wp-content\/uploads\/2024\/03\/Cridlig-mit-Baumzeichnung-2048x1536.jpg 2048w, https:\/\/gallery-puzic.com\/wp-content\/uploads\/2024\/03\/Cridlig-mit-Baumzeichnung-16x12.jpg 16w\" sizes=\"(max-width: 768px) 100vw, 768px\" \/>\t\t\t\t\t\t\t\t\t\t\t<figcaption class=\"widget-image-caption wp-caption-text\">Isabelle Cridlig, \"V\u00e9g\u00e9talit\u00e9 [baobab]\"<\/figcaption>\n\t\t\t\t\t\t\t\t\t\t<\/figure>\n\t\t\t\t\t\t\t\t\t<\/div>\n\t\t\t\t<\/div>\n\t\t\t\t\t<\/div>\n\t\t<\/div>\n\t\t\t\t<div class=\"elementor-column elementor-col-33 elementor-top-column elementor-element elementor-element-288fb2a\" data-id=\"288fb2a\" data-element_type=\"column\" data-e-type=\"column\">\n\t\t\t<div class=\"elementor-widget-wrap elementor-element-populated\">\n\t\t\t\t\t\t<div class=\"elementor-element elementor-element-a272d36 elementor-widget elementor-widget-image\" data-id=\"a272d36\" data-element_type=\"widget\" data-e-type=\"widget\" data-widget_type=\"image.default\">\n\t\t\t\t<div class=\"elementor-widget-container\">\n\t\t\t\t\t\t\t\t\t\t\t\t\t\t\t<img loading=\"lazy\" decoding=\"async\" width=\"768\" height=\"1024\" src=\"https:\/\/gallery-puzic.com\/wp-content\/uploads\/2024\/03\/Isabelle-and-tree-768x1024.jpg\" class=\"attachment-medium_large size-medium_large wp-image-3670\" alt=\"\" srcset=\"https:\/\/gallery-puzic.com\/wp-content\/uploads\/2024\/03\/Isabelle-and-tree-768x1024.jpg 768w, https:\/\/gallery-puzic.com\/wp-content\/uploads\/2024\/03\/Isabelle-and-tree-225x300.jpg 225w, https:\/\/gallery-puzic.com\/wp-content\/uploads\/2024\/03\/Isabelle-and-tree-1152x1536.jpg 1152w, https:\/\/gallery-puzic.com\/wp-content\/uploads\/2024\/03\/Isabelle-and-tree-1536x2048.jpg 1536w, https:\/\/gallery-puzic.com\/wp-content\/uploads\/2024\/03\/Isabelle-and-tree-9x12.jpg 9w, https:\/\/gallery-puzic.com\/wp-content\/uploads\/2024\/03\/Isabelle-and-tree-scaled.jpg 1920w\" sizes=\"(max-width: 768px) 100vw, 768px\" \/>\t\t\t\t\t\t\t\t\t\t\t\t\t\t\t<\/div>\n\t\t\t\t<\/div>\n\t\t\t\t\t<\/div>\n\t\t<\/div>\n\t\t\t\t<div class=\"elementor-column elementor-col-33 elementor-top-column elementor-element elementor-element-8dbe1c4\" data-id=\"8dbe1c4\" data-element_type=\"column\" data-e-type=\"column\">\n\t\t\t<div class=\"elementor-widget-wrap elementor-element-populated\">\n\t\t\t\t\t\t<div class=\"elementor-element elementor-element-d31bf31 elementor-widget elementor-widget-image\" data-id=\"d31bf31\" data-element_type=\"widget\" data-e-type=\"widget\" data-widget_type=\"image.default\">\n\t\t\t\t<div class=\"elementor-widget-container\">\n\t\t\t\t\t\t\t\t\t\t\t\t<figure class=\"wp-caption\">\n\t\t\t\t\t\t\t\t\t\t<img loading=\"lazy\" decoding=\"async\" width=\"768\" height=\"576\" src=\"https:\/\/gallery-puzic.com\/wp-content\/uploads\/2024\/03\/Cridlig-and-seed-point-768x576.jpg\" class=\"attachment-medium_large size-medium_large wp-image-3671\" alt=\"\" srcset=\"https:\/\/gallery-puzic.com\/wp-content\/uploads\/2024\/03\/Cridlig-and-seed-point-768x576.jpg 768w, https:\/\/gallery-puzic.com\/wp-content\/uploads\/2024\/03\/Cridlig-and-seed-point-300x225.jpg 300w, https:\/\/gallery-puzic.com\/wp-content\/uploads\/2024\/03\/Cridlig-and-seed-point-1024x768.jpg 1024w, https:\/\/gallery-puzic.com\/wp-content\/uploads\/2024\/03\/Cridlig-and-seed-point-1536x1152.jpg 1536w, https:\/\/gallery-puzic.com\/wp-content\/uploads\/2024\/03\/Cridlig-and-seed-point-2048x1536.jpg 2048w, https:\/\/gallery-puzic.com\/wp-content\/uploads\/2024\/03\/Cridlig-and-seed-point-16x12.jpg 16w\" sizes=\"(max-width: 768px) 100vw, 768px\" \/>\t\t\t\t\t\t\t\t\t\t\t<figcaption class=\"widget-image-caption wp-caption-text\">Isabelle Cridlig points to seed of the lines<\/figcaption>\n\t\t\t\t\t\t\t\t\t\t<\/figure>\n\t\t\t\t\t\t\t\t\t<\/div>\n\t\t\t\t<\/div>\n\t\t\t\t\t<\/div>\n\t\t<\/div>\n\t\t\t\t\t<\/div>\n\t\t<\/section>\n\t\t\t\t<\/div>\n\t\t","protected":false},"excerpt":{"rendered":"<p>Autobiographisches Schreiben: ist das Kunst oder kann das weg? Mit Uschi Schmidt Lenhard, Heiner Weidmann, B\u00e4rbel Jenner, Isabelle Cridlig, Natascha Denner, &amp; Medina \u00d0emal \u00a0\u00a0\u00a0\u00a0\u00a0\u00a0\u00a0\u00a0\u00a0\u00a0\u00a0\u00a0\u00a0\u00a0\u00a0\u00a0\u00a0\u00a0\u00a0\u00a0\u00a0\u00a0\u00a0\u00a0\u00a0\u00a0\u00a0\u00a0\u00a0\u00a0\u00a0\u00a0\u00a0\u00a0\u00a0\u00a0\u00a0\u00a0\u00a0\u00a0\u00a0\u00a0\u00a0\u00a0 Kuratiert von Johannes Birringer \u00a0 \u00a0\u00a0\u00a0\u00a0\u00a0\u00a0\u00a0\u00a0\u00a0\u00a0\u00a0\u00a0\u00a0\u00a0\u00a0\u00a0\u00a0\u00a0\u00a0\u00a0\u00a0\u00a0\u00a0\u00a0\u00a0\u00a0\u00a0\u00a0\u00a0\u00a0\u00a0\u00a0\u00a0\u00a0\u00a0\u00a0\u00a0\u00a0\u00a0\u00a0\u00a0\u00a0\u00a0\u00a0\u00a0\u00a0\u00a0\u00a0\u00a0\u00a0\u00a0\u00a0\u00a0 Diskussionsforum Dienstag, 19. M\u00e4rz, 19:00 \u2013 20:30 Uhr Johannisstrasse 3A, 66111 Saarbr\u00fccken Gallery Puzi\u0107 l\u00e4dt Sie herzlich ein zu einem Podiumsgespr\u00e4ch \u00fcber Autobiographie und [&hellip;]<\/p>\n","protected":false},"author":2,"featured_media":0,"parent":0,"menu_order":0,"comment_status":"closed","ping_status":"closed","template":"","meta":{"footnotes":""},"class_list":["post-3608","page","type-page","status-publish","hentry"],"_links":{"self":[{"href":"https:\/\/gallery-puzic.com\/en\/wp-json\/wp\/v2\/pages\/3608","targetHints":{"allow":["GET"]}}],"collection":[{"href":"https:\/\/gallery-puzic.com\/en\/wp-json\/wp\/v2\/pages"}],"about":[{"href":"https:\/\/gallery-puzic.com\/en\/wp-json\/wp\/v2\/types\/page"}],"author":[{"embeddable":true,"href":"https:\/\/gallery-puzic.com\/en\/wp-json\/wp\/v2\/users\/2"}],"replies":[{"embeddable":true,"href":"https:\/\/gallery-puzic.com\/en\/wp-json\/wp\/v2\/comments?post=3608"}],"version-history":[{"count":57,"href":"https:\/\/gallery-puzic.com\/en\/wp-json\/wp\/v2\/pages\/3608\/revisions"}],"predecessor-version":[{"id":3971,"href":"https:\/\/gallery-puzic.com\/en\/wp-json\/wp\/v2\/pages\/3608\/revisions\/3971"}],"wp:attachment":[{"href":"https:\/\/gallery-puzic.com\/en\/wp-json\/wp\/v2\/media?parent=3608"}],"curies":[{"name":"wp","href":"https:\/\/api.w.org\/{rel}","templated":true}]}}