{"id":36,"date":"2022-05-28T10:25:55","date_gmt":"2022-05-28T10:25:55","guid":{"rendered":"http:\/\/gallery-puzic.com\/?page_id=36"},"modified":"2022-05-28T10:25:55","modified_gmt":"2022-05-28T10:25:55","slug":"datenschutzerklaerung","status":"publish","type":"page","link":"https:\/\/gallery-puzic.com\/en\/datenschutzerklaerung\/","title":{"rendered":"Datenschutzerkl\u00e4rung"},"content":{"rendered":"<h4 class=\"wp-block-heading\">1. Erhebung pers\u00f6nlicher Daten<\/h4>\n\n\n\n<p>Ihre pers\u00f6nlichen Daten genie\u00dfen einen besonderen Schutz, so dass uns die Einhaltung aller gesetzlichen Vorgaben ein wichtiges Anliegen ist. Personenbezogene Daten sind Einzelangaben \u00fcber pers\u00f6nliche oder sachliche Verh\u00e4ltnisse einer bestimmten oder bestimmbaren nat\u00fcrlichen Person, das hei\u00dft insbesondere der Name, die Anschrift, Geburtsdatum, aber auch Telefon- oder telfaxnummer einer Person stellen solche personenbezogenen Daten dar.<\/p>\n\n\n\n<p>Um Ihnen den gr\u00f6\u00dftm\u00f6glichen Schutz vor dem Hintergrund der gesetzlichen Regelung zu gew\u00e4hrleisten, informieren wir Sie im Folgenden \u00fcber die Daten, die w\u00e4hrend Ihres Besuches auf unserer Internetseite von uns erfasst wer-den. Sofern eine Nutzung der erhobenen Daten erfolgt, wird auch dies im Folgenden dargestellt.<\/p>\n\n\n\n<p>Nach den Vorgaben des Bundesdatenschutzgesetzes (BDSG) und Telemedi-engesetzes (TMG) werden wir Ihre personenbezogenen Daten ausschlie\u00dflich zur Bearbeitung von Anfragen und unter Umst\u00e4nden zur Abwicklung von Be-stellungen oder Vertr\u00e4gen erheben, verarbeiten und speichern. Eine Nutzung Ihrer Daten f\u00fcr weitergehende Zwecke steht unter dem Vorbehalt Ihrer aus-dr\u00fccklichen Einwilligung. \u00a7 13 Abs. 1 TMG schreibt hierbei vor, dass jeder Dienstanbieter eine verantwortliche Stelle bezeichnen muss. Verantwortliche Stelle im Sinne des Datenschutzrechts ist bei uns:<\/p>\n\n\n\n<h2 class=\"wp-block-heading\">GUSTO AM MARKT<\/h2>\n\n\n\n<p>Saarstra\u00dfe 11&nbsp;<br>66111 Saarbr\u00fccken&nbsp;<br><br>E-Mail:&nbsp;<a href=\"mailto:info@gusto-sb.de\">info@gusto-sb.de<\/a><\/p>\n\n\n\n<p>Die folgenden Daten werden bei Aufruf unserer Internetseite bzw. \u00d6ffnen ein-zelner Dateien von Ihnen erhoben, verarbeitet und gespeichert:<\/p>\n\n\n\n<ul class=\"wp-block-list\"><li>IP-Adresse<\/li><li>Webseite, von der aus die Datei aufgerufen wurde<\/li><li>Name der Datei<\/li><li>Datum und Uhrzeit des Abrufes<\/li><li>\u00dcbertragene Datenmenge, Meldung \u00fcber den Erfolg des Abrufs (sogenanntes Weblock)<\/li><\/ul>\n\n\n\n<p>Eine Verwendung dieser Daten erfolgt ausschlie\u00dflich in anonymisierter Form zu statistischen Zwecken.<\/p>\n\n\n\n<h3 class=\"wp-block-heading\">2. VERWENDUNG DER ERHOBENEN DATEN<\/h3>\n\n\n\n<p>Sollten Daten im Rahmen eines Kontakt- oder Bestellformulars auf unserer Homepage durch Sie eingegeben oder auf andere Art im Rahmen eines sol-chen Formulars erhoben werden, werden wir diese Daten nur f\u00fcr die Bearbei-tung von Anfragen verwenden, die uns \u00fcber das Formular zugehen. In einem Zeitraum von 6 Monaten nach der Beabreitung werden diese Daten gel\u00f6scht, es sei denn es bestehen weiter gehende Aufbewahrungspflichten.<\/p>\n\n\n\n<p>Die von Ihnen erhobenen Daten werden von uns lediglich zur Erf\u00fcllung unserer Vertragsverpflichtungen und zur Gew\u00e4hrleistung eines reibungslosen Ablaufs insbesondere zur Abwicklung eines geschlossenen Vertrages an Dritte weitergegeben (z.B. Weitergabe von Name und Adresse an einen Zustelldienst), sofern dies n\u00f6tig ist oder die Speicherung aus sonstigen gesetzlichen Gr\u00fcnden erforderlich ist.<\/p>\n\n\n\n<p>Die Daten werden nur f\u00fcr den Zweck gespeichert, den Sie bei der Dateneingabe angeben und nur insofern verwendet, wie sie einer Zweckverwendung zugestimmt haben. Eine Speicherung erfolgt lediglich f\u00fcr die Zeit, die notwendig ist, um unsere vertraglichen Verpflichtungen bzw. den vorgesehenen Zweck zu erf\u00fcllen oder soweit es gesetzlich vorgeschrieben ist. Eine Datenverwendung ist zur Abwicklung eines geschlossenen Vertrages im oben genannten Sinne auch dann notwendig, wenn zur Wahrung unserer berechtigten Interessen ggf. eine Bonit\u00e4tsauskunft eingeholt wird. Eine solche Bonit\u00e4tspr\u00fcfung erfordert die \u00dcbermittlung personenbezogener Daten an Dritte und gibt eine Auskunft dar\u00fcber, mit welcher Wahrscheinlichkeit ein Zahlungsausfall droht. Sie kann Wahrscheinlichkeitswerte beinhalten, die auf wissenschaftlicher Grundlage berechnet werden und in deren Berechnung unter anderem Anschriftendaten einflie\u00dfen. Diese Wahrscheinlichkeitswerte werden als Score-Werte bezeichnet.<\/p>\n\n\n\n<p>Eine Weitergabe Ihrer personenbezogenen Daten an Dritte \u00fcber die in diesem Abschnitt &#8222;2. Verwendung der erhobenen Daten&#8220; aufgef\u00fchrten Zwecke findet au\u00dfer zu den genannten Zwecken der Bonit\u00e4tspr\u00fcfung, Vertrags- und Zahlungsabwicklung nicht statt.<\/p>\n\n\n\n<p>Sie haben gegen\u00fcber allen Stellen, die Daten sammeln um Bonit\u00e4tsausk\u00fcnfte geben zu k\u00f6nnen einen Anspruch darauf, eine Auskunft \u00fcber die gespeicher-ten Daten zu erhalten, die Sie betreffenden.<\/p>\n\n\n\n<p>\u200b<\/p>\n\n\n\n<h3 class=\"wp-block-heading\">3. COOKIES<\/h3>\n\n\n\n<p>Auf unserer Homepage werden Cookies, d.h. Textdateien, die auf Ihrem Computer hinterlegt werden, verwendet. Dauerhafte Cookies erkennen, dass Ihr PC schon einmal eine Verbindung zu einem Webangebot hatte, Sitzungscookies speichern zuletzt angesehene Angebote. Dritten, das hei\u00dft insbesondere unseren Partnerunternehmen ist nicht gestattet, personenbezogene Daten mittels Cookies \u00fcber unsere Webseite zu erlangen, zu verarbeiten oder zu nutzen. Sitzungscookies werden nach Ende der Sitzung gel\u00f6scht. Durch den Einsatz der Cookies in der von uns gew\u00e4hlten Gestalt, entstehen Ihnen keine Nachteile. Sie k\u00f6nnen das Setzen, d.h. Speichern von Cookies durch eine Einstellungen Ihres Browsers generell akzeptieren oder ausschlie\u00dfen<\/p>\n\n\n\n<p>\u200b<\/p>\n\n\n\n<h3 class=\"wp-block-heading\">4. VERWENDUNG VON GOOGLE ANALYTICS<\/h3>\n\n\n\n<p>Zur Verbesserung unseres Internetangebots verwenden wir Google Analytics, ein Webanalysedienst der Google Inc. Google Analytics verwendet ebenfalls &#8222;Cookies&#8220;, die eine Analyse der Benutzung der Webseite erm\u00f6glichen. Die durch den Cookie erzeugten Informationen werden in aller Regel an Google-Server \u00fcbertragen, die in den USA belegen sind und die Daten dort speichern. Google wird diese Informationen benutzen, um Ihre Nutzung der Webseite auszuwerten, um eine \u00dcbersicht \u00fcber Ihre Nutzung der Website zu erstellen und gegen\u00fcber dem Websitebetreiber somit weitere Dienstleistungen erbringen. Die von Ihrem Browser \u00fcbermittelte IP-Adresse wird nicht mit anderen Daten von Google zusammengef\u00fchrt.<\/p>\n\n\n\n<p>Wenn Sie die Erfassung der durch den Cookie erzeugten Daten inklusive Ihrer IP-Adresse nicht an Google \u00fcbermittelt haben m\u00f6chten, k\u00f6nnen Sie unter dem folgenden Link: (<a href=\"http:\/\/tools.google.com\/dlpage\/gaoptout?hl=de)\" target=\"_blank\" rel=\"noreferrer noopener\">http:\/\/tools.google.com\/dlpage\/gaoptout?hl=de)<\/a> ein Browser add on herunterladen und installieren, wodurch eine \u00dcbermittlung der erzeugten Daten verhindert wird.<\/p>\n\n\n\n<p>Allgemeine Informationen zu Google Analytics finden Sie unter <a href=\"http:\/\/www.google.com\/intl\/de\/analytics\/index.html,\" target=\"_blank\" rel=\"noreferrer noopener\">http:\/\/www.google.com\/intl\/de\/analytics\/index.html,<\/a> Informationen zum Daten-schutz unter: <a href=\"http:\/\/www.google.com\/intl\/de\/policies\/privacy\" target=\"_blank\" rel=\"noreferrer noopener\">http:\/\/www.google.com\/intl\/de\/policies\/privacy<\/a><\/p>\n\n\n\n<p>\u200b<\/p>\n\n\n\n<h3 class=\"wp-block-heading\">5. JEDERZEITIGES WIDERRUFSRECHT<\/h3>\n\n\n\n<p>Eine gegebene Einwilligung in die Erhebung, Verarbeitung und Speicherung von Daten kann jederzeit mit Wirkung f\u00fcr die Zukunft widerrufen werden. Dies kann mittels E-Mail an <a href=\"mailto:info@gusto-sb.de\">info@gusto-sb.de<\/a> oder telefonisch unter&nbsp;0681\/5893524 &#8211; 0681\/9657823&nbsp;erfolgen<\/p>\n\n\n\n<p>\u200b<\/p>\n\n\n\n<h3 class=\"wp-block-heading\">6. SCHUTZ, AUSKUNFTSRECHTE<\/h3>\n\n\n\n<p>Ihre personenbezogenen Daten werden so gespeichert, dass sie im Rahmen des technischen und wirtschaftlich M\u00f6glichen f\u00fcr Dritte nicht zug\u00e4nglich sind. Bei der Kommunikation per E-Mail kann eine vollst\u00e4ndige Datensicherheit und Vertraulichkeit von uns nicht gew\u00e4hrleistet werden.<\/p>\n\n\n\n<p>Das BDSG gew\u00e4hrt Ihnen das Recht, eine unentgeltliche Auskunft \u00fcber Ihre gespeicherten Daten sowie ggf. ein Recht auf Berichtigung, Sperrung oder L\u00f6schung dieser Daten geltend zu machen. Auskunfts-, L\u00f6schungs- und Berichtigungsw\u00fcnsche k\u00f6nnen an die verantwortliche Stelle im Sinne des \u00a7 13 Abs. 1 TMG gerichtet werden. Diese ist wie oben dargestellt:&nbsp;<br><br>Gusto am Markt<br>Saarstra\u00dfe 11&nbsp;<br>66111 Saarbr\u00fccken&nbsp;<br><br>E-Mail:&nbsp;<a href=\"mailto:info@gusto-sb.de\">info@gusto-sb.de<\/a><\/p>\n\n\n\n<p>\u200b<\/p>\n\n\n\n<h3 class=\"wp-block-heading\">7. SOCIAL PLUG-INS FACEBOOK<\/h3>\n\n\n\n<p>Auf unseren Seiten wird der Java Scriptcode des social network &#8222;Facebook&#8220; nachgeladen. Wenn Sie in Ihrem Browser Javascript aktiviert und keinen Ja-vascriptblocker installiert haben, wird Ihr Browser ggf. personenbezogene Daten an Facebook, 1601 South California Avenue, Parlo Alto, CA 94303, USA \u00fcbermitteln. Dies erfolgt bereits durch den Aufruf unserer Homepage, wenn Sie zu diesem Zeitpunkt bei Facebook \u00fcber ihr Benutzerkonto eingeloggt sind. Eine Datenweitergabe erfolgt unabh\u00e4ngig davon, ob Sie die jeweiligen Plug-ins bet\u00e4tigen, z.B. den &#8222;Gef\u00e4llt mir&#8220;-Button dr\u00fccken. Die so gesammelten Daten kann Facebook Ihrem Benutzerkonto zuordnen.<br>Wenn Sie mit den Plugins interagieren, zum Beispiel den &#8222;Gef\u00e4llt mir&#8220;-Button bet\u00e4tigen, wird die entsprechende Information von Ihrem Browser direkt an Facebook \u00fcbermittelt und dort gespeichert.&nbsp;<br>Die Zuordnung des Besuchs unserer Seite zu Ihrem Facebook-Konto k\u00f6nnen Sie nur dadurch unterbinden, dass Sie sich aus Ihrem Facebook-Benutzerkonto ausloggen und die Ausf\u00fchrung von Javascript in Ihrem Browser blockieren. Weitergehende Informationen zum Datenschutz in Verbindung mit Facebook-Anwendungen finden Sie unter: http:\/\/www.facebook.com\/about\/privacy\/<\/p>\n\n\n\n<p>\u200b<\/p>\n\n\n\n<h3 class=\"wp-block-heading\">8. SOCIAL PLUG-INS GOOGLE+<\/h3>\n\n\n\n<p>Auf unseren Seiten wird der Java Scriptcode des social network &#8222;google +&#8220; nachgeladen. Wenn Sie in Ihrem Browser Javascript aktiviert und keinen Ja-vascriptblocker installiert haben, wird Ihr Browser ggf. personenbezogene Daten an Google Inc., 1600 Amphitheatre Parkway, Mountain View, CA 94043, United States (Google) \u00fcbermitteln. Dies erfolgt bereits durch den Aufruf unserer Homepage, wenn Sie zu diesem Zeitpunkt bei Google+ \u00fcber ihr Benutzerkonto eingeloggt sind. Eine Datenweitergabe erfolgt unabh\u00e4ngig davon, ob Sie die jeweiligen Plug-ins bet\u00e4tigen, z.B. den &#8222;Google+1&#8220;-Button dr\u00fccken. Die so gesammelten Daten kann Google+ Ihrem Benutzerkonto zuordnen.<br>Wenn Sie mit den Plugins interagieren, zum Beispiel den &#8222;Google+1&#8220;-Button bet\u00e4tigen, wird die entsprechende Information von Ihrem Browser direkt an Google+ \u00fcbermittelt und dort gespeichert.&nbsp;<br>Die Zuordnung des Besuchs unserer Seite zu Ihrem Google+-Konto k\u00f6nnen Sie nur dadurch unterbinden, dass Sie sich aus Ihrem Google+-Benutzerkonto ausloggen und die Ausf\u00fchrung von Javascript in Ihrem Browser blockieren. Weitergehende Informationen zum Datenschutz in Verbindung mit Google+-Anwendungen finden Sie unter: http:\/\/www.google.com\/intl\/de\/%2B\/policy\/index.html<\/p>","protected":false},"excerpt":{"rendered":"<p>1. Erhebung pers\u00f6nlicher Daten Ihre pers\u00f6nlichen Daten genie\u00dfen einen besonderen Schutz, so dass uns die Einhaltung aller gesetzlichen Vorgaben ein wichtiges Anliegen ist. Personenbezogene Daten sind Einzelangaben \u00fcber pers\u00f6nliche oder sachliche Verh\u00e4ltnisse einer bestimmten oder bestimmbaren nat\u00fcrlichen Person, das hei\u00dft insbesondere der Name, die Anschrift, Geburtsdatum, aber auch Telefon- oder telfaxnummer einer Person stellen solche [&hellip;]<\/p>\n","protected":false},"author":1,"featured_media":0,"parent":0,"menu_order":0,"comment_status":"closed","ping_status":"closed","template":"","meta":{"footnotes":""},"class_list":["post-36","page","type-page","status-publish","hentry"],"_links":{"self":[{"href":"https:\/\/gallery-puzic.com\/en\/wp-json\/wp\/v2\/pages\/36","targetHints":{"allow":["GET"]}}],"collection":[{"href":"https:\/\/gallery-puzic.com\/en\/wp-json\/wp\/v2\/pages"}],"about":[{"href":"https:\/\/gallery-puzic.com\/en\/wp-json\/wp\/v2\/types\/page"}],"author":[{"embeddable":true,"href":"https:\/\/gallery-puzic.com\/en\/wp-json\/wp\/v2\/users\/1"}],"replies":[{"embeddable":true,"href":"https:\/\/gallery-puzic.com\/en\/wp-json\/wp\/v2\/comments?post=36"}],"version-history":[{"count":1,"href":"https:\/\/gallery-puzic.com\/en\/wp-json\/wp\/v2\/pages\/36\/revisions"}],"predecessor-version":[{"id":37,"href":"https:\/\/gallery-puzic.com\/en\/wp-json\/wp\/v2\/pages\/36\/revisions\/37"}],"wp:attachment":[{"href":"https:\/\/gallery-puzic.com\/en\/wp-json\/wp\/v2\/media?parent=36"}],"curies":[{"name":"wp","href":"https:\/\/api.w.org\/{rel}","templated":true}]}}