{"id":3500,"date":"2024-02-29T21:17:01","date_gmt":"2024-02-29T21:17:01","guid":{"rendered":"https:\/\/gallery-puzic.com\/?page_id=3500"},"modified":"2024-05-18T11:48:24","modified_gmt":"2024-05-18T11:48:24","slug":"katharina-krenkel","status":"publish","type":"page","link":"https:\/\/gallery-puzic.com\/en\/katharina-krenkel\/","title":{"rendered":"Katharina Krenkel"},"content":{"rendered":"<div data-elementor-type=\"wp-page\" data-elementor-id=\"3500\" class=\"elementor elementor-3500\">\n\t\t\t\t\t\t<section class=\"elementor-section elementor-top-section elementor-element elementor-element-056eed0 elementor-section-boxed elementor-section-height-default elementor-section-height-default\" data-id=\"056eed0\" data-element_type=\"section\" data-e-type=\"section\">\n\t\t\t\t\t\t<div class=\"elementor-container elementor-column-gap-default\">\n\t\t\t\t\t<div class=\"elementor-column elementor-col-100 elementor-top-column elementor-element elementor-element-0cb914f\" data-id=\"0cb914f\" data-element_type=\"column\" data-e-type=\"column\">\n\t\t\t<div class=\"elementor-widget-wrap elementor-element-populated\">\n\t\t\t\t\t\t<div class=\"elementor-element elementor-element-8ceb51e elementor-widget elementor-widget-heading\" data-id=\"8ceb51e\" data-element_type=\"widget\" data-e-type=\"widget\" data-widget_type=\"heading.default\">\n\t\t\t\t<div class=\"elementor-widget-container\">\n\t\t\t\t\t<h2 class=\"elementor-heading-title elementor-size-default\">Katharina Krenkel<\/h2>\t\t\t\t<\/div>\n\t\t\t\t<\/div>\n\t\t\t\t\t<\/div>\n\t\t<\/div>\n\t\t\t\t\t<\/div>\n\t\t<\/section>\n\t\t\t\t<section class=\"elementor-section elementor-top-section elementor-element elementor-element-65d68da elementor-section-boxed elementor-section-height-default elementor-section-height-default\" data-id=\"65d68da\" data-element_type=\"section\" data-e-type=\"section\">\n\t\t\t\t\t\t<div class=\"elementor-container elementor-column-gap-default\">\n\t\t\t\t\t<div class=\"elementor-column elementor-col-50 elementor-top-column elementor-element elementor-element-cf8afe1\" data-id=\"cf8afe1\" data-element_type=\"column\" data-e-type=\"column\">\n\t\t\t<div class=\"elementor-widget-wrap elementor-element-populated\">\n\t\t\t\t\t\t<div class=\"elementor-element elementor-element-aaeccff elementor-widget elementor-widget-text-editor\" data-id=\"aaeccff\" data-element_type=\"widget\" data-e-type=\"widget\" data-widget_type=\"text-editor.default\">\n\t\t\t\t<div class=\"elementor-widget-container\">\n\t\t\t\t\t\t\t\t\t<p>artworks<\/p>\t\t\t\t\t\t\t\t<\/div>\n\t\t\t\t<\/div>\n\t\t\t\t\t<\/div>\n\t\t<\/div>\n\t\t\t\t<div class=\"elementor-column elementor-col-50 elementor-top-column elementor-element elementor-element-d95e34b\" data-id=\"d95e34b\" data-element_type=\"column\" data-e-type=\"column\">\n\t\t\t<div class=\"elementor-widget-wrap elementor-element-populated\">\n\t\t\t\t\t\t<div class=\"elementor-element elementor-element-354d757 elementor-widget elementor-widget-text-editor\" data-id=\"354d757\" data-element_type=\"widget\" data-e-type=\"widget\" data-widget_type=\"text-editor.default\">\n\t\t\t\t<div class=\"elementor-widget-container\">\n\t\t\t\t\t\t\t\t\t<p>biography<\/p>\t\t\t\t\t\t\t\t<\/div>\n\t\t\t\t<\/div>\n\t\t\t\t\t<\/div>\n\t\t<\/div>\n\t\t\t\t\t<\/div>\n\t\t<\/section>\n\t\t\t\t<section class=\"elementor-section elementor-top-section elementor-element elementor-element-7b41ee3 elementor-section-boxed elementor-section-height-default elementor-section-height-default\" data-id=\"7b41ee3\" data-element_type=\"section\" data-e-type=\"section\">\n\t\t\t\t\t\t<div class=\"elementor-container elementor-column-gap-default\">\n\t\t\t\t\t<div class=\"elementor-column elementor-col-25 elementor-top-column elementor-element elementor-element-15119c3\" data-id=\"15119c3\" data-element_type=\"column\" data-e-type=\"column\">\n\t\t\t<div class=\"elementor-widget-wrap elementor-element-populated\">\n\t\t\t\t\t\t<div class=\"elementor-element elementor-element-e7f3181 elementor-widget elementor-widget-image\" data-id=\"e7f3181\" data-element_type=\"widget\" data-e-type=\"widget\" data-widget_type=\"image.default\">\n\t\t\t\t<div class=\"elementor-widget-container\">\n\t\t\t\t\t\t\t\t\t\t\t\t<figure class=\"wp-caption\">\n\t\t\t\t\t\t\t\t\t\t<img fetchpriority=\"high\" decoding=\"async\" width=\"768\" height=\"1033\" src=\"https:\/\/gallery-puzic.com\/wp-content\/uploads\/2024\/02\/Wassertropfen-konglomerat-768x1033.png\" class=\"attachment-medium_large size-medium_large wp-image-3507\" alt=\"\" srcset=\"https:\/\/gallery-puzic.com\/wp-content\/uploads\/2024\/02\/Wassertropfen-konglomerat-768x1033.png 768w, https:\/\/gallery-puzic.com\/wp-content\/uploads\/2024\/02\/Wassertropfen-konglomerat-223x300.png 223w, https:\/\/gallery-puzic.com\/wp-content\/uploads\/2024\/02\/Wassertropfen-konglomerat-761x1024.png 761w, https:\/\/gallery-puzic.com\/wp-content\/uploads\/2024\/02\/Wassertropfen-konglomerat-9x12.png 9w, https:\/\/gallery-puzic.com\/wp-content\/uploads\/2024\/02\/Wassertropfen-konglomerat.png 936w\" sizes=\"(max-width: 768px) 100vw, 768px\" \/>\t\t\t\t\t\t\t\t\t\t\t<figcaption class=\"widget-image-caption wp-caption-text\"> \"Wassetropfenkonglomerat\", 2023<\/figcaption>\n\t\t\t\t\t\t\t\t\t\t<\/figure>\n\t\t\t\t\t\t\t\t\t<\/div>\n\t\t\t\t<\/div>\n\t\t\t\t\t<\/div>\n\t\t<\/div>\n\t\t\t\t<div class=\"elementor-column elementor-col-25 elementor-top-column elementor-element elementor-element-98557ab\" data-id=\"98557ab\" data-element_type=\"column\" data-e-type=\"column\">\n\t\t\t<div class=\"elementor-widget-wrap elementor-element-populated\">\n\t\t\t\t\t\t<div class=\"elementor-element elementor-element-622c2a9 elementor-widget elementor-widget-image\" data-id=\"622c2a9\" data-element_type=\"widget\" data-e-type=\"widget\" data-widget_type=\"image.default\">\n\t\t\t\t<div class=\"elementor-widget-container\">\n\t\t\t\t\t\t\t\t\t\t\t\t<figure class=\"wp-caption\">\n\t\t\t\t\t\t\t\t\t\t<img decoding=\"async\" width=\"768\" height=\"1024\" src=\"https:\/\/gallery-puzic.com\/wp-content\/uploads\/2024\/02\/Krenkel-Elephant-768x1024.jpg\" class=\"attachment-medium_large size-medium_large wp-image-3448\" alt=\"\" srcset=\"https:\/\/gallery-puzic.com\/wp-content\/uploads\/2024\/02\/Krenkel-Elephant-768x1024.jpg 768w, https:\/\/gallery-puzic.com\/wp-content\/uploads\/2024\/02\/Krenkel-Elephant-225x300.jpg 225w, https:\/\/gallery-puzic.com\/wp-content\/uploads\/2024\/02\/Krenkel-Elephant-1152x1536.jpg 1152w, https:\/\/gallery-puzic.com\/wp-content\/uploads\/2024\/02\/Krenkel-Elephant-1536x2048.jpg 1536w, https:\/\/gallery-puzic.com\/wp-content\/uploads\/2024\/02\/Krenkel-Elephant-9x12.jpg 9w, https:\/\/gallery-puzic.com\/wp-content\/uploads\/2024\/02\/Krenkel-Elephant-scaled.jpg 1920w\" sizes=\"(max-width: 768px) 100vw, 768px\" \/>\t\t\t\t\t\t\t\t\t\t\t<figcaption class=\"widget-image-caption wp-caption-text\">Large Water Drop, 2023<\/figcaption>\n\t\t\t\t\t\t\t\t\t\t<\/figure>\n\t\t\t\t\t\t\t\t\t<\/div>\n\t\t\t\t<\/div>\n\t\t\t\t\t<\/div>\n\t\t<\/div>\n\t\t\t\t<div class=\"elementor-column elementor-col-25 elementor-top-column elementor-element elementor-element-f28e26b\" data-id=\"f28e26b\" data-element_type=\"column\" data-e-type=\"column\">\n\t\t\t<div class=\"elementor-widget-wrap elementor-element-populated\">\n\t\t\t\t\t\t<div class=\"elementor-element elementor-element-c319c6f elementor-widget elementor-widget-image\" data-id=\"c319c6f\" data-element_type=\"widget\" data-e-type=\"widget\" data-widget_type=\"image.default\">\n\t\t\t\t<div class=\"elementor-widget-container\">\n\t\t\t\t\t\t\t\t\t\t\t\t<figure class=\"wp-caption\">\n\t\t\t\t\t\t\t\t\t\t<img decoding=\"async\" width=\"768\" height=\"1024\" src=\"https:\/\/gallery-puzic.com\/wp-content\/uploads\/2024\/02\/Krenkel-Schwertelshoehle-768x1024.jpg\" class=\"attachment-medium_large size-medium_large wp-image-3438\" alt=\"\" srcset=\"https:\/\/gallery-puzic.com\/wp-content\/uploads\/2024\/02\/Krenkel-Schwertelshoehle-768x1024.jpg 768w, https:\/\/gallery-puzic.com\/wp-content\/uploads\/2024\/02\/Krenkel-Schwertelshoehle-225x300.jpg 225w, https:\/\/gallery-puzic.com\/wp-content\/uploads\/2024\/02\/Krenkel-Schwertelshoehle-1152x1536.jpg 1152w, https:\/\/gallery-puzic.com\/wp-content\/uploads\/2024\/02\/Krenkel-Schwertelshoehle-1536x2048.jpg 1536w, https:\/\/gallery-puzic.com\/wp-content\/uploads\/2024\/02\/Krenkel-Schwertelshoehle-9x12.jpg 9w, https:\/\/gallery-puzic.com\/wp-content\/uploads\/2024\/02\/Krenkel-Schwertelshoehle-scaled.jpg 1920w\" sizes=\"(max-width: 768px) 100vw, 768px\" \/>\t\t\t\t\t\t\t\t\t\t\t<figcaption class=\"widget-image-caption wp-caption-text\">Nebelh\u00f6hle, Holzdruckstock, geschnitzt, Offsetdruckfarbe, 3-teilig, 2018<\/figcaption>\n\t\t\t\t\t\t\t\t\t\t<\/figure>\n\t\t\t\t\t\t\t\t\t<\/div>\n\t\t\t\t<\/div>\n\t\t\t\t\t<\/div>\n\t\t<\/div>\n\t\t\t\t<div class=\"elementor-column elementor-col-25 elementor-top-column elementor-element elementor-element-7450412\" data-id=\"7450412\" data-element_type=\"column\" data-e-type=\"column\">\n\t\t\t<div class=\"elementor-widget-wrap elementor-element-populated\">\n\t\t\t\t\t\t<div class=\"elementor-element elementor-element-de20aab elementor-widget elementor-widget-image\" data-id=\"de20aab\" data-element_type=\"widget\" data-e-type=\"widget\" data-widget_type=\"image.default\">\n\t\t\t\t<div class=\"elementor-widget-container\">\n\t\t\t\t\t\t\t\t\t\t\t\t<figure class=\"wp-caption\">\n\t\t\t\t\t\t\t\t\t\t<img loading=\"lazy\" decoding=\"async\" width=\"768\" height=\"785\" src=\"https:\/\/gallery-puzic.com\/wp-content\/uploads\/2024\/02\/Krenkel-Stickgrafik-768x785.jpg\" class=\"attachment-medium_large size-medium_large wp-image-3439\" alt=\"\" srcset=\"https:\/\/gallery-puzic.com\/wp-content\/uploads\/2024\/02\/Krenkel-Stickgrafik-768x785.jpg 768w, https:\/\/gallery-puzic.com\/wp-content\/uploads\/2024\/02\/Krenkel-Stickgrafik-293x300.jpg 293w, https:\/\/gallery-puzic.com\/wp-content\/uploads\/2024\/02\/Krenkel-Stickgrafik-1001x1024.jpg 1001w, https:\/\/gallery-puzic.com\/wp-content\/uploads\/2024\/02\/Krenkel-Stickgrafik-1502x1536.jpg 1502w, https:\/\/gallery-puzic.com\/wp-content\/uploads\/2024\/02\/Krenkel-Stickgrafik-12x12.jpg 12w, https:\/\/gallery-puzic.com\/wp-content\/uploads\/2024\/02\/Krenkel-Stickgrafik.jpg 1950w\" sizes=\"(max-width: 768px) 100vw, 768px\" \/>\t\t\t\t\t\t\t\t\t\t\t<figcaption class=\"widget-image-caption wp-caption-text\">Stickzeichnung, Zwirn auf Papier, 2023<\/figcaption>\n\t\t\t\t\t\t\t\t\t\t<\/figure>\n\t\t\t\t\t\t\t\t\t<\/div>\n\t\t\t\t<\/div>\n\t\t\t\t\t<\/div>\n\t\t<\/div>\n\t\t\t\t\t<\/div>\n\t\t<\/section>\n\t\t\t\t<section class=\"elementor-section elementor-top-section elementor-element elementor-element-c6ab665 elementor-section-boxed elementor-section-height-default elementor-section-height-default\" data-id=\"c6ab665\" data-element_type=\"section\" data-e-type=\"section\">\n\t\t\t\t\t\t<div class=\"elementor-container elementor-column-gap-default\">\n\t\t\t\t\t<div class=\"elementor-column elementor-col-100 elementor-top-column elementor-element elementor-element-a6a0393\" data-id=\"a6a0393\" data-element_type=\"column\" data-e-type=\"column\">\n\t\t\t<div class=\"elementor-widget-wrap elementor-element-populated\">\n\t\t\t\t\t\t<div class=\"elementor-element elementor-element-720105d elementor-widget elementor-widget-spacer\" data-id=\"720105d\" data-element_type=\"widget\" data-e-type=\"widget\" data-widget_type=\"spacer.default\">\n\t\t\t\t<div class=\"elementor-widget-container\">\n\t\t\t\t\t\t\t<div class=\"elementor-spacer\">\n\t\t\t<div class=\"elementor-spacer-inner\"><\/div>\n\t\t<\/div>\n\t\t\t\t\t\t<\/div>\n\t\t\t\t<\/div>\n\t\t\t\t\t<\/div>\n\t\t<\/div>\n\t\t\t\t\t<\/div>\n\t\t<\/section>\n\t\t\t\t<section class=\"elementor-section elementor-top-section elementor-element elementor-element-a3e2a5e elementor-section-boxed elementor-section-height-default elementor-section-height-default\" data-id=\"a3e2a5e\" data-element_type=\"section\" data-e-type=\"section\">\n\t\t\t\t\t\t<div class=\"elementor-container elementor-column-gap-default\">\n\t\t\t\t\t<div class=\"elementor-column elementor-col-33 elementor-top-column elementor-element elementor-element-0342d25\" data-id=\"0342d25\" data-element_type=\"column\" data-e-type=\"column\">\n\t\t\t<div class=\"elementor-widget-wrap elementor-element-populated\">\n\t\t\t\t\t\t<div class=\"elementor-element elementor-element-cbe4d40 elementor-widget elementor-widget-image\" data-id=\"cbe4d40\" data-element_type=\"widget\" data-e-type=\"widget\" data-widget_type=\"image.default\">\n\t\t\t\t<div class=\"elementor-widget-container\">\n\t\t\t\t\t\t\t\t\t\t\t\t\t\t\t<img loading=\"lazy\" decoding=\"async\" width=\"768\" height=\"512\" src=\"https:\/\/gallery-puzic.com\/wp-content\/uploads\/2024\/02\/Krenkel-in-den-Tropfen-768x512.jpg\" class=\"attachment-medium_large size-medium_large wp-image-3435\" alt=\"\" srcset=\"https:\/\/gallery-puzic.com\/wp-content\/uploads\/2024\/02\/Krenkel-in-den-Tropfen-768x512.jpg 768w, https:\/\/gallery-puzic.com\/wp-content\/uploads\/2024\/02\/Krenkel-in-den-Tropfen-300x200.jpg 300w, https:\/\/gallery-puzic.com\/wp-content\/uploads\/2024\/02\/Krenkel-in-den-Tropfen-1024x683.jpg 1024w, https:\/\/gallery-puzic.com\/wp-content\/uploads\/2024\/02\/Krenkel-in-den-Tropfen-1536x1024.jpg 1536w, https:\/\/gallery-puzic.com\/wp-content\/uploads\/2024\/02\/Krenkel-in-den-Tropfen-2048x1365.jpg 2048w, https:\/\/gallery-puzic.com\/wp-content\/uploads\/2024\/02\/Krenkel-in-den-Tropfen-18x12.jpg 18w\" sizes=\"(max-width: 768px) 100vw, 768px\" \/>\t\t\t\t\t\t\t\t\t\t\t\t\t\t\t<\/div>\n\t\t\t\t<\/div>\n\t\t\t\t\t<\/div>\n\t\t<\/div>\n\t\t\t\t<div class=\"elementor-column elementor-col-33 elementor-top-column elementor-element elementor-element-8a60d5d\" data-id=\"8a60d5d\" data-element_type=\"column\" data-e-type=\"column\">\n\t\t\t<div class=\"elementor-widget-wrap elementor-element-populated\">\n\t\t\t\t\t\t<div class=\"elementor-element elementor-element-7b6888d elementor-widget elementor-widget-text-editor\" data-id=\"7b6888d\" data-element_type=\"widget\" data-e-type=\"widget\" data-widget_type=\"text-editor.default\">\n\t\t\t\t<div class=\"elementor-widget-container\">\n\t\t\t\t\t\t\t\t\t<p>Katharina Krenkel\u00a0 | Biography<\/p>\t\t\t\t\t\t\t\t<\/div>\n\t\t\t\t<\/div>\n\t\t\t\t\t<\/div>\n\t\t<\/div>\n\t\t\t\t<div class=\"elementor-column elementor-col-33 elementor-top-column elementor-element elementor-element-63743e5\" data-id=\"63743e5\" data-element_type=\"column\" data-e-type=\"column\">\n\t\t\t<div class=\"elementor-widget-wrap elementor-element-populated\">\n\t\t\t\t\t\t<div class=\"elementor-element elementor-element-1957e1a elementor-widget__width-initial elementor-widget elementor-widget-text-editor\" data-id=\"1957e1a\" data-element_type=\"widget\" data-e-type=\"widget\" data-widget_type=\"text-editor.default\">\n\t\t\t\t<div class=\"elementor-widget-container\">\n\t\t\t\t\t\t\t\t\t<p>Katharina Krenkel ist Bildhauerin. Ihre Skulpturen sind weich und geh\u00e4kelt. Diese textile und additive Technik erinnert in ihrer Maschenaneinanderreihung an Zellen oder Atome. In dieser Kleinteiligkeit m\u00f6chte Katharina Krenkel den Wundern der Welt im Gro\u00dfen auf den Grund gehen.<\/p><p>1966 geboren in Buenos Aires, aufgewachsen in Stuttgart<\/p><p>1986 Hochschulreife<\/p><p>1987-1993 Interdisziplin\u00e4res Studium an der Hochschule der Bildenden K\u00fcnste Saar, Grundlehre bei Oscar Hohlweck<\/p><p>1993 Diplom in Kommunikationsdesign<\/p><p>seit 89 als freischaffende K\u00fcnstlerin t\u00e4tig; lebt und arbeitet in K\u00f6llerbach<\/p><p style=\"mso-para-margin-top: .01gd; mso-para-margin-right: 0in; mso-para-margin-bottom: .01gd; mso-para-margin-left: 0in; margin: .1pt 0in .1pt 0in;\">\u00a0<\/p><p><span style=\"font-size: 11.5pt; font-family: 'Open Sans'; mso-fareast-font-family: Cambria; mso-fareast-theme-font: minor-latin; mso-bidi-font-family: 'Times New Roman'; mso-bidi-theme-font: minor-bidi; color: black; background: #F2F2F2; mso-ansi-language: EN-US; mso-fareast-language: EN-US;\">Katharina Krenkel arbeitet sowohl plastisch als auch grafisch. Aus Wolle und anderen h\u00e4kelbaren Materialien wie Absperrband, M\u00fclls\u00e4cken, Draht, Videob\u00e4ndern und Gummiprofilen entstehen ihre \u201eweichen Skulpturen\u201c. Diese widersprechen dabei dem herk\u00f6mmlichen Verst\u00e4ndnis der Bildhauerei, die \u201eharte\u201c Materialien bevorzugt.<\/span><span style=\"font-size: 11.5pt; font-family: 'Open Sans'; mso-fareast-font-family: Cambria; mso-fareast-theme-font: minor-latin; mso-bidi-font-family: 'Times New Roman'; mso-bidi-theme-font: minor-bidi; color: black; mso-ansi-language: EN-US; mso-fareast-language: EN-US;\"><br \/><br \/><span style=\"background: #F2F2F2;\">\u201eIch betrachte die Welt und ihre Strukturen und versuche sie in ein H\u00e4kelmuster zu \u00fcberf\u00fchren. Dabei verschieben sich Wahrnehmungen durch \u00dcberzeichnungen, ver\u00e4nderte Proportionen und eine ironische<br \/>Brechung. Die einzelnen Maschen sind die zellul\u00e4re Struktur meiner eigenen weichen Sch\u00f6pfungen. Ich liebe die Gegen\u00fcberstellung von Widerspr\u00fcchen. Ich bin Bildhauerin mit H\u00e4kelnadel und Wolle. Hart und weich.\u201c <\/span><i style=\"mso-bidi-font-style: normal;\">Katharina Krenkel<\/i><br \/><br \/><span style=\"background: #F2F2F2;\">Seit 2010 f\u00fchrt die K\u00fcnstlerin ihren eigenen Blog, in dem sie regelm\u00e4\u00dfig \u00fcber ihre neusten Werke, Projekte und Ausstellungen berichtet.<\/span><\/span><\/p>\t\t\t\t\t\t\t\t<\/div>\n\t\t\t\t<\/div>\n\t\t\t\t\t<\/div>\n\t\t<\/div>\n\t\t\t\t\t<\/div>\n\t\t<\/section>\n\t\t\t\t<\/div>","protected":false},"excerpt":{"rendered":"<p>Katharina Krenkel artworks biography &#8222;Wassetropfenkonglomerat&#8220;, 2023 Large Water Drop, 2023 Nebelh\u00f6hle, Holzdruckstock, geschnitzt, Offsetdruckfarbe, 3-teilig, 2018 Stickzeichnung, Zwirn auf Papier, 2023 Katharina Krenkel\u00a0 | Biography Katharina Krenkel ist Bildhauerin. Ihre Skulpturen sind weich und geh\u00e4kelt. Diese textile und additive Technik erinnert in ihrer Maschenaneinanderreihung an Zellen oder Atome. In dieser Kleinteiligkeit m\u00f6chte Katharina Krenkel den [&hellip;]<\/p>\n","protected":false},"author":2,"featured_media":0,"parent":0,"menu_order":0,"comment_status":"closed","ping_status":"closed","template":"","meta":{"footnotes":""},"class_list":["post-3500","page","type-page","status-publish","hentry"],"_links":{"self":[{"href":"https:\/\/gallery-puzic.com\/en\/wp-json\/wp\/v2\/pages\/3500","targetHints":{"allow":["GET"]}}],"collection":[{"href":"https:\/\/gallery-puzic.com\/en\/wp-json\/wp\/v2\/pages"}],"about":[{"href":"https:\/\/gallery-puzic.com\/en\/wp-json\/wp\/v2\/types\/page"}],"author":[{"embeddable":true,"href":"https:\/\/gallery-puzic.com\/en\/wp-json\/wp\/v2\/users\/2"}],"replies":[{"embeddable":true,"href":"https:\/\/gallery-puzic.com\/en\/wp-json\/wp\/v2\/comments?post=3500"}],"version-history":[{"count":15,"href":"https:\/\/gallery-puzic.com\/en\/wp-json\/wp\/v2\/pages\/3500\/revisions"}],"predecessor-version":[{"id":3995,"href":"https:\/\/gallery-puzic.com\/en\/wp-json\/wp\/v2\/pages\/3500\/revisions\/3995"}],"wp:attachment":[{"href":"https:\/\/gallery-puzic.com\/en\/wp-json\/wp\/v2\/media?parent=3500"}],"curies":[{"name":"wp","href":"https:\/\/api.w.org\/{rel}","templated":true}]}}