{"id":3457,"date":"2024-02-29T16:50:18","date_gmt":"2024-02-29T16:50:18","guid":{"rendered":"https:\/\/gallery-puzic.com\/?page_id=3457"},"modified":"2024-05-18T11:47:49","modified_gmt":"2024-05-18T11:47:49","slug":"martin-steinert","status":"publish","type":"page","link":"https:\/\/gallery-puzic.com\/en\/martin-steinert\/","title":{"rendered":"Martin Steinert"},"content":{"rendered":"<div data-elementor-type=\"wp-page\" data-elementor-id=\"3457\" class=\"elementor elementor-3457\">\n\t\t\t\t\t\t<section class=\"elementor-section elementor-top-section elementor-element elementor-element-73026fe elementor-section-boxed elementor-section-height-default elementor-section-height-default\" data-id=\"73026fe\" data-element_type=\"section\" data-e-type=\"section\">\n\t\t\t\t\t\t<div class=\"elementor-container elementor-column-gap-default\">\n\t\t\t\t\t<div class=\"elementor-column elementor-col-100 elementor-top-column elementor-element elementor-element-8707db4\" data-id=\"8707db4\" data-element_type=\"column\" data-e-type=\"column\">\n\t\t\t<div class=\"elementor-widget-wrap elementor-element-populated\">\n\t\t\t\t\t\t<div class=\"elementor-element elementor-element-41ae8e9 elementor-widget elementor-widget-spacer\" data-id=\"41ae8e9\" data-element_type=\"widget\" data-e-type=\"widget\" data-widget_type=\"spacer.default\">\n\t\t\t\t<div class=\"elementor-widget-container\">\n\t\t\t\t\t\t\t<div class=\"elementor-spacer\">\n\t\t\t<div class=\"elementor-spacer-inner\"><\/div>\n\t\t<\/div>\n\t\t\t\t\t\t<\/div>\n\t\t\t\t<\/div>\n\t\t\t\t\t<\/div>\n\t\t<\/div>\n\t\t\t\t\t<\/div>\n\t\t<\/section>\n\t\t\t\t<section class=\"elementor-section elementor-top-section elementor-element elementor-element-ebb50ba elementor-section-boxed elementor-section-height-default elementor-section-height-default\" data-id=\"ebb50ba\" data-element_type=\"section\" data-e-type=\"section\">\n\t\t\t\t\t\t<div class=\"elementor-container elementor-column-gap-default\">\n\t\t\t\t\t<div class=\"elementor-column elementor-col-100 elementor-top-column elementor-element elementor-element-c2044ed\" data-id=\"c2044ed\" data-element_type=\"column\" data-e-type=\"column\">\n\t\t\t<div class=\"elementor-widget-wrap elementor-element-populated\">\n\t\t\t\t\t\t<div class=\"elementor-element elementor-element-03c345c elementor-widget elementor-widget-heading\" data-id=\"03c345c\" data-element_type=\"widget\" data-e-type=\"widget\" data-widget_type=\"heading.default\">\n\t\t\t\t<div class=\"elementor-widget-container\">\n\t\t\t\t\t<h2 class=\"elementor-heading-title elementor-size-default\">Martin Steinert<br><\/h2>\t\t\t\t<\/div>\n\t\t\t\t<\/div>\n\t\t\t\t\t<\/div>\n\t\t<\/div>\n\t\t\t\t\t<\/div>\n\t\t<\/section>\n\t\t\t\t<section class=\"elementor-section elementor-top-section elementor-element elementor-element-c1d6bbf elementor-section-boxed elementor-section-height-default elementor-section-height-default\" data-id=\"c1d6bbf\" data-element_type=\"section\" data-e-type=\"section\">\n\t\t\t\t\t\t<div class=\"elementor-container elementor-column-gap-default\">\n\t\t\t\t\t<div class=\"elementor-column elementor-col-50 elementor-top-column elementor-element elementor-element-1bdae80\" data-id=\"1bdae80\" data-element_type=\"column\" data-e-type=\"column\">\n\t\t\t<div class=\"elementor-widget-wrap elementor-element-populated\">\n\t\t\t\t\t\t<div class=\"elementor-element elementor-element-71ffdca elementor-widget elementor-widget-text-editor\" data-id=\"71ffdca\" data-element_type=\"widget\" data-e-type=\"widget\" data-widget_type=\"text-editor.default\">\n\t\t\t\t<div class=\"elementor-widget-container\">\n\t\t\t\t\t\t\t\t\t<p>artworks<\/p>\t\t\t\t\t\t\t\t<\/div>\n\t\t\t\t<\/div>\n\t\t\t\t\t<\/div>\n\t\t<\/div>\n\t\t\t\t<div class=\"elementor-column elementor-col-50 elementor-top-column elementor-element elementor-element-3827563\" data-id=\"3827563\" data-element_type=\"column\" data-e-type=\"column\">\n\t\t\t<div class=\"elementor-widget-wrap elementor-element-populated\">\n\t\t\t\t\t\t<div class=\"elementor-element elementor-element-138017c elementor-widget elementor-widget-text-editor\" data-id=\"138017c\" data-element_type=\"widget\" data-e-type=\"widget\" data-widget_type=\"text-editor.default\">\n\t\t\t\t<div class=\"elementor-widget-container\">\n\t\t\t\t\t\t\t\t\t<p>biography<\/p>\t\t\t\t\t\t\t\t<\/div>\n\t\t\t\t<\/div>\n\t\t\t\t\t<\/div>\n\t\t<\/div>\n\t\t\t\t\t<\/div>\n\t\t<\/section>\n\t\t\t\t<section class=\"elementor-section elementor-top-section elementor-element elementor-element-f032809 elementor-section-boxed elementor-section-height-default elementor-section-height-default\" data-id=\"f032809\" data-element_type=\"section\" data-e-type=\"section\">\n\t\t\t\t\t\t<div class=\"elementor-container elementor-column-gap-default\">\n\t\t\t\t\t<div class=\"elementor-column elementor-col-25 elementor-top-column elementor-element elementor-element-e42f28c\" data-id=\"e42f28c\" data-element_type=\"column\" data-e-type=\"column\">\n\t\t\t<div class=\"elementor-widget-wrap elementor-element-populated\">\n\t\t\t\t\t\t<div class=\"elementor-element elementor-element-1758368 elementor-widget elementor-widget-image\" data-id=\"1758368\" data-element_type=\"widget\" data-e-type=\"widget\" data-widget_type=\"image.default\">\n\t\t\t\t<div class=\"elementor-widget-container\">\n\t\t\t\t\t\t\t\t\t\t\t\t<figure class=\"wp-caption\">\n\t\t\t\t\t\t\t\t\t\t<img fetchpriority=\"high\" decoding=\"async\" width=\"768\" height=\"576\" src=\"https:\/\/gallery-puzic.com\/wp-content\/uploads\/2024\/02\/wooden-cloud2-768x576.jpg\" class=\"attachment-medium_large size-medium_large wp-image-3442\" alt=\"\" srcset=\"https:\/\/gallery-puzic.com\/wp-content\/uploads\/2024\/02\/wooden-cloud2-768x576.jpg 768w, https:\/\/gallery-puzic.com\/wp-content\/uploads\/2024\/02\/wooden-cloud2-300x225.jpg 300w, https:\/\/gallery-puzic.com\/wp-content\/uploads\/2024\/02\/wooden-cloud2-1024x768.jpg 1024w, https:\/\/gallery-puzic.com\/wp-content\/uploads\/2024\/02\/wooden-cloud2-1536x1152.jpg 1536w, https:\/\/gallery-puzic.com\/wp-content\/uploads\/2024\/02\/wooden-cloud2-2048x1536.jpg 2048w, https:\/\/gallery-puzic.com\/wp-content\/uploads\/2024\/02\/wooden-cloud2-16x12.jpg 16w\" sizes=\"(max-width: 768px) 100vw, 768px\" \/>\t\t\t\t\t\t\t\t\t\t\t<figcaption class=\"widget-image-caption wp-caption-text\">wooden cloud, installation view<\/figcaption>\n\t\t\t\t\t\t\t\t\t\t<\/figure>\n\t\t\t\t\t\t\t\t\t<\/div>\n\t\t\t\t<\/div>\n\t\t\t\t\t<\/div>\n\t\t<\/div>\n\t\t\t\t<div class=\"elementor-column elementor-col-25 elementor-top-column elementor-element elementor-element-12b5097\" data-id=\"12b5097\" data-element_type=\"column\" data-e-type=\"column\">\n\t\t\t<div class=\"elementor-widget-wrap elementor-element-populated\">\n\t\t\t\t\t\t<div class=\"elementor-element elementor-element-d3f29f3 elementor-widget elementor-widget-image\" data-id=\"d3f29f3\" data-element_type=\"widget\" data-e-type=\"widget\" data-widget_type=\"image.default\">\n\t\t\t\t<div class=\"elementor-widget-container\">\n\t\t\t\t\t\t\t\t\t\t\t\t<figure class=\"wp-caption\">\n\t\t\t\t\t\t\t\t\t\t<img decoding=\"async\" width=\"768\" height=\"576\" src=\"https:\/\/gallery-puzic.com\/wp-content\/uploads\/2024\/01\/Betreten-Skulptur3-768x576.jpg\" class=\"attachment-medium_large size-medium_large wp-image-3175\" alt=\"\" srcset=\"https:\/\/gallery-puzic.com\/wp-content\/uploads\/2024\/01\/Betreten-Skulptur3-768x576.jpg 768w, https:\/\/gallery-puzic.com\/wp-content\/uploads\/2024\/01\/Betreten-Skulptur3-300x225.jpg 300w, https:\/\/gallery-puzic.com\/wp-content\/uploads\/2024\/01\/Betreten-Skulptur3-1024x768.jpg 1024w, https:\/\/gallery-puzic.com\/wp-content\/uploads\/2024\/01\/Betreten-Skulptur3-1536x1152.jpg 1536w, https:\/\/gallery-puzic.com\/wp-content\/uploads\/2024\/01\/Betreten-Skulptur3-16x12.jpg 16w, https:\/\/gallery-puzic.com\/wp-content\/uploads\/2024\/01\/Betreten-Skulptur3.jpg 2016w\" sizes=\"(max-width: 768px) 100vw, 768px\" \/>\t\t\t\t\t\t\t\t\t\t\t<figcaption class=\"widget-image-caption wp-caption-text\">wooden cloud, installation view<\/figcaption>\n\t\t\t\t\t\t\t\t\t\t<\/figure>\n\t\t\t\t\t\t\t\t\t<\/div>\n\t\t\t\t<\/div>\n\t\t\t\t\t<\/div>\n\t\t<\/div>\n\t\t\t\t<div class=\"elementor-column elementor-col-25 elementor-top-column elementor-element elementor-element-046515b\" data-id=\"046515b\" data-element_type=\"column\" data-e-type=\"column\">\n\t\t\t<div class=\"elementor-widget-wrap elementor-element-populated\">\n\t\t\t\t\t\t<div class=\"elementor-element elementor-element-04439da elementor-widget elementor-widget-image\" data-id=\"04439da\" data-element_type=\"widget\" data-e-type=\"widget\" data-widget_type=\"image.default\">\n\t\t\t\t<div class=\"elementor-widget-container\">\n\t\t\t\t\t\t\t\t\t\t\t\t<figure class=\"wp-caption\">\n\t\t\t\t\t\t\t\t\t\t<img decoding=\"async\" width=\"768\" height=\"576\" src=\"https:\/\/gallery-puzic.com\/wp-content\/uploads\/2024\/02\/Steinert-painting-close-up-1-1-768x576.jpg\" class=\"attachment-medium_large size-medium_large wp-image-3471\" alt=\"\" srcset=\"https:\/\/gallery-puzic.com\/wp-content\/uploads\/2024\/02\/Steinert-painting-close-up-1-1-768x576.jpg 768w, https:\/\/gallery-puzic.com\/wp-content\/uploads\/2024\/02\/Steinert-painting-close-up-1-1-300x225.jpg 300w, https:\/\/gallery-puzic.com\/wp-content\/uploads\/2024\/02\/Steinert-painting-close-up-1-1-1024x768.jpg 1024w, https:\/\/gallery-puzic.com\/wp-content\/uploads\/2024\/02\/Steinert-painting-close-up-1-1-1536x1152.jpg 1536w, https:\/\/gallery-puzic.com\/wp-content\/uploads\/2024\/02\/Steinert-painting-close-up-1-1-2048x1536.jpg 2048w, https:\/\/gallery-puzic.com\/wp-content\/uploads\/2024\/02\/Steinert-painting-close-up-1-1-16x12.jpg 16w\" sizes=\"(max-width: 768px) 100vw, 768px\" \/>\t\t\t\t\t\t\t\t\t\t\t<figcaption class=\"widget-image-caption wp-caption-text\">cloud painting (detail)<\/figcaption>\n\t\t\t\t\t\t\t\t\t\t<\/figure>\n\t\t\t\t\t\t\t\t\t<\/div>\n\t\t\t\t<\/div>\n\t\t\t\t\t<\/div>\n\t\t<\/div>\n\t\t\t\t<div class=\"elementor-column elementor-col-25 elementor-top-column elementor-element elementor-element-42fd941\" data-id=\"42fd941\" data-element_type=\"column\" data-e-type=\"column\">\n\t\t\t<div class=\"elementor-widget-wrap elementor-element-populated\">\n\t\t\t\t\t\t<div class=\"elementor-element elementor-element-66169c8 elementor-widget elementor-widget-image\" data-id=\"66169c8\" data-element_type=\"widget\" data-e-type=\"widget\" data-widget_type=\"image.default\">\n\t\t\t\t<div class=\"elementor-widget-container\">\n\t\t\t\t\t\t\t\t\t\t\t\t<figure class=\"wp-caption\">\n\t\t\t\t\t\t\t\t\t\t<img loading=\"lazy\" decoding=\"async\" width=\"768\" height=\"947\" src=\"https:\/\/gallery-puzic.com\/wp-content\/uploads\/2024\/02\/Steinert_Woodprint6-768x947.jpg\" class=\"attachment-medium_large size-medium_large wp-image-3472\" alt=\"\" srcset=\"https:\/\/gallery-puzic.com\/wp-content\/uploads\/2024\/02\/Steinert_Woodprint6-768x947.jpg 768w, https:\/\/gallery-puzic.com\/wp-content\/uploads\/2024\/02\/Steinert_Woodprint6-243x300.jpg 243w, https:\/\/gallery-puzic.com\/wp-content\/uploads\/2024\/02\/Steinert_Woodprint6-830x1024.jpg 830w, https:\/\/gallery-puzic.com\/wp-content\/uploads\/2024\/02\/Steinert_Woodprint6-1246x1536.jpg 1246w, https:\/\/gallery-puzic.com\/wp-content\/uploads\/2024\/02\/Steinert_Woodprint6-1661x2048.jpg 1661w, https:\/\/gallery-puzic.com\/wp-content\/uploads\/2024\/02\/Steinert_Woodprint6-10x12.jpg 10w\" sizes=\"(max-width: 768px) 100vw, 768px\" \/>\t\t\t\t\t\t\t\t\t\t\t<figcaption class=\"widget-image-caption wp-caption-text\">wood print<\/figcaption>\n\t\t\t\t\t\t\t\t\t\t<\/figure>\n\t\t\t\t\t\t\t\t\t<\/div>\n\t\t\t\t<\/div>\n\t\t\t\t\t<\/div>\n\t\t<\/div>\n\t\t\t\t\t<\/div>\n\t\t<\/section>\n\t\t\t\t<section class=\"elementor-section elementor-top-section elementor-element elementor-element-9a6c8e0 elementor-section-boxed elementor-section-height-default elementor-section-height-default\" data-id=\"9a6c8e0\" data-element_type=\"section\" data-e-type=\"section\">\n\t\t\t\t\t\t<div class=\"elementor-container elementor-column-gap-default\">\n\t\t\t\t\t<div class=\"elementor-column elementor-col-100 elementor-top-column elementor-element elementor-element-fb16fdf\" data-id=\"fb16fdf\" data-element_type=\"column\" data-e-type=\"column\">\n\t\t\t<div class=\"elementor-widget-wrap elementor-element-populated\">\n\t\t\t\t\t\t<div class=\"elementor-element elementor-element-66c8ae6 elementor-widget elementor-widget-spacer\" data-id=\"66c8ae6\" data-element_type=\"widget\" data-e-type=\"widget\" data-widget_type=\"spacer.default\">\n\t\t\t\t<div class=\"elementor-widget-container\">\n\t\t\t\t\t\t\t<div class=\"elementor-spacer\">\n\t\t\t<div class=\"elementor-spacer-inner\"><\/div>\n\t\t<\/div>\n\t\t\t\t\t\t<\/div>\n\t\t\t\t<\/div>\n\t\t\t\t\t<\/div>\n\t\t<\/div>\n\t\t\t\t\t<\/div>\n\t\t<\/section>\n\t\t\t\t<section class=\"elementor-section elementor-top-section elementor-element elementor-element-5493f62 elementor-section-boxed elementor-section-height-default elementor-section-height-default\" data-id=\"5493f62\" data-element_type=\"section\" data-e-type=\"section\">\n\t\t\t\t\t\t<div class=\"elementor-container elementor-column-gap-default\">\n\t\t\t\t\t<div class=\"elementor-column elementor-col-25 elementor-top-column elementor-element elementor-element-4f114f4\" data-id=\"4f114f4\" data-element_type=\"column\" data-e-type=\"column\">\n\t\t\t<div class=\"elementor-widget-wrap elementor-element-populated\">\n\t\t\t\t\t\t<div class=\"elementor-element elementor-element-f99f55b elementor-widget elementor-widget-image\" data-id=\"f99f55b\" data-element_type=\"widget\" data-e-type=\"widget\" data-widget_type=\"image.default\">\n\t\t\t\t<div class=\"elementor-widget-container\">\n\t\t\t\t\t\t\t\t\t\t\t\t\t\t\t<img loading=\"lazy\" decoding=\"async\" width=\"800\" height=\"534\" src=\"https:\/\/gallery-puzic.com\/wp-content\/uploads\/2024\/02\/Steinert-inside-cloud-1024x683.jpg\" class=\"attachment-large size-large wp-image-3445\" alt=\"\" srcset=\"https:\/\/gallery-puzic.com\/wp-content\/uploads\/2024\/02\/Steinert-inside-cloud-1024x683.jpg 1024w, https:\/\/gallery-puzic.com\/wp-content\/uploads\/2024\/02\/Steinert-inside-cloud-300x200.jpg 300w, https:\/\/gallery-puzic.com\/wp-content\/uploads\/2024\/02\/Steinert-inside-cloud-768x512.jpg 768w, https:\/\/gallery-puzic.com\/wp-content\/uploads\/2024\/02\/Steinert-inside-cloud-1536x1024.jpg 1536w, https:\/\/gallery-puzic.com\/wp-content\/uploads\/2024\/02\/Steinert-inside-cloud-2048x1365.jpg 2048w, https:\/\/gallery-puzic.com\/wp-content\/uploads\/2024\/02\/Steinert-inside-cloud-18x12.jpg 18w\" sizes=\"(max-width: 800px) 100vw, 800px\" \/>\t\t\t\t\t\t\t\t\t\t\t\t\t\t\t<\/div>\n\t\t\t\t<\/div>\n\t\t\t\t\t<\/div>\n\t\t<\/div>\n\t\t\t\t<div class=\"elementor-column elementor-col-25 elementor-top-column elementor-element elementor-element-1279f32\" data-id=\"1279f32\" data-element_type=\"column\" data-e-type=\"column\">\n\t\t\t<div class=\"elementor-widget-wrap elementor-element-populated\">\n\t\t\t\t\t\t<div class=\"elementor-element elementor-element-c05c9cb elementor-widget elementor-widget-text-editor\" data-id=\"c05c9cb\" data-element_type=\"widget\" data-e-type=\"widget\" data-widget_type=\"text-editor.default\">\n\t\t\t\t<div class=\"elementor-widget-container\">\n\t\t\t\t\t\t\t\t\t<p>Martin Steinert |\u00a0 biography<\/p>\t\t\t\t\t\t\t\t<\/div>\n\t\t\t\t<\/div>\n\t\t\t\t\t<\/div>\n\t\t<\/div>\n\t\t\t\t<div class=\"elementor-column elementor-col-50 elementor-top-column elementor-element elementor-element-2c4b182\" data-id=\"2c4b182\" data-element_type=\"column\" data-e-type=\"column\">\n\t\t\t<div class=\"elementor-widget-wrap elementor-element-populated\">\n\t\t\t\t\t\t<div class=\"elementor-element elementor-element-3fe08f2 elementor-widget elementor-widget-text-editor\" data-id=\"3fe08f2\" data-element_type=\"widget\" data-e-type=\"widget\" data-widget_type=\"text-editor.default\">\n\t\t\t\t<div class=\"elementor-widget-container\">\n\t\t\t\t\t\t\t\t\t<p><span style=\"color: #545454; font-family: Merriweather, Georgia, serif; font-size: 16px; font-style: normal; font-variant-ligatures: normal; font-variant-caps: normal; font-weight: 400; letter-spacing: normal; orphans: 2; text-align: start; text-indent: 0px; text-transform: none; white-space: normal; widows: 2; word-spacing: 0px; -webkit-text-stroke-width: 0px; background-color: #ffffff; text-decoration-thickness: initial; text-decoration-style: initial; text-decoration-color: initial; display: inline !important; float: none;\">1959 in Saarbr\u00fccken geboren<\/span><\/p><p>Steinert erlernte von 1979 bis 1981 die Bildhauerei. Anschlie\u00dfend folgte von 1981 bis 1985 ein Studium der Kunstgeschichte an der Universit\u00e4t des Saarlandes.\u00a0 Von 1984 bis 1987 f\u00fchrte Steinert eine Galerie f\u00fcr zeitgen\u00f6ssische Kunst in Saarbr\u00fccken. Seit 1988 ist er freischaffender Bildhauer. Er arbeitet vor allem mit Holz. \u00dcberregional bekannt wurde Steinert seit 2015 mit seinen Wooden-Cloud-Installationen in Saarbr\u00fccken, St.Petersburg, Paris, Ramallah, Prag, Dakar, Tirana, und V\u00f6lklingen. Sein Atelier befindet sich im Kulturzentrum am Kulturbahnhof in Saarbr\u00fccken. <\/p><div>\u00a0<\/div><div>\u00a0<\/div><div>Von Beginn an integrativ angelegt, f\u00fchrt Steinert Menschen und Kunst zusammen. Sein sichtbares Arbeiten im \u00f6ffentlichen Raum f\u00f6rdert gerade auch die Kunstbeziehungen bei Menschen, die nicht oder nur selten mit aktuellen k\u00fcnstlerischen Positionen in Ber\u00fchrung kommen. Seine den \u00f6ffentlichen Raum gestaltenden Skulpturen und Installationen bef\u00f6rdern \u2013 das zeigen zahllose Beispiele \u2013 das kulturelle und soziale Miteinander im Quartier, im eigenen Viertel. <\/div><div>\u00a0<\/div><div>Insbesondere mit seinem Projekt \u201eWooden cloud \u2013 die Architektur der W\u00fcnsche\u201c hat Martin Steinert ein im Regionalverband startendes grenz\u00fcberschreitendes, internationales Projekt auf den Weg gebracht. Die W\u00fcnsche der Menschen an den sehr unterschiedlichen Orten haben dabei eines ganz deutlich gemacht: Egal, wo wir leben, wir leben alle in einer Welt! Dies ist das einigende Narrativ der wooden cloud.<\/div>\t\t\t\t\t\t\t\t<\/div>\n\t\t\t\t<\/div>\n\t\t\t\t\t<\/div>\n\t\t<\/div>\n\t\t\t\t\t<\/div>\n\t\t<\/section>\n\t\t\t\t<section class=\"elementor-section elementor-top-section elementor-element elementor-element-479b3b4 elementor-section-boxed elementor-section-height-default elementor-section-height-default\" data-id=\"479b3b4\" data-element_type=\"section\" data-e-type=\"section\">\n\t\t\t\t\t\t<div class=\"elementor-container elementor-column-gap-default\">\n\t\t\t\t\t<div class=\"elementor-column elementor-col-100 elementor-top-column elementor-element elementor-element-ddbfae0\" data-id=\"ddbfae0\" data-element_type=\"column\" data-e-type=\"column\">\n\t\t\t<div class=\"elementor-widget-wrap elementor-element-populated\">\n\t\t\t\t\t\t<div class=\"elementor-element elementor-element-6b24a81 elementor-widget elementor-widget-spacer\" data-id=\"6b24a81\" data-element_type=\"widget\" data-e-type=\"widget\" data-widget_type=\"spacer.default\">\n\t\t\t\t<div class=\"elementor-widget-container\">\n\t\t\t\t\t\t\t<div class=\"elementor-spacer\">\n\t\t\t<div class=\"elementor-spacer-inner\"><\/div>\n\t\t<\/div>\n\t\t\t\t\t\t<\/div>\n\t\t\t\t<\/div>\n\t\t\t\t\t<\/div>\n\t\t<\/div>\n\t\t\t\t\t<\/div>\n\t\t<\/section>\n\t\t\t\t<section class=\"elementor-section elementor-top-section elementor-element elementor-element-00f575c elementor-section-boxed elementor-section-height-default elementor-section-height-default\" data-id=\"00f575c\" data-element_type=\"section\" data-e-type=\"section\">\n\t\t\t\t\t\t<div class=\"elementor-container elementor-column-gap-default\">\n\t\t\t\t\t<div class=\"elementor-column elementor-col-100 elementor-top-column elementor-element elementor-element-8d60c91\" data-id=\"8d60c91\" data-element_type=\"column\" data-e-type=\"column\">\n\t\t\t<div class=\"elementor-widget-wrap elementor-element-populated\">\n\t\t\t\t\t\t<div class=\"elementor-element elementor-element-1f08ec6 elementor-widget elementor-widget-image\" data-id=\"1f08ec6\" data-element_type=\"widget\" data-e-type=\"widget\" data-widget_type=\"image.default\">\n\t\t\t\t<div class=\"elementor-widget-container\">\n\t\t\t\t\t\t\t\t\t\t\t\t<figure class=\"wp-caption\">\n\t\t\t\t\t\t\t\t\t\t<img loading=\"lazy\" decoding=\"async\" width=\"768\" height=\"512\" src=\"https:\/\/gallery-puzic.com\/wp-content\/uploads\/2024\/02\/Cloud-and-visitors-768x512.jpg\" class=\"attachment-medium_large size-medium_large wp-image-3469\" alt=\"\" srcset=\"https:\/\/gallery-puzic.com\/wp-content\/uploads\/2024\/02\/Cloud-and-visitors-768x512.jpg 768w, https:\/\/gallery-puzic.com\/wp-content\/uploads\/2024\/02\/Cloud-and-visitors-300x200.jpg 300w, https:\/\/gallery-puzic.com\/wp-content\/uploads\/2024\/02\/Cloud-and-visitors-1024x683.jpg 1024w, https:\/\/gallery-puzic.com\/wp-content\/uploads\/2024\/02\/Cloud-and-visitors-1536x1024.jpg 1536w, https:\/\/gallery-puzic.com\/wp-content\/uploads\/2024\/02\/Cloud-and-visitors-2048x1365.jpg 2048w, https:\/\/gallery-puzic.com\/wp-content\/uploads\/2024\/02\/Cloud-and-visitors-18x12.jpg 18w\" sizes=\"(max-width: 768px) 100vw, 768px\" \/>\t\t\t\t\t\t\t\t\t\t\t<figcaption class=\"widget-image-caption wp-caption-text\">Besucher in der wooden cloud, Gallery Puzic\u0301<\/figcaption>\n\t\t\t\t\t\t\t\t\t\t<\/figure>\n\t\t\t\t\t\t\t\t\t<\/div>\n\t\t\t\t<\/div>\n\t\t\t\t\t<\/div>\n\t\t<\/div>\n\t\t\t\t\t<\/div>\n\t\t<\/section>\n\t\t\t\t<\/div>","protected":false},"excerpt":{"rendered":"<p>Martin Steinert artworks biography wooden cloud, installation view wooden cloud, installation view cloud painting (detail) wood print Martin Steinert |\u00a0 biography 1959 in Saarbr\u00fccken geboren Steinert erlernte von 1979 bis 1981 die Bildhauerei. Anschlie\u00dfend folgte von 1981 bis 1985 ein Studium der Kunstgeschichte an der Universit\u00e4t des Saarlandes.\u00a0 Von 1984 bis 1987 f\u00fchrte Steinert eine [&hellip;]<\/p>\n","protected":false},"author":2,"featured_media":0,"parent":0,"menu_order":0,"comment_status":"closed","ping_status":"closed","template":"","meta":{"footnotes":""},"class_list":["post-3457","page","type-page","status-publish","hentry"],"_links":{"self":[{"href":"https:\/\/gallery-puzic.com\/en\/wp-json\/wp\/v2\/pages\/3457","targetHints":{"allow":["GET"]}}],"collection":[{"href":"https:\/\/gallery-puzic.com\/en\/wp-json\/wp\/v2\/pages"}],"about":[{"href":"https:\/\/gallery-puzic.com\/en\/wp-json\/wp\/v2\/types\/page"}],"author":[{"embeddable":true,"href":"https:\/\/gallery-puzic.com\/en\/wp-json\/wp\/v2\/users\/2"}],"replies":[{"embeddable":true,"href":"https:\/\/gallery-puzic.com\/en\/wp-json\/wp\/v2\/comments?post=3457"}],"version-history":[{"count":38,"href":"https:\/\/gallery-puzic.com\/en\/wp-json\/wp\/v2\/pages\/3457\/revisions"}],"predecessor-version":[{"id":3991,"href":"https:\/\/gallery-puzic.com\/en\/wp-json\/wp\/v2\/pages\/3457\/revisions\/3991"}],"wp:attachment":[{"href":"https:\/\/gallery-puzic.com\/en\/wp-json\/wp\/v2\/media?parent=3457"}],"curies":[{"name":"wp","href":"https:\/\/api.w.org\/{rel}","templated":true}]}}