{"id":3396,"date":"2024-02-16T17:07:38","date_gmt":"2024-02-16T17:07:38","guid":{"rendered":"https:\/\/gallery-puzic.com\/?page_id=3396"},"modified":"2024-05-18T11:46:18","modified_gmt":"2024-05-18T11:46:18","slug":"besuch-auf-der-baustelle-2","status":"publish","type":"page","link":"https:\/\/gallery-puzic.com\/en\/besuch-auf-der-baustelle-2\/","title":{"rendered":"Besuch auf der Baustelle 2"},"content":{"rendered":"<div data-elementor-type=\"wp-page\" data-elementor-id=\"3396\" class=\"elementor elementor-3396\">\n\t\t\t\t\t\t<section class=\"elementor-section elementor-top-section elementor-element elementor-element-a895739 elementor-section-boxed elementor-section-height-default elementor-section-height-default\" data-id=\"a895739\" data-element_type=\"section\" data-e-type=\"section\">\n\t\t\t\t\t\t<div class=\"elementor-container elementor-column-gap-default\">\n\t\t\t\t\t<div class=\"elementor-column elementor-col-50 elementor-top-column elementor-element elementor-element-852111d\" data-id=\"852111d\" data-element_type=\"column\" data-e-type=\"column\">\n\t\t\t<div class=\"elementor-widget-wrap elementor-element-populated\">\n\t\t\t\t\t\t<div class=\"elementor-element elementor-element-3a1c591 elementor-widget elementor-widget-image\" data-id=\"3a1c591\" data-element_type=\"widget\" data-e-type=\"widget\" data-widget_type=\"image.default\">\n\t\t\t\t<div class=\"elementor-widget-container\">\n\t\t\t\t\t\t\t\t\t\t\t\t\t\t\t<img fetchpriority=\"high\" decoding=\"async\" width=\"768\" height=\"576\" src=\"https:\/\/gallery-puzic.com\/wp-content\/uploads\/2024\/01\/Wood-cloud2-768x576.jpg\" class=\"attachment-medium_large size-medium_large wp-image-3177\" alt=\"\" srcset=\"https:\/\/gallery-puzic.com\/wp-content\/uploads\/2024\/01\/Wood-cloud2-768x576.jpg 768w, https:\/\/gallery-puzic.com\/wp-content\/uploads\/2024\/01\/Wood-cloud2-300x225.jpg 300w, https:\/\/gallery-puzic.com\/wp-content\/uploads\/2024\/01\/Wood-cloud2-1024x768.jpg 1024w, https:\/\/gallery-puzic.com\/wp-content\/uploads\/2024\/01\/Wood-cloud2-1536x1152.jpg 1536w, https:\/\/gallery-puzic.com\/wp-content\/uploads\/2024\/01\/Wood-cloud2-2048x1536.jpg 2048w, https:\/\/gallery-puzic.com\/wp-content\/uploads\/2024\/01\/Wood-cloud2-16x12.jpg 16w\" sizes=\"(max-width: 768px) 100vw, 768px\" \/>\t\t\t\t\t\t\t\t\t\t\t\t\t\t\t<\/div>\n\t\t\t\t<\/div>\n\t\t\t\t\t<\/div>\n\t\t<\/div>\n\t\t\t\t<div class=\"elementor-column elementor-col-50 elementor-top-column elementor-element elementor-element-ac0f4ed\" data-id=\"ac0f4ed\" data-element_type=\"column\" data-e-type=\"column\">\n\t\t\t<div class=\"elementor-widget-wrap elementor-element-populated\">\n\t\t\t\t\t\t<div class=\"elementor-element elementor-element-d8cbb08 elementor-widget elementor-widget-image\" data-id=\"d8cbb08\" data-element_type=\"widget\" data-e-type=\"widget\" data-widget_type=\"image.default\">\n\t\t\t\t<div class=\"elementor-widget-container\">\n\t\t\t\t\t\t\t\t\t\t\t\t\t\t\t<img decoding=\"async\" width=\"768\" height=\"576\" src=\"https:\/\/gallery-puzic.com\/wp-content\/uploads\/2024\/01\/Steinert-at-work-768x576.jpg\" class=\"attachment-medium_large size-medium_large wp-image-3174\" alt=\"\" srcset=\"https:\/\/gallery-puzic.com\/wp-content\/uploads\/2024\/01\/Steinert-at-work-768x576.jpg 768w, https:\/\/gallery-puzic.com\/wp-content\/uploads\/2024\/01\/Steinert-at-work-300x225.jpg 300w, https:\/\/gallery-puzic.com\/wp-content\/uploads\/2024\/01\/Steinert-at-work-1024x768.jpg 1024w, https:\/\/gallery-puzic.com\/wp-content\/uploads\/2024\/01\/Steinert-at-work-1536x1152.jpg 1536w, https:\/\/gallery-puzic.com\/wp-content\/uploads\/2024\/01\/Steinert-at-work-16x12.jpg 16w, https:\/\/gallery-puzic.com\/wp-content\/uploads\/2024\/01\/Steinert-at-work.jpg 2016w\" sizes=\"(max-width: 768px) 100vw, 768px\" \/>\t\t\t\t\t\t\t\t\t\t\t\t\t\t\t<\/div>\n\t\t\t\t<\/div>\n\t\t\t\t\t<\/div>\n\t\t<\/div>\n\t\t\t\t\t<\/div>\n\t\t<\/section>\n\t\t\t\t<section class=\"elementor-section elementor-top-section elementor-element elementor-element-2bb8aae elementor-section-boxed elementor-section-height-default elementor-section-height-default\" data-id=\"2bb8aae\" data-element_type=\"section\" data-e-type=\"section\">\n\t\t\t\t\t\t<div class=\"elementor-container elementor-column-gap-default\">\n\t\t\t\t\t<div class=\"elementor-column elementor-col-100 elementor-top-column elementor-element elementor-element-68ac277\" data-id=\"68ac277\" data-element_type=\"column\" data-e-type=\"column\">\n\t\t\t<div class=\"elementor-widget-wrap elementor-element-populated\">\n\t\t\t\t\t\t<div class=\"elementor-element elementor-element-04c6b44 elementor-widget elementor-widget-text-editor\" data-id=\"04c6b44\" data-element_type=\"widget\" data-e-type=\"widget\" data-widget_type=\"text-editor.default\">\n\t\t\t\t<div class=\"elementor-widget-container\">\n\t\t\t\t\t\t\t\t\t<p><strong>\u00abBesuch auf der Baustelle\u00bb<\/strong><\/p><p>Beobachtungen zu Martin Steinerts &#8222;Wooden Cloud&#8220; Projekt<\/p><p>\u00a0<\/p><p>von<\/p><p>Carsten Kempf<\/p>\t\t\t\t\t\t\t\t<\/div>\n\t\t\t\t<\/div>\n\t\t\t\t\t<\/div>\n\t\t<\/div>\n\t\t\t\t\t<\/div>\n\t\t<\/section>\n\t\t\t\t<section class=\"elementor-section elementor-top-section elementor-element elementor-element-7c8af76 elementor-section-boxed elementor-section-height-default elementor-section-height-default\" data-id=\"7c8af76\" data-element_type=\"section\" data-e-type=\"section\">\n\t\t\t\t\t\t<div class=\"elementor-container elementor-column-gap-default\">\n\t\t\t\t\t<div class=\"elementor-column elementor-col-100 elementor-top-column elementor-element elementor-element-5dfd1ec\" data-id=\"5dfd1ec\" data-element_type=\"column\" data-e-type=\"column\">\n\t\t\t<div class=\"elementor-widget-wrap elementor-element-populated\">\n\t\t\t\t\t\t<div class=\"elementor-element elementor-element-a869b20 elementor-widget elementor-widget-text-editor\" data-id=\"a869b20\" data-element_type=\"widget\" data-e-type=\"widget\" data-widget_type=\"text-editor.default\">\n\t\t\t\t<div class=\"elementor-widget-container\">\n\t\t\t\t\t\t\t\t\t<p><strong>\u00a0<\/strong><\/p><p>\u00a0<\/p><p>\u00a0<\/p><p>Der Klang der Kunst, er ist in diesen Tagen in der Gallery Puzic\u0301 ein S\u00e4gen und Schrauben. Die Skulptur aus Holzlatten ist dem Bildhauer schon nach drei Tagen Bauzeit \u00fcber den Kopf gewachsen und wirft an diesem sonnigen Januartag erste Schatten an die wei\u00dfen W\u00e4nde. Martin Steinerts deckenhohe Rauminstallation hat ihr Eigenleben. Sie ist sprichw\u00f6rtlich gr\u00f6\u00dfer als der K\u00fcnstler selbst. Wie eine sich wallende Wolke wirkt sie, wie ein Hirn, wo sich synapsengleich die Latten kreuzen. Die Kunst, sie entsteht im Auge des Betrachters.<\/p><p>\u00a0<\/p><p>Martin Steinert, 64, spricht von \u201eHolzskulptur oder Holzinstallation\u201c. Er hat die Arbeit im Blick. 700 Meter Holzlatten hat er besorgt. \u201eDie H\u00e4lfte davon ist verbaut\u201c, sagt er und geht in den Hinterraum der Galerie, wo er sich einen Platz zum S\u00e4gen und Zuschneiden der Latten geschaffen hat. Er hat sich eingerichtet in den R\u00e4umen des Galeristen Esad Puzic\u0301. Ein kleines Radio dudelt Evergreens, daneben steht die Thermoskanne Tee. \u201eDer Anfang geht immer relativ schnell\u201c, sagt Steinert und befestigt mit einem Akkuschrauber aus Japan und 26mm langen Schrauben aus Deutschland die n\u00e4chste abgeschnittene Latte. Die Arbeit habe etwas \u201eKlausurhaftes\u201c, meint er. Es gehe nur St\u00fcck f\u00fcr St\u00fcck.<\/p><p>Seine Gebilde aus Holzlatten haben schon in der halben Welt ihren Platz gefunden, im Westjordanland, in St. Petersburg, in Berlin oder Prag und auch in Saarbr\u00fccken \u2013 wo er 2015 anfing mit seinem \u201eWooden Cloud\u201c Projekt, als er in die Apsis der Johanneskirche eine h\u00f6lzerne Wolke zimmerte. In Kirchen war er dann noch mehrmals t\u00e4tig. \u201cIch bin nicht religi\u00f6s\u201c, meint er: \u201eDas war Zufall.\u201c<\/p><p>Abes es war auch ein Fingerzeig, wo Steinerts ausladende Installationen ihre gr\u00f6\u00dfte Wirkung entfalten, n\u00e4mlich im meterhohen R\u00e4umen oder unter freiem Himmel. Da ist die Arbeit in der Galerie Puzic\u0301, die sich an die \u201eWooden Clouds\u201c anlehnt, eine ganz besondere Herausforderung. Eine mit ausgekl\u00fcgelter Vorbereitung. Wochenlang hat sich Steinert Gedanken gemacht, und wie vor jeder seiner bis heute rund 40 Latten-Skulpturen ein Modell gebaut.<\/p><p>\u00a0<\/p><p>Doch die durchaus elastische Konstruktion auf den stabilen Querverstrebungen muss der K\u00fcnstler Latte f\u00fcr Latte in Form bringen. Seit 12 Jahren arbeitet er nun schon mit Stapeln aus d\u00fcnnen und dicken Holzlatten, die er f\u00fcr dieses Projekt in einem S\u00e4gewerk besorgt hat. Sie liegen am Rand des Skulpturskeletts, sind mit Draht zu eckigen B\u00fcndeln verknotet, und wirken nicht, als k\u00f6nnten die Tannen- und Fichtenh\u00f6lzer die Leichtigkeit einer Wolke versinnbildlichen.<\/p><p>\u00a0<\/p><p>Diese F\u00e4higkeit hat sich Steinert in Jahrzehnten erarbeitet. Der geb\u00fcrtige Saarl\u00e4nder, der in einem Steinmetzbetrieb die Bildhauerei erlernte und dann Kunstgeschichte studierte, fand \u00fcber die Arbeit mit Stein und schweren Holzbl\u00f6cken zu den Holzlatten. Er, der zuerst zehn Jahre lang als klassischer Steinmetz Grabsteine schuf, \u201eals Alleinverdiener f\u00fcr Frau und Kind\u201c, so Steinert, fand seinen k\u00fcnstlerisch ganz eigenen Ausdruck in den Holzlatten nach langen Experimenten. \u201eEs fing mit ein paar Latten an\u201c, erz\u00e4hlt er, \u201eund ich bemerkte dann schnell, dass man damit gro\u00dffl\u00e4chig arbeiten kann. Das Material ist leicht und kostet nicht viel.\u201c Und es ist \u00fcberall zug\u00e4nglich.<\/p><p>\u00a0<\/p><p>Leicht zug\u00e4nglich. So ist auch Steinerts gestalterischer Anspruch. Seine Arbeiten sollen eine \u201egef\u00e4llige\u201c Form annehmen, meint er. Sie sollen Menschen ansprechen und einladen, Teil zu nehmen. Diese Teilhabe ist eine Eigenheit und Besonderheit von Steinerts Skulpturen. Nicht nur seine \u201eWooden Cloud\u201c im Westjordanland war \u00fcbers\u00e4t mit W\u00fcnschen der Besucher, die ihre Anliegen mit Filzstift den Latten einschrieben. Auch in\u00a0seinem letzten Projekt, der \u201eWooden Cloud\u201c in dem bei Saarbr\u00fccken gelegenen Grenzst\u00e4dtchen Sulzbach, hatte jeder die M\u00f6glichkeit, einen Satz auf den Holzlatten zu hinterlassen &#8211; in diesem Fall zur deutsch-franz\u00f6sischen Freundschaft.<\/p><p>\u00a0<\/p><p>Ihre Spuren auf dem hellen Holz hinterlassen sollen auch die Besucher der Gallery Puzic\u0301. Die entstehende Skulptur, die begehbar ist, tr\u00e4gt den Titel \u201eBetreten auf eigene Gefahr\u201c. Jeder Interessierte ist bei dieser Galerie-Arbeit Steinerts eingeladen, Gedanken zur Kunst auf den schmalen Holzlatten zu notieren, die Steinert dann in die sich auswachsende Latten-Wolke einbaut. \u201eKunst tut mir gut\u201c steht schon da und \u201eKunst ist nicht da, um Appartements zu dekorieren.\u201c Dieses Mitwirken an der entstehenden Skulptur freut den K\u00fcnstler und den Galeristen gleicherma\u00dfen, die beide mit ihrem Titel zur Diskussion anregen wollen. \u201cWas ist Kunst? Warum interessiere ich mich f\u00fcr Kunst? Was ist die Aufgabe der Kunst f\u00fcr die Gesellschaft? Was darf Kunst und wo sind ihre Grenzen?\u201c Diese Fragen stellten sich doch ganz automatisch, meint Steinert.<\/p><p>\u00a0<\/p><p>Er selbst kann nach rund 40 Jahren als freier K\u00fcnstler noch keine Definition von der Kunst geben, hat er doch in all den Jahrzehnten ganz unterschiedliche Positionen von Berufskollegen- und kolleginnen kennengelernt. Performances mit zerschlitzten Leinw\u00e4nden oder monochrome Farbfl\u00e4chen, \u201eKunst als Nachbildung der Natur oder als Abbild der Gesellschaft: Alles ist erlaubt\u201c, meint Steinert, der sich selbst als K\u00fcnstler bezeichnet, weil die Gesellschaft Bezeichnungen brauche und der nur eines wei\u00df: \u201eEs ist nicht einfach, seinen Weg zu finden in der Kunst.\u201c<\/p><p>\u00a0<\/p><p>Steinert hat seine Bestimmung gefunden. Sein Material ist die Holzlatte. Das habe neulich einen Journalisten zu der Aussage verleitet, er mache doch immer das Gleiche. Das will Steinert so nicht stehen lassen. \u201eJede Skulptur ist anders.\u201c Der Maler habe seine Leinwand, er das Holz, das bei Steinert mal so aussieht wie ein gestrandetes Schiff oder ein anderes Mal wie ein orientalisches Gef\u00e4\u00df &#8211; unterschiedlich geformt je nach Ort und Anlass der Skulptur.<\/p><p>\u00a0<\/p><p>Doch der Bildhauer geht in seinem Atelier im Kulturbahnhof in Saarbr\u00fccken auch andere Wege und arbeitet mit neuen M\u00f6glichkeiten der Technik. So l\u00e4sst er Skulpturen im 3 D-Druck entstehen. Die technische Zeichnung sei dabei die k\u00fcnstlerische Arbeit &#8211; und das Zusammensetzen der Einzelteile zu einem Werk. Andere Ausdrucksm\u00f6glichkeiten in der Kunst, die hat Steinert auch: So fotografiert er die jetzt entstehende Skultpur und druckt diese Fotos auf farbige Holzdrucke. Sogar zum Pinsel hat er, der die informelle Malerei sch\u00e4tzt, neulich wieder gegriffen und eine Leinwand mit groben hellen Schw\u00fcngen gestaltet, die sich an die Form der Skulpturen anlehne &#8211; und die er genau wie auch die Farbdrucke in der Galerie Puzic\u0301 ausstellen wird.<\/p><p>\u00a0<\/p><p>Steinerts Leidenschaft bleibt die Bildhauerei. Was mit seinen Skulpturen geschieht, nach dem er sie in drei bis vier Wochen zusammengezimmmert hat, liegt dabei nicht in seinen H\u00e4nden. Ihn, der bei gro\u00dfen Arbeiten ein Team um sich versammelt, l\u00e4sst das Ableben seiner Arbeit kalt: \u201eAbbauen tun andere\u201c. Steinert ist dann schon mit seinem n\u00e4chsten Projekt besch\u00e4ftigt. Seine Kunst ist gegenw\u00e4rtig \u2013 und verg\u00e4nglich. \u201eDie Zukunft ist jetzt\u201c: Dieser Satz k\u00f6nnte Steinerts Leitspruch sein.<\/p><p>\u00a0<\/p><p>Im Mai hat er Geburtstag hat, will auch mit dann 65 nicht in Rente gehen. Die n\u00e4chste \u201eWooden Cloud\u201c ist schon geplant. Vier bis f\u00fcnf davon macht er im Jahr und das soll so bleiben. \u201eIch h\u00f6re erst dann auf, wenn ich nicht mehr die Leiter raufkomme\u201c, sagt er trocken, obwohl er, der sich \u201egeerdet\u201c nennt, eines noch nie gewesen sei: \u201eschwindelfrei\u201c.<\/p><p>\u00a0<\/p><p>\u00a0<\/p>\t\t\t\t\t\t\t\t<\/div>\n\t\t\t\t<\/div>\n\t\t\t\t\t<\/div>\n\t\t<\/div>\n\t\t\t\t\t<\/div>\n\t\t<\/section>\n\t\t\t\t<section class=\"elementor-section elementor-top-section elementor-element elementor-element-f766534 elementor-section-boxed elementor-section-height-default elementor-section-height-default\" data-id=\"f766534\" data-element_type=\"section\" data-e-type=\"section\">\n\t\t\t\t\t\t<div class=\"elementor-container elementor-column-gap-default\">\n\t\t\t\t\t<div class=\"elementor-column elementor-col-100 elementor-top-column elementor-element elementor-element-4f38e19\" data-id=\"4f38e19\" data-element_type=\"column\" data-e-type=\"column\">\n\t\t\t<div class=\"elementor-widget-wrap elementor-element-populated\">\n\t\t\t\t\t\t<div class=\"elementor-element elementor-element-177ff45 elementor-widget elementor-widget-text-editor\" data-id=\"177ff45\" data-element_type=\"widget\" data-e-type=\"widget\" data-widget_type=\"text-editor.default\">\n\t\t\t\t<div class=\"elementor-widget-container\">\n\t\t\t\t\t\t\t\t\t<p><em>Sie k\u00f6nnen den Text auch herunterladen \/ You can also download the text \/ vous pouvez t\u00e9l\u00e9charger le texte<\/em><\/p>\t\t\t\t\t\t\t\t<\/div>\n\t\t\t\t<\/div>\n\t\t\t\t\t<\/div>\n\t\t<\/div>\n\t\t\t\t\t<\/div>\n\t\t<\/section>\n\t\t\t\t<section class=\"elementor-section elementor-top-section elementor-element elementor-element-7dc62cd elementor-section-boxed elementor-section-height-default elementor-section-height-default\" data-id=\"7dc62cd\" data-element_type=\"section\" data-e-type=\"section\">\n\t\t\t\t\t\t<div class=\"elementor-container elementor-column-gap-default\">\n\t\t\t\t\t<div class=\"elementor-column elementor-col-100 elementor-top-column elementor-element elementor-element-24bfc3b\" data-id=\"24bfc3b\" data-element_type=\"column\" data-e-type=\"column\">\n\t\t\t<div class=\"elementor-widget-wrap elementor-element-populated\">\n\t\t\t\t\t\t<div class=\"elementor-element elementor-element-edf1331 elementor-align-center elementor-widget elementor-widget-button\" data-id=\"edf1331\" data-element_type=\"widget\" data-e-type=\"widget\" data-widget_type=\"button.default\">\n\t\t\t\t<div class=\"elementor-widget-container\">\n\t\t\t\t\t\t\t\t\t<div class=\"elementor-button-wrapper\">\n\t\t\t\t\t<a class=\"elementor-button elementor-button-link elementor-size-sm\" href=\"https:\/\/gallery-puzic.com\/wp-content\/uploads\/2024\/02\/Besuch-auf-der-Baustelle.pdf\">\n\t\t\t\t\t\t<span class=\"elementor-button-content-wrapper\">\n\t\t\t\t\t\t\t\t\t<span class=\"elementor-button-text\">download<\/span>\n\t\t\t\t\t<\/span>\n\t\t\t\t\t<\/a>\n\t\t\t\t<\/div>\n\t\t\t\t\t\t\t\t<\/div>\n\t\t\t\t<\/div>\n\t\t\t\t\t<\/div>\n\t\t<\/div>\n\t\t\t\t\t<\/div>\n\t\t<\/section>\n\t\t\t\t<section class=\"elementor-section elementor-top-section elementor-element elementor-element-0405345 elementor-section-boxed elementor-section-height-default elementor-section-height-default\" data-id=\"0405345\" data-element_type=\"section\" data-e-type=\"section\">\n\t\t\t\t\t\t<div class=\"elementor-container elementor-column-gap-default\">\n\t\t\t\t\t<div class=\"elementor-column elementor-col-100 elementor-top-column elementor-element elementor-element-9f9d5e4\" data-id=\"9f9d5e4\" data-element_type=\"column\" data-e-type=\"column\">\n\t\t\t<div class=\"elementor-widget-wrap elementor-element-populated\">\n\t\t\t\t\t\t<div class=\"elementor-element elementor-element-b19e7aa elementor-widget elementor-widget-spacer\" data-id=\"b19e7aa\" data-element_type=\"widget\" data-e-type=\"widget\" data-widget_type=\"spacer.default\">\n\t\t\t\t<div class=\"elementor-widget-container\">\n\t\t\t\t\t\t\t<div class=\"elementor-spacer\">\n\t\t\t<div class=\"elementor-spacer-inner\"><\/div>\n\t\t<\/div>\n\t\t\t\t\t\t<\/div>\n\t\t\t\t<\/div>\n\t\t\t\t\t<\/div>\n\t\t<\/div>\n\t\t\t\t\t<\/div>\n\t\t<\/section>\n\t\t\t\t<section class=\"elementor-section elementor-top-section elementor-element elementor-element-b204f56 elementor-section-boxed elementor-section-height-default elementor-section-height-default\" data-id=\"b204f56\" data-element_type=\"section\" data-e-type=\"section\">\n\t\t\t\t\t\t<div class=\"elementor-container elementor-column-gap-default\">\n\t\t\t\t\t<div class=\"elementor-column elementor-col-100 elementor-top-column elementor-element elementor-element-c5e764c\" data-id=\"c5e764c\" data-element_type=\"column\" data-e-type=\"column\">\n\t\t\t<div class=\"elementor-widget-wrap\">\n\t\t\t\t\t\t\t<\/div>\n\t\t<\/div>\n\t\t\t\t\t<\/div>\n\t\t<\/section>\n\t\t\t\t<\/div>","protected":false},"excerpt":{"rendered":"<p>\u00abBesuch auf der Baustelle\u00bb Beobachtungen zu Martin Steinerts &#8222;Wooden Cloud&#8220; Projekt \u00a0 von Carsten Kempf \u00a0 \u00a0 \u00a0 Der Klang der Kunst, er ist in diesen Tagen in der Gallery Puzic\u0301 ein S\u00e4gen und Schrauben. Die Skulptur aus Holzlatten ist dem Bildhauer schon nach drei Tagen Bauzeit \u00fcber den Kopf gewachsen und wirft an diesem [&hellip;]<\/p>\n","protected":false},"author":2,"featured_media":0,"parent":0,"menu_order":0,"comment_status":"closed","ping_status":"closed","template":"","meta":{"footnotes":""},"class_list":["post-3396","page","type-page","status-publish","hentry"],"_links":{"self":[{"href":"https:\/\/gallery-puzic.com\/en\/wp-json\/wp\/v2\/pages\/3396","targetHints":{"allow":["GET"]}}],"collection":[{"href":"https:\/\/gallery-puzic.com\/en\/wp-json\/wp\/v2\/pages"}],"about":[{"href":"https:\/\/gallery-puzic.com\/en\/wp-json\/wp\/v2\/types\/page"}],"author":[{"embeddable":true,"href":"https:\/\/gallery-puzic.com\/en\/wp-json\/wp\/v2\/users\/2"}],"replies":[{"embeddable":true,"href":"https:\/\/gallery-puzic.com\/en\/wp-json\/wp\/v2\/comments?post=3396"}],"version-history":[{"count":28,"href":"https:\/\/gallery-puzic.com\/en\/wp-json\/wp\/v2\/pages\/3396\/revisions"}],"predecessor-version":[{"id":4770,"href":"https:\/\/gallery-puzic.com\/en\/wp-json\/wp\/v2\/pages\/3396\/revisions\/4770"}],"wp:attachment":[{"href":"https:\/\/gallery-puzic.com\/en\/wp-json\/wp\/v2\/media?parent=3396"}],"curies":[{"name":"wp","href":"https:\/\/api.w.org\/{rel}","templated":true}]}}