{"id":3325,"date":"2024-02-07T17:01:57","date_gmt":"2024-02-07T17:01:57","guid":{"rendered":"https:\/\/gallery-puzic.com\/?page_id=3325"},"modified":"2025-01-22T19:08:30","modified_gmt":"2025-01-22T19:08:30","slug":"betreten-auf-eigene-gefahr","status":"publish","type":"page","link":"https:\/\/gallery-puzic.com\/en\/betreten-auf-eigene-gefahr\/","title":{"rendered":"Betreten auf eigene Gefahr"},"content":{"rendered":"<div data-elementor-type=\"wp-page\" data-elementor-id=\"3325\" class=\"elementor elementor-3325\">\n\t\t\t\t\t\t<section class=\"elementor-section elementor-top-section elementor-element elementor-element-f52d567 elementor-section-boxed elementor-section-height-default elementor-section-height-default\" data-id=\"f52d567\" data-element_type=\"section\" data-e-type=\"section\">\n\t\t\t\t\t\t<div class=\"elementor-container elementor-column-gap-default\">\n\t\t\t\t\t<div class=\"elementor-column elementor-col-100 elementor-top-column elementor-element elementor-element-42766e1\" data-id=\"42766e1\" data-element_type=\"column\" data-e-type=\"column\">\n\t\t\t<div class=\"elementor-widget-wrap elementor-element-populated\">\n\t\t\t\t\t\t<div class=\"elementor-element elementor-element-530b086 elementor-widget elementor-widget-image\" data-id=\"530b086\" data-element_type=\"widget\" data-e-type=\"widget\" data-widget_type=\"image.default\">\n\t\t\t\t<div class=\"elementor-widget-container\">\n\t\t\t\t\t\t\t\t\t\t\t\t<figure class=\"wp-caption\">\n\t\t\t\t\t\t\t\t\t\t<img fetchpriority=\"high\" decoding=\"async\" width=\"800\" height=\"600\" src=\"https:\/\/gallery-puzic.com\/wp-content\/uploads\/2024\/04\/Steinert-Wooden-Cloud-04-18-1024x768.jpg\" class=\"attachment-large size-large wp-image-3780\" alt=\"\" srcset=\"https:\/\/gallery-puzic.com\/wp-content\/uploads\/2024\/04\/Steinert-Wooden-Cloud-04-18-1024x768.jpg 1024w, https:\/\/gallery-puzic.com\/wp-content\/uploads\/2024\/04\/Steinert-Wooden-Cloud-04-18-300x225.jpg 300w, https:\/\/gallery-puzic.com\/wp-content\/uploads\/2024\/04\/Steinert-Wooden-Cloud-04-18-768x576.jpg 768w, https:\/\/gallery-puzic.com\/wp-content\/uploads\/2024\/04\/Steinert-Wooden-Cloud-04-18-1536x1152.jpg 1536w, https:\/\/gallery-puzic.com\/wp-content\/uploads\/2024\/04\/Steinert-Wooden-Cloud-04-18-2048x1536.jpg 2048w, https:\/\/gallery-puzic.com\/wp-content\/uploads\/2024\/04\/Steinert-Wooden-Cloud-04-18-16x12.jpg 16w\" sizes=\"(max-width: 800px) 100vw, 800px\" \/>\t\t\t\t\t\t\t\t\t\t\t<figcaption class=\"widget-image-caption wp-caption-text\">Martin Steinert, 'Wooden Cloud' Skulptur im Innenraum der Gallery Puzic\u0301<\/figcaption>\n\t\t\t\t\t\t\t\t\t\t<\/figure>\n\t\t\t\t\t\t\t\t\t<\/div>\n\t\t\t\t<\/div>\n\t\t\t\t\t<\/div>\n\t\t<\/div>\n\t\t\t\t\t<\/div>\n\t\t<\/section>\n\t\t\t\t<section class=\"elementor-section elementor-top-section elementor-element elementor-element-7073d75 elementor-section-boxed elementor-section-height-default elementor-section-height-default\" data-id=\"7073d75\" data-element_type=\"section\" data-e-type=\"section\">\n\t\t\t\t\t\t<div class=\"elementor-container elementor-column-gap-default\">\n\t\t\t\t\t<div class=\"elementor-column elementor-col-100 elementor-top-column elementor-element elementor-element-de276f0\" data-id=\"de276f0\" data-element_type=\"column\" data-e-type=\"column\">\n\t\t\t<div class=\"elementor-widget-wrap elementor-element-populated\">\n\t\t\t\t\t\t<div class=\"elementor-element elementor-element-a2347b1 elementor-widget elementor-widget-text-editor\" data-id=\"a2347b1\" data-element_type=\"widget\" data-e-type=\"widget\" data-widget_type=\"text-editor.default\">\n\t\t\t\t<div class=\"elementor-widget-container\">\n\t\t\t\t\t\t\t\t\t<h4><img decoding=\"async\" class=\"alignnone size-medium wp-image-3305\" src=\"https:\/\/gallery-puzic.com\/wp-content\/uploads\/2024\/02\/Steinert-Completed-Cloud-02-05-225x300.jpeg\" alt=\"\" width=\"225\" height=\"300\" srcset=\"https:\/\/gallery-puzic.com\/wp-content\/uploads\/2024\/02\/Steinert-Completed-Cloud-02-05-225x300.jpeg 225w, https:\/\/gallery-puzic.com\/wp-content\/uploads\/2024\/02\/Steinert-Completed-Cloud-02-05-768x1024.jpeg 768w, https:\/\/gallery-puzic.com\/wp-content\/uploads\/2024\/02\/Steinert-Completed-Cloud-02-05-1152x1536.jpeg 1152w, https:\/\/gallery-puzic.com\/wp-content\/uploads\/2024\/02\/Steinert-Completed-Cloud-02-05-9x12.jpeg 9w, https:\/\/gallery-puzic.com\/wp-content\/uploads\/2024\/02\/Steinert-Completed-Cloud-02-05.jpeg 1536w\" sizes=\"(max-width: 225px) 100vw, 225px\" \/> <img decoding=\"async\" class=\"alignnone size-medium wp-image-3306\" src=\"https:\/\/gallery-puzic.com\/wp-content\/uploads\/2024\/02\/Steinert-Cloud-02-03_6-225x300.jpeg\" alt=\"\" width=\"225\" height=\"300\" srcset=\"https:\/\/gallery-puzic.com\/wp-content\/uploads\/2024\/02\/Steinert-Cloud-02-03_6-225x300.jpeg 225w, https:\/\/gallery-puzic.com\/wp-content\/uploads\/2024\/02\/Steinert-Cloud-02-03_6-768x1024.jpeg 768w, https:\/\/gallery-puzic.com\/wp-content\/uploads\/2024\/02\/Steinert-Cloud-02-03_6-1152x1536.jpeg 1152w, https:\/\/gallery-puzic.com\/wp-content\/uploads\/2024\/02\/Steinert-Cloud-02-03_6-9x12.jpeg 9w, https:\/\/gallery-puzic.com\/wp-content\/uploads\/2024\/02\/Steinert-Cloud-02-03_6.jpeg 1536w\" sizes=\"(max-width: 225px) 100vw, 225px\" \/> <img loading=\"lazy\" decoding=\"async\" class=\"alignnone size-medium wp-image-3304\" src=\"https:\/\/gallery-puzic.com\/wp-content\/uploads\/2024\/02\/Steinert-Cloud-02-03-1-225x300.jpeg\" alt=\"\" width=\"225\" height=\"300\" srcset=\"https:\/\/gallery-puzic.com\/wp-content\/uploads\/2024\/02\/Steinert-Cloud-02-03-1-225x300.jpeg 225w, https:\/\/gallery-puzic.com\/wp-content\/uploads\/2024\/02\/Steinert-Cloud-02-03-1-768x1024.jpeg 768w, https:\/\/gallery-puzic.com\/wp-content\/uploads\/2024\/02\/Steinert-Cloud-02-03-1-1152x1536.jpeg 1152w, https:\/\/gallery-puzic.com\/wp-content\/uploads\/2024\/02\/Steinert-Cloud-02-03-1-9x12.jpeg 9w, https:\/\/gallery-puzic.com\/wp-content\/uploads\/2024\/02\/Steinert-Cloud-02-03-1.jpeg 1536w\" sizes=\"(max-width: 225px) 100vw, 225px\" \/><\/h4><h4>Martin Steinert:\u00a0 &#8218;Wooden Cloud&#8216;<\/h4><div><strong>zusammen mit Gastk\u00fcnstlerin Katharina Krenkel<\/strong><\/div><div>\u00a0<\/div><div><p style=\"margin-bottom: .0001pt; line-height: normal; background: white;\"><span lang=\"DE\" style=\"font-family: 'Times New Roman';\">Vernissage<br \/>\u00a0Dienstag, 20. Februar, 17:00 \u2013 21:00 Uhr<br \/><\/span><span lang=\"DE\" style=\"mso-bidi-font-size: 12.0pt; font-family: 'Times New Roman'; mso-fareast-font-family: 'Times New Roman'; mso-bidi-font-family: 'Times New Roman'; mso-fareast-language: DE;\">Johannisstrasse 3A, 66111 Saarbr\u00fccken \/\/<\/span><span lang=\"DE\" style=\"font-family: 'Times New Roman';\">Dauer<br \/>der Ausstellung:20. 2. \u2013 30.4. 2024<\/span><\/p><p style=\"margin-bottom: .0001pt; line-height: normal; background: white;\"><span lang=\"DE\" style=\"font-family: 'Times New Roman';\">\u00a0<\/span><\/p><p style=\"margin-bottom: .0001pt; line-height: normal; background: white;\"><span lang=\"DE\" style=\"font-family: 'Times New Roman';\"><strong>For a film of the opening night, <\/strong><a href=\"https:\/\/youtu.be\/G85zz350dLQ\"><strong>go here.\u00a0<\/strong><\/a><\/span><\/p><p style=\"margin-bottom: .0001pt; line-height: normal; background: white;\"><span lang=\"DE\" style=\"font-family: 'Times New Roman';\">\u00a0<\/span><\/p><\/div><p>\u00a0 \u00a0 \u00a0\u00a0 * \u00a0 \u00a0 \u00a0 \u00a0 \u00a0 \u00a0 \u00a0 \u00a0 * \u00a0 \u00a0 \u00a0 \u00a0 \u00a0 \u00a0 * \u00a0<\/p><div><p>Gallery Puzi\u0107 hat ein besonderes Projekt f\u00fcr die ersten Monate des Jahres 2024 In Bewegung gesetzt \u2013 die ungew\u00f6hnlichen begehbare Skulpur des renommierten Bildhauers Martin Steinert. Diese komplexe Konstruktion wurde von dem K\u00fcnstler im Verlauf mehrerer Wochen im Hauptraum der Galerie als \u201ework-in-progress\u201d aufgebaut und dann, w\u00e4hrend der folgenden Wochen &#8222;beschriftet.&#8220;<\/p><p>Es handelt sich um eine labyrinthische partizipative Kunstaktion, die sich an Steinerts internationales <em>wooden cloud<\/em> &#8211; Projekt anlehnt, bei dem Besucher eingeladen werden, Gedanken, W\u00fcnsche, Hoffnungen oder Botschaften in die entstehenden Skulpturen einzuschreiben. Das Projekt \u201eBetreten auf eigene Gefahr\u201d thematisiert diese interaktive Dimension der Konstruktion, macht die entstandene, raumf\u00fcllende Skulptur gleichsam zum Forum f\u00fcr Fragestellungen \u2013 Was bedeutet Kunst f\u00fcr die Gesellschaft und f\u00fcr jeden Einzelnen, was sind die pers\u00f6nlichen Erwartungen an Kunst, welche Aufgaben hat sie zu erf\u00fcllen, was darf sie und wo sind ihre Grenzen? \u00a0Steinert wird im Zusammenhang mit seiner \u201eWooden Cloud\u201c au\u00dferdem spezielle f\u00fcr diese Ausstellung angefertigte Drucke ausstellen, die auf Fotos der entstehenden Skulptur basieren aber weiter farblich bearbeitet worden sind. Zudem wird er zum ersten Mal seit geraumer Zeit ein Gem\u00e4lde ausstellen und Bewegungsformen der skulpturellen Performance auf die Leinwand \u00fcbertragen.<\/p><\/div><div>\u00a0<\/div><div><a href=\"https:\/\/www.youtube.com\/watch?v=c6flhz0qzGc\"><em>Tim Baldus ver\u00f6ffentlich seine erste EP \u201eBernstein\u201c &#8211; und spricht \u00fcber Musik und Kunst (in &#8222;Betreten auf eigene Gefahr&#8220;)<\/em><\/a><\/div><div>\u00a0<\/div>\t\t\t\t\t\t\t\t<\/div>\n\t\t\t\t<\/div>\n\t\t\t\t<div class=\"elementor-element elementor-element-c16c694 elementor-widget elementor-widget-image\" data-id=\"c16c694\" data-element_type=\"widget\" data-e-type=\"widget\" data-widget_type=\"image.default\">\n\t\t\t\t<div class=\"elementor-widget-container\">\n\t\t\t\t\t\t\t\t\t\t\t\t<figure class=\"wp-caption\">\n\t\t\t\t\t\t\t\t\t\t<img loading=\"lazy\" decoding=\"async\" width=\"768\" height=\"1152\" src=\"https:\/\/gallery-puzic.com\/wp-content\/uploads\/2024\/02\/20191105-Krenkel-Bordueren-Holzschnitte_9782-768x1152.jpg\" class=\"attachment-medium_large size-medium_large wp-image-3366\" alt=\"\" srcset=\"https:\/\/gallery-puzic.com\/wp-content\/uploads\/2024\/02\/20191105-Krenkel-Bordueren-Holzschnitte_9782-768x1152.jpg 768w, https:\/\/gallery-puzic.com\/wp-content\/uploads\/2024\/02\/20191105-Krenkel-Bordueren-Holzschnitte_9782-200x300.jpg 200w, https:\/\/gallery-puzic.com\/wp-content\/uploads\/2024\/02\/20191105-Krenkel-Bordueren-Holzschnitte_9782-683x1024.jpg 683w, https:\/\/gallery-puzic.com\/wp-content\/uploads\/2024\/02\/20191105-Krenkel-Bordueren-Holzschnitte_9782-1024x1536.jpg 1024w, https:\/\/gallery-puzic.com\/wp-content\/uploads\/2024\/02\/20191105-Krenkel-Bordueren-Holzschnitte_9782-1365x2048.jpg 1365w, https:\/\/gallery-puzic.com\/wp-content\/uploads\/2024\/02\/20191105-Krenkel-Bordueren-Holzschnitte_9782-8x12.jpg 8w, https:\/\/gallery-puzic.com\/wp-content\/uploads\/2024\/02\/20191105-Krenkel-Bordueren-Holzschnitte_9782-scaled.jpg 1707w\" sizes=\"(max-width: 768px) 100vw, 768px\" \/>\t\t\t\t\t\t\t\t\t\t\t<figcaption class=\"widget-image-caption wp-caption-text\">Katharina Krenkel, 'Bordueren-Holzschnitte'<\/figcaption>\n\t\t\t\t\t\t\t\t\t\t<\/figure>\n\t\t\t\t\t\t\t\t\t<\/div>\n\t\t\t\t<\/div>\n\t\t\t\t\t<\/div>\n\t\t<\/div>\n\t\t\t\t\t<\/div>\n\t\t<\/section>\n\t\t\t\t<section class=\"elementor-section elementor-top-section elementor-element elementor-element-a86ab94 elementor-section-boxed elementor-section-height-default elementor-section-height-default\" data-id=\"a86ab94\" data-element_type=\"section\" data-e-type=\"section\">\n\t\t\t\t\t\t<div class=\"elementor-container elementor-column-gap-default\">\n\t\t\t\t\t<div class=\"elementor-column elementor-col-100 elementor-top-column elementor-element elementor-element-a82bade\" data-id=\"a82bade\" data-element_type=\"column\" data-e-type=\"column\">\n\t\t\t<div class=\"elementor-widget-wrap\">\n\t\t\t\t\t\t\t<\/div>\n\t\t<\/div>\n\t\t\t\t\t<\/div>\n\t\t<\/section>\n\t\t\t\t<section class=\"elementor-section elementor-top-section elementor-element elementor-element-0f4ed08 elementor-section-boxed elementor-section-height-default elementor-section-height-default\" data-id=\"0f4ed08\" data-element_type=\"section\" data-e-type=\"section\">\n\t\t\t\t\t\t<div class=\"elementor-container elementor-column-gap-default\">\n\t\t\t\t\t<div class=\"elementor-column elementor-col-100 elementor-top-column elementor-element elementor-element-9d34348\" data-id=\"9d34348\" data-element_type=\"column\" data-e-type=\"column\">\n\t\t\t<div class=\"elementor-widget-wrap elementor-element-populated\">\n\t\t\t\t\t\t<div class=\"elementor-element elementor-element-6b88e4d elementor-widget elementor-widget-text-editor\" data-id=\"6b88e4d\" data-element_type=\"widget\" data-e-type=\"widget\" data-widget_type=\"text-editor.default\">\n\t\t\t\t<div class=\"elementor-widget-container\">\n\t\t\t\t\t\t\t\t\t<p>Als Gegenpol zu Steinert gibt die Gallery Puzi\u0107 einer Gastk\u00fcnstlerin Raum f\u00fcr ihre Werke: die bekannte, in Buenos Aires geborene saarl\u00e4ndische K\u00fcnstlerin Katharina Krenkel zeigt einige ihrer neuen <em>Soft Sculptures<\/em> und Grafiken. Diese markante Gegen\u00fcberstellung birgt eine spannende Wirkungskraft, denn auch Krenkel ist Bildhauerin, aber \u00fcber viele Jahre arbeitet sie plastisch mit aus Wolle und anderen h\u00e4kelbaren Materialien entstehenden \u201eweichen Skulpturen,\u201d die dem herk\u00f6mmlichen Verst\u00e4ndnis der Bildhauerei (die \u201eharte\u201c Materialien bevorzugt, so die vermeintliche Norm) widerspricht. Die feinen Linien ihrer Stickgrafik und ihre Methode des \u201cFadenzeichnens\u201d stellen ebenfalls unsere Vorstellungen von k\u00fcnstlerischen Genres und Traditionen in Frage. Die K\u00fcnstlerin hat ausserdem geplant, am 3. M\u00e4rz im Raum der Ausstellung eine besondere &#8222;Sound-H\u00e4keln Performance&#8220; aufzuf\u00fchren, zusammen mit zwei weiteren Akteur*innen. Dieser Aktion wird sicherlich viel Interesse entgegengebracht werden.<\/p>\t\t\t\t\t\t\t\t<\/div>\n\t\t\t\t<\/div>\n\t\t\t\t<div class=\"elementor-element elementor-element-6e14fe9 elementor-widget elementor-widget-image\" data-id=\"6e14fe9\" data-element_type=\"widget\" data-e-type=\"widget\" data-widget_type=\"image.default\">\n\t\t\t\t<div class=\"elementor-widget-container\">\n\t\t\t\t\t\t\t\t\t\t\t\t<figure class=\"wp-caption\">\n\t\t\t\t\t\t\t\t\t\t<img loading=\"lazy\" decoding=\"async\" width=\"768\" height=\"512\" src=\"https:\/\/gallery-puzic.com\/wp-content\/uploads\/2024\/02\/Erde-638I1856-768x512.jpg\" class=\"attachment-medium_large size-medium_large wp-image-3369\" alt=\"\" srcset=\"https:\/\/gallery-puzic.com\/wp-content\/uploads\/2024\/02\/Erde-638I1856-768x512.jpg 768w, https:\/\/gallery-puzic.com\/wp-content\/uploads\/2024\/02\/Erde-638I1856-300x200.jpg 300w, https:\/\/gallery-puzic.com\/wp-content\/uploads\/2024\/02\/Erde-638I1856-1024x683.jpg 1024w, https:\/\/gallery-puzic.com\/wp-content\/uploads\/2024\/02\/Erde-638I1856-1536x1024.jpg 1536w, https:\/\/gallery-puzic.com\/wp-content\/uploads\/2024\/02\/Erde-638I1856-2048x1366.jpg 2048w, https:\/\/gallery-puzic.com\/wp-content\/uploads\/2024\/02\/Erde-638I1856-18x12.jpg 18w\" sizes=\"(max-width: 768px) 100vw, 768px\" \/>\t\t\t\t\t\t\t\t\t\t\t<figcaption class=\"widget-image-caption wp-caption-text\">Katharina Krenkel, 'Die Erde ist eine Tischdecke'<\/figcaption>\n\t\t\t\t\t\t\t\t\t\t<\/figure>\n\t\t\t\t\t\t\t\t\t<\/div>\n\t\t\t\t<\/div>\n\t\t\t\t\t<\/div>\n\t\t<\/div>\n\t\t\t\t\t<\/div>\n\t\t<\/section>\n\t\t\t\t<section class=\"elementor-section elementor-top-section elementor-element elementor-element-0b455e0 elementor-section-boxed elementor-section-height-default elementor-section-height-default\" data-id=\"0b455e0\" data-element_type=\"section\" data-e-type=\"section\">\n\t\t\t\t\t\t<div class=\"elementor-container elementor-column-gap-default\">\n\t\t\t\t\t<div class=\"elementor-column elementor-col-33 elementor-top-column elementor-element elementor-element-03c5b29\" data-id=\"03c5b29\" data-element_type=\"column\" data-e-type=\"column\">\n\t\t\t<div class=\"elementor-widget-wrap\">\n\t\t\t\t\t\t\t<\/div>\n\t\t<\/div>\n\t\t\t\t<div class=\"elementor-column elementor-col-33 elementor-top-column elementor-element elementor-element-c362afc\" data-id=\"c362afc\" data-element_type=\"column\" data-e-type=\"column\">\n\t\t\t<div class=\"elementor-widget-wrap\">\n\t\t\t\t\t\t\t<\/div>\n\t\t<\/div>\n\t\t\t\t<div class=\"elementor-column elementor-col-33 elementor-top-column elementor-element elementor-element-2528fed\" data-id=\"2528fed\" data-element_type=\"column\" data-e-type=\"column\">\n\t\t\t<div class=\"elementor-widget-wrap\">\n\t\t\t\t\t\t\t<\/div>\n\t\t<\/div>\n\t\t\t\t\t<\/div>\n\t\t<\/section>\n\t\t\t\t<section class=\"elementor-section elementor-top-section elementor-element elementor-element-8ec049b elementor-section-boxed elementor-section-height-default elementor-section-height-default\" data-id=\"8ec049b\" data-element_type=\"section\" data-e-type=\"section\">\n\t\t\t\t\t\t<div class=\"elementor-container elementor-column-gap-default\">\n\t\t\t\t\t<div class=\"elementor-column elementor-col-100 elementor-top-column elementor-element elementor-element-34a5d0f\" data-id=\"34a5d0f\" data-element_type=\"column\" data-e-type=\"column\">\n\t\t\t<div class=\"elementor-widget-wrap elementor-element-populated\">\n\t\t\t\t\t\t<div class=\"elementor-element elementor-element-3359c5d elementor-widget elementor-widget-text-editor\" data-id=\"3359c5d\" data-element_type=\"widget\" data-e-type=\"widget\" data-widget_type=\"text-editor.default\">\n\t\t\t\t<div class=\"elementor-widget-container\">\n\t\t\t\t\t\t\t\t\t<div><p><span lang=\"DE\">ANK\u00dcNDIGUNG<br \/><\/span><\/p><p><span lang=\"DE\">\u00a0<\/span><\/p><\/div><p><strong>W\u00e4hrend des Abbaus der grossen Wooden Cloud Ende April\u00a0 wird die Galerie eine Sonderausstellung anbieten<br \/><\/strong><\/p><p>6.5. &#8211; 12.5. 2024<\/p><p><strong>Ausstellung neuer Gem\u00e4lde des bekannten, in Berlin lebenden K\u00fcnstlers REPY (Zdravko Repija)<\/strong><\/p><p><span lang=\"DE\"> \u00a0\u00a0<\/span><span lang=\"DE\"> <img loading=\"lazy\" decoding=\"async\" class=\"alignnone wp-image-3775\" src=\"https:\/\/gallery-puzic.com\/wp-content\/uploads\/2024\/04\/Repy_neues-Bild-2024_5-227x300.jpg\" alt=\"\" width=\"116\" height=\"153\" srcset=\"https:\/\/gallery-puzic.com\/wp-content\/uploads\/2024\/04\/Repy_neues-Bild-2024_5-227x300.jpg 227w, https:\/\/gallery-puzic.com\/wp-content\/uploads\/2024\/04\/Repy_neues-Bild-2024_5-776x1024.jpg 776w, https:\/\/gallery-puzic.com\/wp-content\/uploads\/2024\/04\/Repy_neues-Bild-2024_5-768x1014.jpg 768w, https:\/\/gallery-puzic.com\/wp-content\/uploads\/2024\/04\/Repy_neues-Bild-2024_5-1163x1536.jpg 1163w, https:\/\/gallery-puzic.com\/wp-content\/uploads\/2024\/04\/Repy_neues-Bild-2024_5-1551x2048.jpg 1551w, https:\/\/gallery-puzic.com\/wp-content\/uploads\/2024\/04\/Repy_neues-Bild-2024_5-9x12.jpg 9w, https:\/\/gallery-puzic.com\/wp-content\/uploads\/2024\/04\/Repy_neues-Bild-2024_5-scaled.jpg 1939w\" sizes=\"(max-width: 116px) 100vw, 116px\" \/><\/span><span lang=\"DE\"><img loading=\"lazy\" decoding=\"async\" class=\"alignnone wp-image-3772\" src=\"https:\/\/gallery-puzic.com\/wp-content\/uploads\/2024\/04\/Repy_neues-Bild-2024-296x300.jpg\" alt=\"\" width=\"150\" height=\"152\" srcset=\"https:\/\/gallery-puzic.com\/wp-content\/uploads\/2024\/04\/Repy_neues-Bild-2024-296x300.jpg 296w, https:\/\/gallery-puzic.com\/wp-content\/uploads\/2024\/04\/Repy_neues-Bild-2024-1011x1024.jpg 1011w, https:\/\/gallery-puzic.com\/wp-content\/uploads\/2024\/04\/Repy_neues-Bild-2024-768x778.jpg 768w, https:\/\/gallery-puzic.com\/wp-content\/uploads\/2024\/04\/Repy_neues-Bild-2024-1517x1536.jpg 1517w, https:\/\/gallery-puzic.com\/wp-content\/uploads\/2024\/04\/Repy_neues-Bild-2024-2023x2048.jpg 2023w, https:\/\/gallery-puzic.com\/wp-content\/uploads\/2024\/04\/Repy_neues-Bild-2024-12x12.jpg 12w\" sizes=\"(max-width: 150px) 100vw, 150px\" \/><\/span><span lang=\"DE\"> <img loading=\"lazy\" decoding=\"async\" class=\"alignnone wp-image-3773\" src=\"https:\/\/gallery-puzic.com\/wp-content\/uploads\/2024\/04\/Repy_portrait-2024-234x300.jpg\" alt=\"\" width=\"121\" height=\"155\" srcset=\"https:\/\/gallery-puzic.com\/wp-content\/uploads\/2024\/04\/Repy_portrait-2024-234x300.jpg 234w, https:\/\/gallery-puzic.com\/wp-content\/uploads\/2024\/04\/Repy_portrait-2024-800x1024.jpg 800w, https:\/\/gallery-puzic.com\/wp-content\/uploads\/2024\/04\/Repy_portrait-2024-768x983.jpg 768w, https:\/\/gallery-puzic.com\/wp-content\/uploads\/2024\/04\/Repy_portrait-2024-1200x1536.jpg 1200w, https:\/\/gallery-puzic.com\/wp-content\/uploads\/2024\/04\/Repy_portrait-2024-1599x2048.jpg 1599w, https:\/\/gallery-puzic.com\/wp-content\/uploads\/2024\/04\/Repy_portrait-2024-9x12.jpg 9w, https:\/\/gallery-puzic.com\/wp-content\/uploads\/2024\/04\/Repy_portrait-2024-scaled.jpg 1999w\" sizes=\"(max-width: 121px) 100vw, 121px\" \/><\/span><\/p>\t\t\t\t\t\t\t\t<\/div>\n\t\t\t\t<\/div>\n\t\t\t\t\t<\/div>\n\t\t<\/div>\n\t\t\t\t\t<\/div>\n\t\t<\/section>\n\t\t\t\t<\/div>","protected":false},"excerpt":{"rendered":"<p>Martin Steinert, &#8218;Wooden Cloud&#8216; Skulptur im Innenraum der Gallery Puzic\u0301 Martin Steinert:\u00a0 &#8218;Wooden Cloud&#8216; zusammen mit Gastk\u00fcnstlerin Katharina Krenkel\u00a0 Vernissage\u00a0Dienstag, 20. Februar, 17:00 \u2013 21:00 UhrJohannisstrasse 3A, 66111 Saarbr\u00fccken \/\/Dauerder Ausstellung:20. 2. \u2013 30.4. 2024 \u00a0 For a film of the opening night, go here.\u00a0 \u00a0 \u00a0 \u00a0 \u00a0\u00a0 * \u00a0 \u00a0 \u00a0 \u00a0 \u00a0 [&hellip;]<\/p>\n","protected":false},"author":2,"featured_media":0,"parent":0,"menu_order":0,"comment_status":"closed","ping_status":"closed","template":"","meta":{"footnotes":""},"class_list":["post-3325","page","type-page","status-publish","hentry"],"_links":{"self":[{"href":"https:\/\/gallery-puzic.com\/en\/wp-json\/wp\/v2\/pages\/3325","targetHints":{"allow":["GET"]}}],"collection":[{"href":"https:\/\/gallery-puzic.com\/en\/wp-json\/wp\/v2\/pages"}],"about":[{"href":"https:\/\/gallery-puzic.com\/en\/wp-json\/wp\/v2\/types\/page"}],"author":[{"embeddable":true,"href":"https:\/\/gallery-puzic.com\/en\/wp-json\/wp\/v2\/users\/2"}],"replies":[{"embeddable":true,"href":"https:\/\/gallery-puzic.com\/en\/wp-json\/wp\/v2\/comments?post=3325"}],"version-history":[{"count":93,"href":"https:\/\/gallery-puzic.com\/en\/wp-json\/wp\/v2\/pages\/3325\/revisions"}],"predecessor-version":[{"id":6130,"href":"https:\/\/gallery-puzic.com\/en\/wp-json\/wp\/v2\/pages\/3325\/revisions\/6130"}],"wp:attachment":[{"href":"https:\/\/gallery-puzic.com\/en\/wp-json\/wp\/v2\/media?parent=3325"}],"curies":[{"name":"wp","href":"https:\/\/api.w.org\/{rel}","templated":true}]}}