{"id":2828,"date":"2023-11-07T15:38:12","date_gmt":"2023-11-07T15:38:12","guid":{"rendered":"https:\/\/gallery-puzic.com\/?page_id=2828"},"modified":"2023-12-27T13:40:41","modified_gmt":"2023-12-27T13:40:41","slug":"vernissage-wachs-in-meinen-haenden","status":"publish","type":"page","link":"https:\/\/gallery-puzic.com\/en\/vernissage-wachs-in-meinen-haenden\/","title":{"rendered":"Wachs in meinen H\u00e4nden"},"content":{"rendered":"\t\t<div data-elementor-type=\"wp-page\" data-elementor-id=\"2828\" class=\"elementor elementor-2828\">\n\t\t\t\t\t\t<section class=\"elementor-section elementor-top-section elementor-element elementor-element-ed03ebb elementor-section-boxed elementor-section-height-default elementor-section-height-default\" data-id=\"ed03ebb\" data-element_type=\"section\" data-e-type=\"section\">\n\t\t\t\t\t\t<div class=\"elementor-container elementor-column-gap-default\">\n\t\t\t\t\t<div class=\"elementor-column elementor-col-25 elementor-top-column elementor-element elementor-element-b1158a3\" data-id=\"b1158a3\" data-element_type=\"column\" data-e-type=\"column\">\n\t\t\t<div class=\"elementor-widget-wrap\">\n\t\t\t\t\t\t\t<\/div>\n\t\t<\/div>\n\t\t\t\t<div class=\"elementor-column elementor-col-25 elementor-top-column elementor-element elementor-element-2f56193\" data-id=\"2f56193\" data-element_type=\"column\" data-e-type=\"column\">\n\t\t\t<div class=\"elementor-widget-wrap\">\n\t\t\t\t\t\t\t<\/div>\n\t\t<\/div>\n\t\t\t\t<div class=\"elementor-column elementor-col-25 elementor-top-column elementor-element elementor-element-ba196d0\" data-id=\"ba196d0\" data-element_type=\"column\" data-e-type=\"column\">\n\t\t\t<div class=\"elementor-widget-wrap\">\n\t\t\t\t\t\t\t<\/div>\n\t\t<\/div>\n\t\t\t\t<div class=\"elementor-column elementor-col-25 elementor-top-column elementor-element elementor-element-5affb30\" data-id=\"5affb30\" data-element_type=\"column\" data-e-type=\"column\">\n\t\t\t<div class=\"elementor-widget-wrap elementor-element-populated\">\n\t\t\t\t\t\t<div class=\"elementor-element elementor-element-6e9d764 elementor-widget elementor-widget-shortcode\" data-id=\"6e9d764\" data-element_type=\"widget\" data-e-type=\"widget\" data-widget_type=\"shortcode.default\">\n\t\t\t\t<div class=\"elementor-widget-container\">\n\t\t\t\t\t\t\t<div class=\"elementor-shortcode\"><div class=\"trp_language_switcher_shortcode\">\n<div class=\"trp-language-switcher trp-language-switcher-container\" data-no-translation >\n    <div class=\"trp-ls-shortcode-current-language\">\n        <a href=\"#\" class=\"trp-ls-shortcode-disabled-language trp-ls-disabled-language\" title=\"English\" onclick=\"event.preventDefault()\">\n\t\t\t<img decoding=\"async\" class=\"trp-flag-image\" src=\"https:\/\/gallery-puzic.com\/wp-content\/plugins\/translatepress-multilingual\/assets\/images\/flags\/en_US.png\" width=\"18\" height=\"12\" alt=\"en_US\" title=\"English\"> \t\t<\/a>\n    <\/div>\n    <div class=\"trp-ls-shortcode-language\">\n                <a href=\"#\" class=\"trp-ls-shortcode-disabled-language trp-ls-disabled-language\"  title=\"English\" onclick=\"event.preventDefault()\">\n\t\t\t<img decoding=\"async\" class=\"trp-flag-image\" src=\"https:\/\/gallery-puzic.com\/wp-content\/plugins\/translatepress-multilingual\/assets\/images\/flags\/en_US.png\" width=\"18\" height=\"12\" alt=\"en_US\" title=\"English\"> \t\t<\/a>\n                    <a href=\"https:\/\/gallery-puzic.com\/en\/wp-json\/wp\/v2\/pages\/2828#TRPLINKPROCESSED\" title=\"German\">\n            <img decoding=\"async\" class=\"trp-flag-image\" src=\"https:\/\/gallery-puzic.com\/wp-content\/plugins\/translatepress-multilingual\/assets\/images\/flags\/de_DE.png\" width=\"18\" height=\"12\" alt=\"de_DE\" title=\"German\">         <\/a>\n\n        <\/div>\n    <script type=\"application\/javascript\">\n        \/\/ need to have the same with set from JS on both divs. Otherwise it can push stuff around in HTML\n        var trp_ls_shortcodes = document.querySelectorAll('.trp_language_switcher_shortcode .trp-language-switcher');\n        if ( trp_ls_shortcodes.length > 0) {\n            \/\/ get the last language switcher added\n            var trp_el = trp_ls_shortcodes[trp_ls_shortcodes.length - 1];\n\n            var trp_shortcode_language_item = trp_el.querySelector( '.trp-ls-shortcode-language' )\n            \/\/ set width\n            var trp_ls_shortcode_width                                               = trp_shortcode_language_item.offsetWidth + 16;\n            trp_shortcode_language_item.style.width                                  = trp_ls_shortcode_width + 'px';\n            trp_el.querySelector( '.trp-ls-shortcode-current-language' ).style.width = trp_ls_shortcode_width + 'px';\n\n            \/\/ We're putting this on display: none after we have its width.\n            trp_shortcode_language_item.style.display = 'none';\n        }\n    <\/script>\n<\/div>\n<\/div><\/div>\n\t\t\t\t\t\t<\/div>\n\t\t\t\t<\/div>\n\t\t\t\t\t<\/div>\n\t\t<\/div>\n\t\t\t\t\t<\/div>\n\t\t<\/section>\n\t\t\t\t<section class=\"elementor-section elementor-top-section elementor-element elementor-element-6b36ac3 elementor-section-boxed elementor-section-height-default elementor-section-height-default\" data-id=\"6b36ac3\" data-element_type=\"section\" data-e-type=\"section\">\n\t\t\t\t\t\t<div class=\"elementor-container elementor-column-gap-default\">\n\t\t\t\t\t<div class=\"elementor-column elementor-col-100 elementor-top-column elementor-element elementor-element-33ee3d2c\" data-id=\"33ee3d2c\" data-element_type=\"column\" data-e-type=\"column\">\n\t\t\t<div class=\"elementor-widget-wrap elementor-element-populated\">\n\t\t\t\t\t\t<div class=\"elementor-element elementor-element-5c75aec3 elementor-widget elementor-widget-text-editor\" data-id=\"5c75aec3\" data-element_type=\"widget\" data-e-type=\"widget\" data-widget_type=\"text-editor.default\">\n\t\t\t\t<div class=\"elementor-widget-container\">\n\t\t\t\t\t\t\t\t\t\n<p>\u00a0<\/p>\n\n<div class=\"wp-block-columns is-layout-flex wp-container-core-columns-is-layout-28f84493 wp-block-columns-is-layout-flex\">\n<div class=\"wp-block-column is-layout-flow wp-block-column-is-layout-flow\">\n<p><strong>Magdalena Grandmontagne (Malerei und Skulpturen aus Wachs)<\/strong><\/p>\n\n<p><strong>\u00a0\u00a0\u00a0\u00a0\u00a0\u00a0\u00a0\u00a0\u00a0\u00a0\u00a0\u00a0\u00a0\u00a0\u00a0\u00a0\u00a0\u00a0\u00a0\u00a0\u00a0\u00a0\u00a0\u00a0\u00a0\u00a0\u00a0\u00a0\u00a0\u00a0\u00a0\u00a0\u00a0\u00a0\u00a0\u00a0\u00a0\u00a0\u00a0\u00a0\u00a0\u00a0\u00a0 \u00a0\u00a0\u00a0\u00a0\u00a0\u00a0\u00a0\u00a0\u00a0\u00a0\u00a0\u00a0\u00a0\u00a0\u00a0\u00a0\u00a0\u00a0\u00a0\u00a0\u00a0\u00a0\u00a0\u00a0mit Gastk\u00fcnstlerin Sidonie Bilger (Zeichnung, Malerei)<\/strong><\/p>\n<p>\u00a0\u00a0\u00a0\u00a0\u00a0\u00a0\u00a0\u00a0\u00a0\u00a0\u00a0\u00a0\u00a0\u00a0\u00a0\u00a0\u00a0\u00a0\u00a0\u00a0\u00a0\u00a0\u00a0\u00a0\u00a0\u00a0\u00a0\u00a0\u00a0\u00a0\u00a0\u00a0\u00a0\u00a0\u00a0\u00a0\u00a0\u00a0\u00a0\u00a0\u00a0\u00a0\u00a0\u00a0\u00a0\u00a0\u00a0\u00a0\u00a0\u00a0\u00a0\u00a0\u00a0\u00a0\u00a0\u00a0\u00a0\u00a0\u00a0\u00a0\u00a0\u00a0\u00a0\u00a0\u00a0\u00a0\u00a0\u00a0\u00a0\u00a0\u00a0\u00a0\u00a0\u00a0\u00a0\u00a0\u00a0\u00a0\u00a0\u00a0\u00a0\u00a0\u00a0\u00a0\u00a0\u00a0\u00a0\u00a0\u00a0\u00a0\u00a0\u00a0\u00a0\u00a0\u00a0\u00a0\u00a0\u00a0\u00a0\u00a0\u00a0\u00a0\u00a0\u00a0\u00a0\u00a0\u00a0\u00a0\u00a0\u00a0\u00a0\u00a0\u00a0\u00a0\u00a0\u00a0\u00a0\u00a0\u00a0\u00a0\u00a0\u00a0\u00a0\u00a0\u00a0 Ausstellungsdauer: 19. November 2023 &#8211; 6. Januar 2024<\/p>\n<\/div>\n<\/div>\n\t\t\t\t\t\t\t\t<\/div>\n\t\t\t\t<\/div>\n\t\t\t\t\t<\/div>\n\t\t<\/div>\n\t\t\t\t\t<\/div>\n\t\t<\/section>\n\t\t\t\t<section class=\"elementor-section elementor-top-section elementor-element elementor-element-6538ad2 elementor-section-boxed elementor-section-height-default elementor-section-height-default\" data-id=\"6538ad2\" data-element_type=\"section\" data-e-type=\"section\">\n\t\t\t\t\t\t<div class=\"elementor-container elementor-column-gap-default\">\n\t\t\t\t\t<div class=\"elementor-column elementor-col-100 elementor-top-column elementor-element elementor-element-3c12f76\" data-id=\"3c12f76\" data-element_type=\"column\" data-e-type=\"column\">\n\t\t\t<div class=\"elementor-widget-wrap elementor-element-populated\">\n\t\t\t\t\t\t<section class=\"elementor-section elementor-inner-section elementor-element elementor-element-bd73743 elementor-section-boxed elementor-section-height-default elementor-section-height-default\" data-id=\"bd73743\" data-element_type=\"section\" data-e-type=\"section\">\n\t\t\t\t\t\t<div class=\"elementor-container elementor-column-gap-default\">\n\t\t\t\t\t<div class=\"elementor-column elementor-col-50 elementor-inner-column elementor-element elementor-element-91ecd25\" data-id=\"91ecd25\" data-element_type=\"column\" data-e-type=\"column\">\n\t\t\t<div class=\"elementor-widget-wrap elementor-element-populated\">\n\t\t\t\t\t\t<div class=\"elementor-element elementor-element-320c734 elementor-widget elementor-widget-image\" data-id=\"320c734\" data-element_type=\"widget\" data-e-type=\"widget\" data-widget_type=\"image.default\">\n\t\t\t\t<div class=\"elementor-widget-container\">\n\t\t\t\t\t\t\t\t\t\t\t\t<figure class=\"wp-caption\">\n\t\t\t\t\t\t\t\t\t\t<img fetchpriority=\"high\" decoding=\"async\" width=\"298\" height=\"300\" src=\"https:\/\/gallery-puzic.com\/wp-content\/uploads\/2023\/11\/incrustations-298x300.jpeg\" class=\"attachment-medium size-medium wp-image-2813\" alt=\"\" srcset=\"https:\/\/gallery-puzic.com\/wp-content\/uploads\/2023\/11\/incrustations-298x300.jpeg 298w, https:\/\/gallery-puzic.com\/wp-content\/uploads\/2023\/11\/incrustations-1017x1024.jpeg 1017w, https:\/\/gallery-puzic.com\/wp-content\/uploads\/2023\/11\/incrustations-150x150.jpeg 150w, https:\/\/gallery-puzic.com\/wp-content\/uploads\/2023\/11\/incrustations-768x773.jpeg 768w, https:\/\/gallery-puzic.com\/wp-content\/uploads\/2023\/11\/incrustations-1526x1536.jpeg 1526w, https:\/\/gallery-puzic.com\/wp-content\/uploads\/2023\/11\/incrustations-2035x2048.jpeg 2035w, https:\/\/gallery-puzic.com\/wp-content\/uploads\/2023\/11\/incrustations-12x12.jpeg 12w\" sizes=\"(max-width: 298px) 100vw, 298px\" \/>\t\t\t\t\t\t\t\t\t\t\t<figcaption class=\"widget-image-caption wp-caption-text\">Magdalena Grandmontagne, Incrustation, o.T., 2020<\/figcaption>\n\t\t\t\t\t\t\t\t\t\t<\/figure>\n\t\t\t\t\t\t\t\t\t<\/div>\n\t\t\t\t<\/div>\n\t\t\t\t\t<\/div>\n\t\t<\/div>\n\t\t\t\t<div class=\"elementor-column elementor-col-50 elementor-inner-column elementor-element elementor-element-9005675\" data-id=\"9005675\" data-element_type=\"column\" data-e-type=\"column\">\n\t\t\t<div class=\"elementor-widget-wrap elementor-element-populated\">\n\t\t\t\t\t\t<div class=\"elementor-element elementor-element-3a6ecdc elementor-widget elementor-widget-image\" data-id=\"3a6ecdc\" data-element_type=\"widget\" data-e-type=\"widget\" data-widget_type=\"image.default\">\n\t\t\t\t<div class=\"elementor-widget-container\">\n\t\t\t\t\t\t\t\t\t\t\t\t<figure class=\"wp-caption\">\n\t\t\t\t\t\t\t\t\t\t<img loading=\"lazy\" decoding=\"async\" width=\"300\" height=\"211\" src=\"https:\/\/gallery-puzic.com\/wp-content\/uploads\/2023\/11\/Monoculture-300x211.jpg\" class=\"attachment-medium size-medium wp-image-2833\" alt=\"\" srcset=\"https:\/\/gallery-puzic.com\/wp-content\/uploads\/2023\/11\/Monoculture-300x211.jpg 300w, https:\/\/gallery-puzic.com\/wp-content\/uploads\/2023\/11\/Monoculture-1024x721.jpg 1024w, https:\/\/gallery-puzic.com\/wp-content\/uploads\/2023\/11\/Monoculture-768x541.jpg 768w, https:\/\/gallery-puzic.com\/wp-content\/uploads\/2023\/11\/Monoculture-1536x1082.jpg 1536w, https:\/\/gallery-puzic.com\/wp-content\/uploads\/2023\/11\/Monoculture-2048x1442.jpg 2048w, https:\/\/gallery-puzic.com\/wp-content\/uploads\/2023\/11\/Monoculture-18x12.jpg 18w\" sizes=\"(max-width: 300px) 100vw, 300px\" \/>\t\t\t\t\t\t\t\t\t\t\t<figcaption class=\"widget-image-caption wp-caption-text\">Sidonie Bilger, Monoculture, Kohle auf Papier, 2023<\/figcaption>\n\t\t\t\t\t\t\t\t\t\t<\/figure>\n\t\t\t\t\t\t\t\t\t<\/div>\n\t\t\t\t<\/div>\n\t\t\t\t\t<\/div>\n\t\t<\/div>\n\t\t\t\t\t<\/div>\n\t\t<\/section>\n\t\t\t\t\t<\/div>\n\t\t<\/div>\n\t\t\t\t\t<\/div>\n\t\t<\/section>\n\t\t\t\t<section class=\"elementor-section elementor-top-section elementor-element elementor-element-7535b79 elementor-section-boxed elementor-section-height-default elementor-section-height-default\" data-id=\"7535b79\" data-element_type=\"section\" data-e-type=\"section\">\n\t\t\t\t\t\t<div class=\"elementor-container elementor-column-gap-default\">\n\t\t\t\t\t<div class=\"elementor-column elementor-col-100 elementor-top-column elementor-element elementor-element-ec04bb3\" data-id=\"ec04bb3\" data-element_type=\"column\" data-e-type=\"column\">\n\t\t\t<div class=\"elementor-widget-wrap elementor-element-populated\">\n\t\t\t\t\t\t<div class=\"elementor-element elementor-element-36d12e5 elementor-widget elementor-widget-text-editor\" data-id=\"36d12e5\" data-element_type=\"widget\" data-e-type=\"widget\" data-widget_type=\"text-editor.default\">\n\t\t\t\t<div class=\"elementor-widget-container\">\n\t\t\t\t\t\t\t\t\t<h6>\u00a0<\/h6>\n<h6>Gallery Puzi\u0107 l\u00e4dt Sie herzlich ein zur Vernissage einer Werkschau der renommierten, in Frankreich lebenden K\u00fcnstlerin Magdalena Grandmontagne. In der Ausstellung pr\u00e4sentiert sie neue Arbeiten aus verschiedenen Arbeitszyklen.<\/h6>\n<p><img loading=\"lazy\" decoding=\"async\" class=\"alignnone size-medium wp-image-2816\" src=\"https:\/\/gallery-puzic.com\/wp-content\/uploads\/2023\/11\/bibliotheque1-225x300.jpeg\" alt=\"\" width=\"225\" height=\"300\" srcset=\"https:\/\/gallery-puzic.com\/wp-content\/uploads\/2023\/11\/bibliotheque1-225x300.jpeg 225w, https:\/\/gallery-puzic.com\/wp-content\/uploads\/2023\/11\/bibliotheque1-768x1024.jpeg 768w, https:\/\/gallery-puzic.com\/wp-content\/uploads\/2023\/11\/bibliotheque1-1152x1536.jpeg 1152w, https:\/\/gallery-puzic.com\/wp-content\/uploads\/2023\/11\/bibliotheque1-1536x2048.jpeg 1536w, https:\/\/gallery-puzic.com\/wp-content\/uploads\/2023\/11\/bibliotheque1-9x12.jpeg 9w, https:\/\/gallery-puzic.com\/wp-content\/uploads\/2023\/11\/bibliotheque1-scaled.jpeg 1920w\" sizes=\"(max-width: 225px) 100vw, 225px\" \/> Magdalena Grandmontagne, Wachs-Skulptur, aus der Serie <em>La biblioth\u00e8que fig\u00e9e<\/em><\/p>\n<p>Magdalena Grandmontagnes reichhaltiges k\u00fcnstlerisches <em>oeuvre <\/em>ist mit zahlreichen Ausstellungen in Deutschland wie\u00a0in Frankreich pr\u00e4sent. Besondere Resonanz fanden ihre Performances and Parcours Installationen, sowie ihre grossen Walzblei-Arbeiten und Radierungen, die eine Spurensuche nach Vergangenem verdeutlichen, wie auch die magische Transformation von Abdr\u00fccken. Dies artikuliert sich nun auf neue Weise: Enkaustikmalerei in den H\u00e4nden Grandmontagnes gebiert faszinierende Erfahrungen, insbesondere durch die haptischen Qualit\u00e4ten des Bienenwachses, dem haut\u00e4hnlichen Aspekt der Transparenz, der Formbarkeit des warmen, lebendigen Materials wie der aufregnd-sinnlichen Erstarrungsvielfalt des Mediums. Grandmontagne ist im Saarland aufgewachsen; ab 1970 Kunststudium an der \u00c9cole Nationale des Arts D\u00e9coratifs in Nizza; nach Diplomabschluss betrieb sie dort ihr erstes Atelier und gr\u00fcndete 1980 die \u201eAcad\u00e9mie de Gravure\u201c in Cabris bei Grasse. Einige Jahre pendelte sie zwischen der C\u00f4te d\u2019Azur und dem Saarland. Heute lebt und arbeitet sie im lothringischen Beckerholz.<\/p>\n<p>\u00a0<\/p>\n<p><img loading=\"lazy\" decoding=\"async\" src=\"https:\/\/gallery-puzic.com\/wp-content\/uploads\/2023\/11\/Jungle-artificielle-1-300x212.jpg\" alt=\"\" width=\"300\" height=\"212\" \/>Sidonie Bilger, <em>Jungle artificielle<\/em>, 2023\u00a0<\/p>\n<p>Im Kontext dieser Exposition wird die franz\u00f6sische K\u00fcnstlerin Sidonie Bilger einige ihrer neuesten Pastell- und Kohlezeichnungen zeigen. Bilger stellte ihre Arbeit w\u00e4hrend einer Residenz am KuBa zum ersten Mal im Saarland vor. Wandzeichnung und Malerei haben sich zu einem prozess-orientierten, performativen Ansatz entwickelt, und die K\u00fcnstlerin untersucht den Begriff der Landschaft, den Platz des Menschen in ihr, wie auch das Thema der Katastrophe sowie m\u00e4chtiger Herrschaftsbeziehungen. W\u00e4hrend der Ausstellung zeichnet sie ein neues Wandgem\u00e4lde in der Galerie, d.h. Besucher k\u00f6nnen am Entstehungsprozess teilhaben. Bilger ist im Elsass geboren, studierte von 2010-2013 Grafik und Zeichnung in Lyon, und kam 2013 als Gaststudentin an die HBKsaar. Anschlie\u00dfend studierte sie bis 2019 an der Hochschule f\u00fcr Bildende Kunst in Paris. Ihre Arbeiten wurden seit 2016 in diversen Einzel- und Gruppenausstellungen pr\u00e4sentiert, u.a. in Paris, Toulon, Chaumont.<\/p>\n<p>\u00a0<\/p>\n<p>\u00a0<\/p>\n<p>\u00abWachs in meinen H\u00e4nden\u00bb l\u00e4dt uns ein, die spannenden neuen Werkzyklen und konzeptionellen Ideen beider K\u00fcnstlerinnen zu entdecken.\u00a0 Wir freuen uns auf Ihren Besuch.<\/p>\t\t\t\t\t\t\t\t<\/div>\n\t\t\t\t<\/div>\n\t\t\t\t\t<\/div>\n\t\t<\/div>\n\t\t\t\t\t<\/div>\n\t\t<\/section>\n\t\t\t\t<\/div>\n\t\t","protected":false},"excerpt":{"rendered":"<p>\u00a0 Magdalena Grandmontagne (Malerei und Skulpturen aus Wachs) \u00a0\u00a0\u00a0\u00a0\u00a0\u00a0\u00a0\u00a0\u00a0\u00a0\u00a0\u00a0\u00a0\u00a0\u00a0\u00a0\u00a0\u00a0\u00a0\u00a0\u00a0\u00a0\u00a0\u00a0\u00a0\u00a0\u00a0\u00a0\u00a0\u00a0\u00a0\u00a0\u00a0\u00a0\u00a0\u00a0\u00a0\u00a0\u00a0\u00a0\u00a0\u00a0\u00a0 \u00a0\u00a0\u00a0\u00a0\u00a0\u00a0\u00a0\u00a0\u00a0\u00a0\u00a0\u00a0\u00a0\u00a0\u00a0\u00a0\u00a0\u00a0\u00a0\u00a0\u00a0\u00a0\u00a0\u00a0mit Gastk\u00fcnstlerin Sidonie Bilger (Zeichnung, Malerei) \u00a0\u00a0\u00a0\u00a0\u00a0\u00a0\u00a0\u00a0\u00a0\u00a0\u00a0\u00a0\u00a0\u00a0\u00a0\u00a0\u00a0\u00a0\u00a0\u00a0\u00a0\u00a0\u00a0\u00a0\u00a0\u00a0\u00a0\u00a0\u00a0\u00a0\u00a0\u00a0\u00a0\u00a0\u00a0\u00a0\u00a0\u00a0\u00a0\u00a0\u00a0\u00a0\u00a0\u00a0\u00a0\u00a0\u00a0\u00a0\u00a0\u00a0\u00a0\u00a0\u00a0\u00a0\u00a0\u00a0\u00a0\u00a0\u00a0\u00a0\u00a0\u00a0\u00a0\u00a0\u00a0\u00a0\u00a0\u00a0\u00a0\u00a0\u00a0\u00a0\u00a0\u00a0\u00a0\u00a0\u00a0\u00a0\u00a0\u00a0\u00a0\u00a0\u00a0\u00a0\u00a0\u00a0\u00a0\u00a0\u00a0\u00a0\u00a0\u00a0\u00a0\u00a0\u00a0\u00a0\u00a0\u00a0\u00a0\u00a0\u00a0\u00a0\u00a0\u00a0\u00a0\u00a0\u00a0\u00a0\u00a0\u00a0\u00a0\u00a0\u00a0\u00a0\u00a0\u00a0\u00a0\u00a0\u00a0\u00a0\u00a0\u00a0\u00a0\u00a0\u00a0 Ausstellungsdauer: 19. November 2023 &#8211; 6. Januar 2024 Magdalena Grandmontagne, Incrustation, o.T., 2020 Sidonie Bilger, Monoculture, Kohle auf Papier, 2023 \u00a0 Gallery Puzi\u0107 l\u00e4dt Sie herzlich ein zur Vernissage einer Werkschau der renommierten, in Frankreich lebenden K\u00fcnstlerin Magdalena Grandmontagne. [&hellip;]<\/p>\n","protected":false},"author":2,"featured_media":0,"parent":0,"menu_order":0,"comment_status":"closed","ping_status":"closed","template":"","meta":{"footnotes":""},"class_list":["post-2828","page","type-page","status-publish","hentry"],"_links":{"self":[{"href":"https:\/\/gallery-puzic.com\/en\/wp-json\/wp\/v2\/pages\/2828","targetHints":{"allow":["GET"]}}],"collection":[{"href":"https:\/\/gallery-puzic.com\/en\/wp-json\/wp\/v2\/pages"}],"about":[{"href":"https:\/\/gallery-puzic.com\/en\/wp-json\/wp\/v2\/types\/page"}],"author":[{"embeddable":true,"href":"https:\/\/gallery-puzic.com\/en\/wp-json\/wp\/v2\/users\/2"}],"replies":[{"embeddable":true,"href":"https:\/\/gallery-puzic.com\/en\/wp-json\/wp\/v2\/comments?post=2828"}],"version-history":[{"count":36,"href":"https:\/\/gallery-puzic.com\/en\/wp-json\/wp\/v2\/pages\/2828\/revisions"}],"predecessor-version":[{"id":3075,"href":"https:\/\/gallery-puzic.com\/en\/wp-json\/wp\/v2\/pages\/2828\/revisions\/3075"}],"wp:attachment":[{"href":"https:\/\/gallery-puzic.com\/en\/wp-json\/wp\/v2\/media?parent=2828"}],"curies":[{"name":"wp","href":"https:\/\/api.w.org\/{rel}","templated":true}]}}