{"id":2763,"date":"2023-10-19T14:25:05","date_gmt":"2023-10-19T14:25:05","guid":{"rendered":"https:\/\/gallery-puzic.com\/?page_id=2763"},"modified":"2023-10-19T15:48:25","modified_gmt":"2023-10-19T15:48:25","slug":"finissage-exploring-boundaries","status":"publish","type":"page","link":"https:\/\/gallery-puzic.com\/en\/finissage-exploring-boundaries\/","title":{"rendered":"finissage \u00abexploring boundaries\u00bb"},"content":{"rendered":"\t\t<div data-elementor-type=\"wp-page\" data-elementor-id=\"2763\" class=\"elementor elementor-2763\">\n\t\t\t\t\t\t<section class=\"elementor-section elementor-top-section elementor-element elementor-element-5b67a9b elementor-section-boxed elementor-section-height-default elementor-section-height-default\" data-id=\"5b67a9b\" data-element_type=\"section\" data-e-type=\"section\">\n\t\t\t\t\t\t<div class=\"elementor-container elementor-column-gap-default\">\n\t\t\t\t\t<div class=\"elementor-column elementor-col-100 elementor-top-column elementor-element elementor-element-d9eff76\" data-id=\"d9eff76\" data-element_type=\"column\" data-e-type=\"column\">\n\t\t\t<div class=\"elementor-widget-wrap elementor-element-populated\">\n\t\t\t\t\t\t<section class=\"elementor-section elementor-inner-section elementor-element elementor-element-cddc78a elementor-section-boxed elementor-section-height-default elementor-section-height-default\" data-id=\"cddc78a\" data-element_type=\"section\" data-e-type=\"section\">\n\t\t\t\t\t\t<div class=\"elementor-container elementor-column-gap-default\">\n\t\t\t\t\t<div class=\"elementor-column elementor-col-50 elementor-inner-column elementor-element elementor-element-5e65de9\" data-id=\"5e65de9\" data-element_type=\"column\" data-e-type=\"column\">\n\t\t\t<div class=\"elementor-widget-wrap elementor-element-populated\">\n\t\t\t\t\t\t<div class=\"elementor-element elementor-element-7f7c66e elementor-widget elementor-widget-image\" data-id=\"7f7c66e\" data-element_type=\"widget\" data-e-type=\"widget\" data-widget_type=\"image.default\">\n\t\t\t\t<div class=\"elementor-widget-container\">\n\t\t\t\t\t\t\t\t\t\t\t\t\t\t\t<img fetchpriority=\"high\" decoding=\"async\" width=\"300\" height=\"200\" src=\"https:\/\/gallery-puzic.com\/wp-content\/uploads\/2023\/09\/02-2016-300x200.jpg\" class=\"attachment-medium size-medium wp-image-2129\" alt=\"\" srcset=\"https:\/\/gallery-puzic.com\/wp-content\/uploads\/2023\/09\/02-2016-300x200.jpg 300w, https:\/\/gallery-puzic.com\/wp-content\/uploads\/2023\/09\/02-2016-1024x683.jpg 1024w, https:\/\/gallery-puzic.com\/wp-content\/uploads\/2023\/09\/02-2016-768x512.jpg 768w, https:\/\/gallery-puzic.com\/wp-content\/uploads\/2023\/09\/02-2016-1536x1024.jpg 1536w, https:\/\/gallery-puzic.com\/wp-content\/uploads\/2023\/09\/02-2016-2048x1365.jpg 2048w\" sizes=\"(max-width: 300px) 100vw, 300px\" \/>\t\t\t\t\t\t\t\t\t\t\t\t\t\t\t<\/div>\n\t\t\t\t<\/div>\n\t\t\t\t\t<\/div>\n\t\t<\/div>\n\t\t\t\t<div class=\"elementor-column elementor-col-50 elementor-inner-column elementor-element elementor-element-61df12e\" data-id=\"61df12e\" data-element_type=\"column\" data-e-type=\"column\">\n\t\t\t<div class=\"elementor-widget-wrap elementor-element-populated\">\n\t\t\t\t\t\t<div class=\"elementor-element elementor-element-2cf27b1 elementor-widget elementor-widget-image\" data-id=\"2cf27b1\" data-element_type=\"widget\" data-e-type=\"widget\" data-widget_type=\"image.default\">\n\t\t\t\t<div class=\"elementor-widget-container\">\n\t\t\t\t\t\t\t\t\t\t\t\t\t\t\t<img decoding=\"async\" width=\"194\" height=\"300\" src=\"https:\/\/gallery-puzic.com\/wp-content\/uploads\/2023\/10\/Gathering-and-distribution1-194x300.jpg\" class=\"attachment-medium size-medium wp-image-2586\" alt=\"\" srcset=\"https:\/\/gallery-puzic.com\/wp-content\/uploads\/2023\/10\/Gathering-and-distribution1-194x300.jpg 194w, https:\/\/gallery-puzic.com\/wp-content\/uploads\/2023\/10\/Gathering-and-distribution1-663x1024.jpg 663w, https:\/\/gallery-puzic.com\/wp-content\/uploads\/2023\/10\/Gathering-and-distribution1-768x1185.jpg 768w, https:\/\/gallery-puzic.com\/wp-content\/uploads\/2023\/10\/Gathering-and-distribution1-995x1536.jpg 995w, https:\/\/gallery-puzic.com\/wp-content\/uploads\/2023\/10\/Gathering-and-distribution1-1327x2048.jpg 1327w, https:\/\/gallery-puzic.com\/wp-content\/uploads\/2023\/10\/Gathering-and-distribution1-scaled.jpg 1659w\" sizes=\"(max-width: 194px) 100vw, 194px\" \/>\t\t\t\t\t\t\t\t\t\t\t\t\t\t\t<\/div>\n\t\t\t\t<\/div>\n\t\t\t\t\t<\/div>\n\t\t<\/div>\n\t\t\t\t\t<\/div>\n\t\t<\/section>\n\t\t\t\t\t<\/div>\n\t\t<\/div>\n\t\t\t\t\t<\/div>\n\t\t<\/section>\n\t\t\t\t<section class=\"elementor-section elementor-top-section elementor-element elementor-element-e151925 elementor-section-boxed elementor-section-height-default elementor-section-height-default\" data-id=\"e151925\" data-element_type=\"section\" data-e-type=\"section\">\n\t\t\t\t\t\t<div class=\"elementor-container elementor-column-gap-default\">\n\t\t\t\t\t<div class=\"elementor-column elementor-col-100 elementor-top-column elementor-element elementor-element-4401034\" data-id=\"4401034\" data-element_type=\"column\" data-e-type=\"column\">\n\t\t\t<div class=\"elementor-widget-wrap elementor-element-populated\">\n\t\t\t\t\t\t<div class=\"elementor-element elementor-element-1ac3b92 elementor-widget elementor-widget-shortcode\" data-id=\"1ac3b92\" data-element_type=\"widget\" data-e-type=\"widget\" data-widget_type=\"shortcode.default\">\n\t\t\t\t<div class=\"elementor-widget-container\">\n\t\t\t\t\t\t\t<div class=\"elementor-shortcode\"><div class=\"trp_language_switcher_shortcode\">\n<div class=\"trp-language-switcher trp-language-switcher-container\" data-no-translation >\n    <div class=\"trp-ls-shortcode-current-language\">\n        <a href=\"#\" class=\"trp-ls-shortcode-disabled-language trp-ls-disabled-language\" title=\"English\" onclick=\"event.preventDefault()\">\n\t\t\t<img decoding=\"async\" class=\"trp-flag-image\" src=\"https:\/\/gallery-puzic.com\/wp-content\/plugins\/translatepress-multilingual\/assets\/images\/flags\/en_US.png\" width=\"18\" height=\"12\" alt=\"en_US\" title=\"English\"> \t\t<\/a>\n    <\/div>\n    <div class=\"trp-ls-shortcode-language\">\n                <a href=\"#\" class=\"trp-ls-shortcode-disabled-language trp-ls-disabled-language\"  title=\"English\" onclick=\"event.preventDefault()\">\n\t\t\t<img decoding=\"async\" class=\"trp-flag-image\" src=\"https:\/\/gallery-puzic.com\/wp-content\/plugins\/translatepress-multilingual\/assets\/images\/flags\/en_US.png\" width=\"18\" height=\"12\" alt=\"en_US\" title=\"English\"> \t\t<\/a>\n                    <a href=\"https:\/\/gallery-puzic.com\/en\/wp-json\/wp\/v2\/pages\/2763#TRPLINKPROCESSED\" title=\"German\">\n            <img loading=\"lazy\" decoding=\"async\" class=\"trp-flag-image\" src=\"https:\/\/gallery-puzic.com\/wp-content\/plugins\/translatepress-multilingual\/assets\/images\/flags\/de_DE.png\" width=\"18\" height=\"12\" alt=\"de_DE\" title=\"German\">         <\/a>\n\n        <\/div>\n    <script type=\"application\/javascript\">\n        \/\/ need to have the same with set from JS on both divs. Otherwise it can push stuff around in HTML\n        var trp_ls_shortcodes = document.querySelectorAll('.trp_language_switcher_shortcode .trp-language-switcher');\n        if ( trp_ls_shortcodes.length > 0) {\n            \/\/ get the last language switcher added\n            var trp_el = trp_ls_shortcodes[trp_ls_shortcodes.length - 1];\n\n            var trp_shortcode_language_item = trp_el.querySelector( '.trp-ls-shortcode-language' )\n            \/\/ set width\n            var trp_ls_shortcode_width                                               = trp_shortcode_language_item.offsetWidth + 16;\n            trp_shortcode_language_item.style.width                                  = trp_ls_shortcode_width + 'px';\n            trp_el.querySelector( '.trp-ls-shortcode-current-language' ).style.width = trp_ls_shortcode_width + 'px';\n\n            \/\/ We're putting this on display: none after we have its width.\n            trp_shortcode_language_item.style.display = 'none';\n        }\n    <\/script>\n<\/div>\n<\/div><\/div>\n\t\t\t\t\t\t<\/div>\n\t\t\t\t<\/div>\n\t\t\t\t\t<\/div>\n\t\t<\/div>\n\t\t\t\t\t<\/div>\n\t\t<\/section>\n\t\t\t\t<section class=\"elementor-section elementor-top-section elementor-element elementor-element-1fffbb4 elementor-section-boxed elementor-section-height-default elementor-section-height-default\" data-id=\"1fffbb4\" data-element_type=\"section\" data-e-type=\"section\">\n\t\t\t\t\t\t<div class=\"elementor-container elementor-column-gap-default\">\n\t\t\t\t\t<div class=\"elementor-column elementor-col-100 elementor-top-column elementor-element elementor-element-613a002\" data-id=\"613a002\" data-element_type=\"column\" data-e-type=\"column\">\n\t\t\t<div class=\"elementor-widget-wrap elementor-element-populated\">\n\t\t\t\t\t\t<div class=\"elementor-element elementor-element-9342158 elementor-widget elementor-widget-text-editor\" data-id=\"9342158\" data-element_type=\"widget\" data-e-type=\"widget\" data-widget_type=\"text-editor.default\">\n\t\t\t\t<div class=\"elementor-widget-container\">\n\t\t\t\t\t\t\t\t\t<p>E I N L A D U N G zur Finissage<\/p><p><strong>\u201eExploring Boundaries&#8220;<\/strong><\/p><p>Sonntag, den 5. November 2023, um 14:oo Uhr<\/p><p><strong>Gallery Puzi\u0107 l\u00e4dt Sie herzlich ein zur Finissage der Ausstellung \u201eExploring Boundaries\u201c<\/strong><\/p><p><strong>mit der faszinierenden Werk-Schau von Chikako Kato (Malerei) und Andreas Hamacher (Skulpturen)<\/strong><\/p><p>Wir d\u00fcrfen Sie zudem zu einer speziellen Weinprobe mit Entrepreneur Marvin Schwarz (Weine Balthasar) begr\u00fcssen, der Sie auf seine eigene Weise f\u00fcr die vielf\u00e4ltige Thematik Wein\/Kunst und Lust auf neue Entdeckungen\u00a0begeistern wird.<\/p><p>Wir freuen uns auf Ihren Besuch.<\/p><p>Wir d\u00fcrfen bereits auf die n\u00e4chste Ausstellung hinweisen, die am Sonntag, den 19. November, um 11:oo er\u00f6ffnet wird \u2013 eine grosse Werkschau der renommierten K\u00fcnstlerin Magdalena Grandmontagne, zusammen ausgestellt mit der franz\u00f6sischen Gastk\u00fcnstlerin-in-Residenz Sidonie Bilger, unter der Schirmherrschaft des franz\u00f6sischen Generalkonsulats.<\/p><div>\u00a0<\/div><div>\u00a0<\/div>\t\t\t\t\t\t\t\t<\/div>\n\t\t\t\t<\/div>\n\t\t\t\t\t<\/div>\n\t\t<\/div>\n\t\t\t\t\t<\/div>\n\t\t<\/section>\n\t\t\t\t<\/div>\n\t\t","protected":false},"excerpt":{"rendered":"<p>E I N L A D U N G zur Finissage \u201eExploring Boundaries&#8220; Sonntag, den 5. November 2023, um 14:oo Uhr Gallery Puzi\u0107 l\u00e4dt Sie herzlich ein zur Finissage der Ausstellung \u201eExploring Boundaries\u201c mit der faszinierenden Werk-Schau von Chikako Kato (Malerei) und Andreas Hamacher (Skulpturen) Wir d\u00fcrfen Sie zudem zu einer speziellen Weinprobe mit Entrepreneur [&hellip;]<\/p>\n","protected":false},"author":2,"featured_media":0,"parent":0,"menu_order":0,"comment_status":"closed","ping_status":"closed","template":"","meta":{"footnotes":""},"class_list":["post-2763","page","type-page","status-publish","hentry"],"_links":{"self":[{"href":"https:\/\/gallery-puzic.com\/en\/wp-json\/wp\/v2\/pages\/2763","targetHints":{"allow":["GET"]}}],"collection":[{"href":"https:\/\/gallery-puzic.com\/en\/wp-json\/wp\/v2\/pages"}],"about":[{"href":"https:\/\/gallery-puzic.com\/en\/wp-json\/wp\/v2\/types\/page"}],"author":[{"embeddable":true,"href":"https:\/\/gallery-puzic.com\/en\/wp-json\/wp\/v2\/users\/2"}],"replies":[{"embeddable":true,"href":"https:\/\/gallery-puzic.com\/en\/wp-json\/wp\/v2\/comments?post=2763"}],"version-history":[{"count":19,"href":"https:\/\/gallery-puzic.com\/en\/wp-json\/wp\/v2\/pages\/2763\/revisions"}],"predecessor-version":[{"id":2789,"href":"https:\/\/gallery-puzic.com\/en\/wp-json\/wp\/v2\/pages\/2763\/revisions\/2789"}],"wp:attachment":[{"href":"https:\/\/gallery-puzic.com\/en\/wp-json\/wp\/v2\/media?parent=2763"}],"curies":[{"name":"wp","href":"https:\/\/api.w.org\/{rel}","templated":true}]}}