{"id":2718,"date":"2024-04-05T12:03:04","date_gmt":"2024-04-05T12:03:04","guid":{"rendered":"https:\/\/gallery-puzic.com\/?page_id=2718"},"modified":"2024-05-16T14:14:31","modified_gmt":"2024-05-16T14:14:31","slug":"obsession-abgelehnt","status":"publish","type":"page","link":"https:\/\/gallery-puzic.com\/en\/obsession-abgelehnt\/","title":{"rendered":"Obsession-Abgelehnt"},"content":{"rendered":"<div data-elementor-type=\"wp-page\" data-elementor-id=\"2718\" class=\"elementor elementor-2718\">\n\t\t\t\t\t\t<section class=\"elementor-section elementor-top-section elementor-element elementor-element-91195dc elementor-section-boxed elementor-section-height-default elementor-section-height-default\" data-id=\"91195dc\" data-element_type=\"section\" data-e-type=\"section\">\n\t\t\t\t\t\t<div class=\"elementor-container elementor-column-gap-default\">\n\t\t\t\t\t<div class=\"elementor-column elementor-col-100 elementor-top-column elementor-element elementor-element-0c3fc86\" data-id=\"0c3fc86\" data-element_type=\"column\" data-e-type=\"column\">\n\t\t\t<div class=\"elementor-widget-wrap elementor-element-populated\">\n\t\t\t\t\t\t<section class=\"elementor-section elementor-inner-section elementor-element elementor-element-7e70e7b elementor-section-boxed elementor-section-height-default elementor-section-height-default\" data-id=\"7e70e7b\" data-element_type=\"section\" data-e-type=\"section\">\n\t\t\t\t\t\t<div class=\"elementor-container elementor-column-gap-default\">\n\t\t\t\t\t<div class=\"elementor-column elementor-col-50 elementor-inner-column elementor-element elementor-element-ce0d299\" data-id=\"ce0d299\" data-element_type=\"column\" data-e-type=\"column\">\n\t\t\t<div class=\"elementor-widget-wrap elementor-element-populated\">\n\t\t\t\t\t\t<div class=\"elementor-element elementor-element-dfbb620 elementor-widget elementor-widget-image\" data-id=\"dfbb620\" data-element_type=\"widget\" data-e-type=\"widget\" data-widget_type=\"image.default\">\n\t\t\t\t<div class=\"elementor-widget-container\">\n\t\t\t\t\t\t\t\t\t\t\t\t<figure class=\"wp-caption\">\n\t\t\t\t\t\t\t\t\t\t<img fetchpriority=\"high\" decoding=\"async\" width=\"768\" height=\"429\" src=\"https:\/\/gallery-puzic.com\/wp-content\/uploads\/2024\/04\/Mia-Winter-Out-of-the-blue-768x429.png\" class=\"attachment-medium_large size-medium_large wp-image-3701\" alt=\"\" srcset=\"https:\/\/gallery-puzic.com\/wp-content\/uploads\/2024\/04\/Mia-Winter-Out-of-the-blue-768x429.png 768w, https:\/\/gallery-puzic.com\/wp-content\/uploads\/2024\/04\/Mia-Winter-Out-of-the-blue-300x168.png 300w, https:\/\/gallery-puzic.com\/wp-content\/uploads\/2024\/04\/Mia-Winter-Out-of-the-blue-1024x572.png 1024w, https:\/\/gallery-puzic.com\/wp-content\/uploads\/2024\/04\/Mia-Winter-Out-of-the-blue-18x10.png 18w, https:\/\/gallery-puzic.com\/wp-content\/uploads\/2024\/04\/Mia-Winter-Out-of-the-blue.png 1231w\" sizes=\"(max-width: 768px) 100vw, 768px\" \/>\t\t\t\t\t\t\t\t\t\t\t<figcaption class=\"widget-image-caption wp-caption-text\">Mia Winter, 'Out of the blue'<\/figcaption>\n\t\t\t\t\t\t\t\t\t\t<\/figure>\n\t\t\t\t\t\t\t\t\t<\/div>\n\t\t\t\t<\/div>\n\t\t\t\t\t<\/div>\n\t\t<\/div>\n\t\t\t\t<div class=\"elementor-column elementor-col-50 elementor-inner-column elementor-element elementor-element-910996e\" data-id=\"910996e\" data-element_type=\"column\" data-e-type=\"column\">\n\t\t\t<div class=\"elementor-widget-wrap elementor-element-populated\">\n\t\t\t\t\t\t<div class=\"elementor-element elementor-element-7dcf030 elementor-widget elementor-widget-image\" data-id=\"7dcf030\" data-element_type=\"widget\" data-e-type=\"widget\" data-widget_type=\"image.default\">\n\t\t\t\t<div class=\"elementor-widget-container\">\n\t\t\t\t\t\t\t\t\t\t\t\t<figure class=\"wp-caption\">\n\t\t\t\t\t\t\t\t\t\t<img decoding=\"async\" width=\"768\" height=\"526\" src=\"https:\/\/gallery-puzic.com\/wp-content\/uploads\/2024\/04\/Julius-Goedtel_Zwanghafte-Gedanken-2-768x526.png\" class=\"attachment-medium_large size-medium_large wp-image-3698\" alt=\"\" srcset=\"https:\/\/gallery-puzic.com\/wp-content\/uploads\/2024\/04\/Julius-Goedtel_Zwanghafte-Gedanken-2-768x526.png 768w, https:\/\/gallery-puzic.com\/wp-content\/uploads\/2024\/04\/Julius-Goedtel_Zwanghafte-Gedanken-2-300x205.png 300w, https:\/\/gallery-puzic.com\/wp-content\/uploads\/2024\/04\/Julius-Goedtel_Zwanghafte-Gedanken-2-1024x701.png 1024w, https:\/\/gallery-puzic.com\/wp-content\/uploads\/2024\/04\/Julius-Goedtel_Zwanghafte-Gedanken-2-1536x1052.png 1536w, https:\/\/gallery-puzic.com\/wp-content\/uploads\/2024\/04\/Julius-Goedtel_Zwanghafte-Gedanken-2-18x12.png 18w, https:\/\/gallery-puzic.com\/wp-content\/uploads\/2024\/04\/Julius-Goedtel_Zwanghafte-Gedanken-2.png 1821w\" sizes=\"(max-width: 768px) 100vw, 768px\" \/>\t\t\t\t\t\t\t\t\t\t\t<figcaption class=\"widget-image-caption wp-caption-text\">Julius G\u00f6dtel, 'Zwanghafte Gedanken'<\/figcaption>\n\t\t\t\t\t\t\t\t\t\t<\/figure>\n\t\t\t\t\t\t\t\t\t<\/div>\n\t\t\t\t<\/div>\n\t\t\t\t\t<\/div>\n\t\t<\/div>\n\t\t\t\t\t<\/div>\n\t\t<\/section>\n\t\t\t\t<div class=\"elementor-element elementor-element-6df7de5 elementor-widget elementor-widget-text-editor\" data-id=\"6df7de5\" data-element_type=\"widget\" data-e-type=\"widget\" data-widget_type=\"text-editor.default\">\n\t\t\t\t<div class=\"elementor-widget-container\">\n\t\t\t\t\t\t\t\t\t<h3 class=\"entry-title\">Obsession-Abgelehnt<\/h3><p><strong>Ausstellung von 16 K\u00fcnstler*innen des Amour Fou Kollektivs<br \/><\/strong><\/p><p><strong>\u00a0<\/strong><\/p><p><em>Vernissage: Freitag, 26.April um 19-22 Uhr <\/em><\/p><p>Pop Up Gallery Puzic<strong>\u0301, <\/strong>Mainzer Str. 23, 66111 Saarbr\u00fccken<\/p><p>\u00d6ffnungszeiten w\u00e4hrend der Dauer der Ausstellung vom 27 April bis 5. Mai<\/p><p>16:oo -21:oo Uhr<\/p><p><img decoding=\"async\" class=\"alignnone wp-image-3811\" src=\"https:\/\/gallery-puzic.com\/wp-content\/uploads\/2024\/04\/Obsessiv_024-300x200.jpg\" alt=\"\" width=\"379\" height=\"253\" srcset=\"https:\/\/gallery-puzic.com\/wp-content\/uploads\/2024\/04\/Obsessiv_024-300x200.jpg 300w, https:\/\/gallery-puzic.com\/wp-content\/uploads\/2024\/04\/Obsessiv_024-1024x683.jpg 1024w, https:\/\/gallery-puzic.com\/wp-content\/uploads\/2024\/04\/Obsessiv_024-768x512.jpg 768w, https:\/\/gallery-puzic.com\/wp-content\/uploads\/2024\/04\/Obsessiv_024-1536x1024.jpg 1536w, https:\/\/gallery-puzic.com\/wp-content\/uploads\/2024\/04\/Obsessiv_024-2048x1365.jpg 2048w, https:\/\/gallery-puzic.com\/wp-content\/uploads\/2024\/04\/Obsessiv_024-18x12.jpg 18w\" sizes=\"(max-width: 379px) 100vw, 379px\" \/><\/p><p>Obsession greift tief in den Abgrund und aus ihm heraus. Als reizendes, dynamisches und l\u00e4hmendes Begehren ist sie im Unhaltbaren verankert, wo sie mit lebhafter und auch destruktiver Kontinuit\u00e4t ihr Unwesen treibt: Eine Fixierung, die die Grenzen zwischen Realit\u00e4t und Fiktion, zwischen Freiheit und Zwang, Loslassen und Festhalten verschwimmen l\u00e4sst.\u00a0<\/p><p>Das Kollektiv Amour Fou, das sich seit etwa einem halben Jahr mit dem Ph\u00e4nomen der Obsession k\u00fcnstlerisch forschend auseinandersetzt, formierte sich aus einem Moment der Ablehnung heraus. F\u00fcr einen Wettbewerb zum selben Thema entstanden eine Vielzahl medien\u00fcbergreifender Arbeiten, Konzepte und Blickwinkel, die nicht in der Unsichtbarkeit verbleiben wollen. Aus der Passivit\u00e4t der Ablehnung entstand ein passionierter, sich unabh\u00e4ngig und wirksam machender Zusammenschluss. Die Liebe zur Kunst, zur Sammlung und zum Kollektiv treibt die Mitglieder an.\u00a0<\/p><p>Die Obsessionen werden sowohl auf individueller als auch kollektiver Ebene erforscht und beleuchtet. In ihren Arbeiten erkundet das Kollektiv Themen wie Gefangen- oder Befangenheit, reflektiert die menschliche Natur, die sich oft in wiederkehrenden Mustern und Ritualen manifestiert und inwiefern diese unsere Wahrnehmung von Zeit, Raum und Identit\u00e4t beeinflussen.<\/p><p><img loading=\"lazy\" decoding=\"async\" class=\"alignnone size-medium wp-image-3815\" src=\"https:\/\/gallery-puzic.com\/wp-content\/uploads\/2024\/04\/Obsessiv_045-300x200.jpg\" alt=\"\" width=\"300\" height=\"200\" srcset=\"https:\/\/gallery-puzic.com\/wp-content\/uploads\/2024\/04\/Obsessiv_045-300x200.jpg 300w, https:\/\/gallery-puzic.com\/wp-content\/uploads\/2024\/04\/Obsessiv_045-1024x683.jpg 1024w, https:\/\/gallery-puzic.com\/wp-content\/uploads\/2024\/04\/Obsessiv_045-768x512.jpg 768w, https:\/\/gallery-puzic.com\/wp-content\/uploads\/2024\/04\/Obsessiv_045-1536x1024.jpg 1536w, https:\/\/gallery-puzic.com\/wp-content\/uploads\/2024\/04\/Obsessiv_045-2048x1365.jpg 2048w, https:\/\/gallery-puzic.com\/wp-content\/uploads\/2024\/04\/Obsessiv_045-18x12.jpg 18w\" sizes=\"(max-width: 300px) 100vw, 300px\" \/> <img loading=\"lazy\" decoding=\"async\" class=\"alignnone size-medium wp-image-3809\" src=\"https:\/\/gallery-puzic.com\/wp-content\/uploads\/2024\/04\/Obsessiv_019-300x200.jpg\" alt=\"\" width=\"300\" height=\"200\" srcset=\"https:\/\/gallery-puzic.com\/wp-content\/uploads\/2024\/04\/Obsessiv_019-300x200.jpg 300w, https:\/\/gallery-puzic.com\/wp-content\/uploads\/2024\/04\/Obsessiv_019-1024x683.jpg 1024w, https:\/\/gallery-puzic.com\/wp-content\/uploads\/2024\/04\/Obsessiv_019-768x512.jpg 768w, https:\/\/gallery-puzic.com\/wp-content\/uploads\/2024\/04\/Obsessiv_019-1536x1024.jpg 1536w, https:\/\/gallery-puzic.com\/wp-content\/uploads\/2024\/04\/Obsessiv_019-2048x1365.jpg 2048w, https:\/\/gallery-puzic.com\/wp-content\/uploads\/2024\/04\/Obsessiv_019-18x12.jpg 18w\" sizes=\"(max-width: 300px) 100vw, 300px\" \/> <img loading=\"lazy\" decoding=\"async\" class=\"alignnone size-medium wp-image-3814\" src=\"https:\/\/gallery-puzic.com\/wp-content\/uploads\/2024\/04\/Obsessiv_038-300x200.jpg\" alt=\"\" width=\"300\" height=\"200\" srcset=\"https:\/\/gallery-puzic.com\/wp-content\/uploads\/2024\/04\/Obsessiv_038-300x200.jpg 300w, https:\/\/gallery-puzic.com\/wp-content\/uploads\/2024\/04\/Obsessiv_038-1024x683.jpg 1024w, https:\/\/gallery-puzic.com\/wp-content\/uploads\/2024\/04\/Obsessiv_038-768x512.jpg 768w, https:\/\/gallery-puzic.com\/wp-content\/uploads\/2024\/04\/Obsessiv_038-1536x1024.jpg 1536w, https:\/\/gallery-puzic.com\/wp-content\/uploads\/2024\/04\/Obsessiv_038-2048x1365.jpg 2048w, https:\/\/gallery-puzic.com\/wp-content\/uploads\/2024\/04\/Obsessiv_038-18x12.jpg 18w\" sizes=\"(max-width: 300px) 100vw, 300px\" \/> <img loading=\"lazy\" decoding=\"async\" class=\"alignnone wp-image-3810\" src=\"https:\/\/gallery-puzic.com\/wp-content\/uploads\/2024\/04\/Obsessiv_023-200x300.jpg\" alt=\"\" width=\"133\" height=\"200\" srcset=\"https:\/\/gallery-puzic.com\/wp-content\/uploads\/2024\/04\/Obsessiv_023-200x300.jpg 200w, https:\/\/gallery-puzic.com\/wp-content\/uploads\/2024\/04\/Obsessiv_023-683x1024.jpg 683w, https:\/\/gallery-puzic.com\/wp-content\/uploads\/2024\/04\/Obsessiv_023-768x1152.jpg 768w, https:\/\/gallery-puzic.com\/wp-content\/uploads\/2024\/04\/Obsessiv_023-1024x1536.jpg 1024w, https:\/\/gallery-puzic.com\/wp-content\/uploads\/2024\/04\/Obsessiv_023-1365x2048.jpg 1365w, https:\/\/gallery-puzic.com\/wp-content\/uploads\/2024\/04\/Obsessiv_023-8x12.jpg 8w, https:\/\/gallery-puzic.com\/wp-content\/uploads\/2024\/04\/Obsessiv_023-scaled.jpg 1707w\" sizes=\"(max-width: 133px) 100vw, 133px\" \/> <img loading=\"lazy\" decoding=\"async\" class=\"alignnone size-medium wp-image-3805\" src=\"https:\/\/gallery-puzic.com\/wp-content\/uploads\/2024\/04\/Obsessiv_009-300x200.jpg\" alt=\"\" width=\"300\" height=\"200\" srcset=\"https:\/\/gallery-puzic.com\/wp-content\/uploads\/2024\/04\/Obsessiv_009-300x200.jpg 300w, https:\/\/gallery-puzic.com\/wp-content\/uploads\/2024\/04\/Obsessiv_009-1024x683.jpg 1024w, https:\/\/gallery-puzic.com\/wp-content\/uploads\/2024\/04\/Obsessiv_009-768x512.jpg 768w, https:\/\/gallery-puzic.com\/wp-content\/uploads\/2024\/04\/Obsessiv_009-1536x1024.jpg 1536w, https:\/\/gallery-puzic.com\/wp-content\/uploads\/2024\/04\/Obsessiv_009-2048x1365.jpg 2048w, https:\/\/gallery-puzic.com\/wp-content\/uploads\/2024\/04\/Obsessiv_009-18x12.jpg 18w\" sizes=\"(max-width: 300px) 100vw, 300px\" \/> <img loading=\"lazy\" decoding=\"async\" class=\"alignnone size-medium wp-image-3807\" src=\"https:\/\/gallery-puzic.com\/wp-content\/uploads\/2024\/04\/Obsessiv_014-300x200.jpg\" alt=\"\" width=\"300\" height=\"200\" srcset=\"https:\/\/gallery-puzic.com\/wp-content\/uploads\/2024\/04\/Obsessiv_014-300x200.jpg 300w, https:\/\/gallery-puzic.com\/wp-content\/uploads\/2024\/04\/Obsessiv_014-1024x683.jpg 1024w, https:\/\/gallery-puzic.com\/wp-content\/uploads\/2024\/04\/Obsessiv_014-768x512.jpg 768w, https:\/\/gallery-puzic.com\/wp-content\/uploads\/2024\/04\/Obsessiv_014-1536x1024.jpg 1536w, https:\/\/gallery-puzic.com\/wp-content\/uploads\/2024\/04\/Obsessiv_014-2048x1365.jpg 2048w, https:\/\/gallery-puzic.com\/wp-content\/uploads\/2024\/04\/Obsessiv_014-18x12.jpg 18w\" sizes=\"(max-width: 300px) 100vw, 300px\" \/><\/p><p>\u00a0Die Resultate und Zwischenergebnisse des Besch\u00e4ftigungsprozesses sowie der gemeinschaftlichen Kollaboration werden vom 26.04.-05.05.2024 in der neuen Pop-up Galerie der Gallery Puzic\u0301 in der Mainzer Str. 23, 66111 zu sehen sein. Die Vernissage findet am 26.04. um 19-22 Uhr statt. Es wird Live-Performances von zwei Mitgliedern des Kollektivs geben und die DJin Dasha Vandal aus Belarus begleitet den Abend mit experimenteller Musik. Die Galerie ist vom 27.04 bis zum 05.05 t\u00e4glich von 16:00 bis 21:00 Uhr ge\u00f6ffnet. Zur Finissage am 05.05 laden wir herzlich zu einem Buffet ein, bei dem auch jeder Gast herzlich dazu eingeladen ist, etwas mitzubringen.<\/p><p>Photos from the opening night \u00a9 Joas Strecker\u00a0<\/p>\t\t\t\t\t\t\t\t<\/div>\n\t\t\t\t<\/div>\n\t\t\t\t\t<\/div>\n\t\t<\/div>\n\t\t\t\t\t<\/div>\n\t\t<\/section>\n\t\t\t\t<section class=\"elementor-section elementor-top-section elementor-element elementor-element-3887a59 elementor-section-boxed elementor-section-height-default elementor-section-height-default\" data-id=\"3887a59\" data-element_type=\"section\" data-e-type=\"section\">\n\t\t\t\t\t\t<div class=\"elementor-container elementor-column-gap-default\">\n\t\t\t\t\t<div class=\"elementor-column elementor-col-100 elementor-top-column elementor-element elementor-element-54045ba\" data-id=\"54045ba\" data-element_type=\"column\" data-e-type=\"column\">\n\t\t\t<div class=\"elementor-widget-wrap elementor-element-populated\">\n\t\t\t\t\t\t<div class=\"elementor-element elementor-element-56a240b elementor-widget elementor-widget-spacer\" data-id=\"56a240b\" data-element_type=\"widget\" data-e-type=\"widget\" data-widget_type=\"spacer.default\">\n\t\t\t\t<div class=\"elementor-widget-container\">\n\t\t\t\t\t\t\t<div class=\"elementor-spacer\">\n\t\t\t<div class=\"elementor-spacer-inner\"><\/div>\n\t\t<\/div>\n\t\t\t\t\t\t<\/div>\n\t\t\t\t<\/div>\n\t\t\t\t\t<\/div>\n\t\t<\/div>\n\t\t\t\t\t<\/div>\n\t\t<\/section>\n\t\t\t\t<\/div>","protected":false},"excerpt":{"rendered":"<p>Mia Winter, &#8218;Out of the blue&#8216; Julius G\u00f6dtel, &#8218;Zwanghafte Gedanken&#8216; Obsession-Abgelehnt Ausstellung von 16 K\u00fcnstler*innen des Amour Fou Kollektivs \u00a0 Vernissage: Freitag, 26.April um 19-22 Uhr Pop Up Gallery Puzic\u0301, Mainzer Str. 23, 66111 Saarbr\u00fccken \u00d6ffnungszeiten w\u00e4hrend der Dauer der Ausstellung vom 27 April bis 5. Mai 16:oo -21:oo Uhr Obsession greift tief in den [&hellip;]<\/p>\n","protected":false},"author":2,"featured_media":0,"parent":0,"menu_order":0,"comment_status":"closed","ping_status":"closed","template":"","meta":{"footnotes":""},"class_list":["post-2718","page","type-page","status-publish","hentry"],"_links":{"self":[{"href":"https:\/\/gallery-puzic.com\/en\/wp-json\/wp\/v2\/pages\/2718","targetHints":{"allow":["GET"]}}],"collection":[{"href":"https:\/\/gallery-puzic.com\/en\/wp-json\/wp\/v2\/pages"}],"about":[{"href":"https:\/\/gallery-puzic.com\/en\/wp-json\/wp\/v2\/types\/page"}],"author":[{"embeddable":true,"href":"https:\/\/gallery-puzic.com\/en\/wp-json\/wp\/v2\/users\/2"}],"replies":[{"embeddable":true,"href":"https:\/\/gallery-puzic.com\/en\/wp-json\/wp\/v2\/comments?post=2718"}],"version-history":[{"count":34,"href":"https:\/\/gallery-puzic.com\/en\/wp-json\/wp\/v2\/pages\/2718\/revisions"}],"predecessor-version":[{"id":3937,"href":"https:\/\/gallery-puzic.com\/en\/wp-json\/wp\/v2\/pages\/2718\/revisions\/3937"}],"wp:attachment":[{"href":"https:\/\/gallery-puzic.com\/en\/wp-json\/wp\/v2\/media?parent=2718"}],"curies":[{"name":"wp","href":"https:\/\/api.w.org\/{rel}","templated":true}]}}