{"id":264,"date":"2022-08-18T08:35:56","date_gmt":"2022-08-18T08:35:56","guid":{"rendered":"https:\/\/gallery-puzic.com\/?page_id=264"},"modified":"2022-10-22T14:52:41","modified_gmt":"2022-10-22T14:52:41","slug":"art-leasing","status":"publish","type":"page","link":"https:\/\/gallery-puzic.com\/en\/art-leasing\/","title":{"rendered":"ART LEASING"},"content":{"rendered":"\n<p>ART LEASING erfreut sich zunehmender Beliebtheit in Unternehmen. Das attraktive Modell erm\u00f6glicht vielf\u00e4ltigen Zugang zu Werken anerkannter K\u00fcnstler*innen.<\/p>\n\n\n\n<div style=\"height:80px\" aria-hidden=\"true\" class=\"wp-block-spacer\"><\/div>\n\n\n\n<div class=\"wp-block-media-text alignwide is-stacked-on-mobile\" style=\"grid-template-columns:27% auto\"><figure class=\"wp-block-media-text__media\"><img fetchpriority=\"high\" decoding=\"async\" width=\"1024\" height=\"1024\" src=\"https:\/\/gallery-puzic.com\/wp-content\/uploads\/2022\/08\/Puzic-10-1024x1024.png\" alt=\"\" class=\"wp-image-204 size-full\" srcset=\"https:\/\/gallery-puzic.com\/wp-content\/uploads\/2022\/08\/Puzic-10-1024x1024.png 1024w, https:\/\/gallery-puzic.com\/wp-content\/uploads\/2022\/08\/Puzic-10-300x300.png 300w, https:\/\/gallery-puzic.com\/wp-content\/uploads\/2022\/08\/Puzic-10-150x150.png 150w, https:\/\/gallery-puzic.com\/wp-content\/uploads\/2022\/08\/Puzic-10-768x768.png 768w, https:\/\/gallery-puzic.com\/wp-content\/uploads\/2022\/08\/Puzic-10.png 1200w\" sizes=\"(max-width: 1024px) 100vw, 1024px\" \/><\/figure><div class=\"wp-block-media-text__content\">\n<p>Mit unserem attraktiven ART LEASING Programm bieten wir Ihnen die besondere M\u00f6glichkeit eine einzigartige Atmosph\u00e4re in ihren B\u00fcror\u00e4umen zu schaffen. Die Werke f\u00f6rdern den substantiellen Austausch unter Kollegen. Als Ausl\u00f6ser von Inspiration, Emotion und Kommunikation dienen die Werke einer einzigartigen Unternehmenskultur und sorgen f\u00fcr eine Politur der \u00f6ffentlichen Wahrnehmung.<\/p>\n<\/div><\/div>\n\n\n\n<div style=\"height:80px\" aria-hidden=\"true\" class=\"wp-block-spacer\"><\/div>\n\n\n\n<h4 class=\"wp-block-heading\">Moderne B\u00fcroeinrichtung<\/h4>\n\n\n\n<p>Wir statten ihr Unternehmen mit hochwertiger Kunst aus.                                     Bitte senden Sie uns hier ihre Anfrage:<\/p>\n\n\n\n<div class=\"wp-block-columns alignwide is-layout-flex wp-container-core-columns-is-layout-28f84493 wp-block-columns-is-layout-flex\">\n<div class=\"wp-block-column is-layout-flow wp-block-column-is-layout-flow\">\n<div style=\"height:55px\" aria-hidden=\"true\" class=\"wp-block-spacer\"><\/div>\n\n\n\n<\/div>\n\n\n\n<div class=\"wp-block-column is-layout-flow wp-block-column-is-layout-flow\"><div class=\"wpforms-container wpforms-container-full\" id=\"wpforms-267\"><form id=\"wpforms-form-267\" class=\"wpforms-validate wpforms-form wpforms-ajax-form\" data-formid=\"267\" method=\"post\" enctype=\"multipart\/form-data\" action=\"\/en\/wp-json\/wp\/v2\/pages\/264\" data-token=\"c45e6b6697a554157712da54b148fd21\" data-token-time=\"1776288253\"><noscript class=\"wpforms-error-noscript\">Please enable JavaScript in your browser to complete this form.<\/noscript><div class=\"wpforms-field-container\"><div id=\"wpforms-267-field_3-container\" class=\"wpforms-field wpforms-field-name\" data-field-id=\"3\"><label class=\"wpforms-field-label\" for=\"wpforms-267-field_3\">Unternehmen <span class=\"wpforms-required-label\">*<\/span><\/label><input type=\"text\" id=\"wpforms-267-field_3\" class=\"wpforms-field-medium wpforms-field-required\" name=\"wpforms[fields][3]\" required><\/div><div id=\"wpforms-267-field_0-container\" class=\"wpforms-field wpforms-field-name\" data-field-id=\"0\"><label class=\"wpforms-field-label\">Kontakt <span class=\"wpforms-required-label\">*<\/span><\/label><div class=\"wpforms-field-row wpforms-field-medium\"><div class=\"wpforms-field-row-block wpforms-first wpforms-one-half\"><input type=\"text\" id=\"wpforms-267-field_0\" class=\"wpforms-field-name-first wpforms-field-required\" name=\"wpforms[fields][0][first]\" required><label for=\"wpforms-267-field_0\" class=\"wpforms-field-sublabel after\">First<\/label><\/div><div class=\"wpforms-field-row-block wpforms-one-half\"><input type=\"text\" id=\"wpforms-267-field_0-last\" class=\"wpforms-field-name-last wpforms-field-required\" name=\"wpforms[fields][0][last]\" required><label for=\"wpforms-267-field_0-last\" class=\"wpforms-field-sublabel after\">Last<\/label><\/div><\/div><\/div><div id=\"wpforms-267-field_5-container\" class=\"wpforms-field wpforms-field-text\" data-field-id=\"5\"><label class=\"wpforms-field-label\" for=\"wpforms-267-field_5\">Telefon <span class=\"wpforms-required-label\">*<\/span><\/label><input type=\"text\" id=\"wpforms-267-field_5\" class=\"wpforms-field-medium wpforms-field-required wpforms-limit-characters-enabled\" data-form-id=\"267\" data-field-id=\"5\" data-text-limit=\"14\" name=\"wpforms[fields][5]\" maxlength=\"14\" required><\/div><div id=\"wpforms-267-field_1-container\" class=\"wpforms-field wpforms-field-email\" data-field-id=\"1\"><label class=\"wpforms-field-label\" for=\"wpforms-267-field_1\">E-Mail <span class=\"wpforms-required-label\">*<\/span><\/label><input type=\"email\" id=\"wpforms-267-field_1\" class=\"wpforms-field-medium wpforms-field-required\" name=\"wpforms[fields][1]\" spellcheck=\"false\" required><\/div><\/div><!-- .wpforms-field-container --><div class=\"wpforms-submit-container\" ><input type=\"hidden\" name=\"wpforms[id]\" value=\"267\"><input type=\"hidden\" name=\"page_title\" value=\"\"><input type=\"hidden\" name=\"page_url\" value=\"https:\/\/gallery-puzic.com\/en\/wp-json\/wp\/v2\/pages\/264\"><input type=\"hidden\" name=\"url_referer\" value=\"\"><button type=\"submit\" name=\"wpforms[submit]\" id=\"wpforms-submit-267\" class=\"wpforms-submit\" data-alt-text=\"Senden\u2026\" data-submit-text=\"Absenden\" aria-live=\"assertive\" value=\"wpforms-submit\">Absenden<\/button><img decoding=\"async\" src=\"https:\/\/gallery-puzic.com\/wp-content\/plugins\/wpforms-lite\/assets\/images\/submit-spin.svg\" class=\"wpforms-submit-spinner\" style=\"display: none;\" width=\"26\" height=\"26\" alt=\"Loading\"><\/div><\/form><\/div>  <!-- .wpforms-container -->\n<\/div>\n<\/div>\n\n\n\n<div style=\"height:80px\" aria-hidden=\"true\" class=\"wp-block-spacer\"><\/div>\n\n\n\n<h4 class=\"wp-block-heading\">Ihre Vorteile auf einen Blick<\/h4>\n\n\n\n<div class=\"wp-block-columns is-layout-flex wp-container-core-columns-is-layout-28f84493 wp-block-columns-is-layout-flex\">\n<div class=\"wp-block-column has-background is-layout-flow wp-block-column-is-layout-flow\" style=\"background-color:#e4e4e4\">\n<p style=\"padding: 20px;\">Unsere Werke sind: <br> <ul><li>Kommunikationsstiftend<\/li><li>Inspirationsstiftend<\/li><li>Arbeitsplatzbelebend<\/li><li>steuerlich absetzbar<\/li><\/ul><\/p>\n<\/div>\n<\/div>\n\n\n\n<div style=\"height:46px\" aria-hidden=\"true\" class=\"wp-block-spacer\"><\/div>\n\n\n\n<h4 class=\"wp-block-heading\">Wir sind f\u00fcr Sie da<\/h4>\n\n\n\n<p>Wir unterst\u00fctzen Sie professionell in enger Zusammenarbeit bei ihrem Vorhaben.<br>Beratend stehen wir Ihnen bei der Auswahl und Platzierung der Werke zur Seite.<\/p>\n\n\n\n<div style=\"height:80px\" aria-hidden=\"true\" class=\"wp-block-spacer\"><\/div>\n\n\n\n<div class=\"wp-block-columns is-layout-flex wp-container-core-columns-is-layout-28f84493 wp-block-columns-is-layout-flex\">\n<div class=\"wp-block-column is-layout-flow wp-block-column-is-layout-flow\">\n<\/div>\n<\/div>\n","protected":false},"excerpt":{"rendered":"<p>ART LEASING erfreut sich zunehmender Beliebtheit in Unternehmen. Das attraktive Modell erm\u00f6glicht vielf\u00e4ltigen Zugang zu Werken anerkannter K\u00fcnstler*innen. Mit unserem attraktiven ART LEASING Programm bieten wir Ihnen die besondere M\u00f6glichkeit eine einzigartige Atmosph\u00e4re in ihren B\u00fcror\u00e4umen zu schaffen. Die Werke f\u00f6rdern den substantiellen Austausch unter Kollegen. Als Ausl\u00f6ser von Inspiration, Emotion und Kommunikation dienen die [&hellip;]<\/p>\n","protected":false},"author":1,"featured_media":0,"parent":0,"menu_order":0,"comment_status":"closed","ping_status":"closed","template":"","meta":{"footnotes":""},"class_list":["post-264","page","type-page","status-publish","hentry"],"_links":{"self":[{"href":"https:\/\/gallery-puzic.com\/en\/wp-json\/wp\/v2\/pages\/264","targetHints":{"allow":["GET"]}}],"collection":[{"href":"https:\/\/gallery-puzic.com\/en\/wp-json\/wp\/v2\/pages"}],"about":[{"href":"https:\/\/gallery-puzic.com\/en\/wp-json\/wp\/v2\/types\/page"}],"author":[{"embeddable":true,"href":"https:\/\/gallery-puzic.com\/en\/wp-json\/wp\/v2\/users\/1"}],"replies":[{"embeddable":true,"href":"https:\/\/gallery-puzic.com\/en\/wp-json\/wp\/v2\/comments?post=264"}],"version-history":[{"count":11,"href":"https:\/\/gallery-puzic.com\/en\/wp-json\/wp\/v2\/pages\/264\/revisions"}],"predecessor-version":[{"id":444,"href":"https:\/\/gallery-puzic.com\/en\/wp-json\/wp\/v2\/pages\/264\/revisions\/444"}],"wp:attachment":[{"href":"https:\/\/gallery-puzic.com\/en\/wp-json\/wp\/v2\/media?parent=264"}],"curies":[{"name":"wp","href":"https:\/\/api.w.org\/{rel}","templated":true}]}}