{"id":2345,"date":"2023-10-05T12:17:34","date_gmt":"2023-10-05T12:17:34","guid":{"rendered":"https:\/\/gallery-puzic.com\/?page_id=2345"},"modified":"2023-10-16T10:55:58","modified_gmt":"2023-10-16T10:55:58","slug":"kammerkonzert","status":"publish","type":"page","link":"https:\/\/gallery-puzic.com\/en\/kammerkonzert\/","title":{"rendered":"Kammerkonzert"},"content":{"rendered":"<div data-elementor-type=\"wp-page\" data-elementor-id=\"2345\" class=\"elementor elementor-2345\">\n\t\t\t\t\t\t<section class=\"elementor-section elementor-top-section elementor-element elementor-element-8cd300c elementor-section-boxed elementor-section-height-default elementor-section-height-default\" data-id=\"8cd300c\" data-element_type=\"section\" data-e-type=\"section\">\n\t\t\t\t\t\t<div class=\"elementor-container elementor-column-gap-default\">\n\t\t\t\t\t<div class=\"elementor-column elementor-col-100 elementor-top-column elementor-element elementor-element-d5516de\" data-id=\"d5516de\" data-element_type=\"column\" data-e-type=\"column\">\n\t\t\t<div class=\"elementor-widget-wrap elementor-element-populated\">\n\t\t\t\t\t\t<div class=\"elementor-element elementor-element-387325e elementor-widget elementor-widget-image\" data-id=\"387325e\" data-element_type=\"widget\" data-e-type=\"widget\" data-widget_type=\"image.default\">\n\t\t\t\t<div class=\"elementor-widget-container\">\n\t\t\t\t\t\t\t\t\t\t\t\t<figure class=\"wp-caption\">\n\t\t\t\t\t\t\t\t\t\t<img fetchpriority=\"high\" decoding=\"async\" width=\"768\" height=\"440\" src=\"https:\/\/gallery-puzic.com\/wp-content\/uploads\/2023\/10\/kammerkonzert-768x440.jpeg\" class=\"attachment-medium_large size-medium_large wp-image-2499\" alt=\"\" srcset=\"https:\/\/gallery-puzic.com\/wp-content\/uploads\/2023\/10\/kammerkonzert-768x440.jpeg 768w, https:\/\/gallery-puzic.com\/wp-content\/uploads\/2023\/10\/kammerkonzert-300x172.jpeg 300w, https:\/\/gallery-puzic.com\/wp-content\/uploads\/2023\/10\/kammerkonzert-1024x587.jpeg 1024w, https:\/\/gallery-puzic.com\/wp-content\/uploads\/2023\/10\/kammerkonzert-1536x881.jpeg 1536w, https:\/\/gallery-puzic.com\/wp-content\/uploads\/2023\/10\/kammerkonzert-2048x1174.jpeg 2048w\" sizes=\"(max-width: 768px) 100vw, 768px\" \/>\t\t\t\t\t\t\t\t\t\t\t<figcaption class=\"widget-image-caption wp-caption-text\"> Max-Bruch Trio performs G. Raphaels Trio op.70. Festsaal Rathaus St. Johann, Saarbr\u00fccken, 2. Oktober 2023.  Video still: J. Birringer<\/figcaption>\n\t\t\t\t\t\t\t\t\t\t<\/figure>\n\t\t\t\t\t\t\t\t\t<\/div>\n\t\t\t\t<\/div>\n\t\t\t\t\t<\/div>\n\t\t<\/div>\n\t\t\t\t\t<\/div>\n\t\t<\/section>\n\t\t\t\t<section class=\"elementor-section elementor-top-section elementor-element elementor-element-4796095 elementor-section-boxed elementor-section-height-default elementor-section-height-default\" data-id=\"4796095\" data-element_type=\"section\" data-e-type=\"section\">\n\t\t\t\t\t\t<div class=\"elementor-container elementor-column-gap-default\">\n\t\t\t\t\t<div class=\"elementor-column elementor-col-100 elementor-top-column elementor-element elementor-element-ffe6029\" data-id=\"ffe6029\" data-element_type=\"column\" data-e-type=\"column\">\n\t\t\t<div class=\"elementor-widget-wrap elementor-element-populated\">\n\t\t\t\t\t\t<div class=\"elementor-element elementor-element-60a3595 elementor-widget elementor-widget-text-editor\" data-id=\"60a3595\" data-element_type=\"widget\" data-e-type=\"widget\" data-widget_type=\"text-editor.default\">\n\t\t\t\t<div class=\"elementor-widget-container\">\n\t\t\t\t\t\t\t\t\t<p>2. Oktober 2023<\/p><p>19:30 Uhr\u00a0 Festsaal Rathaus St. Johann,\u00a0 66111 Saarbr\u00fccken<\/p><p><b>Max-Bruch-Trio<\/b><\/p><p><b>Werke u.a. von Robert Kahn und G\u00fcnter Raphael<\/b><\/p><p><b>\u00a0<\/b><\/p><p>Ein Kurzfilm von Johannes Birringer zur Auff\u00fchrung von G\u00fcnter Raphaels Trio op. 70 ist hier zu sehen:\u00a0<\/p><p><strong><a href=\"https:\/\/youtu.be\/vBJ2dlzBnDE\">Film<\/a><\/strong><\/p><p>Den kurzen Essay \u00abRaphael Halluzinationen\u00bb finden Sie hier (unten)<\/p><p>Das Max-Bruch Trio gestaltete das grosse drei-t\u00e4tige ReVernissage Festival (13.-15. Juni) zur Er\u00f6ffnung der Ausstellung &#8222;Im Osten nicht Neues&#8220; und ist mit der k\u00fcnstlerischen Zielsetzung der Gallery Puzic\u0301 assoziiert.<\/p>\t\t\t\t\t\t\t\t<\/div>\n\t\t\t\t<\/div>\n\t\t\t\t\t<\/div>\n\t\t<\/div>\n\t\t\t\t\t<\/div>\n\t\t<\/section>\n\t\t\t\t<section class=\"elementor-section elementor-top-section elementor-element elementor-element-2839c70 elementor-hidden-mobile elementor-section-boxed elementor-section-height-default elementor-section-height-default\" data-id=\"2839c70\" data-element_type=\"section\" data-e-type=\"section\">\n\t\t\t\t\t\t<div class=\"elementor-container elementor-column-gap-default\">\n\t\t\t\t\t<div class=\"elementor-column elementor-col-100 elementor-top-column elementor-element elementor-element-fece31a\" data-id=\"fece31a\" data-element_type=\"column\" data-e-type=\"column\">\n\t\t\t<div class=\"elementor-widget-wrap elementor-element-populated\">\n\t\t\t\t\t\t<div class=\"elementor-element elementor-element-15e7673 elementor-widget elementor-widget-shortcode\" data-id=\"15e7673\" data-element_type=\"widget\" data-e-type=\"widget\" data-widget_type=\"shortcode.default\">\n\t\t\t\t<div class=\"elementor-widget-container\">\n\t\t\t\t\t\t\t<div class=\"elementor-shortcode\"> <div class=\"_df_book df-lite\" id=\"df_2660\"  _slug=\"raphael-halluzinationen\" data-title=\"raphael-halluzinationen\" wpoptions=\"true\" thumb=\"https:\/\/gallery-puzic.com\/wp-content\/uploads\/2023\/10\/kammerkonzert-scaled.jpeg\" thumbtype=\"\" ><\/div><script class=\"df-shortcode-script\" nowprocket type=\"application\/javascript\">window.option_df_2660 = {\"outline\":[],\"backgroundColor\":\"#ffffff\",\"autoEnableOutline\":\"false\",\"autoEnableThumbnail\":\"false\",\"overwritePDFOutline\":\"false\",\"enableDownload\":\"true\",\"direction\":\"1\",\"pageSize\":\"0\",\"pageMode\":\"2\",\"controlsPosition\":\"top\",\"maxTextureSize\":\"2048\",\"autoPlay\":\"false\",\"autoPlayStart\":\"false\",\"source\":\"https:\\\/\\\/gallery-puzic.com\\\/wp-content\\\/uploads\\\/2023\\\/10\\\/Raphael-Halluzinationen.pdf\",\"wpOptions\":\"true\"}; if(window.DFLIP && window.DFLIP.parseBooks){window.DFLIP.parseBooks();}<\/script> <\/div>\n\t\t\t\t\t\t<\/div>\n\t\t\t\t<\/div>\n\t\t\t\t\t<\/div>\n\t\t<\/div>\n\t\t\t\t\t<\/div>\n\t\t<\/section>\n\t\t\t\t<section class=\"elementor-section elementor-top-section elementor-element elementor-element-6ed4310 elementor-hidden-desktop elementor-hidden-tablet elementor-section-boxed elementor-section-height-default elementor-section-height-default\" data-id=\"6ed4310\" data-element_type=\"section\" data-e-type=\"section\">\n\t\t\t\t\t\t<div class=\"elementor-container elementor-column-gap-default\">\n\t\t\t\t\t<div class=\"elementor-column elementor-col-100 elementor-top-column elementor-element elementor-element-f2e9a6e\" data-id=\"f2e9a6e\" data-element_type=\"column\" data-e-type=\"column\">\n\t\t\t<div class=\"elementor-widget-wrap elementor-element-populated\">\n\t\t\t\t\t\t<div class=\"elementor-element elementor-element-f90618c elementor-widget elementor-widget-shortcode\" data-id=\"f90618c\" data-element_type=\"widget\" data-e-type=\"widget\" data-widget_type=\"shortcode.default\">\n\t\t\t\t<div class=\"elementor-widget-container\">\n\t\t\t\t\t\t\t<div class=\"elementor-shortcode\"> <div class=\"_df_book df-lite\" id=\"df_2674\"  _slug=\"raphael-halluzinationen-phone\" data-title=\"raphael-halluzinationen-phone\" wpoptions=\"true\" thumbtype=\"\" ><\/div><script class=\"df-shortcode-script\" nowprocket type=\"application\/javascript\">window.option_df_2674 = {\"outline\":[],\"backgroundColor\":\"#ffffff\",\"autoEnableOutline\":\"false\",\"autoEnableThumbnail\":\"false\",\"overwritePDFOutline\":\"false\",\"direction\":\"1\",\"pageSize\":\"0\",\"pageMode\":\"1\",\"source\":\"https:\\\/\\\/gallery-puzic.com\\\/wp-content\\\/uploads\\\/2023\\\/10\\\/Raphael-Halluzinationen.pdf\",\"wpOptions\":\"true\"}; if(window.DFLIP && window.DFLIP.parseBooks){window.DFLIP.parseBooks();}<\/script> <\/div>\n\t\t\t\t\t\t<\/div>\n\t\t\t\t<\/div>\n\t\t\t\t\t<\/div>\n\t\t<\/div>\n\t\t\t\t\t<\/div>\n\t\t<\/section>\n\t\t\t\t<section class=\"elementor-section elementor-top-section elementor-element elementor-element-abe34d6 elementor-section-boxed elementor-section-height-default elementor-section-height-default\" data-id=\"abe34d6\" data-element_type=\"section\" data-e-type=\"section\">\n\t\t\t\t\t\t<div class=\"elementor-container elementor-column-gap-default\">\n\t\t\t\t\t<div class=\"elementor-column elementor-col-100 elementor-top-column elementor-element elementor-element-6b6a44a\" data-id=\"6b6a44a\" data-element_type=\"column\" data-e-type=\"column\">\n\t\t\t<div class=\"elementor-widget-wrap elementor-element-populated\">\n\t\t\t\t\t\t<div class=\"elementor-element elementor-element-fb2998b elementor-widget elementor-widget-text-editor\" data-id=\"fb2998b\" data-element_type=\"widget\" data-e-type=\"widget\" data-widget_type=\"text-editor.default\">\n\t\t\t\t<div class=\"elementor-widget-container\">\n\t\t\t\t\t\t\t\t\t<p><a href=\"https:\/\/gallery-puzic.com\/wp-content\/uploads\/2023\/10\/Raphael-Halluzinationen.pdf\">\u00abRaphael Halluzinationen\u00bb<\/a><\/p><p>Mit Klick auf den Titel den Essay herunterladen \/ click the link to download the essay<\/p>\t\t\t\t\t\t\t\t<\/div>\n\t\t\t\t<\/div>\n\t\t\t\t\t<\/div>\n\t\t<\/div>\n\t\t\t\t\t<\/div>\n\t\t<\/section>\n\t\t\t\t<\/div>","protected":false},"excerpt":{"rendered":"<p>Max-Bruch Trio performs G. Raphaels Trio op.70. Festsaal Rathaus St. Johann, Saarbr\u00fccken, 2. Oktober 2023. Video still: J. Birringer 2. Oktober 2023 19:30 Uhr\u00a0 Festsaal Rathaus St. Johann,\u00a0 66111 Saarbr\u00fccken Max-Bruch-Trio Werke u.a. von Robert Kahn und G\u00fcnter Raphael \u00a0 Ein Kurzfilm von Johannes Birringer zur Auff\u00fchrung von G\u00fcnter Raphaels Trio op. 70 ist hier [&hellip;]<\/p>\n","protected":false},"author":2,"featured_media":0,"parent":0,"menu_order":0,"comment_status":"closed","ping_status":"closed","template":"","meta":{"footnotes":""},"class_list":["post-2345","page","type-page","status-publish","hentry"],"_links":{"self":[{"href":"https:\/\/gallery-puzic.com\/en\/wp-json\/wp\/v2\/pages\/2345","targetHints":{"allow":["GET"]}}],"collection":[{"href":"https:\/\/gallery-puzic.com\/en\/wp-json\/wp\/v2\/pages"}],"about":[{"href":"https:\/\/gallery-puzic.com\/en\/wp-json\/wp\/v2\/types\/page"}],"author":[{"embeddable":true,"href":"https:\/\/gallery-puzic.com\/en\/wp-json\/wp\/v2\/users\/2"}],"replies":[{"embeddable":true,"href":"https:\/\/gallery-puzic.com\/en\/wp-json\/wp\/v2\/comments?post=2345"}],"version-history":[{"count":70,"href":"https:\/\/gallery-puzic.com\/en\/wp-json\/wp\/v2\/pages\/2345\/revisions"}],"predecessor-version":[{"id":2753,"href":"https:\/\/gallery-puzic.com\/en\/wp-json\/wp\/v2\/pages\/2345\/revisions\/2753"}],"wp:attachment":[{"href":"https:\/\/gallery-puzic.com\/en\/wp-json\/wp\/v2\/media?parent=2345"}],"curies":[{"name":"wp","href":"https:\/\/api.w.org\/{rel}","templated":true}]}}