{"id":1484,"date":"2023-07-16T15:50:25","date_gmt":"2023-07-16T15:50:25","guid":{"rendered":"https:\/\/gallery-puzic.com\/?page_id=1484"},"modified":"2023-09-05T06:33:54","modified_gmt":"2023-09-05T06:33:54","slug":"abend-der-offenen-tuer","status":"publish","type":"page","link":"https:\/\/gallery-puzic.com\/en\/abend-der-offenen-tuer\/","title":{"rendered":"\u00abSecret Night\u00bb"},"content":{"rendered":"<p> <img fetchpriority=\"high\" decoding=\"async\" width=\"270\" height=\"203\" class=\"wp-image-1513\" style=\"width: 270px;\" src=\"https:\/\/gallery-puzic.com\/wp-content\/uploads\/2023\/08\/Loos-und-Sturm-scaled.jpg\" alt=\"\" srcset=\"https:\/\/gallery-puzic.com\/wp-content\/uploads\/2023\/08\/Loos-und-Sturm-scaled.jpg 2560w, https:\/\/gallery-puzic.com\/wp-content\/uploads\/2023\/08\/Loos-und-Sturm-300x225.jpg 300w, https:\/\/gallery-puzic.com\/wp-content\/uploads\/2023\/08\/Loos-und-Sturm-1024x768.jpg 1024w, https:\/\/gallery-puzic.com\/wp-content\/uploads\/2023\/08\/Loos-und-Sturm-768x576.jpg 768w, https:\/\/gallery-puzic.com\/wp-content\/uploads\/2023\/08\/Loos-und-Sturm-1536x1152.jpg 1536w, https:\/\/gallery-puzic.com\/wp-content\/uploads\/2023\/08\/Loos-und-Sturm-2048x1536.jpg 2048w\" sizes=\"(max-width: 270px) 100vw, 270px\" \/> <img decoding=\"async\" width=\"270\" height=\"203\" class=\"wp-image-1510\" style=\"width: 270px;\" src=\"https:\/\/gallery-puzic.com\/wp-content\/uploads\/2023\/08\/Raum-1-Mailaender-Munz-scaled.jpg\" alt=\"\" srcset=\"https:\/\/gallery-puzic.com\/wp-content\/uploads\/2023\/08\/Raum-1-Mailaender-Munz-scaled.jpg 2560w, https:\/\/gallery-puzic.com\/wp-content\/uploads\/2023\/08\/Raum-1-Mailaender-Munz-300x225.jpg 300w, https:\/\/gallery-puzic.com\/wp-content\/uploads\/2023\/08\/Raum-1-Mailaender-Munz-1024x768.jpg 1024w, https:\/\/gallery-puzic.com\/wp-content\/uploads\/2023\/08\/Raum-1-Mailaender-Munz-768x576.jpg 768w, https:\/\/gallery-puzic.com\/wp-content\/uploads\/2023\/08\/Raum-1-Mailaender-Munz-1536x1152.jpg 1536w, https:\/\/gallery-puzic.com\/wp-content\/uploads\/2023\/08\/Raum-1-Mailaender-Munz-2048x1536.jpg 2048w\" sizes=\"(max-width: 270px) 100vw, 270px\" \/><\/p>\n\n\n\n<p> <img decoding=\"async\" width=\"270\" height=\"203\" class=\"wp-image-1512\" style=\"width: 270px;\" src=\"https:\/\/gallery-puzic.com\/wp-content\/uploads\/2023\/08\/Munz-Landscapes-scaled.jpg\" alt=\"\" srcset=\"https:\/\/gallery-puzic.com\/wp-content\/uploads\/2023\/08\/Munz-Landscapes-scaled.jpg 2560w, https:\/\/gallery-puzic.com\/wp-content\/uploads\/2023\/08\/Munz-Landscapes-300x225.jpg 300w, https:\/\/gallery-puzic.com\/wp-content\/uploads\/2023\/08\/Munz-Landscapes-1024x768.jpg 1024w, https:\/\/gallery-puzic.com\/wp-content\/uploads\/2023\/08\/Munz-Landscapes-768x576.jpg 768w, https:\/\/gallery-puzic.com\/wp-content\/uploads\/2023\/08\/Munz-Landscapes-1536x1152.jpg 1536w, https:\/\/gallery-puzic.com\/wp-content\/uploads\/2023\/08\/Munz-Landscapes-2048x1536.jpg 2048w\" sizes=\"(max-width: 270px) 100vw, 270px\" \/> <img loading=\"lazy\" decoding=\"async\" width=\"270\" height=\"203\" class=\"wp-image-1511\" style=\"width: 270px;\" src=\"https:\/\/gallery-puzic.com\/wp-content\/uploads\/2023\/08\/Mailaender-und-Broesskamp-scaled.jpg\" alt=\"\" srcset=\"https:\/\/gallery-puzic.com\/wp-content\/uploads\/2023\/08\/Mailaender-und-Broesskamp-scaled.jpg 2560w, https:\/\/gallery-puzic.com\/wp-content\/uploads\/2023\/08\/Mailaender-und-Broesskamp-300x225.jpg 300w, https:\/\/gallery-puzic.com\/wp-content\/uploads\/2023\/08\/Mailaender-und-Broesskamp-1024x768.jpg 1024w, https:\/\/gallery-puzic.com\/wp-content\/uploads\/2023\/08\/Mailaender-und-Broesskamp-768x576.jpg 768w, https:\/\/gallery-puzic.com\/wp-content\/uploads\/2023\/08\/Mailaender-und-Broesskamp-1536x1152.jpg 1536w, https:\/\/gallery-puzic.com\/wp-content\/uploads\/2023\/08\/Mailaender-und-Broesskamp-2048x1536.jpg 2048w\" sizes=\"(max-width: 270px) 100vw, 270px\" \/><\/p>\n\n\n\n<p class=\"has-vivid-red-color has-text-color\"><strong>Sonntag, 30.Juli 2023  &#8211;    17:00 &#8211; 23:00 Uhr<\/strong><\/p>\n\n\n\n<p>Ein Highlight vor der Sommerpause:  die Ausstellung ausgew\u00e4hlter gr\u00f6sserer und kleinerer Kunstwerke verschiedener K\u00fcnstler und K\u00fcnstlerinnen, die von der Gallery Puzic\u0301 vertreten werden. Die Zusammenstellung von Werken internationaler und regionaler K\u00fcnstlerinnen, besonders im Wechselspiel zwischen ost- und westeurop\u00e4ischen Perspektiven und Positionen, bezeugt das aufregende, anspruchsvolle Programmspektrum der jungen Gallery Puzic\u0301<\/p>\n\n\n\n<p>Dieses besondere Ausstellungsevent, das von jetzt an dreimal j\u00e4hrlich stattfinden wird, l\u00e4dt Kunstliebhaber und Sammler herzlich ein, sich spontan f\u00fcr ein Gem\u00e4lde oder eine Skulptur zu entscheiden bzw auch an einer \u00absilent auction\u00bb teilzunehmen.<\/p>\n\n\n\n<p>An diesem Abend wird es ausserdem ein Wine-Tasting geben, gesponsort von der Saarbr\u00fccker Firma WineBridge (<a href=\"http:\/\/www.winebridge.de\">http:\/\/www.winebridge.de<\/a>) sowie kurze moderierte Gespr\u00e4che \u00fcber Kunst und Musik.<span style=\"text-decoration: underline;\"><\/span><span style=\"text-decoration: underline;\"><\/span><span style=\"text-decoration: underline;\"><\/span><span style=\"text-decoration: underline;\"><\/span><\/p>\n\n\n\n<p> <img loading=\"lazy\" decoding=\"async\" width=\"150\" height=\"224\" class=\"wp-image-1518\" style=\"width: 150px;\" src=\"https:\/\/gallery-puzic.com\/wp-content\/uploads\/2023\/08\/Andre-Mailaender-_-ReNatur2-_-Motiv2-aus-Kuenstlerbuch-Woven-Places-Green-Facility-2020-Chromogenic-print-Diasec-Face-150x100cm.jpeg\" alt=\"\" srcset=\"https:\/\/gallery-puzic.com\/wp-content\/uploads\/2023\/08\/Andre-Mailaender-_-ReNatur2-_-Motiv2-aus-Kuenstlerbuch-Woven-Places-Green-Facility-2020-Chromogenic-print-Diasec-Face-150x100cm.jpeg 669w, https:\/\/gallery-puzic.com\/wp-content\/uploads\/2023\/08\/Andre-Mailaender-_-ReNatur2-_-Motiv2-aus-Kuenstlerbuch-Woven-Places-Green-Facility-2020-Chromogenic-print-Diasec-Face-150x100cm-201x300.jpeg 201w\" sizes=\"(max-width: 150px) 100vw, 150px\" \/> <img loading=\"lazy\" decoding=\"async\" width=\"210\" height=\"158\" class=\"wp-image-1514\" style=\"width: 210px;\" src=\"https:\/\/gallery-puzic.com\/wp-content\/uploads\/2023\/08\/Paksashvili-scaled.jpg\" alt=\"\" srcset=\"https:\/\/gallery-puzic.com\/wp-content\/uploads\/2023\/08\/Paksashvili-scaled.jpg 2560w, https:\/\/gallery-puzic.com\/wp-content\/uploads\/2023\/08\/Paksashvili-300x225.jpg 300w, https:\/\/gallery-puzic.com\/wp-content\/uploads\/2023\/08\/Paksashvili-1024x768.jpg 1024w, https:\/\/gallery-puzic.com\/wp-content\/uploads\/2023\/08\/Paksashvili-768x576.jpg 768w, https:\/\/gallery-puzic.com\/wp-content\/uploads\/2023\/08\/Paksashvili-1536x1152.jpg 1536w, https:\/\/gallery-puzic.com\/wp-content\/uploads\/2023\/08\/Paksashvili-2048x1536.jpg 2048w\" sizes=\"(max-width: 210px) 100vw, 210px\" \/> <img loading=\"lazy\" decoding=\"async\" width=\"215\" height=\"158\" class=\"wp-image-1517\" style=\"width: 215px;\" src=\"https:\/\/gallery-puzic.com\/wp-content\/uploads\/2023\/08\/Krenkel-Stickzeichnung-scaled.jpg\" alt=\"\" srcset=\"https:\/\/gallery-puzic.com\/wp-content\/uploads\/2023\/08\/Krenkel-Stickzeichnung-scaled.jpg 2560w, https:\/\/gallery-puzic.com\/wp-content\/uploads\/2023\/08\/Krenkel-Stickzeichnung-300x221.jpg 300w, https:\/\/gallery-puzic.com\/wp-content\/uploads\/2023\/08\/Krenkel-Stickzeichnung-1024x754.jpg 1024w, https:\/\/gallery-puzic.com\/wp-content\/uploads\/2023\/08\/Krenkel-Stickzeichnung-768x565.jpg 768w, https:\/\/gallery-puzic.com\/wp-content\/uploads\/2023\/08\/Krenkel-Stickzeichnung-1536x1131.jpg 1536w, https:\/\/gallery-puzic.com\/wp-content\/uploads\/2023\/08\/Krenkel-Stickzeichnung-2048x1508.jpg 2048w\" sizes=\"(max-width: 215px) 100vw, 215px\" \/><\/p>\n\n\n\n<p> <img loading=\"lazy\" decoding=\"async\" width=\"180\" height=\"264\" class=\"wp-image-1528\" style=\"width: 180px;\" src=\"https:\/\/gallery-puzic.com\/wp-content\/uploads\/2023\/08\/Bajilo-Jungle-100-x-70-cm-oil-on-canvas.jpg\" alt=\"\" srcset=\"https:\/\/gallery-puzic.com\/wp-content\/uploads\/2023\/08\/Bajilo-Jungle-100-x-70-cm-oil-on-canvas.jpg 1477w, https:\/\/gallery-puzic.com\/wp-content\/uploads\/2023\/08\/Bajilo-Jungle-100-x-70-cm-oil-on-canvas-204x300.jpg 204w, https:\/\/gallery-puzic.com\/wp-content\/uploads\/2023\/08\/Bajilo-Jungle-100-x-70-cm-oil-on-canvas-697x1024.jpg 697w, https:\/\/gallery-puzic.com\/wp-content\/uploads\/2023\/08\/Bajilo-Jungle-100-x-70-cm-oil-on-canvas-768x1128.jpg 768w, https:\/\/gallery-puzic.com\/wp-content\/uploads\/2023\/08\/Bajilo-Jungle-100-x-70-cm-oil-on-canvas-1046x1536.jpg 1046w, https:\/\/gallery-puzic.com\/wp-content\/uploads\/2023\/08\/Bajilo-Jungle-100-x-70-cm-oil-on-canvas-1395x2048.jpg 1395w\" sizes=\"(max-width: 180px) 100vw, 180px\" \/> <img loading=\"lazy\" decoding=\"async\" width=\"360\" height=\"255\" class=\"wp-image-1529\" style=\"width: 360px;\" src=\"https:\/\/gallery-puzic.com\/wp-content\/uploads\/2023\/08\/I-fail-to-see-10.jpg\" alt=\"\" srcset=\"https:\/\/gallery-puzic.com\/wp-content\/uploads\/2023\/08\/I-fail-to-see-10.jpg 700w, https:\/\/gallery-puzic.com\/wp-content\/uploads\/2023\/08\/I-fail-to-see-10-300x212.jpg 300w\" sizes=\"(max-width: 360px) 100vw, 360px\" \/> <\/p>\n\n\n\n<p>Das Spektrum der ausgestellten Kunst umschliesst Werke von:<\/p>\n\n\n\n<p class=\"has-vivid-red-color has-text-color\">Silke Br\u00f6sskamp<\/p>\n\n\n\n<p class=\"has-vivid-red-color has-text-color\">Matthias Brock<\/p>\n\n\n\n<p class=\"has-vivid-red-color has-text-color\">Gega Paksashvili <\/p>\n\n\n\n<p class=\"has-vivid-red-color has-text-color\">Kristina Bajilo<\/p>\n\n\n\n<p class=\"has-vivid-red-color has-text-color\">Ivan Koci\u0107 <\/p>\n\n\n\n<p class=\"has-vivid-red-color has-text-color\">O.W. Himmel&nbsp; &nbsp;<\/p>\n\n\n\n<p class=\"has-vivid-red-color has-text-color\">Katharina Krenkel<\/p>\n\n\n\n<p class=\"has-vivid-red-color has-text-color\">Andr\u00e9 Mail\u00e4nder<\/p>\n\n\n\n<p class=\"has-vivid-red-color has-text-color\">Repy<\/p>\n\n\n\n<p class=\"has-vivid-red-color has-text-color\">Judith Sturm<\/p>\n\n\n\n<p class=\"has-vivid-red-color has-text-color\">J\u00f6rg Munz<\/p>\n\n\n\n<p class=\"has-vivid-red-color has-text-color\">Ingrid Ullrich-Sch\u00e4fer<\/p>\n\n\n\n<p class=\"has-vivid-red-color has-text-color\">und Vera<em> <\/em>Loos<em> <\/em><\/p>\n\n\n\n<p class=\"has-vivid-red-color has-text-color\"><\/p>\n\n\n\n<p class=\"has-vivid-red-color has-text-color\"><img loading=\"lazy\" decoding=\"async\" width=\"300\" height=\"225\" class=\"wp-image-1523\" style=\"width: 300px;\" src=\"https:\/\/gallery-puzic.com\/wp-content\/uploads\/2023\/08\/Himmel-in-Raum-3-scaled.jpg\" alt=\"\" srcset=\"https:\/\/gallery-puzic.com\/wp-content\/uploads\/2023\/08\/Himmel-in-Raum-3-scaled.jpg 2560w, https:\/\/gallery-puzic.com\/wp-content\/uploads\/2023\/08\/Himmel-in-Raum-3-300x225.jpg 300w, https:\/\/gallery-puzic.com\/wp-content\/uploads\/2023\/08\/Himmel-in-Raum-3-1024x768.jpg 1024w, https:\/\/gallery-puzic.com\/wp-content\/uploads\/2023\/08\/Himmel-in-Raum-3-768x576.jpg 768w, https:\/\/gallery-puzic.com\/wp-content\/uploads\/2023\/08\/Himmel-in-Raum-3-1536x1152.jpg 1536w, https:\/\/gallery-puzic.com\/wp-content\/uploads\/2023\/08\/Himmel-in-Raum-3-2048x1536.jpg 2048w\" sizes=\"(max-width: 300px) 100vw, 300px\" \/> <img loading=\"lazy\" decoding=\"async\" width=\"300\" height=\"225\" class=\"wp-image-1524\" style=\"width: 300px;\" src=\"https:\/\/gallery-puzic.com\/wp-content\/uploads\/2023\/08\/Munz-Lanschaft-scaled.jpg\" alt=\"\" srcset=\"https:\/\/gallery-puzic.com\/wp-content\/uploads\/2023\/08\/Munz-Lanschaft-scaled.jpg 2560w, https:\/\/gallery-puzic.com\/wp-content\/uploads\/2023\/08\/Munz-Lanschaft-300x225.jpg 300w, https:\/\/gallery-puzic.com\/wp-content\/uploads\/2023\/08\/Munz-Lanschaft-1024x768.jpg 1024w, https:\/\/gallery-puzic.com\/wp-content\/uploads\/2023\/08\/Munz-Lanschaft-768x576.jpg 768w, https:\/\/gallery-puzic.com\/wp-content\/uploads\/2023\/08\/Munz-Lanschaft-1536x1152.jpg 1536w, https:\/\/gallery-puzic.com\/wp-content\/uploads\/2023\/08\/Munz-Lanschaft-2048x1536.jpg 2048w\" sizes=\"(max-width: 300px) 100vw, 300px\" \/><\/p>\n\n\n\n<p class=\"has-contrast-color has-text-color\">Die Fotografien des Abends vermitteln Impressionen der ausgestellten Werke und der Ambiente der Galerie an diesem besondern Abend, der im September wiederholt werden wird, diesmal als f\u00fcnft\u00e4gige Show &#8222;Viele Gr\u00fcnde&#8220; (12.-16. Sept), mit \u00dcberraschungen. <\/p>\n\n\n\n<p>Wer sich f\u00fcr die Werke der K\u00fcnstler:innen interessiert, kann gerne einen Besuchstermin w\u00e4hrend des Monats August mit Johannes Birringer vereinbaren (m: 0175 1630 154). Die Werklisten der ausgestellten K\u00fcnstler und K\u00fcnstlerinnen sind \u00fcber unsere Kontakt-email erh\u00e4ltlich. <\/p>\n\n\n\n<p class=\"has-small-font-size\">Foto credit: (c) 2023 J. Birringer<\/p>\n\n\n\n<p><\/p>","protected":false},"excerpt":{"rendered":"<p>Sonntag, 30.Juli 2023 &#8211; 17:00 &#8211; 23:00 Uhr Ein Highlight vor der Sommerpause: die Ausstellung ausgew\u00e4hlter gr\u00f6sserer und kleinerer Kunstwerke verschiedener K\u00fcnstler und K\u00fcnstlerinnen, die von der Gallery Puzic\u0301 vertreten werden. Die Zusammenstellung von Werken internationaler und regionaler K\u00fcnstlerinnen, besonders im Wechselspiel zwischen ost- und westeurop\u00e4ischen Perspektiven und Positionen, bezeugt das aufregende, anspruchsvolle Programmspektrum der [&hellip;]<\/p>\n","protected":false},"author":2,"featured_media":0,"parent":0,"menu_order":0,"comment_status":"closed","ping_status":"closed","template":"","meta":{"footnotes":""},"class_list":["post-1484","page","type-page","status-publish","hentry"],"_links":{"self":[{"href":"https:\/\/gallery-puzic.com\/en\/wp-json\/wp\/v2\/pages\/1484","targetHints":{"allow":["GET"]}}],"collection":[{"href":"https:\/\/gallery-puzic.com\/en\/wp-json\/wp\/v2\/pages"}],"about":[{"href":"https:\/\/gallery-puzic.com\/en\/wp-json\/wp\/v2\/types\/page"}],"author":[{"embeddable":true,"href":"https:\/\/gallery-puzic.com\/en\/wp-json\/wp\/v2\/users\/2"}],"replies":[{"embeddable":true,"href":"https:\/\/gallery-puzic.com\/en\/wp-json\/wp\/v2\/comments?post=1484"}],"version-history":[{"count":18,"href":"https:\/\/gallery-puzic.com\/en\/wp-json\/wp\/v2\/pages\/1484\/revisions"}],"predecessor-version":[{"id":1572,"href":"https:\/\/gallery-puzic.com\/en\/wp-json\/wp\/v2\/pages\/1484\/revisions\/1572"}],"wp:attachment":[{"href":"https:\/\/gallery-puzic.com\/en\/wp-json\/wp\/v2\/media?parent=1484"}],"curies":[{"name":"wp","href":"https:\/\/api.w.org\/{rel}","templated":true}]}}