{"id":1325,"date":"2023-06-22T16:59:08","date_gmt":"2023-06-22T16:59:08","guid":{"rendered":"https:\/\/gallery-puzic.com\/?page_id=1325"},"modified":"2023-06-22T16:59:09","modified_gmt":"2023-06-22T16:59:09","slug":"im-osten-nichts-neues-film-evening","status":"publish","type":"page","link":"https:\/\/gallery-puzic.com\/en\/im-osten-nichts-neues-film-evening\/","title":{"rendered":"Im Osten nichts Neues &#8211; film evening"},"content":{"rendered":"<p class=\"has-luminous-vivid-amber-color has-text-color\"><em><strong>at the closing night\/Finissage, 9 July, 2023, at 17:00 <\/strong><\/em><\/p>\n\n\n\n<p class=\"has-luminous-vivid-amber-color has-text-color\"><strong><em>Admission is free<\/em><\/strong><\/p>\n\n\n\n<p>The exhibited works of the show \u201cNothing New in the East,\u201d particularly Gega Paksashvili&#8217;s \u201cYellow\u201d series, speak to us with their own provocative language; the photographs, graphic prints, paintings and objects by Kristina Bajilo, Alina Panasenko, Mensud Ke\u010do, and Esad Puzi\u0107 are complemented by the media installation by Gordana Novakovi\u0107, which offers a fascinating look back at the beginnings of media and computer-aided electronic art in the former Yugoslavia ( 1989-1991), as well as film screenings on the last Sunday of the exhibition:<\/p>\n\n\n\n<p><\/p>\n\n\n\n<p>(1)\u00a0<em><strong>Wormwood Maria,<\/strong><\/em> by Rastko Novakovi\u0107 &amp;\u00a0Beatri\u010d\u0117 Bukantyt\u0117<\/p>\n\n\n\n<p><img fetchpriority=\"high\" decoding=\"async\" width=\"700\" height=\"396\" class=\"wp-image-1270\" style=\"width: 700px;\" src=\"https:\/\/gallery-puzic.com\/wp-content\/uploads\/2023\/06\/Wormwood-Maria-2.png\" alt=\"\" srcset=\"https:\/\/gallery-puzic.com\/wp-content\/uploads\/2023\/06\/Wormwood-Maria-2.png 2862w, https:\/\/gallery-puzic.com\/wp-content\/uploads\/2023\/06\/Wormwood-Maria-2-300x170.png 300w, https:\/\/gallery-puzic.com\/wp-content\/uploads\/2023\/06\/Wormwood-Maria-2-1024x580.png 1024w, https:\/\/gallery-puzic.com\/wp-content\/uploads\/2023\/06\/Wormwood-Maria-2-768x435.png 768w, https:\/\/gallery-puzic.com\/wp-content\/uploads\/2023\/06\/Wormwood-Maria-2-1536x870.png 1536w, https:\/\/gallery-puzic.com\/wp-content\/uploads\/2023\/06\/Wormwood-Maria-2-2048x1160.png 2048w\" sizes=\"(max-width: 700px) 100vw, 700px\" \/><\/p>\n\n\n\n<p>(2) Zwei Kurzfilme aus dem Projekt\u00a0<em><strong>Into myPlanet (Martian, Jupiterian)<\/strong>\u00a0<\/em>der transrealistischen K\u00fcnstlerin Armine Vosganian.<\/p>\n\n\n\n<p class=\"has-small-font-size\"><img decoding=\"async\" width=\"750\" height=\"407\" class=\"wp-image-1269\" style=\"width: 750px;\" src=\"https:\/\/gallery-puzic.com\/wp-content\/uploads\/2023\/06\/Into-myPlanet_Martian.png\" alt=\"\" srcset=\"https:\/\/gallery-puzic.com\/wp-content\/uploads\/2023\/06\/Into-myPlanet_Martian.png 2783w, https:\/\/gallery-puzic.com\/wp-content\/uploads\/2023\/06\/Into-myPlanet_Martian-300x163.png 300w, https:\/\/gallery-puzic.com\/wp-content\/uploads\/2023\/06\/Into-myPlanet_Martian-1024x556.png 1024w, https:\/\/gallery-puzic.com\/wp-content\/uploads\/2023\/06\/Into-myPlanet_Martian-768x417.png 768w, https:\/\/gallery-puzic.com\/wp-content\/uploads\/2023\/06\/Into-myPlanet_Martian-1536x834.png 1536w, https:\/\/gallery-puzic.com\/wp-content\/uploads\/2023\/06\/Into-myPlanet_Martian-2048x1112.png 2048w\" sizes=\"(max-width: 750px) 100vw, 750px\" \/><\/p>\n\n\n\n<p class=\"has-small-font-size\">Short description of the film artworks:<\/p>\n\n\n\n<p class=\"has-small-font-size\">(1)\u00a0<strong>Wormwood Maria<\/strong>\u00a0(Pelyno Marija)<\/p>\n\n\n\n<p class=\"has-small-font-size\">&#8222;Wormwood Maria&#8220; is based around two monologues of confrontation. In a charged Lithuanian landscape, a man remembers his past desires, vagabond journeys and betrayals from the 1930s and 1940s. Nearby, a young girl confronts the statue of the Virgin Mary with dreams, songs and injustices from the past.<\/p>\n\n\n\n<p class=\"has-small-font-size\"><strong>Directors&#8216; Statement<\/strong><\/p>\n\n\n\n<p class=\"has-small-font-size\">\u201cWormwood Maria\u201d (Pelyno Marija) is a response to the landscape and history of the small town of Luok\u0117 in Lithuania. Each location filmed is a site of remembrance: the massacres of local Jews in the 1940s, the graves of partisans killed in the 1940s and 1950s and victims of World War II. Also featured is the churchyard of Luok\u0117\u2019s Church of All Saints, which is one of the oldest Catholic churches in Lithuania, established in 1416. We were equally interested in how this landscape shows itself in the present: everyday village life and the life of plants and animals at the height of summer. The way the horizon divides the landscape and the movement of the sun and moon were as important to us as the human domain. Two unnamed figures, a man and a young girl each perform monologues which cut across the violent history and sensory richness of the landscape.<\/p>\n\n\n\n<p class=\"has-small-font-size\">We worked with three translators to render the writing of Dante Alighieri, Jean Genet and the Yugoslav surrealist Aleksandar Vu\u010do into Lithuanian. These texts together form a texture which moves between our everyday observations, via old local rhymes to Dante\u2019s moral questions. Genet\u2019s interrogation of bourgeois and christian morality is placed side-by-side with the poetic memoirs of a surrealist during his time in a Nazi concentration camp. In this way, layers of thought, emotion and European history from the last 700 years are brought into coexistence in Lithuanian, in Lithuania.<\/p>\n\n\n\n<p class=\"has-small-font-size\">The two performers bring their lilt, gait and simple gestures to the staging. It was important to record sound at the same time as the images &#8211; in this way the performers were able to interact and coexist with the richness of their surroundings. The performers do not attempt to create characters, but recite and follow Bertolt Brecht&#8217;s advice: &#8222;Instead of wanting to create an impression that he is improvising, the actor should rather show what the truth is: he is quoting.&#8220; Brecht\u2019s work on \u2018estrangement\u2019 and his advice for utilising irregular rhythms in the actors\u2019 diction were useful to us in inviting a questioning and open response in the audience. Also important were his ideas on epic theatre, one which is not based on plot and linear development, but put more value in telling and a collage approach.<\/p>\n\n\n\n<p class=\"has-small-font-size\"><strong>Biographies<\/strong><\/p>\n\n\n\n<p class=\"has-small-font-size\">Beatri\u010d\u0117 Bukantyt\u0117 is an artist whose practice spans across fields of experimental performance, film and photography. Informed by philosophy &amp; practice of butoh, techniques of voice &amp; dance improvisation, it can be approached as a process and practice-based study into questions of autonomy, identity, creativity and transformation. Often working collaboratively, her practice also expands to organization and facilitation of events, workshops and teaching.<\/p>\n\n\n\n<p class=\"has-small-font-size\"><br>Rastko Novakovi\u0107 is an artist, filmmaker, curator, mainly working with<br>the moving image. His practice is collaborative and over the years he<br>has completed over 60 moving image works, ranging from 1 minute lyrical<br>films, via campaigning films, music videos, multi-platform videos,<br>outdoors installations to feature-length films. His work explores the<br>recurrent themes of memory, landscape, the poetics of everyday life,<br>social justice.<\/p>\n\n\n\n<p><\/p>\n\n\n\n<p>(2) <strong>Into myPlanet<\/strong>, directed by Armine Vosganian<\/p>\n\n\n\n<p class=\"has-small-font-size\"><em><strong>Martian<\/strong>,<\/em>\u00a0 9\u201907\u201d\u00a0<\/p>\n\n\n\n<p class=\"has-small-font-size\"><strong><em>Martian <\/em><\/strong>presents real footage from Mars combined with 3D animation of celestial elements, hindu symbols and Greek ruins that reminds us of god Ares ( Vlad&nbsp; Troncea)&nbsp; and the force of war. &nbsp;We don\u2019t see him fighting with anyone, but himself. He is alone and his inner conflicts burst and he struggles to find peace.<\/p>\n\n\n\n<p class=\"has-small-font-size\"><strong><em>Jupiterian<\/em>,<\/strong> 9\u201945\u201d<\/p>\n\n\n\n<p class=\"has-small-font-size\"><strong><em>Jupiterian<\/em><\/strong> is a visual parallel to the creation of the Earth inspired maily from the Hindu legend. Vishnu, the Blue god who dreamt of the Universe while resting on Shesha Naga, the celestial snake. The planet &nbsp;Jupiter is related with Vishnu, but we see god Zeus, as well, because he has full authority on humans. The second character is Mother Earth.<\/p>\n\n\n\n<p class=\"has-small-font-size\">These two experimental short films are part of the Into myPlanet project,\u00a0 multimedia show for electronic realm, video mapping design and dance- represents a complex opus by the composer Mihaela Vosganian. The music is inspired by kabbalistic philosophy, actual sounds of planets transcoded by NASA and Hindu mantras. Both pieces intertwine visual elements from Hinduism such as chackra symbols, ancient Greek characters and planets.<\/p>\n\n\n\n<p class=\"has-small-font-size\"><strong>Biography<\/strong><\/p>\n\n\n\n<p class=\"has-small-font-size\">Armine Vosganian is a Romanian- Armenian actress and film director. She has graduated from both Theatre Acting and Film Directing in 2014 at National University of Theatrical Arts and Cinematography in Bucharest, Romania and continued her education at London Film School for an MA filmmaking program and had become a doctor in Cinema and Media Studies.<\/p>\n\n\n\n<p class=\"has-small-font-size\">She has written and directed several fiction films and adapted her father\u2019s novels (Varujan Vosganian and her mother\u2019s musical operas (Mihaela Vosganian) on screen and international stages. She is the co-founder of Rampa theatre and one of the pioneers of Romanian telematic theatre, being introduced to it by theatre director Marina&nbsp;Hanganu. At the moment, Armine&nbsp;is documenting the Armenian Diaspora through cinema.<\/p>","protected":false},"excerpt":{"rendered":"<p>at the closing night\/Finissage, 9 July, 2023, at 17:00 Admission is free The exhibited works of the show \u201cNothing New in the East,\u201d particularly Gega Paksashvili&#8217;s \u201cYellow\u201d series, speak to us with their own provocative language; the photographs, graphic prints, paintings and objects by Kristina Bajilo, Alina Panasenko, Mensud Ke\u010do, and Esad Puzi\u0107 are complemented [&hellip;]<\/p>\n","protected":false},"author":2,"featured_media":0,"parent":0,"menu_order":0,"comment_status":"closed","ping_status":"closed","template":"","meta":{"footnotes":""},"class_list":["post-1325","page","type-page","status-publish","hentry"],"_links":{"self":[{"href":"https:\/\/gallery-puzic.com\/en\/wp-json\/wp\/v2\/pages\/1325","targetHints":{"allow":["GET"]}}],"collection":[{"href":"https:\/\/gallery-puzic.com\/en\/wp-json\/wp\/v2\/pages"}],"about":[{"href":"https:\/\/gallery-puzic.com\/en\/wp-json\/wp\/v2\/types\/page"}],"author":[{"embeddable":true,"href":"https:\/\/gallery-puzic.com\/en\/wp-json\/wp\/v2\/users\/2"}],"replies":[{"embeddable":true,"href":"https:\/\/gallery-puzic.com\/en\/wp-json\/wp\/v2\/comments?post=1325"}],"version-history":[{"count":1,"href":"https:\/\/gallery-puzic.com\/en\/wp-json\/wp\/v2\/pages\/1325\/revisions"}],"predecessor-version":[{"id":1326,"href":"https:\/\/gallery-puzic.com\/en\/wp-json\/wp\/v2\/pages\/1325\/revisions\/1326"}],"wp:attachment":[{"href":"https:\/\/gallery-puzic.com\/en\/wp-json\/wp\/v2\/media?parent=1325"}],"curies":[{"name":"wp","href":"https:\/\/api.w.org\/{rel}","templated":true}]}}