{"id":1308,"date":"2023-06-22T15:28:12","date_gmt":"2023-06-22T15:28:12","guid":{"rendered":"https:\/\/gallery-puzic.com\/?page_id=1308"},"modified":"2023-06-22T15:28:13","modified_gmt":"2023-06-22T15:28:13","slug":"invitation-a-lest-rien-de-nouveau","status":"publish","type":"page","link":"https:\/\/gallery-puzic.com\/en\/invitation-a-lest-rien-de-nouveau\/","title":{"rendered":"Invitation: &#8222;A l\u2019est rien de nouveau&#8220;"},"content":{"rendered":"<p><\/p>\n\n\n\n<p> <img fetchpriority=\"high\" decoding=\"async\" width=\"450\" height=\"321\" class=\"wp-image-1186\" style=\"width: 450px;\" src=\"https:\/\/gallery-puzic.com\/wp-content\/uploads\/2023\/06\/Gega-Paksashvili-Satisfaction.png\" alt=\"Gallery Puzic - Gega Paksashvili\" srcset=\"https:\/\/gallery-puzic.com\/wp-content\/uploads\/2023\/06\/Gega-Paksashvili-Satisfaction.png 443w, https:\/\/gallery-puzic.com\/wp-content\/uploads\/2023\/06\/Gega-Paksashvili-Satisfaction-300x214.png 300w\" sizes=\"(max-width: 450px) 100vw, 450px\" \/><\/p>\n\n\n\n<p class=\"has-small-font-size\"><em>communiqu\u00e9 de presse &#8211; fran\u00e7ais<\/em><\/p>\n\n\n\n<p><strong>Vernissage \u2013 mardi 13 juin<\/strong>, \u00e0 partir de 18h, avec des \u0153uvres multim\u00e9dias de Gega Paksashvili, Kristina Bajilo, Alina Panasenko, Mensud Ke\u010do, Esad Puzi\u0107, Gordana Novakovi\u0107, Rastko Novakovi\u0107\/Beatri\u010d\u0117 Bukantyt\u0117, et Armine Vosganian, ainsi qu&#8217;un fragment d&#8217;un roman d&#8217;Aka Mortschiladze (r\u00e9cit\u00e9 par Irakli Rukhadze), avec concert d&#8217;ouverture (Grigor Asmaryan, Artur Kurghinyan)<\/p>\n\n\n\n<p><strong>2e concert, mercredi 14 juin<\/strong>, \u00e0 partir de 19h (musique de G\u00e9orgie et d&#8217;Arm\u00e9nie, avec Tamara Meshvelischvili, violon et chant ; Paul Gurti, piano ; Dali Zimmermann, chant ;<\/p>\n\n\n\n<p>Artur Kurghinyan, violon; Grigory Meshvelishvili, Grigor Asmaryan, piano)<\/p>\n\n\n\n<p><strong>3e concert, jeudi 15 juin<\/strong>, \u00e0 partir de 19h (compositeurs allemands, avec Max Bruch Trio)<\/p>\n\n\n\n<p>Dur\u00e9e de l&#8217;exposition : 13 juin 2023 \u2013 11 juillet 2023<\/p>\n\n\n\n<p>Johannis Strasse 3A, 66111 Sarrebruck<\/p>\n\n\n\n<p>La galerie Puzi\u0107 vous invite cordialement au vernissage avec des \u0153uvres multim\u00e9dias de divers artistes d&#8217;Europe de l&#8217;Est, combin\u00e9 \u00e0 un festival de musique de trois jours, qui se d\u00e9roule les soirs des 13, 14 et 15 juin dans les salles de la galerie.<\/p>\n\n\n\n<p><em>A l\u2019est rien de nouveau<\/em> ne met un point d&#8217;exclamation derri\u00e8re les questions \u00abO\u00f9 est la patrie\u00bb, \u00abO\u00f9 est la guerre\u00bb, &nbsp;\u00abQuelle ligne rouge traverse l&#8217;histoire des peuples\u00bb, &nbsp;\u00abQu&#8217;est-ce qu&#8217;un milieu migratoire\u00bb, &nbsp;\u00abY a-t-il une langue du soleil\u00bb, &nbsp;\u00abQue signifie vivre la guerre\u00bb&#8230;<\/p>\n\n\n\n<p>Les diverses \u0153uvres et performances de cette exp\u00e9rience artistique de la galerie appellent \u00e0 questionner les langages humains et les formes d&#8217;expression en tous points au regard de leurs possibilit\u00e9s et de leurs limites, afin de d\u00e9passer l&#8217;apparente contradiction (l&#8217;Est de l&#8217;Ouest ?) qui nous \u00e9claire \u00e0 plusieurs reprises dans la compr\u00e9hension et la traduction, c&#8217;est-\u00e0-dire l&#8217;incompr\u00e9hension \u2013&nbsp; Walter Benjamin a parl\u00e9 \u201ede la t\u00e2che du traducteur\u201c, &nbsp;en direction de l\u2019intraduisible.<\/p>\n\n\n\n<p>L&#8217;\u00e9crivain bosniaque r\u00e9cemment d\u00e9c\u00e9d\u00e9 D\u017eevad Karahasan a \u00e9crit pendant le si\u00e8ge de Sarajevo et avant que la ville ne soit en grande partie d\u00e9truite : &#8222;Je me suis tu et j&#8217;ai ressenti une froideur insens\u00e9e, probablement quelque chose en moi s&#8217;\u00e9tait rendu compte qu&#8217;un monde avait \u00e9t\u00e9 an\u00e9anti, le seul que je connu et habit\u00e9&#8220; (<em>Le confort du ciel nocturne<\/em>).<\/p>\n\n\n\n<p><em>A l\u2019est rien de nouveau<\/em> rappelle la m\u00e9moire attaqu\u00e9e, troubl\u00e9e, mais aussi <em>umut <\/em>(l&#8217;espoir), peut-\u00eatre de la consolation, ainsi que les humeurs macabres et l&#8217;humour noir, la volont\u00e9 de survivre. Les \u0153uvres expos\u00e9es, notamment la s\u00e9rie \u00ab Yellow \u00bb de Gega Paksashvili, nous parlent dans leur propre langue ; les photographies, gravures graphiques, peintures et objets de Kristina Bajilo, Alina Panasenko, Mensud Ke\u010do et Esad Puzi\u0107 sont compl\u00e9t\u00e9s par l&#8217;installation m\u00e9diatique de Gordana Novakovi\u0107 et une projection de film, <em>Wormwood Maria<\/em>, de Rastko Novakovi\u0107 &amp; Beatri\u010d\u0117 Bukantyt\u0117. ainsi que deux courts m\u00e9trages, <em>Into myPlanet (Martian, Jupiterian<\/em>), de l&#8217;artiste transr\u00e9aliste Asmine Vosganian Une lecture du roman d&#8217;Aka Mortschiladze <em>Les Chiens de la rue Paliaschvili<\/em> (traduit par Irakli Rukhadze) fait \u00e9galement partie de l&#8217;ouverture, tout comme l&#8217;extraordinaire programme de concerts de musique, con\u00e7u et dirig\u00e9 par Grigor Asmaryan avec des musiciens invit\u00e9s.<\/p>\n\n\n\n<p>Nous attendons votre visite.<\/p>","protected":false},"excerpt":{"rendered":"<p>communiqu\u00e9 de presse &#8211; fran\u00e7ais Vernissage \u2013 mardi 13 juin, \u00e0 partir de 18h, avec des \u0153uvres multim\u00e9dias de Gega Paksashvili, Kristina Bajilo, Alina Panasenko, Mensud Ke\u010do, Esad Puzi\u0107, Gordana Novakovi\u0107, Rastko Novakovi\u0107\/Beatri\u010d\u0117 Bukantyt\u0117, et Armine Vosganian, ainsi qu&#8217;un fragment d&#8217;un roman d&#8217;Aka Mortschiladze (r\u00e9cit\u00e9 par Irakli Rukhadze), avec concert d&#8217;ouverture (Grigor Asmaryan, Artur Kurghinyan) [&hellip;]<\/p>\n","protected":false},"author":2,"featured_media":0,"parent":0,"menu_order":0,"comment_status":"closed","ping_status":"closed","template":"","meta":{"footnotes":""},"class_list":["post-1308","page","type-page","status-publish","hentry"],"_links":{"self":[{"href":"https:\/\/gallery-puzic.com\/en\/wp-json\/wp\/v2\/pages\/1308","targetHints":{"allow":["GET"]}}],"collection":[{"href":"https:\/\/gallery-puzic.com\/en\/wp-json\/wp\/v2\/pages"}],"about":[{"href":"https:\/\/gallery-puzic.com\/en\/wp-json\/wp\/v2\/types\/page"}],"author":[{"embeddable":true,"href":"https:\/\/gallery-puzic.com\/en\/wp-json\/wp\/v2\/users\/2"}],"replies":[{"embeddable":true,"href":"https:\/\/gallery-puzic.com\/en\/wp-json\/wp\/v2\/comments?post=1308"}],"version-history":[{"count":2,"href":"https:\/\/gallery-puzic.com\/en\/wp-json\/wp\/v2\/pages\/1308\/revisions"}],"predecessor-version":[{"id":1311,"href":"https:\/\/gallery-puzic.com\/en\/wp-json\/wp\/v2\/pages\/1308\/revisions\/1311"}],"wp:attachment":[{"href":"https:\/\/gallery-puzic.com\/en\/wp-json\/wp\/v2\/media?parent=1308"}],"curies":[{"name":"wp","href":"https:\/\/api.w.org\/{rel}","templated":true}]}}